{"id":78364,"date":"2026-04-26T09:06:36","date_gmt":"2026-04-26T09:06:36","guid":{"rendered":""},"modified":"2026-04-26T09:06:36","modified_gmt":"2026-04-26T09:06:36","slug":"abb-3901h-a05510-66-levit-ramecek-jednonasobny-s-otvorem-55x55-oranzova-kourova-cerna-znackovy-78364","status":"publish","type":"product","link":"https:\/\/www.domtechnikpro.com\/produkt\/abb-3901h-a05510-66-levit-ramecek-jednonasobny-s-otvorem-55x55-oranzova-kourova-cerna-znackovy-78364\/","title":{"rendered":"ABB 3901H-A05510 66 LEVIT R\u00e1me\u010dek jednon\u00e1sobn\u00fd s otvorem 55&#215;55 oran\u017eov\u00e1\/kou\u0159ov\u00e1 \u010dern\u00e1 Zna\u010dkov\u00fd"},"content":{"rendered":"<div id=\"e9114631\" class=\"pages\">\n<div id=\"PDDescription\" class=\"UserContentView userContent v1a v1 bs-view dcon dc150 PDDescription\" >\n<h2><span style=\"color: #007980;\">R\u00e1me\u010dek jednon\u00e1sobn\u00fd s otvorem 55&#215;55 LEVIT oran\u017eov\u00e1\/kou\u0159ov\u00e1 \u010dern\u00e1<\/span><\/h2>\n<p><span style=\"font-size: 100%;\">Nutn\u00e9 v p\u0159\u00edpad\u011b pou\u017eit\u00ed krytu 3299H-A40100 .., 3299H-A40200 .. (tj. pro zesilova\u010d s tunerem FM, r\u00e1dio internetov\u00e9 Busch-iNet, p\u0159\u00edstroj\u00a0\u010dasova\u010de Busch-Timer\u00ae nebo ovlada\u010d \u010dasovac\u00ed komfortn\u00ed Busch-Timer\u00ae).<\/span><\/p>\n<p><span style=\"font-size: 12px;\"><strong><span style=\"font-size: small;\">Design:<\/span><\/strong> Levit\u00ae<\/span><\/p>\n<div id=\"PDTable3\" class=\"ProductDetailTableView v3a v3 bs-view dcon dc175 PDTable3\" >\n<table>\n<thead><\/thead>\n<tbody>\n<tr class=\"attribute attr_bsshop_maker\">\n<td class=\"caption\">V\u00fdrobce<\/td>\n<td class=\"value\">ABB<\/td>\n<\/tr>\n<tr class=\"attribute attr_Barva\">\n<td class=\"caption\">Barva<\/td>\n<td class=\"value\">oran\u017eov\u00e1 \/ kou\u0159ov\u00e1 \u010dern\u00e1<\/td>\n<\/tr>\n<\/tbody>\n<\/table><\/div>\n<\/div>\n<\/div>\n<div id=\"e9114632\" class=\"tabs\">\n","protected":false},"excerpt":{"rendered":"<p>R\u00e1me\u010dek jednon\u00e1sobn\u00fd s otvorem 55&#215;55 LEVIT oran\u017eov\u00e1\/kou\u0159ov\u00e1 \u010dern\u00e1 Nutn\u00e9 v p\u0159\u00edpad\u011b pou\u017eit\u00ed krytu 3299H-A40100 .., 3299H-A40200 .. (tj. pro zesilova\u010d s tunerem FM, r\u00e1dio internetov\u00e9 Busch-iNet, p\u0159\u00edstroj\u00a0\u010dasova\u010de Busch-Timer\u00ae nebo ovlada\u010d \u010dasovac\u00ed komfortn\u00ed Busch-Timer\u00ae). Design: Levit\u00ae V\u00fdrobce ABB Barva oran\u017eov\u00e1 \/ kou\u0159ov\u00e1 \u010dern\u00e1<\/p>\n","protected":false},"featured_media":78459,"comment_status":"open","ping_status":"open","template":"","meta":[],"product_brand":[],"product_cat":[43],"product_tag":[],"class_list":{"0":"post-78364","1":"product","2":"type-product","3":"status-publish","4":"has-post-thumbnail","6":"product_cat-vyp-237-nace-a-z-225-suvky","8":"first","9":"instock","10":"sale","11":"shipping-taxable","12":"purchasable","13":"product-type-simple"},"yoast_head":"<!-- This site is optimized with the Yoast SEO plugin v26.8 - https:\/\/yoast.com\/product\/yoast-seo-wordpress\/ -->\n<title>ABB 3901H-A05510 66 LEVIT R\u00e1me\u010dek jednon\u00e1sobn\u00fd s otvorem 55x55 oran\u017eov\u00e1\/kou\u0159ov\u00e1 \u010dern\u00e1 Zna\u010dkov\u00fd - Pr\u016fmyslov\u00e9 vybaven\u00ed a p\u0159\u00edslu\u0161enstv\u00ed<\/title>\n<meta name=\"robots\" content=\"index, follow, max-snippet:-1, max-image-preview:large, max-video-preview:-1\" \/>\n<link rel=\"canonical\" href=\"https:\/\/www.domtechnikpro.com\/index.php\/produkt\/abb-3901h-a05510-66-levit-ramecek-jednonasobny-s-otvorem-55x55-oranzova-kourova-cerna-znackovy-78364\/\" \/>\n<meta property=\"og:locale\" content=\"cs_CZ\" \/>\n<meta property=\"og:type\" content=\"article\" \/>\n<meta property=\"og:title\" content=\"ABB 3901H-A05510 66 LEVIT R\u00e1me\u010dek jednon\u00e1sobn\u00fd s otvorem 55x55 oran\u017eov\u00e1\/kou\u0159ov\u00e1 \u010dern\u00e1 Zna\u010dkov\u00fd - Pr\u016fmyslov\u00e9 vybaven\u00ed a p\u0159\u00edslu\u0161enstv\u00ed\" \/>\n<meta property=\"og:description\" content=\"R\u00e1me\u010dek jednon\u00e1sobn\u00fd s otvorem 55&#215;55 LEVIT oran\u017eov\u00e1\/kou\u0159ov\u00e1 \u010dern\u00e1 Nutn\u00e9 v p\u0159\u00edpad\u011b pou\u017eit\u00ed krytu 3299H-A40100 .., 3299H-A40200 .. (tj. pro zesilova\u010d s tunerem FM, r\u00e1dio internetov\u00e9 Busch-iNet, p\u0159\u00edstroj\u00a0\u010dasova\u010de Busch-Timer\u00ae nebo ovlada\u010d \u010dasovac\u00ed komfortn\u00ed Busch-Timer\u00ae). Design: Levit\u00ae V\u00fdrobce ABB Barva oran\u017eov\u00e1 \/ kou\u0159ov\u00e1 \u010dern\u00e1\" \/>\n<meta property=\"og:url\" content=\"https:\/\/www.domtechnikpro.com\/index.php\/produkt\/abb-3901h-a05510-66-levit-ramecek-jednonasobny-s-otvorem-55x55-oranzova-kourova-cerna-znackovy-78364\/\" \/>\n<meta property=\"og:site_name\" content=\"Pr\u016fmyslov\u00e9 vybaven\u00ed a p\u0159\u00edslu\u0161enstv\u00ed\" \/>\n<meta property=\"og:image\" content=\"https:\/\/www.domtechnikpro.com\/wp-content\/uploads\/2026\/SK0003061-CZ20260425-091623-0-1777079785-abb-3901h-a05510-66-levit-ramecek-jednonasobny-s-otvorem-55.webp\" \/>\n\t<meta property=\"og:image:width\" content=\"1000\" \/>\n\t<meta property=\"og:image:height\" content=\"525\" \/>\n\t<meta property=\"og:image:type\" content=\"image\/webp\" \/>\n<meta name=\"twitter:card\" content=\"summary_large_image\" \/>\n<script type=\"application\/ld+json\" class=\"yoast-schema-graph\">{\"@context\":\"https:\/\/schema.org\",\"@graph\":[{\"@type\":\"WebPage\",\"@id\":\"https:\/\/www.domtechnikpro.com\/index.php\/produkt\/abb-3901h-a05510-66-levit-ramecek-jednonasobny-s-otvorem-55x55-oranzova-kourova-cerna-znackovy-78364\/\",\"url\":\"https:\/\/www.domtechnikpro.com\/index.php\/produkt\/abb-3901h-a05510-66-levit-ramecek-jednonasobny-s-otvorem-55x55-oranzova-kourova-cerna-znackovy-78364\/\",\"name\":\"ABB 3901H-A05510 66 LEVIT R\u00e1me\u010dek jednon\u00e1sobn\u00fd s otvorem 55x55 oran\u017eov\u00e1\/kou\u0159ov\u00e1 \u010dern\u00e1 Zna\u010dkov\u00fd - Pr\u016fmyslov\u00e9 vybaven\u00ed a p\u0159\u00edslu\u0161enstv\u00ed\",\"isPartOf\":{\"@id\":\"https:\/\/www.domtechnikpro.com\/#website\"},\"primaryImageOfPage\":{\"@id\":\"https:\/\/www.domtechnikpro.com\/index.php\/produkt\/abb-3901h-a05510-66-levit-ramecek-jednonasobny-s-otvorem-55x55-oranzova-kourova-cerna-znackovy-78364\/#primaryimage\"},\"image\":{\"@id\":\"https:\/\/www.domtechnikpro.com\/index.php\/produkt\/abb-3901h-a05510-66-levit-ramecek-jednonasobny-s-otvorem-55x55-oranzova-kourova-cerna-znackovy-78364\/#primaryimage\"},\"thumbnailUrl\":\"https:\/\/www.domtechnikpro.com\/wp-content\/uploads\/2026\/SK0003061-CZ20260425-091623-0-1777079785-abb-3901h-a05510-66-levit-ramecek-jednonasobny-s-otvorem-55.webp\",\"datePublished\":\"2026-04-26T09:06:36+00:00\",\"breadcrumb\":{\"@id\":\"https:\/\/www.domtechnikpro.com\/index.php\/produkt\/abb-3901h-a05510-66-levit-ramecek-jednonasobny-s-otvorem-55x55-oranzova-kourova-cerna-znackovy-78364\/#breadcrumb\"},\"inLanguage\":\"cs\",\"potentialAction\":[{\"@type\":\"ReadAction\",\"target\":[\"https:\/\/www.domtechnikpro.com\/index.php\/produkt\/abb-3901h-a05510-66-levit-ramecek-jednonasobny-s-otvorem-55x55-oranzova-kourova-cerna-znackovy-78364\/\"]}]},{\"@type\":\"ImageObject\",\"inLanguage\":\"cs\",\"@id\":\"https:\/\/www.domtechnikpro.com\/index.php\/produkt\/abb-3901h-a05510-66-levit-ramecek-jednonasobny-s-otvorem-55x55-oranzova-kourova-cerna-znackovy-78364\/#primaryimage\",\"url\":\"https:\/\/www.domtechnikpro.com\/wp-content\/uploads\/2026\/SK0003061-CZ20260425-091623-0-1777079785-abb-3901h-a05510-66-levit-ramecek-jednonasobny-s-otvorem-55.webp\",\"contentUrl\":\"https:\/\/www.domtechnikpro.com\/wp-content\/uploads\/2026\/SK0003061-CZ20260425-091623-0-1777079785-abb-3901h-a05510-66-levit-ramecek-jednonasobny-s-otvorem-55.webp\",\"width\":1000,\"height\":525},{\"@type\":\"BreadcrumbList\",\"@id\":\"https:\/\/www.domtechnikpro.com\/index.php\/produkt\/abb-3901h-a05510-66-levit-ramecek-jednonasobny-s-otvorem-55x55-oranzova-kourova-cerna-znackovy-78364\/#breadcrumb\",\"itemListElement\":[{\"@type\":\"ListItem\",\"position\":1,\"name\":\"Home\",\"item\":\"https:\/\/www.domtechnikpro.com\/\"},{\"@type\":\"ListItem\",\"position\":2,\"name\":\"Products\",\"item\":\"https:\/\/www.domtechnikpro.com\/products\/\"},{\"@type\":\"ListItem\",\"position\":3,\"name\":\"ABB 3901H-A05510 66 LEVIT R\u00e1me\u010dek jednon\u00e1sobn\u00fd s otvorem 55&#215;55 oran\u017eov\u00e1\/kou\u0159ov\u00e1 \u010dern\u00e1 Zna\u010dkov\u00fd\"}]},{\"@type\":\"WebSite\",\"@id\":\"https:\/\/www.domtechnikpro.com\/#website\",\"url\":\"https:\/\/www.domtechnikpro.com\/\",\"name\":\"Pr\u016fmyslov\u00e9 vybaven\u00ed a p\u0159\u00edslu\u0161enstv\u00ed\",\"description\":\"Pr\u016fmyslov\u00e9 vybaven\u00ed a p\u0159\u00edslu\u0161enstv\u00ed\",\"publisher\":{\"@id\":\"https:\/\/www.domtechnikpro.com\/#organization\"},\"potentialAction\":[{\"@type\":\"SearchAction\",\"target\":{\"@type\":\"EntryPoint\",\"urlTemplate\":\"https:\/\/www.domtechnikpro.com\/?s={search_term_string}\"},\"query-input\":{\"@type\":\"PropertyValueSpecification\",\"valueRequired\":true,\"valueName\":\"search_term_string\"}}],\"inLanguage\":\"cs\"},{\"@type\":\"Organization\",\"@id\":\"https:\/\/www.domtechnikpro.com\/#organization\",\"name\":\"Pr\u016fmyslov\u00e9 vybaven\u00ed a p\u0159\u00edslu\u0161enstv\u00ed\",\"url\":\"https:\/\/www.domtechnikpro.com\/\",\"logo\":{\"@type\":\"ImageObject\",\"inLanguage\":\"cs\",\"@id\":\"https:\/\/www.domtechnikpro.com\/#\/schema\/logo\/image\/\",\"url\":\"https:\/\/www.domtechnikpro.com\/wp-content\/uploads\/2026\/04\/domtechnikpro_logo_full.svg\",\"contentUrl\":\"https:\/\/www.domtechnikpro.com\/wp-content\/uploads\/2026\/04\/domtechnikpro_logo_full.svg\",\"width\":920,\"height\":180,\"caption\":\"Pr\u016fmyslov\u00e9 vybaven\u00ed a p\u0159\u00edslu\u0161enstv\u00ed\"},\"image\":{\"@id\":\"https:\/\/www.domtechnikpro.com\/#\/schema\/logo\/image\/\"}}]}<\/script>\n<!-- \/ Yoast SEO plugin. -->","yoast_head_json":{"title":"ABB 3901H-A05510 66 LEVIT R\u00e1me\u010dek jednon\u00e1sobn\u00fd s otvorem 55x55 oran\u017eov\u00e1\/kou\u0159ov\u00e1 \u010dern\u00e1 Zna\u010dkov\u00fd - Pr\u016fmyslov\u00e9 vybaven\u00ed a p\u0159\u00edslu\u0161enstv\u00ed","robots":{"index":"index","follow":"follow","max-snippet":"max-snippet:-1","max-image-preview":"max-image-preview:large","max-video-preview":"max-video-preview:-1"},"canonical":"https:\/\/www.domtechnikpro.com\/index.php\/produkt\/abb-3901h-a05510-66-levit-ramecek-jednonasobny-s-otvorem-55x55-oranzova-kourova-cerna-znackovy-78364\/","og_locale":"cs_CZ","og_type":"article","og_title":"ABB 3901H-A05510 66 LEVIT R\u00e1me\u010dek jednon\u00e1sobn\u00fd s otvorem 55x55 oran\u017eov\u00e1\/kou\u0159ov\u00e1 \u010dern\u00e1 Zna\u010dkov\u00fd - Pr\u016fmyslov\u00e9 vybaven\u00ed a p\u0159\u00edslu\u0161enstv\u00ed","og_description":"R\u00e1me\u010dek jednon\u00e1sobn\u00fd s otvorem 55&#215;55 LEVIT oran\u017eov\u00e1\/kou\u0159ov\u00e1 \u010dern\u00e1 Nutn\u00e9 v p\u0159\u00edpad\u011b pou\u017eit\u00ed krytu 3299H-A40100 .., 3299H-A40200 .. (tj. pro zesilova\u010d s tunerem FM, r\u00e1dio internetov\u00e9 Busch-iNet, p\u0159\u00edstroj\u00a0\u010dasova\u010de Busch-Timer\u00ae nebo ovlada\u010d \u010dasovac\u00ed komfortn\u00ed Busch-Timer\u00ae). Design: Levit\u00ae V\u00fdrobce ABB Barva oran\u017eov\u00e1 \/ kou\u0159ov\u00e1 \u010dern\u00e1","og_url":"https:\/\/www.domtechnikpro.com\/index.php\/produkt\/abb-3901h-a05510-66-levit-ramecek-jednonasobny-s-otvorem-55x55-oranzova-kourova-cerna-znackovy-78364\/","og_site_name":"Pr\u016fmyslov\u00e9 vybaven\u00ed a p\u0159\u00edslu\u0161enstv\u00ed","og_image":[{"width":1000,"height":525,"url":"https:\/\/www.domtechnikpro.com\/wp-content\/uploads\/2026\/SK0003061-CZ20260425-091623-0-1777079785-abb-3901h-a05510-66-levit-ramecek-jednonasobny-s-otvorem-55.webp","type":"image\/webp"}],"twitter_card":"summary_large_image","schema":{"@context":"https:\/\/schema.org","@graph":[{"@type":"WebPage","@id":"https:\/\/www.domtechnikpro.com\/index.php\/produkt\/abb-3901h-a05510-66-levit-ramecek-jednonasobny-s-otvorem-55x55-oranzova-kourova-cerna-znackovy-78364\/","url":"https:\/\/www.domtechnikpro.com\/index.php\/produkt\/abb-3901h-a05510-66-levit-ramecek-jednonasobny-s-otvorem-55x55-oranzova-kourova-cerna-znackovy-78364\/","name":"ABB 3901H-A05510 66 LEVIT R\u00e1me\u010dek jednon\u00e1sobn\u00fd s otvorem 55x55 oran\u017eov\u00e1\/kou\u0159ov\u00e1 \u010dern\u00e1 Zna\u010dkov\u00fd - Pr\u016fmyslov\u00e9 vybaven\u00ed a p\u0159\u00edslu\u0161enstv\u00ed","isPartOf":{"@id":"https:\/\/www.domtechnikpro.com\/#website"},"primaryImageOfPage":{"@id":"https:\/\/www.domtechnikpro.com\/index.php\/produkt\/abb-3901h-a05510-66-levit-ramecek-jednonasobny-s-otvorem-55x55-oranzova-kourova-cerna-znackovy-78364\/#primaryimage"},"image":{"@id":"https:\/\/www.domtechnikpro.com\/index.php\/produkt\/abb-3901h-a05510-66-levit-ramecek-jednonasobny-s-otvorem-55x55-oranzova-kourova-cerna-znackovy-78364\/#primaryimage"},"thumbnailUrl":"https:\/\/www.domtechnikpro.com\/wp-content\/uploads\/2026\/SK0003061-CZ20260425-091623-0-1777079785-abb-3901h-a05510-66-levit-ramecek-jednonasobny-s-otvorem-55.webp","datePublished":"2026-04-26T09:06:36+00:00","breadcrumb":{"@id":"https:\/\/www.domtechnikpro.com\/index.php\/produkt\/abb-3901h-a05510-66-levit-ramecek-jednonasobny-s-otvorem-55x55-oranzova-kourova-cerna-znackovy-78364\/#breadcrumb"},"inLanguage":"cs","potentialAction":[{"@type":"ReadAction","target":["https:\/\/www.domtechnikpro.com\/index.php\/produkt\/abb-3901h-a05510-66-levit-ramecek-jednonasobny-s-otvorem-55x55-oranzova-kourova-cerna-znackovy-78364\/"]}]},{"@type":"ImageObject","inLanguage":"cs","@id":"https:\/\/www.domtechnikpro.com\/index.php\/produkt\/abb-3901h-a05510-66-levit-ramecek-jednonasobny-s-otvorem-55x55-oranzova-kourova-cerna-znackovy-78364\/#primaryimage","url":"https:\/\/www.domtechnikpro.com\/wp-content\/uploads\/2026\/SK0003061-CZ20260425-091623-0-1777079785-abb-3901h-a05510-66-levit-ramecek-jednonasobny-s-otvorem-55.webp","contentUrl":"https:\/\/www.domtechnikpro.com\/wp-content\/uploads\/2026\/SK0003061-CZ20260425-091623-0-1777079785-abb-3901h-a05510-66-levit-ramecek-jednonasobny-s-otvorem-55.webp","width":1000,"height":525},{"@type":"BreadcrumbList","@id":"https:\/\/www.domtechnikpro.com\/index.php\/produkt\/abb-3901h-a05510-66-levit-ramecek-jednonasobny-s-otvorem-55x55-oranzova-kourova-cerna-znackovy-78364\/#breadcrumb","itemListElement":[{"@type":"ListItem","position":1,"name":"Home","item":"https:\/\/www.domtechnikpro.com\/"},{"@type":"ListItem","position":2,"name":"Products","item":"https:\/\/www.domtechnikpro.com\/products\/"},{"@type":"ListItem","position":3,"name":"ABB 3901H-A05510 66 LEVIT R\u00e1me\u010dek jednon\u00e1sobn\u00fd s otvorem 55&#215;55 oran\u017eov\u00e1\/kou\u0159ov\u00e1 \u010dern\u00e1 Zna\u010dkov\u00fd"}]},{"@type":"WebSite","@id":"https:\/\/www.domtechnikpro.com\/#website","url":"https:\/\/www.domtechnikpro.com\/","name":"Pr\u016fmyslov\u00e9 vybaven\u00ed a p\u0159\u00edslu\u0161enstv\u00ed","description":"Pr\u016fmyslov\u00e9 vybaven\u00ed a p\u0159\u00edslu\u0161enstv\u00ed","publisher":{"@id":"https:\/\/www.domtechnikpro.com\/#organization"},"potentialAction":[{"@type":"SearchAction","target":{"@type":"EntryPoint","urlTemplate":"https:\/\/www.domtechnikpro.com\/?s={search_term_string}"},"query-input":{"@type":"PropertyValueSpecification","valueRequired":true,"valueName":"search_term_string"}}],"inLanguage":"cs"},{"@type":"Organization","@id":"https:\/\/www.domtechnikpro.com\/#organization","name":"Pr\u016fmyslov\u00e9 vybaven\u00ed a p\u0159\u00edslu\u0161enstv\u00ed","url":"https:\/\/www.domtechnikpro.com\/","logo":{"@type":"ImageObject","inLanguage":"cs","@id":"https:\/\/www.domtechnikpro.com\/#\/schema\/logo\/image\/","url":"https:\/\/www.domtechnikpro.com\/wp-content\/uploads\/2026\/04\/domtechnikpro_logo_full.svg","contentUrl":"https:\/\/www.domtechnikpro.com\/wp-content\/uploads\/2026\/04\/domtechnikpro_logo_full.svg","width":920,"height":180,"caption":"Pr\u016fmyslov\u00e9 vybaven\u00ed a p\u0159\u00edslu\u0161enstv\u00ed"},"image":{"@id":"https:\/\/www.domtechnikpro.com\/#\/schema\/logo\/image\/"}}]}},"_links":{"self":[{"href":"https:\/\/www.domtechnikpro.com\/wp-json\/wp\/v2\/product\/78364","targetHints":{"allow":["GET"]}}],"collection":[{"href":"https:\/\/www.domtechnikpro.com\/wp-json\/wp\/v2\/product"}],"about":[{"href":"https:\/\/www.domtechnikpro.com\/wp-json\/wp\/v2\/types\/product"}],"replies":[{"embeddable":true,"href":"https:\/\/www.domtechnikpro.com\/wp-json\/wp\/v2\/comments?post=78364"}],"wp:featuredmedia":[{"embeddable":true,"href":"https:\/\/www.domtechnikpro.com\/wp-json\/wp\/v2\/media\/78459"}],"wp:attachment":[{"href":"https:\/\/www.domtechnikpro.com\/wp-json\/wp\/v2\/media?parent=78364"}],"wp:term":[{"taxonomy":"product_brand","embeddable":true,"href":"https:\/\/www.domtechnikpro.com\/wp-json\/wp\/v2\/product_brand?post=78364"},{"taxonomy":"product_cat","embeddable":true,"href":"https:\/\/www.domtechnikpro.com\/wp-json\/wp\/v2\/product_cat?post=78364"},{"taxonomy":"product_tag","embeddable":true,"href":"https:\/\/www.domtechnikpro.com\/wp-json\/wp\/v2\/product_tag?post=78364"}],"curies":[{"name":"wp","href":"https:\/\/api.w.org\/{rel}","templated":true}]}}