{"id":78152,"date":"2026-04-26T09:06:34","date_gmt":"2026-04-26T09:06:34","guid":{"rendered":""},"modified":"2026-04-26T09:06:34","modified_gmt":"2026-04-26T09:06:34","slug":"abb-3559h-a00653-01-levit-kryt-s-cirym-pruzorem-bila-ledova-bila-casove-omezene-78152","status":"publish","type":"product","link":"https:\/\/www.domtechnikpro.com\/index.php\/produkt\/abb-3559h-a00653-01-levit-kryt-s-cirym-pruzorem-bila-ledova-bila-casove-omezene-78152\/","title":{"rendered":"ABB 3559H-A00653 01 LEVIT Kryt s \u010dir\u00fdm pr\u016fzorem b\u00edl\u00e1\/ledov\u00e1 b\u00edl\u00e1 \u010casov\u011b Omezen\u00e9"},"content":{"rendered":"<div id=\"e9101303\" class=\"pages\">\n<div id=\"PDDescription\" class=\"UserContentView userContent v1a v1 bs-view dcon dc150 PDDescription\" >\n<h2><span style=\"color: #007980;\">Kryt s \u010dir\u00fdm pr\u016fzorem LEVIT b\u00edl\u00e1\/ledov\u00e1 b\u00edl\u00e1<\/span><\/h2>\n<p>Pro p\u0159\u00edstroj sp\u00edna\u010de \u0159azen\u00ed 1So, 1S, 6So, 6S, 7So.<br \/>Pro ovl\u00e1da\u010de \u0159azen\u00ed 1\/0So (1\/0S), 6\/0So (6\/0S).<br \/>Pro \u0159azen\u00ed So, S doporu\u010dujeme pou\u017e\u00edt LED (3919-0544, 3916-10444).<\/p>\n<p> Kryt sp\u00edna\u010de se dod\u00e1v\u00e1 s p\u0159\u00eddr\u017enou deskou pro upevn\u011bn\u00ed k p\u0159\u00edstroji sp\u00edna\u010de.<br \/>Sp\u00edna\u010d osazen\u00fd orienta\u010dn\u00ed doutnavkou nelze pou\u017e\u00edt pro sp\u00edn\u00e1n\u00ed sv\u00edtidel s elektronick\u00fdmi p\u0159ed\u0159adn\u00edky.<\/p>\n<p>Design: Levit\u00ae<\/p>\n<div id=\"PDTable3\" class=\"ProductDetailTableView v3a v3 bs-view dcon dc175 PDTable3\" >\n<table>\n<thead><\/thead>\n<tbody>\n<tr class=\"attribute attr_bsshop_maker\">\n<td class=\"caption\">V\u00fdrobce<\/td>\n<td class=\"value\">ABB<\/td>\n<\/tr>\n<tr class=\"attribute attr_Barva\">\n<td class=\"caption\">Barva<\/td>\n<td class=\"value\">b\u00edl\u00e1 \/ ledov\u00e1 b\u00edl\u00e1<\/td>\n<\/tr>\n<\/tbody>\n<\/table><\/div>\n<\/div>\n<\/div>\n<div id=\"e9101304\" class=\"tabs\">\n","protected":false},"excerpt":{"rendered":"<p>Kryt s \u010dir\u00fdm pr\u016fzorem LEVIT b\u00edl\u00e1\/ledov\u00e1 b\u00edl\u00e1 Pro p\u0159\u00edstroj sp\u00edna\u010de \u0159azen\u00ed 1So, 1S, 6So, 6S, 7So.Pro ovl\u00e1da\u010de \u0159azen\u00ed 1\/0So (1\/0S), 6\/0So (6\/0S).Pro \u0159azen\u00ed So, S doporu\u010dujeme pou\u017e\u00edt LED (3919-0544, 3916-10444). Kryt sp\u00edna\u010de se dod\u00e1v\u00e1 s p\u0159\u00eddr\u017enou deskou pro upevn\u011bn\u00ed k p\u0159\u00edstroji sp\u00edna\u010de.Sp\u00edna\u010d osazen\u00fd orienta\u010dn\u00ed doutnavkou nelze pou\u017e\u00edt pro sp\u00edn\u00e1n\u00ed sv\u00edtidel s elektronick\u00fdmi p\u0159ed\u0159adn\u00edky. Design: Levit\u00ae [&hellip;]<\/p>\n","protected":false},"featured_media":78252,"comment_status":"open","ping_status":"open","template":"","meta":[],"product_brand":[],"product_cat":[43],"product_tag":[],"class_list":{"0":"post-78152","1":"product","2":"type-product","3":"status-publish","4":"has-post-thumbnail","6":"product_cat-vyp-237-nace-a-z-225-suvky","8":"first","9":"instock","10":"sale","11":"shipping-taxable","12":"purchasable","13":"product-type-simple"},"yoast_head":"<!-- This site is optimized with the Yoast SEO plugin v26.8 - https:\/\/yoast.com\/product\/yoast-seo-wordpress\/ -->\n<title>ABB 3559H-A00653 01 LEVIT Kryt s \u010dir\u00fdm pr\u016fzorem b\u00edl\u00e1\/ledov\u00e1 b\u00edl\u00e1 \u010casov\u011b Omezen\u00e9 -<\/title>\n<meta name=\"robots\" content=\"index, follow, max-snippet:-1, max-image-preview:large, max-video-preview:-1\" \/>\n<link rel=\"canonical\" href=\"https:\/\/www.domtechnikpro.com\/index.php\/produkt\/abb-3559h-a00653-01-levit-kryt-s-cirym-pruzorem-bila-ledova-bila-casove-omezene-78152\/\" \/>\n<meta property=\"og:locale\" content=\"cs_CZ\" \/>\n<meta property=\"og:type\" content=\"article\" \/>\n<meta property=\"og:title\" content=\"ABB 3559H-A00653 01 LEVIT Kryt s \u010dir\u00fdm pr\u016fzorem b\u00edl\u00e1\/ledov\u00e1 b\u00edl\u00e1 \u010casov\u011b Omezen\u00e9 -\" \/>\n<meta property=\"og:description\" content=\"Kryt s \u010dir\u00fdm pr\u016fzorem LEVIT b\u00edl\u00e1\/ledov\u00e1 b\u00edl\u00e1 Pro p\u0159\u00edstroj sp\u00edna\u010de \u0159azen\u00ed 1So, 1S, 6So, 6S, 7So.Pro ovl\u00e1da\u010de \u0159azen\u00ed 1\/0So (1\/0S), 6\/0So (6\/0S).Pro \u0159azen\u00ed So, S doporu\u010dujeme pou\u017e\u00edt LED (3919-0544, 3916-10444). Kryt sp\u00edna\u010de se dod\u00e1v\u00e1 s p\u0159\u00eddr\u017enou deskou pro upevn\u011bn\u00ed k p\u0159\u00edstroji sp\u00edna\u010de.Sp\u00edna\u010d osazen\u00fd orienta\u010dn\u00ed doutnavkou nelze pou\u017e\u00edt pro sp\u00edn\u00e1n\u00ed sv\u00edtidel s elektronick\u00fdmi p\u0159ed\u0159adn\u00edky. Design: Levit\u00ae [&hellip;]\" \/>\n<meta property=\"og:url\" content=\"https:\/\/www.domtechnikpro.com\/index.php\/produkt\/abb-3559h-a00653-01-levit-kryt-s-cirym-pruzorem-bila-ledova-bila-casove-omezene-78152\/\" \/>\n<meta property=\"og:image\" content=\"https:\/\/www.domtechnikpro.com\/wp-content\/uploads\/2026\/SK0002949-CZ20260425-091623-0-1777079785-abb-3559h-a00653-01-levit-kryt-s-cirym-pruzorem-bila-ledova.webp\" \/>\n\t<meta property=\"og:image:width\" content=\"1000\" \/>\n\t<meta property=\"og:image:height\" content=\"525\" \/>\n\t<meta property=\"og:image:type\" content=\"image\/webp\" \/>\n<meta name=\"twitter:card\" content=\"summary_large_image\" \/>\n<script type=\"application\/ld+json\" class=\"yoast-schema-graph\">{\"@context\":\"https:\/\/schema.org\",\"@graph\":[{\"@type\":\"WebPage\",\"@id\":\"https:\/\/www.domtechnikpro.com\/index.php\/produkt\/abb-3559h-a00653-01-levit-kryt-s-cirym-pruzorem-bila-ledova-bila-casove-omezene-78152\/\",\"url\":\"https:\/\/www.domtechnikpro.com\/index.php\/produkt\/abb-3559h-a00653-01-levit-kryt-s-cirym-pruzorem-bila-ledova-bila-casove-omezene-78152\/\",\"name\":\"ABB 3559H-A00653 01 LEVIT Kryt s \u010dir\u00fdm pr\u016fzorem b\u00edl\u00e1\/ledov\u00e1 b\u00edl\u00e1 \u010casov\u011b Omezen\u00e9 -\",\"isPartOf\":{\"@id\":\"https:\/\/www.domtechnikpro.com\/#website\"},\"primaryImageOfPage\":{\"@id\":\"https:\/\/www.domtechnikpro.com\/index.php\/produkt\/abb-3559h-a00653-01-levit-kryt-s-cirym-pruzorem-bila-ledova-bila-casove-omezene-78152\/#primaryimage\"},\"image\":{\"@id\":\"https:\/\/www.domtechnikpro.com\/index.php\/produkt\/abb-3559h-a00653-01-levit-kryt-s-cirym-pruzorem-bila-ledova-bila-casove-omezene-78152\/#primaryimage\"},\"thumbnailUrl\":\"https:\/\/www.domtechnikpro.com\/wp-content\/uploads\/2026\/SK0002949-CZ20260425-091623-0-1777079785-abb-3559h-a00653-01-levit-kryt-s-cirym-pruzorem-bila-ledova.webp\",\"datePublished\":\"2026-04-26T09:06:34+00:00\",\"breadcrumb\":{\"@id\":\"https:\/\/www.domtechnikpro.com\/index.php\/produkt\/abb-3559h-a00653-01-levit-kryt-s-cirym-pruzorem-bila-ledova-bila-casove-omezene-78152\/#breadcrumb\"},\"inLanguage\":\"cs\",\"potentialAction\":[{\"@type\":\"ReadAction\",\"target\":[\"https:\/\/www.domtechnikpro.com\/index.php\/produkt\/abb-3559h-a00653-01-levit-kryt-s-cirym-pruzorem-bila-ledova-bila-casove-omezene-78152\/\"]}]},{\"@type\":\"ImageObject\",\"inLanguage\":\"cs\",\"@id\":\"https:\/\/www.domtechnikpro.com\/index.php\/produkt\/abb-3559h-a00653-01-levit-kryt-s-cirym-pruzorem-bila-ledova-bila-casove-omezene-78152\/#primaryimage\",\"url\":\"https:\/\/www.domtechnikpro.com\/wp-content\/uploads\/2026\/SK0002949-CZ20260425-091623-0-1777079785-abb-3559h-a00653-01-levit-kryt-s-cirym-pruzorem-bila-ledova.webp\",\"contentUrl\":\"https:\/\/www.domtechnikpro.com\/wp-content\/uploads\/2026\/SK0002949-CZ20260425-091623-0-1777079785-abb-3559h-a00653-01-levit-kryt-s-cirym-pruzorem-bila-ledova.webp\",\"width\":1000,\"height\":525},{\"@type\":\"BreadcrumbList\",\"@id\":\"https:\/\/www.domtechnikpro.com\/index.php\/produkt\/abb-3559h-a00653-01-levit-kryt-s-cirym-pruzorem-bila-ledova-bila-casove-omezene-78152\/#breadcrumb\",\"itemListElement\":[{\"@type\":\"ListItem\",\"position\":1,\"name\":\"Home\",\"item\":\"https:\/\/www.domtechnikpro.com\/\"},{\"@type\":\"ListItem\",\"position\":2,\"name\":\"Products\",\"item\":\"https:\/\/www.domtechnikpro.com\/index.php\/products\/\"},{\"@type\":\"ListItem\",\"position\":3,\"name\":\"ABB 3559H-A00653 01 LEVIT Kryt s \u010dir\u00fdm pr\u016fzorem b\u00edl\u00e1\/ledov\u00e1 b\u00edl\u00e1 \u010casov\u011b Omezen\u00e9\"}]},{\"@type\":\"WebSite\",\"@id\":\"https:\/\/www.domtechnikpro.com\/#website\",\"url\":\"https:\/\/www.domtechnikpro.com\/\",\"name\":\"\",\"description\":\"\",\"potentialAction\":[{\"@type\":\"SearchAction\",\"target\":{\"@type\":\"EntryPoint\",\"urlTemplate\":\"https:\/\/www.domtechnikpro.com\/?s={search_term_string}\"},\"query-input\":{\"@type\":\"PropertyValueSpecification\",\"valueRequired\":true,\"valueName\":\"search_term_string\"}}],\"inLanguage\":\"cs\"}]}<\/script>\n<!-- \/ Yoast SEO plugin. -->","yoast_head_json":{"title":"ABB 3559H-A00653 01 LEVIT Kryt s \u010dir\u00fdm pr\u016fzorem b\u00edl\u00e1\/ledov\u00e1 b\u00edl\u00e1 \u010casov\u011b Omezen\u00e9 -","robots":{"index":"index","follow":"follow","max-snippet":"max-snippet:-1","max-image-preview":"max-image-preview:large","max-video-preview":"max-video-preview:-1"},"canonical":"https:\/\/www.domtechnikpro.com\/index.php\/produkt\/abb-3559h-a00653-01-levit-kryt-s-cirym-pruzorem-bila-ledova-bila-casove-omezene-78152\/","og_locale":"cs_CZ","og_type":"article","og_title":"ABB 3559H-A00653 01 LEVIT Kryt s \u010dir\u00fdm pr\u016fzorem b\u00edl\u00e1\/ledov\u00e1 b\u00edl\u00e1 \u010casov\u011b Omezen\u00e9 -","og_description":"Kryt s \u010dir\u00fdm pr\u016fzorem LEVIT b\u00edl\u00e1\/ledov\u00e1 b\u00edl\u00e1 Pro p\u0159\u00edstroj sp\u00edna\u010de \u0159azen\u00ed 1So, 1S, 6So, 6S, 7So.Pro ovl\u00e1da\u010de \u0159azen\u00ed 1\/0So (1\/0S), 6\/0So (6\/0S).Pro \u0159azen\u00ed So, S doporu\u010dujeme pou\u017e\u00edt LED (3919-0544, 3916-10444). Kryt sp\u00edna\u010de se dod\u00e1v\u00e1 s p\u0159\u00eddr\u017enou deskou pro upevn\u011bn\u00ed k p\u0159\u00edstroji sp\u00edna\u010de.Sp\u00edna\u010d osazen\u00fd orienta\u010dn\u00ed doutnavkou nelze pou\u017e\u00edt pro sp\u00edn\u00e1n\u00ed sv\u00edtidel s elektronick\u00fdmi p\u0159ed\u0159adn\u00edky. Design: Levit\u00ae [&hellip;]","og_url":"https:\/\/www.domtechnikpro.com\/index.php\/produkt\/abb-3559h-a00653-01-levit-kryt-s-cirym-pruzorem-bila-ledova-bila-casove-omezene-78152\/","og_image":[{"width":1000,"height":525,"url":"https:\/\/www.domtechnikpro.com\/wp-content\/uploads\/2026\/SK0002949-CZ20260425-091623-0-1777079785-abb-3559h-a00653-01-levit-kryt-s-cirym-pruzorem-bila-ledova.webp","type":"image\/webp"}],"twitter_card":"summary_large_image","schema":{"@context":"https:\/\/schema.org","@graph":[{"@type":"WebPage","@id":"https:\/\/www.domtechnikpro.com\/index.php\/produkt\/abb-3559h-a00653-01-levit-kryt-s-cirym-pruzorem-bila-ledova-bila-casove-omezene-78152\/","url":"https:\/\/www.domtechnikpro.com\/index.php\/produkt\/abb-3559h-a00653-01-levit-kryt-s-cirym-pruzorem-bila-ledova-bila-casove-omezene-78152\/","name":"ABB 3559H-A00653 01 LEVIT Kryt s \u010dir\u00fdm pr\u016fzorem b\u00edl\u00e1\/ledov\u00e1 b\u00edl\u00e1 \u010casov\u011b Omezen\u00e9 -","isPartOf":{"@id":"https:\/\/www.domtechnikpro.com\/#website"},"primaryImageOfPage":{"@id":"https:\/\/www.domtechnikpro.com\/index.php\/produkt\/abb-3559h-a00653-01-levit-kryt-s-cirym-pruzorem-bila-ledova-bila-casove-omezene-78152\/#primaryimage"},"image":{"@id":"https:\/\/www.domtechnikpro.com\/index.php\/produkt\/abb-3559h-a00653-01-levit-kryt-s-cirym-pruzorem-bila-ledova-bila-casove-omezene-78152\/#primaryimage"},"thumbnailUrl":"https:\/\/www.domtechnikpro.com\/wp-content\/uploads\/2026\/SK0002949-CZ20260425-091623-0-1777079785-abb-3559h-a00653-01-levit-kryt-s-cirym-pruzorem-bila-ledova.webp","datePublished":"2026-04-26T09:06:34+00:00","breadcrumb":{"@id":"https:\/\/www.domtechnikpro.com\/index.php\/produkt\/abb-3559h-a00653-01-levit-kryt-s-cirym-pruzorem-bila-ledova-bila-casove-omezene-78152\/#breadcrumb"},"inLanguage":"cs","potentialAction":[{"@type":"ReadAction","target":["https:\/\/www.domtechnikpro.com\/index.php\/produkt\/abb-3559h-a00653-01-levit-kryt-s-cirym-pruzorem-bila-ledova-bila-casove-omezene-78152\/"]}]},{"@type":"ImageObject","inLanguage":"cs","@id":"https:\/\/www.domtechnikpro.com\/index.php\/produkt\/abb-3559h-a00653-01-levit-kryt-s-cirym-pruzorem-bila-ledova-bila-casove-omezene-78152\/#primaryimage","url":"https:\/\/www.domtechnikpro.com\/wp-content\/uploads\/2026\/SK0002949-CZ20260425-091623-0-1777079785-abb-3559h-a00653-01-levit-kryt-s-cirym-pruzorem-bila-ledova.webp","contentUrl":"https:\/\/www.domtechnikpro.com\/wp-content\/uploads\/2026\/SK0002949-CZ20260425-091623-0-1777079785-abb-3559h-a00653-01-levit-kryt-s-cirym-pruzorem-bila-ledova.webp","width":1000,"height":525},{"@type":"BreadcrumbList","@id":"https:\/\/www.domtechnikpro.com\/index.php\/produkt\/abb-3559h-a00653-01-levit-kryt-s-cirym-pruzorem-bila-ledova-bila-casove-omezene-78152\/#breadcrumb","itemListElement":[{"@type":"ListItem","position":1,"name":"Home","item":"https:\/\/www.domtechnikpro.com\/"},{"@type":"ListItem","position":2,"name":"Products","item":"https:\/\/www.domtechnikpro.com\/index.php\/products\/"},{"@type":"ListItem","position":3,"name":"ABB 3559H-A00653 01 LEVIT Kryt s \u010dir\u00fdm pr\u016fzorem b\u00edl\u00e1\/ledov\u00e1 b\u00edl\u00e1 \u010casov\u011b Omezen\u00e9"}]},{"@type":"WebSite","@id":"https:\/\/www.domtechnikpro.com\/#website","url":"https:\/\/www.domtechnikpro.com\/","name":"","description":"","potentialAction":[{"@type":"SearchAction","target":{"@type":"EntryPoint","urlTemplate":"https:\/\/www.domtechnikpro.com\/?s={search_term_string}"},"query-input":{"@type":"PropertyValueSpecification","valueRequired":true,"valueName":"search_term_string"}}],"inLanguage":"cs"}]}},"_links":{"self":[{"href":"https:\/\/www.domtechnikpro.com\/index.php\/wp-json\/wp\/v2\/product\/78152","targetHints":{"allow":["GET"]}}],"collection":[{"href":"https:\/\/www.domtechnikpro.com\/index.php\/wp-json\/wp\/v2\/product"}],"about":[{"href":"https:\/\/www.domtechnikpro.com\/index.php\/wp-json\/wp\/v2\/types\/product"}],"replies":[{"embeddable":true,"href":"https:\/\/www.domtechnikpro.com\/index.php\/wp-json\/wp\/v2\/comments?post=78152"}],"wp:featuredmedia":[{"embeddable":true,"href":"https:\/\/www.domtechnikpro.com\/index.php\/wp-json\/wp\/v2\/media\/78252"}],"wp:attachment":[{"href":"https:\/\/www.domtechnikpro.com\/index.php\/wp-json\/wp\/v2\/media?parent=78152"}],"wp:term":[{"taxonomy":"product_brand","embeddable":true,"href":"https:\/\/www.domtechnikpro.com\/index.php\/wp-json\/wp\/v2\/product_brand?post=78152"},{"taxonomy":"product_cat","embeddable":true,"href":"https:\/\/www.domtechnikpro.com\/index.php\/wp-json\/wp\/v2\/product_cat?post=78152"},{"taxonomy":"product_tag","embeddable":true,"href":"https:\/\/www.domtechnikpro.com\/index.php\/wp-json\/wp\/v2\/product_tag?post=78152"}],"curies":[{"name":"wp","href":"https:\/\/api.w.org\/{rel}","templated":true}]}}