{"id":78117,"date":"2026-04-26T09:06:34","date_gmt":"2026-04-26T09:06:34","guid":{"rendered":""},"modified":"2026-04-26T09:06:34","modified_gmt":"2026-04-26T09:06:34","slug":"abb-3299h-a40200-16-levit-kryt-zesilovace-s-tunerem-fm-seda-finalni-vyprodej-78117","status":"publish","type":"product","link":"https:\/\/www.domtechnikpro.com\/index.php\/produkt\/abb-3299h-a40200-16-levit-kryt-zesilovace-s-tunerem-fm-seda-finalni-vyprodej-78117\/","title":{"rendered":"ABB 3299H-A40200 16 LEVIT Kryt zesilova\u010de s tunerem FM \u0161ed\u00e1 Fin\u00e1ln\u00ed V\u00fdprodej"},"content":{"rendered":"<div id=\"e9096858\" class=\"pages\">\n<div id=\"PDDescription\" class=\"UserContentView userContent v1a v1 bs-view dcon dc150 PDDescription\" >\n<p><strong>Kryt zesilova\u010de s tunerem FM LEVIT \u0161ed\u00e1<\/strong><\/p>\n<p>Pro p\u0159\u00edstroj zesilova\u010de s tunerem FM a internetov\u00e9ho r\u00e1dia Busch-iNet.<\/p>\n<p>V p\u0159\u00edpad\u011b samostatn\u00e9 instalace p\u0159\u00edstroje je nutn\u00e9 pro tento kryt pou\u017e\u00edt r\u00e1me\u010dek s otvorem 55 \u00d7 55 mm (3901H-A05510 ..). <br \/>V p\u0159\u00edpad\u011b instalace p\u0159\u00edstroje do v\u00edcen\u00e1sobn\u00fdch kombinac\u00ed je nutn\u00e9 pro tento kryt pou\u017e\u00edt standardn\u00ed r\u00e1me\u010dek odpov\u00eddaj\u00edc\u00ed n\u00e1sobnosti 3901H-A050.0 ..). Podle pozice p\u0159\u00edstroje v r\u00e1me\u010dku je t\u0159eba pou\u017e\u00edt je\u0161t\u011b krajn\u00ed nebo st\u0159edn\u00ed kryt r\u00e1me\u010dku s otvorem 55 \u00d7 55 mm 3901H-A00.55 ..).<\/p>\n<p><strong>Design:<\/strong> Levit\u00ae<\/p>\n<div id=\"PDTable3\" class=\"ProductDetailTableView v3a v3 bs-view dcon dc175 PDTable3\" >\n<table>\n<thead><\/thead>\n<tbody>\n<tr class=\"attribute attr_bsshop_maker\">\n<td class=\"caption\">V\u00fdrobce<\/td>\n<td class=\"value\">ABB<\/td>\n<\/tr>\n<tr class=\"attribute attr_Barva\">\n<td class=\"caption\">Barva<\/td>\n<td class=\"value\">\u0161ed\u00e1<\/td>\n<\/tr>\n<\/tbody>\n<\/table><\/div>\n<\/div>\n<\/div>\n<div id=\"e9096859\" class=\"tabs\">\n","protected":false},"excerpt":{"rendered":"<p>Kryt zesilova\u010de s tunerem FM LEVIT \u0161ed\u00e1 Pro p\u0159\u00edstroj zesilova\u010de s tunerem FM a internetov\u00e9ho r\u00e1dia Busch-iNet. V p\u0159\u00edpad\u011b samostatn\u00e9 instalace p\u0159\u00edstroje je nutn\u00e9 pro tento kryt pou\u017e\u00edt r\u00e1me\u010dek s otvorem 55 \u00d7 55 mm (3901H-A05510 ..). V p\u0159\u00edpad\u011b instalace p\u0159\u00edstroje do v\u00edcen\u00e1sobn\u00fdch kombinac\u00ed je nutn\u00e9 pro tento kryt pou\u017e\u00edt standardn\u00ed r\u00e1me\u010dek odpov\u00eddaj\u00edc\u00ed n\u00e1sobnosti 3901H-A050.0 [&hellip;]<\/p>\n","protected":false},"featured_media":78217,"comment_status":"open","ping_status":"open","template":"","meta":[],"product_brand":[],"product_cat":[43],"product_tag":[],"class_list":{"0":"post-78117","1":"product","2":"type-product","3":"status-publish","4":"has-post-thumbnail","6":"product_cat-vyp-237-nace-a-z-225-suvky","8":"first","9":"instock","10":"sale","11":"shipping-taxable","12":"purchasable","13":"product-type-simple"},"yoast_head":"<!-- This site is optimized with the Yoast SEO plugin v26.8 - https:\/\/yoast.com\/product\/yoast-seo-wordpress\/ -->\n<title>ABB 3299H-A40200 16 LEVIT Kryt zesilova\u010de s tunerem FM \u0161ed\u00e1 Fin\u00e1ln\u00ed V\u00fdprodej -<\/title>\n<meta name=\"robots\" content=\"index, follow, max-snippet:-1, max-image-preview:large, max-video-preview:-1\" \/>\n<link rel=\"canonical\" href=\"https:\/\/www.domtechnikpro.com\/index.php\/produkt\/abb-3299h-a40200-16-levit-kryt-zesilovace-s-tunerem-fm-seda-finalni-vyprodej-78117\/\" \/>\n<meta property=\"og:locale\" content=\"cs_CZ\" \/>\n<meta property=\"og:type\" content=\"article\" \/>\n<meta property=\"og:title\" content=\"ABB 3299H-A40200 16 LEVIT Kryt zesilova\u010de s tunerem FM \u0161ed\u00e1 Fin\u00e1ln\u00ed V\u00fdprodej -\" \/>\n<meta property=\"og:description\" content=\"Kryt zesilova\u010de s tunerem FM LEVIT \u0161ed\u00e1 Pro p\u0159\u00edstroj zesilova\u010de s tunerem FM a internetov\u00e9ho r\u00e1dia Busch-iNet. V p\u0159\u00edpad\u011b samostatn\u00e9 instalace p\u0159\u00edstroje je nutn\u00e9 pro tento kryt pou\u017e\u00edt r\u00e1me\u010dek s otvorem 55 \u00d7 55 mm (3901H-A05510 ..). V p\u0159\u00edpad\u011b instalace p\u0159\u00edstroje do v\u00edcen\u00e1sobn\u00fdch kombinac\u00ed je nutn\u00e9 pro tento kryt pou\u017e\u00edt standardn\u00ed r\u00e1me\u010dek odpov\u00eddaj\u00edc\u00ed n\u00e1sobnosti 3901H-A050.0 [&hellip;]\" \/>\n<meta property=\"og:url\" content=\"https:\/\/www.domtechnikpro.com\/index.php\/produkt\/abb-3299h-a40200-16-levit-kryt-zesilovace-s-tunerem-fm-seda-finalni-vyprodej-78117\/\" \/>\n<meta property=\"og:image\" content=\"https:\/\/www.domtechnikpro.com\/wp-content\/uploads\/2026\/SK0002914-CZ20260425-091623-0-1777079785-abb-3299h-a40200-16-levit-kryt-zesilovace-s-tunerem-fm-seda.webp\" \/>\n\t<meta property=\"og:image:width\" content=\"1000\" \/>\n\t<meta property=\"og:image:height\" content=\"525\" \/>\n\t<meta property=\"og:image:type\" content=\"image\/webp\" \/>\n<meta name=\"twitter:card\" content=\"summary_large_image\" \/>\n<meta name=\"twitter:label1\" content=\"Odhadovan\u00e1 doba \u010dten\u00ed\" \/>\n\t<meta name=\"twitter:data1\" content=\"1 minuta\" \/>\n<script type=\"application\/ld+json\" class=\"yoast-schema-graph\">{\"@context\":\"https:\/\/schema.org\",\"@graph\":[{\"@type\":\"WebPage\",\"@id\":\"https:\/\/www.domtechnikpro.com\/index.php\/produkt\/abb-3299h-a40200-16-levit-kryt-zesilovace-s-tunerem-fm-seda-finalni-vyprodej-78117\/\",\"url\":\"https:\/\/www.domtechnikpro.com\/index.php\/produkt\/abb-3299h-a40200-16-levit-kryt-zesilovace-s-tunerem-fm-seda-finalni-vyprodej-78117\/\",\"name\":\"ABB 3299H-A40200 16 LEVIT Kryt zesilova\u010de s tunerem FM \u0161ed\u00e1 Fin\u00e1ln\u00ed V\u00fdprodej -\",\"isPartOf\":{\"@id\":\"https:\/\/www.domtechnikpro.com\/#website\"},\"primaryImageOfPage\":{\"@id\":\"https:\/\/www.domtechnikpro.com\/index.php\/produkt\/abb-3299h-a40200-16-levit-kryt-zesilovace-s-tunerem-fm-seda-finalni-vyprodej-78117\/#primaryimage\"},\"image\":{\"@id\":\"https:\/\/www.domtechnikpro.com\/index.php\/produkt\/abb-3299h-a40200-16-levit-kryt-zesilovace-s-tunerem-fm-seda-finalni-vyprodej-78117\/#primaryimage\"},\"thumbnailUrl\":\"https:\/\/www.domtechnikpro.com\/wp-content\/uploads\/2026\/SK0002914-CZ20260425-091623-0-1777079785-abb-3299h-a40200-16-levit-kryt-zesilovace-s-tunerem-fm-seda.webp\",\"datePublished\":\"2026-04-26T09:06:34+00:00\",\"breadcrumb\":{\"@id\":\"https:\/\/www.domtechnikpro.com\/index.php\/produkt\/abb-3299h-a40200-16-levit-kryt-zesilovace-s-tunerem-fm-seda-finalni-vyprodej-78117\/#breadcrumb\"},\"inLanguage\":\"cs\",\"potentialAction\":[{\"@type\":\"ReadAction\",\"target\":[\"https:\/\/www.domtechnikpro.com\/index.php\/produkt\/abb-3299h-a40200-16-levit-kryt-zesilovace-s-tunerem-fm-seda-finalni-vyprodej-78117\/\"]}]},{\"@type\":\"ImageObject\",\"inLanguage\":\"cs\",\"@id\":\"https:\/\/www.domtechnikpro.com\/index.php\/produkt\/abb-3299h-a40200-16-levit-kryt-zesilovace-s-tunerem-fm-seda-finalni-vyprodej-78117\/#primaryimage\",\"url\":\"https:\/\/www.domtechnikpro.com\/wp-content\/uploads\/2026\/SK0002914-CZ20260425-091623-0-1777079785-abb-3299h-a40200-16-levit-kryt-zesilovace-s-tunerem-fm-seda.webp\",\"contentUrl\":\"https:\/\/www.domtechnikpro.com\/wp-content\/uploads\/2026\/SK0002914-CZ20260425-091623-0-1777079785-abb-3299h-a40200-16-levit-kryt-zesilovace-s-tunerem-fm-seda.webp\",\"width\":1000,\"height\":525},{\"@type\":\"BreadcrumbList\",\"@id\":\"https:\/\/www.domtechnikpro.com\/index.php\/produkt\/abb-3299h-a40200-16-levit-kryt-zesilovace-s-tunerem-fm-seda-finalni-vyprodej-78117\/#breadcrumb\",\"itemListElement\":[{\"@type\":\"ListItem\",\"position\":1,\"name\":\"Home\",\"item\":\"https:\/\/www.domtechnikpro.com\/\"},{\"@type\":\"ListItem\",\"position\":2,\"name\":\"Products\",\"item\":\"https:\/\/www.domtechnikpro.com\/index.php\/products\/\"},{\"@type\":\"ListItem\",\"position\":3,\"name\":\"ABB 3299H-A40200 16 LEVIT Kryt zesilova\u010de s tunerem FM \u0161ed\u00e1 Fin\u00e1ln\u00ed V\u00fdprodej\"}]},{\"@type\":\"WebSite\",\"@id\":\"https:\/\/www.domtechnikpro.com\/#website\",\"url\":\"https:\/\/www.domtechnikpro.com\/\",\"name\":\"\",\"description\":\"\",\"potentialAction\":[{\"@type\":\"SearchAction\",\"target\":{\"@type\":\"EntryPoint\",\"urlTemplate\":\"https:\/\/www.domtechnikpro.com\/?s={search_term_string}\"},\"query-input\":{\"@type\":\"PropertyValueSpecification\",\"valueRequired\":true,\"valueName\":\"search_term_string\"}}],\"inLanguage\":\"cs\"}]}<\/script>\n<!-- \/ Yoast SEO plugin. -->","yoast_head_json":{"title":"ABB 3299H-A40200 16 LEVIT Kryt zesilova\u010de s tunerem FM \u0161ed\u00e1 Fin\u00e1ln\u00ed V\u00fdprodej -","robots":{"index":"index","follow":"follow","max-snippet":"max-snippet:-1","max-image-preview":"max-image-preview:large","max-video-preview":"max-video-preview:-1"},"canonical":"https:\/\/www.domtechnikpro.com\/index.php\/produkt\/abb-3299h-a40200-16-levit-kryt-zesilovace-s-tunerem-fm-seda-finalni-vyprodej-78117\/","og_locale":"cs_CZ","og_type":"article","og_title":"ABB 3299H-A40200 16 LEVIT Kryt zesilova\u010de s tunerem FM \u0161ed\u00e1 Fin\u00e1ln\u00ed V\u00fdprodej -","og_description":"Kryt zesilova\u010de s tunerem FM LEVIT \u0161ed\u00e1 Pro p\u0159\u00edstroj zesilova\u010de s tunerem FM a internetov\u00e9ho r\u00e1dia Busch-iNet. V p\u0159\u00edpad\u011b samostatn\u00e9 instalace p\u0159\u00edstroje je nutn\u00e9 pro tento kryt pou\u017e\u00edt r\u00e1me\u010dek s otvorem 55 \u00d7 55 mm (3901H-A05510 ..). V p\u0159\u00edpad\u011b instalace p\u0159\u00edstroje do v\u00edcen\u00e1sobn\u00fdch kombinac\u00ed je nutn\u00e9 pro tento kryt pou\u017e\u00edt standardn\u00ed r\u00e1me\u010dek odpov\u00eddaj\u00edc\u00ed n\u00e1sobnosti 3901H-A050.0 [&hellip;]","og_url":"https:\/\/www.domtechnikpro.com\/index.php\/produkt\/abb-3299h-a40200-16-levit-kryt-zesilovace-s-tunerem-fm-seda-finalni-vyprodej-78117\/","og_image":[{"width":1000,"height":525,"url":"https:\/\/www.domtechnikpro.com\/wp-content\/uploads\/2026\/SK0002914-CZ20260425-091623-0-1777079785-abb-3299h-a40200-16-levit-kryt-zesilovace-s-tunerem-fm-seda.webp","type":"image\/webp"}],"twitter_card":"summary_large_image","twitter_misc":{"Odhadovan\u00e1 doba \u010dten\u00ed":"1 minuta"},"schema":{"@context":"https:\/\/schema.org","@graph":[{"@type":"WebPage","@id":"https:\/\/www.domtechnikpro.com\/index.php\/produkt\/abb-3299h-a40200-16-levit-kryt-zesilovace-s-tunerem-fm-seda-finalni-vyprodej-78117\/","url":"https:\/\/www.domtechnikpro.com\/index.php\/produkt\/abb-3299h-a40200-16-levit-kryt-zesilovace-s-tunerem-fm-seda-finalni-vyprodej-78117\/","name":"ABB 3299H-A40200 16 LEVIT Kryt zesilova\u010de s tunerem FM \u0161ed\u00e1 Fin\u00e1ln\u00ed V\u00fdprodej -","isPartOf":{"@id":"https:\/\/www.domtechnikpro.com\/#website"},"primaryImageOfPage":{"@id":"https:\/\/www.domtechnikpro.com\/index.php\/produkt\/abb-3299h-a40200-16-levit-kryt-zesilovace-s-tunerem-fm-seda-finalni-vyprodej-78117\/#primaryimage"},"image":{"@id":"https:\/\/www.domtechnikpro.com\/index.php\/produkt\/abb-3299h-a40200-16-levit-kryt-zesilovace-s-tunerem-fm-seda-finalni-vyprodej-78117\/#primaryimage"},"thumbnailUrl":"https:\/\/www.domtechnikpro.com\/wp-content\/uploads\/2026\/SK0002914-CZ20260425-091623-0-1777079785-abb-3299h-a40200-16-levit-kryt-zesilovace-s-tunerem-fm-seda.webp","datePublished":"2026-04-26T09:06:34+00:00","breadcrumb":{"@id":"https:\/\/www.domtechnikpro.com\/index.php\/produkt\/abb-3299h-a40200-16-levit-kryt-zesilovace-s-tunerem-fm-seda-finalni-vyprodej-78117\/#breadcrumb"},"inLanguage":"cs","potentialAction":[{"@type":"ReadAction","target":["https:\/\/www.domtechnikpro.com\/index.php\/produkt\/abb-3299h-a40200-16-levit-kryt-zesilovace-s-tunerem-fm-seda-finalni-vyprodej-78117\/"]}]},{"@type":"ImageObject","inLanguage":"cs","@id":"https:\/\/www.domtechnikpro.com\/index.php\/produkt\/abb-3299h-a40200-16-levit-kryt-zesilovace-s-tunerem-fm-seda-finalni-vyprodej-78117\/#primaryimage","url":"https:\/\/www.domtechnikpro.com\/wp-content\/uploads\/2026\/SK0002914-CZ20260425-091623-0-1777079785-abb-3299h-a40200-16-levit-kryt-zesilovace-s-tunerem-fm-seda.webp","contentUrl":"https:\/\/www.domtechnikpro.com\/wp-content\/uploads\/2026\/SK0002914-CZ20260425-091623-0-1777079785-abb-3299h-a40200-16-levit-kryt-zesilovace-s-tunerem-fm-seda.webp","width":1000,"height":525},{"@type":"BreadcrumbList","@id":"https:\/\/www.domtechnikpro.com\/index.php\/produkt\/abb-3299h-a40200-16-levit-kryt-zesilovace-s-tunerem-fm-seda-finalni-vyprodej-78117\/#breadcrumb","itemListElement":[{"@type":"ListItem","position":1,"name":"Home","item":"https:\/\/www.domtechnikpro.com\/"},{"@type":"ListItem","position":2,"name":"Products","item":"https:\/\/www.domtechnikpro.com\/index.php\/products\/"},{"@type":"ListItem","position":3,"name":"ABB 3299H-A40200 16 LEVIT Kryt zesilova\u010de s tunerem FM \u0161ed\u00e1 Fin\u00e1ln\u00ed V\u00fdprodej"}]},{"@type":"WebSite","@id":"https:\/\/www.domtechnikpro.com\/#website","url":"https:\/\/www.domtechnikpro.com\/","name":"","description":"","potentialAction":[{"@type":"SearchAction","target":{"@type":"EntryPoint","urlTemplate":"https:\/\/www.domtechnikpro.com\/?s={search_term_string}"},"query-input":{"@type":"PropertyValueSpecification","valueRequired":true,"valueName":"search_term_string"}}],"inLanguage":"cs"}]}},"_links":{"self":[{"href":"https:\/\/www.domtechnikpro.com\/index.php\/wp-json\/wp\/v2\/product\/78117","targetHints":{"allow":["GET"]}}],"collection":[{"href":"https:\/\/www.domtechnikpro.com\/index.php\/wp-json\/wp\/v2\/product"}],"about":[{"href":"https:\/\/www.domtechnikpro.com\/index.php\/wp-json\/wp\/v2\/types\/product"}],"replies":[{"embeddable":true,"href":"https:\/\/www.domtechnikpro.com\/index.php\/wp-json\/wp\/v2\/comments?post=78117"}],"wp:featuredmedia":[{"embeddable":true,"href":"https:\/\/www.domtechnikpro.com\/index.php\/wp-json\/wp\/v2\/media\/78217"}],"wp:attachment":[{"href":"https:\/\/www.domtechnikpro.com\/index.php\/wp-json\/wp\/v2\/media?parent=78117"}],"wp:term":[{"taxonomy":"product_brand","embeddable":true,"href":"https:\/\/www.domtechnikpro.com\/index.php\/wp-json\/wp\/v2\/product_brand?post=78117"},{"taxonomy":"product_cat","embeddable":true,"href":"https:\/\/www.domtechnikpro.com\/index.php\/wp-json\/wp\/v2\/product_cat?post=78117"},{"taxonomy":"product_tag","embeddable":true,"href":"https:\/\/www.domtechnikpro.com\/index.php\/wp-json\/wp\/v2\/product_tag?post=78117"}],"curies":[{"name":"wp","href":"https:\/\/api.w.org\/{rel}","templated":true}]}}