{"id":77974,"date":"2026-04-26T09:06:30","date_gmt":"2026-04-26T09:06:30","guid":{"rendered":""},"modified":"2026-04-26T09:06:30","modified_gmt":"2026-04-26T09:06:30","slug":"abb-3292h-a20301-18-levit-hodiny-spinaci-programovatel-macchiato-bila-top-prodej-77974","status":"publish","type":"product","link":"https:\/\/www.domtechnikpro.com\/index.php\/produkt\/abb-3292h-a20301-18-levit-hodiny-spinaci-programovatel-macchiato-bila-top-prodej-77974\/","title":{"rendered":"ABB 3292H-A20301 18 LEVIT Hodiny sp\u00ednac\u00ed programovatel macchiato\/b\u00edl\u00e1 Top Prodej"},"content":{"rendered":"<div id=\"e9090472\" class=\"pages\">\n<div id=\"PDDescription\" class=\"UserContentView userContent v1a v1 bs-view dcon dc150 PDDescription\" >\n<h2><span style=\"color: #007980;\">Hodiny sp\u00ednac\u00ed programovateln\u00e9 LEVIT macchiato\/b\u00edl\u00e1<\/span><\/h2>\n<p>Ovl\u00e1dac\u00ed jednotka (nutno pou\u017e\u00edt sp\u00ednac\u00ed p\u0159\u00edstroj).<br \/>Provozn\u00ed re\u017eimy: manu\u00e1ln\u00ed, automatick\u00fd (1 z\u00e1kladn\u00ed nebo 3 roz\u0161\u00ed\u0159en\u00e9 \u010dasov\u00e9 programy),\u00a0automatick\u00fd astro, \u010dasova\u010d, dovolen\u00e1<br \/>\u010casov\u00fd program: max. 70 \u010dasov\u00fdch zna\u010dek\u00a0 s rozli\u0161en\u00edm 5 minut, pro jednotliv\u00e9 dny v t\u00fddnu nebo Po-P\u00e1, So-Ne, Po-Ne.<br \/>Dal\u0161\u00ed funkce: softwarov\u00e9 vypnut\u00ed, jas a kontrast displeje, z\u00e1mek tla\u010d\u00edtek, m\u011b\u0159en\u00ed prostorov\u00e9 teploty, vn\u011bj\u0161\u00ed ovl\u00e1d\u00e1n\u00ed kontaktem, po\u010d\u00edtadlo provozn\u00edch hodin, inverze funkce v\u00fdstupu, automatick\u00fd p\u0159echod zimn\u00ed\/letn\u00ed \u010das, astrofunkce (zem\u011bpisn\u00e9 sou\u0159adnice, \u010dasov\u00e9 p\u00e1smo, korekce v\u00fdchodu a z\u00e1padu slunce), volba jazyka (CZ, EN, RUS)<br \/>Rezerva chodu: cca 90 dn\u00ed (dob\u00edjec\u00ed Li \u010dl\u00e1nek)<br \/>Pracovn\u00ed teplota: 0 \u00b0C a\u017e +50 \u00b0C<\/p>\n<div id=\"PDTable3\" class=\"ProductDetailTableView v3a v3 bs-view dcon dc175 PDTable3\" >\n<table>\n<thead><\/thead>\n<tbody>\n<tr class=\"attribute attr_bsshop_maker\">\n<td class=\"caption\">V\u00fdrobce<\/td>\n<td class=\"value\">ABB<\/td>\n<\/tr>\n<tr class=\"attribute attr_Barva\">\n<td class=\"caption\">Barva<\/td>\n<td class=\"value\">macchiato \/ b\u00edl\u00e1<\/td>\n<\/tr>\n<\/tbody>\n<\/table><\/div>\n<\/div>\n<\/div>\n<div id=\"e9090473\" class=\"tabs\">\n","protected":false},"excerpt":{"rendered":"<p>Hodiny sp\u00ednac\u00ed programovateln\u00e9 LEVIT macchiato\/b\u00edl\u00e1 Ovl\u00e1dac\u00ed jednotka (nutno pou\u017e\u00edt sp\u00ednac\u00ed p\u0159\u00edstroj).Provozn\u00ed re\u017eimy: manu\u00e1ln\u00ed, automatick\u00fd (1 z\u00e1kladn\u00ed nebo 3 roz\u0161\u00ed\u0159en\u00e9 \u010dasov\u00e9 programy),\u00a0automatick\u00fd astro, \u010dasova\u010d, dovolen\u00e1\u010casov\u00fd program: max. 70 \u010dasov\u00fdch zna\u010dek\u00a0 s rozli\u0161en\u00edm 5 minut, pro jednotliv\u00e9 dny v t\u00fddnu nebo Po-P\u00e1, So-Ne, Po-Ne.Dal\u0161\u00ed funkce: softwarov\u00e9 vypnut\u00ed, jas a kontrast displeje, z\u00e1mek tla\u010d\u00edtek, m\u011b\u0159en\u00ed prostorov\u00e9 teploty, vn\u011bj\u0161\u00ed [&hellip;]<\/p>\n","protected":false},"featured_media":78074,"comment_status":"open","ping_status":"open","template":"","meta":[],"product_brand":[],"product_cat":[43],"product_tag":[],"class_list":{"0":"post-77974","1":"product","2":"type-product","3":"status-publish","4":"has-post-thumbnail","6":"product_cat-vyp-237-nace-a-z-225-suvky","8":"first","9":"instock","10":"sale","11":"shipping-taxable","12":"purchasable","13":"product-type-simple"},"yoast_head":"<!-- This site is optimized with the Yoast SEO plugin v26.8 - https:\/\/yoast.com\/product\/yoast-seo-wordpress\/ -->\n<title>ABB 3292H-A20301 18 LEVIT Hodiny sp\u00ednac\u00ed programovatel macchiato\/b\u00edl\u00e1 Top Prodej -<\/title>\n<meta name=\"robots\" content=\"index, follow, max-snippet:-1, max-image-preview:large, max-video-preview:-1\" \/>\n<link rel=\"canonical\" href=\"https:\/\/www.domtechnikpro.com\/index.php\/produkt\/abb-3292h-a20301-18-levit-hodiny-spinaci-programovatel-macchiato-bila-top-prodej-77974\/\" \/>\n<meta property=\"og:locale\" content=\"cs_CZ\" \/>\n<meta property=\"og:type\" content=\"article\" \/>\n<meta property=\"og:title\" content=\"ABB 3292H-A20301 18 LEVIT Hodiny sp\u00ednac\u00ed programovatel macchiato\/b\u00edl\u00e1 Top Prodej -\" \/>\n<meta property=\"og:description\" content=\"Hodiny sp\u00ednac\u00ed programovateln\u00e9 LEVIT macchiato\/b\u00edl\u00e1 Ovl\u00e1dac\u00ed jednotka (nutno pou\u017e\u00edt sp\u00ednac\u00ed p\u0159\u00edstroj).Provozn\u00ed re\u017eimy: manu\u00e1ln\u00ed, automatick\u00fd (1 z\u00e1kladn\u00ed nebo 3 roz\u0161\u00ed\u0159en\u00e9 \u010dasov\u00e9 programy),\u00a0automatick\u00fd astro, \u010dasova\u010d, dovolen\u00e1\u010casov\u00fd program: max. 70 \u010dasov\u00fdch zna\u010dek\u00a0 s rozli\u0161en\u00edm 5 minut, pro jednotliv\u00e9 dny v t\u00fddnu nebo Po-P\u00e1, So-Ne, Po-Ne.Dal\u0161\u00ed funkce: softwarov\u00e9 vypnut\u00ed, jas a kontrast displeje, z\u00e1mek tla\u010d\u00edtek, m\u011b\u0159en\u00ed prostorov\u00e9 teploty, vn\u011bj\u0161\u00ed [&hellip;]\" \/>\n<meta property=\"og:url\" content=\"https:\/\/www.domtechnikpro.com\/index.php\/produkt\/abb-3292h-a20301-18-levit-hodiny-spinaci-programovatel-macchiato-bila-top-prodej-77974\/\" \/>\n<meta property=\"og:image\" content=\"https:\/\/www.domtechnikpro.com\/wp-content\/uploads\/2026\/SK0002871-CZ20260425-091623-0-1777079785-abb-3292h-a20301-18-levit-hodiny-spinaci-programovatel-macc.webp\" \/>\n\t<meta property=\"og:image:width\" content=\"1000\" \/>\n\t<meta property=\"og:image:height\" content=\"525\" \/>\n\t<meta property=\"og:image:type\" content=\"image\/webp\" \/>\n<meta name=\"twitter:card\" content=\"summary_large_image\" \/>\n<meta name=\"twitter:label1\" content=\"Odhadovan\u00e1 doba \u010dten\u00ed\" \/>\n\t<meta name=\"twitter:data1\" content=\"1 minuta\" \/>\n<script type=\"application\/ld+json\" class=\"yoast-schema-graph\">{\"@context\":\"https:\/\/schema.org\",\"@graph\":[{\"@type\":\"WebPage\",\"@id\":\"https:\/\/www.domtechnikpro.com\/index.php\/produkt\/abb-3292h-a20301-18-levit-hodiny-spinaci-programovatel-macchiato-bila-top-prodej-77974\/\",\"url\":\"https:\/\/www.domtechnikpro.com\/index.php\/produkt\/abb-3292h-a20301-18-levit-hodiny-spinaci-programovatel-macchiato-bila-top-prodej-77974\/\",\"name\":\"ABB 3292H-A20301 18 LEVIT Hodiny sp\u00ednac\u00ed programovatel macchiato\/b\u00edl\u00e1 Top Prodej -\",\"isPartOf\":{\"@id\":\"https:\/\/www.domtechnikpro.com\/#website\"},\"primaryImageOfPage\":{\"@id\":\"https:\/\/www.domtechnikpro.com\/index.php\/produkt\/abb-3292h-a20301-18-levit-hodiny-spinaci-programovatel-macchiato-bila-top-prodej-77974\/#primaryimage\"},\"image\":{\"@id\":\"https:\/\/www.domtechnikpro.com\/index.php\/produkt\/abb-3292h-a20301-18-levit-hodiny-spinaci-programovatel-macchiato-bila-top-prodej-77974\/#primaryimage\"},\"thumbnailUrl\":\"https:\/\/www.domtechnikpro.com\/wp-content\/uploads\/2026\/SK0002871-CZ20260425-091623-0-1777079785-abb-3292h-a20301-18-levit-hodiny-spinaci-programovatel-macc.webp\",\"datePublished\":\"2026-04-26T09:06:30+00:00\",\"breadcrumb\":{\"@id\":\"https:\/\/www.domtechnikpro.com\/index.php\/produkt\/abb-3292h-a20301-18-levit-hodiny-spinaci-programovatel-macchiato-bila-top-prodej-77974\/#breadcrumb\"},\"inLanguage\":\"cs\",\"potentialAction\":[{\"@type\":\"ReadAction\",\"target\":[\"https:\/\/www.domtechnikpro.com\/index.php\/produkt\/abb-3292h-a20301-18-levit-hodiny-spinaci-programovatel-macchiato-bila-top-prodej-77974\/\"]}]},{\"@type\":\"ImageObject\",\"inLanguage\":\"cs\",\"@id\":\"https:\/\/www.domtechnikpro.com\/index.php\/produkt\/abb-3292h-a20301-18-levit-hodiny-spinaci-programovatel-macchiato-bila-top-prodej-77974\/#primaryimage\",\"url\":\"https:\/\/www.domtechnikpro.com\/wp-content\/uploads\/2026\/SK0002871-CZ20260425-091623-0-1777079785-abb-3292h-a20301-18-levit-hodiny-spinaci-programovatel-macc.webp\",\"contentUrl\":\"https:\/\/www.domtechnikpro.com\/wp-content\/uploads\/2026\/SK0002871-CZ20260425-091623-0-1777079785-abb-3292h-a20301-18-levit-hodiny-spinaci-programovatel-macc.webp\",\"width\":1000,\"height\":525},{\"@type\":\"BreadcrumbList\",\"@id\":\"https:\/\/www.domtechnikpro.com\/index.php\/produkt\/abb-3292h-a20301-18-levit-hodiny-spinaci-programovatel-macchiato-bila-top-prodej-77974\/#breadcrumb\",\"itemListElement\":[{\"@type\":\"ListItem\",\"position\":1,\"name\":\"Home\",\"item\":\"https:\/\/www.domtechnikpro.com\/\"},{\"@type\":\"ListItem\",\"position\":2,\"name\":\"Products\",\"item\":\"https:\/\/www.domtechnikpro.com\/index.php\/products\/\"},{\"@type\":\"ListItem\",\"position\":3,\"name\":\"ABB 3292H-A20301 18 LEVIT Hodiny sp\u00ednac\u00ed programovatel macchiato\/b\u00edl\u00e1 Top Prodej\"}]},{\"@type\":\"WebSite\",\"@id\":\"https:\/\/www.domtechnikpro.com\/#website\",\"url\":\"https:\/\/www.domtechnikpro.com\/\",\"name\":\"\",\"description\":\"\",\"potentialAction\":[{\"@type\":\"SearchAction\",\"target\":{\"@type\":\"EntryPoint\",\"urlTemplate\":\"https:\/\/www.domtechnikpro.com\/?s={search_term_string}\"},\"query-input\":{\"@type\":\"PropertyValueSpecification\",\"valueRequired\":true,\"valueName\":\"search_term_string\"}}],\"inLanguage\":\"cs\"}]}<\/script>\n<!-- \/ Yoast SEO plugin. -->","yoast_head_json":{"title":"ABB 3292H-A20301 18 LEVIT Hodiny sp\u00ednac\u00ed programovatel macchiato\/b\u00edl\u00e1 Top Prodej -","robots":{"index":"index","follow":"follow","max-snippet":"max-snippet:-1","max-image-preview":"max-image-preview:large","max-video-preview":"max-video-preview:-1"},"canonical":"https:\/\/www.domtechnikpro.com\/index.php\/produkt\/abb-3292h-a20301-18-levit-hodiny-spinaci-programovatel-macchiato-bila-top-prodej-77974\/","og_locale":"cs_CZ","og_type":"article","og_title":"ABB 3292H-A20301 18 LEVIT Hodiny sp\u00ednac\u00ed programovatel macchiato\/b\u00edl\u00e1 Top Prodej -","og_description":"Hodiny sp\u00ednac\u00ed programovateln\u00e9 LEVIT macchiato\/b\u00edl\u00e1 Ovl\u00e1dac\u00ed jednotka (nutno pou\u017e\u00edt sp\u00ednac\u00ed p\u0159\u00edstroj).Provozn\u00ed re\u017eimy: manu\u00e1ln\u00ed, automatick\u00fd (1 z\u00e1kladn\u00ed nebo 3 roz\u0161\u00ed\u0159en\u00e9 \u010dasov\u00e9 programy),\u00a0automatick\u00fd astro, \u010dasova\u010d, dovolen\u00e1\u010casov\u00fd program: max. 70 \u010dasov\u00fdch zna\u010dek\u00a0 s rozli\u0161en\u00edm 5 minut, pro jednotliv\u00e9 dny v t\u00fddnu nebo Po-P\u00e1, So-Ne, Po-Ne.Dal\u0161\u00ed funkce: softwarov\u00e9 vypnut\u00ed, jas a kontrast displeje, z\u00e1mek tla\u010d\u00edtek, m\u011b\u0159en\u00ed prostorov\u00e9 teploty, vn\u011bj\u0161\u00ed [&hellip;]","og_url":"https:\/\/www.domtechnikpro.com\/index.php\/produkt\/abb-3292h-a20301-18-levit-hodiny-spinaci-programovatel-macchiato-bila-top-prodej-77974\/","og_image":[{"width":1000,"height":525,"url":"https:\/\/www.domtechnikpro.com\/wp-content\/uploads\/2026\/SK0002871-CZ20260425-091623-0-1777079785-abb-3292h-a20301-18-levit-hodiny-spinaci-programovatel-macc.webp","type":"image\/webp"}],"twitter_card":"summary_large_image","twitter_misc":{"Odhadovan\u00e1 doba \u010dten\u00ed":"1 minuta"},"schema":{"@context":"https:\/\/schema.org","@graph":[{"@type":"WebPage","@id":"https:\/\/www.domtechnikpro.com\/index.php\/produkt\/abb-3292h-a20301-18-levit-hodiny-spinaci-programovatel-macchiato-bila-top-prodej-77974\/","url":"https:\/\/www.domtechnikpro.com\/index.php\/produkt\/abb-3292h-a20301-18-levit-hodiny-spinaci-programovatel-macchiato-bila-top-prodej-77974\/","name":"ABB 3292H-A20301 18 LEVIT Hodiny sp\u00ednac\u00ed programovatel macchiato\/b\u00edl\u00e1 Top Prodej -","isPartOf":{"@id":"https:\/\/www.domtechnikpro.com\/#website"},"primaryImageOfPage":{"@id":"https:\/\/www.domtechnikpro.com\/index.php\/produkt\/abb-3292h-a20301-18-levit-hodiny-spinaci-programovatel-macchiato-bila-top-prodej-77974\/#primaryimage"},"image":{"@id":"https:\/\/www.domtechnikpro.com\/index.php\/produkt\/abb-3292h-a20301-18-levit-hodiny-spinaci-programovatel-macchiato-bila-top-prodej-77974\/#primaryimage"},"thumbnailUrl":"https:\/\/www.domtechnikpro.com\/wp-content\/uploads\/2026\/SK0002871-CZ20260425-091623-0-1777079785-abb-3292h-a20301-18-levit-hodiny-spinaci-programovatel-macc.webp","datePublished":"2026-04-26T09:06:30+00:00","breadcrumb":{"@id":"https:\/\/www.domtechnikpro.com\/index.php\/produkt\/abb-3292h-a20301-18-levit-hodiny-spinaci-programovatel-macchiato-bila-top-prodej-77974\/#breadcrumb"},"inLanguage":"cs","potentialAction":[{"@type":"ReadAction","target":["https:\/\/www.domtechnikpro.com\/index.php\/produkt\/abb-3292h-a20301-18-levit-hodiny-spinaci-programovatel-macchiato-bila-top-prodej-77974\/"]}]},{"@type":"ImageObject","inLanguage":"cs","@id":"https:\/\/www.domtechnikpro.com\/index.php\/produkt\/abb-3292h-a20301-18-levit-hodiny-spinaci-programovatel-macchiato-bila-top-prodej-77974\/#primaryimage","url":"https:\/\/www.domtechnikpro.com\/wp-content\/uploads\/2026\/SK0002871-CZ20260425-091623-0-1777079785-abb-3292h-a20301-18-levit-hodiny-spinaci-programovatel-macc.webp","contentUrl":"https:\/\/www.domtechnikpro.com\/wp-content\/uploads\/2026\/SK0002871-CZ20260425-091623-0-1777079785-abb-3292h-a20301-18-levit-hodiny-spinaci-programovatel-macc.webp","width":1000,"height":525},{"@type":"BreadcrumbList","@id":"https:\/\/www.domtechnikpro.com\/index.php\/produkt\/abb-3292h-a20301-18-levit-hodiny-spinaci-programovatel-macchiato-bila-top-prodej-77974\/#breadcrumb","itemListElement":[{"@type":"ListItem","position":1,"name":"Home","item":"https:\/\/www.domtechnikpro.com\/"},{"@type":"ListItem","position":2,"name":"Products","item":"https:\/\/www.domtechnikpro.com\/index.php\/products\/"},{"@type":"ListItem","position":3,"name":"ABB 3292H-A20301 18 LEVIT Hodiny sp\u00ednac\u00ed programovatel macchiato\/b\u00edl\u00e1 Top Prodej"}]},{"@type":"WebSite","@id":"https:\/\/www.domtechnikpro.com\/#website","url":"https:\/\/www.domtechnikpro.com\/","name":"","description":"","potentialAction":[{"@type":"SearchAction","target":{"@type":"EntryPoint","urlTemplate":"https:\/\/www.domtechnikpro.com\/?s={search_term_string}"},"query-input":{"@type":"PropertyValueSpecification","valueRequired":true,"valueName":"search_term_string"}}],"inLanguage":"cs"}]}},"_links":{"self":[{"href":"https:\/\/www.domtechnikpro.com\/index.php\/wp-json\/wp\/v2\/product\/77974","targetHints":{"allow":["GET"]}}],"collection":[{"href":"https:\/\/www.domtechnikpro.com\/index.php\/wp-json\/wp\/v2\/product"}],"about":[{"href":"https:\/\/www.domtechnikpro.com\/index.php\/wp-json\/wp\/v2\/types\/product"}],"replies":[{"embeddable":true,"href":"https:\/\/www.domtechnikpro.com\/index.php\/wp-json\/wp\/v2\/comments?post=77974"}],"wp:featuredmedia":[{"embeddable":true,"href":"https:\/\/www.domtechnikpro.com\/index.php\/wp-json\/wp\/v2\/media\/78074"}],"wp:attachment":[{"href":"https:\/\/www.domtechnikpro.com\/index.php\/wp-json\/wp\/v2\/media?parent=77974"}],"wp:term":[{"taxonomy":"product_brand","embeddable":true,"href":"https:\/\/www.domtechnikpro.com\/index.php\/wp-json\/wp\/v2\/product_brand?post=77974"},{"taxonomy":"product_cat","embeddable":true,"href":"https:\/\/www.domtechnikpro.com\/index.php\/wp-json\/wp\/v2\/product_cat?post=77974"},{"taxonomy":"product_tag","embeddable":true,"href":"https:\/\/www.domtechnikpro.com\/index.php\/wp-json\/wp\/v2\/product_tag?post=77974"}],"curies":[{"name":"wp","href":"https:\/\/api.w.org\/{rel}","templated":true}]}}