{"id":77963,"date":"2026-04-26T09:06:30","date_gmt":"2026-04-26T09:06:30","guid":{"rendered":""},"modified":"2026-04-26T09:06:30","modified_gmt":"2026-04-26T09:06:30","slug":"abb-3292h-a10301-17-levit-termostat-univerzalni-programovatelny-slonova-kost-bila-odeslani-ihned-77963","status":"publish","type":"product","link":"https:\/\/www.domtechnikpro.com\/index.php\/produkt\/abb-3292h-a10301-17-levit-termostat-univerzalni-programovatelny-slonova-kost-bila-odeslani-ihned-77963\/","title":{"rendered":"ABB 3292H-A10301 17 LEVIT Termostat univerz\u00e1ln\u00ed programovateln\u00fd slonov\u00e1 kost\/b\u00edl\u00e1 Odesl\u00e1n\u00ed Ihned"},"content":{"rendered":"<div id=\"e9089568\" class=\"pages\">\n<div id=\"PDDescription\" class=\"UserContentView userContent v1a v1 bs-view dcon dc150 PDDescription\" >\n<p>\u00a0<\/p>\n<h2><span style=\"color: #007980;\">Termostat univerz\u00e1ln\u00ed programovateln\u00fd LEVIT <\/span><\/h2>\n<p>\u00a0<\/p>\n<p>Ovl\u00e1dac\u00ed jednotka (nutno pou\u017e\u00edt sp\u00ednac\u00ed p\u0159\u00edstroj).<br \/>Voliteln\u00e1 funkce prostorov\u00e9ho, podlahov\u00e9ho nebo kombinovan\u00e9ho termostatu.<br \/>Nastaviteln\u00e9 teploty: 0 \u00b0C a\u017e +50 \u00b0C<br \/>Provozn\u00ed re\u017eimy: manu\u00e1ln\u00ed, automatick\u00fd (1 z\u00e1kladn\u00ed nebo 3 roz\u0161\u00ed\u0159en\u00e9 \u010dasov\u00e9 programy), dovolen\u00e1<br \/>Z\u00e1kladn\u00ed program: volba ze\u00a0 2 p\u0159ednastaven\u00fdch teplot &#8211; komfortn\u00ed a \u00fatlumov\u00e9<br \/>Roz\u0161\u00ed\u0159en\u00fd program: nav\u00edc mo\u017enost libovoln\u011b nastaviteln\u00e9 teploty<\/p>\n<p>\u00a0<\/p>\n<p><span style=\"color: #007980;\"><strong>\u010casov\u00fd program:<\/strong><\/span> max. 70 \u010dasov\u00fdch zna\u010dek s rozli\u0161en\u00edm 5 minut, pro jednotliv\u00e9 dny v t\u00fddnu nebo Po-P\u00e1, So-Ne, Po-Ne.<\/p>\n<p>\u00a0<\/p>\n<p><strong><span style=\"color: #007980;\">Dal\u0161\u00ed funkce:<\/span> <\/strong>softwarov\u00e9 vypnut\u00ed, volba topen\u00ed nebo chlazen\u00ed, jas a kontrast displeje, z\u00e1mek tla\u010d\u00edtek, volba teplotn\u00edho sn\u00edma\u010de, minim\u00e1ln\u00ed a maxim\u00e1ln\u00ed limitn\u00ed teplota, vn\u011bj\u0161\u00ed ovl\u00e1d\u00e1n\u00ed kontaktem, adaptivn\u00ed regulace, funkce p\u0159edv\u00edd\u00e1n\u00ed, omezen\u00ed nastaviteln\u00fdch teplot, po\u010d\u00edtadlo provozn\u00edch hodin, protimrazov\u00e1 ochrana, ochrana ventil\u016f, inverze funkce v\u00fdstupu, automatick\u00fd p\u0159echod zimn\u00ed\/letn\u00ed \u010das, volba jazyka (CZ, EN, RUS)<\/p>\n<p>\u00a0<\/p>\n<p><strong><span style=\"color: #007980;\">Rezerva chodu<\/span><\/strong>: cca 90 dn\u00ed (dob\u00edjec\u00ed Li \u010dl\u00e1nek)<\/p>\n<p>\u00a0<\/p>\n<p><strong><span style=\"color: #007980;\">Pracovn\u00ed teplota<\/span><\/strong>: 0 \u00b0C a\u017e +50 \u00b0C<\/p>\n<p>\u00a0<\/p>\n<p><strong><span style=\"color: #007980;\">Sn\u00edma\u010d teploty pro podlahov\u00e9 vyt\u00e1p\u011bn\u00ed:<\/span><\/strong> 3292U-A90100 (nen\u00ed v dod\u00e1vce)<\/p>\n<p>\u00a0<\/p>\n<p>Displej sv\u00edt\u00ed pouze p\u0159i nap\u00e1jen\u00ed z 230 V. Jestli\u017ee se pro elektrick\u00e9 vyt\u00e1p\u011bn\u00ed vyu\u017e\u00edv\u00e1 dvoutarifov\u00fd re\u017eim \u0159\u00edzen\u00fd sign\u00e1lem HDO, doporu\u010duje se zajistit trval\u00e9 nap\u00e1jen\u00ed sp\u00ednac\u00ed jednotky, aby p\u0159i odpojen\u00e9m nap\u00e1jen\u00ed nezhas\u00ednal displej ovl\u00e1dac\u00ed jednotky.<\/p>\n<p>\u00a0<\/p>\n<p>N\u00e1vod k instalaci ZDE:<\/p>\n<p>\u00a0<\/p>\n<p>\u00a0<\/p>\n<p>\u00a0<\/p>\n<div id=\"PDTable3\" class=\"ProductDetailTableView v3a v3 bs-view dcon dc175 PDTable3\" >\n<table>\n<thead><\/thead>\n<tbody>\n<tr class=\"attribute attr_bsshop_maker\">\n<td class=\"caption\">V\u00fdrobce<\/td>\n<td class=\"value\">ABB<\/td>\n<\/tr>\n<tr class=\"attribute attr_Barva\">\n<td class=\"caption\">Barva<\/td>\n<td class=\"value\">slonov\u00e1 kost \/ b\u00edl\u00e1<\/td>\n<\/tr>\n<\/tbody>\n<\/table><\/div>\n<\/div>\n<\/div>\n<div id=\"e9089569\" class=\"tabs\">\n","protected":false},"excerpt":{"rendered":"<p>\u00a0 Termostat univerz\u00e1ln\u00ed programovateln\u00fd LEVIT \u00a0 Ovl\u00e1dac\u00ed jednotka (nutno pou\u017e\u00edt sp\u00ednac\u00ed p\u0159\u00edstroj).Voliteln\u00e1 funkce prostorov\u00e9ho, podlahov\u00e9ho nebo kombinovan\u00e9ho termostatu.Nastaviteln\u00e9 teploty: 0 \u00b0C a\u017e +50 \u00b0CProvozn\u00ed re\u017eimy: manu\u00e1ln\u00ed, automatick\u00fd (1 z\u00e1kladn\u00ed nebo 3 roz\u0161\u00ed\u0159en\u00e9 \u010dasov\u00e9 programy), dovolen\u00e1Z\u00e1kladn\u00ed program: volba ze\u00a0 2 p\u0159ednastaven\u00fdch teplot &#8211; komfortn\u00ed a \u00fatlumov\u00e9Roz\u0161\u00ed\u0159en\u00fd program: nav\u00edc mo\u017enost libovoln\u011b nastaviteln\u00e9 teploty \u00a0 \u010casov\u00fd program: max. [&hellip;]<\/p>\n","protected":false},"featured_media":78063,"comment_status":"open","ping_status":"open","template":"","meta":[],"product_brand":[],"product_cat":[43],"product_tag":[],"class_list":{"0":"post-77963","1":"product","2":"type-product","3":"status-publish","4":"has-post-thumbnail","6":"product_cat-vyp-237-nace-a-z-225-suvky","8":"first","9":"instock","10":"sale","11":"shipping-taxable","12":"purchasable","13":"product-type-simple"},"yoast_head":"<!-- This site is optimized with the Yoast SEO plugin v26.8 - https:\/\/yoast.com\/product\/yoast-seo-wordpress\/ -->\n<title>ABB 3292H-A10301 17 LEVIT Termostat univerz\u00e1ln\u00ed programovateln\u00fd slonov\u00e1 kost\/b\u00edl\u00e1 Odesl\u00e1n\u00ed Ihned -<\/title>\n<meta name=\"robots\" content=\"index, follow, max-snippet:-1, max-image-preview:large, max-video-preview:-1\" \/>\n<link rel=\"canonical\" href=\"https:\/\/www.domtechnikpro.com\/index.php\/produkt\/abb-3292h-a10301-17-levit-termostat-univerzalni-programovatelny-slonova-kost-bila-odeslani-ihned-77963\/\" \/>\n<meta property=\"og:locale\" content=\"cs_CZ\" \/>\n<meta property=\"og:type\" content=\"article\" \/>\n<meta property=\"og:title\" content=\"ABB 3292H-A10301 17 LEVIT Termostat univerz\u00e1ln\u00ed programovateln\u00fd slonov\u00e1 kost\/b\u00edl\u00e1 Odesl\u00e1n\u00ed Ihned -\" \/>\n<meta property=\"og:description\" content=\"\u00a0 Termostat univerz\u00e1ln\u00ed programovateln\u00fd LEVIT \u00a0 Ovl\u00e1dac\u00ed jednotka (nutno pou\u017e\u00edt sp\u00ednac\u00ed p\u0159\u00edstroj).Voliteln\u00e1 funkce prostorov\u00e9ho, podlahov\u00e9ho nebo kombinovan\u00e9ho termostatu.Nastaviteln\u00e9 teploty: 0 \u00b0C a\u017e +50 \u00b0CProvozn\u00ed re\u017eimy: manu\u00e1ln\u00ed, automatick\u00fd (1 z\u00e1kladn\u00ed nebo 3 roz\u0161\u00ed\u0159en\u00e9 \u010dasov\u00e9 programy), dovolen\u00e1Z\u00e1kladn\u00ed program: volba ze\u00a0 2 p\u0159ednastaven\u00fdch teplot &#8211; komfortn\u00ed a \u00fatlumov\u00e9Roz\u0161\u00ed\u0159en\u00fd program: nav\u00edc mo\u017enost libovoln\u011b nastaviteln\u00e9 teploty \u00a0 \u010casov\u00fd program: max. [&hellip;]\" \/>\n<meta property=\"og:url\" content=\"https:\/\/www.domtechnikpro.com\/index.php\/produkt\/abb-3292h-a10301-17-levit-termostat-univerzalni-programovatelny-slonova-kost-bila-odeslani-ihned-77963\/\" \/>\n<meta property=\"og:image\" content=\"https:\/\/www.domtechnikpro.com\/wp-content\/uploads\/2026\/SK0002860-CZ20260425-091623-0-1777079785-abb-3292h-a10301-17-levit-termostat-univerzalni-programovat.webp\" \/>\n\t<meta property=\"og:image:width\" content=\"1000\" \/>\n\t<meta property=\"og:image:height\" content=\"525\" \/>\n\t<meta property=\"og:image:type\" content=\"image\/webp\" \/>\n<meta name=\"twitter:card\" content=\"summary_large_image\" \/>\n<meta name=\"twitter:label1\" content=\"Odhadovan\u00e1 doba \u010dten\u00ed\" \/>\n\t<meta name=\"twitter:data1\" content=\"1 minuta\" \/>\n<script type=\"application\/ld+json\" class=\"yoast-schema-graph\">{\"@context\":\"https:\/\/schema.org\",\"@graph\":[{\"@type\":\"WebPage\",\"@id\":\"https:\/\/www.domtechnikpro.com\/index.php\/produkt\/abb-3292h-a10301-17-levit-termostat-univerzalni-programovatelny-slonova-kost-bila-odeslani-ihned-77963\/\",\"url\":\"https:\/\/www.domtechnikpro.com\/index.php\/produkt\/abb-3292h-a10301-17-levit-termostat-univerzalni-programovatelny-slonova-kost-bila-odeslani-ihned-77963\/\",\"name\":\"ABB 3292H-A10301 17 LEVIT Termostat univerz\u00e1ln\u00ed programovateln\u00fd slonov\u00e1 kost\/b\u00edl\u00e1 Odesl\u00e1n\u00ed Ihned -\",\"isPartOf\":{\"@id\":\"https:\/\/www.domtechnikpro.com\/#website\"},\"primaryImageOfPage\":{\"@id\":\"https:\/\/www.domtechnikpro.com\/index.php\/produkt\/abb-3292h-a10301-17-levit-termostat-univerzalni-programovatelny-slonova-kost-bila-odeslani-ihned-77963\/#primaryimage\"},\"image\":{\"@id\":\"https:\/\/www.domtechnikpro.com\/index.php\/produkt\/abb-3292h-a10301-17-levit-termostat-univerzalni-programovatelny-slonova-kost-bila-odeslani-ihned-77963\/#primaryimage\"},\"thumbnailUrl\":\"https:\/\/www.domtechnikpro.com\/wp-content\/uploads\/2026\/SK0002860-CZ20260425-091623-0-1777079785-abb-3292h-a10301-17-levit-termostat-univerzalni-programovat.webp\",\"datePublished\":\"2026-04-26T09:06:30+00:00\",\"breadcrumb\":{\"@id\":\"https:\/\/www.domtechnikpro.com\/index.php\/produkt\/abb-3292h-a10301-17-levit-termostat-univerzalni-programovatelny-slonova-kost-bila-odeslani-ihned-77963\/#breadcrumb\"},\"inLanguage\":\"cs\",\"potentialAction\":[{\"@type\":\"ReadAction\",\"target\":[\"https:\/\/www.domtechnikpro.com\/index.php\/produkt\/abb-3292h-a10301-17-levit-termostat-univerzalni-programovatelny-slonova-kost-bila-odeslani-ihned-77963\/\"]}]},{\"@type\":\"ImageObject\",\"inLanguage\":\"cs\",\"@id\":\"https:\/\/www.domtechnikpro.com\/index.php\/produkt\/abb-3292h-a10301-17-levit-termostat-univerzalni-programovatelny-slonova-kost-bila-odeslani-ihned-77963\/#primaryimage\",\"url\":\"https:\/\/www.domtechnikpro.com\/wp-content\/uploads\/2026\/SK0002860-CZ20260425-091623-0-1777079785-abb-3292h-a10301-17-levit-termostat-univerzalni-programovat.webp\",\"contentUrl\":\"https:\/\/www.domtechnikpro.com\/wp-content\/uploads\/2026\/SK0002860-CZ20260425-091623-0-1777079785-abb-3292h-a10301-17-levit-termostat-univerzalni-programovat.webp\",\"width\":1000,\"height\":525},{\"@type\":\"BreadcrumbList\",\"@id\":\"https:\/\/www.domtechnikpro.com\/index.php\/produkt\/abb-3292h-a10301-17-levit-termostat-univerzalni-programovatelny-slonova-kost-bila-odeslani-ihned-77963\/#breadcrumb\",\"itemListElement\":[{\"@type\":\"ListItem\",\"position\":1,\"name\":\"Home\",\"item\":\"https:\/\/www.domtechnikpro.com\/\"},{\"@type\":\"ListItem\",\"position\":2,\"name\":\"Products\",\"item\":\"https:\/\/www.domtechnikpro.com\/index.php\/products\/\"},{\"@type\":\"ListItem\",\"position\":3,\"name\":\"ABB 3292H-A10301 17 LEVIT Termostat univerz\u00e1ln\u00ed programovateln\u00fd slonov\u00e1 kost\/b\u00edl\u00e1 Odesl\u00e1n\u00ed Ihned\"}]},{\"@type\":\"WebSite\",\"@id\":\"https:\/\/www.domtechnikpro.com\/#website\",\"url\":\"https:\/\/www.domtechnikpro.com\/\",\"name\":\"\",\"description\":\"\",\"potentialAction\":[{\"@type\":\"SearchAction\",\"target\":{\"@type\":\"EntryPoint\",\"urlTemplate\":\"https:\/\/www.domtechnikpro.com\/?s={search_term_string}\"},\"query-input\":{\"@type\":\"PropertyValueSpecification\",\"valueRequired\":true,\"valueName\":\"search_term_string\"}}],\"inLanguage\":\"cs\"}]}<\/script>\n<!-- \/ Yoast SEO plugin. -->","yoast_head_json":{"title":"ABB 3292H-A10301 17 LEVIT Termostat univerz\u00e1ln\u00ed programovateln\u00fd slonov\u00e1 kost\/b\u00edl\u00e1 Odesl\u00e1n\u00ed Ihned -","robots":{"index":"index","follow":"follow","max-snippet":"max-snippet:-1","max-image-preview":"max-image-preview:large","max-video-preview":"max-video-preview:-1"},"canonical":"https:\/\/www.domtechnikpro.com\/index.php\/produkt\/abb-3292h-a10301-17-levit-termostat-univerzalni-programovatelny-slonova-kost-bila-odeslani-ihned-77963\/","og_locale":"cs_CZ","og_type":"article","og_title":"ABB 3292H-A10301 17 LEVIT Termostat univerz\u00e1ln\u00ed programovateln\u00fd slonov\u00e1 kost\/b\u00edl\u00e1 Odesl\u00e1n\u00ed Ihned -","og_description":"\u00a0 Termostat univerz\u00e1ln\u00ed programovateln\u00fd LEVIT \u00a0 Ovl\u00e1dac\u00ed jednotka (nutno pou\u017e\u00edt sp\u00ednac\u00ed p\u0159\u00edstroj).Voliteln\u00e1 funkce prostorov\u00e9ho, podlahov\u00e9ho nebo kombinovan\u00e9ho termostatu.Nastaviteln\u00e9 teploty: 0 \u00b0C a\u017e +50 \u00b0CProvozn\u00ed re\u017eimy: manu\u00e1ln\u00ed, automatick\u00fd (1 z\u00e1kladn\u00ed nebo 3 roz\u0161\u00ed\u0159en\u00e9 \u010dasov\u00e9 programy), dovolen\u00e1Z\u00e1kladn\u00ed program: volba ze\u00a0 2 p\u0159ednastaven\u00fdch teplot &#8211; komfortn\u00ed a \u00fatlumov\u00e9Roz\u0161\u00ed\u0159en\u00fd program: nav\u00edc mo\u017enost libovoln\u011b nastaviteln\u00e9 teploty \u00a0 \u010casov\u00fd program: max. [&hellip;]","og_url":"https:\/\/www.domtechnikpro.com\/index.php\/produkt\/abb-3292h-a10301-17-levit-termostat-univerzalni-programovatelny-slonova-kost-bila-odeslani-ihned-77963\/","og_image":[{"width":1000,"height":525,"url":"https:\/\/www.domtechnikpro.com\/wp-content\/uploads\/2026\/SK0002860-CZ20260425-091623-0-1777079785-abb-3292h-a10301-17-levit-termostat-univerzalni-programovat.webp","type":"image\/webp"}],"twitter_card":"summary_large_image","twitter_misc":{"Odhadovan\u00e1 doba \u010dten\u00ed":"1 minuta"},"schema":{"@context":"https:\/\/schema.org","@graph":[{"@type":"WebPage","@id":"https:\/\/www.domtechnikpro.com\/index.php\/produkt\/abb-3292h-a10301-17-levit-termostat-univerzalni-programovatelny-slonova-kost-bila-odeslani-ihned-77963\/","url":"https:\/\/www.domtechnikpro.com\/index.php\/produkt\/abb-3292h-a10301-17-levit-termostat-univerzalni-programovatelny-slonova-kost-bila-odeslani-ihned-77963\/","name":"ABB 3292H-A10301 17 LEVIT Termostat univerz\u00e1ln\u00ed programovateln\u00fd slonov\u00e1 kost\/b\u00edl\u00e1 Odesl\u00e1n\u00ed Ihned -","isPartOf":{"@id":"https:\/\/www.domtechnikpro.com\/#website"},"primaryImageOfPage":{"@id":"https:\/\/www.domtechnikpro.com\/index.php\/produkt\/abb-3292h-a10301-17-levit-termostat-univerzalni-programovatelny-slonova-kost-bila-odeslani-ihned-77963\/#primaryimage"},"image":{"@id":"https:\/\/www.domtechnikpro.com\/index.php\/produkt\/abb-3292h-a10301-17-levit-termostat-univerzalni-programovatelny-slonova-kost-bila-odeslani-ihned-77963\/#primaryimage"},"thumbnailUrl":"https:\/\/www.domtechnikpro.com\/wp-content\/uploads\/2026\/SK0002860-CZ20260425-091623-0-1777079785-abb-3292h-a10301-17-levit-termostat-univerzalni-programovat.webp","datePublished":"2026-04-26T09:06:30+00:00","breadcrumb":{"@id":"https:\/\/www.domtechnikpro.com\/index.php\/produkt\/abb-3292h-a10301-17-levit-termostat-univerzalni-programovatelny-slonova-kost-bila-odeslani-ihned-77963\/#breadcrumb"},"inLanguage":"cs","potentialAction":[{"@type":"ReadAction","target":["https:\/\/www.domtechnikpro.com\/index.php\/produkt\/abb-3292h-a10301-17-levit-termostat-univerzalni-programovatelny-slonova-kost-bila-odeslani-ihned-77963\/"]}]},{"@type":"ImageObject","inLanguage":"cs","@id":"https:\/\/www.domtechnikpro.com\/index.php\/produkt\/abb-3292h-a10301-17-levit-termostat-univerzalni-programovatelny-slonova-kost-bila-odeslani-ihned-77963\/#primaryimage","url":"https:\/\/www.domtechnikpro.com\/wp-content\/uploads\/2026\/SK0002860-CZ20260425-091623-0-1777079785-abb-3292h-a10301-17-levit-termostat-univerzalni-programovat.webp","contentUrl":"https:\/\/www.domtechnikpro.com\/wp-content\/uploads\/2026\/SK0002860-CZ20260425-091623-0-1777079785-abb-3292h-a10301-17-levit-termostat-univerzalni-programovat.webp","width":1000,"height":525},{"@type":"BreadcrumbList","@id":"https:\/\/www.domtechnikpro.com\/index.php\/produkt\/abb-3292h-a10301-17-levit-termostat-univerzalni-programovatelny-slonova-kost-bila-odeslani-ihned-77963\/#breadcrumb","itemListElement":[{"@type":"ListItem","position":1,"name":"Home","item":"https:\/\/www.domtechnikpro.com\/"},{"@type":"ListItem","position":2,"name":"Products","item":"https:\/\/www.domtechnikpro.com\/index.php\/products\/"},{"@type":"ListItem","position":3,"name":"ABB 3292H-A10301 17 LEVIT Termostat univerz\u00e1ln\u00ed programovateln\u00fd slonov\u00e1 kost\/b\u00edl\u00e1 Odesl\u00e1n\u00ed Ihned"}]},{"@type":"WebSite","@id":"https:\/\/www.domtechnikpro.com\/#website","url":"https:\/\/www.domtechnikpro.com\/","name":"","description":"","potentialAction":[{"@type":"SearchAction","target":{"@type":"EntryPoint","urlTemplate":"https:\/\/www.domtechnikpro.com\/?s={search_term_string}"},"query-input":{"@type":"PropertyValueSpecification","valueRequired":true,"valueName":"search_term_string"}}],"inLanguage":"cs"}]}},"_links":{"self":[{"href":"https:\/\/www.domtechnikpro.com\/index.php\/wp-json\/wp\/v2\/product\/77963","targetHints":{"allow":["GET"]}}],"collection":[{"href":"https:\/\/www.domtechnikpro.com\/index.php\/wp-json\/wp\/v2\/product"}],"about":[{"href":"https:\/\/www.domtechnikpro.com\/index.php\/wp-json\/wp\/v2\/types\/product"}],"replies":[{"embeddable":true,"href":"https:\/\/www.domtechnikpro.com\/index.php\/wp-json\/wp\/v2\/comments?post=77963"}],"wp:featuredmedia":[{"embeddable":true,"href":"https:\/\/www.domtechnikpro.com\/index.php\/wp-json\/wp\/v2\/media\/78063"}],"wp:attachment":[{"href":"https:\/\/www.domtechnikpro.com\/index.php\/wp-json\/wp\/v2\/media?parent=77963"}],"wp:term":[{"taxonomy":"product_brand","embeddable":true,"href":"https:\/\/www.domtechnikpro.com\/index.php\/wp-json\/wp\/v2\/product_brand?post=77963"},{"taxonomy":"product_cat","embeddable":true,"href":"https:\/\/www.domtechnikpro.com\/index.php\/wp-json\/wp\/v2\/product_cat?post=77963"},{"taxonomy":"product_tag","embeddable":true,"href":"https:\/\/www.domtechnikpro.com\/index.php\/wp-json\/wp\/v2\/product_tag?post=77963"}],"curies":[{"name":"wp","href":"https:\/\/api.w.org\/{rel}","templated":true}]}}