{"id":77956,"date":"2026-04-26T09:06:30","date_gmt":"2026-04-26T09:06:30","guid":{"rendered":""},"modified":"2026-04-26T09:06:30","modified_gmt":"2026-04-26T09:06:30","slug":"znackovy-weidmuller-patice-2p-wei-2pol-src-i-2co-n-sroubove-svorky-8869480000-77956","status":"publish","type":"product","link":"https:\/\/www.domtechnikpro.com\/index.php\/produkt\/znackovy-weidmuller-patice-2p-wei-2pol-src-i-2co-n-sroubove-svorky-8869480000-77956\/","title":{"rendered":"Zna\u010dkov\u00fd Weidmuller patice 2P WEI 2pol SRC-I 2CO N \u0161roubov\u00e9 svorky \/8869480000\/"},"content":{"rendered":"<div id=\"e9088885\" class=\"pages\">\n<div id=\"PDDescription\" class=\"UserContentView userContent v1a v1 bs-view dcon dc150 PDDescription\" >\n<p><span style=\"text-align: left; color: #333333; text-transform: none; text-indent: 0px; letter-spacing: normal; font-family: Arial, Helvetica, sans-serif; font-size: 14px; font-style: normal; font-weight: 400; word-spacing: 0px; float: none; display: inline !important; white-space: normal; orphans: 2; widows: 2; background-color: #ffffff; font-variant-ligatures: normal; font-variant-caps: normal; -webkit-text-stroke-width: 0px; text-decoration-style: initial; text-decoration-color: initial;\">Typ produktu: Patice\u00a0<\/span><br style=\"text-align: left; color: #333333; text-transform: none; text-indent: 0px; letter-spacing: normal; font-family: Arial, Helvetica, sans-serif; font-size: 14px; font-style: normal; font-weight: 400; word-spacing: 0px; white-space: normal; orphans: 2; widows: 2; background-color: #ffffff; font-variant-ligatures: normal; font-variant-caps: normal; -webkit-text-stroke-width: 0px; text-decoration-style: initial; text-decoration-color: initial;\"><span style=\"text-align: left; color: #333333; text-transform: none; text-indent: 0px; letter-spacing: normal; font-family: Arial, Helvetica, sans-serif; font-size: 14px; font-style: normal; font-weight: 400; word-spacing: 0px; float: none; display: inline !important; white-space: normal; orphans: 2; widows: 2; background-color: #ffffff; font-variant-ligatures: normal; font-variant-caps: normal; -webkit-text-stroke-width: 0px; text-decoration-style: initial; text-decoration-color: initial;\">Typ patice: oboustrann\u00e1\u00a0<\/span><br style=\"text-align: left; color: #333333; text-transform: none; text-indent: 0px; letter-spacing: normal; font-family: Arial, Helvetica, sans-serif; font-size: 14px; font-style: normal; font-weight: 400; word-spacing: 0px; white-space: normal; orphans: 2; widows: 2; background-color: #ffffff; font-variant-ligatures: normal; font-variant-caps: normal; -webkit-text-stroke-width: 0px; text-decoration-style: initial; text-decoration-color: initial;\"><span style=\"text-align: left; color: #333333; text-transform: none; text-indent: 0px; letter-spacing: normal; font-family: Arial, Helvetica, sans-serif; font-size: 14px; font-style: normal; font-weight: 400; word-spacing: 0px; float: none; display: inline !important; white-space: normal; orphans: 2; widows: 2; background-color: #ffffff; font-variant-ligatures: normal; font-variant-caps: normal; -webkit-text-stroke-width: 0px; text-decoration-style: initial; text-decoration-color: initial;\">Kompatibilita p\u0159\u00edstroje:<\/span><br style=\"text-align: left; color: #333333; text-transform: none; text-indent: 0px; letter-spacing: normal; font-family: Arial, Helvetica, sans-serif; font-size: 14px; font-style: normal; font-weight: 400; word-spacing: 0px; white-space: normal; orphans: 2; widows: 2; background-color: #ffffff; font-variant-ligatures: normal; font-variant-caps: normal; -webkit-text-stroke-width: 0px; text-decoration-style: initial; text-decoration-color: initial;\"><span style=\"text-align: left; color: #333333; text-transform: none; text-indent: 0px; letter-spacing: normal; font-family: Arial, Helvetica, sans-serif; font-size: 14px; font-style: normal; font-weight: 400; word-spacing: 0px; float: none; display: inline !important; white-space: normal; orphans: 2; widows: 2; background-color: #ffffff; font-variant-ligatures: normal; font-variant-caps: normal; -webkit-text-stroke-width: 0px; text-decoration-style: initial; text-decoration-color: initial;\">&#8211; Paticov\u00e9 rel\u00e9 RSB (2 Z\/V)\u00a0<\/span><br style=\"text-align: left; color: #333333; text-transform: none; text-indent: 0px; letter-spacing: normal; font-family: Arial, Helvetica, sans-serif; font-size: 14px; font-style: normal; font-weight: 400; word-spacing: 0px; white-space: normal; orphans: 2; widows: 2; background-color: #ffffff; font-variant-ligatures: normal; font-variant-caps: normal; -webkit-text-stroke-width: 0px; text-decoration-style: initial; text-decoration-color: initial;\"><span style=\"text-align: left; color: #333333; text-transform: none; text-indent: 0px; letter-spacing: normal; font-family: Arial, Helvetica, sans-serif; font-size: 14px; font-style: normal; font-weight: 400; word-spacing: 0px; float: none; display: inline !important; white-space: normal; orphans: 2; widows: 2; background-color: #ffffff; font-variant-ligatures: normal; font-variant-caps: normal; -webkit-text-stroke-width: 0px; text-decoration-style: initial; text-decoration-color: initial;\">&#8211; Paticov\u00e9 rel\u00e9 RSB (1 V\/Z)\u00a0<\/span><br style=\"text-align: left; color: #333333; text-transform: none; text-indent: 0px; letter-spacing: normal; font-family: Arial, Helvetica, sans-serif; font-size: 14px; font-style: normal; font-weight: 400; word-spacing: 0px; white-space: normal; orphans: 2; widows: 2; background-color: #ffffff; font-variant-ligatures: normal; font-variant-caps: normal; -webkit-text-stroke-width: 0px; text-decoration-style: initial; text-decoration-color: initial;\"><span style=\"text-align: left; color: #333333; text-transform: none; text-indent: 0px; letter-spacing: normal; font-family: Arial, Helvetica, sans-serif; font-size: 14px; font-style: normal; font-weight: 400; word-spacing: 0px; float: none; display: inline !important; white-space: normal; orphans: 2; widows: 2; background-color: #ffffff; font-variant-ligatures: normal; font-variant-caps: normal; -webkit-text-stroke-width: 0px; text-decoration-style: initial; text-decoration-color: initial;\">Tvar pinu: Ploch\u00fd<\/span><br style=\"text-align: left; color: #333333; text-transform: none; text-indent: 0px; letter-spacing: normal; font-family: Arial, Helvetica, sans-serif; font-size: 14px; font-style: normal; font-weight: 400; word-spacing: 0px; white-space: normal; orphans: 2; widows: 2; background-color: #ffffff; font-variant-ligatures: normal; font-variant-caps: normal; -webkit-text-stroke-width: 0px; text-decoration-style: initial; text-decoration-color: initial;\"><br style=\"text-align: left; color: #333333; text-transform: none; text-indent: 0px; letter-spacing: normal; font-family: Arial, Helvetica, sans-serif; font-size: 14px; font-style: normal; font-weight: 400; word-spacing: 0px; white-space: normal; orphans: 2; widows: 2; background-color: #ffffff; font-variant-ligatures: normal; font-variant-caps: normal; -webkit-text-stroke-width: 0px; text-decoration-style: initial; text-decoration-color: initial;\"><span style=\"text-align: left; color: #333333; text-transform: none; text-indent: 0px; letter-spacing: normal; font-family: Arial, Helvetica, sans-serif; font-size: 14px; font-style: normal; font-weight: 400; word-spacing: 0px; float: none; display: inline !important; white-space: normal; orphans: 2; widows: 2; background-color: #ffffff; font-variant-ligatures: normal; font-variant-caps: normal; -webkit-text-stroke-width: 0px; text-decoration-style: initial; text-decoration-color: initial;\">[Ith] jmenovit\u00fd tepeln\u00fd proud: 10 A<\/span><br style=\"text-align: left; color: #333333; text-transform: none; text-indent: 0px; letter-spacing: normal; font-family: Arial, Helvetica, sans-serif; font-size: 14px; font-style: normal; font-weight: 400; word-spacing: 0px; white-space: normal; orphans: 2; widows: 2; background-color: #ffffff; font-variant-ligatures: normal; font-variant-caps: normal; -webkit-text-stroke-width: 0px; text-decoration-style: initial; text-decoration-color: initial;\"><span style=\"text-align: left; color: #333333; text-transform: none; text-indent: 0px; letter-spacing: normal; font-family: Arial, Helvetica, sans-serif; font-size: 14px; font-style: normal; font-weight: 400; word-spacing: 0px; float: none; display: inline !important; white-space: normal; orphans: 2; widows: 2; background-color: #ffffff; font-variant-ligatures: normal; font-variant-caps: normal; -webkit-text-stroke-width: 0px; text-decoration-style: initial; text-decoration-color: initial;\">[Ue] jmenovit\u00e9 pracovn\u00ed nap\u011bt\u00ed: &lt; 250 V AC<\/span><\/p>\n<div id=\"PDTable3\" class=\"ProductDetailTableView v3a v3 bs-view dcon dc175 PDTable3\" >\n<table>\n<thead><\/thead>\n<tbody>\n<tr class=\"attribute attr_bsshop_maker\">\n<td class=\"caption\">V\u00fdrobce<\/td>\n<td class=\"value\">Weidmuller<\/td>\n<\/tr>\n<\/tbody>\n<\/table><\/div>\n<\/div>\n<\/div>\n<div id=\"e9088886\" class=\"tabs\">\n","protected":false},"excerpt":{"rendered":"<p>Typ produktu: Patice\u00a0Typ patice: oboustrann\u00e1\u00a0Kompatibilita p\u0159\u00edstroje:&#8211; Paticov\u00e9 rel\u00e9 RSB (2 Z\/V)\u00a0&#8211; Paticov\u00e9 rel\u00e9 RSB (1 V\/Z)\u00a0Tvar pinu: Ploch\u00fd[Ith] jmenovit\u00fd tepeln\u00fd proud: 10 A[Ue] jmenovit\u00e9 pracovn\u00ed nap\u011bt\u00ed: &lt; 250 V AC V\u00fdrobce Weidmuller<\/p>\n","protected":false},"featured_media":78056,"comment_status":"open","ping_status":"open","template":"","meta":[],"product_brand":[],"product_cat":[39],"product_tag":[],"class_list":{"0":"post-77956","1":"product","2":"type-product","3":"status-publish","4":"has-post-thumbnail","6":"product_cat-elektromateri-225-l","8":"first","9":"instock","10":"sale","11":"shipping-taxable","12":"purchasable","13":"product-type-simple"},"yoast_head":"<!-- This site is optimized with the Yoast SEO plugin v26.8 - https:\/\/yoast.com\/product\/yoast-seo-wordpress\/ -->\n<title>Zna\u010dkov\u00fd Weidmuller patice 2P WEI 2pol SRC-I 2CO N \u0161roubov\u00e9 svorky \/8869480000\/ -<\/title>\n<meta name=\"robots\" content=\"index, follow, max-snippet:-1, max-image-preview:large, max-video-preview:-1\" \/>\n<link rel=\"canonical\" href=\"https:\/\/www.domtechnikpro.com\/index.php\/produkt\/znackovy-weidmuller-patice-2p-wei-2pol-src-i-2co-n-sroubove-svorky-8869480000-77956\/\" \/>\n<meta property=\"og:locale\" content=\"cs_CZ\" \/>\n<meta property=\"og:type\" content=\"article\" \/>\n<meta property=\"og:title\" content=\"Zna\u010dkov\u00fd Weidmuller patice 2P WEI 2pol SRC-I 2CO N \u0161roubov\u00e9 svorky \/8869480000\/ -\" \/>\n<meta property=\"og:description\" content=\"Typ produktu: Patice\u00a0Typ patice: oboustrann\u00e1\u00a0Kompatibilita p\u0159\u00edstroje:&#8211; Paticov\u00e9 rel\u00e9 RSB (2 Z\/V)\u00a0&#8211; Paticov\u00e9 rel\u00e9 RSB (1 V\/Z)\u00a0Tvar pinu: Ploch\u00fd[Ith] jmenovit\u00fd tepeln\u00fd proud: 10 A[Ue] jmenovit\u00e9 pracovn\u00ed nap\u011bt\u00ed: &lt; 250 V AC V\u00fdrobce Weidmuller\" \/>\n<meta property=\"og:url\" content=\"https:\/\/www.domtechnikpro.com\/index.php\/produkt\/znackovy-weidmuller-patice-2p-wei-2pol-src-i-2co-n-sroubove-svorky-8869480000-77956\/\" \/>\n<meta property=\"og:image\" content=\"https:\/\/www.domtechnikpro.com\/wp-content\/uploads\/2026\/SK0002853-CZ20260425-091623-0-1777079785-weidmuller-patice-2p-wei-2pol-src-i-2co-n-sroubove-svorky-8.webp\" \/>\n\t<meta property=\"og:image:width\" content=\"1000\" \/>\n\t<meta property=\"og:image:height\" content=\"525\" \/>\n\t<meta property=\"og:image:type\" content=\"image\/webp\" \/>\n<meta name=\"twitter:card\" content=\"summary_large_image\" \/>\n<script type=\"application\/ld+json\" class=\"yoast-schema-graph\">{\"@context\":\"https:\/\/schema.org\",\"@graph\":[{\"@type\":\"WebPage\",\"@id\":\"https:\/\/www.domtechnikpro.com\/index.php\/produkt\/znackovy-weidmuller-patice-2p-wei-2pol-src-i-2co-n-sroubove-svorky-8869480000-77956\/\",\"url\":\"https:\/\/www.domtechnikpro.com\/index.php\/produkt\/znackovy-weidmuller-patice-2p-wei-2pol-src-i-2co-n-sroubove-svorky-8869480000-77956\/\",\"name\":\"Zna\u010dkov\u00fd Weidmuller patice 2P WEI 2pol SRC-I 2CO N \u0161roubov\u00e9 svorky \/8869480000\/ -\",\"isPartOf\":{\"@id\":\"https:\/\/www.domtechnikpro.com\/#website\"},\"primaryImageOfPage\":{\"@id\":\"https:\/\/www.domtechnikpro.com\/index.php\/produkt\/znackovy-weidmuller-patice-2p-wei-2pol-src-i-2co-n-sroubove-svorky-8869480000-77956\/#primaryimage\"},\"image\":{\"@id\":\"https:\/\/www.domtechnikpro.com\/index.php\/produkt\/znackovy-weidmuller-patice-2p-wei-2pol-src-i-2co-n-sroubove-svorky-8869480000-77956\/#primaryimage\"},\"thumbnailUrl\":\"https:\/\/www.domtechnikpro.com\/wp-content\/uploads\/2026\/SK0002853-CZ20260425-091623-0-1777079785-weidmuller-patice-2p-wei-2pol-src-i-2co-n-sroubove-svorky-8.webp\",\"datePublished\":\"2026-04-26T09:06:30+00:00\",\"breadcrumb\":{\"@id\":\"https:\/\/www.domtechnikpro.com\/index.php\/produkt\/znackovy-weidmuller-patice-2p-wei-2pol-src-i-2co-n-sroubove-svorky-8869480000-77956\/#breadcrumb\"},\"inLanguage\":\"cs\",\"potentialAction\":[{\"@type\":\"ReadAction\",\"target\":[\"https:\/\/www.domtechnikpro.com\/index.php\/produkt\/znackovy-weidmuller-patice-2p-wei-2pol-src-i-2co-n-sroubove-svorky-8869480000-77956\/\"]}]},{\"@type\":\"ImageObject\",\"inLanguage\":\"cs\",\"@id\":\"https:\/\/www.domtechnikpro.com\/index.php\/produkt\/znackovy-weidmuller-patice-2p-wei-2pol-src-i-2co-n-sroubove-svorky-8869480000-77956\/#primaryimage\",\"url\":\"https:\/\/www.domtechnikpro.com\/wp-content\/uploads\/2026\/SK0002853-CZ20260425-091623-0-1777079785-weidmuller-patice-2p-wei-2pol-src-i-2co-n-sroubove-svorky-8.webp\",\"contentUrl\":\"https:\/\/www.domtechnikpro.com\/wp-content\/uploads\/2026\/SK0002853-CZ20260425-091623-0-1777079785-weidmuller-patice-2p-wei-2pol-src-i-2co-n-sroubove-svorky-8.webp\",\"width\":1000,\"height\":525},{\"@type\":\"BreadcrumbList\",\"@id\":\"https:\/\/www.domtechnikpro.com\/index.php\/produkt\/znackovy-weidmuller-patice-2p-wei-2pol-src-i-2co-n-sroubove-svorky-8869480000-77956\/#breadcrumb\",\"itemListElement\":[{\"@type\":\"ListItem\",\"position\":1,\"name\":\"Home\",\"item\":\"https:\/\/www.domtechnikpro.com\/\"},{\"@type\":\"ListItem\",\"position\":2,\"name\":\"Products\",\"item\":\"https:\/\/www.domtechnikpro.com\/index.php\/products\/\"},{\"@type\":\"ListItem\",\"position\":3,\"name\":\"Zna\u010dkov\u00fd Weidmuller patice 2P WEI 2pol SRC-I 2CO N \u0161roubov\u00e9 svorky \/8869480000\/\"}]},{\"@type\":\"WebSite\",\"@id\":\"https:\/\/www.domtechnikpro.com\/#website\",\"url\":\"https:\/\/www.domtechnikpro.com\/\",\"name\":\"\",\"description\":\"\",\"potentialAction\":[{\"@type\":\"SearchAction\",\"target\":{\"@type\":\"EntryPoint\",\"urlTemplate\":\"https:\/\/www.domtechnikpro.com\/?s={search_term_string}\"},\"query-input\":{\"@type\":\"PropertyValueSpecification\",\"valueRequired\":true,\"valueName\":\"search_term_string\"}}],\"inLanguage\":\"cs\"}]}<\/script>\n<!-- \/ Yoast SEO plugin. -->","yoast_head_json":{"title":"Zna\u010dkov\u00fd Weidmuller patice 2P WEI 2pol SRC-I 2CO N \u0161roubov\u00e9 svorky \/8869480000\/ -","robots":{"index":"index","follow":"follow","max-snippet":"max-snippet:-1","max-image-preview":"max-image-preview:large","max-video-preview":"max-video-preview:-1"},"canonical":"https:\/\/www.domtechnikpro.com\/index.php\/produkt\/znackovy-weidmuller-patice-2p-wei-2pol-src-i-2co-n-sroubove-svorky-8869480000-77956\/","og_locale":"cs_CZ","og_type":"article","og_title":"Zna\u010dkov\u00fd Weidmuller patice 2P WEI 2pol SRC-I 2CO N \u0161roubov\u00e9 svorky \/8869480000\/ -","og_description":"Typ produktu: Patice\u00a0Typ patice: oboustrann\u00e1\u00a0Kompatibilita p\u0159\u00edstroje:&#8211; Paticov\u00e9 rel\u00e9 RSB (2 Z\/V)\u00a0&#8211; Paticov\u00e9 rel\u00e9 RSB (1 V\/Z)\u00a0Tvar pinu: Ploch\u00fd[Ith] jmenovit\u00fd tepeln\u00fd proud: 10 A[Ue] jmenovit\u00e9 pracovn\u00ed nap\u011bt\u00ed: &lt; 250 V AC V\u00fdrobce Weidmuller","og_url":"https:\/\/www.domtechnikpro.com\/index.php\/produkt\/znackovy-weidmuller-patice-2p-wei-2pol-src-i-2co-n-sroubove-svorky-8869480000-77956\/","og_image":[{"width":1000,"height":525,"url":"https:\/\/www.domtechnikpro.com\/wp-content\/uploads\/2026\/SK0002853-CZ20260425-091623-0-1777079785-weidmuller-patice-2p-wei-2pol-src-i-2co-n-sroubove-svorky-8.webp","type":"image\/webp"}],"twitter_card":"summary_large_image","schema":{"@context":"https:\/\/schema.org","@graph":[{"@type":"WebPage","@id":"https:\/\/www.domtechnikpro.com\/index.php\/produkt\/znackovy-weidmuller-patice-2p-wei-2pol-src-i-2co-n-sroubove-svorky-8869480000-77956\/","url":"https:\/\/www.domtechnikpro.com\/index.php\/produkt\/znackovy-weidmuller-patice-2p-wei-2pol-src-i-2co-n-sroubove-svorky-8869480000-77956\/","name":"Zna\u010dkov\u00fd Weidmuller patice 2P WEI 2pol SRC-I 2CO N \u0161roubov\u00e9 svorky \/8869480000\/ -","isPartOf":{"@id":"https:\/\/www.domtechnikpro.com\/#website"},"primaryImageOfPage":{"@id":"https:\/\/www.domtechnikpro.com\/index.php\/produkt\/znackovy-weidmuller-patice-2p-wei-2pol-src-i-2co-n-sroubove-svorky-8869480000-77956\/#primaryimage"},"image":{"@id":"https:\/\/www.domtechnikpro.com\/index.php\/produkt\/znackovy-weidmuller-patice-2p-wei-2pol-src-i-2co-n-sroubove-svorky-8869480000-77956\/#primaryimage"},"thumbnailUrl":"https:\/\/www.domtechnikpro.com\/wp-content\/uploads\/2026\/SK0002853-CZ20260425-091623-0-1777079785-weidmuller-patice-2p-wei-2pol-src-i-2co-n-sroubove-svorky-8.webp","datePublished":"2026-04-26T09:06:30+00:00","breadcrumb":{"@id":"https:\/\/www.domtechnikpro.com\/index.php\/produkt\/znackovy-weidmuller-patice-2p-wei-2pol-src-i-2co-n-sroubove-svorky-8869480000-77956\/#breadcrumb"},"inLanguage":"cs","potentialAction":[{"@type":"ReadAction","target":["https:\/\/www.domtechnikpro.com\/index.php\/produkt\/znackovy-weidmuller-patice-2p-wei-2pol-src-i-2co-n-sroubove-svorky-8869480000-77956\/"]}]},{"@type":"ImageObject","inLanguage":"cs","@id":"https:\/\/www.domtechnikpro.com\/index.php\/produkt\/znackovy-weidmuller-patice-2p-wei-2pol-src-i-2co-n-sroubove-svorky-8869480000-77956\/#primaryimage","url":"https:\/\/www.domtechnikpro.com\/wp-content\/uploads\/2026\/SK0002853-CZ20260425-091623-0-1777079785-weidmuller-patice-2p-wei-2pol-src-i-2co-n-sroubove-svorky-8.webp","contentUrl":"https:\/\/www.domtechnikpro.com\/wp-content\/uploads\/2026\/SK0002853-CZ20260425-091623-0-1777079785-weidmuller-patice-2p-wei-2pol-src-i-2co-n-sroubove-svorky-8.webp","width":1000,"height":525},{"@type":"BreadcrumbList","@id":"https:\/\/www.domtechnikpro.com\/index.php\/produkt\/znackovy-weidmuller-patice-2p-wei-2pol-src-i-2co-n-sroubove-svorky-8869480000-77956\/#breadcrumb","itemListElement":[{"@type":"ListItem","position":1,"name":"Home","item":"https:\/\/www.domtechnikpro.com\/"},{"@type":"ListItem","position":2,"name":"Products","item":"https:\/\/www.domtechnikpro.com\/index.php\/products\/"},{"@type":"ListItem","position":3,"name":"Zna\u010dkov\u00fd Weidmuller patice 2P WEI 2pol SRC-I 2CO N \u0161roubov\u00e9 svorky \/8869480000\/"}]},{"@type":"WebSite","@id":"https:\/\/www.domtechnikpro.com\/#website","url":"https:\/\/www.domtechnikpro.com\/","name":"","description":"","potentialAction":[{"@type":"SearchAction","target":{"@type":"EntryPoint","urlTemplate":"https:\/\/www.domtechnikpro.com\/?s={search_term_string}"},"query-input":{"@type":"PropertyValueSpecification","valueRequired":true,"valueName":"search_term_string"}}],"inLanguage":"cs"}]}},"_links":{"self":[{"href":"https:\/\/www.domtechnikpro.com\/index.php\/wp-json\/wp\/v2\/product\/77956","targetHints":{"allow":["GET"]}}],"collection":[{"href":"https:\/\/www.domtechnikpro.com\/index.php\/wp-json\/wp\/v2\/product"}],"about":[{"href":"https:\/\/www.domtechnikpro.com\/index.php\/wp-json\/wp\/v2\/types\/product"}],"replies":[{"embeddable":true,"href":"https:\/\/www.domtechnikpro.com\/index.php\/wp-json\/wp\/v2\/comments?post=77956"}],"wp:featuredmedia":[{"embeddable":true,"href":"https:\/\/www.domtechnikpro.com\/index.php\/wp-json\/wp\/v2\/media\/78056"}],"wp:attachment":[{"href":"https:\/\/www.domtechnikpro.com\/index.php\/wp-json\/wp\/v2\/media?parent=77956"}],"wp:term":[{"taxonomy":"product_brand","embeddable":true,"href":"https:\/\/www.domtechnikpro.com\/index.php\/wp-json\/wp\/v2\/product_brand?post=77956"},{"taxonomy":"product_cat","embeddable":true,"href":"https:\/\/www.domtechnikpro.com\/index.php\/wp-json\/wp\/v2\/product_cat?post=77956"},{"taxonomy":"product_tag","embeddable":true,"href":"https:\/\/www.domtechnikpro.com\/index.php\/wp-json\/wp\/v2\/product_tag?post=77956"}],"curies":[{"name":"wp","href":"https:\/\/api.w.org\/{rel}","templated":true}]}}