{"id":76788,"date":"2026-04-26T09:06:13","date_gmt":"2026-04-26T09:06:13","guid":{"rendered":""},"modified":"2026-04-26T09:06:13","modified_gmt":"2026-04-26T09:06:13","slug":"3ks-sada-led-vestavne-svitidlo-pr-4-5-1-8-w-bile-briloner-super-cena-76788","status":"publish","type":"product","link":"https:\/\/www.domtechnikpro.com\/index.php\/produkt\/3ks-sada-led-vestavne-svitidlo-pr-4-5-1-8-w-bile-briloner-super-cena-76788\/","title":{"rendered":"3ks sada LED vestavn\u00e9 sv\u00edtidlo, pr. 4,5 , 1,8 W, b\u00edl\u00e9 &#8211; BRILONER Super Cena"},"content":{"rendered":"<h3 class=\"product-h3\">Popis produktu<\/h3>\n<p><h2>BRILONER 3ks sada LED vestavn\u00fdch sv\u00edtidel, pr\u016fm\u011br 4,5 cm, 1,8 W, b\u00edl\u00e9, IP44 \u2013 model BRI 7240-036<\/h2>\n<h3>Designov\u00e1 elegance a funk\u010dnost pro modern\u00ed interi\u00e9ry<\/h3>\n<p>Vestavn\u00e1 LED sv\u00edtidla BRILONER ATTACH p\u0159edstavuj\u00ed inovativn\u00ed \u0159e\u0161en\u00ed pro n\u00e1ro\u010dn\u00e9 z\u00e1kazn\u00edky, kte\u0159\u00ed hledaj\u00ed kvalitn\u00ed, \u00fasporn\u00e9 a z\u00e1rove\u0148 esteticky \u010dist\u00e9 osv\u011btlen\u00ed. Minimalistick\u00fd b\u00edl\u00fd design umo\u017e\u0148uje snadn\u00e9 za\u010dlen\u011bn\u00ed do ka\u017ed\u00e9ho stylov\u00e9ho prostoru \u2013 od koupelen, p\u0159es kuchyn\u011b a\u017e po chodby \u010di pracovny. D\u00edky vysok\u00e9mu stupni kryt\u00ed IP44 se nemus\u00edte b\u00e1t pou\u017eit\u00ed ani ve vlhk\u00fdch m\u00edstnostech.<\/p>\n<h3>Kl\u00ed\u010dov\u00e9 vlastnosti produktu<\/h3>\n<ul>\n<li><strong>Tepl\u00e1 b\u00edl\u00e1 barva sv\u011btla (3000 K)<\/strong> \u2013 navozuje p\u0159\u00edjemnou a \u00fatulnou atmosf\u00e9ru<\/li>\n<li><strong>Energeticky \u00fasporn\u00e9<\/strong> \u2013 p\u0159\u00edkon pouze 1,8 W na jedno sv\u00edtidlo, celkem 5,4 W\/sada<\/li>\n<li><strong>Sv\u011bteln\u00fd tok 150 lm\/sv\u00edtidlo (450 lm\/sada)<\/strong> \u2013 dostatek sv\u011btla pro b\u011b\u017en\u00e9 denn\u00ed vyu\u017eit\u00ed<\/li>\n<li><strong>Kompaktn\u00ed rozm\u011br<\/strong> \u2013 pr\u016fm\u011br 4,5 cm, extr\u00e9mn\u011b n\u00edzk\u00e1 v\u00fd\u0161ka pouze 0,2 cm<\/li>\n<li><strong>Dlouh\u00e1 \u017eivotnost LED a\u017e 20 000 hodin<\/strong><\/li>\n<li><strong>Stupe\u0148 kryt\u00ed IP44<\/strong> \u2013 vhodn\u00e9 i do koupelen a kuchyn\u00ed<\/li>\n<li><strong>Bezpe\u010dnostn\u00ed t\u0159\u00edda II<\/strong> \u2013 vy\u0161\u0161\u00ed \u00farove\u0148 ochrany<\/li>\n<li>Mont\u00e1\u017en\u00ed otvor 3,5 cm, z\u00e1pustn\u00e1 hloubka 3 cm \u2013 ide\u00e1ln\u00ed i pro m\u011blk\u00e9 podhledy<\/li>\n<li>Vysoce kvalitn\u00ed pod\u00e1n\u00ed barev (CRI \u2265 80)<\/li>\n<li>Nestm\u00edvateln\u00e1 varianta<\/li>\n<li>Sada obsahuje 3 vestavn\u00e1 LED sv\u00edtidla<\/li>\n<\/ul>\n<h3>Doporu\u010den\u00ed architekta<\/h3>\n<ul>\n<li><strong>Pro koupelny a kuchyn\u011b<\/strong> vyu\u017eijte kryt\u00ed IP44 pro bezpe\u010dn\u00fd provoz i ve vlhk\u00e9m prost\u0159ed\u00ed.<\/li>\n<li><strong>N\u00edzka instala\u010dn\u00ed v\u00fd\u0161ka<\/strong> umo\u017e\u0148uje pou\u017eit\u00ed i tam, kde nen\u00ed dostatek prostoru pro klasick\u00e1 sv\u00edtidla.<\/li>\n<li><strong>Kombinujte v\u00edce sad<\/strong> pro rovnom\u011brn\u00e9 a efektn\u00ed osv\u011btlen\u00ed v\u011bt\u0161\u00edch m\u00edstnost\u00ed.<\/li>\n<li>Ide\u00e1ln\u00ed volba pro novostavby, rekonstrukce nebo designov\u00e9 renovace \u2013 \u010dist\u00fd vzhled a snadn\u00e1 \u00fadr\u017eba.<\/li>\n<\/ul>\n<h3>Technick\u00e9 parametry<\/h3>\n<ul>\n<li>Nap\u00e1jec\u00ed nap\u011bt\u00ed: 220\u2013240 V<\/li>\n<li>Sv\u011bteln\u00fd zdroj: integrovan\u00fd LED modul (sou\u010d\u00e1st\u00ed sady)<\/li>\n<li>Mont\u00e1\u017e: vestavn\u00e1 do podhledu nebo stropu<\/li>\n<li>\u00dahel vyza\u0159ov\u00e1n\u00ed: 110\u00b0<\/li>\n<li>Materi\u00e1l: kvalitn\u00ed plast, barva b\u00edl\u00e1<\/li>\n<\/ul>\n<h3>Z\u00e1ruky a certifikace<\/h3>\n<ul>\n<li><strong>\u017divotnost LED:<\/strong> a\u017e 20 000 hodin<\/li>\n<li><strong>Z\u00e1ruka:<\/strong> 2 roky<\/li>\n<li><strong>Certifikace:<\/strong> CE<\/li>\n<\/ul>\n<h3>Pro\u010d si vybrat BRILONER ATTACH?<\/h3>\n<p>Tato vestavn\u00e1 sv\u00edtidla jsou ide\u00e1ln\u00ed volbou pro z\u00e1kazn\u00edky, kte\u0159\u00ed oce\u0148uj\u00ed spojen\u00ed designu, funk\u010dnosti a dlouhodob\u00e9 spolehlivosti. D\u00edky snadn\u00e9 instalaci, vysok\u00e9 energetick\u00e9 efektivit\u011b a odolnosti z\u00edsk\u00e1te sv\u011btlo, kter\u00e9 podtrhne modern\u00ed charakter va\u0161eho interi\u00e9ru a p\u0159isp\u011bje k p\u0159\u00edjemn\u00e9 atmosf\u00e9\u0159e domova.<\/p>\n<\/p><\/div>\n<\/p><\/div>\n<p><\/p>\n<div class=\"top-params\">\n<h3 class=\"product-h3 collapse-header \" data-toggle=\"collapse\" data-target=\"#collapseOne\" aria-expanded=\"true\" aria-controls=\"collapseOne\">Parametry<\/h3>\n<div id=\"collapseOne\" class=\"collapse show\" aria-labelledby=\"headingOne\" data-parent=\"#product-info-accordion1\">\n<table class=\"table-striped\">\n<tr>\n<td>                \u00dahel z\u00e1\u0159en\u00ed            <\/td>\n<td>                110\u00b0            <\/td>\n<\/tr>\n<tr>\n<td>                \u017divotnost            <\/td>\n<td>                20000h            <\/td>\n<\/tr>\n<tr>\n<td>                Pr\u016fm\u011br v mm            <\/td>\n<td>                45            <\/td>\n<\/tr>\n<tr>\n<td>                Ochrana IP            <\/td>\n<td>                IP44            <\/td>\n<\/tr>\n<tr>\n<td>                Sv\u011bteln\u00fd tok            <\/td>\n<td>                450lm            <\/td>\n<\/tr>\n<tr>\n<td>                Teplota barvy sv\u011btla            <\/td>\n<td>                3000K            <\/td>\n<\/tr>\n<tr>\n<td>                Max. p\u0159\u00edkon sv\u011bteln\u00e9ho zdroje            <\/td>\n<td>                1.8W            <\/td>\n<\/tr>\n<tr>\n<td>                V\u00fdkon            <\/td>\n<td>                5.4W            <\/td>\n<\/tr>\n<tr>\n<td>                Nap\u00e1jec\u00ed nap\u011bt\u00ed            <\/td>\n<td>                220-240V            <\/td>\n<\/tr>\n<tr>\n<td>                Patice            <\/td>\n<td>                LED            <\/td>\n<\/tr>\n<tr>\n<td>                Mont\u00e1\u017en\u00ed otvor v mm            <\/td>\n<td>                35            <\/td>\n<\/tr>\n<tr>\n<td>                Z\u00e1pustn\u00e1 hloubka v mm            <\/td>\n<td>                30            <\/td>\n<\/tr>\n<tr>\n<td>                V\u010detn\u011b sv\u011bteln\u00e9ho zdroje            <\/td>\n<td>                ano            <\/td>\n<\/tr>\n<tr>\n<td>                Materi\u00e1l            <\/td>\n<td>                plast            <\/td>\n<\/tr>\n<tr>\n<td>                Barva            <\/td>\n<td>                b\u00edl\u00e1            <\/td>\n<\/tr>\n<tr>\n<td>                Po\u010det sv\u011bteln\u00fdch zdroj\u016f            <\/td>\n<td>                3            <\/td>\n<\/tr>\n<tr>\n<td>                V\u00fdrobce            <\/td>\n<td>                BRILONER            <\/td>\n<\/tr>\n<tr>\n<td>                U v\u00fdrobce dostupn\u00fdch            <\/td>\n<td>                335                    ks            <\/td>\n<\/tr>\n<tr>\n<td>                T\u0159\u00edda ochrany            <\/td>\n<td>                II            <\/td>\n<\/tr>\n<\/table>\n<\/div><\/div>\n<\/div>\n<div class=\"accordion\" id=\"product-info-accordion2\">\n","protected":false},"excerpt":{"rendered":"<p>Popis produktu BRILONER 3ks sada LED vestavn\u00fdch sv\u00edtidel, pr\u016fm\u011br 4,5 cm, 1,8 W, b\u00edl\u00e9, IP44 \u2013 model BRI 7240-036 Designov\u00e1 elegance a funk\u010dnost pro modern\u00ed interi\u00e9ry Vestavn\u00e1 LED sv\u00edtidla BRILONER ATTACH p\u0159edstavuj\u00ed inovativn\u00ed \u0159e\u0161en\u00ed pro n\u00e1ro\u010dn\u00e9 z\u00e1kazn\u00edky, kte\u0159\u00ed hledaj\u00ed kvalitn\u00ed, \u00fasporn\u00e9 a z\u00e1rove\u0148 esteticky \u010dist\u00e9 osv\u011btlen\u00ed. Minimalistick\u00fd b\u00edl\u00fd design umo\u017e\u0148uje snadn\u00e9 za\u010dlen\u011bn\u00ed do ka\u017ed\u00e9ho stylov\u00e9ho [&hellip;]<\/p>\n","protected":false},"featured_media":76888,"comment_status":"open","ping_status":"open","template":"","meta":[],"product_brand":[],"product_cat":[31],"product_tag":[],"class_list":{"0":"post-76788","1":"product","2":"type-product","3":"status-publish","4":"has-post-thumbnail","6":"product_cat-interierova-svitidla","8":"first","9":"instock","10":"sale","11":"shipping-taxable","12":"purchasable","13":"product-type-simple"},"yoast_head":"<!-- This site is optimized with the Yoast SEO plugin v26.8 - https:\/\/yoast.com\/product\/yoast-seo-wordpress\/ -->\n<title>3ks sada LED vestavn\u00e9 sv\u00edtidlo, pr. 4,5 , 1,8 W, b\u00edl\u00e9 - BRILONER Super Cena -<\/title>\n<meta name=\"robots\" content=\"index, follow, max-snippet:-1, max-image-preview:large, max-video-preview:-1\" \/>\n<link rel=\"canonical\" href=\"https:\/\/www.domtechnikpro.com\/index.php\/produkt\/3ks-sada-led-vestavne-svitidlo-pr-4-5-1-8-w-bile-briloner-super-cena-76788\/\" \/>\n<meta property=\"og:locale\" content=\"cs_CZ\" \/>\n<meta property=\"og:type\" content=\"article\" \/>\n<meta property=\"og:title\" content=\"3ks sada LED vestavn\u00e9 sv\u00edtidlo, pr. 4,5 , 1,8 W, b\u00edl\u00e9 - BRILONER Super Cena -\" \/>\n<meta property=\"og:description\" content=\"Popis produktu BRILONER 3ks sada LED vestavn\u00fdch sv\u00edtidel, pr\u016fm\u011br 4,5 cm, 1,8 W, b\u00edl\u00e9, IP44 \u2013 model BRI 7240-036 Designov\u00e1 elegance a funk\u010dnost pro modern\u00ed interi\u00e9ry Vestavn\u00e1 LED sv\u00edtidla BRILONER ATTACH p\u0159edstavuj\u00ed inovativn\u00ed \u0159e\u0161en\u00ed pro n\u00e1ro\u010dn\u00e9 z\u00e1kazn\u00edky, kte\u0159\u00ed hledaj\u00ed kvalitn\u00ed, \u00fasporn\u00e9 a z\u00e1rove\u0148 esteticky \u010dist\u00e9 osv\u011btlen\u00ed. Minimalistick\u00fd b\u00edl\u00fd design umo\u017e\u0148uje snadn\u00e9 za\u010dlen\u011bn\u00ed do ka\u017ed\u00e9ho stylov\u00e9ho [&hellip;]\" \/>\n<meta property=\"og:url\" content=\"https:\/\/www.domtechnikpro.com\/index.php\/produkt\/3ks-sada-led-vestavne-svitidlo-pr-4-5-1-8-w-bile-briloner-super-cena-76788\/\" \/>\n<meta property=\"og:image\" content=\"https:\/\/www.domtechnikpro.com\/wp-content\/uploads\/2026\/SK0004386-CZ20260425-091535-0-1777079743-BRI-7240-036.webp\" \/>\n\t<meta property=\"og:image:width\" content=\"800\" \/>\n\t<meta property=\"og:image:height\" content=\"800\" \/>\n\t<meta property=\"og:image:type\" content=\"image\/webp\" \/>\n<meta name=\"twitter:card\" content=\"summary_large_image\" \/>\n<meta name=\"twitter:label1\" content=\"Odhadovan\u00e1 doba \u010dten\u00ed\" \/>\n\t<meta name=\"twitter:data1\" content=\"2 minuty\" \/>\n<script type=\"application\/ld+json\" class=\"yoast-schema-graph\">{\"@context\":\"https:\/\/schema.org\",\"@graph\":[{\"@type\":\"WebPage\",\"@id\":\"https:\/\/www.domtechnikpro.com\/index.php\/produkt\/3ks-sada-led-vestavne-svitidlo-pr-4-5-1-8-w-bile-briloner-super-cena-76788\/\",\"url\":\"https:\/\/www.domtechnikpro.com\/index.php\/produkt\/3ks-sada-led-vestavne-svitidlo-pr-4-5-1-8-w-bile-briloner-super-cena-76788\/\",\"name\":\"3ks sada LED vestavn\u00e9 sv\u00edtidlo, pr. 4,5 , 1,8 W, b\u00edl\u00e9 - BRILONER Super Cena -\",\"isPartOf\":{\"@id\":\"https:\/\/www.domtechnikpro.com\/#website\"},\"primaryImageOfPage\":{\"@id\":\"https:\/\/www.domtechnikpro.com\/index.php\/produkt\/3ks-sada-led-vestavne-svitidlo-pr-4-5-1-8-w-bile-briloner-super-cena-76788\/#primaryimage\"},\"image\":{\"@id\":\"https:\/\/www.domtechnikpro.com\/index.php\/produkt\/3ks-sada-led-vestavne-svitidlo-pr-4-5-1-8-w-bile-briloner-super-cena-76788\/#primaryimage\"},\"thumbnailUrl\":\"https:\/\/www.domtechnikpro.com\/wp-content\/uploads\/2026\/SK0004386-CZ20260425-091535-0-1777079743-BRI-7240-036.webp\",\"datePublished\":\"2026-04-26T09:06:13+00:00\",\"breadcrumb\":{\"@id\":\"https:\/\/www.domtechnikpro.com\/index.php\/produkt\/3ks-sada-led-vestavne-svitidlo-pr-4-5-1-8-w-bile-briloner-super-cena-76788\/#breadcrumb\"},\"inLanguage\":\"cs\",\"potentialAction\":[{\"@type\":\"ReadAction\",\"target\":[\"https:\/\/www.domtechnikpro.com\/index.php\/produkt\/3ks-sada-led-vestavne-svitidlo-pr-4-5-1-8-w-bile-briloner-super-cena-76788\/\"]}]},{\"@type\":\"ImageObject\",\"inLanguage\":\"cs\",\"@id\":\"https:\/\/www.domtechnikpro.com\/index.php\/produkt\/3ks-sada-led-vestavne-svitidlo-pr-4-5-1-8-w-bile-briloner-super-cena-76788\/#primaryimage\",\"url\":\"https:\/\/www.domtechnikpro.com\/wp-content\/uploads\/2026\/SK0004386-CZ20260425-091535-0-1777079743-BRI-7240-036.webp\",\"contentUrl\":\"https:\/\/www.domtechnikpro.com\/wp-content\/uploads\/2026\/SK0004386-CZ20260425-091535-0-1777079743-BRI-7240-036.webp\",\"width\":800,\"height\":800},{\"@type\":\"BreadcrumbList\",\"@id\":\"https:\/\/www.domtechnikpro.com\/index.php\/produkt\/3ks-sada-led-vestavne-svitidlo-pr-4-5-1-8-w-bile-briloner-super-cena-76788\/#breadcrumb\",\"itemListElement\":[{\"@type\":\"ListItem\",\"position\":1,\"name\":\"Home\",\"item\":\"https:\/\/www.domtechnikpro.com\/\"},{\"@type\":\"ListItem\",\"position\":2,\"name\":\"Products\",\"item\":\"https:\/\/www.domtechnikpro.com\/index.php\/products\/\"},{\"@type\":\"ListItem\",\"position\":3,\"name\":\"3ks sada LED vestavn\u00e9 sv\u00edtidlo, pr. 4,5 , 1,8 W, b\u00edl\u00e9 &#8211; BRILONER Super Cena\"}]},{\"@type\":\"WebSite\",\"@id\":\"https:\/\/www.domtechnikpro.com\/#website\",\"url\":\"https:\/\/www.domtechnikpro.com\/\",\"name\":\"\",\"description\":\"\",\"potentialAction\":[{\"@type\":\"SearchAction\",\"target\":{\"@type\":\"EntryPoint\",\"urlTemplate\":\"https:\/\/www.domtechnikpro.com\/?s={search_term_string}\"},\"query-input\":{\"@type\":\"PropertyValueSpecification\",\"valueRequired\":true,\"valueName\":\"search_term_string\"}}],\"inLanguage\":\"cs\"}]}<\/script>\n<!-- \/ Yoast SEO plugin. -->","yoast_head_json":{"title":"3ks sada LED vestavn\u00e9 sv\u00edtidlo, pr. 4,5 , 1,8 W, b\u00edl\u00e9 - BRILONER Super Cena -","robots":{"index":"index","follow":"follow","max-snippet":"max-snippet:-1","max-image-preview":"max-image-preview:large","max-video-preview":"max-video-preview:-1"},"canonical":"https:\/\/www.domtechnikpro.com\/index.php\/produkt\/3ks-sada-led-vestavne-svitidlo-pr-4-5-1-8-w-bile-briloner-super-cena-76788\/","og_locale":"cs_CZ","og_type":"article","og_title":"3ks sada LED vestavn\u00e9 sv\u00edtidlo, pr. 4,5 , 1,8 W, b\u00edl\u00e9 - BRILONER Super Cena -","og_description":"Popis produktu BRILONER 3ks sada LED vestavn\u00fdch sv\u00edtidel, pr\u016fm\u011br 4,5 cm, 1,8 W, b\u00edl\u00e9, IP44 \u2013 model BRI 7240-036 Designov\u00e1 elegance a funk\u010dnost pro modern\u00ed interi\u00e9ry Vestavn\u00e1 LED sv\u00edtidla BRILONER ATTACH p\u0159edstavuj\u00ed inovativn\u00ed \u0159e\u0161en\u00ed pro n\u00e1ro\u010dn\u00e9 z\u00e1kazn\u00edky, kte\u0159\u00ed hledaj\u00ed kvalitn\u00ed, \u00fasporn\u00e9 a z\u00e1rove\u0148 esteticky \u010dist\u00e9 osv\u011btlen\u00ed. Minimalistick\u00fd b\u00edl\u00fd design umo\u017e\u0148uje snadn\u00e9 za\u010dlen\u011bn\u00ed do ka\u017ed\u00e9ho stylov\u00e9ho [&hellip;]","og_url":"https:\/\/www.domtechnikpro.com\/index.php\/produkt\/3ks-sada-led-vestavne-svitidlo-pr-4-5-1-8-w-bile-briloner-super-cena-76788\/","og_image":[{"width":800,"height":800,"url":"https:\/\/www.domtechnikpro.com\/wp-content\/uploads\/2026\/SK0004386-CZ20260425-091535-0-1777079743-BRI-7240-036.webp","type":"image\/webp"}],"twitter_card":"summary_large_image","twitter_misc":{"Odhadovan\u00e1 doba \u010dten\u00ed":"2 minuty"},"schema":{"@context":"https:\/\/schema.org","@graph":[{"@type":"WebPage","@id":"https:\/\/www.domtechnikpro.com\/index.php\/produkt\/3ks-sada-led-vestavne-svitidlo-pr-4-5-1-8-w-bile-briloner-super-cena-76788\/","url":"https:\/\/www.domtechnikpro.com\/index.php\/produkt\/3ks-sada-led-vestavne-svitidlo-pr-4-5-1-8-w-bile-briloner-super-cena-76788\/","name":"3ks sada LED vestavn\u00e9 sv\u00edtidlo, pr. 4,5 , 1,8 W, b\u00edl\u00e9 - BRILONER Super Cena -","isPartOf":{"@id":"https:\/\/www.domtechnikpro.com\/#website"},"primaryImageOfPage":{"@id":"https:\/\/www.domtechnikpro.com\/index.php\/produkt\/3ks-sada-led-vestavne-svitidlo-pr-4-5-1-8-w-bile-briloner-super-cena-76788\/#primaryimage"},"image":{"@id":"https:\/\/www.domtechnikpro.com\/index.php\/produkt\/3ks-sada-led-vestavne-svitidlo-pr-4-5-1-8-w-bile-briloner-super-cena-76788\/#primaryimage"},"thumbnailUrl":"https:\/\/www.domtechnikpro.com\/wp-content\/uploads\/2026\/SK0004386-CZ20260425-091535-0-1777079743-BRI-7240-036.webp","datePublished":"2026-04-26T09:06:13+00:00","breadcrumb":{"@id":"https:\/\/www.domtechnikpro.com\/index.php\/produkt\/3ks-sada-led-vestavne-svitidlo-pr-4-5-1-8-w-bile-briloner-super-cena-76788\/#breadcrumb"},"inLanguage":"cs","potentialAction":[{"@type":"ReadAction","target":["https:\/\/www.domtechnikpro.com\/index.php\/produkt\/3ks-sada-led-vestavne-svitidlo-pr-4-5-1-8-w-bile-briloner-super-cena-76788\/"]}]},{"@type":"ImageObject","inLanguage":"cs","@id":"https:\/\/www.domtechnikpro.com\/index.php\/produkt\/3ks-sada-led-vestavne-svitidlo-pr-4-5-1-8-w-bile-briloner-super-cena-76788\/#primaryimage","url":"https:\/\/www.domtechnikpro.com\/wp-content\/uploads\/2026\/SK0004386-CZ20260425-091535-0-1777079743-BRI-7240-036.webp","contentUrl":"https:\/\/www.domtechnikpro.com\/wp-content\/uploads\/2026\/SK0004386-CZ20260425-091535-0-1777079743-BRI-7240-036.webp","width":800,"height":800},{"@type":"BreadcrumbList","@id":"https:\/\/www.domtechnikpro.com\/index.php\/produkt\/3ks-sada-led-vestavne-svitidlo-pr-4-5-1-8-w-bile-briloner-super-cena-76788\/#breadcrumb","itemListElement":[{"@type":"ListItem","position":1,"name":"Home","item":"https:\/\/www.domtechnikpro.com\/"},{"@type":"ListItem","position":2,"name":"Products","item":"https:\/\/www.domtechnikpro.com\/index.php\/products\/"},{"@type":"ListItem","position":3,"name":"3ks sada LED vestavn\u00e9 sv\u00edtidlo, pr. 4,5 , 1,8 W, b\u00edl\u00e9 &#8211; BRILONER Super Cena"}]},{"@type":"WebSite","@id":"https:\/\/www.domtechnikpro.com\/#website","url":"https:\/\/www.domtechnikpro.com\/","name":"","description":"","potentialAction":[{"@type":"SearchAction","target":{"@type":"EntryPoint","urlTemplate":"https:\/\/www.domtechnikpro.com\/?s={search_term_string}"},"query-input":{"@type":"PropertyValueSpecification","valueRequired":true,"valueName":"search_term_string"}}],"inLanguage":"cs"}]}},"_links":{"self":[{"href":"https:\/\/www.domtechnikpro.com\/index.php\/wp-json\/wp\/v2\/product\/76788","targetHints":{"allow":["GET"]}}],"collection":[{"href":"https:\/\/www.domtechnikpro.com\/index.php\/wp-json\/wp\/v2\/product"}],"about":[{"href":"https:\/\/www.domtechnikpro.com\/index.php\/wp-json\/wp\/v2\/types\/product"}],"replies":[{"embeddable":true,"href":"https:\/\/www.domtechnikpro.com\/index.php\/wp-json\/wp\/v2\/comments?post=76788"}],"wp:featuredmedia":[{"embeddable":true,"href":"https:\/\/www.domtechnikpro.com\/index.php\/wp-json\/wp\/v2\/media\/76888"}],"wp:attachment":[{"href":"https:\/\/www.domtechnikpro.com\/index.php\/wp-json\/wp\/v2\/media?parent=76788"}],"wp:term":[{"taxonomy":"product_brand","embeddable":true,"href":"https:\/\/www.domtechnikpro.com\/index.php\/wp-json\/wp\/v2\/product_brand?post=76788"},{"taxonomy":"product_cat","embeddable":true,"href":"https:\/\/www.domtechnikpro.com\/index.php\/wp-json\/wp\/v2\/product_cat?post=76788"},{"taxonomy":"product_tag","embeddable":true,"href":"https:\/\/www.domtechnikpro.com\/index.php\/wp-json\/wp\/v2\/product_tag?post=76788"}],"curies":[{"name":"wp","href":"https:\/\/api.w.org\/{rel}","templated":true}]}}