{"id":72123,"date":"2026-04-26T09:05:15","date_gmt":"2026-04-26T09:05:15","guid":{"rendered":""},"modified":"2026-04-26T09:05:15","modified_gmt":"2026-04-26T09:05:15","slug":"znackovy-polysan-karia-sprchova-vanicka-z-liteho-mramoru-obdelnik-120x100cm-bila-26611-72123","status":"publish","type":"product","link":"https:\/\/www.domtechnikpro.com\/index.php\/produkt\/znackovy-polysan-karia-sprchova-vanicka-z-liteho-mramoru-obdelnik-120x100cm-bila-26611-72123\/","title":{"rendered":"Zna\u010dkov\u00fd Polysan KARIA sprchov\u00e1 vani\u010dka z lit\u00e9ho mramoru, obd\u00e9ln\u00edk 120x100cm, b\u00edl\u00e1 26611"},"content":{"rendered":"<div class=\"basic-description\">\n<h3>Detailn\u00ed popis produktu<\/h3>\n<p><\/p>\n<p style=\"text-align: justify;\">Sprchov\u00e9 vani\u010dky KLASIK z lit\u00e9ho mramoru&nbsp;<\/p>\n<p style=\"text-align: justify;\">Lit\u00fd mramor MICADOR je nad\u010dasov\u00fd materi\u00e1l s dlouhou \u017eivotnost\u00ed a vysokou odolnost\u00ed. Sprchov\u00e9 vani\u010dky z tohoto materi\u00e1lu se vyzna\u010duj\u00ed dokonale hladk\u00fdm a rovn\u00fdm povrchem se snadnou \u00fadr\u017ebou. Jejich hlavn\u00ed p\u0159ednost je vysok\u00e1 pevnost a stabilita spole\u010dn\u011b s nulov\u00fdm pr\u016fhybem. Ostr\u00e9 vn\u011bj\u0161\u00ed hrany vani\u010dek spl\u0148uj\u00ed n\u00e1roky na vzhled modern\u00ed koupelny a z\u00e1rove\u0148 umo\u017e\u0148uj\u00ed bezesp\u00e1rov\u00e9 p\u0159isazen\u00ed ke st\u011bn\u011b.<br \/>Sprchov\u00e9 vani\u010dky lze nainstalovat bezbari\u00e9rov\u011b do podlahy nebo postavit na no\u017ei\u010dky a klasicky obezd\u00edt, pop\u0159\u00edpad\u011b osadit obkladov\u00fdm panelem. Pr\u016fm\u011br odpadu vani\u010dek je 90 mm.<\/p>\n<p style=\"text-align: justify;\">Standardn\u00ed barva vani\u010dek je b\u00edl\u00e1.<br \/>P\u0159\u00edplatek za barevn\u00e9 proveden\u00ed dle vzorn\u00edku RAL lesk: 30 % (proveden\u00ed RAL mat nen\u00ed mo\u017en\u00e9).<\/p>\n<p><strong>Na sprchovou vani\u010dku POLYSAN vyrobenou z lit\u00e9ho mramoru poskytujeme z\u00e1ruku 2 roky. Podm\u00ednkou z\u00e1ruky je spr\u00e1vn\u00e9 usazen\u00ed podle n\u00e1vodu.<br \/>V p\u0159\u00edpad\u011b obezd\u011bn\u00ed nebo pou\u017eit\u00ed obkladov\u00e9ho panelu mus\u00ed b\u00fdt vani\u010dka podep\u0159ena origin\u00e1ln\u00edmi no\u017ei\u010dkami POLYSAN dle typu vani\u010dky.<\/strong><\/p>\n<h2 class=\"props-title\">Vlastnosti<\/h2>\n<table>\n<tr>\n<th>Zna\u010dka<\/th>\n<td>POLYSAN<\/td>\n<\/tr>\n<tr>\n<th>S\u00e9rie<\/th>\n<td>KLASIK<\/td>\n<\/tr>\n<tr>\n<th>3D model<\/th>\n<td>ANO<\/td>\n<\/tr>\n<tr>\n<th>Rozm\u011br<\/th>\n<td>120x100x3 cm<\/td>\n<\/tr>\n<tr>\n<th>D\u00e9lka<\/th>\n<td>1200&nbsp;mm<\/td>\n<\/tr>\n<tr>\n<th>\u0160\u00ed\u0159ka<\/th>\n<td>1000&nbsp;mm<\/td>\n<\/tr>\n<tr>\n<th>V\u00fd\u0161ka<\/th>\n<td>30&nbsp;mm<\/td>\n<\/tr>\n<tr>\n<th>Barva<\/th>\n<td>B\u00edl\u00e1<\/td>\n<\/tr>\n<tr>\n<th>Materi\u00e1l<\/th>\n<td>Lit\u00fd mramor<\/td>\n<\/tr>\n<tr>\n<th>Tvar<\/th>\n<td>Obd\u00e9ln\u00edkov\u00e9<\/td>\n<\/tr>\n<tr>\n<th>Pr\u016fm\u011br odpadu<\/th>\n<td>90&nbsp;mm<\/td>\n<\/tr>\n<tr>\n<th>Reli\u00e9f (povrch) dna<\/th>\n<td>Hladk\u00fd<\/td>\n<\/tr>\n<tr>\n<th>Hmotnost \/ ks<\/th>\n<td>54.0000&nbsp;kg<\/td>\n<\/tr>\n<tr>\n<th>Balen\u00ed<\/th>\n<td>1&nbsp;ks<\/td>\n<\/tr>\n<tr>\n<th>EAN<\/th>\n<td>8590729056775<\/td>\n<\/tr>\n<tr>\n<th>Taric<\/th>\n<td>39221000<\/td>\n<\/tr>\n<tr>\n<th>Z\u00e1ruka<\/th>\n<td>2 roky<\/td>\n<\/tr>\n<\/table>\n<div class=\"product-explanation-item\">\n<h3><strong>Lit\u00fd mramor &#8211; materi\u00e1l s tepeln\u011b-izola\u010dn\u00edmi vlastnostmi, kter\u00e9 ocen\u00edte p\u0159i ka\u017ed\u00e9m doteku<\/strong><\/h3>\n<p style=\"text-align: justify;\">Pou\u017e\u00edv\u00e1 se pro v\u00fdrobu sprchov\u00fdch vani\u010dek, van, umyvadel i dal\u0161\u00edch produkt\u016f. Vyr\u00e1b\u00ed se ze sm\u011bsi mlet\u00e9ho v\u00e1pence, skl\u00e1\u0159sk\u00e9ho p\u00edsku, polyesterov\u00e9 prysky\u0159ice a barviv. V\u00fdrobky z lit\u00e9ho mramoru se vyzna\u010duj\u00ed vysokou pevnost\u00ed, nulov\u00fdm pr\u016fhybem, stabilitou a elegantn\u00edm designem.<\/p>\n<\/div><\/div>\n","protected":false},"excerpt":{"rendered":"<p>Detailn\u00ed popis produktu Sprchov\u00e9 vani\u010dky KLASIK z lit\u00e9ho mramoru&nbsp; Lit\u00fd mramor MICADOR je nad\u010dasov\u00fd materi\u00e1l s dlouhou \u017eivotnost\u00ed a vysokou odolnost\u00ed. Sprchov\u00e9 vani\u010dky z tohoto materi\u00e1lu se vyzna\u010duj\u00ed dokonale hladk\u00fdm a rovn\u00fdm povrchem se snadnou \u00fadr\u017ebou. Jejich hlavn\u00ed p\u0159ednost je vysok\u00e1 pevnost a stabilita spole\u010dn\u011b s nulov\u00fdm pr\u016fhybem. Ostr\u00e9 vn\u011bj\u0161\u00ed hrany vani\u010dek spl\u0148uj\u00ed n\u00e1roky na [&hellip;]<\/p>\n","protected":false},"featured_media":72223,"comment_status":"open","ping_status":"open","template":"","meta":[],"product_brand":[],"product_cat":[143],"product_tag":[],"class_list":{"0":"post-72123","1":"product","2":"type-product","3":"status-publish","4":"has-post-thumbnail","6":"product_cat-sprchove-kouty","8":"first","9":"instock","10":"sale","11":"shipping-taxable","12":"purchasable","13":"product-type-simple"},"yoast_head":"<!-- This site is optimized with the Yoast SEO plugin v26.8 - https:\/\/yoast.com\/product\/yoast-seo-wordpress\/ -->\n<title>Zna\u010dkov\u00fd Polysan KARIA sprchov\u00e1 vani\u010dka z lit\u00e9ho mramoru, obd\u00e9ln\u00edk 120x100cm, b\u00edl\u00e1 26611 -<\/title>\n<meta name=\"robots\" content=\"index, follow, max-snippet:-1, max-image-preview:large, max-video-preview:-1\" \/>\n<link rel=\"canonical\" href=\"https:\/\/www.domtechnikpro.com\/index.php\/produkt\/znackovy-polysan-karia-sprchova-vanicka-z-liteho-mramoru-obdelnik-120x100cm-bila-26611-72123\/\" \/>\n<meta property=\"og:locale\" content=\"cs_CZ\" \/>\n<meta property=\"og:type\" content=\"article\" \/>\n<meta property=\"og:title\" content=\"Zna\u010dkov\u00fd Polysan KARIA sprchov\u00e1 vani\u010dka z lit\u00e9ho mramoru, obd\u00e9ln\u00edk 120x100cm, b\u00edl\u00e1 26611 -\" \/>\n<meta property=\"og:description\" content=\"Detailn\u00ed popis produktu Sprchov\u00e9 vani\u010dky KLASIK z lit\u00e9ho mramoru&nbsp; Lit\u00fd mramor MICADOR je nad\u010dasov\u00fd materi\u00e1l s dlouhou \u017eivotnost\u00ed a vysokou odolnost\u00ed. Sprchov\u00e9 vani\u010dky z tohoto materi\u00e1lu se vyzna\u010duj\u00ed dokonale hladk\u00fdm a rovn\u00fdm povrchem se snadnou \u00fadr\u017ebou. Jejich hlavn\u00ed p\u0159ednost je vysok\u00e1 pevnost a stabilita spole\u010dn\u011b s nulov\u00fdm pr\u016fhybem. Ostr\u00e9 vn\u011bj\u0161\u00ed hrany vani\u010dek spl\u0148uj\u00ed n\u00e1roky na [&hellip;]\" \/>\n<meta property=\"og:url\" content=\"https:\/\/www.domtechnikpro.com\/index.php\/produkt\/znackovy-polysan-karia-sprchova-vanicka-z-liteho-mramoru-obdelnik-120x100cm-bila-26611-72123\/\" \/>\n<meta property=\"og:image\" content=\"https:\/\/www.domtechnikpro.com\/wp-content\/uploads\/2026\/SK0002720-CZ20260425-093631-0-1777080994-88923_polysan-karia-sprchova-vanicka-z-liteho-mramoru--obde.webp\" \/>\n\t<meta property=\"og:image:width\" content=\"1000\" \/>\n\t<meta property=\"og:image:height\" content=\"750\" \/>\n\t<meta property=\"og:image:type\" content=\"image\/webp\" \/>\n<meta name=\"twitter:card\" content=\"summary_large_image\" \/>\n<meta name=\"twitter:label1\" content=\"Odhadovan\u00e1 doba \u010dten\u00ed\" \/>\n\t<meta name=\"twitter:data1\" content=\"2 minuty\" \/>\n<script type=\"application\/ld+json\" class=\"yoast-schema-graph\">{\"@context\":\"https:\/\/schema.org\",\"@graph\":[{\"@type\":\"WebPage\",\"@id\":\"https:\/\/www.domtechnikpro.com\/index.php\/produkt\/znackovy-polysan-karia-sprchova-vanicka-z-liteho-mramoru-obdelnik-120x100cm-bila-26611-72123\/\",\"url\":\"https:\/\/www.domtechnikpro.com\/index.php\/produkt\/znackovy-polysan-karia-sprchova-vanicka-z-liteho-mramoru-obdelnik-120x100cm-bila-26611-72123\/\",\"name\":\"Zna\u010dkov\u00fd Polysan KARIA sprchov\u00e1 vani\u010dka z lit\u00e9ho mramoru, obd\u00e9ln\u00edk 120x100cm, b\u00edl\u00e1 26611 -\",\"isPartOf\":{\"@id\":\"https:\/\/www.domtechnikpro.com\/#website\"},\"primaryImageOfPage\":{\"@id\":\"https:\/\/www.domtechnikpro.com\/index.php\/produkt\/znackovy-polysan-karia-sprchova-vanicka-z-liteho-mramoru-obdelnik-120x100cm-bila-26611-72123\/#primaryimage\"},\"image\":{\"@id\":\"https:\/\/www.domtechnikpro.com\/index.php\/produkt\/znackovy-polysan-karia-sprchova-vanicka-z-liteho-mramoru-obdelnik-120x100cm-bila-26611-72123\/#primaryimage\"},\"thumbnailUrl\":\"https:\/\/www.domtechnikpro.com\/wp-content\/uploads\/2026\/SK0002720-CZ20260425-093631-0-1777080994-88923_polysan-karia-sprchova-vanicka-z-liteho-mramoru--obde.webp\",\"datePublished\":\"2026-04-26T09:05:15+00:00\",\"breadcrumb\":{\"@id\":\"https:\/\/www.domtechnikpro.com\/index.php\/produkt\/znackovy-polysan-karia-sprchova-vanicka-z-liteho-mramoru-obdelnik-120x100cm-bila-26611-72123\/#breadcrumb\"},\"inLanguage\":\"cs\",\"potentialAction\":[{\"@type\":\"ReadAction\",\"target\":[\"https:\/\/www.domtechnikpro.com\/index.php\/produkt\/znackovy-polysan-karia-sprchova-vanicka-z-liteho-mramoru-obdelnik-120x100cm-bila-26611-72123\/\"]}]},{\"@type\":\"ImageObject\",\"inLanguage\":\"cs\",\"@id\":\"https:\/\/www.domtechnikpro.com\/index.php\/produkt\/znackovy-polysan-karia-sprchova-vanicka-z-liteho-mramoru-obdelnik-120x100cm-bila-26611-72123\/#primaryimage\",\"url\":\"https:\/\/www.domtechnikpro.com\/wp-content\/uploads\/2026\/SK0002720-CZ20260425-093631-0-1777080994-88923_polysan-karia-sprchova-vanicka-z-liteho-mramoru--obde.webp\",\"contentUrl\":\"https:\/\/www.domtechnikpro.com\/wp-content\/uploads\/2026\/SK0002720-CZ20260425-093631-0-1777080994-88923_polysan-karia-sprchova-vanicka-z-liteho-mramoru--obde.webp\",\"width\":1000,\"height\":750},{\"@type\":\"BreadcrumbList\",\"@id\":\"https:\/\/www.domtechnikpro.com\/index.php\/produkt\/znackovy-polysan-karia-sprchova-vanicka-z-liteho-mramoru-obdelnik-120x100cm-bila-26611-72123\/#breadcrumb\",\"itemListElement\":[{\"@type\":\"ListItem\",\"position\":1,\"name\":\"Home\",\"item\":\"https:\/\/www.domtechnikpro.com\/\"},{\"@type\":\"ListItem\",\"position\":2,\"name\":\"Products\",\"item\":\"https:\/\/www.domtechnikpro.com\/index.php\/products\/\"},{\"@type\":\"ListItem\",\"position\":3,\"name\":\"Zna\u010dkov\u00fd Polysan KARIA sprchov\u00e1 vani\u010dka z lit\u00e9ho mramoru, obd\u00e9ln\u00edk 120x100cm, b\u00edl\u00e1 26611\"}]},{\"@type\":\"WebSite\",\"@id\":\"https:\/\/www.domtechnikpro.com\/#website\",\"url\":\"https:\/\/www.domtechnikpro.com\/\",\"name\":\"\",\"description\":\"\",\"potentialAction\":[{\"@type\":\"SearchAction\",\"target\":{\"@type\":\"EntryPoint\",\"urlTemplate\":\"https:\/\/www.domtechnikpro.com\/?s={search_term_string}\"},\"query-input\":{\"@type\":\"PropertyValueSpecification\",\"valueRequired\":true,\"valueName\":\"search_term_string\"}}],\"inLanguage\":\"cs\"}]}<\/script>\n<!-- \/ Yoast SEO plugin. -->","yoast_head_json":{"title":"Zna\u010dkov\u00fd Polysan KARIA sprchov\u00e1 vani\u010dka z lit\u00e9ho mramoru, obd\u00e9ln\u00edk 120x100cm, b\u00edl\u00e1 26611 -","robots":{"index":"index","follow":"follow","max-snippet":"max-snippet:-1","max-image-preview":"max-image-preview:large","max-video-preview":"max-video-preview:-1"},"canonical":"https:\/\/www.domtechnikpro.com\/index.php\/produkt\/znackovy-polysan-karia-sprchova-vanicka-z-liteho-mramoru-obdelnik-120x100cm-bila-26611-72123\/","og_locale":"cs_CZ","og_type":"article","og_title":"Zna\u010dkov\u00fd Polysan KARIA sprchov\u00e1 vani\u010dka z lit\u00e9ho mramoru, obd\u00e9ln\u00edk 120x100cm, b\u00edl\u00e1 26611 -","og_description":"Detailn\u00ed popis produktu Sprchov\u00e9 vani\u010dky KLASIK z lit\u00e9ho mramoru&nbsp; Lit\u00fd mramor MICADOR je nad\u010dasov\u00fd materi\u00e1l s dlouhou \u017eivotnost\u00ed a vysokou odolnost\u00ed. Sprchov\u00e9 vani\u010dky z tohoto materi\u00e1lu se vyzna\u010duj\u00ed dokonale hladk\u00fdm a rovn\u00fdm povrchem se snadnou \u00fadr\u017ebou. Jejich hlavn\u00ed p\u0159ednost je vysok\u00e1 pevnost a stabilita spole\u010dn\u011b s nulov\u00fdm pr\u016fhybem. Ostr\u00e9 vn\u011bj\u0161\u00ed hrany vani\u010dek spl\u0148uj\u00ed n\u00e1roky na [&hellip;]","og_url":"https:\/\/www.domtechnikpro.com\/index.php\/produkt\/znackovy-polysan-karia-sprchova-vanicka-z-liteho-mramoru-obdelnik-120x100cm-bila-26611-72123\/","og_image":[{"width":1000,"height":750,"url":"https:\/\/www.domtechnikpro.com\/wp-content\/uploads\/2026\/SK0002720-CZ20260425-093631-0-1777080994-88923_polysan-karia-sprchova-vanicka-z-liteho-mramoru--obde.webp","type":"image\/webp"}],"twitter_card":"summary_large_image","twitter_misc":{"Odhadovan\u00e1 doba \u010dten\u00ed":"2 minuty"},"schema":{"@context":"https:\/\/schema.org","@graph":[{"@type":"WebPage","@id":"https:\/\/www.domtechnikpro.com\/index.php\/produkt\/znackovy-polysan-karia-sprchova-vanicka-z-liteho-mramoru-obdelnik-120x100cm-bila-26611-72123\/","url":"https:\/\/www.domtechnikpro.com\/index.php\/produkt\/znackovy-polysan-karia-sprchova-vanicka-z-liteho-mramoru-obdelnik-120x100cm-bila-26611-72123\/","name":"Zna\u010dkov\u00fd Polysan KARIA sprchov\u00e1 vani\u010dka z lit\u00e9ho mramoru, obd\u00e9ln\u00edk 120x100cm, b\u00edl\u00e1 26611 -","isPartOf":{"@id":"https:\/\/www.domtechnikpro.com\/#website"},"primaryImageOfPage":{"@id":"https:\/\/www.domtechnikpro.com\/index.php\/produkt\/znackovy-polysan-karia-sprchova-vanicka-z-liteho-mramoru-obdelnik-120x100cm-bila-26611-72123\/#primaryimage"},"image":{"@id":"https:\/\/www.domtechnikpro.com\/index.php\/produkt\/znackovy-polysan-karia-sprchova-vanicka-z-liteho-mramoru-obdelnik-120x100cm-bila-26611-72123\/#primaryimage"},"thumbnailUrl":"https:\/\/www.domtechnikpro.com\/wp-content\/uploads\/2026\/SK0002720-CZ20260425-093631-0-1777080994-88923_polysan-karia-sprchova-vanicka-z-liteho-mramoru--obde.webp","datePublished":"2026-04-26T09:05:15+00:00","breadcrumb":{"@id":"https:\/\/www.domtechnikpro.com\/index.php\/produkt\/znackovy-polysan-karia-sprchova-vanicka-z-liteho-mramoru-obdelnik-120x100cm-bila-26611-72123\/#breadcrumb"},"inLanguage":"cs","potentialAction":[{"@type":"ReadAction","target":["https:\/\/www.domtechnikpro.com\/index.php\/produkt\/znackovy-polysan-karia-sprchova-vanicka-z-liteho-mramoru-obdelnik-120x100cm-bila-26611-72123\/"]}]},{"@type":"ImageObject","inLanguage":"cs","@id":"https:\/\/www.domtechnikpro.com\/index.php\/produkt\/znackovy-polysan-karia-sprchova-vanicka-z-liteho-mramoru-obdelnik-120x100cm-bila-26611-72123\/#primaryimage","url":"https:\/\/www.domtechnikpro.com\/wp-content\/uploads\/2026\/SK0002720-CZ20260425-093631-0-1777080994-88923_polysan-karia-sprchova-vanicka-z-liteho-mramoru--obde.webp","contentUrl":"https:\/\/www.domtechnikpro.com\/wp-content\/uploads\/2026\/SK0002720-CZ20260425-093631-0-1777080994-88923_polysan-karia-sprchova-vanicka-z-liteho-mramoru--obde.webp","width":1000,"height":750},{"@type":"BreadcrumbList","@id":"https:\/\/www.domtechnikpro.com\/index.php\/produkt\/znackovy-polysan-karia-sprchova-vanicka-z-liteho-mramoru-obdelnik-120x100cm-bila-26611-72123\/#breadcrumb","itemListElement":[{"@type":"ListItem","position":1,"name":"Home","item":"https:\/\/www.domtechnikpro.com\/"},{"@type":"ListItem","position":2,"name":"Products","item":"https:\/\/www.domtechnikpro.com\/index.php\/products\/"},{"@type":"ListItem","position":3,"name":"Zna\u010dkov\u00fd Polysan KARIA sprchov\u00e1 vani\u010dka z lit\u00e9ho mramoru, obd\u00e9ln\u00edk 120x100cm, b\u00edl\u00e1 26611"}]},{"@type":"WebSite","@id":"https:\/\/www.domtechnikpro.com\/#website","url":"https:\/\/www.domtechnikpro.com\/","name":"","description":"","potentialAction":[{"@type":"SearchAction","target":{"@type":"EntryPoint","urlTemplate":"https:\/\/www.domtechnikpro.com\/?s={search_term_string}"},"query-input":{"@type":"PropertyValueSpecification","valueRequired":true,"valueName":"search_term_string"}}],"inLanguage":"cs"}]}},"_links":{"self":[{"href":"https:\/\/www.domtechnikpro.com\/index.php\/wp-json\/wp\/v2\/product\/72123","targetHints":{"allow":["GET"]}}],"collection":[{"href":"https:\/\/www.domtechnikpro.com\/index.php\/wp-json\/wp\/v2\/product"}],"about":[{"href":"https:\/\/www.domtechnikpro.com\/index.php\/wp-json\/wp\/v2\/types\/product"}],"replies":[{"embeddable":true,"href":"https:\/\/www.domtechnikpro.com\/index.php\/wp-json\/wp\/v2\/comments?post=72123"}],"wp:featuredmedia":[{"embeddable":true,"href":"https:\/\/www.domtechnikpro.com\/index.php\/wp-json\/wp\/v2\/media\/72223"}],"wp:attachment":[{"href":"https:\/\/www.domtechnikpro.com\/index.php\/wp-json\/wp\/v2\/media?parent=72123"}],"wp:term":[{"taxonomy":"product_brand","embeddable":true,"href":"https:\/\/www.domtechnikpro.com\/index.php\/wp-json\/wp\/v2\/product_brand?post=72123"},{"taxonomy":"product_cat","embeddable":true,"href":"https:\/\/www.domtechnikpro.com\/index.php\/wp-json\/wp\/v2\/product_cat?post=72123"},{"taxonomy":"product_tag","embeddable":true,"href":"https:\/\/www.domtechnikpro.com\/index.php\/wp-json\/wp\/v2\/product_tag?post=72123"}],"curies":[{"name":"wp","href":"https:\/\/api.w.org\/{rel}","templated":true}]}}