{"id":71170,"date":"2026-04-26T09:05:01","date_gmt":"2026-04-26T09:05:01","guid":{"rendered":""},"modified":"2026-04-26T09:05:01","modified_gmt":"2026-04-26T09:05:01","slug":"nizka-cena-alcadrain-umyvadlova-vypust-click-clack-5-4-kovova-velka-zatka-span-class-product-appendix-vyjimatelna-vypust-span-71170","status":"publish","type":"product","link":"https:\/\/www.domtechnikpro.com\/produkt\/nizka-cena-alcadrain-umyvadlova-vypust-click-clack-5-4-kovova-velka-zatka-span-class-product-appendix-vyjimatelna-vypust-span-71170\/","title":{"rendered":"N\u00edzk\u00e1 Cena Alcadrain Umyvadlov\u00e1 v\u00fdpus\u0165 click\/clack 5\/4\u02dd kovov\u00e1 velk\u00e1 z\u00e1tka <span class=\"product-appendix\"> vyj\u00edmateln\u00e1 v\u00fdpust<\/span>"},"content":{"rendered":"<div class=\"basic-description\">\n<h3>Detailn\u00ed popis produktu<\/h3>\n<p>                                    \u2022 Z\u00e1vit pro p\u0159ipojen\u00ed k umyvadlov\u00e9mu sifonu 5\/4&quot;<br \/>\u2022 Pochromov\u00e1n\u00ed je odoln\u00e9 proti mechanick\u00e9mu po\u0161kozen\u00ed<br \/>\u2022 Dlouh\u00e1 \u017eivotnost mechanismu CLICK\/CLACK<br \/>\u2022 Snadn\u00e9 \u010di\u0161t\u011bn\u00ed sifonu shora \u2013 d\u00edky kompletn\u011b vyj\u00edmateln\u00e9 v\u00fdpusti<br \/>\u2022 Materi\u00e1l: mosaz s chromovou povrchovou \u00fapravou<\/p>\n<p><strong>Upozorn\u011bn\u00ed pro z\u00e1kazn\u00edky ke koupi produkt\u016f na objedn\u00e1n\u00ed:<\/strong> Toto zbo\u017e\u00ed nen\u00ed standardn\u00edm s\u00e9riov\u00fdm v\u00fdrobkem. Bude vyrobeno na p\u0159\u00e1n\u00ed z\u00e1kazn\u00edka a proto jej <strong>nelze dodavateli v z\u00e1konn\u00e9 lh\u016ft\u011b vr\u00e1tit.<\/strong> (viz \u00a71837 odst.d, ob\u010dansk\u00e9ho z\u00e1kon\u00edku). V tomto p\u0159\u00edpad\u011b m\u016f\u017eeme po\u017eadovat nevratnou z\u00e1lohu a\u017e do v\u00fd\u0161e 100 % z ceny v\u00fdrobku.<\/p>\n<\/p><\/div>\n","protected":false},"excerpt":{"rendered":"<p>Detailn\u00ed popis produktu \u2022 Z\u00e1vit pro p\u0159ipojen\u00ed k umyvadlov\u00e9mu sifonu 5\/4&quot;\u2022 Pochromov\u00e1n\u00ed je odoln\u00e9 proti mechanick\u00e9mu po\u0161kozen\u00ed\u2022 Dlouh\u00e1 \u017eivotnost mechanismu CLICK\/CLACK\u2022 Snadn\u00e9 \u010di\u0161t\u011bn\u00ed sifonu shora \u2013 d\u00edky kompletn\u011b vyj\u00edmateln\u00e9 v\u00fdpusti\u2022 Materi\u00e1l: mosaz s chromovou povrchovou \u00fapravou Upozorn\u011bn\u00ed pro z\u00e1kazn\u00edky ke koupi produkt\u016f na objedn\u00e1n\u00ed: Toto zbo\u017e\u00ed nen\u00ed standardn\u00edm s\u00e9riov\u00fdm v\u00fdrobkem. Bude vyrobeno na p\u0159\u00e1n\u00ed z\u00e1kazn\u00edka [&hellip;]<\/p>\n","protected":false},"featured_media":71270,"comment_status":"open","ping_status":"open","template":"","meta":[],"product_brand":[],"product_cat":[209],"product_tag":[],"class_list":{"0":"post-71170","1":"product","2":"type-product","3":"status-publish","4":"has-post-thumbnail","6":"product_cat-koupelnove-vybaveni","8":"first","9":"instock","10":"sale","11":"shipping-taxable","12":"purchasable","13":"product-type-simple"},"yoast_head":"<!-- This site is optimized with the Yoast SEO plugin v26.8 - https:\/\/yoast.com\/product\/yoast-seo-wordpress\/ -->\n<title>N\u00edzk\u00e1 Cena Alcadrain Umyvadlov\u00e1 v\u00fdpus\u0165 click\/clack 5\/4\u02dd kovov\u00e1 velk\u00e1 z\u00e1tka  vyj\u00edmateln\u00e1 v\u00fdpust - Pr\u016fmyslov\u00e9 vybaven\u00ed a p\u0159\u00edslu\u0161enstv\u00ed<\/title>\n<meta name=\"robots\" content=\"index, follow, max-snippet:-1, max-image-preview:large, max-video-preview:-1\" \/>\n<link rel=\"canonical\" href=\"https:\/\/www.domtechnikpro.com\/index.php\/produkt\/nizka-cena-alcadrain-umyvadlova-vypust-click-clack-5-4-kovova-velka-zatka-span-class-product-appendix-vyjimatelna-vypust-span-71170\/\" \/>\n<meta property=\"og:locale\" content=\"cs_CZ\" \/>\n<meta property=\"og:type\" content=\"article\" \/>\n<meta property=\"og:title\" content=\"N\u00edzk\u00e1 Cena Alcadrain Umyvadlov\u00e1 v\u00fdpus\u0165 click\/clack 5\/4\u02dd kovov\u00e1 velk\u00e1 z\u00e1tka  vyj\u00edmateln\u00e1 v\u00fdpust - Pr\u016fmyslov\u00e9 vybaven\u00ed a p\u0159\u00edslu\u0161enstv\u00ed\" \/>\n<meta property=\"og:description\" content=\"Detailn\u00ed popis produktu \u2022 Z\u00e1vit pro p\u0159ipojen\u00ed k umyvadlov\u00e9mu sifonu 5\/4&quot;\u2022 Pochromov\u00e1n\u00ed je odoln\u00e9 proti mechanick\u00e9mu po\u0161kozen\u00ed\u2022 Dlouh\u00e1 \u017eivotnost mechanismu CLICK\/CLACK\u2022 Snadn\u00e9 \u010di\u0161t\u011bn\u00ed sifonu shora \u2013 d\u00edky kompletn\u011b vyj\u00edmateln\u00e9 v\u00fdpusti\u2022 Materi\u00e1l: mosaz s chromovou povrchovou \u00fapravou Upozorn\u011bn\u00ed pro z\u00e1kazn\u00edky ke koupi produkt\u016f na objedn\u00e1n\u00ed: Toto zbo\u017e\u00ed nen\u00ed standardn\u00edm s\u00e9riov\u00fdm v\u00fdrobkem. Bude vyrobeno na p\u0159\u00e1n\u00ed z\u00e1kazn\u00edka [&hellip;]\" \/>\n<meta property=\"og:url\" content=\"https:\/\/www.domtechnikpro.com\/index.php\/produkt\/nizka-cena-alcadrain-umyvadlova-vypust-click-clack-5-4-kovova-velka-zatka-span-class-product-appendix-vyjimatelna-vypust-span-71170\/\" \/>\n<meta property=\"og:site_name\" content=\"Pr\u016fmyslov\u00e9 vybaven\u00ed a p\u0159\u00edslu\u0161enstv\u00ed\" \/>\n<meta property=\"og:image\" content=\"https:\/\/www.domtechnikpro.com\/wp-content\/uploads\/2026\/SK0002253-CZ20260425-093631-0-1777080994-81462-1_alcaplast-umyvadlova-vypust-click-clack-5-4-kovova-.webp\" \/>\n\t<meta property=\"og:image:width\" content=\"1000\" \/>\n\t<meta property=\"og:image:height\" content=\"750\" \/>\n\t<meta property=\"og:image:type\" content=\"image\/webp\" \/>\n<meta name=\"twitter:card\" content=\"summary_large_image\" \/>\n<meta name=\"twitter:label1\" content=\"Odhadovan\u00e1 doba \u010dten\u00ed\" \/>\n\t<meta name=\"twitter:data1\" content=\"1 minuta\" \/>\n<script type=\"application\/ld+json\" class=\"yoast-schema-graph\">{\"@context\":\"https:\/\/schema.org\",\"@graph\":[{\"@type\":\"WebPage\",\"@id\":\"https:\/\/www.domtechnikpro.com\/index.php\/produkt\/nizka-cena-alcadrain-umyvadlova-vypust-click-clack-5-4-kovova-velka-zatka-span-class-product-appendix-vyjimatelna-vypust-span-71170\/\",\"url\":\"https:\/\/www.domtechnikpro.com\/index.php\/produkt\/nizka-cena-alcadrain-umyvadlova-vypust-click-clack-5-4-kovova-velka-zatka-span-class-product-appendix-vyjimatelna-vypust-span-71170\/\",\"name\":\"N\u00edzk\u00e1 Cena Alcadrain Umyvadlov\u00e1 v\u00fdpus\u0165 click\/clack 5\/4\u02dd kovov\u00e1 velk\u00e1 z\u00e1tka vyj\u00edmateln\u00e1 v\u00fdpust - Pr\u016fmyslov\u00e9 vybaven\u00ed a p\u0159\u00edslu\u0161enstv\u00ed\",\"isPartOf\":{\"@id\":\"https:\/\/www.domtechnikpro.com\/#website\"},\"primaryImageOfPage\":{\"@id\":\"https:\/\/www.domtechnikpro.com\/index.php\/produkt\/nizka-cena-alcadrain-umyvadlova-vypust-click-clack-5-4-kovova-velka-zatka-span-class-product-appendix-vyjimatelna-vypust-span-71170\/#primaryimage\"},\"image\":{\"@id\":\"https:\/\/www.domtechnikpro.com\/index.php\/produkt\/nizka-cena-alcadrain-umyvadlova-vypust-click-clack-5-4-kovova-velka-zatka-span-class-product-appendix-vyjimatelna-vypust-span-71170\/#primaryimage\"},\"thumbnailUrl\":\"https:\/\/www.domtechnikpro.com\/wp-content\/uploads\/2026\/SK0002253-CZ20260425-093631-0-1777080994-81462-1_alcaplast-umyvadlova-vypust-click-clack-5-4-kovova-.webp\",\"datePublished\":\"2026-04-26T09:05:01+00:00\",\"breadcrumb\":{\"@id\":\"https:\/\/www.domtechnikpro.com\/index.php\/produkt\/nizka-cena-alcadrain-umyvadlova-vypust-click-clack-5-4-kovova-velka-zatka-span-class-product-appendix-vyjimatelna-vypust-span-71170\/#breadcrumb\"},\"inLanguage\":\"cs\",\"potentialAction\":[{\"@type\":\"ReadAction\",\"target\":[\"https:\/\/www.domtechnikpro.com\/index.php\/produkt\/nizka-cena-alcadrain-umyvadlova-vypust-click-clack-5-4-kovova-velka-zatka-span-class-product-appendix-vyjimatelna-vypust-span-71170\/\"]}]},{\"@type\":\"ImageObject\",\"inLanguage\":\"cs\",\"@id\":\"https:\/\/www.domtechnikpro.com\/index.php\/produkt\/nizka-cena-alcadrain-umyvadlova-vypust-click-clack-5-4-kovova-velka-zatka-span-class-product-appendix-vyjimatelna-vypust-span-71170\/#primaryimage\",\"url\":\"https:\/\/www.domtechnikpro.com\/wp-content\/uploads\/2026\/SK0002253-CZ20260425-093631-0-1777080994-81462-1_alcaplast-umyvadlova-vypust-click-clack-5-4-kovova-.webp\",\"contentUrl\":\"https:\/\/www.domtechnikpro.com\/wp-content\/uploads\/2026\/SK0002253-CZ20260425-093631-0-1777080994-81462-1_alcaplast-umyvadlova-vypust-click-clack-5-4-kovova-.webp\",\"width\":1000,\"height\":750},{\"@type\":\"BreadcrumbList\",\"@id\":\"https:\/\/www.domtechnikpro.com\/index.php\/produkt\/nizka-cena-alcadrain-umyvadlova-vypust-click-clack-5-4-kovova-velka-zatka-span-class-product-appendix-vyjimatelna-vypust-span-71170\/#breadcrumb\",\"itemListElement\":[{\"@type\":\"ListItem\",\"position\":1,\"name\":\"Home\",\"item\":\"https:\/\/www.domtechnikpro.com\/\"},{\"@type\":\"ListItem\",\"position\":2,\"name\":\"Products\",\"item\":\"https:\/\/www.domtechnikpro.com\/products\/\"},{\"@type\":\"ListItem\",\"position\":3,\"name\":\"N\u00edzk\u00e1 Cena Alcadrain Umyvadlov\u00e1 v\u00fdpus\u0165 click\/clack 5\/4\u02dd kovov\u00e1 velk\u00e1 z\u00e1tka vyj\u00edmateln\u00e1 v\u00fdpust\"}]},{\"@type\":\"WebSite\",\"@id\":\"https:\/\/www.domtechnikpro.com\/#website\",\"url\":\"https:\/\/www.domtechnikpro.com\/\",\"name\":\"Pr\u016fmyslov\u00e9 vybaven\u00ed a p\u0159\u00edslu\u0161enstv\u00ed\",\"description\":\"Pr\u016fmyslov\u00e9 vybaven\u00ed a p\u0159\u00edslu\u0161enstv\u00ed\",\"publisher\":{\"@id\":\"https:\/\/www.domtechnikpro.com\/#organization\"},\"potentialAction\":[{\"@type\":\"SearchAction\",\"target\":{\"@type\":\"EntryPoint\",\"urlTemplate\":\"https:\/\/www.domtechnikpro.com\/?s={search_term_string}\"},\"query-input\":{\"@type\":\"PropertyValueSpecification\",\"valueRequired\":true,\"valueName\":\"search_term_string\"}}],\"inLanguage\":\"cs\"},{\"@type\":\"Organization\",\"@id\":\"https:\/\/www.domtechnikpro.com\/#organization\",\"name\":\"Pr\u016fmyslov\u00e9 vybaven\u00ed a p\u0159\u00edslu\u0161enstv\u00ed\",\"url\":\"https:\/\/www.domtechnikpro.com\/\",\"logo\":{\"@type\":\"ImageObject\",\"inLanguage\":\"cs\",\"@id\":\"https:\/\/www.domtechnikpro.com\/#\/schema\/logo\/image\/\",\"url\":\"https:\/\/www.domtechnikpro.com\/wp-content\/uploads\/2026\/04\/domtechnikpro_logo_full.svg\",\"contentUrl\":\"https:\/\/www.domtechnikpro.com\/wp-content\/uploads\/2026\/04\/domtechnikpro_logo_full.svg\",\"width\":920,\"height\":180,\"caption\":\"Pr\u016fmyslov\u00e9 vybaven\u00ed a p\u0159\u00edslu\u0161enstv\u00ed\"},\"image\":{\"@id\":\"https:\/\/www.domtechnikpro.com\/#\/schema\/logo\/image\/\"}}]}<\/script>\n<!-- \/ Yoast SEO plugin. -->","yoast_head_json":{"title":"N\u00edzk\u00e1 Cena Alcadrain Umyvadlov\u00e1 v\u00fdpus\u0165 click\/clack 5\/4\u02dd kovov\u00e1 velk\u00e1 z\u00e1tka  vyj\u00edmateln\u00e1 v\u00fdpust - Pr\u016fmyslov\u00e9 vybaven\u00ed a p\u0159\u00edslu\u0161enstv\u00ed","robots":{"index":"index","follow":"follow","max-snippet":"max-snippet:-1","max-image-preview":"max-image-preview:large","max-video-preview":"max-video-preview:-1"},"canonical":"https:\/\/www.domtechnikpro.com\/index.php\/produkt\/nizka-cena-alcadrain-umyvadlova-vypust-click-clack-5-4-kovova-velka-zatka-span-class-product-appendix-vyjimatelna-vypust-span-71170\/","og_locale":"cs_CZ","og_type":"article","og_title":"N\u00edzk\u00e1 Cena Alcadrain Umyvadlov\u00e1 v\u00fdpus\u0165 click\/clack 5\/4\u02dd kovov\u00e1 velk\u00e1 z\u00e1tka  vyj\u00edmateln\u00e1 v\u00fdpust - Pr\u016fmyslov\u00e9 vybaven\u00ed a p\u0159\u00edslu\u0161enstv\u00ed","og_description":"Detailn\u00ed popis produktu \u2022 Z\u00e1vit pro p\u0159ipojen\u00ed k umyvadlov\u00e9mu sifonu 5\/4&quot;\u2022 Pochromov\u00e1n\u00ed je odoln\u00e9 proti mechanick\u00e9mu po\u0161kozen\u00ed\u2022 Dlouh\u00e1 \u017eivotnost mechanismu CLICK\/CLACK\u2022 Snadn\u00e9 \u010di\u0161t\u011bn\u00ed sifonu shora \u2013 d\u00edky kompletn\u011b vyj\u00edmateln\u00e9 v\u00fdpusti\u2022 Materi\u00e1l: mosaz s chromovou povrchovou \u00fapravou Upozorn\u011bn\u00ed pro z\u00e1kazn\u00edky ke koupi produkt\u016f na objedn\u00e1n\u00ed: Toto zbo\u017e\u00ed nen\u00ed standardn\u00edm s\u00e9riov\u00fdm v\u00fdrobkem. Bude vyrobeno na p\u0159\u00e1n\u00ed z\u00e1kazn\u00edka [&hellip;]","og_url":"https:\/\/www.domtechnikpro.com\/index.php\/produkt\/nizka-cena-alcadrain-umyvadlova-vypust-click-clack-5-4-kovova-velka-zatka-span-class-product-appendix-vyjimatelna-vypust-span-71170\/","og_site_name":"Pr\u016fmyslov\u00e9 vybaven\u00ed a p\u0159\u00edslu\u0161enstv\u00ed","og_image":[{"width":1000,"height":750,"url":"https:\/\/www.domtechnikpro.com\/wp-content\/uploads\/2026\/SK0002253-CZ20260425-093631-0-1777080994-81462-1_alcaplast-umyvadlova-vypust-click-clack-5-4-kovova-.webp","type":"image\/webp"}],"twitter_card":"summary_large_image","twitter_misc":{"Odhadovan\u00e1 doba \u010dten\u00ed":"1 minuta"},"schema":{"@context":"https:\/\/schema.org","@graph":[{"@type":"WebPage","@id":"https:\/\/www.domtechnikpro.com\/index.php\/produkt\/nizka-cena-alcadrain-umyvadlova-vypust-click-clack-5-4-kovova-velka-zatka-span-class-product-appendix-vyjimatelna-vypust-span-71170\/","url":"https:\/\/www.domtechnikpro.com\/index.php\/produkt\/nizka-cena-alcadrain-umyvadlova-vypust-click-clack-5-4-kovova-velka-zatka-span-class-product-appendix-vyjimatelna-vypust-span-71170\/","name":"N\u00edzk\u00e1 Cena Alcadrain Umyvadlov\u00e1 v\u00fdpus\u0165 click\/clack 5\/4\u02dd kovov\u00e1 velk\u00e1 z\u00e1tka vyj\u00edmateln\u00e1 v\u00fdpust - Pr\u016fmyslov\u00e9 vybaven\u00ed a p\u0159\u00edslu\u0161enstv\u00ed","isPartOf":{"@id":"https:\/\/www.domtechnikpro.com\/#website"},"primaryImageOfPage":{"@id":"https:\/\/www.domtechnikpro.com\/index.php\/produkt\/nizka-cena-alcadrain-umyvadlova-vypust-click-clack-5-4-kovova-velka-zatka-span-class-product-appendix-vyjimatelna-vypust-span-71170\/#primaryimage"},"image":{"@id":"https:\/\/www.domtechnikpro.com\/index.php\/produkt\/nizka-cena-alcadrain-umyvadlova-vypust-click-clack-5-4-kovova-velka-zatka-span-class-product-appendix-vyjimatelna-vypust-span-71170\/#primaryimage"},"thumbnailUrl":"https:\/\/www.domtechnikpro.com\/wp-content\/uploads\/2026\/SK0002253-CZ20260425-093631-0-1777080994-81462-1_alcaplast-umyvadlova-vypust-click-clack-5-4-kovova-.webp","datePublished":"2026-04-26T09:05:01+00:00","breadcrumb":{"@id":"https:\/\/www.domtechnikpro.com\/index.php\/produkt\/nizka-cena-alcadrain-umyvadlova-vypust-click-clack-5-4-kovova-velka-zatka-span-class-product-appendix-vyjimatelna-vypust-span-71170\/#breadcrumb"},"inLanguage":"cs","potentialAction":[{"@type":"ReadAction","target":["https:\/\/www.domtechnikpro.com\/index.php\/produkt\/nizka-cena-alcadrain-umyvadlova-vypust-click-clack-5-4-kovova-velka-zatka-span-class-product-appendix-vyjimatelna-vypust-span-71170\/"]}]},{"@type":"ImageObject","inLanguage":"cs","@id":"https:\/\/www.domtechnikpro.com\/index.php\/produkt\/nizka-cena-alcadrain-umyvadlova-vypust-click-clack-5-4-kovova-velka-zatka-span-class-product-appendix-vyjimatelna-vypust-span-71170\/#primaryimage","url":"https:\/\/www.domtechnikpro.com\/wp-content\/uploads\/2026\/SK0002253-CZ20260425-093631-0-1777080994-81462-1_alcaplast-umyvadlova-vypust-click-clack-5-4-kovova-.webp","contentUrl":"https:\/\/www.domtechnikpro.com\/wp-content\/uploads\/2026\/SK0002253-CZ20260425-093631-0-1777080994-81462-1_alcaplast-umyvadlova-vypust-click-clack-5-4-kovova-.webp","width":1000,"height":750},{"@type":"BreadcrumbList","@id":"https:\/\/www.domtechnikpro.com\/index.php\/produkt\/nizka-cena-alcadrain-umyvadlova-vypust-click-clack-5-4-kovova-velka-zatka-span-class-product-appendix-vyjimatelna-vypust-span-71170\/#breadcrumb","itemListElement":[{"@type":"ListItem","position":1,"name":"Home","item":"https:\/\/www.domtechnikpro.com\/"},{"@type":"ListItem","position":2,"name":"Products","item":"https:\/\/www.domtechnikpro.com\/products\/"},{"@type":"ListItem","position":3,"name":"N\u00edzk\u00e1 Cena Alcadrain Umyvadlov\u00e1 v\u00fdpus\u0165 click\/clack 5\/4\u02dd kovov\u00e1 velk\u00e1 z\u00e1tka vyj\u00edmateln\u00e1 v\u00fdpust"}]},{"@type":"WebSite","@id":"https:\/\/www.domtechnikpro.com\/#website","url":"https:\/\/www.domtechnikpro.com\/","name":"Pr\u016fmyslov\u00e9 vybaven\u00ed a p\u0159\u00edslu\u0161enstv\u00ed","description":"Pr\u016fmyslov\u00e9 vybaven\u00ed a p\u0159\u00edslu\u0161enstv\u00ed","publisher":{"@id":"https:\/\/www.domtechnikpro.com\/#organization"},"potentialAction":[{"@type":"SearchAction","target":{"@type":"EntryPoint","urlTemplate":"https:\/\/www.domtechnikpro.com\/?s={search_term_string}"},"query-input":{"@type":"PropertyValueSpecification","valueRequired":true,"valueName":"search_term_string"}}],"inLanguage":"cs"},{"@type":"Organization","@id":"https:\/\/www.domtechnikpro.com\/#organization","name":"Pr\u016fmyslov\u00e9 vybaven\u00ed a p\u0159\u00edslu\u0161enstv\u00ed","url":"https:\/\/www.domtechnikpro.com\/","logo":{"@type":"ImageObject","inLanguage":"cs","@id":"https:\/\/www.domtechnikpro.com\/#\/schema\/logo\/image\/","url":"https:\/\/www.domtechnikpro.com\/wp-content\/uploads\/2026\/04\/domtechnikpro_logo_full.svg","contentUrl":"https:\/\/www.domtechnikpro.com\/wp-content\/uploads\/2026\/04\/domtechnikpro_logo_full.svg","width":920,"height":180,"caption":"Pr\u016fmyslov\u00e9 vybaven\u00ed a p\u0159\u00edslu\u0161enstv\u00ed"},"image":{"@id":"https:\/\/www.domtechnikpro.com\/#\/schema\/logo\/image\/"}}]}},"_links":{"self":[{"href":"https:\/\/www.domtechnikpro.com\/wp-json\/wp\/v2\/product\/71170","targetHints":{"allow":["GET"]}}],"collection":[{"href":"https:\/\/www.domtechnikpro.com\/wp-json\/wp\/v2\/product"}],"about":[{"href":"https:\/\/www.domtechnikpro.com\/wp-json\/wp\/v2\/types\/product"}],"replies":[{"embeddable":true,"href":"https:\/\/www.domtechnikpro.com\/wp-json\/wp\/v2\/comments?post=71170"}],"wp:featuredmedia":[{"embeddable":true,"href":"https:\/\/www.domtechnikpro.com\/wp-json\/wp\/v2\/media\/71270"}],"wp:attachment":[{"href":"https:\/\/www.domtechnikpro.com\/wp-json\/wp\/v2\/media?parent=71170"}],"wp:term":[{"taxonomy":"product_brand","embeddable":true,"href":"https:\/\/www.domtechnikpro.com\/wp-json\/wp\/v2\/product_brand?post=71170"},{"taxonomy":"product_cat","embeddable":true,"href":"https:\/\/www.domtechnikpro.com\/wp-json\/wp\/v2\/product_cat?post=71170"},{"taxonomy":"product_tag","embeddable":true,"href":"https:\/\/www.domtechnikpro.com\/wp-json\/wp\/v2\/product_tag?post=71170"}],"curies":[{"name":"wp","href":"https:\/\/api.w.org\/{rel}","templated":true}]}}