{"id":71150,"date":"2026-04-26T09:05:01","date_gmt":"2026-04-26T09:05:01","guid":{"rendered":""},"modified":"2026-04-26T09:05:01","modified_gmt":"2026-04-26T09:05:01","slug":"omezena-nabidka-alcadrain-sifon-pro-umyvadlo-desing-kovovy-cerny-mat-span-class-product-appendix-prumer-odpadu-32-mm-span-71150","status":"publish","type":"product","link":"https:\/\/www.domtechnikpro.com\/produkt\/omezena-nabidka-alcadrain-sifon-pro-umyvadlo-desing-kovovy-cerny-mat-span-class-product-appendix-prumer-odpadu-32-mm-span-71150\/","title":{"rendered":"Omezen\u00e1 Nab\u00eddka Alcadrain Sifon pro umyvadlo DESING kovov\u00fd, \u010dern\u00fd-mat <span class=\"product-appendix\"> pr\u016fm\u011br odpadu 32 mm<\/span>"},"content":{"rendered":"<div class=\"basic-description\">\n<h3>Detailn\u00ed popis produktu<\/h3>\n<p>                                    \u2022 Pou\u017eit\u00ed<br \/>Pro umyvadlo<\/p>\n<p>\u2022 Normy<br \/>\u010cSN EN 274<\/p>\n<p>\u2022 Vlastnosti<br \/>Napojen\u00ed na odpadn\u00ed trubku O32 mm<br \/>Zv\u00fd\u0161en\u00e1 odolnost proti po\u0161kr\u00e1b\u00e1n\u00ed<br \/>Barva: \u010dern\u00e1-mat<br \/>Materi\u00e1l: pochromovan\u00e1 mosaz s povrchovou \u00fapravou \u010dern\u00e1-mat<\/p>\n<p><strong>Upozorn\u011bn\u00ed pro z\u00e1kazn\u00edky ke koupi produkt\u016f na objedn\u00e1n\u00ed:<\/strong> Toto zbo\u017e\u00ed nen\u00ed standardn\u00edm s\u00e9riov\u00fdm v\u00fdrobkem. Bude vyrobeno na p\u0159\u00e1n\u00ed z\u00e1kazn\u00edka a proto jej <strong>nelze dodavateli v z\u00e1konn\u00e9 lh\u016ft\u011b vr\u00e1tit.<\/strong> (viz \u00a71837 odst.d, ob\u010dansk\u00e9ho z\u00e1kon\u00edku). V tomto p\u0159\u00edpad\u011b m\u016f\u017eeme po\u017eadovat nevratnou z\u00e1lohu a\u017e do v\u00fd\u0161e 100 % z ceny v\u00fdrobku.<\/p>\n<\/p><\/div>\n","protected":false},"excerpt":{"rendered":"<p>Detailn\u00ed popis produktu \u2022 Pou\u017eit\u00edPro umyvadlo \u2022 Normy\u010cSN EN 274 \u2022 VlastnostiNapojen\u00ed na odpadn\u00ed trubku O32 mmZv\u00fd\u0161en\u00e1 odolnost proti po\u0161kr\u00e1b\u00e1n\u00edBarva: \u010dern\u00e1-matMateri\u00e1l: pochromovan\u00e1 mosaz s povrchovou \u00fapravou \u010dern\u00e1-mat Upozorn\u011bn\u00ed pro z\u00e1kazn\u00edky ke koupi produkt\u016f na objedn\u00e1n\u00ed: Toto zbo\u017e\u00ed nen\u00ed standardn\u00edm s\u00e9riov\u00fdm v\u00fdrobkem. Bude vyrobeno na p\u0159\u00e1n\u00ed z\u00e1kazn\u00edka a proto jej nelze dodavateli v z\u00e1konn\u00e9 lh\u016ft\u011b vr\u00e1tit. [&hellip;]<\/p>\n","protected":false},"featured_media":71250,"comment_status":"open","ping_status":"open","template":"","meta":[],"product_brand":[],"product_cat":[209],"product_tag":[],"class_list":{"0":"post-71150","1":"product","2":"type-product","3":"status-publish","4":"has-post-thumbnail","6":"product_cat-koupelnove-vybaveni","8":"first","9":"instock","10":"sale","11":"shipping-taxable","12":"purchasable","13":"product-type-simple"},"yoast_head":"<!-- This site is optimized with the Yoast SEO plugin v26.8 - https:\/\/yoast.com\/product\/yoast-seo-wordpress\/ -->\n<title>Omezen\u00e1 Nab\u00eddka Alcadrain Sifon pro umyvadlo DESING kovov\u00fd, \u010dern\u00fd-mat  pr\u016fm\u011br odpadu 32 mm - Pr\u016fmyslov\u00e9 vybaven\u00ed a p\u0159\u00edslu\u0161enstv\u00ed<\/title>\n<meta name=\"robots\" content=\"index, follow, max-snippet:-1, max-image-preview:large, max-video-preview:-1\" \/>\n<link rel=\"canonical\" href=\"https:\/\/www.domtechnikpro.com\/index.php\/produkt\/omezena-nabidka-alcadrain-sifon-pro-umyvadlo-desing-kovovy-cerny-mat-span-class-product-appendix-prumer-odpadu-32-mm-span-71150\/\" \/>\n<meta property=\"og:locale\" content=\"cs_CZ\" \/>\n<meta property=\"og:type\" content=\"article\" \/>\n<meta property=\"og:title\" content=\"Omezen\u00e1 Nab\u00eddka Alcadrain Sifon pro umyvadlo DESING kovov\u00fd, \u010dern\u00fd-mat  pr\u016fm\u011br odpadu 32 mm - Pr\u016fmyslov\u00e9 vybaven\u00ed a p\u0159\u00edslu\u0161enstv\u00ed\" \/>\n<meta property=\"og:description\" content=\"Detailn\u00ed popis produktu \u2022 Pou\u017eit\u00edPro umyvadlo \u2022 Normy\u010cSN EN 274 \u2022 VlastnostiNapojen\u00ed na odpadn\u00ed trubku O32 mmZv\u00fd\u0161en\u00e1 odolnost proti po\u0161kr\u00e1b\u00e1n\u00edBarva: \u010dern\u00e1-matMateri\u00e1l: pochromovan\u00e1 mosaz s povrchovou \u00fapravou \u010dern\u00e1-mat Upozorn\u011bn\u00ed pro z\u00e1kazn\u00edky ke koupi produkt\u016f na objedn\u00e1n\u00ed: Toto zbo\u017e\u00ed nen\u00ed standardn\u00edm s\u00e9riov\u00fdm v\u00fdrobkem. Bude vyrobeno na p\u0159\u00e1n\u00ed z\u00e1kazn\u00edka a proto jej nelze dodavateli v z\u00e1konn\u00e9 lh\u016ft\u011b vr\u00e1tit. [&hellip;]\" \/>\n<meta property=\"og:url\" content=\"https:\/\/www.domtechnikpro.com\/index.php\/produkt\/omezena-nabidka-alcadrain-sifon-pro-umyvadlo-desing-kovovy-cerny-mat-span-class-product-appendix-prumer-odpadu-32-mm-span-71150\/\" \/>\n<meta property=\"og:site_name\" content=\"Pr\u016fmyslov\u00e9 vybaven\u00ed a p\u0159\u00edslu\u0161enstv\u00ed\" \/>\n<meta property=\"og:image\" content=\"https:\/\/www.domtechnikpro.com\/wp-content\/uploads\/2026\/SK0002233-CZ20260425-093631-0-1777080994-80475-1_alcaplast-sifon-pro-umyvadlo-desing-kovovy--cerny-m.webp\" \/>\n\t<meta property=\"og:image:width\" content=\"1000\" \/>\n\t<meta property=\"og:image:height\" content=\"750\" \/>\n\t<meta property=\"og:image:type\" content=\"image\/webp\" \/>\n<meta name=\"twitter:card\" content=\"summary_large_image\" \/>\n<meta name=\"twitter:label1\" content=\"Odhadovan\u00e1 doba \u010dten\u00ed\" \/>\n\t<meta name=\"twitter:data1\" content=\"1 minuta\" \/>\n<script type=\"application\/ld+json\" class=\"yoast-schema-graph\">{\"@context\":\"https:\/\/schema.org\",\"@graph\":[{\"@type\":\"WebPage\",\"@id\":\"https:\/\/www.domtechnikpro.com\/index.php\/produkt\/omezena-nabidka-alcadrain-sifon-pro-umyvadlo-desing-kovovy-cerny-mat-span-class-product-appendix-prumer-odpadu-32-mm-span-71150\/\",\"url\":\"https:\/\/www.domtechnikpro.com\/index.php\/produkt\/omezena-nabidka-alcadrain-sifon-pro-umyvadlo-desing-kovovy-cerny-mat-span-class-product-appendix-prumer-odpadu-32-mm-span-71150\/\",\"name\":\"Omezen\u00e1 Nab\u00eddka Alcadrain Sifon pro umyvadlo DESING kovov\u00fd, \u010dern\u00fd-mat pr\u016fm\u011br odpadu 32 mm - Pr\u016fmyslov\u00e9 vybaven\u00ed a p\u0159\u00edslu\u0161enstv\u00ed\",\"isPartOf\":{\"@id\":\"https:\/\/www.domtechnikpro.com\/#website\"},\"primaryImageOfPage\":{\"@id\":\"https:\/\/www.domtechnikpro.com\/index.php\/produkt\/omezena-nabidka-alcadrain-sifon-pro-umyvadlo-desing-kovovy-cerny-mat-span-class-product-appendix-prumer-odpadu-32-mm-span-71150\/#primaryimage\"},\"image\":{\"@id\":\"https:\/\/www.domtechnikpro.com\/index.php\/produkt\/omezena-nabidka-alcadrain-sifon-pro-umyvadlo-desing-kovovy-cerny-mat-span-class-product-appendix-prumer-odpadu-32-mm-span-71150\/#primaryimage\"},\"thumbnailUrl\":\"https:\/\/www.domtechnikpro.com\/wp-content\/uploads\/2026\/SK0002233-CZ20260425-093631-0-1777080994-80475-1_alcaplast-sifon-pro-umyvadlo-desing-kovovy--cerny-m.webp\",\"datePublished\":\"2026-04-26T09:05:01+00:00\",\"breadcrumb\":{\"@id\":\"https:\/\/www.domtechnikpro.com\/index.php\/produkt\/omezena-nabidka-alcadrain-sifon-pro-umyvadlo-desing-kovovy-cerny-mat-span-class-product-appendix-prumer-odpadu-32-mm-span-71150\/#breadcrumb\"},\"inLanguage\":\"cs\",\"potentialAction\":[{\"@type\":\"ReadAction\",\"target\":[\"https:\/\/www.domtechnikpro.com\/index.php\/produkt\/omezena-nabidka-alcadrain-sifon-pro-umyvadlo-desing-kovovy-cerny-mat-span-class-product-appendix-prumer-odpadu-32-mm-span-71150\/\"]}]},{\"@type\":\"ImageObject\",\"inLanguage\":\"cs\",\"@id\":\"https:\/\/www.domtechnikpro.com\/index.php\/produkt\/omezena-nabidka-alcadrain-sifon-pro-umyvadlo-desing-kovovy-cerny-mat-span-class-product-appendix-prumer-odpadu-32-mm-span-71150\/#primaryimage\",\"url\":\"https:\/\/www.domtechnikpro.com\/wp-content\/uploads\/2026\/SK0002233-CZ20260425-093631-0-1777080994-80475-1_alcaplast-sifon-pro-umyvadlo-desing-kovovy--cerny-m.webp\",\"contentUrl\":\"https:\/\/www.domtechnikpro.com\/wp-content\/uploads\/2026\/SK0002233-CZ20260425-093631-0-1777080994-80475-1_alcaplast-sifon-pro-umyvadlo-desing-kovovy--cerny-m.webp\",\"width\":1000,\"height\":750},{\"@type\":\"BreadcrumbList\",\"@id\":\"https:\/\/www.domtechnikpro.com\/index.php\/produkt\/omezena-nabidka-alcadrain-sifon-pro-umyvadlo-desing-kovovy-cerny-mat-span-class-product-appendix-prumer-odpadu-32-mm-span-71150\/#breadcrumb\",\"itemListElement\":[{\"@type\":\"ListItem\",\"position\":1,\"name\":\"Home\",\"item\":\"https:\/\/www.domtechnikpro.com\/\"},{\"@type\":\"ListItem\",\"position\":2,\"name\":\"Products\",\"item\":\"https:\/\/www.domtechnikpro.com\/products\/\"},{\"@type\":\"ListItem\",\"position\":3,\"name\":\"Omezen\u00e1 Nab\u00eddka Alcadrain Sifon pro umyvadlo DESING kovov\u00fd, \u010dern\u00fd-mat pr\u016fm\u011br odpadu 32 mm\"}]},{\"@type\":\"WebSite\",\"@id\":\"https:\/\/www.domtechnikpro.com\/#website\",\"url\":\"https:\/\/www.domtechnikpro.com\/\",\"name\":\"Pr\u016fmyslov\u00e9 vybaven\u00ed a p\u0159\u00edslu\u0161enstv\u00ed\",\"description\":\"Pr\u016fmyslov\u00e9 vybaven\u00ed a p\u0159\u00edslu\u0161enstv\u00ed\",\"publisher\":{\"@id\":\"https:\/\/www.domtechnikpro.com\/#organization\"},\"potentialAction\":[{\"@type\":\"SearchAction\",\"target\":{\"@type\":\"EntryPoint\",\"urlTemplate\":\"https:\/\/www.domtechnikpro.com\/?s={search_term_string}\"},\"query-input\":{\"@type\":\"PropertyValueSpecification\",\"valueRequired\":true,\"valueName\":\"search_term_string\"}}],\"inLanguage\":\"cs\"},{\"@type\":\"Organization\",\"@id\":\"https:\/\/www.domtechnikpro.com\/#organization\",\"name\":\"Pr\u016fmyslov\u00e9 vybaven\u00ed a p\u0159\u00edslu\u0161enstv\u00ed\",\"url\":\"https:\/\/www.domtechnikpro.com\/\",\"logo\":{\"@type\":\"ImageObject\",\"inLanguage\":\"cs\",\"@id\":\"https:\/\/www.domtechnikpro.com\/#\/schema\/logo\/image\/\",\"url\":\"https:\/\/www.domtechnikpro.com\/wp-content\/uploads\/2026\/04\/domtechnikpro_logo_full.svg\",\"contentUrl\":\"https:\/\/www.domtechnikpro.com\/wp-content\/uploads\/2026\/04\/domtechnikpro_logo_full.svg\",\"width\":920,\"height\":180,\"caption\":\"Pr\u016fmyslov\u00e9 vybaven\u00ed a p\u0159\u00edslu\u0161enstv\u00ed\"},\"image\":{\"@id\":\"https:\/\/www.domtechnikpro.com\/#\/schema\/logo\/image\/\"}}]}<\/script>\n<!-- \/ Yoast SEO plugin. -->","yoast_head_json":{"title":"Omezen\u00e1 Nab\u00eddka Alcadrain Sifon pro umyvadlo DESING kovov\u00fd, \u010dern\u00fd-mat  pr\u016fm\u011br odpadu 32 mm - Pr\u016fmyslov\u00e9 vybaven\u00ed a p\u0159\u00edslu\u0161enstv\u00ed","robots":{"index":"index","follow":"follow","max-snippet":"max-snippet:-1","max-image-preview":"max-image-preview:large","max-video-preview":"max-video-preview:-1"},"canonical":"https:\/\/www.domtechnikpro.com\/index.php\/produkt\/omezena-nabidka-alcadrain-sifon-pro-umyvadlo-desing-kovovy-cerny-mat-span-class-product-appendix-prumer-odpadu-32-mm-span-71150\/","og_locale":"cs_CZ","og_type":"article","og_title":"Omezen\u00e1 Nab\u00eddka Alcadrain Sifon pro umyvadlo DESING kovov\u00fd, \u010dern\u00fd-mat  pr\u016fm\u011br odpadu 32 mm - Pr\u016fmyslov\u00e9 vybaven\u00ed a p\u0159\u00edslu\u0161enstv\u00ed","og_description":"Detailn\u00ed popis produktu \u2022 Pou\u017eit\u00edPro umyvadlo \u2022 Normy\u010cSN EN 274 \u2022 VlastnostiNapojen\u00ed na odpadn\u00ed trubku O32 mmZv\u00fd\u0161en\u00e1 odolnost proti po\u0161kr\u00e1b\u00e1n\u00edBarva: \u010dern\u00e1-matMateri\u00e1l: pochromovan\u00e1 mosaz s povrchovou \u00fapravou \u010dern\u00e1-mat Upozorn\u011bn\u00ed pro z\u00e1kazn\u00edky ke koupi produkt\u016f na objedn\u00e1n\u00ed: Toto zbo\u017e\u00ed nen\u00ed standardn\u00edm s\u00e9riov\u00fdm v\u00fdrobkem. Bude vyrobeno na p\u0159\u00e1n\u00ed z\u00e1kazn\u00edka a proto jej nelze dodavateli v z\u00e1konn\u00e9 lh\u016ft\u011b vr\u00e1tit. [&hellip;]","og_url":"https:\/\/www.domtechnikpro.com\/index.php\/produkt\/omezena-nabidka-alcadrain-sifon-pro-umyvadlo-desing-kovovy-cerny-mat-span-class-product-appendix-prumer-odpadu-32-mm-span-71150\/","og_site_name":"Pr\u016fmyslov\u00e9 vybaven\u00ed a p\u0159\u00edslu\u0161enstv\u00ed","og_image":[{"width":1000,"height":750,"url":"https:\/\/www.domtechnikpro.com\/wp-content\/uploads\/2026\/SK0002233-CZ20260425-093631-0-1777080994-80475-1_alcaplast-sifon-pro-umyvadlo-desing-kovovy--cerny-m.webp","type":"image\/webp"}],"twitter_card":"summary_large_image","twitter_misc":{"Odhadovan\u00e1 doba \u010dten\u00ed":"1 minuta"},"schema":{"@context":"https:\/\/schema.org","@graph":[{"@type":"WebPage","@id":"https:\/\/www.domtechnikpro.com\/index.php\/produkt\/omezena-nabidka-alcadrain-sifon-pro-umyvadlo-desing-kovovy-cerny-mat-span-class-product-appendix-prumer-odpadu-32-mm-span-71150\/","url":"https:\/\/www.domtechnikpro.com\/index.php\/produkt\/omezena-nabidka-alcadrain-sifon-pro-umyvadlo-desing-kovovy-cerny-mat-span-class-product-appendix-prumer-odpadu-32-mm-span-71150\/","name":"Omezen\u00e1 Nab\u00eddka Alcadrain Sifon pro umyvadlo DESING kovov\u00fd, \u010dern\u00fd-mat pr\u016fm\u011br odpadu 32 mm - Pr\u016fmyslov\u00e9 vybaven\u00ed a p\u0159\u00edslu\u0161enstv\u00ed","isPartOf":{"@id":"https:\/\/www.domtechnikpro.com\/#website"},"primaryImageOfPage":{"@id":"https:\/\/www.domtechnikpro.com\/index.php\/produkt\/omezena-nabidka-alcadrain-sifon-pro-umyvadlo-desing-kovovy-cerny-mat-span-class-product-appendix-prumer-odpadu-32-mm-span-71150\/#primaryimage"},"image":{"@id":"https:\/\/www.domtechnikpro.com\/index.php\/produkt\/omezena-nabidka-alcadrain-sifon-pro-umyvadlo-desing-kovovy-cerny-mat-span-class-product-appendix-prumer-odpadu-32-mm-span-71150\/#primaryimage"},"thumbnailUrl":"https:\/\/www.domtechnikpro.com\/wp-content\/uploads\/2026\/SK0002233-CZ20260425-093631-0-1777080994-80475-1_alcaplast-sifon-pro-umyvadlo-desing-kovovy--cerny-m.webp","datePublished":"2026-04-26T09:05:01+00:00","breadcrumb":{"@id":"https:\/\/www.domtechnikpro.com\/index.php\/produkt\/omezena-nabidka-alcadrain-sifon-pro-umyvadlo-desing-kovovy-cerny-mat-span-class-product-appendix-prumer-odpadu-32-mm-span-71150\/#breadcrumb"},"inLanguage":"cs","potentialAction":[{"@type":"ReadAction","target":["https:\/\/www.domtechnikpro.com\/index.php\/produkt\/omezena-nabidka-alcadrain-sifon-pro-umyvadlo-desing-kovovy-cerny-mat-span-class-product-appendix-prumer-odpadu-32-mm-span-71150\/"]}]},{"@type":"ImageObject","inLanguage":"cs","@id":"https:\/\/www.domtechnikpro.com\/index.php\/produkt\/omezena-nabidka-alcadrain-sifon-pro-umyvadlo-desing-kovovy-cerny-mat-span-class-product-appendix-prumer-odpadu-32-mm-span-71150\/#primaryimage","url":"https:\/\/www.domtechnikpro.com\/wp-content\/uploads\/2026\/SK0002233-CZ20260425-093631-0-1777080994-80475-1_alcaplast-sifon-pro-umyvadlo-desing-kovovy--cerny-m.webp","contentUrl":"https:\/\/www.domtechnikpro.com\/wp-content\/uploads\/2026\/SK0002233-CZ20260425-093631-0-1777080994-80475-1_alcaplast-sifon-pro-umyvadlo-desing-kovovy--cerny-m.webp","width":1000,"height":750},{"@type":"BreadcrumbList","@id":"https:\/\/www.domtechnikpro.com\/index.php\/produkt\/omezena-nabidka-alcadrain-sifon-pro-umyvadlo-desing-kovovy-cerny-mat-span-class-product-appendix-prumer-odpadu-32-mm-span-71150\/#breadcrumb","itemListElement":[{"@type":"ListItem","position":1,"name":"Home","item":"https:\/\/www.domtechnikpro.com\/"},{"@type":"ListItem","position":2,"name":"Products","item":"https:\/\/www.domtechnikpro.com\/products\/"},{"@type":"ListItem","position":3,"name":"Omezen\u00e1 Nab\u00eddka Alcadrain Sifon pro umyvadlo DESING kovov\u00fd, \u010dern\u00fd-mat pr\u016fm\u011br odpadu 32 mm"}]},{"@type":"WebSite","@id":"https:\/\/www.domtechnikpro.com\/#website","url":"https:\/\/www.domtechnikpro.com\/","name":"Pr\u016fmyslov\u00e9 vybaven\u00ed a p\u0159\u00edslu\u0161enstv\u00ed","description":"Pr\u016fmyslov\u00e9 vybaven\u00ed a p\u0159\u00edslu\u0161enstv\u00ed","publisher":{"@id":"https:\/\/www.domtechnikpro.com\/#organization"},"potentialAction":[{"@type":"SearchAction","target":{"@type":"EntryPoint","urlTemplate":"https:\/\/www.domtechnikpro.com\/?s={search_term_string}"},"query-input":{"@type":"PropertyValueSpecification","valueRequired":true,"valueName":"search_term_string"}}],"inLanguage":"cs"},{"@type":"Organization","@id":"https:\/\/www.domtechnikpro.com\/#organization","name":"Pr\u016fmyslov\u00e9 vybaven\u00ed a p\u0159\u00edslu\u0161enstv\u00ed","url":"https:\/\/www.domtechnikpro.com\/","logo":{"@type":"ImageObject","inLanguage":"cs","@id":"https:\/\/www.domtechnikpro.com\/#\/schema\/logo\/image\/","url":"https:\/\/www.domtechnikpro.com\/wp-content\/uploads\/2026\/04\/domtechnikpro_logo_full.svg","contentUrl":"https:\/\/www.domtechnikpro.com\/wp-content\/uploads\/2026\/04\/domtechnikpro_logo_full.svg","width":920,"height":180,"caption":"Pr\u016fmyslov\u00e9 vybaven\u00ed a p\u0159\u00edslu\u0161enstv\u00ed"},"image":{"@id":"https:\/\/www.domtechnikpro.com\/#\/schema\/logo\/image\/"}}]}},"_links":{"self":[{"href":"https:\/\/www.domtechnikpro.com\/wp-json\/wp\/v2\/product\/71150","targetHints":{"allow":["GET"]}}],"collection":[{"href":"https:\/\/www.domtechnikpro.com\/wp-json\/wp\/v2\/product"}],"about":[{"href":"https:\/\/www.domtechnikpro.com\/wp-json\/wp\/v2\/types\/product"}],"replies":[{"embeddable":true,"href":"https:\/\/www.domtechnikpro.com\/wp-json\/wp\/v2\/comments?post=71150"}],"wp:featuredmedia":[{"embeddable":true,"href":"https:\/\/www.domtechnikpro.com\/wp-json\/wp\/v2\/media\/71250"}],"wp:attachment":[{"href":"https:\/\/www.domtechnikpro.com\/wp-json\/wp\/v2\/media?parent=71150"}],"wp:term":[{"taxonomy":"product_brand","embeddable":true,"href":"https:\/\/www.domtechnikpro.com\/wp-json\/wp\/v2\/product_brand?post=71150"},{"taxonomy":"product_cat","embeddable":true,"href":"https:\/\/www.domtechnikpro.com\/wp-json\/wp\/v2\/product_cat?post=71150"},{"taxonomy":"product_tag","embeddable":true,"href":"https:\/\/www.domtechnikpro.com\/wp-json\/wp\/v2\/product_tag?post=71150"}],"curies":[{"name":"wp","href":"https:\/\/api.w.org\/{rel}","templated":true}]}}