{"id":70939,"date":"2026-04-26T09:04:58","date_gmt":"2026-04-26T09:04:58","guid":{"rendered":""},"modified":"2026-04-26T09:04:58","modified_gmt":"2026-04-26T09:04:58","slug":"primo-od-vyrobce-alcadrain-sifon-pro-umyvadlo-kovovy-u-s-prevlecnou-matici-5-4-span-class-product-appendix-prumer-odpadu-32-mm-span-70939","status":"publish","type":"product","link":"https:\/\/www.domtechnikpro.com\/index.php\/produkt\/primo-od-vyrobce-alcadrain-sifon-pro-umyvadlo-kovovy-u-s-prevlecnou-matici-5-4-span-class-product-appendix-prumer-odpadu-32-mm-span-70939\/","title":{"rendered":"P\u0159\u00edmo Od V\u00fdrobce Alcadrain Sifon pro umyvadlo kovov\u00fd U s\u00a0p\u0159evle\u010dnou matic\u00ed 5\/4\u02dd <span class=\"product-appendix\"> pr\u016fm\u011br odpadu 32 mm<\/span>"},"content":{"rendered":"<div class=\"basic-description\">\n<h3>Detailn\u00ed popis produktu<\/h3>\n<p>                                    \u2022 kovov\u00fd umyvadlov\u00fd sifon s chromovou povrchovou \u00fapravou<br \/>\u2022 matice pro p\u0159ipojen\u00ed umyvadlov\u00e9 v\u00fdpusti 5\/4&quot;<br \/>\u2022 odpadn\u00ed trubka \u2013 pr\u016fm\u011br 32 mm<\/p>\n<p><strong>Upozorn\u011bn\u00ed pro z\u00e1kazn\u00edky ke koupi produkt\u016f na objedn\u00e1n\u00ed:<\/strong> Toto zbo\u017e\u00ed nen\u00ed standardn\u00edm s\u00e9riov\u00fdm v\u00fdrobkem. Bude vyrobeno na p\u0159\u00e1n\u00ed z\u00e1kazn\u00edka a proto jej <strong>nelze dodavateli v z\u00e1konn\u00e9 lh\u016ft\u011b vr\u00e1tit.<\/strong> (viz \u00a71837 odst.d, ob\u010dansk\u00e9ho z\u00e1kon\u00edku). V tomto p\u0159\u00edpad\u011b m\u016f\u017eeme po\u017eadovat nevratnou z\u00e1lohu a\u017e do v\u00fd\u0161e 100 % z ceny v\u00fdrobku.<\/p>\n<\/p><\/div>\n","protected":false},"excerpt":{"rendered":"<p>Detailn\u00ed popis produktu \u2022 kovov\u00fd umyvadlov\u00fd sifon s chromovou povrchovou \u00fapravou\u2022 matice pro p\u0159ipojen\u00ed umyvadlov\u00e9 v\u00fdpusti 5\/4&quot;\u2022 odpadn\u00ed trubka \u2013 pr\u016fm\u011br 32 mm Upozorn\u011bn\u00ed pro z\u00e1kazn\u00edky ke koupi produkt\u016f na objedn\u00e1n\u00ed: Toto zbo\u017e\u00ed nen\u00ed standardn\u00edm s\u00e9riov\u00fdm v\u00fdrobkem. Bude vyrobeno na p\u0159\u00e1n\u00ed z\u00e1kazn\u00edka a proto jej nelze dodavateli v z\u00e1konn\u00e9 lh\u016ft\u011b vr\u00e1tit. (viz \u00a71837 odst.d, ob\u010dansk\u00e9ho [&hellip;]<\/p>\n","protected":false},"featured_media":71039,"comment_status":"open","ping_status":"open","template":"","meta":[],"product_brand":[],"product_cat":[209],"product_tag":[],"class_list":{"0":"post-70939","1":"product","2":"type-product","3":"status-publish","4":"has-post-thumbnail","6":"product_cat-koupelnove-vybaveni","8":"first","9":"instock","10":"sale","11":"shipping-taxable","12":"purchasable","13":"product-type-simple"},"yoast_head":"<!-- This site is optimized with the Yoast SEO plugin v26.8 - https:\/\/yoast.com\/product\/yoast-seo-wordpress\/ -->\n<title>P\u0159\u00edmo Od V\u00fdrobce Alcadrain Sifon pro umyvadlo kovov\u00fd U s\u00a0p\u0159evle\u010dnou matic\u00ed 5\/4\u02dd  pr\u016fm\u011br odpadu 32 mm -<\/title>\n<meta name=\"robots\" content=\"index, follow, max-snippet:-1, max-image-preview:large, max-video-preview:-1\" \/>\n<link rel=\"canonical\" href=\"https:\/\/www.domtechnikpro.com\/index.php\/produkt\/primo-od-vyrobce-alcadrain-sifon-pro-umyvadlo-kovovy-u-s-prevlecnou-matici-5-4-span-class-product-appendix-prumer-odpadu-32-mm-span-70939\/\" \/>\n<meta property=\"og:locale\" content=\"cs_CZ\" \/>\n<meta property=\"og:type\" content=\"article\" \/>\n<meta property=\"og:title\" content=\"P\u0159\u00edmo Od V\u00fdrobce Alcadrain Sifon pro umyvadlo kovov\u00fd U s\u00a0p\u0159evle\u010dnou matic\u00ed 5\/4\u02dd  pr\u016fm\u011br odpadu 32 mm -\" \/>\n<meta property=\"og:description\" content=\"Detailn\u00ed popis produktu \u2022 kovov\u00fd umyvadlov\u00fd sifon s chromovou povrchovou \u00fapravou\u2022 matice pro p\u0159ipojen\u00ed umyvadlov\u00e9 v\u00fdpusti 5\/4&quot;\u2022 odpadn\u00ed trubka \u2013 pr\u016fm\u011br 32 mm Upozorn\u011bn\u00ed pro z\u00e1kazn\u00edky ke koupi produkt\u016f na objedn\u00e1n\u00ed: Toto zbo\u017e\u00ed nen\u00ed standardn\u00edm s\u00e9riov\u00fdm v\u00fdrobkem. Bude vyrobeno na p\u0159\u00e1n\u00ed z\u00e1kazn\u00edka a proto jej nelze dodavateli v z\u00e1konn\u00e9 lh\u016ft\u011b vr\u00e1tit. (viz \u00a71837 odst.d, ob\u010dansk\u00e9ho [&hellip;]\" \/>\n<meta property=\"og:url\" content=\"https:\/\/www.domtechnikpro.com\/index.php\/produkt\/primo-od-vyrobce-alcadrain-sifon-pro-umyvadlo-kovovy-u-s-prevlecnou-matici-5-4-span-class-product-appendix-prumer-odpadu-32-mm-span-70939\/\" \/>\n<meta property=\"og:image\" content=\"https:\/\/www.domtechnikpro.com\/wp-content\/uploads\/2026\/SK0002121-CZ20260425-093631-0-1777080994-73431-1_alcaplast-sifon-pro-umyvadlo-kovovy-u-s--prevlecnou.webp\" \/>\n\t<meta property=\"og:image:width\" content=\"1000\" \/>\n\t<meta property=\"og:image:height\" content=\"750\" \/>\n\t<meta property=\"og:image:type\" content=\"image\/webp\" \/>\n<meta name=\"twitter:card\" content=\"summary_large_image\" \/>\n<script type=\"application\/ld+json\" class=\"yoast-schema-graph\">{\"@context\":\"https:\/\/schema.org\",\"@graph\":[{\"@type\":\"WebPage\",\"@id\":\"https:\/\/www.domtechnikpro.com\/index.php\/produkt\/primo-od-vyrobce-alcadrain-sifon-pro-umyvadlo-kovovy-u-s-prevlecnou-matici-5-4-span-class-product-appendix-prumer-odpadu-32-mm-span-70939\/\",\"url\":\"https:\/\/www.domtechnikpro.com\/index.php\/produkt\/primo-od-vyrobce-alcadrain-sifon-pro-umyvadlo-kovovy-u-s-prevlecnou-matici-5-4-span-class-product-appendix-prumer-odpadu-32-mm-span-70939\/\",\"name\":\"P\u0159\u00edmo Od V\u00fdrobce Alcadrain Sifon pro umyvadlo kovov\u00fd U s\u00a0p\u0159evle\u010dnou matic\u00ed 5\/4\u02dd pr\u016fm\u011br odpadu 32 mm -\",\"isPartOf\":{\"@id\":\"https:\/\/www.domtechnikpro.com\/#website\"},\"primaryImageOfPage\":{\"@id\":\"https:\/\/www.domtechnikpro.com\/index.php\/produkt\/primo-od-vyrobce-alcadrain-sifon-pro-umyvadlo-kovovy-u-s-prevlecnou-matici-5-4-span-class-product-appendix-prumer-odpadu-32-mm-span-70939\/#primaryimage\"},\"image\":{\"@id\":\"https:\/\/www.domtechnikpro.com\/index.php\/produkt\/primo-od-vyrobce-alcadrain-sifon-pro-umyvadlo-kovovy-u-s-prevlecnou-matici-5-4-span-class-product-appendix-prumer-odpadu-32-mm-span-70939\/#primaryimage\"},\"thumbnailUrl\":\"https:\/\/www.domtechnikpro.com\/wp-content\/uploads\/2026\/SK0002121-CZ20260425-093631-0-1777080994-73431-1_alcaplast-sifon-pro-umyvadlo-kovovy-u-s--prevlecnou.webp\",\"datePublished\":\"2026-04-26T09:04:58+00:00\",\"breadcrumb\":{\"@id\":\"https:\/\/www.domtechnikpro.com\/index.php\/produkt\/primo-od-vyrobce-alcadrain-sifon-pro-umyvadlo-kovovy-u-s-prevlecnou-matici-5-4-span-class-product-appendix-prumer-odpadu-32-mm-span-70939\/#breadcrumb\"},\"inLanguage\":\"cs\",\"potentialAction\":[{\"@type\":\"ReadAction\",\"target\":[\"https:\/\/www.domtechnikpro.com\/index.php\/produkt\/primo-od-vyrobce-alcadrain-sifon-pro-umyvadlo-kovovy-u-s-prevlecnou-matici-5-4-span-class-product-appendix-prumer-odpadu-32-mm-span-70939\/\"]}]},{\"@type\":\"ImageObject\",\"inLanguage\":\"cs\",\"@id\":\"https:\/\/www.domtechnikpro.com\/index.php\/produkt\/primo-od-vyrobce-alcadrain-sifon-pro-umyvadlo-kovovy-u-s-prevlecnou-matici-5-4-span-class-product-appendix-prumer-odpadu-32-mm-span-70939\/#primaryimage\",\"url\":\"https:\/\/www.domtechnikpro.com\/wp-content\/uploads\/2026\/SK0002121-CZ20260425-093631-0-1777080994-73431-1_alcaplast-sifon-pro-umyvadlo-kovovy-u-s--prevlecnou.webp\",\"contentUrl\":\"https:\/\/www.domtechnikpro.com\/wp-content\/uploads\/2026\/SK0002121-CZ20260425-093631-0-1777080994-73431-1_alcaplast-sifon-pro-umyvadlo-kovovy-u-s--prevlecnou.webp\",\"width\":1000,\"height\":750},{\"@type\":\"BreadcrumbList\",\"@id\":\"https:\/\/www.domtechnikpro.com\/index.php\/produkt\/primo-od-vyrobce-alcadrain-sifon-pro-umyvadlo-kovovy-u-s-prevlecnou-matici-5-4-span-class-product-appendix-prumer-odpadu-32-mm-span-70939\/#breadcrumb\",\"itemListElement\":[{\"@type\":\"ListItem\",\"position\":1,\"name\":\"Home\",\"item\":\"https:\/\/www.domtechnikpro.com\/\"},{\"@type\":\"ListItem\",\"position\":2,\"name\":\"Products\",\"item\":\"https:\/\/www.domtechnikpro.com\/index.php\/products\/\"},{\"@type\":\"ListItem\",\"position\":3,\"name\":\"P\u0159\u00edmo Od V\u00fdrobce Alcadrain Sifon pro umyvadlo kovov\u00fd U s\u00a0p\u0159evle\u010dnou matic\u00ed 5\/4\u02dd pr\u016fm\u011br odpadu 32 mm\"}]},{\"@type\":\"WebSite\",\"@id\":\"https:\/\/www.domtechnikpro.com\/#website\",\"url\":\"https:\/\/www.domtechnikpro.com\/\",\"name\":\"\",\"description\":\"\",\"potentialAction\":[{\"@type\":\"SearchAction\",\"target\":{\"@type\":\"EntryPoint\",\"urlTemplate\":\"https:\/\/www.domtechnikpro.com\/?s={search_term_string}\"},\"query-input\":{\"@type\":\"PropertyValueSpecification\",\"valueRequired\":true,\"valueName\":\"search_term_string\"}}],\"inLanguage\":\"cs\"}]}<\/script>\n<!-- \/ Yoast SEO plugin. -->","yoast_head_json":{"title":"P\u0159\u00edmo Od V\u00fdrobce Alcadrain Sifon pro umyvadlo kovov\u00fd U s\u00a0p\u0159evle\u010dnou matic\u00ed 5\/4\u02dd  pr\u016fm\u011br odpadu 32 mm -","robots":{"index":"index","follow":"follow","max-snippet":"max-snippet:-1","max-image-preview":"max-image-preview:large","max-video-preview":"max-video-preview:-1"},"canonical":"https:\/\/www.domtechnikpro.com\/index.php\/produkt\/primo-od-vyrobce-alcadrain-sifon-pro-umyvadlo-kovovy-u-s-prevlecnou-matici-5-4-span-class-product-appendix-prumer-odpadu-32-mm-span-70939\/","og_locale":"cs_CZ","og_type":"article","og_title":"P\u0159\u00edmo Od V\u00fdrobce Alcadrain Sifon pro umyvadlo kovov\u00fd U s\u00a0p\u0159evle\u010dnou matic\u00ed 5\/4\u02dd  pr\u016fm\u011br odpadu 32 mm -","og_description":"Detailn\u00ed popis produktu \u2022 kovov\u00fd umyvadlov\u00fd sifon s chromovou povrchovou \u00fapravou\u2022 matice pro p\u0159ipojen\u00ed umyvadlov\u00e9 v\u00fdpusti 5\/4&quot;\u2022 odpadn\u00ed trubka \u2013 pr\u016fm\u011br 32 mm Upozorn\u011bn\u00ed pro z\u00e1kazn\u00edky ke koupi produkt\u016f na objedn\u00e1n\u00ed: Toto zbo\u017e\u00ed nen\u00ed standardn\u00edm s\u00e9riov\u00fdm v\u00fdrobkem. Bude vyrobeno na p\u0159\u00e1n\u00ed z\u00e1kazn\u00edka a proto jej nelze dodavateli v z\u00e1konn\u00e9 lh\u016ft\u011b vr\u00e1tit. (viz \u00a71837 odst.d, ob\u010dansk\u00e9ho [&hellip;]","og_url":"https:\/\/www.domtechnikpro.com\/index.php\/produkt\/primo-od-vyrobce-alcadrain-sifon-pro-umyvadlo-kovovy-u-s-prevlecnou-matici-5-4-span-class-product-appendix-prumer-odpadu-32-mm-span-70939\/","og_image":[{"width":1000,"height":750,"url":"https:\/\/www.domtechnikpro.com\/wp-content\/uploads\/2026\/SK0002121-CZ20260425-093631-0-1777080994-73431-1_alcaplast-sifon-pro-umyvadlo-kovovy-u-s--prevlecnou.webp","type":"image\/webp"}],"twitter_card":"summary_large_image","schema":{"@context":"https:\/\/schema.org","@graph":[{"@type":"WebPage","@id":"https:\/\/www.domtechnikpro.com\/index.php\/produkt\/primo-od-vyrobce-alcadrain-sifon-pro-umyvadlo-kovovy-u-s-prevlecnou-matici-5-4-span-class-product-appendix-prumer-odpadu-32-mm-span-70939\/","url":"https:\/\/www.domtechnikpro.com\/index.php\/produkt\/primo-od-vyrobce-alcadrain-sifon-pro-umyvadlo-kovovy-u-s-prevlecnou-matici-5-4-span-class-product-appendix-prumer-odpadu-32-mm-span-70939\/","name":"P\u0159\u00edmo Od V\u00fdrobce Alcadrain Sifon pro umyvadlo kovov\u00fd U s\u00a0p\u0159evle\u010dnou matic\u00ed 5\/4\u02dd pr\u016fm\u011br odpadu 32 mm -","isPartOf":{"@id":"https:\/\/www.domtechnikpro.com\/#website"},"primaryImageOfPage":{"@id":"https:\/\/www.domtechnikpro.com\/index.php\/produkt\/primo-od-vyrobce-alcadrain-sifon-pro-umyvadlo-kovovy-u-s-prevlecnou-matici-5-4-span-class-product-appendix-prumer-odpadu-32-mm-span-70939\/#primaryimage"},"image":{"@id":"https:\/\/www.domtechnikpro.com\/index.php\/produkt\/primo-od-vyrobce-alcadrain-sifon-pro-umyvadlo-kovovy-u-s-prevlecnou-matici-5-4-span-class-product-appendix-prumer-odpadu-32-mm-span-70939\/#primaryimage"},"thumbnailUrl":"https:\/\/www.domtechnikpro.com\/wp-content\/uploads\/2026\/SK0002121-CZ20260425-093631-0-1777080994-73431-1_alcaplast-sifon-pro-umyvadlo-kovovy-u-s--prevlecnou.webp","datePublished":"2026-04-26T09:04:58+00:00","breadcrumb":{"@id":"https:\/\/www.domtechnikpro.com\/index.php\/produkt\/primo-od-vyrobce-alcadrain-sifon-pro-umyvadlo-kovovy-u-s-prevlecnou-matici-5-4-span-class-product-appendix-prumer-odpadu-32-mm-span-70939\/#breadcrumb"},"inLanguage":"cs","potentialAction":[{"@type":"ReadAction","target":["https:\/\/www.domtechnikpro.com\/index.php\/produkt\/primo-od-vyrobce-alcadrain-sifon-pro-umyvadlo-kovovy-u-s-prevlecnou-matici-5-4-span-class-product-appendix-prumer-odpadu-32-mm-span-70939\/"]}]},{"@type":"ImageObject","inLanguage":"cs","@id":"https:\/\/www.domtechnikpro.com\/index.php\/produkt\/primo-od-vyrobce-alcadrain-sifon-pro-umyvadlo-kovovy-u-s-prevlecnou-matici-5-4-span-class-product-appendix-prumer-odpadu-32-mm-span-70939\/#primaryimage","url":"https:\/\/www.domtechnikpro.com\/wp-content\/uploads\/2026\/SK0002121-CZ20260425-093631-0-1777080994-73431-1_alcaplast-sifon-pro-umyvadlo-kovovy-u-s--prevlecnou.webp","contentUrl":"https:\/\/www.domtechnikpro.com\/wp-content\/uploads\/2026\/SK0002121-CZ20260425-093631-0-1777080994-73431-1_alcaplast-sifon-pro-umyvadlo-kovovy-u-s--prevlecnou.webp","width":1000,"height":750},{"@type":"BreadcrumbList","@id":"https:\/\/www.domtechnikpro.com\/index.php\/produkt\/primo-od-vyrobce-alcadrain-sifon-pro-umyvadlo-kovovy-u-s-prevlecnou-matici-5-4-span-class-product-appendix-prumer-odpadu-32-mm-span-70939\/#breadcrumb","itemListElement":[{"@type":"ListItem","position":1,"name":"Home","item":"https:\/\/www.domtechnikpro.com\/"},{"@type":"ListItem","position":2,"name":"Products","item":"https:\/\/www.domtechnikpro.com\/index.php\/products\/"},{"@type":"ListItem","position":3,"name":"P\u0159\u00edmo Od V\u00fdrobce Alcadrain Sifon pro umyvadlo kovov\u00fd U s\u00a0p\u0159evle\u010dnou matic\u00ed 5\/4\u02dd pr\u016fm\u011br odpadu 32 mm"}]},{"@type":"WebSite","@id":"https:\/\/www.domtechnikpro.com\/#website","url":"https:\/\/www.domtechnikpro.com\/","name":"","description":"","potentialAction":[{"@type":"SearchAction","target":{"@type":"EntryPoint","urlTemplate":"https:\/\/www.domtechnikpro.com\/?s={search_term_string}"},"query-input":{"@type":"PropertyValueSpecification","valueRequired":true,"valueName":"search_term_string"}}],"inLanguage":"cs"}]}},"_links":{"self":[{"href":"https:\/\/www.domtechnikpro.com\/index.php\/wp-json\/wp\/v2\/product\/70939","targetHints":{"allow":["GET"]}}],"collection":[{"href":"https:\/\/www.domtechnikpro.com\/index.php\/wp-json\/wp\/v2\/product"}],"about":[{"href":"https:\/\/www.domtechnikpro.com\/index.php\/wp-json\/wp\/v2\/types\/product"}],"replies":[{"embeddable":true,"href":"https:\/\/www.domtechnikpro.com\/index.php\/wp-json\/wp\/v2\/comments?post=70939"}],"wp:featuredmedia":[{"embeddable":true,"href":"https:\/\/www.domtechnikpro.com\/index.php\/wp-json\/wp\/v2\/media\/71039"}],"wp:attachment":[{"href":"https:\/\/www.domtechnikpro.com\/index.php\/wp-json\/wp\/v2\/media?parent=70939"}],"wp:term":[{"taxonomy":"product_brand","embeddable":true,"href":"https:\/\/www.domtechnikpro.com\/index.php\/wp-json\/wp\/v2\/product_brand?post=70939"},{"taxonomy":"product_cat","embeddable":true,"href":"https:\/\/www.domtechnikpro.com\/index.php\/wp-json\/wp\/v2\/product_cat?post=70939"},{"taxonomy":"product_tag","embeddable":true,"href":"https:\/\/www.domtechnikpro.com\/index.php\/wp-json\/wp\/v2\/product_tag?post=70939"}],"curies":[{"name":"wp","href":"https:\/\/api.w.org\/{rel}","templated":true}]}}