{"id":6935,"date":"2026-04-26T08:52:19","date_gmt":"2026-04-26T08:52:19","guid":{"rendered":""},"modified":"2026-04-26T08:52:19","modified_gmt":"2026-04-26T08:52:19","slug":"znackovy-protermo-krbova-kamna-nova-trio-6935","status":"publish","type":"product","link":"https:\/\/www.domtechnikpro.com\/index.php\/produkt\/znackovy-protermo-krbova-kamna-nova-trio-6935\/","title":{"rendered":"Zna\u010dkov\u00fd PROTERMO krbov\u00e1 kamna NOVA TRIO"},"content":{"rendered":"<h3>Detailn\u00ed popis produktu<\/h3>\n<p>                                    <H3>PRO-TERMO krbov\u00e1 kamna NOVA TRIO<\/H3><P>Krbov\u00e1 kamna na tuh\u00e1 paliva &#8211; jmenovit\u00fd v\u00fdkon&nbsp;7,5 kW, \u00fa\u010dinnost vyt\u00e1p\u011bn\u00ed 78 %, energetick\u00e1 t\u0159\u00edda A, Ekodesign 2022.<\/P><P>Elegantn\u00ed kamna NOVA TRIO se v\u00fdborn\u011b hod\u00ed <STRONG>k vyt\u00e1p\u011bn\u00ed prostor 30-50 m3<\/STRONG>. \u010c\u00e1sti kamen jsou vyrobeny z ocelov\u00fdch plech\u016f v\u00e1lcovan\u00fdch za studena v kombinaci s p\u00e1lenou cihlou, co\u017e zaru\u010duje udr\u017eitelnost a trvanlivost. Velk\u00e9 topeni\u0161t\u011b se speci\u00e1ln\u00edm keramick\u00fdm sklem, odoln\u00e9 v\u016f\u010di teplot\u00e1m a\u017e 850\u00b0 C, zaji\u0161\u0165uje efektivn\u00ed vyt\u00e1p\u011bn\u00ed a nezapomenuteln\u00fd pohled na ohe\u0148 a praskaj\u00edc\u00ed d\u0159evo. Rukoje\u0165 na dve\u0159\u00edch topeni\u0161t\u011b z\u016fst\u00e1v\u00e1 chladn\u00e1, i kdy\u017e jsou kamna v provozu. Jako palivo pro tato kamna se doporu\u010duj\u00ed <STRONG>d\u0159ev\u011bn\u00e9 kulatiny, d\u0159ev\u011bn\u00e9 brikety, d\u0159ev\u011bn\u00e9 uhl\u00ed a uheln\u00e9 brikety<\/STRONG>, kter\u00e9 lze skladovat v prostoru pod topeni\u0161t\u011bm. \u00darove\u0148 \u00fa\u010dinnosti kamen NOVA TRIO je 78 %, tak\u017ee je zaji\u0161t\u011bno \u00fa\u010dinn\u00e9 vyt\u00e1p\u011bn\u00ed. Tato kamna lze snadno pou\u017e\u00edvat a udr\u017eovat. Z\u00e1suvka na popel, um\u00edst\u011bn\u00e1 pod topeni\u0161t\u011bm, lze snadno vyjmout a vypr\u00e1zdnit. Kamna NOVA TRIO poskytuj\u00ed <STRONG>ekonomick\u00e9 a hlavn\u011b efektivn\u00ed vyt\u00e1p\u011bn\u00ed<\/STRONG>. Jeho bezvadn\u00fd design a n\u00e1dhern\u00e1 <STRONG>antracitov\u00e1 (\u010dern\u00e1) barva<\/STRONG> o\u017eivuj\u00ed ka\u017ed\u00e9 prost\u0159ed\u00ed. NOVA TRIO spl\u0148uje normu CE, co\u017e znamen\u00e1, \u017ee je v souladu s nejp\u0159\u00edsn\u011bj\u0161\u00edmi p\u0159edpisy EU o bezpe\u010dnosti a energetick\u00e9 \u00fa\u010dinnosti.<\/P><P><STRONG>Bezpe\u010dnostn\u00ed vzd\u00e1lenost<\/STRONG> od ho\u0159lav\u00fdch sou\u010d\u00e1st\u00ed:<\/P><UL><LI>Strany = 40 cm <LI>Vzadu = 40 cm <LI>Vp\u0159edu = 80 cm<\/LI><\/UL><P><STRONG>Emisn\u00ed limity p\u0159i 13% pod\u00edlu O<SUB>2<\/SUB> (limitn\u00ed hodnoty s platnost\u00ed od 1.1.2022 \/ krbov\u00e1 kamna):<\/STRONG><\/P><UL><LI>CO &#8211; oxid uhelnat\u00fd [mg\/m<SUP>3<\/SUP>] &#8211; 1500 \/&nbsp;<STRONG>938<\/STRONG> <LI>OGC &#8211; organick\u00e9 plynn\u00e9 slou\u010deniny [mg\/m<SUP>3<\/SUP>] &#8211; 120 \/&nbsp;<STRONG>52,37<\/STRONG> <LI>NOx &#8211; oxid uhelnat\u00fd [mg\/m<SUP>3<\/SUP>] &#8211; 200 \/ <STRONG>115<\/STRONG> <LI>PM &#8211; pevn\u00e9 \u010d\u00e1stice: HF [mg\/m<SUP>3<\/SUP>] &#8211; 40 \/ <STRONG>33,44<\/STRONG> <LI>Energetick\u00e1 \u00fa\u010dinnost vyt\u00e1p\u011bn\u00ed [%] &#8211; 65+ \/ <STRONG>78<\/STRONG><\/LI><\/UL><P><STRONG>P\u0159ed instalac\u00ed krbu si nechte zkontrolovat V\u00e1\u0161 kom\u00edn od komin\u00edka<\/STRONG>. <STRONG>P\u0159i instalaci a u\u017e\u00edv\u00e1n\u00ed<\/STRONG> <STRONG>dodr\u017eujte technick\u00fd n\u00e1vod k pou\u017eit\u00ed<\/STRONG>.<\/P><P>Pozn\u00e1mka: <STRONG>Redukov\u00e1n\u00ed kou\u0159ovod\u016f na jin\u00fd pr\u016fm\u011br<\/STRONG>, ne\u017e je v\u00fdvod z krbov\u00fdch kamen, je mo\u017en\u00fd s pomoc\u00ed jednoduch\u00e9 redukce (dvojkru\u017e\u00ed) zapojit z men\u0161\u00edho pr\u016fm\u011bru (kamna) na v\u011bt\u0161\u00ed (kom\u00edn). Obr\u00e1cen\u011b toto nen\u00ed mo\u017en\u00e9.<\/P>                            <\/div>\n<div class=\"extended-description\">\n<h3>Dopl\u0148kov\u00e9 parametry<\/h3>\n<table class=\"detail-parameters\">\n<tbody>\n<tr>\n<th>        <span class=\"row-header-label\">            Kategorie<span class=\"row-header-label-colon\">:<\/span>        <\/span>    <\/th>\n<td>        Krbov\u00e1 kamna bez v\u00fdm\u011bn\u00edku    <\/td>\n<\/tr>\n<tr>\n<th>                <span class=\"row-header-label\">                                            Jmenovit\u00fd v\u00fdkon<span class=\"row-header-label-colon\">:<\/span>                                    <\/span>            <\/th>\n<td>                                                            7,5 kW                                                <\/td>\n<\/tr>\n<tr>\n<th>                <span class=\"row-header-label\">                                            Kou\u0159ovod<span class=\"row-header-label-colon\">:<\/span>                                    <\/span>            <\/th>\n<td>                                                            120 mm                                                <\/td>\n<\/tr>\n<tr>\n<th>                <span class=\"row-header-label\">                                            Extern\u00ed p\u0159\u00edvod vzduchu<span class=\"row-header-label-colon\">:<\/span>                                    <\/span>            <\/th>\n<td>                                                            Ne                                                <\/td>\n<\/tr>\n<tr>\n<th>                <span class=\"row-header-label\">                                            Barva<span class=\"row-header-label-colon\">:<\/span>                                    <\/span>            <\/th>\n<td>                                                            antracit                                                <\/td>\n<\/tr>\n<tr>\n<th>                <span class=\"row-header-label\">                                            D\u00e9lka polen<span class=\"row-header-label-colon\">:<\/span>                                    <\/span>            <\/th>\n<td>                                                            25 cm                                                <\/td>\n<\/tr>\n<tr>\n<th>                <span class=\"row-header-label\">                                            Popeln\u00edk<span class=\"row-header-label-colon\">:<\/span>                                    <\/span>            <\/th>\n<td>                                                            Ano                                                <\/td>\n<\/tr>\n<tr>\n<th>                <span class=\"row-header-label\">                                            Typ skla<span class=\"row-header-label-colon\">:<\/span>                                    <\/span>            <\/th>\n<td>                                                            rovn\u00e9                                                <\/td>\n<\/tr>\n<tr>\n<th>                <span class=\"row-header-label\">                                            \u00da\u010dinnost kamen<span class=\"row-header-label-colon\">:<\/span>                                    <\/span>            <\/th>\n<td>                                                            78 %                                                <\/td>\n<\/tr>\n<tr>\n<th>                <span class=\"row-header-label\">                                            Z\u00e1ruka<span class=\"row-header-label-colon\">:<\/span>                                    <\/span>            <\/th>\n<td>                                                            24 m\u011bs\u00edc\u016f                                                <\/td>\n<\/tr>\n<tr>\n<th>                <span class=\"row-header-label\">                                            Pe\u010d\u00edc\u00ed trouba<span class=\"row-header-label-colon\">:<\/span>                                    <\/span>            <\/th>\n<td>                                                            Ne                                                <\/td>\n<\/tr>\n<tr>\n<th>                <span class=\"row-header-label\">                                            V\u00e1ha<span class=\"row-header-label-colon\">:<\/span>                                    <\/span>            <\/th>\n<td>                                                            55 kg                                                <\/td>\n<\/tr>\n<tr>\n<th>                <span class=\"row-header-label\">                                            Palivo<span class=\"row-header-label-colon\">:<\/span>                                    <\/span>            <\/th>\n<td>                                                            d\u0159evo, d\u0159ev\u011bn\u00e9 brikety, uhl\u00ed                                                <\/td>\n<\/tr>\n<tr>\n<th>                <span class=\"row-header-label\">                                            Materi\u00e1l<span class=\"row-header-label-colon\">:<\/span>                                    <\/span>            <\/th>\n<td>                                                            ocel, litina                                                <\/td>\n<\/tr>\n<tr>\n<th>                <span class=\"row-header-label\">                                            Norma<span class=\"row-header-label-colon\">:<\/span>                                    <\/span>            <\/th>\n<td>                                                            EN 16510-2-1, Ekodesign                                                <\/td>\n<\/tr>\n<tr>\n<th>                <span class=\"row-header-label\">                                            Dostupnost<span class=\"row-header-label-colon\">:<\/span>                                    <\/span>            <\/th>\n<td>                                                            Dod\u00e1me za 6-8 t\u00fddn\u016f                                                <\/td>\n<\/tr>\n<tr>\n<th>                <span class=\"row-header-label\">                                            Vyt\u00e1p\u011bc\u00ed schopnost<span class=\"row-header-label-colon\">:<\/span>                                    <\/span>            <\/th>\n<td>                                                            30-50 m3                                                <\/td>\n<\/tr>\n<tr>\n<th>                <span class=\"row-header-label\">                                            P\u0159ikl\u00e1d\u00e1n\u00ed<span class=\"row-header-label-colon\">:<\/span>                                    <\/span>            <\/th>\n<td>                                                            p\u0159edn\u00ed                                                <\/td>\n<\/tr>\n<tr>\n<th>                <span class=\"row-header-label\">                                            Odvod spalin<span class=\"row-header-label-colon\">:<\/span>                                    <\/span>            <\/th>\n<td>                                                            vrchn\u00ed                                                <\/td>\n<\/tr>\n<tr>\n<th>                <span class=\"row-header-label\">                                            Regulovateln\u00fd v\u00fdkon maxim\u00e1ln\u00ed<span class=\"row-header-label-colon\">:<\/span>                                    <\/span>            <\/th>\n<td>                                                            9,7 kW                                                <\/td>\n<\/tr>\n<tr>\n<th>                <span class=\"row-header-label\">                                            Regulovateln\u00fd v\u00fdkon minim\u00e1ln\u00ed<span class=\"row-header-label-colon\">:<\/span>                                    <\/span>            <\/th>\n<td>                                                            3,8 kW                                                <\/td>\n<\/tr>\n<tr>\n<th>                <span class=\"row-header-label\">                                            Rozm\u011br kamen (\u0160 x V x H)<span class=\"row-header-label-colon\">:<\/span>                                    <\/span>            <\/th>\n<td>                                                            460x760x410 mm                                                <\/td>\n<\/tr>\n<tr>\n<th>                <span class=\"row-header-label\">                                            Rozm\u011br topeni\u0161t\u011b (\u0160 x V x H)<span class=\"row-header-label-colon\">:<\/span>                                    <\/span>            <\/th>\n<td>                                                            300x310x320 mm                                                <\/td>\n<\/tr>\n<tr>\n<th>                <span class=\"row-header-label\">                                            Varn\u00e1 plotna<span class=\"row-header-label-colon\">:<\/span>                                    <\/span>            <\/th>\n<td>                                                            ne                                                <\/td>\n<\/tr>\n<tr>\n<th>                <span class=\"row-header-label\">                                            Zp\u016fsob vyt\u00e1p\u011bn\u00ed<span class=\"row-header-label-colon\">:<\/span>                                    <\/span>            <\/th>\n<td>                                                            teplovzdu\u0161n\u00fd                                                <\/td>\n<\/tr>\n<tr>\n<th>                <span class=\"row-header-label\">                                                                        Jmenovit\u00fd v\u00fdkon<span class=\"row-header-label-colon\">:<\/span>                                                            <\/span>            <\/th>\n<td>7,5 kW<\/td>\n<\/tr>\n<\/tbody>\n<\/table><\/div>\n<\/p><\/div>\n<\/p><\/div>\n","protected":false},"excerpt":{"rendered":"<p>Detailn\u00ed popis produktu PRO-TERMO krbov\u00e1 kamna NOVA TRIOKrbov\u00e1 kamna na tuh\u00e1 paliva &#8211; jmenovit\u00fd v\u00fdkon&nbsp;7,5 kW, \u00fa\u010dinnost vyt\u00e1p\u011bn\u00ed 78 %, energetick\u00e1 t\u0159\u00edda A, Ekodesign 2022.Elegantn\u00ed kamna NOVA TRIO se v\u00fdborn\u011b hod\u00ed k vyt\u00e1p\u011bn\u00ed prostor 30-50 m3. \u010c\u00e1sti kamen jsou vyrobeny z ocelov\u00fdch plech\u016f v\u00e1lcovan\u00fdch za studena v kombinaci s p\u00e1lenou cihlou, co\u017e zaru\u010duje udr\u017eitelnost a [&hellip;]<\/p>\n","protected":false},"featured_media":7035,"comment_status":"open","ping_status":"open","template":"","meta":[],"product_brand":[],"product_cat":[47],"product_tag":[],"class_list":{"0":"post-6935","1":"product","2":"type-product","3":"status-publish","4":"has-post-thumbnail","6":"product_cat-krby-a-kamna","8":"first","9":"instock","10":"sale","11":"shipping-taxable","12":"purchasable","13":"product-type-simple"},"yoast_head":"<!-- This site is optimized with the Yoast SEO plugin v26.8 - https:\/\/yoast.com\/product\/yoast-seo-wordpress\/ -->\n<title>Zna\u010dkov\u00fd PROTERMO krbov\u00e1 kamna NOVA TRIO -<\/title>\n<meta name=\"robots\" content=\"index, follow, max-snippet:-1, max-image-preview:large, max-video-preview:-1\" \/>\n<link rel=\"canonical\" href=\"https:\/\/www.domtechnikpro.com\/index.php\/produkt\/znackovy-protermo-krbova-kamna-nova-trio-6935\/\" \/>\n<meta property=\"og:locale\" content=\"cs_CZ\" \/>\n<meta property=\"og:type\" content=\"article\" \/>\n<meta property=\"og:title\" content=\"Zna\u010dkov\u00fd PROTERMO krbov\u00e1 kamna NOVA TRIO -\" \/>\n<meta property=\"og:description\" content=\"Detailn\u00ed popis produktu PRO-TERMO krbov\u00e1 kamna NOVA TRIOKrbov\u00e1 kamna na tuh\u00e1 paliva &#8211; jmenovit\u00fd v\u00fdkon&nbsp;7,5 kW, \u00fa\u010dinnost vyt\u00e1p\u011bn\u00ed 78 %, energetick\u00e1 t\u0159\u00edda A, Ekodesign 2022.Elegantn\u00ed kamna NOVA TRIO se v\u00fdborn\u011b hod\u00ed k vyt\u00e1p\u011bn\u00ed prostor 30-50 m3. \u010c\u00e1sti kamen jsou vyrobeny z ocelov\u00fdch plech\u016f v\u00e1lcovan\u00fdch za studena v kombinaci s p\u00e1lenou cihlou, co\u017e zaru\u010duje udr\u017eitelnost a [&hellip;]\" \/>\n<meta property=\"og:url\" content=\"https:\/\/www.domtechnikpro.com\/index.php\/produkt\/znackovy-protermo-krbova-kamna-nova-trio-6935\/\" \/>\n<meta property=\"og:image\" content=\"https:\/\/www.domtechnikpro.com\/wp-content\/uploads\/2026\/SK0003669-CZ20260425-091701-0-1777079823-147691-8_getimage-ashx-id-pro-termo-kamna-nova-trio.webp\" \/>\n\t<meta property=\"og:image:width\" content=\"800\" \/>\n\t<meta property=\"og:image:height\" content=\"800\" \/>\n\t<meta property=\"og:image:type\" content=\"image\/webp\" \/>\n<meta name=\"twitter:card\" content=\"summary_large_image\" \/>\n<meta name=\"twitter:label1\" content=\"Odhadovan\u00e1 doba \u010dten\u00ed\" \/>\n\t<meta name=\"twitter:data1\" content=\"3 minuty\" \/>\n<script type=\"application\/ld+json\" class=\"yoast-schema-graph\">{\"@context\":\"https:\/\/schema.org\",\"@graph\":[{\"@type\":\"WebPage\",\"@id\":\"https:\/\/www.domtechnikpro.com\/index.php\/produkt\/znackovy-protermo-krbova-kamna-nova-trio-6935\/\",\"url\":\"https:\/\/www.domtechnikpro.com\/index.php\/produkt\/znackovy-protermo-krbova-kamna-nova-trio-6935\/\",\"name\":\"Zna\u010dkov\u00fd PROTERMO krbov\u00e1 kamna NOVA TRIO -\",\"isPartOf\":{\"@id\":\"https:\/\/www.domtechnikpro.com\/#website\"},\"primaryImageOfPage\":{\"@id\":\"https:\/\/www.domtechnikpro.com\/index.php\/produkt\/znackovy-protermo-krbova-kamna-nova-trio-6935\/#primaryimage\"},\"image\":{\"@id\":\"https:\/\/www.domtechnikpro.com\/index.php\/produkt\/znackovy-protermo-krbova-kamna-nova-trio-6935\/#primaryimage\"},\"thumbnailUrl\":\"https:\/\/www.domtechnikpro.com\/wp-content\/uploads\/2026\/SK0003669-CZ20260425-091701-0-1777079823-147691-8_getimage-ashx-id-pro-termo-kamna-nova-trio.webp\",\"datePublished\":\"2026-04-26T08:52:19+00:00\",\"breadcrumb\":{\"@id\":\"https:\/\/www.domtechnikpro.com\/index.php\/produkt\/znackovy-protermo-krbova-kamna-nova-trio-6935\/#breadcrumb\"},\"inLanguage\":\"cs\",\"potentialAction\":[{\"@type\":\"ReadAction\",\"target\":[\"https:\/\/www.domtechnikpro.com\/index.php\/produkt\/znackovy-protermo-krbova-kamna-nova-trio-6935\/\"]}]},{\"@type\":\"ImageObject\",\"inLanguage\":\"cs\",\"@id\":\"https:\/\/www.domtechnikpro.com\/index.php\/produkt\/znackovy-protermo-krbova-kamna-nova-trio-6935\/#primaryimage\",\"url\":\"https:\/\/www.domtechnikpro.com\/wp-content\/uploads\/2026\/SK0003669-CZ20260425-091701-0-1777079823-147691-8_getimage-ashx-id-pro-termo-kamna-nova-trio.webp\",\"contentUrl\":\"https:\/\/www.domtechnikpro.com\/wp-content\/uploads\/2026\/SK0003669-CZ20260425-091701-0-1777079823-147691-8_getimage-ashx-id-pro-termo-kamna-nova-trio.webp\",\"width\":800,\"height\":800},{\"@type\":\"BreadcrumbList\",\"@id\":\"https:\/\/www.domtechnikpro.com\/index.php\/produkt\/znackovy-protermo-krbova-kamna-nova-trio-6935\/#breadcrumb\",\"itemListElement\":[{\"@type\":\"ListItem\",\"position\":1,\"name\":\"Home\",\"item\":\"https:\/\/www.domtechnikpro.com\/\"},{\"@type\":\"ListItem\",\"position\":2,\"name\":\"Products\",\"item\":\"https:\/\/www.domtechnikpro.com\/index.php\/products\/\"},{\"@type\":\"ListItem\",\"position\":3,\"name\":\"Zna\u010dkov\u00fd PROTERMO krbov\u00e1 kamna NOVA TRIO\"}]},{\"@type\":\"WebSite\",\"@id\":\"https:\/\/www.domtechnikpro.com\/#website\",\"url\":\"https:\/\/www.domtechnikpro.com\/\",\"name\":\"\",\"description\":\"\",\"potentialAction\":[{\"@type\":\"SearchAction\",\"target\":{\"@type\":\"EntryPoint\",\"urlTemplate\":\"https:\/\/www.domtechnikpro.com\/?s={search_term_string}\"},\"query-input\":{\"@type\":\"PropertyValueSpecification\",\"valueRequired\":true,\"valueName\":\"search_term_string\"}}],\"inLanguage\":\"cs\"}]}<\/script>\n<!-- \/ Yoast SEO plugin. -->","yoast_head_json":{"title":"Zna\u010dkov\u00fd PROTERMO krbov\u00e1 kamna NOVA TRIO -","robots":{"index":"index","follow":"follow","max-snippet":"max-snippet:-1","max-image-preview":"max-image-preview:large","max-video-preview":"max-video-preview:-1"},"canonical":"https:\/\/www.domtechnikpro.com\/index.php\/produkt\/znackovy-protermo-krbova-kamna-nova-trio-6935\/","og_locale":"cs_CZ","og_type":"article","og_title":"Zna\u010dkov\u00fd PROTERMO krbov\u00e1 kamna NOVA TRIO -","og_description":"Detailn\u00ed popis produktu PRO-TERMO krbov\u00e1 kamna NOVA TRIOKrbov\u00e1 kamna na tuh\u00e1 paliva &#8211; jmenovit\u00fd v\u00fdkon&nbsp;7,5 kW, \u00fa\u010dinnost vyt\u00e1p\u011bn\u00ed 78 %, energetick\u00e1 t\u0159\u00edda A, Ekodesign 2022.Elegantn\u00ed kamna NOVA TRIO se v\u00fdborn\u011b hod\u00ed k vyt\u00e1p\u011bn\u00ed prostor 30-50 m3. \u010c\u00e1sti kamen jsou vyrobeny z ocelov\u00fdch plech\u016f v\u00e1lcovan\u00fdch za studena v kombinaci s p\u00e1lenou cihlou, co\u017e zaru\u010duje udr\u017eitelnost a [&hellip;]","og_url":"https:\/\/www.domtechnikpro.com\/index.php\/produkt\/znackovy-protermo-krbova-kamna-nova-trio-6935\/","og_image":[{"width":800,"height":800,"url":"https:\/\/www.domtechnikpro.com\/wp-content\/uploads\/2026\/SK0003669-CZ20260425-091701-0-1777079823-147691-8_getimage-ashx-id-pro-termo-kamna-nova-trio.webp","type":"image\/webp"}],"twitter_card":"summary_large_image","twitter_misc":{"Odhadovan\u00e1 doba \u010dten\u00ed":"3 minuty"},"schema":{"@context":"https:\/\/schema.org","@graph":[{"@type":"WebPage","@id":"https:\/\/www.domtechnikpro.com\/index.php\/produkt\/znackovy-protermo-krbova-kamna-nova-trio-6935\/","url":"https:\/\/www.domtechnikpro.com\/index.php\/produkt\/znackovy-protermo-krbova-kamna-nova-trio-6935\/","name":"Zna\u010dkov\u00fd PROTERMO krbov\u00e1 kamna NOVA TRIO -","isPartOf":{"@id":"https:\/\/www.domtechnikpro.com\/#website"},"primaryImageOfPage":{"@id":"https:\/\/www.domtechnikpro.com\/index.php\/produkt\/znackovy-protermo-krbova-kamna-nova-trio-6935\/#primaryimage"},"image":{"@id":"https:\/\/www.domtechnikpro.com\/index.php\/produkt\/znackovy-protermo-krbova-kamna-nova-trio-6935\/#primaryimage"},"thumbnailUrl":"https:\/\/www.domtechnikpro.com\/wp-content\/uploads\/2026\/SK0003669-CZ20260425-091701-0-1777079823-147691-8_getimage-ashx-id-pro-termo-kamna-nova-trio.webp","datePublished":"2026-04-26T08:52:19+00:00","breadcrumb":{"@id":"https:\/\/www.domtechnikpro.com\/index.php\/produkt\/znackovy-protermo-krbova-kamna-nova-trio-6935\/#breadcrumb"},"inLanguage":"cs","potentialAction":[{"@type":"ReadAction","target":["https:\/\/www.domtechnikpro.com\/index.php\/produkt\/znackovy-protermo-krbova-kamna-nova-trio-6935\/"]}]},{"@type":"ImageObject","inLanguage":"cs","@id":"https:\/\/www.domtechnikpro.com\/index.php\/produkt\/znackovy-protermo-krbova-kamna-nova-trio-6935\/#primaryimage","url":"https:\/\/www.domtechnikpro.com\/wp-content\/uploads\/2026\/SK0003669-CZ20260425-091701-0-1777079823-147691-8_getimage-ashx-id-pro-termo-kamna-nova-trio.webp","contentUrl":"https:\/\/www.domtechnikpro.com\/wp-content\/uploads\/2026\/SK0003669-CZ20260425-091701-0-1777079823-147691-8_getimage-ashx-id-pro-termo-kamna-nova-trio.webp","width":800,"height":800},{"@type":"BreadcrumbList","@id":"https:\/\/www.domtechnikpro.com\/index.php\/produkt\/znackovy-protermo-krbova-kamna-nova-trio-6935\/#breadcrumb","itemListElement":[{"@type":"ListItem","position":1,"name":"Home","item":"https:\/\/www.domtechnikpro.com\/"},{"@type":"ListItem","position":2,"name":"Products","item":"https:\/\/www.domtechnikpro.com\/index.php\/products\/"},{"@type":"ListItem","position":3,"name":"Zna\u010dkov\u00fd PROTERMO krbov\u00e1 kamna NOVA TRIO"}]},{"@type":"WebSite","@id":"https:\/\/www.domtechnikpro.com\/#website","url":"https:\/\/www.domtechnikpro.com\/","name":"","description":"","potentialAction":[{"@type":"SearchAction","target":{"@type":"EntryPoint","urlTemplate":"https:\/\/www.domtechnikpro.com\/?s={search_term_string}"},"query-input":{"@type":"PropertyValueSpecification","valueRequired":true,"valueName":"search_term_string"}}],"inLanguage":"cs"}]}},"_links":{"self":[{"href":"https:\/\/www.domtechnikpro.com\/index.php\/wp-json\/wp\/v2\/product\/6935","targetHints":{"allow":["GET"]}}],"collection":[{"href":"https:\/\/www.domtechnikpro.com\/index.php\/wp-json\/wp\/v2\/product"}],"about":[{"href":"https:\/\/www.domtechnikpro.com\/index.php\/wp-json\/wp\/v2\/types\/product"}],"replies":[{"embeddable":true,"href":"https:\/\/www.domtechnikpro.com\/index.php\/wp-json\/wp\/v2\/comments?post=6935"}],"wp:featuredmedia":[{"embeddable":true,"href":"https:\/\/www.domtechnikpro.com\/index.php\/wp-json\/wp\/v2\/media\/7035"}],"wp:attachment":[{"href":"https:\/\/www.domtechnikpro.com\/index.php\/wp-json\/wp\/v2\/media?parent=6935"}],"wp:term":[{"taxonomy":"product_brand","embeddable":true,"href":"https:\/\/www.domtechnikpro.com\/index.php\/wp-json\/wp\/v2\/product_brand?post=6935"},{"taxonomy":"product_cat","embeddable":true,"href":"https:\/\/www.domtechnikpro.com\/index.php\/wp-json\/wp\/v2\/product_cat?post=6935"},{"taxonomy":"product_tag","embeddable":true,"href":"https:\/\/www.domtechnikpro.com\/index.php\/wp-json\/wp\/v2\/product_tag?post=6935"}],"curies":[{"name":"wp","href":"https:\/\/api.w.org\/{rel}","templated":true}]}}