{"id":69349,"date":"2026-04-26T09:04:38","date_gmt":"2026-04-26T09:04:38","guid":{"rendered":""},"modified":"2026-04-26T09:04:38","modified_gmt":"2026-04-26T09:04:38","slug":"znackovy-roh-gamma-bianco-typ-c-lesk-3x4-cm-69349","status":"publish","type":"product","link":"https:\/\/www.domtechnikpro.com\/index.php\/produkt\/znackovy-roh-gamma-bianco-typ-c-lesk-3x4-cm-69349\/","title":{"rendered":"Zna\u010dkov\u00fd Roh Gamma Bianco \u2013 Typ C lesk 3&#215;4 cm"},"content":{"rendered":"\n<div class=\"extended-description-inner\">\n<div class=\"extended-description\">\n<table class=\"detail-parameters\">\n<tbody>\n<tr>\n<th>        <span class=\"row-header-label\">            Kategorie<span class=\"row-header-label-colon\">:<\/span>        <\/span>    <\/th>\n<td>        Rohy a rohov\u00e9 li\u0161ty    <\/td>\n<\/tr>\n<tr class=\"productEan\">\n<th>          <span class=\"row-header-label productEan__label\">              EAN<span class=\"row-header-label-colon\">:<\/span>          <\/span>      <\/th>\n<td>          <span class=\"productEan__value\">5900144083950<\/span>      <\/td>\n<\/tr>\n<tr>\n<th>                <span class=\"row-header-label\">                                            Barva<span class=\"row-header-label-colon\">:<\/span>                                    <\/span>            <\/th>\n<td>                                                            B\u00edl\u00e1                                                <\/td>\n<\/tr>\n<tr>\n<th>                <span class=\"row-header-label\">                                            Rozm\u011br<span class=\"row-header-label-colon\">:<\/span>                                    <\/span>            <\/th>\n<td>                                                            3 x 4 cm                                                <\/td>\n<\/tr>\n<tr>\n<th>                <span class=\"row-header-label\">                                            Typ produktu<span class=\"row-header-label-colon\">:<\/span>                                    <\/span>            <\/th>\n<td>                                                            Roh                                                <\/td>\n<\/tr>\n<tr>\n<th>                <span class=\"row-header-label\">                                            Tvar<span class=\"row-header-label-colon\">:<\/span>                                    <\/span>            <\/th>\n<td>                                                            Obd\u00e9ln\u00edk                                                <\/td>\n<\/tr>\n<tr>\n<th>                <span class=\"row-header-label\">                                            Povrch<span class=\"row-header-label-colon\">:<\/span>                                    <\/span>            <\/th>\n<td>                                                            Leskl\u00fd                                                <\/td>\n<\/tr>\n<tr>\n<th>                <span class=\"row-header-label\">                                            Tlou\u0161\u0165ka<span class=\"row-header-label-colon\">:<\/span>                                    <\/span>            <\/th>\n<td>                                                            6,5 mm                                                <\/td>\n<\/tr>\n<tr>\n<th>                <span class=\"row-header-label\">                                            Rektifikace<span class=\"row-header-label-colon\">:<\/span>                                    <\/span>            <\/th>\n<td>                                                            Ne                                                <\/td>\n<\/tr>\n<tr>\n<th>                <span class=\"row-header-label\">                                            Mrazuvzdornost<span class=\"row-header-label-colon\">:<\/span>                                    <\/span>            <\/th>\n<td>                                                            Ne                                                <\/td>\n<\/tr>\n<tr>\n<th>                <span class=\"row-header-label\">                                            Kolekce<span class=\"row-header-label-colon\">:<\/span>                                    <\/span>            <\/th>\n<td>                                                            Gamma\/Gammo                                                <\/td>\n<\/tr>\n<tr>\n<th>                <span class=\"row-header-label\">                                                                        Mno\u017estv\u00ed v balen\u00ed<span class=\"row-header-label-colon\">:<\/span>                                                            <\/span>            <\/th>\n<td>40 ks<\/td>\n<\/tr>\n<tr>\n<th>                <span class=\"row-header-label\">                                                                        Technologie<span class=\"row-header-label-colon\">:<\/span>                                                            <\/span>            <\/th>\n<td>Monoporosa<\/td>\n<\/tr>\n<tr>\n<th>                <span class=\"row-header-label\">                                                                        Minim\u00e1ln\u00ed \u0161\u00ed\u0159ka sp\u00e1ry mezi obklady<span class=\"row-header-label-colon\">:<\/span>                                                            <\/span>            <\/th>\n<td>3,6 mm<\/td>\n<\/tr>\n<\/tbody>\n<\/table><\/div>\n<\/p><\/div>\n<\/p><\/div>\n<\/p><\/div>\n<\/p><\/div>\n<\/p><\/div>\n<\/p><\/div>\n<\/p><\/div>\n<p>                    <\/main>    <\/div>\n<\/p><\/div>\n","protected":false},"excerpt":{"rendered":"<p>Kategorie: Rohy a rohov\u00e9 li\u0161ty EAN: 5900144083950 Barva: B\u00edl\u00e1 Rozm\u011br: 3 x 4 cm Typ produktu: Roh Tvar: Obd\u00e9ln\u00edk Povrch: Leskl\u00fd Tlou\u0161\u0165ka: 6,5 mm Rektifikace: Ne Mrazuvzdornost: Ne Kolekce: Gamma\/Gammo Mno\u017estv\u00ed v balen\u00ed: 40 ks Technologie: Monoporosa Minim\u00e1ln\u00ed \u0161\u00ed\u0159ka sp\u00e1ry mezi obklady: 3,6 mm<\/p>\n","protected":false},"featured_media":69449,"comment_status":"open","ping_status":"open","template":"","meta":[],"product_brand":[],"product_cat":[176],"product_tag":[],"class_list":{"0":"post-69349","1":"product","2":"type-product","3":"status-publish","4":"has-post-thumbnail","6":"product_cat-dlazby","8":"first","9":"instock","10":"sale","11":"shipping-taxable","12":"purchasable","13":"product-type-simple"},"yoast_head":"<!-- This site is optimized with the Yoast SEO plugin v26.8 - https:\/\/yoast.com\/product\/yoast-seo-wordpress\/ -->\n<title>Zna\u010dkov\u00fd Roh Gamma Bianco \u2013 Typ C lesk 3x4 cm -<\/title>\n<meta name=\"robots\" content=\"index, follow, max-snippet:-1, max-image-preview:large, max-video-preview:-1\" \/>\n<link rel=\"canonical\" href=\"https:\/\/www.domtechnikpro.com\/index.php\/produkt\/znackovy-roh-gamma-bianco-typ-c-lesk-3x4-cm-69349\/\" \/>\n<meta property=\"og:locale\" content=\"cs_CZ\" \/>\n<meta property=\"og:type\" content=\"article\" \/>\n<meta property=\"og:title\" content=\"Zna\u010dkov\u00fd Roh Gamma Bianco \u2013 Typ C lesk 3x4 cm -\" \/>\n<meta property=\"og:description\" content=\"Kategorie: Rohy a rohov\u00e9 li\u0161ty EAN: 5900144083950 Barva: B\u00edl\u00e1 Rozm\u011br: 3 x 4 cm Typ produktu: Roh Tvar: Obd\u00e9ln\u00edk Povrch: Leskl\u00fd Tlou\u0161\u0165ka: 6,5 mm Rektifikace: Ne Mrazuvzdornost: Ne Kolekce: Gamma\/Gammo Mno\u017estv\u00ed v balen\u00ed: 40 ks Technologie: Monoporosa Minim\u00e1ln\u00ed \u0161\u00ed\u0159ka sp\u00e1ry mezi obklady: 3,6 mm\" \/>\n<meta property=\"og:url\" content=\"https:\/\/www.domtechnikpro.com\/index.php\/produkt\/znackovy-roh-gamma-bianco-typ-c-lesk-3x4-cm-69349\/\" \/>\n<meta property=\"og:image\" content=\"https:\/\/www.domtechnikpro.com\/wp-content\/uploads\/2026\/SK0003753-CZ20260425-093604-0-1777080965-17572_gamma-ksztaltka-c-bianco-poler.webp\" \/>\n\t<meta property=\"og:image:width\" content=\"1000\" \/>\n\t<meta property=\"og:image:height\" content=\"750\" \/>\n\t<meta property=\"og:image:type\" content=\"image\/webp\" \/>\n<meta name=\"twitter:card\" content=\"summary_large_image\" \/>\n<script type=\"application\/ld+json\" class=\"yoast-schema-graph\">{\"@context\":\"https:\/\/schema.org\",\"@graph\":[{\"@type\":\"WebPage\",\"@id\":\"https:\/\/www.domtechnikpro.com\/index.php\/produkt\/znackovy-roh-gamma-bianco-typ-c-lesk-3x4-cm-69349\/\",\"url\":\"https:\/\/www.domtechnikpro.com\/index.php\/produkt\/znackovy-roh-gamma-bianco-typ-c-lesk-3x4-cm-69349\/\",\"name\":\"Zna\u010dkov\u00fd Roh Gamma Bianco \u2013 Typ C lesk 3x4 cm -\",\"isPartOf\":{\"@id\":\"https:\/\/www.domtechnikpro.com\/#website\"},\"primaryImageOfPage\":{\"@id\":\"https:\/\/www.domtechnikpro.com\/index.php\/produkt\/znackovy-roh-gamma-bianco-typ-c-lesk-3x4-cm-69349\/#primaryimage\"},\"image\":{\"@id\":\"https:\/\/www.domtechnikpro.com\/index.php\/produkt\/znackovy-roh-gamma-bianco-typ-c-lesk-3x4-cm-69349\/#primaryimage\"},\"thumbnailUrl\":\"https:\/\/www.domtechnikpro.com\/wp-content\/uploads\/2026\/SK0003753-CZ20260425-093604-0-1777080965-17572_gamma-ksztaltka-c-bianco-poler.webp\",\"datePublished\":\"2026-04-26T09:04:38+00:00\",\"breadcrumb\":{\"@id\":\"https:\/\/www.domtechnikpro.com\/index.php\/produkt\/znackovy-roh-gamma-bianco-typ-c-lesk-3x4-cm-69349\/#breadcrumb\"},\"inLanguage\":\"cs\",\"potentialAction\":[{\"@type\":\"ReadAction\",\"target\":[\"https:\/\/www.domtechnikpro.com\/index.php\/produkt\/znackovy-roh-gamma-bianco-typ-c-lesk-3x4-cm-69349\/\"]}]},{\"@type\":\"ImageObject\",\"inLanguage\":\"cs\",\"@id\":\"https:\/\/www.domtechnikpro.com\/index.php\/produkt\/znackovy-roh-gamma-bianco-typ-c-lesk-3x4-cm-69349\/#primaryimage\",\"url\":\"https:\/\/www.domtechnikpro.com\/wp-content\/uploads\/2026\/SK0003753-CZ20260425-093604-0-1777080965-17572_gamma-ksztaltka-c-bianco-poler.webp\",\"contentUrl\":\"https:\/\/www.domtechnikpro.com\/wp-content\/uploads\/2026\/SK0003753-CZ20260425-093604-0-1777080965-17572_gamma-ksztaltka-c-bianco-poler.webp\",\"width\":1000,\"height\":750},{\"@type\":\"BreadcrumbList\",\"@id\":\"https:\/\/www.domtechnikpro.com\/index.php\/produkt\/znackovy-roh-gamma-bianco-typ-c-lesk-3x4-cm-69349\/#breadcrumb\",\"itemListElement\":[{\"@type\":\"ListItem\",\"position\":1,\"name\":\"Home\",\"item\":\"https:\/\/www.domtechnikpro.com\/\"},{\"@type\":\"ListItem\",\"position\":2,\"name\":\"Products\",\"item\":\"https:\/\/www.domtechnikpro.com\/index.php\/products\/\"},{\"@type\":\"ListItem\",\"position\":3,\"name\":\"Zna\u010dkov\u00fd Roh Gamma Bianco \u2013 Typ C lesk 3&#215;4 cm\"}]},{\"@type\":\"WebSite\",\"@id\":\"https:\/\/www.domtechnikpro.com\/#website\",\"url\":\"https:\/\/www.domtechnikpro.com\/\",\"name\":\"\",\"description\":\"\",\"potentialAction\":[{\"@type\":\"SearchAction\",\"target\":{\"@type\":\"EntryPoint\",\"urlTemplate\":\"https:\/\/www.domtechnikpro.com\/?s={search_term_string}\"},\"query-input\":{\"@type\":\"PropertyValueSpecification\",\"valueRequired\":true,\"valueName\":\"search_term_string\"}}],\"inLanguage\":\"cs\"}]}<\/script>\n<!-- \/ Yoast SEO plugin. -->","yoast_head_json":{"title":"Zna\u010dkov\u00fd Roh Gamma Bianco \u2013 Typ C lesk 3x4 cm -","robots":{"index":"index","follow":"follow","max-snippet":"max-snippet:-1","max-image-preview":"max-image-preview:large","max-video-preview":"max-video-preview:-1"},"canonical":"https:\/\/www.domtechnikpro.com\/index.php\/produkt\/znackovy-roh-gamma-bianco-typ-c-lesk-3x4-cm-69349\/","og_locale":"cs_CZ","og_type":"article","og_title":"Zna\u010dkov\u00fd Roh Gamma Bianco \u2013 Typ C lesk 3x4 cm -","og_description":"Kategorie: Rohy a rohov\u00e9 li\u0161ty EAN: 5900144083950 Barva: B\u00edl\u00e1 Rozm\u011br: 3 x 4 cm Typ produktu: Roh Tvar: Obd\u00e9ln\u00edk Povrch: Leskl\u00fd Tlou\u0161\u0165ka: 6,5 mm Rektifikace: Ne Mrazuvzdornost: Ne Kolekce: Gamma\/Gammo Mno\u017estv\u00ed v balen\u00ed: 40 ks Technologie: Monoporosa Minim\u00e1ln\u00ed \u0161\u00ed\u0159ka sp\u00e1ry mezi obklady: 3,6 mm","og_url":"https:\/\/www.domtechnikpro.com\/index.php\/produkt\/znackovy-roh-gamma-bianco-typ-c-lesk-3x4-cm-69349\/","og_image":[{"width":1000,"height":750,"url":"https:\/\/www.domtechnikpro.com\/wp-content\/uploads\/2026\/SK0003753-CZ20260425-093604-0-1777080965-17572_gamma-ksztaltka-c-bianco-poler.webp","type":"image\/webp"}],"twitter_card":"summary_large_image","schema":{"@context":"https:\/\/schema.org","@graph":[{"@type":"WebPage","@id":"https:\/\/www.domtechnikpro.com\/index.php\/produkt\/znackovy-roh-gamma-bianco-typ-c-lesk-3x4-cm-69349\/","url":"https:\/\/www.domtechnikpro.com\/index.php\/produkt\/znackovy-roh-gamma-bianco-typ-c-lesk-3x4-cm-69349\/","name":"Zna\u010dkov\u00fd Roh Gamma Bianco \u2013 Typ C lesk 3x4 cm -","isPartOf":{"@id":"https:\/\/www.domtechnikpro.com\/#website"},"primaryImageOfPage":{"@id":"https:\/\/www.domtechnikpro.com\/index.php\/produkt\/znackovy-roh-gamma-bianco-typ-c-lesk-3x4-cm-69349\/#primaryimage"},"image":{"@id":"https:\/\/www.domtechnikpro.com\/index.php\/produkt\/znackovy-roh-gamma-bianco-typ-c-lesk-3x4-cm-69349\/#primaryimage"},"thumbnailUrl":"https:\/\/www.domtechnikpro.com\/wp-content\/uploads\/2026\/SK0003753-CZ20260425-093604-0-1777080965-17572_gamma-ksztaltka-c-bianco-poler.webp","datePublished":"2026-04-26T09:04:38+00:00","breadcrumb":{"@id":"https:\/\/www.domtechnikpro.com\/index.php\/produkt\/znackovy-roh-gamma-bianco-typ-c-lesk-3x4-cm-69349\/#breadcrumb"},"inLanguage":"cs","potentialAction":[{"@type":"ReadAction","target":["https:\/\/www.domtechnikpro.com\/index.php\/produkt\/znackovy-roh-gamma-bianco-typ-c-lesk-3x4-cm-69349\/"]}]},{"@type":"ImageObject","inLanguage":"cs","@id":"https:\/\/www.domtechnikpro.com\/index.php\/produkt\/znackovy-roh-gamma-bianco-typ-c-lesk-3x4-cm-69349\/#primaryimage","url":"https:\/\/www.domtechnikpro.com\/wp-content\/uploads\/2026\/SK0003753-CZ20260425-093604-0-1777080965-17572_gamma-ksztaltka-c-bianco-poler.webp","contentUrl":"https:\/\/www.domtechnikpro.com\/wp-content\/uploads\/2026\/SK0003753-CZ20260425-093604-0-1777080965-17572_gamma-ksztaltka-c-bianco-poler.webp","width":1000,"height":750},{"@type":"BreadcrumbList","@id":"https:\/\/www.domtechnikpro.com\/index.php\/produkt\/znackovy-roh-gamma-bianco-typ-c-lesk-3x4-cm-69349\/#breadcrumb","itemListElement":[{"@type":"ListItem","position":1,"name":"Home","item":"https:\/\/www.domtechnikpro.com\/"},{"@type":"ListItem","position":2,"name":"Products","item":"https:\/\/www.domtechnikpro.com\/index.php\/products\/"},{"@type":"ListItem","position":3,"name":"Zna\u010dkov\u00fd Roh Gamma Bianco \u2013 Typ C lesk 3&#215;4 cm"}]},{"@type":"WebSite","@id":"https:\/\/www.domtechnikpro.com\/#website","url":"https:\/\/www.domtechnikpro.com\/","name":"","description":"","potentialAction":[{"@type":"SearchAction","target":{"@type":"EntryPoint","urlTemplate":"https:\/\/www.domtechnikpro.com\/?s={search_term_string}"},"query-input":{"@type":"PropertyValueSpecification","valueRequired":true,"valueName":"search_term_string"}}],"inLanguage":"cs"}]}},"_links":{"self":[{"href":"https:\/\/www.domtechnikpro.com\/index.php\/wp-json\/wp\/v2\/product\/69349","targetHints":{"allow":["GET"]}}],"collection":[{"href":"https:\/\/www.domtechnikpro.com\/index.php\/wp-json\/wp\/v2\/product"}],"about":[{"href":"https:\/\/www.domtechnikpro.com\/index.php\/wp-json\/wp\/v2\/types\/product"}],"replies":[{"embeddable":true,"href":"https:\/\/www.domtechnikpro.com\/index.php\/wp-json\/wp\/v2\/comments?post=69349"}],"wp:featuredmedia":[{"embeddable":true,"href":"https:\/\/www.domtechnikpro.com\/index.php\/wp-json\/wp\/v2\/media\/69449"}],"wp:attachment":[{"href":"https:\/\/www.domtechnikpro.com\/index.php\/wp-json\/wp\/v2\/media?parent=69349"}],"wp:term":[{"taxonomy":"product_brand","embeddable":true,"href":"https:\/\/www.domtechnikpro.com\/index.php\/wp-json\/wp\/v2\/product_brand?post=69349"},{"taxonomy":"product_cat","embeddable":true,"href":"https:\/\/www.domtechnikpro.com\/index.php\/wp-json\/wp\/v2\/product_cat?post=69349"},{"taxonomy":"product_tag","embeddable":true,"href":"https:\/\/www.domtechnikpro.com\/index.php\/wp-json\/wp\/v2\/product_tag?post=69349"}],"curies":[{"name":"wp","href":"https:\/\/api.w.org\/{rel}","templated":true}]}}