{"id":66360,"date":"2026-04-26T09:04:04","date_gmt":"2026-04-26T09:04:04","guid":{"rendered":""},"modified":"2026-04-26T09:04:04","modified_gmt":"2026-04-26T09:04:04","slug":"znackovy-mereo-koupelnova-deska-na-skrinku-61-cm-multidecor-blonde-liberty-elm-66360","status":"publish","type":"product","link":"https:\/\/www.domtechnikpro.com\/produkt\/znackovy-mereo-koupelnova-deska-na-skrinku-61-cm-multidecor-blonde-liberty-elm-66360\/","title":{"rendered":"Zna\u010dkov\u00fd Mereo Koupelnov\u00e1 deska na sk\u0159\u00ed\u0148ku 61 cm, Multidecor, Blonde Liberty Elm"},"content":{"rendered":"<p>                Vyberte si desku a pod ni sestavte jednotliv\u00e9 sk\u0159\u00ed\u0148ky nebo reg\u00e1ly. Desky dod\u00e1v\u00e1me v r\u016fzn\u00fdch d\u00e9lk\u00e1ch a vyb\u00edrat m\u016f\u017eete z velk\u00e9ho mno\u017estv\u00ed barevn\u00fdch proveden\u00ed Multidecor.\t\t\t\t<\/p>\n<div class=\"additional-desc mt-5\">\n<hr>\n<h2>Koupelnov\u00e9 desky pod umyvadlo <br \/>&#8211; styl a variabilita pro va\u0161i koupelnu<\/h2>\n<p>Desky pod umyvadla p\u0159edstavuj\u00ed elegantn\u00ed a modern\u00ed \u0159e\u0161en\u00ed, jak si vytvo\u0159it koupelnovou sestavu p\u0159esn\u011b podle va\u0161ich p\u0159edstav. Jsou ur\u010den\u00e9 pro mont\u00e1\u017e na z\u00e1v\u011bsn\u00e9 koupelnov\u00e9 sk\u0159\u00ed\u0148ky a umo\u017e\u0148uj\u00ed kombinovat estetiku s funk\u010dnost\u00ed. Sta\u010d\u00ed si vybrat umyvadlo, kter\u00e9 v\u00e1m vyhovuje a sestavit si jedine\u010dn\u00fd komplet na m\u00edru.<\/p>\n<\/p>\n<h3>Flexibilita a kompatibilita<\/h3>\n<p>Desky jsou dostupn\u00e9 v n\u011bkolika <strong data-start=\"598\" data-end=\"631\">d\u00e9lk\u00e1ch od 40 cm a\u017e po 162 cm<\/strong>, tak\u017ee je lze vyu\u017e\u00edt jak pro <strong data-start=\"661\" data-end=\"670\">jedno<\/strong>, tak i <strong data-start=\"678\" data-end=\"694\">dv\u011b umyvadla<\/strong>. Kompatibiln\u00ed jsou se sk\u0159\u00ed\u0148kami ze s\u00e9ri\u00ed:<\/p>\n<ul>\n<li>Aira<\/li>\n<li>Opto<\/li>\n<li>Mailo<\/li>\n<li>Bino<\/li>\n<\/ul>\n<h3>Barevn\u00e9 varianty a Multidecor<\/h3>\n<p>Z\u00e1kladn\u00ed nab\u00eddka zahrnuje \u010dty\u0159i atraktivn\u00ed dekory:<\/p>\n<ul>\n<li>b\u00edl\u00e1<\/li>\n<li>dub Riviera<\/li>\n<li>dub Kronberg<\/li>\n<li>dub Halifax<\/li>\n<\/ul>\n<table border=\"0\" style=\"border-collapse: collapse; width: 138.436%;\">\n<tbody>\n<tr>\n<td style=\"width: 25.0174%;\"><\/td>\n<td style=\"width: 25.0174%;\"><\/td>\n<td style=\"width: 25.0174%;\"><\/td>\n<td style=\"width: 25.0174%;\"><\/td>\n<\/tr>\n<tr>\n<td style=\"width: 25.0174%; text-align: center;\">b\u00edl\u00e1<\/td>\n<td style=\"width: 25.0174%; text-align: center;\">dub Riviera<\/td>\n<td style=\"width: 25.0174%; text-align: center;\">dub Kronberg<\/td>\n<td style=\"width: 25.0174%; text-align: center;\">dub Halifax<\/td>\n<\/tr>\n<\/tbody>\n<\/table>\n<p>Pro ty, kte\u0159\u00ed cht\u011bj\u00ed sladit koupelnu do posledn\u00edho detailu, je tu tak\u00e9 mo\u017enost vyu\u017e\u00edt slu\u017ebu Multidecor, kter\u00e1 umo\u017e\u0148uje v\u00fdb\u011br z cel\u00e9 \u0159ady dal\u0161\u00edch barevn\u00fdch i strukturovan\u00fdch dekor\u016f.\u00a0<\/p>\n<\/p>\n<p><strong data-start=\"1128\" data-end=\"1150\">Desky pod umyvadlo<\/strong> v kombinaci s umyvadly na desku\u00a0jsou ide\u00e1ln\u00ed volbou pro ty, kte\u0159\u00ed hledaj\u00ed<strong> <\/strong>individu\u00e1ln\u00ed vzhled, \u010dist\u00e9 linie a modern\u00ed flexibiln\u00ed \u0159e\u0161en\u00ed v koupeln\u011b.<\/p>\n<\/p><\/div>\n<\/p><\/div>\n<div id=\"parametes\">\n<div class=\"param-wrapper\">\n<div class=\"param-item\">        \t        <span>Typ<\/span>        \t        <strong>        \t                Deska pod umyvadlo            \t    <\/strong>        \t    <\/div>\n<div class=\"param-item\">        \t        <span>Barva<\/span>        \t        <strong>        \t                Blonde Liberty Elm            \t    <\/strong>        \t    <\/div>\n<div class=\"param-item\">        \t        <span>S\u00e9rie<\/span>        \t        <strong>        \t                Pro v\u00edce s\u00e9ri\u00ed            \t    <\/strong>        \t    <\/div>\n<div class=\"param-item\">        \t        <span>\u0160\u00ed\u0159ka<\/span>        \t        <strong>        \t                610 mm            \t    <\/strong>        \t    <\/div>\n<div class=\"param-item\">        \t        <span>Hloubka<\/span>        \t        <strong>        \t                470 mm            \t    <\/strong>        \t    <\/div>\n<div class=\"param-item\">        \t        <span>D\u00e9lka\/V\u00fd\u0161ka<\/span>        \t        <strong>        \t                22 mm            \t    <\/strong>        \t    <\/div>\n<\/p><\/div>\n<\/p><\/div>\n<div id=\"download\">\n<div class=\"downloads-wrapper underline\">                    \t    <i class=\"icon-download\" aria-hidden=\"true\"><\/i><span>N\u00e1vod Aira.pdf<\/span>                    \t    <i class=\"icon-download\" aria-hidden=\"true\"><\/i><span>N\u00e1vod Mailo.pdf<\/span>                    \t    <i class=\"icon-download\" aria-hidden=\"true\"><\/i><span>N\u00e1vod Opto.pdf<\/span>                    \t    <i class=\"icon-download\" aria-hidden=\"true\"><\/i><span>N\u00e1vod Bino.pdf<\/span>                \t<\/div>\n<\/p><\/div>\n<\/p><\/div>\n<\/p><\/div>\n<\/p><\/div>\n<\/div>\n","protected":false},"excerpt":{"rendered":"<p>Vyberte si desku a pod ni sestavte jednotliv\u00e9 sk\u0159\u00ed\u0148ky nebo reg\u00e1ly. Desky dod\u00e1v\u00e1me v r\u016fzn\u00fdch d\u00e9lk\u00e1ch a vyb\u00edrat m\u016f\u017eete z velk\u00e9ho mno\u017estv\u00ed barevn\u00fdch proveden\u00ed Multidecor. Koupelnov\u00e9 desky pod umyvadlo &#8211; styl a variabilita pro va\u0161i koupelnu Desky pod umyvadla p\u0159edstavuj\u00ed elegantn\u00ed a modern\u00ed \u0159e\u0161en\u00ed, jak si vytvo\u0159it koupelnovou sestavu p\u0159esn\u011b podle va\u0161ich p\u0159edstav. Jsou ur\u010den\u00e9 [&hellip;]<\/p>\n","protected":false},"featured_media":66460,"comment_status":"open","ping_status":"open","template":"","meta":[],"product_brand":[],"product_cat":[203],"product_tag":[],"class_list":{"0":"post-66360","1":"product","2":"type-product","3":"status-publish","4":"has-post-thumbnail","6":"product_cat-keramika-a-nabytek","8":"first","9":"instock","10":"sale","11":"shipping-taxable","12":"purchasable","13":"product-type-simple"},"yoast_head":"<!-- This site is optimized with the Yoast SEO plugin v26.8 - https:\/\/yoast.com\/product\/yoast-seo-wordpress\/ -->\n<title>Zna\u010dkov\u00fd Mereo Koupelnov\u00e1 deska na sk\u0159\u00ed\u0148ku 61 cm, Multidecor, Blonde Liberty Elm - Pr\u016fmyslov\u00e9 vybaven\u00ed a p\u0159\u00edslu\u0161enstv\u00ed<\/title>\n<meta name=\"robots\" content=\"index, follow, max-snippet:-1, max-image-preview:large, max-video-preview:-1\" \/>\n<link rel=\"canonical\" href=\"https:\/\/www.domtechnikpro.com\/index.php\/produkt\/znackovy-mereo-koupelnova-deska-na-skrinku-61-cm-multidecor-blonde-liberty-elm-66360\/\" \/>\n<meta property=\"og:locale\" content=\"cs_CZ\" \/>\n<meta property=\"og:type\" content=\"article\" \/>\n<meta property=\"og:title\" content=\"Zna\u010dkov\u00fd Mereo Koupelnov\u00e1 deska na sk\u0159\u00ed\u0148ku 61 cm, Multidecor, Blonde Liberty Elm - Pr\u016fmyslov\u00e9 vybaven\u00ed a p\u0159\u00edslu\u0161enstv\u00ed\" \/>\n<meta property=\"og:description\" content=\"Vyberte si desku a pod ni sestavte jednotliv\u00e9 sk\u0159\u00ed\u0148ky nebo reg\u00e1ly. Desky dod\u00e1v\u00e1me v r\u016fzn\u00fdch d\u00e9lk\u00e1ch a vyb\u00edrat m\u016f\u017eete z velk\u00e9ho mno\u017estv\u00ed barevn\u00fdch proveden\u00ed Multidecor. Koupelnov\u00e9 desky pod umyvadlo &#8211; styl a variabilita pro va\u0161i koupelnu Desky pod umyvadla p\u0159edstavuj\u00ed elegantn\u00ed a modern\u00ed \u0159e\u0161en\u00ed, jak si vytvo\u0159it koupelnovou sestavu p\u0159esn\u011b podle va\u0161ich p\u0159edstav. Jsou ur\u010den\u00e9 [&hellip;]\" \/>\n<meta property=\"og:url\" content=\"https:\/\/www.domtechnikpro.com\/index.php\/produkt\/znackovy-mereo-koupelnova-deska-na-skrinku-61-cm-multidecor-blonde-liberty-elm-66360\/\" \/>\n<meta property=\"og:site_name\" content=\"Pr\u016fmyslov\u00e9 vybaven\u00ed a p\u0159\u00edslu\u0161enstv\u00ed\" \/>\n<meta property=\"og:image\" content=\"https:\/\/www.domtechnikpro.com\/wp-content\/uploads\/2026\/SK0002175-CZ20260425-093531-0-1777080932-7bae3c11c46c0584126dc56793dd632a-cn799d101ble1-jpg-2023-12-.webp\" \/>\n\t<meta property=\"og:image:width\" content=\"800\" \/>\n\t<meta property=\"og:image:height\" content=\"800\" \/>\n\t<meta property=\"og:image:type\" content=\"image\/webp\" \/>\n<meta name=\"twitter:card\" content=\"summary_large_image\" \/>\n<meta name=\"twitter:label1\" content=\"Odhadovan\u00e1 doba \u010dten\u00ed\" \/>\n\t<meta name=\"twitter:data1\" content=\"1 minuta\" \/>\n<script type=\"application\/ld+json\" class=\"yoast-schema-graph\">{\"@context\":\"https:\/\/schema.org\",\"@graph\":[{\"@type\":\"WebPage\",\"@id\":\"https:\/\/www.domtechnikpro.com\/index.php\/produkt\/znackovy-mereo-koupelnova-deska-na-skrinku-61-cm-multidecor-blonde-liberty-elm-66360\/\",\"url\":\"https:\/\/www.domtechnikpro.com\/index.php\/produkt\/znackovy-mereo-koupelnova-deska-na-skrinku-61-cm-multidecor-blonde-liberty-elm-66360\/\",\"name\":\"Zna\u010dkov\u00fd Mereo Koupelnov\u00e1 deska na sk\u0159\u00ed\u0148ku 61 cm, Multidecor, Blonde Liberty Elm - Pr\u016fmyslov\u00e9 vybaven\u00ed a p\u0159\u00edslu\u0161enstv\u00ed\",\"isPartOf\":{\"@id\":\"https:\/\/www.domtechnikpro.com\/#website\"},\"primaryImageOfPage\":{\"@id\":\"https:\/\/www.domtechnikpro.com\/index.php\/produkt\/znackovy-mereo-koupelnova-deska-na-skrinku-61-cm-multidecor-blonde-liberty-elm-66360\/#primaryimage\"},\"image\":{\"@id\":\"https:\/\/www.domtechnikpro.com\/index.php\/produkt\/znackovy-mereo-koupelnova-deska-na-skrinku-61-cm-multidecor-blonde-liberty-elm-66360\/#primaryimage\"},\"thumbnailUrl\":\"https:\/\/www.domtechnikpro.com\/wp-content\/uploads\/2026\/SK0002175-CZ20260425-093531-0-1777080932-7bae3c11c46c0584126dc56793dd632a-cn799d101ble1-jpg-2023-12-.webp\",\"datePublished\":\"2026-04-26T09:04:04+00:00\",\"breadcrumb\":{\"@id\":\"https:\/\/www.domtechnikpro.com\/index.php\/produkt\/znackovy-mereo-koupelnova-deska-na-skrinku-61-cm-multidecor-blonde-liberty-elm-66360\/#breadcrumb\"},\"inLanguage\":\"cs\",\"potentialAction\":[{\"@type\":\"ReadAction\",\"target\":[\"https:\/\/www.domtechnikpro.com\/index.php\/produkt\/znackovy-mereo-koupelnova-deska-na-skrinku-61-cm-multidecor-blonde-liberty-elm-66360\/\"]}]},{\"@type\":\"ImageObject\",\"inLanguage\":\"cs\",\"@id\":\"https:\/\/www.domtechnikpro.com\/index.php\/produkt\/znackovy-mereo-koupelnova-deska-na-skrinku-61-cm-multidecor-blonde-liberty-elm-66360\/#primaryimage\",\"url\":\"https:\/\/www.domtechnikpro.com\/wp-content\/uploads\/2026\/SK0002175-CZ20260425-093531-0-1777080932-7bae3c11c46c0584126dc56793dd632a-cn799d101ble1-jpg-2023-12-.webp\",\"contentUrl\":\"https:\/\/www.domtechnikpro.com\/wp-content\/uploads\/2026\/SK0002175-CZ20260425-093531-0-1777080932-7bae3c11c46c0584126dc56793dd632a-cn799d101ble1-jpg-2023-12-.webp\",\"width\":800,\"height\":800},{\"@type\":\"BreadcrumbList\",\"@id\":\"https:\/\/www.domtechnikpro.com\/index.php\/produkt\/znackovy-mereo-koupelnova-deska-na-skrinku-61-cm-multidecor-blonde-liberty-elm-66360\/#breadcrumb\",\"itemListElement\":[{\"@type\":\"ListItem\",\"position\":1,\"name\":\"Home\",\"item\":\"https:\/\/www.domtechnikpro.com\/\"},{\"@type\":\"ListItem\",\"position\":2,\"name\":\"Products\",\"item\":\"https:\/\/www.domtechnikpro.com\/products\/\"},{\"@type\":\"ListItem\",\"position\":3,\"name\":\"Zna\u010dkov\u00fd Mereo Koupelnov\u00e1 deska na sk\u0159\u00ed\u0148ku 61 cm, Multidecor, Blonde Liberty Elm\"}]},{\"@type\":\"WebSite\",\"@id\":\"https:\/\/www.domtechnikpro.com\/#website\",\"url\":\"https:\/\/www.domtechnikpro.com\/\",\"name\":\"Pr\u016fmyslov\u00e9 vybaven\u00ed a p\u0159\u00edslu\u0161enstv\u00ed\",\"description\":\"Pr\u016fmyslov\u00e9 vybaven\u00ed a p\u0159\u00edslu\u0161enstv\u00ed\",\"publisher\":{\"@id\":\"https:\/\/www.domtechnikpro.com\/#organization\"},\"potentialAction\":[{\"@type\":\"SearchAction\",\"target\":{\"@type\":\"EntryPoint\",\"urlTemplate\":\"https:\/\/www.domtechnikpro.com\/?s={search_term_string}\"},\"query-input\":{\"@type\":\"PropertyValueSpecification\",\"valueRequired\":true,\"valueName\":\"search_term_string\"}}],\"inLanguage\":\"cs\"},{\"@type\":\"Organization\",\"@id\":\"https:\/\/www.domtechnikpro.com\/#organization\",\"name\":\"Pr\u016fmyslov\u00e9 vybaven\u00ed a p\u0159\u00edslu\u0161enstv\u00ed\",\"url\":\"https:\/\/www.domtechnikpro.com\/\",\"logo\":{\"@type\":\"ImageObject\",\"inLanguage\":\"cs\",\"@id\":\"https:\/\/www.domtechnikpro.com\/#\/schema\/logo\/image\/\",\"url\":\"https:\/\/www.domtechnikpro.com\/wp-content\/uploads\/2026\/04\/domtechnikpro_logo_full.svg\",\"contentUrl\":\"https:\/\/www.domtechnikpro.com\/wp-content\/uploads\/2026\/04\/domtechnikpro_logo_full.svg\",\"width\":920,\"height\":180,\"caption\":\"Pr\u016fmyslov\u00e9 vybaven\u00ed a p\u0159\u00edslu\u0161enstv\u00ed\"},\"image\":{\"@id\":\"https:\/\/www.domtechnikpro.com\/#\/schema\/logo\/image\/\"}}]}<\/script>\n<!-- \/ Yoast SEO plugin. -->","yoast_head_json":{"title":"Zna\u010dkov\u00fd Mereo Koupelnov\u00e1 deska na sk\u0159\u00ed\u0148ku 61 cm, Multidecor, Blonde Liberty Elm - Pr\u016fmyslov\u00e9 vybaven\u00ed a p\u0159\u00edslu\u0161enstv\u00ed","robots":{"index":"index","follow":"follow","max-snippet":"max-snippet:-1","max-image-preview":"max-image-preview:large","max-video-preview":"max-video-preview:-1"},"canonical":"https:\/\/www.domtechnikpro.com\/index.php\/produkt\/znackovy-mereo-koupelnova-deska-na-skrinku-61-cm-multidecor-blonde-liberty-elm-66360\/","og_locale":"cs_CZ","og_type":"article","og_title":"Zna\u010dkov\u00fd Mereo Koupelnov\u00e1 deska na sk\u0159\u00ed\u0148ku 61 cm, Multidecor, Blonde Liberty Elm - Pr\u016fmyslov\u00e9 vybaven\u00ed a p\u0159\u00edslu\u0161enstv\u00ed","og_description":"Vyberte si desku a pod ni sestavte jednotliv\u00e9 sk\u0159\u00ed\u0148ky nebo reg\u00e1ly. Desky dod\u00e1v\u00e1me v r\u016fzn\u00fdch d\u00e9lk\u00e1ch a vyb\u00edrat m\u016f\u017eete z velk\u00e9ho mno\u017estv\u00ed barevn\u00fdch proveden\u00ed Multidecor. Koupelnov\u00e9 desky pod umyvadlo &#8211; styl a variabilita pro va\u0161i koupelnu Desky pod umyvadla p\u0159edstavuj\u00ed elegantn\u00ed a modern\u00ed \u0159e\u0161en\u00ed, jak si vytvo\u0159it koupelnovou sestavu p\u0159esn\u011b podle va\u0161ich p\u0159edstav. Jsou ur\u010den\u00e9 [&hellip;]","og_url":"https:\/\/www.domtechnikpro.com\/index.php\/produkt\/znackovy-mereo-koupelnova-deska-na-skrinku-61-cm-multidecor-blonde-liberty-elm-66360\/","og_site_name":"Pr\u016fmyslov\u00e9 vybaven\u00ed a p\u0159\u00edslu\u0161enstv\u00ed","og_image":[{"width":800,"height":800,"url":"https:\/\/www.domtechnikpro.com\/wp-content\/uploads\/2026\/SK0002175-CZ20260425-093531-0-1777080932-7bae3c11c46c0584126dc56793dd632a-cn799d101ble1-jpg-2023-12-.webp","type":"image\/webp"}],"twitter_card":"summary_large_image","twitter_misc":{"Odhadovan\u00e1 doba \u010dten\u00ed":"1 minuta"},"schema":{"@context":"https:\/\/schema.org","@graph":[{"@type":"WebPage","@id":"https:\/\/www.domtechnikpro.com\/index.php\/produkt\/znackovy-mereo-koupelnova-deska-na-skrinku-61-cm-multidecor-blonde-liberty-elm-66360\/","url":"https:\/\/www.domtechnikpro.com\/index.php\/produkt\/znackovy-mereo-koupelnova-deska-na-skrinku-61-cm-multidecor-blonde-liberty-elm-66360\/","name":"Zna\u010dkov\u00fd Mereo Koupelnov\u00e1 deska na sk\u0159\u00ed\u0148ku 61 cm, Multidecor, Blonde Liberty Elm - Pr\u016fmyslov\u00e9 vybaven\u00ed a p\u0159\u00edslu\u0161enstv\u00ed","isPartOf":{"@id":"https:\/\/www.domtechnikpro.com\/#website"},"primaryImageOfPage":{"@id":"https:\/\/www.domtechnikpro.com\/index.php\/produkt\/znackovy-mereo-koupelnova-deska-na-skrinku-61-cm-multidecor-blonde-liberty-elm-66360\/#primaryimage"},"image":{"@id":"https:\/\/www.domtechnikpro.com\/index.php\/produkt\/znackovy-mereo-koupelnova-deska-na-skrinku-61-cm-multidecor-blonde-liberty-elm-66360\/#primaryimage"},"thumbnailUrl":"https:\/\/www.domtechnikpro.com\/wp-content\/uploads\/2026\/SK0002175-CZ20260425-093531-0-1777080932-7bae3c11c46c0584126dc56793dd632a-cn799d101ble1-jpg-2023-12-.webp","datePublished":"2026-04-26T09:04:04+00:00","breadcrumb":{"@id":"https:\/\/www.domtechnikpro.com\/index.php\/produkt\/znackovy-mereo-koupelnova-deska-na-skrinku-61-cm-multidecor-blonde-liberty-elm-66360\/#breadcrumb"},"inLanguage":"cs","potentialAction":[{"@type":"ReadAction","target":["https:\/\/www.domtechnikpro.com\/index.php\/produkt\/znackovy-mereo-koupelnova-deska-na-skrinku-61-cm-multidecor-blonde-liberty-elm-66360\/"]}]},{"@type":"ImageObject","inLanguage":"cs","@id":"https:\/\/www.domtechnikpro.com\/index.php\/produkt\/znackovy-mereo-koupelnova-deska-na-skrinku-61-cm-multidecor-blonde-liberty-elm-66360\/#primaryimage","url":"https:\/\/www.domtechnikpro.com\/wp-content\/uploads\/2026\/SK0002175-CZ20260425-093531-0-1777080932-7bae3c11c46c0584126dc56793dd632a-cn799d101ble1-jpg-2023-12-.webp","contentUrl":"https:\/\/www.domtechnikpro.com\/wp-content\/uploads\/2026\/SK0002175-CZ20260425-093531-0-1777080932-7bae3c11c46c0584126dc56793dd632a-cn799d101ble1-jpg-2023-12-.webp","width":800,"height":800},{"@type":"BreadcrumbList","@id":"https:\/\/www.domtechnikpro.com\/index.php\/produkt\/znackovy-mereo-koupelnova-deska-na-skrinku-61-cm-multidecor-blonde-liberty-elm-66360\/#breadcrumb","itemListElement":[{"@type":"ListItem","position":1,"name":"Home","item":"https:\/\/www.domtechnikpro.com\/"},{"@type":"ListItem","position":2,"name":"Products","item":"https:\/\/www.domtechnikpro.com\/products\/"},{"@type":"ListItem","position":3,"name":"Zna\u010dkov\u00fd Mereo Koupelnov\u00e1 deska na sk\u0159\u00ed\u0148ku 61 cm, Multidecor, Blonde Liberty Elm"}]},{"@type":"WebSite","@id":"https:\/\/www.domtechnikpro.com\/#website","url":"https:\/\/www.domtechnikpro.com\/","name":"Pr\u016fmyslov\u00e9 vybaven\u00ed a p\u0159\u00edslu\u0161enstv\u00ed","description":"Pr\u016fmyslov\u00e9 vybaven\u00ed a p\u0159\u00edslu\u0161enstv\u00ed","publisher":{"@id":"https:\/\/www.domtechnikpro.com\/#organization"},"potentialAction":[{"@type":"SearchAction","target":{"@type":"EntryPoint","urlTemplate":"https:\/\/www.domtechnikpro.com\/?s={search_term_string}"},"query-input":{"@type":"PropertyValueSpecification","valueRequired":true,"valueName":"search_term_string"}}],"inLanguage":"cs"},{"@type":"Organization","@id":"https:\/\/www.domtechnikpro.com\/#organization","name":"Pr\u016fmyslov\u00e9 vybaven\u00ed a p\u0159\u00edslu\u0161enstv\u00ed","url":"https:\/\/www.domtechnikpro.com\/","logo":{"@type":"ImageObject","inLanguage":"cs","@id":"https:\/\/www.domtechnikpro.com\/#\/schema\/logo\/image\/","url":"https:\/\/www.domtechnikpro.com\/wp-content\/uploads\/2026\/04\/domtechnikpro_logo_full.svg","contentUrl":"https:\/\/www.domtechnikpro.com\/wp-content\/uploads\/2026\/04\/domtechnikpro_logo_full.svg","width":920,"height":180,"caption":"Pr\u016fmyslov\u00e9 vybaven\u00ed a p\u0159\u00edslu\u0161enstv\u00ed"},"image":{"@id":"https:\/\/www.domtechnikpro.com\/#\/schema\/logo\/image\/"}}]}},"_links":{"self":[{"href":"https:\/\/www.domtechnikpro.com\/wp-json\/wp\/v2\/product\/66360","targetHints":{"allow":["GET"]}}],"collection":[{"href":"https:\/\/www.domtechnikpro.com\/wp-json\/wp\/v2\/product"}],"about":[{"href":"https:\/\/www.domtechnikpro.com\/wp-json\/wp\/v2\/types\/product"}],"replies":[{"embeddable":true,"href":"https:\/\/www.domtechnikpro.com\/wp-json\/wp\/v2\/comments?post=66360"}],"wp:featuredmedia":[{"embeddable":true,"href":"https:\/\/www.domtechnikpro.com\/wp-json\/wp\/v2\/media\/66460"}],"wp:attachment":[{"href":"https:\/\/www.domtechnikpro.com\/wp-json\/wp\/v2\/media?parent=66360"}],"wp:term":[{"taxonomy":"product_brand","embeddable":true,"href":"https:\/\/www.domtechnikpro.com\/wp-json\/wp\/v2\/product_brand?post=66360"},{"taxonomy":"product_cat","embeddable":true,"href":"https:\/\/www.domtechnikpro.com\/wp-json\/wp\/v2\/product_cat?post=66360"},{"taxonomy":"product_tag","embeddable":true,"href":"https:\/\/www.domtechnikpro.com\/wp-json\/wp\/v2\/product_tag?post=66360"}],"curies":[{"name":"wp","href":"https:\/\/api.w.org\/{rel}","templated":true}]}}