{"id":6369,"date":"2026-04-26T08:52:12","date_gmt":"2026-04-26T08:52:12","guid":{"rendered":""},"modified":"2026-04-26T08:52:12","modified_gmt":"2026-04-26T08:52:12","slug":"posledni-sance-krbove-naradi-cepelin-1-6369","status":"publish","type":"product","link":"https:\/\/www.domtechnikpro.com\/index.php\/produkt\/posledni-sance-krbove-naradi-cepelin-1-6369\/","title":{"rendered":"Posledn\u00ed \u0160ance Krbov\u00e9 n\u00e1\u0159ad\u00ed CEPELIN 1"},"content":{"rendered":"<h3>Detailn\u00ed popis produktu<\/h3>\n<p>                                    Krbov\u00e9 n\u00e1\u0159ad\u00ed CEPELIN 1                            <\/p><\/div>\n<div class=\"extended-description\">\n<h3>Dopl\u0148kov\u00e9 parametry<\/h3>\n<table class=\"detail-parameters\">\n<tbody>\n<tr>\n<th>        <span class=\"row-header-label\">            Kategorie<span class=\"row-header-label-colon\">:<\/span>        <\/span>    <\/th>\n<td>        Krbov\u00e9 n\u00e1\u0159ad\u00ed    <\/td>\n<\/tr>\n<tr class=\"productEan\">\n<th>          <span class=\"row-header-label productEan__label\">              EAN<span class=\"row-header-label-colon\">:<\/span>          <\/span>      <\/th>\n<td>          <span class=\"productEan__value\">9005249042300<\/span>      <\/td>\n<\/tr>\n<tr>\n<th>                <span class=\"row-header-label\">                                            D\u00e9lka<span class=\"row-header-label-colon\">:<\/span>                                    <\/span>            <\/th>\n<td>                                                            40,5 cm                                                <\/td>\n<\/tr>\n<tr>\n<th>                <span class=\"row-header-label\">                                            \u0160\u00ed\u0159ka<span class=\"row-header-label-colon\">:<\/span>                                    <\/span>            <\/th>\n<td>                                                            29 cm                                                <\/td>\n<\/tr>\n<tr>\n<th>                <span class=\"row-header-label\">                                            V\u00fd\u0161ka<span class=\"row-header-label-colon\">:<\/span>                                    <\/span>            <\/th>\n<td>                                                            69 cm                                                <\/td>\n<\/tr>\n<tr>\n<th>                <span class=\"row-header-label\">                                            Dostupnost<span class=\"row-header-label-colon\">:<\/span>                                    <\/span>            <\/th>\n<td>                                                            Skladem                                                <\/td>\n<\/tr>\n<tr>\n<th>                <span class=\"row-header-label\">                                            Barevn\u00e9 proveden\u00ed<span class=\"row-header-label-colon\">:<\/span>                                    <\/span>            <\/th>\n<td>                                                            zlat\u00e1 patina                                                <\/td>\n<\/tr>\n<tr>\n<th>                <span class=\"row-header-label\">                                            Balen\u00ed obsahuje<span class=\"row-header-label-colon\">:<\/span>                                    <\/span>            <\/th>\n<td>                                                            lopatka, smet\u00e1\u010dek, pohrab\u00e1\u010d, kle\u0161t\u011b                                                <\/td>\n<\/tr>\n<tr>\n<th>                <span class=\"row-header-label\">                                            Celkov\u00e1 v\u00e1ha<span class=\"row-header-label-colon\">:<\/span>                                    <\/span>            <\/th>\n<td>                                                            5 kg                                                <\/td>\n<\/tr>\n<tr>\n<th>                <span class=\"row-header-label\">                                                                        Barevn\u00e9 proveden\u00ed<span class=\"row-header-label-colon\">:<\/span>                                                            <\/span>            <\/th>\n<td>zlat\u00e1 patina<\/td>\n<\/tr>\n<tr>\n<th>                <span class=\"row-header-label\">                                                                        V\u00fd\u0161ka<span class=\"row-header-label-colon\">:<\/span>                                                            <\/span>            <\/th>\n<td>69 cm<\/td>\n<\/tr>\n<tr>\n<th>                <span class=\"row-header-label\">                                                                        \u0160\u00ed\u0159ka<span class=\"row-header-label-colon\">:<\/span>                                                            <\/span>            <\/th>\n<td>29 cm<\/td>\n<\/tr>\n<tr>\n<th>                <span class=\"row-header-label\">                                                                        Balen\u00ed obsahuje<span class=\"row-header-label-colon\">:<\/span>                                                            <\/span>            <\/th>\n<td>lopatka, smet\u00e1\u010dek, pohrab\u00e1\u010d, kle\u0161t\u011b<\/td>\n<\/tr>\n<tr>\n<th>                <span class=\"row-header-label\">                                                                        Celkov\u00e1 v\u00e1ha<span class=\"row-header-label-colon\">:<\/span>                                                            <\/span>            <\/th>\n<td>5 kg<\/td>\n<\/tr>\n<\/tbody>\n<\/table><\/div>\n<\/p><\/div>\n<\/p><\/div>\n","protected":false},"excerpt":{"rendered":"<p>Detailn\u00ed popis produktu Krbov\u00e9 n\u00e1\u0159ad\u00ed CEPELIN 1 Dopl\u0148kov\u00e9 parametry Kategorie: Krbov\u00e9 n\u00e1\u0159ad\u00ed EAN: 9005249042300 D\u00e9lka: 40,5 cm \u0160\u00ed\u0159ka: 29 cm V\u00fd\u0161ka: 69 cm Dostupnost: Skladem Barevn\u00e9 proveden\u00ed: zlat\u00e1 patina Balen\u00ed obsahuje: lopatka, smet\u00e1\u010dek, pohrab\u00e1\u010d, kle\u0161t\u011b Celkov\u00e1 v\u00e1ha: 5 kg Barevn\u00e9 proveden\u00ed: zlat\u00e1 patina V\u00fd\u0161ka: 69 cm \u0160\u00ed\u0159ka: 29 cm Balen\u00ed obsahuje: lopatka, smet\u00e1\u010dek, pohrab\u00e1\u010d, kle\u0161t\u011b [&hellip;]<\/p>\n","protected":false},"featured_media":6469,"comment_status":"open","ping_status":"open","template":"","meta":[],"product_brand":[],"product_cat":[47],"product_tag":[],"class_list":{"0":"post-6369","1":"product","2":"type-product","3":"status-publish","4":"has-post-thumbnail","6":"product_cat-krby-a-kamna","8":"first","9":"instock","10":"sale","11":"shipping-taxable","12":"purchasable","13":"product-type-simple"},"yoast_head":"<!-- This site is optimized with the Yoast SEO plugin v26.8 - https:\/\/yoast.com\/product\/yoast-seo-wordpress\/ -->\n<title>Posledn\u00ed \u0160ance Krbov\u00e9 n\u00e1\u0159ad\u00ed CEPELIN 1 -<\/title>\n<meta name=\"robots\" content=\"index, follow, max-snippet:-1, max-image-preview:large, max-video-preview:-1\" \/>\n<link rel=\"canonical\" href=\"https:\/\/www.domtechnikpro.com\/index.php\/produkt\/posledni-sance-krbove-naradi-cepelin-1-6369\/\" \/>\n<meta property=\"og:locale\" content=\"cs_CZ\" \/>\n<meta property=\"og:type\" content=\"article\" \/>\n<meta property=\"og:title\" content=\"Posledn\u00ed \u0160ance Krbov\u00e9 n\u00e1\u0159ad\u00ed CEPELIN 1 -\" \/>\n<meta property=\"og:description\" content=\"Detailn\u00ed popis produktu Krbov\u00e9 n\u00e1\u0159ad\u00ed CEPELIN 1 Dopl\u0148kov\u00e9 parametry Kategorie: Krbov\u00e9 n\u00e1\u0159ad\u00ed EAN: 9005249042300 D\u00e9lka: 40,5 cm \u0160\u00ed\u0159ka: 29 cm V\u00fd\u0161ka: 69 cm Dostupnost: Skladem Barevn\u00e9 proveden\u00ed: zlat\u00e1 patina Balen\u00ed obsahuje: lopatka, smet\u00e1\u010dek, pohrab\u00e1\u010d, kle\u0161t\u011b Celkov\u00e1 v\u00e1ha: 5 kg Barevn\u00e9 proveden\u00ed: zlat\u00e1 patina V\u00fd\u0161ka: 69 cm \u0160\u00ed\u0159ka: 29 cm Balen\u00ed obsahuje: lopatka, smet\u00e1\u010dek, pohrab\u00e1\u010d, kle\u0161t\u011b [&hellip;]\" \/>\n<meta property=\"og:url\" content=\"https:\/\/www.domtechnikpro.com\/index.php\/produkt\/posledni-sance-krbove-naradi-cepelin-1-6369\/\" \/>\n<meta property=\"og:image\" content=\"https:\/\/www.domtechnikpro.com\/wp-content\/uploads\/2026\/SK0003140-CZ20260425-091701-0-1777079823-63511-1_getimage-ashx-id-krbove-naradi-cepelin1.webp\" \/>\n\t<meta property=\"og:image:width\" content=\"800\" \/>\n\t<meta property=\"og:image:height\" content=\"800\" \/>\n\t<meta property=\"og:image:type\" content=\"image\/webp\" \/>\n<meta name=\"twitter:card\" content=\"summary_large_image\" \/>\n<script type=\"application\/ld+json\" class=\"yoast-schema-graph\">{\"@context\":\"https:\/\/schema.org\",\"@graph\":[{\"@type\":\"WebPage\",\"@id\":\"https:\/\/www.domtechnikpro.com\/index.php\/produkt\/posledni-sance-krbove-naradi-cepelin-1-6369\/\",\"url\":\"https:\/\/www.domtechnikpro.com\/index.php\/produkt\/posledni-sance-krbove-naradi-cepelin-1-6369\/\",\"name\":\"Posledn\u00ed \u0160ance Krbov\u00e9 n\u00e1\u0159ad\u00ed CEPELIN 1 -\",\"isPartOf\":{\"@id\":\"https:\/\/www.domtechnikpro.com\/#website\"},\"primaryImageOfPage\":{\"@id\":\"https:\/\/www.domtechnikpro.com\/index.php\/produkt\/posledni-sance-krbove-naradi-cepelin-1-6369\/#primaryimage\"},\"image\":{\"@id\":\"https:\/\/www.domtechnikpro.com\/index.php\/produkt\/posledni-sance-krbove-naradi-cepelin-1-6369\/#primaryimage\"},\"thumbnailUrl\":\"https:\/\/www.domtechnikpro.com\/wp-content\/uploads\/2026\/SK0003140-CZ20260425-091701-0-1777079823-63511-1_getimage-ashx-id-krbove-naradi-cepelin1.webp\",\"datePublished\":\"2026-04-26T08:52:12+00:00\",\"breadcrumb\":{\"@id\":\"https:\/\/www.domtechnikpro.com\/index.php\/produkt\/posledni-sance-krbove-naradi-cepelin-1-6369\/#breadcrumb\"},\"inLanguage\":\"cs\",\"potentialAction\":[{\"@type\":\"ReadAction\",\"target\":[\"https:\/\/www.domtechnikpro.com\/index.php\/produkt\/posledni-sance-krbove-naradi-cepelin-1-6369\/\"]}]},{\"@type\":\"ImageObject\",\"inLanguage\":\"cs\",\"@id\":\"https:\/\/www.domtechnikpro.com\/index.php\/produkt\/posledni-sance-krbove-naradi-cepelin-1-6369\/#primaryimage\",\"url\":\"https:\/\/www.domtechnikpro.com\/wp-content\/uploads\/2026\/SK0003140-CZ20260425-091701-0-1777079823-63511-1_getimage-ashx-id-krbove-naradi-cepelin1.webp\",\"contentUrl\":\"https:\/\/www.domtechnikpro.com\/wp-content\/uploads\/2026\/SK0003140-CZ20260425-091701-0-1777079823-63511-1_getimage-ashx-id-krbove-naradi-cepelin1.webp\",\"width\":800,\"height\":800},{\"@type\":\"BreadcrumbList\",\"@id\":\"https:\/\/www.domtechnikpro.com\/index.php\/produkt\/posledni-sance-krbove-naradi-cepelin-1-6369\/#breadcrumb\",\"itemListElement\":[{\"@type\":\"ListItem\",\"position\":1,\"name\":\"Home\",\"item\":\"https:\/\/www.domtechnikpro.com\/\"},{\"@type\":\"ListItem\",\"position\":2,\"name\":\"Products\",\"item\":\"https:\/\/www.domtechnikpro.com\/index.php\/products\/\"},{\"@type\":\"ListItem\",\"position\":3,\"name\":\"Posledn\u00ed \u0160ance Krbov\u00e9 n\u00e1\u0159ad\u00ed CEPELIN 1\"}]},{\"@type\":\"WebSite\",\"@id\":\"https:\/\/www.domtechnikpro.com\/#website\",\"url\":\"https:\/\/www.domtechnikpro.com\/\",\"name\":\"\",\"description\":\"\",\"potentialAction\":[{\"@type\":\"SearchAction\",\"target\":{\"@type\":\"EntryPoint\",\"urlTemplate\":\"https:\/\/www.domtechnikpro.com\/?s={search_term_string}\"},\"query-input\":{\"@type\":\"PropertyValueSpecification\",\"valueRequired\":true,\"valueName\":\"search_term_string\"}}],\"inLanguage\":\"cs\"}]}<\/script>\n<!-- \/ Yoast SEO plugin. -->","yoast_head_json":{"title":"Posledn\u00ed \u0160ance Krbov\u00e9 n\u00e1\u0159ad\u00ed CEPELIN 1 -","robots":{"index":"index","follow":"follow","max-snippet":"max-snippet:-1","max-image-preview":"max-image-preview:large","max-video-preview":"max-video-preview:-1"},"canonical":"https:\/\/www.domtechnikpro.com\/index.php\/produkt\/posledni-sance-krbove-naradi-cepelin-1-6369\/","og_locale":"cs_CZ","og_type":"article","og_title":"Posledn\u00ed \u0160ance Krbov\u00e9 n\u00e1\u0159ad\u00ed CEPELIN 1 -","og_description":"Detailn\u00ed popis produktu Krbov\u00e9 n\u00e1\u0159ad\u00ed CEPELIN 1 Dopl\u0148kov\u00e9 parametry Kategorie: Krbov\u00e9 n\u00e1\u0159ad\u00ed EAN: 9005249042300 D\u00e9lka: 40,5 cm \u0160\u00ed\u0159ka: 29 cm V\u00fd\u0161ka: 69 cm Dostupnost: Skladem Barevn\u00e9 proveden\u00ed: zlat\u00e1 patina Balen\u00ed obsahuje: lopatka, smet\u00e1\u010dek, pohrab\u00e1\u010d, kle\u0161t\u011b Celkov\u00e1 v\u00e1ha: 5 kg Barevn\u00e9 proveden\u00ed: zlat\u00e1 patina V\u00fd\u0161ka: 69 cm \u0160\u00ed\u0159ka: 29 cm Balen\u00ed obsahuje: lopatka, smet\u00e1\u010dek, pohrab\u00e1\u010d, kle\u0161t\u011b [&hellip;]","og_url":"https:\/\/www.domtechnikpro.com\/index.php\/produkt\/posledni-sance-krbove-naradi-cepelin-1-6369\/","og_image":[{"width":800,"height":800,"url":"https:\/\/www.domtechnikpro.com\/wp-content\/uploads\/2026\/SK0003140-CZ20260425-091701-0-1777079823-63511-1_getimage-ashx-id-krbove-naradi-cepelin1.webp","type":"image\/webp"}],"twitter_card":"summary_large_image","schema":{"@context":"https:\/\/schema.org","@graph":[{"@type":"WebPage","@id":"https:\/\/www.domtechnikpro.com\/index.php\/produkt\/posledni-sance-krbove-naradi-cepelin-1-6369\/","url":"https:\/\/www.domtechnikpro.com\/index.php\/produkt\/posledni-sance-krbove-naradi-cepelin-1-6369\/","name":"Posledn\u00ed \u0160ance Krbov\u00e9 n\u00e1\u0159ad\u00ed CEPELIN 1 -","isPartOf":{"@id":"https:\/\/www.domtechnikpro.com\/#website"},"primaryImageOfPage":{"@id":"https:\/\/www.domtechnikpro.com\/index.php\/produkt\/posledni-sance-krbove-naradi-cepelin-1-6369\/#primaryimage"},"image":{"@id":"https:\/\/www.domtechnikpro.com\/index.php\/produkt\/posledni-sance-krbove-naradi-cepelin-1-6369\/#primaryimage"},"thumbnailUrl":"https:\/\/www.domtechnikpro.com\/wp-content\/uploads\/2026\/SK0003140-CZ20260425-091701-0-1777079823-63511-1_getimage-ashx-id-krbove-naradi-cepelin1.webp","datePublished":"2026-04-26T08:52:12+00:00","breadcrumb":{"@id":"https:\/\/www.domtechnikpro.com\/index.php\/produkt\/posledni-sance-krbove-naradi-cepelin-1-6369\/#breadcrumb"},"inLanguage":"cs","potentialAction":[{"@type":"ReadAction","target":["https:\/\/www.domtechnikpro.com\/index.php\/produkt\/posledni-sance-krbove-naradi-cepelin-1-6369\/"]}]},{"@type":"ImageObject","inLanguage":"cs","@id":"https:\/\/www.domtechnikpro.com\/index.php\/produkt\/posledni-sance-krbove-naradi-cepelin-1-6369\/#primaryimage","url":"https:\/\/www.domtechnikpro.com\/wp-content\/uploads\/2026\/SK0003140-CZ20260425-091701-0-1777079823-63511-1_getimage-ashx-id-krbove-naradi-cepelin1.webp","contentUrl":"https:\/\/www.domtechnikpro.com\/wp-content\/uploads\/2026\/SK0003140-CZ20260425-091701-0-1777079823-63511-1_getimage-ashx-id-krbove-naradi-cepelin1.webp","width":800,"height":800},{"@type":"BreadcrumbList","@id":"https:\/\/www.domtechnikpro.com\/index.php\/produkt\/posledni-sance-krbove-naradi-cepelin-1-6369\/#breadcrumb","itemListElement":[{"@type":"ListItem","position":1,"name":"Home","item":"https:\/\/www.domtechnikpro.com\/"},{"@type":"ListItem","position":2,"name":"Products","item":"https:\/\/www.domtechnikpro.com\/index.php\/products\/"},{"@type":"ListItem","position":3,"name":"Posledn\u00ed \u0160ance Krbov\u00e9 n\u00e1\u0159ad\u00ed CEPELIN 1"}]},{"@type":"WebSite","@id":"https:\/\/www.domtechnikpro.com\/#website","url":"https:\/\/www.domtechnikpro.com\/","name":"","description":"","potentialAction":[{"@type":"SearchAction","target":{"@type":"EntryPoint","urlTemplate":"https:\/\/www.domtechnikpro.com\/?s={search_term_string}"},"query-input":{"@type":"PropertyValueSpecification","valueRequired":true,"valueName":"search_term_string"}}],"inLanguage":"cs"}]}},"_links":{"self":[{"href":"https:\/\/www.domtechnikpro.com\/index.php\/wp-json\/wp\/v2\/product\/6369","targetHints":{"allow":["GET"]}}],"collection":[{"href":"https:\/\/www.domtechnikpro.com\/index.php\/wp-json\/wp\/v2\/product"}],"about":[{"href":"https:\/\/www.domtechnikpro.com\/index.php\/wp-json\/wp\/v2\/types\/product"}],"replies":[{"embeddable":true,"href":"https:\/\/www.domtechnikpro.com\/index.php\/wp-json\/wp\/v2\/comments?post=6369"}],"wp:featuredmedia":[{"embeddable":true,"href":"https:\/\/www.domtechnikpro.com\/index.php\/wp-json\/wp\/v2\/media\/6469"}],"wp:attachment":[{"href":"https:\/\/www.domtechnikpro.com\/index.php\/wp-json\/wp\/v2\/media?parent=6369"}],"wp:term":[{"taxonomy":"product_brand","embeddable":true,"href":"https:\/\/www.domtechnikpro.com\/index.php\/wp-json\/wp\/v2\/product_brand?post=6369"},{"taxonomy":"product_cat","embeddable":true,"href":"https:\/\/www.domtechnikpro.com\/index.php\/wp-json\/wp\/v2\/product_cat?post=6369"},{"taxonomy":"product_tag","embeddable":true,"href":"https:\/\/www.domtechnikpro.com\/index.php\/wp-json\/wp\/v2\/product_tag?post=6369"}],"curies":[{"name":"wp","href":"https:\/\/api.w.org\/{rel}","templated":true}]}}