{"id":6366,"date":"2026-04-26T08:52:12","date_gmt":"2026-04-26T08:52:12","guid":{"rendered":""},"modified":"2026-04-26T08:52:12","modified_gmt":"2026-04-26T08:52:12","slug":"kos-na-drevo-mateo-vystaveny-kus-vyprodej-vraceni-zdarma-6366","status":"publish","type":"product","link":"https:\/\/www.domtechnikpro.com\/index.php\/produkt\/kos-na-drevo-mateo-vystaveny-kus-vyprodej-vraceni-zdarma-6366\/","title":{"rendered":"Ko\u0161 na d\u0159evo MATEO &#8211; vystaven\u00fd kus &#8211; v\u00fdprodej Vr\u00e1cen\u00ed Zdarma"},"content":{"rendered":"<h3>Detailn\u00ed popis produktu<\/h3>\n<p>                                    <P style=\"MARGIN: 0cm 0cm 10pt\" class=MsoNormal><FONT face=Arial><FONT size=2>Krbov\u00e9 n\u00e1\u0159ad\u00ed je ned\u00edlnou sou\u010d\u00e1sti n\u00e1mi nab\u00edzen\u00fdch krb\u016f a krbov\u00fdch vlo\u017eek.<?xml:namespace prefix = o ns = \"urn:schemas-microsoft-com:office:office\" \/><o:p><\/o:p><\/FONT><\/FONT><\/P>                            <\/div>\n<div class=\"extended-description\">\n<h3>Dopl\u0148kov\u00e9 parametry<\/h3>\n<table class=\"detail-parameters\">\n<tbody>\n<tr>\n<th>        <span class=\"row-header-label\">            Kategorie<span class=\"row-header-label-colon\">:<\/span>        <\/span>    <\/th>\n<td>        Ko\u0161e na d\u0159evo    <\/td>\n<\/tr>\n<tr class=\"productEan\">\n<th>          <span class=\"row-header-label productEan__label\">              EAN<span class=\"row-header-label-colon\">:<\/span>          <\/span>      <\/th>\n<td>          <span class=\"productEan__value\">9005249041044<\/span>      <\/td>\n<\/tr>\n<tr>\n<th>                <span class=\"row-header-label\">                                            D\u00e9lka<span class=\"row-header-label-colon\">:<\/span>                                    <\/span>            <\/th>\n<td>                                                            42 cm                                                <\/td>\n<\/tr>\n<tr>\n<th>                <span class=\"row-header-label\">                                            \u0160\u00ed\u0159ka<span class=\"row-header-label-colon\">:<\/span>                                    <\/span>            <\/th>\n<td>                                                            31 cm                                                <\/td>\n<\/tr>\n<tr>\n<th>                <span class=\"row-header-label\">                                            V\u00fd\u0161ka<span class=\"row-header-label-colon\">:<\/span>                                    <\/span>            <\/th>\n<td>                                                            38 cm                                                <\/td>\n<\/tr>\n<tr>\n<th>                <span class=\"row-header-label\">                                            Barevn\u00e9 varianty<span class=\"row-header-label-colon\">:<\/span>                                    <\/span>            <\/th>\n<td>                                                            zlat\u00e1 patina                                                <\/td>\n<\/tr>\n<tr>\n<th>                <span class=\"row-header-label\">                                            V\u00e1ha<span class=\"row-header-label-colon\">:<\/span>                                    <\/span>            <\/th>\n<td>                                                            5 kg                                                <\/td>\n<\/tr>\n<tr>\n<th>                <span class=\"row-header-label\">                                            Materi\u00e1l<span class=\"row-header-label-colon\">:<\/span>                                    <\/span>            <\/th>\n<td>                                                            ocel                                                <\/td>\n<\/tr>\n<tr>\n<th>                <span class=\"row-header-label\">                                            Dostupnost<span class=\"row-header-label-colon\">:<\/span>                                    <\/span>            <\/th>\n<td>                                                            Skladem                                                <\/td>\n<\/tr>\n<tr>\n<th>                <span class=\"row-header-label\">                                                                        Barevn\u00e9 varianty<span class=\"row-header-label-colon\">:<\/span>                                                            <\/span>            <\/th>\n<td>zlat\u00e1 patina<\/td>\n<\/tr>\n<tr>\n<th>                <span class=\"row-header-label\">                                                                        D\u00e9lka<span class=\"row-header-label-colon\">:<\/span>                                                            <\/span>            <\/th>\n<td>42 cm<\/td>\n<\/tr>\n<tr>\n<th>                <span class=\"row-header-label\">                                                                        V\u00fd\u0161ka<span class=\"row-header-label-colon\">:<\/span>                                                            <\/span>            <\/th>\n<td>38 cm<\/td>\n<\/tr>\n<tr>\n<th>                <span class=\"row-header-label\">                                                                        \u0160\u00ed\u0159ka<span class=\"row-header-label-colon\">:<\/span>                                                            <\/span>            <\/th>\n<td>31 cm<\/td>\n<\/tr>\n<tr>\n<th>                <span class=\"row-header-label\">                                                                        V\u00e1ha<span class=\"row-header-label-colon\">:<\/span>                                                            <\/span>            <\/th>\n<td>5 kg<\/td>\n<\/tr>\n<tr>\n<th>                <span class=\"row-header-label\">                                                                        Materi\u00e1l<span class=\"row-header-label-colon\">:<\/span>                                                            <\/span>            <\/th>\n<td>ocel<\/td>\n<\/tr>\n<\/tbody>\n<\/table><\/div>\n<\/p><\/div>\n<\/p><\/div>\n","protected":false},"excerpt":{"rendered":"<p>Detailn\u00ed popis produktu Krbov\u00e9 n\u00e1\u0159ad\u00ed je ned\u00edlnou sou\u010d\u00e1sti n\u00e1mi nab\u00edzen\u00fdch krb\u016f a krbov\u00fdch vlo\u017eek. Dopl\u0148kov\u00e9 parametry Kategorie: Ko\u0161e na d\u0159evo EAN: 9005249041044 D\u00e9lka: 42 cm \u0160\u00ed\u0159ka: 31 cm V\u00fd\u0161ka: 38 cm Barevn\u00e9 varianty: zlat\u00e1 patina V\u00e1ha: 5 kg Materi\u00e1l: ocel Dostupnost: Skladem Barevn\u00e9 varianty: zlat\u00e1 patina D\u00e9lka: 42 cm V\u00fd\u0161ka: 38 cm \u0160\u00ed\u0159ka: 31 cm [&hellip;]<\/p>\n","protected":false},"featured_media":6466,"comment_status":"open","ping_status":"open","template":"","meta":[],"product_brand":[],"product_cat":[47],"product_tag":[],"class_list":{"0":"post-6366","1":"product","2":"type-product","3":"status-publish","4":"has-post-thumbnail","6":"product_cat-krby-a-kamna","8":"first","9":"instock","10":"sale","11":"shipping-taxable","12":"purchasable","13":"product-type-simple"},"yoast_head":"<!-- This site is optimized with the Yoast SEO plugin v26.8 - https:\/\/yoast.com\/product\/yoast-seo-wordpress\/ -->\n<title>Ko\u0161 na d\u0159evo MATEO - vystaven\u00fd kus - v\u00fdprodej Vr\u00e1cen\u00ed Zdarma -<\/title>\n<meta name=\"robots\" content=\"index, follow, max-snippet:-1, max-image-preview:large, max-video-preview:-1\" \/>\n<link rel=\"canonical\" href=\"https:\/\/www.domtechnikpro.com\/index.php\/produkt\/kos-na-drevo-mateo-vystaveny-kus-vyprodej-vraceni-zdarma-6366\/\" \/>\n<meta property=\"og:locale\" content=\"cs_CZ\" \/>\n<meta property=\"og:type\" content=\"article\" \/>\n<meta property=\"og:title\" content=\"Ko\u0161 na d\u0159evo MATEO - vystaven\u00fd kus - v\u00fdprodej Vr\u00e1cen\u00ed Zdarma -\" \/>\n<meta property=\"og:description\" content=\"Detailn\u00ed popis produktu Krbov\u00e9 n\u00e1\u0159ad\u00ed je ned\u00edlnou sou\u010d\u00e1sti n\u00e1mi nab\u00edzen\u00fdch krb\u016f a krbov\u00fdch vlo\u017eek. Dopl\u0148kov\u00e9 parametry Kategorie: Ko\u0161e na d\u0159evo EAN: 9005249041044 D\u00e9lka: 42 cm \u0160\u00ed\u0159ka: 31 cm V\u00fd\u0161ka: 38 cm Barevn\u00e9 varianty: zlat\u00e1 patina V\u00e1ha: 5 kg Materi\u00e1l: ocel Dostupnost: Skladem Barevn\u00e9 varianty: zlat\u00e1 patina D\u00e9lka: 42 cm V\u00fd\u0161ka: 38 cm \u0160\u00ed\u0159ka: 31 cm [&hellip;]\" \/>\n<meta property=\"og:url\" content=\"https:\/\/www.domtechnikpro.com\/index.php\/produkt\/kos-na-drevo-mateo-vystaveny-kus-vyprodej-vraceni-zdarma-6366\/\" \/>\n<meta property=\"og:image\" content=\"https:\/\/www.domtechnikpro.com\/wp-content\/uploads\/2026\/SK0003137-CZ20260425-091701-0-1777079823-169148_getimage-ashx-id-kos-na-drevo-mateo.webp\" \/>\n\t<meta property=\"og:image:width\" content=\"800\" \/>\n\t<meta property=\"og:image:height\" content=\"800\" \/>\n\t<meta property=\"og:image:type\" content=\"image\/webp\" \/>\n<meta name=\"twitter:card\" content=\"summary_large_image\" \/>\n<script type=\"application\/ld+json\" class=\"yoast-schema-graph\">{\"@context\":\"https:\/\/schema.org\",\"@graph\":[{\"@type\":\"WebPage\",\"@id\":\"https:\/\/www.domtechnikpro.com\/index.php\/produkt\/kos-na-drevo-mateo-vystaveny-kus-vyprodej-vraceni-zdarma-6366\/\",\"url\":\"https:\/\/www.domtechnikpro.com\/index.php\/produkt\/kos-na-drevo-mateo-vystaveny-kus-vyprodej-vraceni-zdarma-6366\/\",\"name\":\"Ko\u0161 na d\u0159evo MATEO - vystaven\u00fd kus - v\u00fdprodej Vr\u00e1cen\u00ed Zdarma -\",\"isPartOf\":{\"@id\":\"https:\/\/www.domtechnikpro.com\/#website\"},\"primaryImageOfPage\":{\"@id\":\"https:\/\/www.domtechnikpro.com\/index.php\/produkt\/kos-na-drevo-mateo-vystaveny-kus-vyprodej-vraceni-zdarma-6366\/#primaryimage\"},\"image\":{\"@id\":\"https:\/\/www.domtechnikpro.com\/index.php\/produkt\/kos-na-drevo-mateo-vystaveny-kus-vyprodej-vraceni-zdarma-6366\/#primaryimage\"},\"thumbnailUrl\":\"https:\/\/www.domtechnikpro.com\/wp-content\/uploads\/2026\/SK0003137-CZ20260425-091701-0-1777079823-169148_getimage-ashx-id-kos-na-drevo-mateo.webp\",\"datePublished\":\"2026-04-26T08:52:12+00:00\",\"breadcrumb\":{\"@id\":\"https:\/\/www.domtechnikpro.com\/index.php\/produkt\/kos-na-drevo-mateo-vystaveny-kus-vyprodej-vraceni-zdarma-6366\/#breadcrumb\"},\"inLanguage\":\"cs\",\"potentialAction\":[{\"@type\":\"ReadAction\",\"target\":[\"https:\/\/www.domtechnikpro.com\/index.php\/produkt\/kos-na-drevo-mateo-vystaveny-kus-vyprodej-vraceni-zdarma-6366\/\"]}]},{\"@type\":\"ImageObject\",\"inLanguage\":\"cs\",\"@id\":\"https:\/\/www.domtechnikpro.com\/index.php\/produkt\/kos-na-drevo-mateo-vystaveny-kus-vyprodej-vraceni-zdarma-6366\/#primaryimage\",\"url\":\"https:\/\/www.domtechnikpro.com\/wp-content\/uploads\/2026\/SK0003137-CZ20260425-091701-0-1777079823-169148_getimage-ashx-id-kos-na-drevo-mateo.webp\",\"contentUrl\":\"https:\/\/www.domtechnikpro.com\/wp-content\/uploads\/2026\/SK0003137-CZ20260425-091701-0-1777079823-169148_getimage-ashx-id-kos-na-drevo-mateo.webp\",\"width\":800,\"height\":800},{\"@type\":\"BreadcrumbList\",\"@id\":\"https:\/\/www.domtechnikpro.com\/index.php\/produkt\/kos-na-drevo-mateo-vystaveny-kus-vyprodej-vraceni-zdarma-6366\/#breadcrumb\",\"itemListElement\":[{\"@type\":\"ListItem\",\"position\":1,\"name\":\"Home\",\"item\":\"https:\/\/www.domtechnikpro.com\/\"},{\"@type\":\"ListItem\",\"position\":2,\"name\":\"Products\",\"item\":\"https:\/\/www.domtechnikpro.com\/index.php\/products\/\"},{\"@type\":\"ListItem\",\"position\":3,\"name\":\"Ko\u0161 na d\u0159evo MATEO &#8211; vystaven\u00fd kus &#8211; v\u00fdprodej Vr\u00e1cen\u00ed Zdarma\"}]},{\"@type\":\"WebSite\",\"@id\":\"https:\/\/www.domtechnikpro.com\/#website\",\"url\":\"https:\/\/www.domtechnikpro.com\/\",\"name\":\"\",\"description\":\"\",\"potentialAction\":[{\"@type\":\"SearchAction\",\"target\":{\"@type\":\"EntryPoint\",\"urlTemplate\":\"https:\/\/www.domtechnikpro.com\/?s={search_term_string}\"},\"query-input\":{\"@type\":\"PropertyValueSpecification\",\"valueRequired\":true,\"valueName\":\"search_term_string\"}}],\"inLanguage\":\"cs\"}]}<\/script>\n<!-- \/ Yoast SEO plugin. -->","yoast_head_json":{"title":"Ko\u0161 na d\u0159evo MATEO - vystaven\u00fd kus - v\u00fdprodej Vr\u00e1cen\u00ed Zdarma -","robots":{"index":"index","follow":"follow","max-snippet":"max-snippet:-1","max-image-preview":"max-image-preview:large","max-video-preview":"max-video-preview:-1"},"canonical":"https:\/\/www.domtechnikpro.com\/index.php\/produkt\/kos-na-drevo-mateo-vystaveny-kus-vyprodej-vraceni-zdarma-6366\/","og_locale":"cs_CZ","og_type":"article","og_title":"Ko\u0161 na d\u0159evo MATEO - vystaven\u00fd kus - v\u00fdprodej Vr\u00e1cen\u00ed Zdarma -","og_description":"Detailn\u00ed popis produktu Krbov\u00e9 n\u00e1\u0159ad\u00ed je ned\u00edlnou sou\u010d\u00e1sti n\u00e1mi nab\u00edzen\u00fdch krb\u016f a krbov\u00fdch vlo\u017eek. Dopl\u0148kov\u00e9 parametry Kategorie: Ko\u0161e na d\u0159evo EAN: 9005249041044 D\u00e9lka: 42 cm \u0160\u00ed\u0159ka: 31 cm V\u00fd\u0161ka: 38 cm Barevn\u00e9 varianty: zlat\u00e1 patina V\u00e1ha: 5 kg Materi\u00e1l: ocel Dostupnost: Skladem Barevn\u00e9 varianty: zlat\u00e1 patina D\u00e9lka: 42 cm V\u00fd\u0161ka: 38 cm \u0160\u00ed\u0159ka: 31 cm [&hellip;]","og_url":"https:\/\/www.domtechnikpro.com\/index.php\/produkt\/kos-na-drevo-mateo-vystaveny-kus-vyprodej-vraceni-zdarma-6366\/","og_image":[{"width":800,"height":800,"url":"https:\/\/www.domtechnikpro.com\/wp-content\/uploads\/2026\/SK0003137-CZ20260425-091701-0-1777079823-169148_getimage-ashx-id-kos-na-drevo-mateo.webp","type":"image\/webp"}],"twitter_card":"summary_large_image","schema":{"@context":"https:\/\/schema.org","@graph":[{"@type":"WebPage","@id":"https:\/\/www.domtechnikpro.com\/index.php\/produkt\/kos-na-drevo-mateo-vystaveny-kus-vyprodej-vraceni-zdarma-6366\/","url":"https:\/\/www.domtechnikpro.com\/index.php\/produkt\/kos-na-drevo-mateo-vystaveny-kus-vyprodej-vraceni-zdarma-6366\/","name":"Ko\u0161 na d\u0159evo MATEO - vystaven\u00fd kus - v\u00fdprodej Vr\u00e1cen\u00ed Zdarma -","isPartOf":{"@id":"https:\/\/www.domtechnikpro.com\/#website"},"primaryImageOfPage":{"@id":"https:\/\/www.domtechnikpro.com\/index.php\/produkt\/kos-na-drevo-mateo-vystaveny-kus-vyprodej-vraceni-zdarma-6366\/#primaryimage"},"image":{"@id":"https:\/\/www.domtechnikpro.com\/index.php\/produkt\/kos-na-drevo-mateo-vystaveny-kus-vyprodej-vraceni-zdarma-6366\/#primaryimage"},"thumbnailUrl":"https:\/\/www.domtechnikpro.com\/wp-content\/uploads\/2026\/SK0003137-CZ20260425-091701-0-1777079823-169148_getimage-ashx-id-kos-na-drevo-mateo.webp","datePublished":"2026-04-26T08:52:12+00:00","breadcrumb":{"@id":"https:\/\/www.domtechnikpro.com\/index.php\/produkt\/kos-na-drevo-mateo-vystaveny-kus-vyprodej-vraceni-zdarma-6366\/#breadcrumb"},"inLanguage":"cs","potentialAction":[{"@type":"ReadAction","target":["https:\/\/www.domtechnikpro.com\/index.php\/produkt\/kos-na-drevo-mateo-vystaveny-kus-vyprodej-vraceni-zdarma-6366\/"]}]},{"@type":"ImageObject","inLanguage":"cs","@id":"https:\/\/www.domtechnikpro.com\/index.php\/produkt\/kos-na-drevo-mateo-vystaveny-kus-vyprodej-vraceni-zdarma-6366\/#primaryimage","url":"https:\/\/www.domtechnikpro.com\/wp-content\/uploads\/2026\/SK0003137-CZ20260425-091701-0-1777079823-169148_getimage-ashx-id-kos-na-drevo-mateo.webp","contentUrl":"https:\/\/www.domtechnikpro.com\/wp-content\/uploads\/2026\/SK0003137-CZ20260425-091701-0-1777079823-169148_getimage-ashx-id-kos-na-drevo-mateo.webp","width":800,"height":800},{"@type":"BreadcrumbList","@id":"https:\/\/www.domtechnikpro.com\/index.php\/produkt\/kos-na-drevo-mateo-vystaveny-kus-vyprodej-vraceni-zdarma-6366\/#breadcrumb","itemListElement":[{"@type":"ListItem","position":1,"name":"Home","item":"https:\/\/www.domtechnikpro.com\/"},{"@type":"ListItem","position":2,"name":"Products","item":"https:\/\/www.domtechnikpro.com\/index.php\/products\/"},{"@type":"ListItem","position":3,"name":"Ko\u0161 na d\u0159evo MATEO &#8211; vystaven\u00fd kus &#8211; v\u00fdprodej Vr\u00e1cen\u00ed Zdarma"}]},{"@type":"WebSite","@id":"https:\/\/www.domtechnikpro.com\/#website","url":"https:\/\/www.domtechnikpro.com\/","name":"","description":"","potentialAction":[{"@type":"SearchAction","target":{"@type":"EntryPoint","urlTemplate":"https:\/\/www.domtechnikpro.com\/?s={search_term_string}"},"query-input":{"@type":"PropertyValueSpecification","valueRequired":true,"valueName":"search_term_string"}}],"inLanguage":"cs"}]}},"_links":{"self":[{"href":"https:\/\/www.domtechnikpro.com\/index.php\/wp-json\/wp\/v2\/product\/6366","targetHints":{"allow":["GET"]}}],"collection":[{"href":"https:\/\/www.domtechnikpro.com\/index.php\/wp-json\/wp\/v2\/product"}],"about":[{"href":"https:\/\/www.domtechnikpro.com\/index.php\/wp-json\/wp\/v2\/types\/product"}],"replies":[{"embeddable":true,"href":"https:\/\/www.domtechnikpro.com\/index.php\/wp-json\/wp\/v2\/comments?post=6366"}],"wp:featuredmedia":[{"embeddable":true,"href":"https:\/\/www.domtechnikpro.com\/index.php\/wp-json\/wp\/v2\/media\/6466"}],"wp:attachment":[{"href":"https:\/\/www.domtechnikpro.com\/index.php\/wp-json\/wp\/v2\/media?parent=6366"}],"wp:term":[{"taxonomy":"product_brand","embeddable":true,"href":"https:\/\/www.domtechnikpro.com\/index.php\/wp-json\/wp\/v2\/product_brand?post=6366"},{"taxonomy":"product_cat","embeddable":true,"href":"https:\/\/www.domtechnikpro.com\/index.php\/wp-json\/wp\/v2\/product_cat?post=6366"},{"taxonomy":"product_tag","embeddable":true,"href":"https:\/\/www.domtechnikpro.com\/index.php\/wp-json\/wp\/v2\/product_tag?post=6366"}],"curies":[{"name":"wp","href":"https:\/\/api.w.org\/{rel}","templated":true}]}}