{"id":6365,"date":"2026-04-26T08:52:12","date_gmt":"2026-04-26T08:52:12","guid":{"rendered":""},"modified":"2026-04-26T08:52:12","modified_gmt":"2026-04-26T08:52:12","slug":"vikendova-akce-kos-na-drevo-prouteny-ovalny-juta-6365","status":"publish","type":"product","link":"https:\/\/www.domtechnikpro.com\/index.php\/produkt\/vikendova-akce-kos-na-drevo-prouteny-ovalny-juta-6365\/","title":{"rendered":"V\u00edkendov\u00e1 Akce Ko\u0161 na d\u0159evo prout\u011bn\u00fd ov\u00e1ln\u00fd, juta"},"content":{"rendered":"<h3>Detailn\u00ed popis produktu<\/h3>\n<p>                                    Ko\u0161 na d\u0159evo prout\u011bn\u00fd ov\u00e1ln\u00fd, juta                            <\/p><\/div>\n<div class=\"extended-description\">\n<h3>Dopl\u0148kov\u00e9 parametry<\/h3>\n<table class=\"detail-parameters\">\n<tbody>\n<tr>\n<th>        <span class=\"row-header-label\">            Kategorie<span class=\"row-header-label-colon\">:<\/span>        <\/span>    <\/th>\n<td>        Ko\u0161e na d\u0159evo    <\/td>\n<\/tr>\n<tr class=\"productEan\">\n<th>          <span class=\"row-header-label productEan__label\">              EAN<span class=\"row-header-label-colon\">:<\/span>          <\/span>      <\/th>\n<td>          <span class=\"productEan__value\">9005249009167<\/span>      <\/td>\n<\/tr>\n<tr>\n<th>                <span class=\"row-header-label\">                                            D\u00e9lka<span class=\"row-header-label-colon\">:<\/span>                                    <\/span>            <\/th>\n<td>                                                            61 cm                                                <\/td>\n<\/tr>\n<tr>\n<th>                <span class=\"row-header-label\">                                            \u0160\u00ed\u0159ka<span class=\"row-header-label-colon\">:<\/span>                                    <\/span>            <\/th>\n<td>                                                            39 cm                                                <\/td>\n<\/tr>\n<tr>\n<th>                <span class=\"row-header-label\">                                            V\u00fd\u0161ka<span class=\"row-header-label-colon\">:<\/span>                                    <\/span>            <\/th>\n<td>                                                            36 cm                                                <\/td>\n<\/tr>\n<tr>\n<th>                <span class=\"row-header-label\">                                            Barevn\u00e9 varianty<span class=\"row-header-label-colon\">:<\/span>                                    <\/span>            <\/th>\n<td>                                                            hn\u011bda                                                <\/td>\n<\/tr>\n<tr>\n<th>                <span class=\"row-header-label\">                                            V\u00e1ha<span class=\"row-header-label-colon\">:<\/span>                                    <\/span>            <\/th>\n<td>                                                            0,5 kg                                                <\/td>\n<\/tr>\n<tr>\n<th>                <span class=\"row-header-label\">                                            Materi\u00e1l<span class=\"row-header-label-colon\">:<\/span>                                    <\/span>            <\/th>\n<td>                                                            prout\u011bn\u00fd z\u00a0p\u0159\u00edrodn\u00edho d\u0159eva                                                <\/td>\n<\/tr>\n<tr>\n<th>                <span class=\"row-header-label\">                                            Dostupnost<span class=\"row-header-label-colon\">:<\/span>                                    <\/span>            <\/th>\n<td>                                                            Skladem                                                <\/td>\n<\/tr>\n<tr>\n<th>                <span class=\"row-header-label\">                                                                        Barevn\u00e9 varianty<span class=\"row-header-label-colon\">:<\/span>                                                            <\/span>            <\/th>\n<td>hn\u011bda<\/td>\n<\/tr>\n<tr>\n<th>                <span class=\"row-header-label\">                                                                        D\u00e9lka<span class=\"row-header-label-colon\">:<\/span>                                                            <\/span>            <\/th>\n<td>61 cm<\/td>\n<\/tr>\n<tr>\n<th>                <span class=\"row-header-label\">                                                                        V\u00fd\u0161ka<span class=\"row-header-label-colon\">:<\/span>                                                            <\/span>            <\/th>\n<td>36 cm<\/td>\n<\/tr>\n<tr>\n<th>                <span class=\"row-header-label\">                                                                        \u0160\u00ed\u0159ka<span class=\"row-header-label-colon\">:<\/span>                                                            <\/span>            <\/th>\n<td>39 cm<\/td>\n<\/tr>\n<tr>\n<th>                <span class=\"row-header-label\">                                                                        V\u00e1ha<span class=\"row-header-label-colon\">:<\/span>                                                            <\/span>            <\/th>\n<td>0,5 kg<\/td>\n<\/tr>\n<tr>\n<th>                <span class=\"row-header-label\">                                                                        Materi\u00e1l<span class=\"row-header-label-colon\">:<\/span>                                                            <\/span>            <\/th>\n<td>prout\u011bn\u00fd z\u00a0p\u0159\u00edrodn\u00edho d\u0159eva<\/td>\n<\/tr>\n<\/tbody>\n<\/table><\/div>\n<\/p><\/div>\n<\/p><\/div>\n","protected":false},"excerpt":{"rendered":"<p>Detailn\u00ed popis produktu Ko\u0161 na d\u0159evo prout\u011bn\u00fd ov\u00e1ln\u00fd, juta Dopl\u0148kov\u00e9 parametry Kategorie: Ko\u0161e na d\u0159evo EAN: 9005249009167 D\u00e9lka: 61 cm \u0160\u00ed\u0159ka: 39 cm V\u00fd\u0161ka: 36 cm Barevn\u00e9 varianty: hn\u011bda V\u00e1ha: 0,5 kg Materi\u00e1l: prout\u011bn\u00fd z\u00a0p\u0159\u00edrodn\u00edho d\u0159eva Dostupnost: Skladem Barevn\u00e9 varianty: hn\u011bda D\u00e9lka: 61 cm V\u00fd\u0161ka: 36 cm \u0160\u00ed\u0159ka: 39 cm V\u00e1ha: 0,5 kg Materi\u00e1l: prout\u011bn\u00fd [&hellip;]<\/p>\n","protected":false},"featured_media":6465,"comment_status":"open","ping_status":"open","template":"","meta":[],"product_brand":[],"product_cat":[47],"product_tag":[],"class_list":{"0":"post-6365","1":"product","2":"type-product","3":"status-publish","4":"has-post-thumbnail","6":"product_cat-krby-a-kamna","8":"first","9":"instock","10":"sale","11":"shipping-taxable","12":"purchasable","13":"product-type-simple"},"yoast_head":"<!-- This site is optimized with the Yoast SEO plugin v26.8 - https:\/\/yoast.com\/product\/yoast-seo-wordpress\/ -->\n<title>V\u00edkendov\u00e1 Akce Ko\u0161 na d\u0159evo prout\u011bn\u00fd ov\u00e1ln\u00fd, juta -<\/title>\n<meta name=\"robots\" content=\"index, follow, max-snippet:-1, max-image-preview:large, max-video-preview:-1\" \/>\n<link rel=\"canonical\" href=\"https:\/\/www.domtechnikpro.com\/index.php\/produkt\/vikendova-akce-kos-na-drevo-prouteny-ovalny-juta-6365\/\" \/>\n<meta property=\"og:locale\" content=\"cs_CZ\" \/>\n<meta property=\"og:type\" content=\"article\" \/>\n<meta property=\"og:title\" content=\"V\u00edkendov\u00e1 Akce Ko\u0161 na d\u0159evo prout\u011bn\u00fd ov\u00e1ln\u00fd, juta -\" \/>\n<meta property=\"og:description\" content=\"Detailn\u00ed popis produktu Ko\u0161 na d\u0159evo prout\u011bn\u00fd ov\u00e1ln\u00fd, juta Dopl\u0148kov\u00e9 parametry Kategorie: Ko\u0161e na d\u0159evo EAN: 9005249009167 D\u00e9lka: 61 cm \u0160\u00ed\u0159ka: 39 cm V\u00fd\u0161ka: 36 cm Barevn\u00e9 varianty: hn\u011bda V\u00e1ha: 0,5 kg Materi\u00e1l: prout\u011bn\u00fd z\u00a0p\u0159\u00edrodn\u00edho d\u0159eva Dostupnost: Skladem Barevn\u00e9 varianty: hn\u011bda D\u00e9lka: 61 cm V\u00fd\u0161ka: 36 cm \u0160\u00ed\u0159ka: 39 cm V\u00e1ha: 0,5 kg Materi\u00e1l: prout\u011bn\u00fd [&hellip;]\" \/>\n<meta property=\"og:url\" content=\"https:\/\/www.domtechnikpro.com\/index.php\/produkt\/vikendova-akce-kos-na-drevo-prouteny-ovalny-juta-6365\/\" \/>\n<meta property=\"og:image\" content=\"https:\/\/www.domtechnikpro.com\/wp-content\/uploads\/2026\/SK0003136-CZ20260425-091701-0-1777079823-63484-1_getimage-ashx-id-kos-na-drevo-prouteny-ovalny-tmavy.webp\" \/>\n\t<meta property=\"og:image:width\" content=\"800\" \/>\n\t<meta property=\"og:image:height\" content=\"800\" \/>\n\t<meta property=\"og:image:type\" content=\"image\/webp\" \/>\n<meta name=\"twitter:card\" content=\"summary_large_image\" \/>\n<script type=\"application\/ld+json\" class=\"yoast-schema-graph\">{\"@context\":\"https:\/\/schema.org\",\"@graph\":[{\"@type\":\"WebPage\",\"@id\":\"https:\/\/www.domtechnikpro.com\/index.php\/produkt\/vikendova-akce-kos-na-drevo-prouteny-ovalny-juta-6365\/\",\"url\":\"https:\/\/www.domtechnikpro.com\/index.php\/produkt\/vikendova-akce-kos-na-drevo-prouteny-ovalny-juta-6365\/\",\"name\":\"V\u00edkendov\u00e1 Akce Ko\u0161 na d\u0159evo prout\u011bn\u00fd ov\u00e1ln\u00fd, juta -\",\"isPartOf\":{\"@id\":\"https:\/\/www.domtechnikpro.com\/#website\"},\"primaryImageOfPage\":{\"@id\":\"https:\/\/www.domtechnikpro.com\/index.php\/produkt\/vikendova-akce-kos-na-drevo-prouteny-ovalny-juta-6365\/#primaryimage\"},\"image\":{\"@id\":\"https:\/\/www.domtechnikpro.com\/index.php\/produkt\/vikendova-akce-kos-na-drevo-prouteny-ovalny-juta-6365\/#primaryimage\"},\"thumbnailUrl\":\"https:\/\/www.domtechnikpro.com\/wp-content\/uploads\/2026\/SK0003136-CZ20260425-091701-0-1777079823-63484-1_getimage-ashx-id-kos-na-drevo-prouteny-ovalny-tmavy.webp\",\"datePublished\":\"2026-04-26T08:52:12+00:00\",\"breadcrumb\":{\"@id\":\"https:\/\/www.domtechnikpro.com\/index.php\/produkt\/vikendova-akce-kos-na-drevo-prouteny-ovalny-juta-6365\/#breadcrumb\"},\"inLanguage\":\"cs\",\"potentialAction\":[{\"@type\":\"ReadAction\",\"target\":[\"https:\/\/www.domtechnikpro.com\/index.php\/produkt\/vikendova-akce-kos-na-drevo-prouteny-ovalny-juta-6365\/\"]}]},{\"@type\":\"ImageObject\",\"inLanguage\":\"cs\",\"@id\":\"https:\/\/www.domtechnikpro.com\/index.php\/produkt\/vikendova-akce-kos-na-drevo-prouteny-ovalny-juta-6365\/#primaryimage\",\"url\":\"https:\/\/www.domtechnikpro.com\/wp-content\/uploads\/2026\/SK0003136-CZ20260425-091701-0-1777079823-63484-1_getimage-ashx-id-kos-na-drevo-prouteny-ovalny-tmavy.webp\",\"contentUrl\":\"https:\/\/www.domtechnikpro.com\/wp-content\/uploads\/2026\/SK0003136-CZ20260425-091701-0-1777079823-63484-1_getimage-ashx-id-kos-na-drevo-prouteny-ovalny-tmavy.webp\",\"width\":800,\"height\":800},{\"@type\":\"BreadcrumbList\",\"@id\":\"https:\/\/www.domtechnikpro.com\/index.php\/produkt\/vikendova-akce-kos-na-drevo-prouteny-ovalny-juta-6365\/#breadcrumb\",\"itemListElement\":[{\"@type\":\"ListItem\",\"position\":1,\"name\":\"Home\",\"item\":\"https:\/\/www.domtechnikpro.com\/\"},{\"@type\":\"ListItem\",\"position\":2,\"name\":\"Products\",\"item\":\"https:\/\/www.domtechnikpro.com\/index.php\/products\/\"},{\"@type\":\"ListItem\",\"position\":3,\"name\":\"V\u00edkendov\u00e1 Akce Ko\u0161 na d\u0159evo prout\u011bn\u00fd ov\u00e1ln\u00fd, juta\"}]},{\"@type\":\"WebSite\",\"@id\":\"https:\/\/www.domtechnikpro.com\/#website\",\"url\":\"https:\/\/www.domtechnikpro.com\/\",\"name\":\"\",\"description\":\"\",\"potentialAction\":[{\"@type\":\"SearchAction\",\"target\":{\"@type\":\"EntryPoint\",\"urlTemplate\":\"https:\/\/www.domtechnikpro.com\/?s={search_term_string}\"},\"query-input\":{\"@type\":\"PropertyValueSpecification\",\"valueRequired\":true,\"valueName\":\"search_term_string\"}}],\"inLanguage\":\"cs\"}]}<\/script>\n<!-- \/ Yoast SEO plugin. -->","yoast_head_json":{"title":"V\u00edkendov\u00e1 Akce Ko\u0161 na d\u0159evo prout\u011bn\u00fd ov\u00e1ln\u00fd, juta -","robots":{"index":"index","follow":"follow","max-snippet":"max-snippet:-1","max-image-preview":"max-image-preview:large","max-video-preview":"max-video-preview:-1"},"canonical":"https:\/\/www.domtechnikpro.com\/index.php\/produkt\/vikendova-akce-kos-na-drevo-prouteny-ovalny-juta-6365\/","og_locale":"cs_CZ","og_type":"article","og_title":"V\u00edkendov\u00e1 Akce Ko\u0161 na d\u0159evo prout\u011bn\u00fd ov\u00e1ln\u00fd, juta -","og_description":"Detailn\u00ed popis produktu Ko\u0161 na d\u0159evo prout\u011bn\u00fd ov\u00e1ln\u00fd, juta Dopl\u0148kov\u00e9 parametry Kategorie: Ko\u0161e na d\u0159evo EAN: 9005249009167 D\u00e9lka: 61 cm \u0160\u00ed\u0159ka: 39 cm V\u00fd\u0161ka: 36 cm Barevn\u00e9 varianty: hn\u011bda V\u00e1ha: 0,5 kg Materi\u00e1l: prout\u011bn\u00fd z\u00a0p\u0159\u00edrodn\u00edho d\u0159eva Dostupnost: Skladem Barevn\u00e9 varianty: hn\u011bda D\u00e9lka: 61 cm V\u00fd\u0161ka: 36 cm \u0160\u00ed\u0159ka: 39 cm V\u00e1ha: 0,5 kg Materi\u00e1l: prout\u011bn\u00fd [&hellip;]","og_url":"https:\/\/www.domtechnikpro.com\/index.php\/produkt\/vikendova-akce-kos-na-drevo-prouteny-ovalny-juta-6365\/","og_image":[{"width":800,"height":800,"url":"https:\/\/www.domtechnikpro.com\/wp-content\/uploads\/2026\/SK0003136-CZ20260425-091701-0-1777079823-63484-1_getimage-ashx-id-kos-na-drevo-prouteny-ovalny-tmavy.webp","type":"image\/webp"}],"twitter_card":"summary_large_image","schema":{"@context":"https:\/\/schema.org","@graph":[{"@type":"WebPage","@id":"https:\/\/www.domtechnikpro.com\/index.php\/produkt\/vikendova-akce-kos-na-drevo-prouteny-ovalny-juta-6365\/","url":"https:\/\/www.domtechnikpro.com\/index.php\/produkt\/vikendova-akce-kos-na-drevo-prouteny-ovalny-juta-6365\/","name":"V\u00edkendov\u00e1 Akce Ko\u0161 na d\u0159evo prout\u011bn\u00fd ov\u00e1ln\u00fd, juta -","isPartOf":{"@id":"https:\/\/www.domtechnikpro.com\/#website"},"primaryImageOfPage":{"@id":"https:\/\/www.domtechnikpro.com\/index.php\/produkt\/vikendova-akce-kos-na-drevo-prouteny-ovalny-juta-6365\/#primaryimage"},"image":{"@id":"https:\/\/www.domtechnikpro.com\/index.php\/produkt\/vikendova-akce-kos-na-drevo-prouteny-ovalny-juta-6365\/#primaryimage"},"thumbnailUrl":"https:\/\/www.domtechnikpro.com\/wp-content\/uploads\/2026\/SK0003136-CZ20260425-091701-0-1777079823-63484-1_getimage-ashx-id-kos-na-drevo-prouteny-ovalny-tmavy.webp","datePublished":"2026-04-26T08:52:12+00:00","breadcrumb":{"@id":"https:\/\/www.domtechnikpro.com\/index.php\/produkt\/vikendova-akce-kos-na-drevo-prouteny-ovalny-juta-6365\/#breadcrumb"},"inLanguage":"cs","potentialAction":[{"@type":"ReadAction","target":["https:\/\/www.domtechnikpro.com\/index.php\/produkt\/vikendova-akce-kos-na-drevo-prouteny-ovalny-juta-6365\/"]}]},{"@type":"ImageObject","inLanguage":"cs","@id":"https:\/\/www.domtechnikpro.com\/index.php\/produkt\/vikendova-akce-kos-na-drevo-prouteny-ovalny-juta-6365\/#primaryimage","url":"https:\/\/www.domtechnikpro.com\/wp-content\/uploads\/2026\/SK0003136-CZ20260425-091701-0-1777079823-63484-1_getimage-ashx-id-kos-na-drevo-prouteny-ovalny-tmavy.webp","contentUrl":"https:\/\/www.domtechnikpro.com\/wp-content\/uploads\/2026\/SK0003136-CZ20260425-091701-0-1777079823-63484-1_getimage-ashx-id-kos-na-drevo-prouteny-ovalny-tmavy.webp","width":800,"height":800},{"@type":"BreadcrumbList","@id":"https:\/\/www.domtechnikpro.com\/index.php\/produkt\/vikendova-akce-kos-na-drevo-prouteny-ovalny-juta-6365\/#breadcrumb","itemListElement":[{"@type":"ListItem","position":1,"name":"Home","item":"https:\/\/www.domtechnikpro.com\/"},{"@type":"ListItem","position":2,"name":"Products","item":"https:\/\/www.domtechnikpro.com\/index.php\/products\/"},{"@type":"ListItem","position":3,"name":"V\u00edkendov\u00e1 Akce Ko\u0161 na d\u0159evo prout\u011bn\u00fd ov\u00e1ln\u00fd, juta"}]},{"@type":"WebSite","@id":"https:\/\/www.domtechnikpro.com\/#website","url":"https:\/\/www.domtechnikpro.com\/","name":"","description":"","potentialAction":[{"@type":"SearchAction","target":{"@type":"EntryPoint","urlTemplate":"https:\/\/www.domtechnikpro.com\/?s={search_term_string}"},"query-input":{"@type":"PropertyValueSpecification","valueRequired":true,"valueName":"search_term_string"}}],"inLanguage":"cs"}]}},"_links":{"self":[{"href":"https:\/\/www.domtechnikpro.com\/index.php\/wp-json\/wp\/v2\/product\/6365","targetHints":{"allow":["GET"]}}],"collection":[{"href":"https:\/\/www.domtechnikpro.com\/index.php\/wp-json\/wp\/v2\/product"}],"about":[{"href":"https:\/\/www.domtechnikpro.com\/index.php\/wp-json\/wp\/v2\/types\/product"}],"replies":[{"embeddable":true,"href":"https:\/\/www.domtechnikpro.com\/index.php\/wp-json\/wp\/v2\/comments?post=6365"}],"wp:featuredmedia":[{"embeddable":true,"href":"https:\/\/www.domtechnikpro.com\/index.php\/wp-json\/wp\/v2\/media\/6465"}],"wp:attachment":[{"href":"https:\/\/www.domtechnikpro.com\/index.php\/wp-json\/wp\/v2\/media?parent=6365"}],"wp:term":[{"taxonomy":"product_brand","embeddable":true,"href":"https:\/\/www.domtechnikpro.com\/index.php\/wp-json\/wp\/v2\/product_brand?post=6365"},{"taxonomy":"product_cat","embeddable":true,"href":"https:\/\/www.domtechnikpro.com\/index.php\/wp-json\/wp\/v2\/product_cat?post=6365"},{"taxonomy":"product_tag","embeddable":true,"href":"https:\/\/www.domtechnikpro.com\/index.php\/wp-json\/wp\/v2\/product_tag?post=6365"}],"curies":[{"name":"wp","href":"https:\/\/api.w.org\/{rel}","templated":true}]}}