{"id":61382,"date":"2026-04-26T09:03:02","date_gmt":"2026-04-26T09:03:02","guid":{"rendered":""},"modified":"2026-04-26T09:03:02","modified_gmt":"2026-04-26T09:03:02","slug":"znackovy-umyvadlo-lite-80-45-p-s-otvorem-pro-baterii-bez-prepadu-61382","status":"publish","type":"product","link":"https:\/\/www.domtechnikpro.com\/index.php\/produkt\/znackovy-umyvadlo-lite-80-45-p-s-otvorem-pro-baterii-bez-prepadu-61382\/","title":{"rendered":"Zna\u010dkov\u00fd Umyvadlo Lite 80\/45 P, s otvorem pro baterii, bez p\u0159epadu"},"content":{"rendered":"<div class=\"basic-description\">\n<h3>Detailn\u00ed popis produktu<\/h3>\n<ul>\n<li>rozm\u011bry (\u0161xhxv): 80 x 45 x 10 cm<\/li>\n<li>rozm\u011bry myc\u00ed plochy (\u0161xh): 43,9 x 36,5 cm<\/li>\n<li>materi\u00e1l: kompozitn\u00ed &#8211; lit\u00e1 sm\u011bs dolomitu a prysky\u0159ice<\/li>\n<li>barevn\u00e9 proveden\u00ed: b\u00edl\u00e1<\/li>\n<li>typov\u00e9 proveden\u00ed: prav\u00e9 (P)<\/li>\n<li>p\u0159epad: ne<\/li>\n<li>otvor pro stoj\u00e1nkovou baterii: 35 mm<\/li>\n<li>dopl\u0148ky k dokoupen\u00ed: umyvadlov\u00e1 pileta pevn\u00e1, umyvadlov\u00fd sifon, umyvadlov\u00e1 baterie, sk\u0159\u00ed\u0148ka pod umyvadlo SD Lite 80 nebo SD Lite 80 P<\/li>\n<\/ul>\n<p>Umyvadlo Lite 80\/45 P s odkl\u00e1dac\u00ed plochou na prav\u00e9 stran\u011b. Umyvadlo nen\u00ed vybaveno p\u0159epadem, proto je nutn\u00e9 pou\u017e\u00edt pevnou umyvadlovou piletu, kter\u00e1 zabra\u0148uje p\u0159ete\u010den\u00ed vody. Umyvadlo m\u00e1 p\u0159edvrtan\u00fd otvor pro umyvadlovou stoj\u00e1nkovou baterii. Mont\u00e1\u017en\u00ed sada (p\u0159ipojovac\u00ed hmo\u017edinky, vruty, atd.) je sou\u010d\u00e1st\u00ed dod\u00e1vky.\u00a0Mont\u00e1\u017e umyvadla se prov\u00e1d\u00ed na sk\u0159\u00ed\u0148ku SD Lite 80 nebo SD Lite 80 P, nebo p\u0159\u00edmo na ze\u010f.<\/p>\n<\/p><\/div>\n","protected":false},"excerpt":{"rendered":"<p>Detailn\u00ed popis produktu rozm\u011bry (\u0161xhxv): 80 x 45 x 10 cm rozm\u011bry myc\u00ed plochy (\u0161xh): 43,9 x 36,5 cm materi\u00e1l: kompozitn\u00ed &#8211; lit\u00e1 sm\u011bs dolomitu a prysky\u0159ice barevn\u00e9 proveden\u00ed: b\u00edl\u00e1 typov\u00e9 proveden\u00ed: prav\u00e9 (P) p\u0159epad: ne otvor pro stoj\u00e1nkovou baterii: 35 mm dopl\u0148ky k dokoupen\u00ed: umyvadlov\u00e1 pileta pevn\u00e1, umyvadlov\u00fd sifon, umyvadlov\u00e1 baterie, sk\u0159\u00ed\u0148ka pod umyvadlo [&hellip;]<\/p>\n","protected":false},"featured_media":61482,"comment_status":"open","ping_status":"open","template":"","meta":[],"product_brand":[],"product_cat":[184],"product_tag":[],"class_list":{"0":"post-61382","1":"product","2":"type-product","3":"status-publish","4":"has-post-thumbnail","6":"product_cat-koupelny-a-sanitarni-technika","8":"first","9":"instock","10":"sale","11":"shipping-taxable","12":"purchasable","13":"product-type-simple"},"yoast_head":"<!-- This site is optimized with the Yoast SEO plugin v26.8 - https:\/\/yoast.com\/product\/yoast-seo-wordpress\/ -->\n<title>Zna\u010dkov\u00fd Umyvadlo Lite 80\/45 P, s otvorem pro baterii, bez p\u0159epadu -<\/title>\n<meta name=\"robots\" content=\"index, follow, max-snippet:-1, max-image-preview:large, max-video-preview:-1\" \/>\n<link rel=\"canonical\" href=\"https:\/\/www.domtechnikpro.com\/index.php\/produkt\/znackovy-umyvadlo-lite-80-45-p-s-otvorem-pro-baterii-bez-prepadu-61382\/\" \/>\n<meta property=\"og:locale\" content=\"cs_CZ\" \/>\n<meta property=\"og:type\" content=\"article\" \/>\n<meta property=\"og:title\" content=\"Zna\u010dkov\u00fd Umyvadlo Lite 80\/45 P, s otvorem pro baterii, bez p\u0159epadu -\" \/>\n<meta property=\"og:description\" content=\"Detailn\u00ed popis produktu rozm\u011bry (\u0161xhxv): 80 x 45 x 10 cm rozm\u011bry myc\u00ed plochy (\u0161xh): 43,9 x 36,5 cm materi\u00e1l: kompozitn\u00ed &#8211; lit\u00e1 sm\u011bs dolomitu a prysky\u0159ice barevn\u00e9 proveden\u00ed: b\u00edl\u00e1 typov\u00e9 proveden\u00ed: prav\u00e9 (P) p\u0159epad: ne otvor pro stoj\u00e1nkovou baterii: 35 mm dopl\u0148ky k dokoupen\u00ed: umyvadlov\u00e1 pileta pevn\u00e1, umyvadlov\u00fd sifon, umyvadlov\u00e1 baterie, sk\u0159\u00ed\u0148ka pod umyvadlo [&hellip;]\" \/>\n<meta property=\"og:url\" content=\"https:\/\/www.domtechnikpro.com\/index.php\/produkt\/znackovy-umyvadlo-lite-80-45-p-s-otvorem-pro-baterii-bez-prepadu-61382\/\" \/>\n<meta property=\"og:image\" content=\"https:\/\/www.domtechnikpro.com\/wp-content\/uploads\/2026\/SK0002199-CZ20260425-093351-0-1777080837-1290408_ravak-lite-80-45-xjxp1280000-01-img1.webp\" \/>\n\t<meta property=\"og:image:width\" content=\"1000\" \/>\n\t<meta property=\"og:image:height\" content=\"750\" \/>\n\t<meta property=\"og:image:type\" content=\"image\/webp\" \/>\n<meta name=\"twitter:card\" content=\"summary_large_image\" \/>\n<meta name=\"twitter:label1\" content=\"Odhadovan\u00e1 doba \u010dten\u00ed\" \/>\n\t<meta name=\"twitter:data1\" content=\"1 minuta\" \/>\n<script type=\"application\/ld+json\" class=\"yoast-schema-graph\">{\"@context\":\"https:\/\/schema.org\",\"@graph\":[{\"@type\":\"WebPage\",\"@id\":\"https:\/\/www.domtechnikpro.com\/index.php\/produkt\/znackovy-umyvadlo-lite-80-45-p-s-otvorem-pro-baterii-bez-prepadu-61382\/\",\"url\":\"https:\/\/www.domtechnikpro.com\/index.php\/produkt\/znackovy-umyvadlo-lite-80-45-p-s-otvorem-pro-baterii-bez-prepadu-61382\/\",\"name\":\"Zna\u010dkov\u00fd Umyvadlo Lite 80\/45 P, s otvorem pro baterii, bez p\u0159epadu -\",\"isPartOf\":{\"@id\":\"https:\/\/www.domtechnikpro.com\/#website\"},\"primaryImageOfPage\":{\"@id\":\"https:\/\/www.domtechnikpro.com\/index.php\/produkt\/znackovy-umyvadlo-lite-80-45-p-s-otvorem-pro-baterii-bez-prepadu-61382\/#primaryimage\"},\"image\":{\"@id\":\"https:\/\/www.domtechnikpro.com\/index.php\/produkt\/znackovy-umyvadlo-lite-80-45-p-s-otvorem-pro-baterii-bez-prepadu-61382\/#primaryimage\"},\"thumbnailUrl\":\"https:\/\/www.domtechnikpro.com\/wp-content\/uploads\/2026\/SK0002199-CZ20260425-093351-0-1777080837-1290408_ravak-lite-80-45-xjxp1280000-01-img1.webp\",\"datePublished\":\"2026-04-26T09:03:02+00:00\",\"breadcrumb\":{\"@id\":\"https:\/\/www.domtechnikpro.com\/index.php\/produkt\/znackovy-umyvadlo-lite-80-45-p-s-otvorem-pro-baterii-bez-prepadu-61382\/#breadcrumb\"},\"inLanguage\":\"cs\",\"potentialAction\":[{\"@type\":\"ReadAction\",\"target\":[\"https:\/\/www.domtechnikpro.com\/index.php\/produkt\/znackovy-umyvadlo-lite-80-45-p-s-otvorem-pro-baterii-bez-prepadu-61382\/\"]}]},{\"@type\":\"ImageObject\",\"inLanguage\":\"cs\",\"@id\":\"https:\/\/www.domtechnikpro.com\/index.php\/produkt\/znackovy-umyvadlo-lite-80-45-p-s-otvorem-pro-baterii-bez-prepadu-61382\/#primaryimage\",\"url\":\"https:\/\/www.domtechnikpro.com\/wp-content\/uploads\/2026\/SK0002199-CZ20260425-093351-0-1777080837-1290408_ravak-lite-80-45-xjxp1280000-01-img1.webp\",\"contentUrl\":\"https:\/\/www.domtechnikpro.com\/wp-content\/uploads\/2026\/SK0002199-CZ20260425-093351-0-1777080837-1290408_ravak-lite-80-45-xjxp1280000-01-img1.webp\",\"width\":1000,\"height\":750},{\"@type\":\"BreadcrumbList\",\"@id\":\"https:\/\/www.domtechnikpro.com\/index.php\/produkt\/znackovy-umyvadlo-lite-80-45-p-s-otvorem-pro-baterii-bez-prepadu-61382\/#breadcrumb\",\"itemListElement\":[{\"@type\":\"ListItem\",\"position\":1,\"name\":\"Home\",\"item\":\"https:\/\/www.domtechnikpro.com\/\"},{\"@type\":\"ListItem\",\"position\":2,\"name\":\"Products\",\"item\":\"https:\/\/www.domtechnikpro.com\/index.php\/products\/\"},{\"@type\":\"ListItem\",\"position\":3,\"name\":\"Zna\u010dkov\u00fd Umyvadlo Lite 80\/45 P, s otvorem pro baterii, bez p\u0159epadu\"}]},{\"@type\":\"WebSite\",\"@id\":\"https:\/\/www.domtechnikpro.com\/#website\",\"url\":\"https:\/\/www.domtechnikpro.com\/\",\"name\":\"\",\"description\":\"\",\"potentialAction\":[{\"@type\":\"SearchAction\",\"target\":{\"@type\":\"EntryPoint\",\"urlTemplate\":\"https:\/\/www.domtechnikpro.com\/?s={search_term_string}\"},\"query-input\":{\"@type\":\"PropertyValueSpecification\",\"valueRequired\":true,\"valueName\":\"search_term_string\"}}],\"inLanguage\":\"cs\"}]}<\/script>\n<!-- \/ Yoast SEO plugin. -->","yoast_head_json":{"title":"Zna\u010dkov\u00fd Umyvadlo Lite 80\/45 P, s otvorem pro baterii, bez p\u0159epadu -","robots":{"index":"index","follow":"follow","max-snippet":"max-snippet:-1","max-image-preview":"max-image-preview:large","max-video-preview":"max-video-preview:-1"},"canonical":"https:\/\/www.domtechnikpro.com\/index.php\/produkt\/znackovy-umyvadlo-lite-80-45-p-s-otvorem-pro-baterii-bez-prepadu-61382\/","og_locale":"cs_CZ","og_type":"article","og_title":"Zna\u010dkov\u00fd Umyvadlo Lite 80\/45 P, s otvorem pro baterii, bez p\u0159epadu -","og_description":"Detailn\u00ed popis produktu rozm\u011bry (\u0161xhxv): 80 x 45 x 10 cm rozm\u011bry myc\u00ed plochy (\u0161xh): 43,9 x 36,5 cm materi\u00e1l: kompozitn\u00ed &#8211; lit\u00e1 sm\u011bs dolomitu a prysky\u0159ice barevn\u00e9 proveden\u00ed: b\u00edl\u00e1 typov\u00e9 proveden\u00ed: prav\u00e9 (P) p\u0159epad: ne otvor pro stoj\u00e1nkovou baterii: 35 mm dopl\u0148ky k dokoupen\u00ed: umyvadlov\u00e1 pileta pevn\u00e1, umyvadlov\u00fd sifon, umyvadlov\u00e1 baterie, sk\u0159\u00ed\u0148ka pod umyvadlo [&hellip;]","og_url":"https:\/\/www.domtechnikpro.com\/index.php\/produkt\/znackovy-umyvadlo-lite-80-45-p-s-otvorem-pro-baterii-bez-prepadu-61382\/","og_image":[{"width":1000,"height":750,"url":"https:\/\/www.domtechnikpro.com\/wp-content\/uploads\/2026\/SK0002199-CZ20260425-093351-0-1777080837-1290408_ravak-lite-80-45-xjxp1280000-01-img1.webp","type":"image\/webp"}],"twitter_card":"summary_large_image","twitter_misc":{"Odhadovan\u00e1 doba \u010dten\u00ed":"1 minuta"},"schema":{"@context":"https:\/\/schema.org","@graph":[{"@type":"WebPage","@id":"https:\/\/www.domtechnikpro.com\/index.php\/produkt\/znackovy-umyvadlo-lite-80-45-p-s-otvorem-pro-baterii-bez-prepadu-61382\/","url":"https:\/\/www.domtechnikpro.com\/index.php\/produkt\/znackovy-umyvadlo-lite-80-45-p-s-otvorem-pro-baterii-bez-prepadu-61382\/","name":"Zna\u010dkov\u00fd Umyvadlo Lite 80\/45 P, s otvorem pro baterii, bez p\u0159epadu -","isPartOf":{"@id":"https:\/\/www.domtechnikpro.com\/#website"},"primaryImageOfPage":{"@id":"https:\/\/www.domtechnikpro.com\/index.php\/produkt\/znackovy-umyvadlo-lite-80-45-p-s-otvorem-pro-baterii-bez-prepadu-61382\/#primaryimage"},"image":{"@id":"https:\/\/www.domtechnikpro.com\/index.php\/produkt\/znackovy-umyvadlo-lite-80-45-p-s-otvorem-pro-baterii-bez-prepadu-61382\/#primaryimage"},"thumbnailUrl":"https:\/\/www.domtechnikpro.com\/wp-content\/uploads\/2026\/SK0002199-CZ20260425-093351-0-1777080837-1290408_ravak-lite-80-45-xjxp1280000-01-img1.webp","datePublished":"2026-04-26T09:03:02+00:00","breadcrumb":{"@id":"https:\/\/www.domtechnikpro.com\/index.php\/produkt\/znackovy-umyvadlo-lite-80-45-p-s-otvorem-pro-baterii-bez-prepadu-61382\/#breadcrumb"},"inLanguage":"cs","potentialAction":[{"@type":"ReadAction","target":["https:\/\/www.domtechnikpro.com\/index.php\/produkt\/znackovy-umyvadlo-lite-80-45-p-s-otvorem-pro-baterii-bez-prepadu-61382\/"]}]},{"@type":"ImageObject","inLanguage":"cs","@id":"https:\/\/www.domtechnikpro.com\/index.php\/produkt\/znackovy-umyvadlo-lite-80-45-p-s-otvorem-pro-baterii-bez-prepadu-61382\/#primaryimage","url":"https:\/\/www.domtechnikpro.com\/wp-content\/uploads\/2026\/SK0002199-CZ20260425-093351-0-1777080837-1290408_ravak-lite-80-45-xjxp1280000-01-img1.webp","contentUrl":"https:\/\/www.domtechnikpro.com\/wp-content\/uploads\/2026\/SK0002199-CZ20260425-093351-0-1777080837-1290408_ravak-lite-80-45-xjxp1280000-01-img1.webp","width":1000,"height":750},{"@type":"BreadcrumbList","@id":"https:\/\/www.domtechnikpro.com\/index.php\/produkt\/znackovy-umyvadlo-lite-80-45-p-s-otvorem-pro-baterii-bez-prepadu-61382\/#breadcrumb","itemListElement":[{"@type":"ListItem","position":1,"name":"Home","item":"https:\/\/www.domtechnikpro.com\/"},{"@type":"ListItem","position":2,"name":"Products","item":"https:\/\/www.domtechnikpro.com\/index.php\/products\/"},{"@type":"ListItem","position":3,"name":"Zna\u010dkov\u00fd Umyvadlo Lite 80\/45 P, s otvorem pro baterii, bez p\u0159epadu"}]},{"@type":"WebSite","@id":"https:\/\/www.domtechnikpro.com\/#website","url":"https:\/\/www.domtechnikpro.com\/","name":"","description":"","potentialAction":[{"@type":"SearchAction","target":{"@type":"EntryPoint","urlTemplate":"https:\/\/www.domtechnikpro.com\/?s={search_term_string}"},"query-input":{"@type":"PropertyValueSpecification","valueRequired":true,"valueName":"search_term_string"}}],"inLanguage":"cs"}]}},"_links":{"self":[{"href":"https:\/\/www.domtechnikpro.com\/index.php\/wp-json\/wp\/v2\/product\/61382","targetHints":{"allow":["GET"]}}],"collection":[{"href":"https:\/\/www.domtechnikpro.com\/index.php\/wp-json\/wp\/v2\/product"}],"about":[{"href":"https:\/\/www.domtechnikpro.com\/index.php\/wp-json\/wp\/v2\/types\/product"}],"replies":[{"embeddable":true,"href":"https:\/\/www.domtechnikpro.com\/index.php\/wp-json\/wp\/v2\/comments?post=61382"}],"wp:featuredmedia":[{"embeddable":true,"href":"https:\/\/www.domtechnikpro.com\/index.php\/wp-json\/wp\/v2\/media\/61482"}],"wp:attachment":[{"href":"https:\/\/www.domtechnikpro.com\/index.php\/wp-json\/wp\/v2\/media?parent=61382"}],"wp:term":[{"taxonomy":"product_brand","embeddable":true,"href":"https:\/\/www.domtechnikpro.com\/index.php\/wp-json\/wp\/v2\/product_brand?post=61382"},{"taxonomy":"product_cat","embeddable":true,"href":"https:\/\/www.domtechnikpro.com\/index.php\/wp-json\/wp\/v2\/product_cat?post=61382"},{"taxonomy":"product_tag","embeddable":true,"href":"https:\/\/www.domtechnikpro.com\/index.php\/wp-json\/wp\/v2\/product_tag?post=61382"}],"curies":[{"name":"wp","href":"https:\/\/api.w.org\/{rel}","templated":true}]}}