{"id":59773,"date":"2026-04-26T09:02:41","date_gmt":"2026-04-26T09:02:41","guid":{"rendered":""},"modified":"2026-04-26T09:02:41","modified_gmt":"2026-04-26T09:02:41","slug":"bezpecna-platba-oltens-hallan-sprchovy-kout-100x100-cm-ctvercovy-dvere-se-zastenou-matna-cerna-pruhledne-sklo-20009300-59773","status":"publish","type":"product","link":"https:\/\/www.domtechnikpro.com\/index.php\/produkt\/bezpecna-platba-oltens-hallan-sprchovy-kout-100x100-cm-ctvercovy-dvere-se-zastenou-matna-cerna-pruhledne-sklo-20009300-59773\/","title":{"rendered":"Bezpe\u010dn\u00e1 Platba Oltens Hallan sprchov\u00fd kout 100&#215;100 cm, \u010dtvercov\u00fd, dve\u0159e se z\u00e1st\u011bnou, matn\u00e1 \u010dern\u00e1\/pr\u016fhledn\u00e9 sklo, 20009300"},"content":{"rendered":"<div class=\"basic-description\">\n<h3>Detailn\u00ed popis produktu<\/h3>\n<p>                                    Oltens Hallan sprchov\u00fd kout 100&#215;100 cm, \u010dtvercov\u00fd, dve\u0159e se z\u00e1st\u011bnou, matn\u00e1 \u010dern\u00e1\/pr\u016fhledn\u00e9 sklo, 20009300                            <\/p><\/div>\n","protected":false},"excerpt":{"rendered":"<p>Detailn\u00ed popis produktu Oltens Hallan sprchov\u00fd kout 100&#215;100 cm, \u010dtvercov\u00fd, dve\u0159e se z\u00e1st\u011bnou, matn\u00e1 \u010dern\u00e1\/pr\u016fhledn\u00e9 sklo, 20009300<\/p>\n","protected":false},"featured_media":59873,"comment_status":"open","ping_status":"open","template":"","meta":[],"product_brand":[],"product_cat":[184],"product_tag":[],"class_list":{"0":"post-59773","1":"product","2":"type-product","3":"status-publish","4":"has-post-thumbnail","6":"product_cat-koupelny-a-sanitarni-technika","8":"first","9":"instock","10":"sale","11":"shipping-taxable","12":"purchasable","13":"product-type-simple"},"yoast_head":"<!-- This site is optimized with the Yoast SEO plugin v26.8 - https:\/\/yoast.com\/product\/yoast-seo-wordpress\/ -->\n<title>Bezpe\u010dn\u00e1 Platba Oltens Hallan sprchov\u00fd kout 100x100 cm, \u010dtvercov\u00fd, dve\u0159e se z\u00e1st\u011bnou, matn\u00e1 \u010dern\u00e1\/pr\u016fhledn\u00e9 sklo, 20009300 -<\/title>\n<meta name=\"robots\" content=\"index, follow, max-snippet:-1, max-image-preview:large, max-video-preview:-1\" \/>\n<link rel=\"canonical\" href=\"https:\/\/www.domtechnikpro.com\/index.php\/produkt\/bezpecna-platba-oltens-hallan-sprchovy-kout-100x100-cm-ctvercovy-dvere-se-zastenou-matna-cerna-pruhledne-sklo-20009300-59773\/\" \/>\n<meta property=\"og:locale\" content=\"cs_CZ\" \/>\n<meta property=\"og:type\" content=\"article\" \/>\n<meta property=\"og:title\" content=\"Bezpe\u010dn\u00e1 Platba Oltens Hallan sprchov\u00fd kout 100x100 cm, \u010dtvercov\u00fd, dve\u0159e se z\u00e1st\u011bnou, matn\u00e1 \u010dern\u00e1\/pr\u016fhledn\u00e9 sklo, 20009300 -\" \/>\n<meta property=\"og:description\" content=\"Detailn\u00ed popis produktu Oltens Hallan sprchov\u00fd kout 100&#215;100 cm, \u010dtvercov\u00fd, dve\u0159e se z\u00e1st\u011bnou, matn\u00e1 \u010dern\u00e1\/pr\u016fhledn\u00e9 sklo, 20009300\" \/>\n<meta property=\"og:url\" content=\"https:\/\/www.domtechnikpro.com\/index.php\/produkt\/bezpecna-platba-oltens-hallan-sprchovy-kout-100x100-cm-ctvercovy-dvere-se-zastenou-matna-cerna-pruhledne-sklo-20009300-59773\/\" \/>\n<meta property=\"og:image\" content=\"https:\/\/www.domtechnikpro.com\/wp-content\/uploads\/2026\/SK0001363-CZ20260425-093351-0-1777080837-1307808_oltens-hallan-sprchovy-kout-100x100-cm--ctvercovy--.webp\" \/>\n\t<meta property=\"og:image:width\" content=\"1000\" \/>\n\t<meta property=\"og:image:height\" content=\"750\" \/>\n\t<meta property=\"og:image:type\" content=\"image\/webp\" \/>\n<meta name=\"twitter:card\" content=\"summary_large_image\" \/>\n<script type=\"application\/ld+json\" class=\"yoast-schema-graph\">{\"@context\":\"https:\/\/schema.org\",\"@graph\":[{\"@type\":\"WebPage\",\"@id\":\"https:\/\/www.domtechnikpro.com\/index.php\/produkt\/bezpecna-platba-oltens-hallan-sprchovy-kout-100x100-cm-ctvercovy-dvere-se-zastenou-matna-cerna-pruhledne-sklo-20009300-59773\/\",\"url\":\"https:\/\/www.domtechnikpro.com\/index.php\/produkt\/bezpecna-platba-oltens-hallan-sprchovy-kout-100x100-cm-ctvercovy-dvere-se-zastenou-matna-cerna-pruhledne-sklo-20009300-59773\/\",\"name\":\"Bezpe\u010dn\u00e1 Platba Oltens Hallan sprchov\u00fd kout 100x100 cm, \u010dtvercov\u00fd, dve\u0159e se z\u00e1st\u011bnou, matn\u00e1 \u010dern\u00e1\/pr\u016fhledn\u00e9 sklo, 20009300 -\",\"isPartOf\":{\"@id\":\"https:\/\/www.domtechnikpro.com\/#website\"},\"primaryImageOfPage\":{\"@id\":\"https:\/\/www.domtechnikpro.com\/index.php\/produkt\/bezpecna-platba-oltens-hallan-sprchovy-kout-100x100-cm-ctvercovy-dvere-se-zastenou-matna-cerna-pruhledne-sklo-20009300-59773\/#primaryimage\"},\"image\":{\"@id\":\"https:\/\/www.domtechnikpro.com\/index.php\/produkt\/bezpecna-platba-oltens-hallan-sprchovy-kout-100x100-cm-ctvercovy-dvere-se-zastenou-matna-cerna-pruhledne-sklo-20009300-59773\/#primaryimage\"},\"thumbnailUrl\":\"https:\/\/www.domtechnikpro.com\/wp-content\/uploads\/2026\/SK0001363-CZ20260425-093351-0-1777080837-1307808_oltens-hallan-sprchovy-kout-100x100-cm--ctvercovy--.webp\",\"datePublished\":\"2026-04-26T09:02:41+00:00\",\"breadcrumb\":{\"@id\":\"https:\/\/www.domtechnikpro.com\/index.php\/produkt\/bezpecna-platba-oltens-hallan-sprchovy-kout-100x100-cm-ctvercovy-dvere-se-zastenou-matna-cerna-pruhledne-sklo-20009300-59773\/#breadcrumb\"},\"inLanguage\":\"cs\",\"potentialAction\":[{\"@type\":\"ReadAction\",\"target\":[\"https:\/\/www.domtechnikpro.com\/index.php\/produkt\/bezpecna-platba-oltens-hallan-sprchovy-kout-100x100-cm-ctvercovy-dvere-se-zastenou-matna-cerna-pruhledne-sklo-20009300-59773\/\"]}]},{\"@type\":\"ImageObject\",\"inLanguage\":\"cs\",\"@id\":\"https:\/\/www.domtechnikpro.com\/index.php\/produkt\/bezpecna-platba-oltens-hallan-sprchovy-kout-100x100-cm-ctvercovy-dvere-se-zastenou-matna-cerna-pruhledne-sklo-20009300-59773\/#primaryimage\",\"url\":\"https:\/\/www.domtechnikpro.com\/wp-content\/uploads\/2026\/SK0001363-CZ20260425-093351-0-1777080837-1307808_oltens-hallan-sprchovy-kout-100x100-cm--ctvercovy--.webp\",\"contentUrl\":\"https:\/\/www.domtechnikpro.com\/wp-content\/uploads\/2026\/SK0001363-CZ20260425-093351-0-1777080837-1307808_oltens-hallan-sprchovy-kout-100x100-cm--ctvercovy--.webp\",\"width\":1000,\"height\":750},{\"@type\":\"BreadcrumbList\",\"@id\":\"https:\/\/www.domtechnikpro.com\/index.php\/produkt\/bezpecna-platba-oltens-hallan-sprchovy-kout-100x100-cm-ctvercovy-dvere-se-zastenou-matna-cerna-pruhledne-sklo-20009300-59773\/#breadcrumb\",\"itemListElement\":[{\"@type\":\"ListItem\",\"position\":1,\"name\":\"Home\",\"item\":\"https:\/\/www.domtechnikpro.com\/\"},{\"@type\":\"ListItem\",\"position\":2,\"name\":\"Products\",\"item\":\"https:\/\/www.domtechnikpro.com\/index.php\/products\/\"},{\"@type\":\"ListItem\",\"position\":3,\"name\":\"Bezpe\u010dn\u00e1 Platba Oltens Hallan sprchov\u00fd kout 100&#215;100 cm, \u010dtvercov\u00fd, dve\u0159e se z\u00e1st\u011bnou, matn\u00e1 \u010dern\u00e1\/pr\u016fhledn\u00e9 sklo, 20009300\"}]},{\"@type\":\"WebSite\",\"@id\":\"https:\/\/www.domtechnikpro.com\/#website\",\"url\":\"https:\/\/www.domtechnikpro.com\/\",\"name\":\"\",\"description\":\"\",\"potentialAction\":[{\"@type\":\"SearchAction\",\"target\":{\"@type\":\"EntryPoint\",\"urlTemplate\":\"https:\/\/www.domtechnikpro.com\/?s={search_term_string}\"},\"query-input\":{\"@type\":\"PropertyValueSpecification\",\"valueRequired\":true,\"valueName\":\"search_term_string\"}}],\"inLanguage\":\"cs\"}]}<\/script>\n<!-- \/ Yoast SEO plugin. -->","yoast_head_json":{"title":"Bezpe\u010dn\u00e1 Platba Oltens Hallan sprchov\u00fd kout 100x100 cm, \u010dtvercov\u00fd, dve\u0159e se z\u00e1st\u011bnou, matn\u00e1 \u010dern\u00e1\/pr\u016fhledn\u00e9 sklo, 20009300 -","robots":{"index":"index","follow":"follow","max-snippet":"max-snippet:-1","max-image-preview":"max-image-preview:large","max-video-preview":"max-video-preview:-1"},"canonical":"https:\/\/www.domtechnikpro.com\/index.php\/produkt\/bezpecna-platba-oltens-hallan-sprchovy-kout-100x100-cm-ctvercovy-dvere-se-zastenou-matna-cerna-pruhledne-sklo-20009300-59773\/","og_locale":"cs_CZ","og_type":"article","og_title":"Bezpe\u010dn\u00e1 Platba Oltens Hallan sprchov\u00fd kout 100x100 cm, \u010dtvercov\u00fd, dve\u0159e se z\u00e1st\u011bnou, matn\u00e1 \u010dern\u00e1\/pr\u016fhledn\u00e9 sklo, 20009300 -","og_description":"Detailn\u00ed popis produktu Oltens Hallan sprchov\u00fd kout 100&#215;100 cm, \u010dtvercov\u00fd, dve\u0159e se z\u00e1st\u011bnou, matn\u00e1 \u010dern\u00e1\/pr\u016fhledn\u00e9 sklo, 20009300","og_url":"https:\/\/www.domtechnikpro.com\/index.php\/produkt\/bezpecna-platba-oltens-hallan-sprchovy-kout-100x100-cm-ctvercovy-dvere-se-zastenou-matna-cerna-pruhledne-sklo-20009300-59773\/","og_image":[{"width":1000,"height":750,"url":"https:\/\/www.domtechnikpro.com\/wp-content\/uploads\/2026\/SK0001363-CZ20260425-093351-0-1777080837-1307808_oltens-hallan-sprchovy-kout-100x100-cm--ctvercovy--.webp","type":"image\/webp"}],"twitter_card":"summary_large_image","schema":{"@context":"https:\/\/schema.org","@graph":[{"@type":"WebPage","@id":"https:\/\/www.domtechnikpro.com\/index.php\/produkt\/bezpecna-platba-oltens-hallan-sprchovy-kout-100x100-cm-ctvercovy-dvere-se-zastenou-matna-cerna-pruhledne-sklo-20009300-59773\/","url":"https:\/\/www.domtechnikpro.com\/index.php\/produkt\/bezpecna-platba-oltens-hallan-sprchovy-kout-100x100-cm-ctvercovy-dvere-se-zastenou-matna-cerna-pruhledne-sklo-20009300-59773\/","name":"Bezpe\u010dn\u00e1 Platba Oltens Hallan sprchov\u00fd kout 100x100 cm, \u010dtvercov\u00fd, dve\u0159e se z\u00e1st\u011bnou, matn\u00e1 \u010dern\u00e1\/pr\u016fhledn\u00e9 sklo, 20009300 -","isPartOf":{"@id":"https:\/\/www.domtechnikpro.com\/#website"},"primaryImageOfPage":{"@id":"https:\/\/www.domtechnikpro.com\/index.php\/produkt\/bezpecna-platba-oltens-hallan-sprchovy-kout-100x100-cm-ctvercovy-dvere-se-zastenou-matna-cerna-pruhledne-sklo-20009300-59773\/#primaryimage"},"image":{"@id":"https:\/\/www.domtechnikpro.com\/index.php\/produkt\/bezpecna-platba-oltens-hallan-sprchovy-kout-100x100-cm-ctvercovy-dvere-se-zastenou-matna-cerna-pruhledne-sklo-20009300-59773\/#primaryimage"},"thumbnailUrl":"https:\/\/www.domtechnikpro.com\/wp-content\/uploads\/2026\/SK0001363-CZ20260425-093351-0-1777080837-1307808_oltens-hallan-sprchovy-kout-100x100-cm--ctvercovy--.webp","datePublished":"2026-04-26T09:02:41+00:00","breadcrumb":{"@id":"https:\/\/www.domtechnikpro.com\/index.php\/produkt\/bezpecna-platba-oltens-hallan-sprchovy-kout-100x100-cm-ctvercovy-dvere-se-zastenou-matna-cerna-pruhledne-sklo-20009300-59773\/#breadcrumb"},"inLanguage":"cs","potentialAction":[{"@type":"ReadAction","target":["https:\/\/www.domtechnikpro.com\/index.php\/produkt\/bezpecna-platba-oltens-hallan-sprchovy-kout-100x100-cm-ctvercovy-dvere-se-zastenou-matna-cerna-pruhledne-sklo-20009300-59773\/"]}]},{"@type":"ImageObject","inLanguage":"cs","@id":"https:\/\/www.domtechnikpro.com\/index.php\/produkt\/bezpecna-platba-oltens-hallan-sprchovy-kout-100x100-cm-ctvercovy-dvere-se-zastenou-matna-cerna-pruhledne-sklo-20009300-59773\/#primaryimage","url":"https:\/\/www.domtechnikpro.com\/wp-content\/uploads\/2026\/SK0001363-CZ20260425-093351-0-1777080837-1307808_oltens-hallan-sprchovy-kout-100x100-cm--ctvercovy--.webp","contentUrl":"https:\/\/www.domtechnikpro.com\/wp-content\/uploads\/2026\/SK0001363-CZ20260425-093351-0-1777080837-1307808_oltens-hallan-sprchovy-kout-100x100-cm--ctvercovy--.webp","width":1000,"height":750},{"@type":"BreadcrumbList","@id":"https:\/\/www.domtechnikpro.com\/index.php\/produkt\/bezpecna-platba-oltens-hallan-sprchovy-kout-100x100-cm-ctvercovy-dvere-se-zastenou-matna-cerna-pruhledne-sklo-20009300-59773\/#breadcrumb","itemListElement":[{"@type":"ListItem","position":1,"name":"Home","item":"https:\/\/www.domtechnikpro.com\/"},{"@type":"ListItem","position":2,"name":"Products","item":"https:\/\/www.domtechnikpro.com\/index.php\/products\/"},{"@type":"ListItem","position":3,"name":"Bezpe\u010dn\u00e1 Platba Oltens Hallan sprchov\u00fd kout 100&#215;100 cm, \u010dtvercov\u00fd, dve\u0159e se z\u00e1st\u011bnou, matn\u00e1 \u010dern\u00e1\/pr\u016fhledn\u00e9 sklo, 20009300"}]},{"@type":"WebSite","@id":"https:\/\/www.domtechnikpro.com\/#website","url":"https:\/\/www.domtechnikpro.com\/","name":"","description":"","potentialAction":[{"@type":"SearchAction","target":{"@type":"EntryPoint","urlTemplate":"https:\/\/www.domtechnikpro.com\/?s={search_term_string}"},"query-input":{"@type":"PropertyValueSpecification","valueRequired":true,"valueName":"search_term_string"}}],"inLanguage":"cs"}]}},"_links":{"self":[{"href":"https:\/\/www.domtechnikpro.com\/index.php\/wp-json\/wp\/v2\/product\/59773","targetHints":{"allow":["GET"]}}],"collection":[{"href":"https:\/\/www.domtechnikpro.com\/index.php\/wp-json\/wp\/v2\/product"}],"about":[{"href":"https:\/\/www.domtechnikpro.com\/index.php\/wp-json\/wp\/v2\/types\/product"}],"replies":[{"embeddable":true,"href":"https:\/\/www.domtechnikpro.com\/index.php\/wp-json\/wp\/v2\/comments?post=59773"}],"wp:featuredmedia":[{"embeddable":true,"href":"https:\/\/www.domtechnikpro.com\/index.php\/wp-json\/wp\/v2\/media\/59873"}],"wp:attachment":[{"href":"https:\/\/www.domtechnikpro.com\/index.php\/wp-json\/wp\/v2\/media?parent=59773"}],"wp:term":[{"taxonomy":"product_brand","embeddable":true,"href":"https:\/\/www.domtechnikpro.com\/index.php\/wp-json\/wp\/v2\/product_brand?post=59773"},{"taxonomy":"product_cat","embeddable":true,"href":"https:\/\/www.domtechnikpro.com\/index.php\/wp-json\/wp\/v2\/product_cat?post=59773"},{"taxonomy":"product_tag","embeddable":true,"href":"https:\/\/www.domtechnikpro.com\/index.php\/wp-json\/wp\/v2\/product_tag?post=59773"}],"curies":[{"name":"wp","href":"https:\/\/api.w.org\/{rel}","templated":true}]}}