{"id":5788,"date":"2026-04-26T08:52:06","date_gmt":"2026-04-26T08:52:06","guid":{"rendered":""},"modified":"2026-04-26T08:52:06","modified_gmt":"2026-04-26T08:52:06","slug":"abb-5016g-a00070-d1-swing-r-swing-r-l-kryt-pristroje-osvetleni-s-led-nebo-adapteru-profil-45-bezova-overeny-5788","status":"publish","type":"product","link":"https:\/\/www.domtechnikpro.com\/produkt\/abb-5016g-a00070-d1-swing-r-swing-r-l-kryt-pristroje-osvetleni-s-led-nebo-adapteru-profil-45-bezova-overeny-5788\/","title":{"rendered":"ABB 5016G-A00070 D1 Swing\u00ae, Swing\u00aeL Kryt p\u0159\u00edstroje osv\u011btlen\u00ed s LED nebo adapt\u00e9ru Profil 45, b\u00e9\u017eov\u00e1 Ov\u011b\u0159en\u00fd"},"content":{"rendered":"<div id=\"e9026904\" class=\"pages\">\n<div id=\"PDDescription\" class=\"UserContentView userContent v1a v1 bs-view dcon dc150 PDDescription\" >\n<h2>Swing\u00ae, Swing\u00aeL Kryt p\u0159\u00edstroje osv\u011btlen\u00ed s LED nebo adapt\u00e9ru Profil 45, b\u00e9\u017eov\u00e1, 5016G-A00070 D1<\/h2>\n<p>Toto je st\u0159edov\u00fd kryc\u00ed r\u00e1me\u010dek mezi no\u010dn\u00edm osv\u011btlen\u00edm LED a fin\u00e1ln\u00edm r\u00e1me\u010dkem Swing. Nelze jej pou\u017e\u00edt do jin\u00e9 \u0159ady ne\u017e pr\u00e1v\u011b Swing.<\/p>\n<div id=\"PDTable3\" class=\"ProductDetailTableView v3a v3 bs-view dcon dc175 PDTable3\" >\n<table>\n<thead><\/thead>\n<tbody>\n<tr class=\"attribute attr_bsshop_maker\">\n<td class=\"caption\">V\u00fdrobce<\/td>\n<td class=\"value\">ABB<\/td>\n<\/tr>\n<tr class=\"attribute attr_Barva\">\n<td class=\"caption\">Barva<\/td>\n<td class=\"value\">b\u00e9\u017eov\u00e1<\/td>\n<\/tr>\n<\/tbody>\n<\/table><\/div>\n<\/div>\n<\/div>\n<div id=\"e9026905\" class=\"tabs\">\n","protected":false},"excerpt":{"rendered":"<p>Swing\u00ae, Swing\u00aeL Kryt p\u0159\u00edstroje osv\u011btlen\u00ed s LED nebo adapt\u00e9ru Profil 45, b\u00e9\u017eov\u00e1, 5016G-A00070 D1 Toto je st\u0159edov\u00fd kryc\u00ed r\u00e1me\u010dek mezi no\u010dn\u00edm osv\u011btlen\u00edm LED a fin\u00e1ln\u00edm r\u00e1me\u010dkem Swing. Nelze jej pou\u017e\u00edt do jin\u00e9 \u0159ady ne\u017e pr\u00e1v\u011b Swing. V\u00fdrobce ABB Barva b\u00e9\u017eov\u00e1<\/p>\n","protected":false},"featured_media":5888,"comment_status":"open","ping_status":"open","template":"","meta":[],"product_brand":[],"product_cat":[43],"product_tag":[],"class_list":{"0":"post-5788","1":"product","2":"type-product","3":"status-publish","4":"has-post-thumbnail","6":"product_cat-vyp-237-nace-a-z-225-suvky","8":"first","9":"instock","10":"sale","11":"shipping-taxable","12":"purchasable","13":"product-type-simple"},"yoast_head":"<!-- This site is optimized with the Yoast SEO plugin v26.8 - https:\/\/yoast.com\/product\/yoast-seo-wordpress\/ -->\n<title>ABB 5016G-A00070 D1 Swing\u00ae, Swing\u00aeL Kryt p\u0159\u00edstroje osv\u011btlen\u00ed s LED nebo adapt\u00e9ru Profil 45, b\u00e9\u017eov\u00e1 Ov\u011b\u0159en\u00fd - Pr\u016fmyslov\u00e9 vybaven\u00ed a p\u0159\u00edslu\u0161enstv\u00ed<\/title>\n<meta name=\"robots\" content=\"index, follow, max-snippet:-1, max-image-preview:large, max-video-preview:-1\" \/>\n<link rel=\"canonical\" href=\"https:\/\/www.domtechnikpro.com\/index.php\/produkt\/abb-5016g-a00070-d1-swing-r-swing-r-l-kryt-pristroje-osvetleni-s-led-nebo-adapteru-profil-45-bezova-overeny-5788\/\" \/>\n<meta property=\"og:locale\" content=\"cs_CZ\" \/>\n<meta property=\"og:type\" content=\"article\" \/>\n<meta property=\"og:title\" content=\"ABB 5016G-A00070 D1 Swing\u00ae, Swing\u00aeL Kryt p\u0159\u00edstroje osv\u011btlen\u00ed s LED nebo adapt\u00e9ru Profil 45, b\u00e9\u017eov\u00e1 Ov\u011b\u0159en\u00fd - Pr\u016fmyslov\u00e9 vybaven\u00ed a p\u0159\u00edslu\u0161enstv\u00ed\" \/>\n<meta property=\"og:description\" content=\"Swing\u00ae, Swing\u00aeL Kryt p\u0159\u00edstroje osv\u011btlen\u00ed s LED nebo adapt\u00e9ru Profil 45, b\u00e9\u017eov\u00e1, 5016G-A00070 D1 Toto je st\u0159edov\u00fd kryc\u00ed r\u00e1me\u010dek mezi no\u010dn\u00edm osv\u011btlen\u00edm LED a fin\u00e1ln\u00edm r\u00e1me\u010dkem Swing. Nelze jej pou\u017e\u00edt do jin\u00e9 \u0159ady ne\u017e pr\u00e1v\u011b Swing. V\u00fdrobce ABB Barva b\u00e9\u017eov\u00e1\" \/>\n<meta property=\"og:url\" content=\"https:\/\/www.domtechnikpro.com\/index.php\/produkt\/abb-5016g-a00070-d1-swing-r-swing-r-l-kryt-pristroje-osvetleni-s-led-nebo-adapteru-profil-45-bezova-overeny-5788\/\" \/>\n<meta property=\"og:site_name\" content=\"Pr\u016fmyslov\u00e9 vybaven\u00ed a p\u0159\u00edslu\u0161enstv\u00ed\" \/>\n<meta property=\"og:image\" content=\"https:\/\/www.domtechnikpro.com\/wp-content\/uploads\/2026\/SK0002421-CZ20260425-091623-0-1777079785-abb-5016g-a00070-d1-swing-swing-l-kryt-pristroje-osvetleni-.webp\" \/>\n\t<meta property=\"og:image:width\" content=\"1000\" \/>\n\t<meta property=\"og:image:height\" content=\"525\" \/>\n\t<meta property=\"og:image:type\" content=\"image\/webp\" \/>\n<meta name=\"twitter:card\" content=\"summary_large_image\" \/>\n<script type=\"application\/ld+json\" class=\"yoast-schema-graph\">{\"@context\":\"https:\/\/schema.org\",\"@graph\":[{\"@type\":\"WebPage\",\"@id\":\"https:\/\/www.domtechnikpro.com\/index.php\/produkt\/abb-5016g-a00070-d1-swing-r-swing-r-l-kryt-pristroje-osvetleni-s-led-nebo-adapteru-profil-45-bezova-overeny-5788\/\",\"url\":\"https:\/\/www.domtechnikpro.com\/index.php\/produkt\/abb-5016g-a00070-d1-swing-r-swing-r-l-kryt-pristroje-osvetleni-s-led-nebo-adapteru-profil-45-bezova-overeny-5788\/\",\"name\":\"ABB 5016G-A00070 D1 Swing\u00ae, Swing\u00aeL Kryt p\u0159\u00edstroje osv\u011btlen\u00ed s LED nebo adapt\u00e9ru Profil 45, b\u00e9\u017eov\u00e1 Ov\u011b\u0159en\u00fd - Pr\u016fmyslov\u00e9 vybaven\u00ed a p\u0159\u00edslu\u0161enstv\u00ed\",\"isPartOf\":{\"@id\":\"https:\/\/www.domtechnikpro.com\/#website\"},\"primaryImageOfPage\":{\"@id\":\"https:\/\/www.domtechnikpro.com\/index.php\/produkt\/abb-5016g-a00070-d1-swing-r-swing-r-l-kryt-pristroje-osvetleni-s-led-nebo-adapteru-profil-45-bezova-overeny-5788\/#primaryimage\"},\"image\":{\"@id\":\"https:\/\/www.domtechnikpro.com\/index.php\/produkt\/abb-5016g-a00070-d1-swing-r-swing-r-l-kryt-pristroje-osvetleni-s-led-nebo-adapteru-profil-45-bezova-overeny-5788\/#primaryimage\"},\"thumbnailUrl\":\"https:\/\/www.domtechnikpro.com\/wp-content\/uploads\/2026\/SK0002421-CZ20260425-091623-0-1777079785-abb-5016g-a00070-d1-swing-swing-l-kryt-pristroje-osvetleni-.webp\",\"datePublished\":\"2026-04-26T08:52:06+00:00\",\"breadcrumb\":{\"@id\":\"https:\/\/www.domtechnikpro.com\/index.php\/produkt\/abb-5016g-a00070-d1-swing-r-swing-r-l-kryt-pristroje-osvetleni-s-led-nebo-adapteru-profil-45-bezova-overeny-5788\/#breadcrumb\"},\"inLanguage\":\"cs\",\"potentialAction\":[{\"@type\":\"ReadAction\",\"target\":[\"https:\/\/www.domtechnikpro.com\/index.php\/produkt\/abb-5016g-a00070-d1-swing-r-swing-r-l-kryt-pristroje-osvetleni-s-led-nebo-adapteru-profil-45-bezova-overeny-5788\/\"]}]},{\"@type\":\"ImageObject\",\"inLanguage\":\"cs\",\"@id\":\"https:\/\/www.domtechnikpro.com\/index.php\/produkt\/abb-5016g-a00070-d1-swing-r-swing-r-l-kryt-pristroje-osvetleni-s-led-nebo-adapteru-profil-45-bezova-overeny-5788\/#primaryimage\",\"url\":\"https:\/\/www.domtechnikpro.com\/wp-content\/uploads\/2026\/SK0002421-CZ20260425-091623-0-1777079785-abb-5016g-a00070-d1-swing-swing-l-kryt-pristroje-osvetleni-.webp\",\"contentUrl\":\"https:\/\/www.domtechnikpro.com\/wp-content\/uploads\/2026\/SK0002421-CZ20260425-091623-0-1777079785-abb-5016g-a00070-d1-swing-swing-l-kryt-pristroje-osvetleni-.webp\",\"width\":1000,\"height\":525},{\"@type\":\"BreadcrumbList\",\"@id\":\"https:\/\/www.domtechnikpro.com\/index.php\/produkt\/abb-5016g-a00070-d1-swing-r-swing-r-l-kryt-pristroje-osvetleni-s-led-nebo-adapteru-profil-45-bezova-overeny-5788\/#breadcrumb\",\"itemListElement\":[{\"@type\":\"ListItem\",\"position\":1,\"name\":\"Home\",\"item\":\"https:\/\/www.domtechnikpro.com\/\"},{\"@type\":\"ListItem\",\"position\":2,\"name\":\"Products\",\"item\":\"https:\/\/www.domtechnikpro.com\/products\/\"},{\"@type\":\"ListItem\",\"position\":3,\"name\":\"ABB 5016G-A00070 D1 Swing\u00ae, Swing\u00aeL Kryt p\u0159\u00edstroje osv\u011btlen\u00ed s LED nebo adapt\u00e9ru Profil 45, b\u00e9\u017eov\u00e1 Ov\u011b\u0159en\u00fd\"}]},{\"@type\":\"WebSite\",\"@id\":\"https:\/\/www.domtechnikpro.com\/#website\",\"url\":\"https:\/\/www.domtechnikpro.com\/\",\"name\":\"Pr\u016fmyslov\u00e9 vybaven\u00ed a p\u0159\u00edslu\u0161enstv\u00ed\",\"description\":\"Pr\u016fmyslov\u00e9 vybaven\u00ed a p\u0159\u00edslu\u0161enstv\u00ed\",\"publisher\":{\"@id\":\"https:\/\/www.domtechnikpro.com\/#organization\"},\"potentialAction\":[{\"@type\":\"SearchAction\",\"target\":{\"@type\":\"EntryPoint\",\"urlTemplate\":\"https:\/\/www.domtechnikpro.com\/?s={search_term_string}\"},\"query-input\":{\"@type\":\"PropertyValueSpecification\",\"valueRequired\":true,\"valueName\":\"search_term_string\"}}],\"inLanguage\":\"cs\"},{\"@type\":\"Organization\",\"@id\":\"https:\/\/www.domtechnikpro.com\/#organization\",\"name\":\"Pr\u016fmyslov\u00e9 vybaven\u00ed a p\u0159\u00edslu\u0161enstv\u00ed\",\"url\":\"https:\/\/www.domtechnikpro.com\/\",\"logo\":{\"@type\":\"ImageObject\",\"inLanguage\":\"cs\",\"@id\":\"https:\/\/www.domtechnikpro.com\/#\/schema\/logo\/image\/\",\"url\":\"https:\/\/www.domtechnikpro.com\/wp-content\/uploads\/2026\/04\/domtechnikpro_logo_full.svg\",\"contentUrl\":\"https:\/\/www.domtechnikpro.com\/wp-content\/uploads\/2026\/04\/domtechnikpro_logo_full.svg\",\"width\":920,\"height\":180,\"caption\":\"Pr\u016fmyslov\u00e9 vybaven\u00ed a p\u0159\u00edslu\u0161enstv\u00ed\"},\"image\":{\"@id\":\"https:\/\/www.domtechnikpro.com\/#\/schema\/logo\/image\/\"}}]}<\/script>\n<!-- \/ Yoast SEO plugin. -->","yoast_head_json":{"title":"ABB 5016G-A00070 D1 Swing\u00ae, Swing\u00aeL Kryt p\u0159\u00edstroje osv\u011btlen\u00ed s LED nebo adapt\u00e9ru Profil 45, b\u00e9\u017eov\u00e1 Ov\u011b\u0159en\u00fd - Pr\u016fmyslov\u00e9 vybaven\u00ed a p\u0159\u00edslu\u0161enstv\u00ed","robots":{"index":"index","follow":"follow","max-snippet":"max-snippet:-1","max-image-preview":"max-image-preview:large","max-video-preview":"max-video-preview:-1"},"canonical":"https:\/\/www.domtechnikpro.com\/index.php\/produkt\/abb-5016g-a00070-d1-swing-r-swing-r-l-kryt-pristroje-osvetleni-s-led-nebo-adapteru-profil-45-bezova-overeny-5788\/","og_locale":"cs_CZ","og_type":"article","og_title":"ABB 5016G-A00070 D1 Swing\u00ae, Swing\u00aeL Kryt p\u0159\u00edstroje osv\u011btlen\u00ed s LED nebo adapt\u00e9ru Profil 45, b\u00e9\u017eov\u00e1 Ov\u011b\u0159en\u00fd - Pr\u016fmyslov\u00e9 vybaven\u00ed a p\u0159\u00edslu\u0161enstv\u00ed","og_description":"Swing\u00ae, Swing\u00aeL Kryt p\u0159\u00edstroje osv\u011btlen\u00ed s LED nebo adapt\u00e9ru Profil 45, b\u00e9\u017eov\u00e1, 5016G-A00070 D1 Toto je st\u0159edov\u00fd kryc\u00ed r\u00e1me\u010dek mezi no\u010dn\u00edm osv\u011btlen\u00edm LED a fin\u00e1ln\u00edm r\u00e1me\u010dkem Swing. Nelze jej pou\u017e\u00edt do jin\u00e9 \u0159ady ne\u017e pr\u00e1v\u011b Swing. V\u00fdrobce ABB Barva b\u00e9\u017eov\u00e1","og_url":"https:\/\/www.domtechnikpro.com\/index.php\/produkt\/abb-5016g-a00070-d1-swing-r-swing-r-l-kryt-pristroje-osvetleni-s-led-nebo-adapteru-profil-45-bezova-overeny-5788\/","og_site_name":"Pr\u016fmyslov\u00e9 vybaven\u00ed a p\u0159\u00edslu\u0161enstv\u00ed","og_image":[{"width":1000,"height":525,"url":"https:\/\/www.domtechnikpro.com\/wp-content\/uploads\/2026\/SK0002421-CZ20260425-091623-0-1777079785-abb-5016g-a00070-d1-swing-swing-l-kryt-pristroje-osvetleni-.webp","type":"image\/webp"}],"twitter_card":"summary_large_image","schema":{"@context":"https:\/\/schema.org","@graph":[{"@type":"WebPage","@id":"https:\/\/www.domtechnikpro.com\/index.php\/produkt\/abb-5016g-a00070-d1-swing-r-swing-r-l-kryt-pristroje-osvetleni-s-led-nebo-adapteru-profil-45-bezova-overeny-5788\/","url":"https:\/\/www.domtechnikpro.com\/index.php\/produkt\/abb-5016g-a00070-d1-swing-r-swing-r-l-kryt-pristroje-osvetleni-s-led-nebo-adapteru-profil-45-bezova-overeny-5788\/","name":"ABB 5016G-A00070 D1 Swing\u00ae, Swing\u00aeL Kryt p\u0159\u00edstroje osv\u011btlen\u00ed s LED nebo adapt\u00e9ru Profil 45, b\u00e9\u017eov\u00e1 Ov\u011b\u0159en\u00fd - Pr\u016fmyslov\u00e9 vybaven\u00ed a p\u0159\u00edslu\u0161enstv\u00ed","isPartOf":{"@id":"https:\/\/www.domtechnikpro.com\/#website"},"primaryImageOfPage":{"@id":"https:\/\/www.domtechnikpro.com\/index.php\/produkt\/abb-5016g-a00070-d1-swing-r-swing-r-l-kryt-pristroje-osvetleni-s-led-nebo-adapteru-profil-45-bezova-overeny-5788\/#primaryimage"},"image":{"@id":"https:\/\/www.domtechnikpro.com\/index.php\/produkt\/abb-5016g-a00070-d1-swing-r-swing-r-l-kryt-pristroje-osvetleni-s-led-nebo-adapteru-profil-45-bezova-overeny-5788\/#primaryimage"},"thumbnailUrl":"https:\/\/www.domtechnikpro.com\/wp-content\/uploads\/2026\/SK0002421-CZ20260425-091623-0-1777079785-abb-5016g-a00070-d1-swing-swing-l-kryt-pristroje-osvetleni-.webp","datePublished":"2026-04-26T08:52:06+00:00","breadcrumb":{"@id":"https:\/\/www.domtechnikpro.com\/index.php\/produkt\/abb-5016g-a00070-d1-swing-r-swing-r-l-kryt-pristroje-osvetleni-s-led-nebo-adapteru-profil-45-bezova-overeny-5788\/#breadcrumb"},"inLanguage":"cs","potentialAction":[{"@type":"ReadAction","target":["https:\/\/www.domtechnikpro.com\/index.php\/produkt\/abb-5016g-a00070-d1-swing-r-swing-r-l-kryt-pristroje-osvetleni-s-led-nebo-adapteru-profil-45-bezova-overeny-5788\/"]}]},{"@type":"ImageObject","inLanguage":"cs","@id":"https:\/\/www.domtechnikpro.com\/index.php\/produkt\/abb-5016g-a00070-d1-swing-r-swing-r-l-kryt-pristroje-osvetleni-s-led-nebo-adapteru-profil-45-bezova-overeny-5788\/#primaryimage","url":"https:\/\/www.domtechnikpro.com\/wp-content\/uploads\/2026\/SK0002421-CZ20260425-091623-0-1777079785-abb-5016g-a00070-d1-swing-swing-l-kryt-pristroje-osvetleni-.webp","contentUrl":"https:\/\/www.domtechnikpro.com\/wp-content\/uploads\/2026\/SK0002421-CZ20260425-091623-0-1777079785-abb-5016g-a00070-d1-swing-swing-l-kryt-pristroje-osvetleni-.webp","width":1000,"height":525},{"@type":"BreadcrumbList","@id":"https:\/\/www.domtechnikpro.com\/index.php\/produkt\/abb-5016g-a00070-d1-swing-r-swing-r-l-kryt-pristroje-osvetleni-s-led-nebo-adapteru-profil-45-bezova-overeny-5788\/#breadcrumb","itemListElement":[{"@type":"ListItem","position":1,"name":"Home","item":"https:\/\/www.domtechnikpro.com\/"},{"@type":"ListItem","position":2,"name":"Products","item":"https:\/\/www.domtechnikpro.com\/products\/"},{"@type":"ListItem","position":3,"name":"ABB 5016G-A00070 D1 Swing\u00ae, Swing\u00aeL Kryt p\u0159\u00edstroje osv\u011btlen\u00ed s LED nebo adapt\u00e9ru Profil 45, b\u00e9\u017eov\u00e1 Ov\u011b\u0159en\u00fd"}]},{"@type":"WebSite","@id":"https:\/\/www.domtechnikpro.com\/#website","url":"https:\/\/www.domtechnikpro.com\/","name":"Pr\u016fmyslov\u00e9 vybaven\u00ed a p\u0159\u00edslu\u0161enstv\u00ed","description":"Pr\u016fmyslov\u00e9 vybaven\u00ed a p\u0159\u00edslu\u0161enstv\u00ed","publisher":{"@id":"https:\/\/www.domtechnikpro.com\/#organization"},"potentialAction":[{"@type":"SearchAction","target":{"@type":"EntryPoint","urlTemplate":"https:\/\/www.domtechnikpro.com\/?s={search_term_string}"},"query-input":{"@type":"PropertyValueSpecification","valueRequired":true,"valueName":"search_term_string"}}],"inLanguage":"cs"},{"@type":"Organization","@id":"https:\/\/www.domtechnikpro.com\/#organization","name":"Pr\u016fmyslov\u00e9 vybaven\u00ed a p\u0159\u00edslu\u0161enstv\u00ed","url":"https:\/\/www.domtechnikpro.com\/","logo":{"@type":"ImageObject","inLanguage":"cs","@id":"https:\/\/www.domtechnikpro.com\/#\/schema\/logo\/image\/","url":"https:\/\/www.domtechnikpro.com\/wp-content\/uploads\/2026\/04\/domtechnikpro_logo_full.svg","contentUrl":"https:\/\/www.domtechnikpro.com\/wp-content\/uploads\/2026\/04\/domtechnikpro_logo_full.svg","width":920,"height":180,"caption":"Pr\u016fmyslov\u00e9 vybaven\u00ed a p\u0159\u00edslu\u0161enstv\u00ed"},"image":{"@id":"https:\/\/www.domtechnikpro.com\/#\/schema\/logo\/image\/"}}]}},"_links":{"self":[{"href":"https:\/\/www.domtechnikpro.com\/wp-json\/wp\/v2\/product\/5788","targetHints":{"allow":["GET"]}}],"collection":[{"href":"https:\/\/www.domtechnikpro.com\/wp-json\/wp\/v2\/product"}],"about":[{"href":"https:\/\/www.domtechnikpro.com\/wp-json\/wp\/v2\/types\/product"}],"replies":[{"embeddable":true,"href":"https:\/\/www.domtechnikpro.com\/wp-json\/wp\/v2\/comments?post=5788"}],"wp:featuredmedia":[{"embeddable":true,"href":"https:\/\/www.domtechnikpro.com\/wp-json\/wp\/v2\/media\/5888"}],"wp:attachment":[{"href":"https:\/\/www.domtechnikpro.com\/wp-json\/wp\/v2\/media?parent=5788"}],"wp:term":[{"taxonomy":"product_brand","embeddable":true,"href":"https:\/\/www.domtechnikpro.com\/wp-json\/wp\/v2\/product_brand?post=5788"},{"taxonomy":"product_cat","embeddable":true,"href":"https:\/\/www.domtechnikpro.com\/wp-json\/wp\/v2\/product_cat?post=5788"},{"taxonomy":"product_tag","embeddable":true,"href":"https:\/\/www.domtechnikpro.com\/wp-json\/wp\/v2\/product_tag?post=5788"}],"curies":[{"name":"wp","href":"https:\/\/api.w.org\/{rel}","templated":true}]}}