{"id":5778,"date":"2026-04-26T08:52:06","date_gmt":"2026-04-26T08:52:06","guid":{"rendered":""},"modified":"2026-04-26T08:52:06","modified_gmt":"2026-04-26T08:52:06","slug":"abb-3557g-a07341-h1-swing-r-swing-r-l-prepinac-krizovy-s-pruzorem-hneda-vysoce-kvalitni-5778","status":"publish","type":"product","link":"https:\/\/www.domtechnikpro.com\/index.php\/produkt\/abb-3557g-a07341-h1-swing-r-swing-r-l-prepinac-krizovy-s-pruzorem-hneda-vysoce-kvalitni-5778\/","title":{"rendered":"ABB 3557G-A07341 H1 Swing\u00ae, Swing\u00aeL P\u0159ep\u00edna\u010d k\u0159\u00ed\u017eov\u00fd s pr\u016fzorem, hn\u011bd\u00e1 Vysoce Kvalitn\u00ed"},"content":{"rendered":"<div id=\"e9025770\" class=\"pages\">\n<div id=\"PDDescription\" class=\"UserContentView userContent v1a v1 bs-view dcon dc150 PDDescription\" >\n<h2><span style=\"color: #008080;\">ABB 3557G-A07341 H1 Swing\u00ae, Swing\u00aeL P\u0159ep\u00edna\u010d k\u0159\u00ed\u017eov\u00fd s pr\u016fzorem, hn\u011bd\u00e1<\/span><\/h2>\n<p>\u0158ada SWING je jedin\u00e1 z\u00a0\u0159ad ABB kter\u00e1 m\u00e1 u vyp\u00edna\u010d\u016f sou\u010d\u00e1st\u00ed strojek. Je tedy kompletn\u00ed v\u010detn\u011b strojk\u016f pro sp\u00edn\u00e1n\u00ed a vrchn\u00ed klapky. \u0158ada SWING pou\u017e\u00edv\u00e1 pouze \u0161roubov\u00e9 strojky, jedin\u00e1 v\u00fdjimka je z\u00e1suvka s\u00a0nato\u010denou dutinou z\u00a0\u0159ady <strong>L. <\/strong>Ta m\u00e1 v\u017edy strojek bez \u0161roubk\u016f na rychlo up\u00edn\u00e1n\u00ed.<\/p>\n<p>Strojky SWING ABB maj\u00ed mont\u00e1\u017en\u00ed hloubku 12mm. Jsou tedy vhodn\u00e9 do n\u00edzk\u00fdch panel\u00e1kov\u00fdch krabi\u010dek.<\/p>\n<p>Strojek je do 10A 250V AC<\/p>\n<div id=\"PDTable3\" class=\"ProductDetailTableView v3a v3 bs-view dcon dc175 PDTable3\" >\n<table>\n<thead><\/thead>\n<tbody>\n<tr class=\"attribute attr_bsshop_maker\">\n<td class=\"caption\">V\u00fdrobce<\/td>\n<td class=\"value\">ABB<\/td>\n<\/tr>\n<tr class=\"attribute attr_Barva\">\n<td class=\"caption\">Barva<\/td>\n<td class=\"value\">hn\u011bd\u00e1<\/td>\n<\/tr>\n<\/tbody>\n<\/table><\/div>\n<\/div>\n<\/div>\n<div id=\"e9025771\" class=\"tabs\">\n","protected":false},"excerpt":{"rendered":"<p>ABB 3557G-A07341 H1 Swing\u00ae, Swing\u00aeL P\u0159ep\u00edna\u010d k\u0159\u00ed\u017eov\u00fd s pr\u016fzorem, hn\u011bd\u00e1 \u0158ada SWING je jedin\u00e1 z\u00a0\u0159ad ABB kter\u00e1 m\u00e1 u vyp\u00edna\u010d\u016f sou\u010d\u00e1st\u00ed strojek. Je tedy kompletn\u00ed v\u010detn\u011b strojk\u016f pro sp\u00edn\u00e1n\u00ed a vrchn\u00ed klapky. \u0158ada SWING pou\u017e\u00edv\u00e1 pouze \u0161roubov\u00e9 strojky, jedin\u00e1 v\u00fdjimka je z\u00e1suvka s\u00a0nato\u010denou dutinou z\u00a0\u0159ady L. Ta m\u00e1 v\u017edy strojek bez \u0161roubk\u016f na rychlo up\u00edn\u00e1n\u00ed. [&hellip;]<\/p>\n","protected":false},"featured_media":5878,"comment_status":"open","ping_status":"open","template":"","meta":[],"product_brand":[],"product_cat":[43],"product_tag":[],"class_list":{"0":"post-5778","1":"product","2":"type-product","3":"status-publish","4":"has-post-thumbnail","6":"product_cat-vyp-237-nace-a-z-225-suvky","8":"first","9":"instock","10":"sale","11":"shipping-taxable","12":"purchasable","13":"product-type-simple"},"yoast_head":"<!-- This site is optimized with the Yoast SEO plugin v26.8 - https:\/\/yoast.com\/product\/yoast-seo-wordpress\/ -->\n<title>ABB 3557G-A07341 H1 Swing\u00ae, Swing\u00aeL P\u0159ep\u00edna\u010d k\u0159\u00ed\u017eov\u00fd s pr\u016fzorem, hn\u011bd\u00e1 Vysoce Kvalitn\u00ed -<\/title>\n<meta name=\"robots\" content=\"index, follow, max-snippet:-1, max-image-preview:large, max-video-preview:-1\" \/>\n<link rel=\"canonical\" href=\"https:\/\/www.domtechnikpro.com\/index.php\/produkt\/abb-3557g-a07341-h1-swing-r-swing-r-l-prepinac-krizovy-s-pruzorem-hneda-vysoce-kvalitni-5778\/\" \/>\n<meta property=\"og:locale\" content=\"cs_CZ\" \/>\n<meta property=\"og:type\" content=\"article\" \/>\n<meta property=\"og:title\" content=\"ABB 3557G-A07341 H1 Swing\u00ae, Swing\u00aeL P\u0159ep\u00edna\u010d k\u0159\u00ed\u017eov\u00fd s pr\u016fzorem, hn\u011bd\u00e1 Vysoce Kvalitn\u00ed -\" \/>\n<meta property=\"og:description\" content=\"ABB 3557G-A07341 H1 Swing\u00ae, Swing\u00aeL P\u0159ep\u00edna\u010d k\u0159\u00ed\u017eov\u00fd s pr\u016fzorem, hn\u011bd\u00e1 \u0158ada SWING je jedin\u00e1 z\u00a0\u0159ad ABB kter\u00e1 m\u00e1 u vyp\u00edna\u010d\u016f sou\u010d\u00e1st\u00ed strojek. Je tedy kompletn\u00ed v\u010detn\u011b strojk\u016f pro sp\u00edn\u00e1n\u00ed a vrchn\u00ed klapky. \u0158ada SWING pou\u017e\u00edv\u00e1 pouze \u0161roubov\u00e9 strojky, jedin\u00e1 v\u00fdjimka je z\u00e1suvka s\u00a0nato\u010denou dutinou z\u00a0\u0159ady L. Ta m\u00e1 v\u017edy strojek bez \u0161roubk\u016f na rychlo up\u00edn\u00e1n\u00ed. [&hellip;]\" \/>\n<meta property=\"og:url\" content=\"https:\/\/www.domtechnikpro.com\/index.php\/produkt\/abb-3557g-a07341-h1-swing-r-swing-r-l-prepinac-krizovy-s-pruzorem-hneda-vysoce-kvalitni-5778\/\" \/>\n<meta property=\"og:image\" content=\"https:\/\/www.domtechnikpro.com\/wp-content\/uploads\/2026\/SK0002411-CZ20260425-091623-0-1777079785-abb-3557g-a07341-h1-swing-swing-l-prepinac-krizovy-s-pruzor.webp\" \/>\n\t<meta property=\"og:image:width\" content=\"1000\" \/>\n\t<meta property=\"og:image:height\" content=\"525\" \/>\n\t<meta property=\"og:image:type\" content=\"image\/webp\" \/>\n<meta name=\"twitter:card\" content=\"summary_large_image\" \/>\n<meta name=\"twitter:label1\" content=\"Odhadovan\u00e1 doba \u010dten\u00ed\" \/>\n\t<meta name=\"twitter:data1\" content=\"1 minuta\" \/>\n<script type=\"application\/ld+json\" class=\"yoast-schema-graph\">{\"@context\":\"https:\/\/schema.org\",\"@graph\":[{\"@type\":\"WebPage\",\"@id\":\"https:\/\/www.domtechnikpro.com\/index.php\/produkt\/abb-3557g-a07341-h1-swing-r-swing-r-l-prepinac-krizovy-s-pruzorem-hneda-vysoce-kvalitni-5778\/\",\"url\":\"https:\/\/www.domtechnikpro.com\/index.php\/produkt\/abb-3557g-a07341-h1-swing-r-swing-r-l-prepinac-krizovy-s-pruzorem-hneda-vysoce-kvalitni-5778\/\",\"name\":\"ABB 3557G-A07341 H1 Swing\u00ae, Swing\u00aeL P\u0159ep\u00edna\u010d k\u0159\u00ed\u017eov\u00fd s pr\u016fzorem, hn\u011bd\u00e1 Vysoce Kvalitn\u00ed -\",\"isPartOf\":{\"@id\":\"https:\/\/www.domtechnikpro.com\/#website\"},\"primaryImageOfPage\":{\"@id\":\"https:\/\/www.domtechnikpro.com\/index.php\/produkt\/abb-3557g-a07341-h1-swing-r-swing-r-l-prepinac-krizovy-s-pruzorem-hneda-vysoce-kvalitni-5778\/#primaryimage\"},\"image\":{\"@id\":\"https:\/\/www.domtechnikpro.com\/index.php\/produkt\/abb-3557g-a07341-h1-swing-r-swing-r-l-prepinac-krizovy-s-pruzorem-hneda-vysoce-kvalitni-5778\/#primaryimage\"},\"thumbnailUrl\":\"https:\/\/www.domtechnikpro.com\/wp-content\/uploads\/2026\/SK0002411-CZ20260425-091623-0-1777079785-abb-3557g-a07341-h1-swing-swing-l-prepinac-krizovy-s-pruzor.webp\",\"datePublished\":\"2026-04-26T08:52:06+00:00\",\"breadcrumb\":{\"@id\":\"https:\/\/www.domtechnikpro.com\/index.php\/produkt\/abb-3557g-a07341-h1-swing-r-swing-r-l-prepinac-krizovy-s-pruzorem-hneda-vysoce-kvalitni-5778\/#breadcrumb\"},\"inLanguage\":\"cs\",\"potentialAction\":[{\"@type\":\"ReadAction\",\"target\":[\"https:\/\/www.domtechnikpro.com\/index.php\/produkt\/abb-3557g-a07341-h1-swing-r-swing-r-l-prepinac-krizovy-s-pruzorem-hneda-vysoce-kvalitni-5778\/\"]}]},{\"@type\":\"ImageObject\",\"inLanguage\":\"cs\",\"@id\":\"https:\/\/www.domtechnikpro.com\/index.php\/produkt\/abb-3557g-a07341-h1-swing-r-swing-r-l-prepinac-krizovy-s-pruzorem-hneda-vysoce-kvalitni-5778\/#primaryimage\",\"url\":\"https:\/\/www.domtechnikpro.com\/wp-content\/uploads\/2026\/SK0002411-CZ20260425-091623-0-1777079785-abb-3557g-a07341-h1-swing-swing-l-prepinac-krizovy-s-pruzor.webp\",\"contentUrl\":\"https:\/\/www.domtechnikpro.com\/wp-content\/uploads\/2026\/SK0002411-CZ20260425-091623-0-1777079785-abb-3557g-a07341-h1-swing-swing-l-prepinac-krizovy-s-pruzor.webp\",\"width\":1000,\"height\":525},{\"@type\":\"BreadcrumbList\",\"@id\":\"https:\/\/www.domtechnikpro.com\/index.php\/produkt\/abb-3557g-a07341-h1-swing-r-swing-r-l-prepinac-krizovy-s-pruzorem-hneda-vysoce-kvalitni-5778\/#breadcrumb\",\"itemListElement\":[{\"@type\":\"ListItem\",\"position\":1,\"name\":\"Home\",\"item\":\"https:\/\/www.domtechnikpro.com\/\"},{\"@type\":\"ListItem\",\"position\":2,\"name\":\"Products\",\"item\":\"https:\/\/www.domtechnikpro.com\/index.php\/products\/\"},{\"@type\":\"ListItem\",\"position\":3,\"name\":\"ABB 3557G-A07341 H1 Swing\u00ae, Swing\u00aeL P\u0159ep\u00edna\u010d k\u0159\u00ed\u017eov\u00fd s pr\u016fzorem, hn\u011bd\u00e1 Vysoce Kvalitn\u00ed\"}]},{\"@type\":\"WebSite\",\"@id\":\"https:\/\/www.domtechnikpro.com\/#website\",\"url\":\"https:\/\/www.domtechnikpro.com\/\",\"name\":\"\",\"description\":\"\",\"potentialAction\":[{\"@type\":\"SearchAction\",\"target\":{\"@type\":\"EntryPoint\",\"urlTemplate\":\"https:\/\/www.domtechnikpro.com\/?s={search_term_string}\"},\"query-input\":{\"@type\":\"PropertyValueSpecification\",\"valueRequired\":true,\"valueName\":\"search_term_string\"}}],\"inLanguage\":\"cs\"}]}<\/script>\n<!-- \/ Yoast SEO plugin. -->","yoast_head_json":{"title":"ABB 3557G-A07341 H1 Swing\u00ae, Swing\u00aeL P\u0159ep\u00edna\u010d k\u0159\u00ed\u017eov\u00fd s pr\u016fzorem, hn\u011bd\u00e1 Vysoce Kvalitn\u00ed -","robots":{"index":"index","follow":"follow","max-snippet":"max-snippet:-1","max-image-preview":"max-image-preview:large","max-video-preview":"max-video-preview:-1"},"canonical":"https:\/\/www.domtechnikpro.com\/index.php\/produkt\/abb-3557g-a07341-h1-swing-r-swing-r-l-prepinac-krizovy-s-pruzorem-hneda-vysoce-kvalitni-5778\/","og_locale":"cs_CZ","og_type":"article","og_title":"ABB 3557G-A07341 H1 Swing\u00ae, Swing\u00aeL P\u0159ep\u00edna\u010d k\u0159\u00ed\u017eov\u00fd s pr\u016fzorem, hn\u011bd\u00e1 Vysoce Kvalitn\u00ed -","og_description":"ABB 3557G-A07341 H1 Swing\u00ae, Swing\u00aeL P\u0159ep\u00edna\u010d k\u0159\u00ed\u017eov\u00fd s pr\u016fzorem, hn\u011bd\u00e1 \u0158ada SWING je jedin\u00e1 z\u00a0\u0159ad ABB kter\u00e1 m\u00e1 u vyp\u00edna\u010d\u016f sou\u010d\u00e1st\u00ed strojek. Je tedy kompletn\u00ed v\u010detn\u011b strojk\u016f pro sp\u00edn\u00e1n\u00ed a vrchn\u00ed klapky. \u0158ada SWING pou\u017e\u00edv\u00e1 pouze \u0161roubov\u00e9 strojky, jedin\u00e1 v\u00fdjimka je z\u00e1suvka s\u00a0nato\u010denou dutinou z\u00a0\u0159ady L. Ta m\u00e1 v\u017edy strojek bez \u0161roubk\u016f na rychlo up\u00edn\u00e1n\u00ed. [&hellip;]","og_url":"https:\/\/www.domtechnikpro.com\/index.php\/produkt\/abb-3557g-a07341-h1-swing-r-swing-r-l-prepinac-krizovy-s-pruzorem-hneda-vysoce-kvalitni-5778\/","og_image":[{"width":1000,"height":525,"url":"https:\/\/www.domtechnikpro.com\/wp-content\/uploads\/2026\/SK0002411-CZ20260425-091623-0-1777079785-abb-3557g-a07341-h1-swing-swing-l-prepinac-krizovy-s-pruzor.webp","type":"image\/webp"}],"twitter_card":"summary_large_image","twitter_misc":{"Odhadovan\u00e1 doba \u010dten\u00ed":"1 minuta"},"schema":{"@context":"https:\/\/schema.org","@graph":[{"@type":"WebPage","@id":"https:\/\/www.domtechnikpro.com\/index.php\/produkt\/abb-3557g-a07341-h1-swing-r-swing-r-l-prepinac-krizovy-s-pruzorem-hneda-vysoce-kvalitni-5778\/","url":"https:\/\/www.domtechnikpro.com\/index.php\/produkt\/abb-3557g-a07341-h1-swing-r-swing-r-l-prepinac-krizovy-s-pruzorem-hneda-vysoce-kvalitni-5778\/","name":"ABB 3557G-A07341 H1 Swing\u00ae, Swing\u00aeL P\u0159ep\u00edna\u010d k\u0159\u00ed\u017eov\u00fd s pr\u016fzorem, hn\u011bd\u00e1 Vysoce Kvalitn\u00ed -","isPartOf":{"@id":"https:\/\/www.domtechnikpro.com\/#website"},"primaryImageOfPage":{"@id":"https:\/\/www.domtechnikpro.com\/index.php\/produkt\/abb-3557g-a07341-h1-swing-r-swing-r-l-prepinac-krizovy-s-pruzorem-hneda-vysoce-kvalitni-5778\/#primaryimage"},"image":{"@id":"https:\/\/www.domtechnikpro.com\/index.php\/produkt\/abb-3557g-a07341-h1-swing-r-swing-r-l-prepinac-krizovy-s-pruzorem-hneda-vysoce-kvalitni-5778\/#primaryimage"},"thumbnailUrl":"https:\/\/www.domtechnikpro.com\/wp-content\/uploads\/2026\/SK0002411-CZ20260425-091623-0-1777079785-abb-3557g-a07341-h1-swing-swing-l-prepinac-krizovy-s-pruzor.webp","datePublished":"2026-04-26T08:52:06+00:00","breadcrumb":{"@id":"https:\/\/www.domtechnikpro.com\/index.php\/produkt\/abb-3557g-a07341-h1-swing-r-swing-r-l-prepinac-krizovy-s-pruzorem-hneda-vysoce-kvalitni-5778\/#breadcrumb"},"inLanguage":"cs","potentialAction":[{"@type":"ReadAction","target":["https:\/\/www.domtechnikpro.com\/index.php\/produkt\/abb-3557g-a07341-h1-swing-r-swing-r-l-prepinac-krizovy-s-pruzorem-hneda-vysoce-kvalitni-5778\/"]}]},{"@type":"ImageObject","inLanguage":"cs","@id":"https:\/\/www.domtechnikpro.com\/index.php\/produkt\/abb-3557g-a07341-h1-swing-r-swing-r-l-prepinac-krizovy-s-pruzorem-hneda-vysoce-kvalitni-5778\/#primaryimage","url":"https:\/\/www.domtechnikpro.com\/wp-content\/uploads\/2026\/SK0002411-CZ20260425-091623-0-1777079785-abb-3557g-a07341-h1-swing-swing-l-prepinac-krizovy-s-pruzor.webp","contentUrl":"https:\/\/www.domtechnikpro.com\/wp-content\/uploads\/2026\/SK0002411-CZ20260425-091623-0-1777079785-abb-3557g-a07341-h1-swing-swing-l-prepinac-krizovy-s-pruzor.webp","width":1000,"height":525},{"@type":"BreadcrumbList","@id":"https:\/\/www.domtechnikpro.com\/index.php\/produkt\/abb-3557g-a07341-h1-swing-r-swing-r-l-prepinac-krizovy-s-pruzorem-hneda-vysoce-kvalitni-5778\/#breadcrumb","itemListElement":[{"@type":"ListItem","position":1,"name":"Home","item":"https:\/\/www.domtechnikpro.com\/"},{"@type":"ListItem","position":2,"name":"Products","item":"https:\/\/www.domtechnikpro.com\/index.php\/products\/"},{"@type":"ListItem","position":3,"name":"ABB 3557G-A07341 H1 Swing\u00ae, Swing\u00aeL P\u0159ep\u00edna\u010d k\u0159\u00ed\u017eov\u00fd s pr\u016fzorem, hn\u011bd\u00e1 Vysoce Kvalitn\u00ed"}]},{"@type":"WebSite","@id":"https:\/\/www.domtechnikpro.com\/#website","url":"https:\/\/www.domtechnikpro.com\/","name":"","description":"","potentialAction":[{"@type":"SearchAction","target":{"@type":"EntryPoint","urlTemplate":"https:\/\/www.domtechnikpro.com\/?s={search_term_string}"},"query-input":{"@type":"PropertyValueSpecification","valueRequired":true,"valueName":"search_term_string"}}],"inLanguage":"cs"}]}},"_links":{"self":[{"href":"https:\/\/www.domtechnikpro.com\/index.php\/wp-json\/wp\/v2\/product\/5778","targetHints":{"allow":["GET"]}}],"collection":[{"href":"https:\/\/www.domtechnikpro.com\/index.php\/wp-json\/wp\/v2\/product"}],"about":[{"href":"https:\/\/www.domtechnikpro.com\/index.php\/wp-json\/wp\/v2\/types\/product"}],"replies":[{"embeddable":true,"href":"https:\/\/www.domtechnikpro.com\/index.php\/wp-json\/wp\/v2\/comments?post=5778"}],"wp:featuredmedia":[{"embeddable":true,"href":"https:\/\/www.domtechnikpro.com\/index.php\/wp-json\/wp\/v2\/media\/5878"}],"wp:attachment":[{"href":"https:\/\/www.domtechnikpro.com\/index.php\/wp-json\/wp\/v2\/media?parent=5778"}],"wp:term":[{"taxonomy":"product_brand","embeddable":true,"href":"https:\/\/www.domtechnikpro.com\/index.php\/wp-json\/wp\/v2\/product_brand?post=5778"},{"taxonomy":"product_cat","embeddable":true,"href":"https:\/\/www.domtechnikpro.com\/index.php\/wp-json\/wp\/v2\/product_cat?post=5778"},{"taxonomy":"product_tag","embeddable":true,"href":"https:\/\/www.domtechnikpro.com\/index.php\/wp-json\/wp\/v2\/product_tag?post=5778"}],"curies":[{"name":"wp","href":"https:\/\/api.w.org\/{rel}","templated":true}]}}