{"id":5770,"date":"2026-04-26T08:52:06","date_gmt":"2026-04-26T08:52:06","guid":{"rendered":""},"modified":"2026-04-26T08:52:06","modified_gmt":"2026-04-26T08:52:06","slug":"abb-3536n-c03252-11-spinac-stiskaci-pressto-zapusteny-se-signalizacni-doutnavkou-25a-ip55-bila-bila-znackovy-5770","status":"publish","type":"product","link":"https:\/\/www.domtechnikpro.com\/index.php\/produkt\/abb-3536n-c03252-11-spinac-stiskaci-pressto-zapusteny-se-signalizacni-doutnavkou-25a-ip55-bila-bila-znackovy-5770\/","title":{"rendered":"ABB 3536N-C03252 11 Sp\u00edna\u010d stiskac\u00ed PRESSTO, zapu\u0161t\u011bn\u00fd, se signaliza\u010dn\u00ed doutnavkou, 25A, IP55 b\u00edl\u00e1\/b\u00edl\u00e1 Zna\u010dkov\u00fd"},"content":{"rendered":"<div id=\"e9025154\" class=\"pages\">\n<div id=\"PDDescription\" class=\"UserContentView userContent v1a v1 bs-view dcon dc150 PDDescription\" >\n<h2><span style=\"color: #008080;\">ABB 3536N-C03252 11 Sp\u00edna\u010d stiskac\u00ed PRESSTO, zapu\u0161t\u011bn\u00fd, se signaliza\u010dn\u00ed doutnavkou, b\u00edl\u00e1 \/ b\u00edl\u00e1<\/span><\/h2>\n<p>\u00a0<\/p>\n<h2><span style=\"color: #008080;\">Parametry<\/span><\/h2>\n<p>\u00a0<\/p>\n<table>\n<tbody>\n<tr>\n<th>Typ zapojen\u00ed<\/th>\n<td>Sp\u00edna\u010d 3p\u00f3lov\u00fd<\/td>\n<\/tr>\n<tr>\n<th>Druh ovl\u00e1d\u00e1n\u00ed<\/th>\n<td>Ostatn\u00ed<\/td>\n<\/tr>\n<tr>\n<th>Mont\u00e1\u017e<\/th>\n<td>Z\u00e1kladn\u00ed prvek s kompletn\u00edm krytem<\/td>\n<\/tr>\n<tr>\n<th>Zp\u016fsob mont\u00e1\u017ee<\/th>\n<td>Instalace pod om\u00edtku<\/td>\n<\/tr>\n<tr>\n<th>Druh upevn\u011bn\u00ed<\/th>\n<td>Ostatn\u00ed<\/td>\n<\/tr>\n<tr>\n<th>Materi\u00e1l<\/th>\n<td>Plast<\/td>\n<\/tr>\n<tr>\n<th>Kvalita materi\u00e1lu<\/th>\n<td>Termoplast<\/td>\n<\/tr>\n<tr>\n<th>Bezhalogenov\u00e9<\/th>\n<td>Ne<\/td>\n<\/tr>\n<tr>\n<th>Povrchov\u00e1 ochrana<\/th>\n<td>Bez o\u0161et\u0159en\u00ed<\/td>\n<\/tr>\n<tr>\n<th>Typ povrchu<\/th>\n<td>Leskl\u00fd<\/td>\n<\/tr>\n<tr>\n<th>Barva<\/th>\n<td>B\u00edl\u00e1<\/td>\n<\/tr>\n<tr>\n<th>RAL (podobn\u00e9)<\/th>\n<td>9003\u00a0<\/td>\n<\/tr>\n<tr>\n<th>Vhodn\u00e9 pro kryt\u00ed (IP)<\/th>\n<td>IP55<\/td>\n<\/tr>\n<tr>\n<th>Jmenovit\u00e9 nap\u011bt\u00ed<\/th>\n<td>400\u00a0V<\/td>\n<\/tr>\n<tr>\n<th>Jmenovit\u00fd proud<\/th>\n<td>25\u00a0A<\/td>\n<\/tr>\n<tr>\n<th>Sp\u00ednac\u00ed proud pro z\u00e1\u0159ivky<\/th>\n<td>10\u00a0AX<\/td>\n<\/tr>\n<tr>\n<th>Kontakt zp\u011btn\u00e9ho hl\u00e1\u0161en\u00ed<\/th>\n<td>Ne<\/td>\n<\/tr>\n<tr>\n<th>Druh p\u0159ipojen\u00ed<\/th>\n<td>\u0160roubov\u00e1 svorka<\/td>\n<\/tr>\n<tr>\n<th>Hmotnost<\/th>\n<td>0,3442 kg<\/td>\n<\/tr>\n<\/tbody>\n<\/table>\n<p><span style=\"color: #008080;\">\u00a0<\/span><\/p>\n<p>\u00a0<\/p>\n<div id=\"PDTable3\" class=\"ProductDetailTableView v3a v3 bs-view dcon dc175 PDTable3\" >\n<table>\n<thead><\/thead>\n<tbody>\n<tr class=\"attribute attr_bsshop_maker\">\n<td class=\"caption\">V\u00fdrobce<\/td>\n<td class=\"value\">ABB<\/td>\n<\/tr>\n<tr class=\"attribute attr_Barva\">\n<td class=\"caption\">Barva<\/td>\n<td class=\"value\">b\u00edl\u00e1 \/ b\u00edl\u00e1<\/td>\n<\/tr>\n<\/tbody>\n<\/table><\/div>\n<\/div>\n<\/div>\n<div id=\"e9025155\" class=\"tabs\">\n","protected":false},"excerpt":{"rendered":"<p>ABB 3536N-C03252 11 Sp\u00edna\u010d stiskac\u00ed PRESSTO, zapu\u0161t\u011bn\u00fd, se signaliza\u010dn\u00ed doutnavkou, b\u00edl\u00e1 \/ b\u00edl\u00e1 \u00a0 Parametry \u00a0 Typ zapojen\u00ed Sp\u00edna\u010d 3p\u00f3lov\u00fd Druh ovl\u00e1d\u00e1n\u00ed Ostatn\u00ed Mont\u00e1\u017e Z\u00e1kladn\u00ed prvek s kompletn\u00edm krytem Zp\u016fsob mont\u00e1\u017ee Instalace pod om\u00edtku Druh upevn\u011bn\u00ed Ostatn\u00ed Materi\u00e1l Plast Kvalita materi\u00e1lu Termoplast Bezhalogenov\u00e9 Ne Povrchov\u00e1 ochrana Bez o\u0161et\u0159en\u00ed Typ povrchu Leskl\u00fd Barva B\u00edl\u00e1 RAL (podobn\u00e9) [&hellip;]<\/p>\n","protected":false},"featured_media":5870,"comment_status":"open","ping_status":"open","template":"","meta":[],"product_brand":[],"product_cat":[43],"product_tag":[],"class_list":{"0":"post-5770","1":"product","2":"type-product","3":"status-publish","4":"has-post-thumbnail","6":"product_cat-vyp-237-nace-a-z-225-suvky","8":"first","9":"instock","10":"sale","11":"shipping-taxable","12":"purchasable","13":"product-type-simple"},"yoast_head":"<!-- This site is optimized with the Yoast SEO plugin v26.8 - https:\/\/yoast.com\/product\/yoast-seo-wordpress\/ -->\n<title>ABB 3536N-C03252 11 Sp\u00edna\u010d stiskac\u00ed PRESSTO, zapu\u0161t\u011bn\u00fd, se signaliza\u010dn\u00ed doutnavkou, 25A, IP55 b\u00edl\u00e1\/b\u00edl\u00e1 Zna\u010dkov\u00fd -<\/title>\n<meta name=\"robots\" content=\"index, follow, max-snippet:-1, max-image-preview:large, max-video-preview:-1\" \/>\n<link rel=\"canonical\" href=\"https:\/\/www.domtechnikpro.com\/index.php\/produkt\/abb-3536n-c03252-11-spinac-stiskaci-pressto-zapusteny-se-signalizacni-doutnavkou-25a-ip55-bila-bila-znackovy-5770\/\" \/>\n<meta property=\"og:locale\" content=\"cs_CZ\" \/>\n<meta property=\"og:type\" content=\"article\" \/>\n<meta property=\"og:title\" content=\"ABB 3536N-C03252 11 Sp\u00edna\u010d stiskac\u00ed PRESSTO, zapu\u0161t\u011bn\u00fd, se signaliza\u010dn\u00ed doutnavkou, 25A, IP55 b\u00edl\u00e1\/b\u00edl\u00e1 Zna\u010dkov\u00fd -\" \/>\n<meta property=\"og:description\" content=\"ABB 3536N-C03252 11 Sp\u00edna\u010d stiskac\u00ed PRESSTO, zapu\u0161t\u011bn\u00fd, se signaliza\u010dn\u00ed doutnavkou, b\u00edl\u00e1 \/ b\u00edl\u00e1 \u00a0 Parametry \u00a0 Typ zapojen\u00ed Sp\u00edna\u010d 3p\u00f3lov\u00fd Druh ovl\u00e1d\u00e1n\u00ed Ostatn\u00ed Mont\u00e1\u017e Z\u00e1kladn\u00ed prvek s kompletn\u00edm krytem Zp\u016fsob mont\u00e1\u017ee Instalace pod om\u00edtku Druh upevn\u011bn\u00ed Ostatn\u00ed Materi\u00e1l Plast Kvalita materi\u00e1lu Termoplast Bezhalogenov\u00e9 Ne Povrchov\u00e1 ochrana Bez o\u0161et\u0159en\u00ed Typ povrchu Leskl\u00fd Barva B\u00edl\u00e1 RAL (podobn\u00e9) [&hellip;]\" \/>\n<meta property=\"og:url\" content=\"https:\/\/www.domtechnikpro.com\/index.php\/produkt\/abb-3536n-c03252-11-spinac-stiskaci-pressto-zapusteny-se-signalizacni-doutnavkou-25a-ip55-bila-bila-znackovy-5770\/\" \/>\n<meta property=\"og:image\" content=\"https:\/\/www.domtechnikpro.com\/wp-content\/uploads\/2026\/SK0002403-CZ20260425-091623-0-1777079785-abb-3536n-c03252-11-spinac-stiskaci-pressto-zapusteny-se-si.webp\" \/>\n\t<meta property=\"og:image:width\" content=\"1000\" \/>\n\t<meta property=\"og:image:height\" content=\"525\" \/>\n\t<meta property=\"og:image:type\" content=\"image\/webp\" \/>\n<meta name=\"twitter:card\" content=\"summary_large_image\" \/>\n<script type=\"application\/ld+json\" class=\"yoast-schema-graph\">{\"@context\":\"https:\/\/schema.org\",\"@graph\":[{\"@type\":\"WebPage\",\"@id\":\"https:\/\/www.domtechnikpro.com\/index.php\/produkt\/abb-3536n-c03252-11-spinac-stiskaci-pressto-zapusteny-se-signalizacni-doutnavkou-25a-ip55-bila-bila-znackovy-5770\/\",\"url\":\"https:\/\/www.domtechnikpro.com\/index.php\/produkt\/abb-3536n-c03252-11-spinac-stiskaci-pressto-zapusteny-se-signalizacni-doutnavkou-25a-ip55-bila-bila-znackovy-5770\/\",\"name\":\"ABB 3536N-C03252 11 Sp\u00edna\u010d stiskac\u00ed PRESSTO, zapu\u0161t\u011bn\u00fd, se signaliza\u010dn\u00ed doutnavkou, 25A, IP55 b\u00edl\u00e1\/b\u00edl\u00e1 Zna\u010dkov\u00fd -\",\"isPartOf\":{\"@id\":\"https:\/\/www.domtechnikpro.com\/#website\"},\"primaryImageOfPage\":{\"@id\":\"https:\/\/www.domtechnikpro.com\/index.php\/produkt\/abb-3536n-c03252-11-spinac-stiskaci-pressto-zapusteny-se-signalizacni-doutnavkou-25a-ip55-bila-bila-znackovy-5770\/#primaryimage\"},\"image\":{\"@id\":\"https:\/\/www.domtechnikpro.com\/index.php\/produkt\/abb-3536n-c03252-11-spinac-stiskaci-pressto-zapusteny-se-signalizacni-doutnavkou-25a-ip55-bila-bila-znackovy-5770\/#primaryimage\"},\"thumbnailUrl\":\"https:\/\/www.domtechnikpro.com\/wp-content\/uploads\/2026\/SK0002403-CZ20260425-091623-0-1777079785-abb-3536n-c03252-11-spinac-stiskaci-pressto-zapusteny-se-si.webp\",\"datePublished\":\"2026-04-26T08:52:06+00:00\",\"breadcrumb\":{\"@id\":\"https:\/\/www.domtechnikpro.com\/index.php\/produkt\/abb-3536n-c03252-11-spinac-stiskaci-pressto-zapusteny-se-signalizacni-doutnavkou-25a-ip55-bila-bila-znackovy-5770\/#breadcrumb\"},\"inLanguage\":\"cs\",\"potentialAction\":[{\"@type\":\"ReadAction\",\"target\":[\"https:\/\/www.domtechnikpro.com\/index.php\/produkt\/abb-3536n-c03252-11-spinac-stiskaci-pressto-zapusteny-se-signalizacni-doutnavkou-25a-ip55-bila-bila-znackovy-5770\/\"]}]},{\"@type\":\"ImageObject\",\"inLanguage\":\"cs\",\"@id\":\"https:\/\/www.domtechnikpro.com\/index.php\/produkt\/abb-3536n-c03252-11-spinac-stiskaci-pressto-zapusteny-se-signalizacni-doutnavkou-25a-ip55-bila-bila-znackovy-5770\/#primaryimage\",\"url\":\"https:\/\/www.domtechnikpro.com\/wp-content\/uploads\/2026\/SK0002403-CZ20260425-091623-0-1777079785-abb-3536n-c03252-11-spinac-stiskaci-pressto-zapusteny-se-si.webp\",\"contentUrl\":\"https:\/\/www.domtechnikpro.com\/wp-content\/uploads\/2026\/SK0002403-CZ20260425-091623-0-1777079785-abb-3536n-c03252-11-spinac-stiskaci-pressto-zapusteny-se-si.webp\",\"width\":1000,\"height\":525},{\"@type\":\"BreadcrumbList\",\"@id\":\"https:\/\/www.domtechnikpro.com\/index.php\/produkt\/abb-3536n-c03252-11-spinac-stiskaci-pressto-zapusteny-se-signalizacni-doutnavkou-25a-ip55-bila-bila-znackovy-5770\/#breadcrumb\",\"itemListElement\":[{\"@type\":\"ListItem\",\"position\":1,\"name\":\"Home\",\"item\":\"https:\/\/www.domtechnikpro.com\/\"},{\"@type\":\"ListItem\",\"position\":2,\"name\":\"Products\",\"item\":\"https:\/\/www.domtechnikpro.com\/index.php\/products\/\"},{\"@type\":\"ListItem\",\"position\":3,\"name\":\"ABB 3536N-C03252 11 Sp\u00edna\u010d stiskac\u00ed PRESSTO, zapu\u0161t\u011bn\u00fd, se signaliza\u010dn\u00ed doutnavkou, 25A, IP55 b\u00edl\u00e1\/b\u00edl\u00e1 Zna\u010dkov\u00fd\"}]},{\"@type\":\"WebSite\",\"@id\":\"https:\/\/www.domtechnikpro.com\/#website\",\"url\":\"https:\/\/www.domtechnikpro.com\/\",\"name\":\"\",\"description\":\"\",\"potentialAction\":[{\"@type\":\"SearchAction\",\"target\":{\"@type\":\"EntryPoint\",\"urlTemplate\":\"https:\/\/www.domtechnikpro.com\/?s={search_term_string}\"},\"query-input\":{\"@type\":\"PropertyValueSpecification\",\"valueRequired\":true,\"valueName\":\"search_term_string\"}}],\"inLanguage\":\"cs\"}]}<\/script>\n<!-- \/ Yoast SEO plugin. -->","yoast_head_json":{"title":"ABB 3536N-C03252 11 Sp\u00edna\u010d stiskac\u00ed PRESSTO, zapu\u0161t\u011bn\u00fd, se signaliza\u010dn\u00ed doutnavkou, 25A, IP55 b\u00edl\u00e1\/b\u00edl\u00e1 Zna\u010dkov\u00fd -","robots":{"index":"index","follow":"follow","max-snippet":"max-snippet:-1","max-image-preview":"max-image-preview:large","max-video-preview":"max-video-preview:-1"},"canonical":"https:\/\/www.domtechnikpro.com\/index.php\/produkt\/abb-3536n-c03252-11-spinac-stiskaci-pressto-zapusteny-se-signalizacni-doutnavkou-25a-ip55-bila-bila-znackovy-5770\/","og_locale":"cs_CZ","og_type":"article","og_title":"ABB 3536N-C03252 11 Sp\u00edna\u010d stiskac\u00ed PRESSTO, zapu\u0161t\u011bn\u00fd, se signaliza\u010dn\u00ed doutnavkou, 25A, IP55 b\u00edl\u00e1\/b\u00edl\u00e1 Zna\u010dkov\u00fd -","og_description":"ABB 3536N-C03252 11 Sp\u00edna\u010d stiskac\u00ed PRESSTO, zapu\u0161t\u011bn\u00fd, se signaliza\u010dn\u00ed doutnavkou, b\u00edl\u00e1 \/ b\u00edl\u00e1 \u00a0 Parametry \u00a0 Typ zapojen\u00ed Sp\u00edna\u010d 3p\u00f3lov\u00fd Druh ovl\u00e1d\u00e1n\u00ed Ostatn\u00ed Mont\u00e1\u017e Z\u00e1kladn\u00ed prvek s kompletn\u00edm krytem Zp\u016fsob mont\u00e1\u017ee Instalace pod om\u00edtku Druh upevn\u011bn\u00ed Ostatn\u00ed Materi\u00e1l Plast Kvalita materi\u00e1lu Termoplast Bezhalogenov\u00e9 Ne Povrchov\u00e1 ochrana Bez o\u0161et\u0159en\u00ed Typ povrchu Leskl\u00fd Barva B\u00edl\u00e1 RAL (podobn\u00e9) [&hellip;]","og_url":"https:\/\/www.domtechnikpro.com\/index.php\/produkt\/abb-3536n-c03252-11-spinac-stiskaci-pressto-zapusteny-se-signalizacni-doutnavkou-25a-ip55-bila-bila-znackovy-5770\/","og_image":[{"width":1000,"height":525,"url":"https:\/\/www.domtechnikpro.com\/wp-content\/uploads\/2026\/SK0002403-CZ20260425-091623-0-1777079785-abb-3536n-c03252-11-spinac-stiskaci-pressto-zapusteny-se-si.webp","type":"image\/webp"}],"twitter_card":"summary_large_image","schema":{"@context":"https:\/\/schema.org","@graph":[{"@type":"WebPage","@id":"https:\/\/www.domtechnikpro.com\/index.php\/produkt\/abb-3536n-c03252-11-spinac-stiskaci-pressto-zapusteny-se-signalizacni-doutnavkou-25a-ip55-bila-bila-znackovy-5770\/","url":"https:\/\/www.domtechnikpro.com\/index.php\/produkt\/abb-3536n-c03252-11-spinac-stiskaci-pressto-zapusteny-se-signalizacni-doutnavkou-25a-ip55-bila-bila-znackovy-5770\/","name":"ABB 3536N-C03252 11 Sp\u00edna\u010d stiskac\u00ed PRESSTO, zapu\u0161t\u011bn\u00fd, se signaliza\u010dn\u00ed doutnavkou, 25A, IP55 b\u00edl\u00e1\/b\u00edl\u00e1 Zna\u010dkov\u00fd -","isPartOf":{"@id":"https:\/\/www.domtechnikpro.com\/#website"},"primaryImageOfPage":{"@id":"https:\/\/www.domtechnikpro.com\/index.php\/produkt\/abb-3536n-c03252-11-spinac-stiskaci-pressto-zapusteny-se-signalizacni-doutnavkou-25a-ip55-bila-bila-znackovy-5770\/#primaryimage"},"image":{"@id":"https:\/\/www.domtechnikpro.com\/index.php\/produkt\/abb-3536n-c03252-11-spinac-stiskaci-pressto-zapusteny-se-signalizacni-doutnavkou-25a-ip55-bila-bila-znackovy-5770\/#primaryimage"},"thumbnailUrl":"https:\/\/www.domtechnikpro.com\/wp-content\/uploads\/2026\/SK0002403-CZ20260425-091623-0-1777079785-abb-3536n-c03252-11-spinac-stiskaci-pressto-zapusteny-se-si.webp","datePublished":"2026-04-26T08:52:06+00:00","breadcrumb":{"@id":"https:\/\/www.domtechnikpro.com\/index.php\/produkt\/abb-3536n-c03252-11-spinac-stiskaci-pressto-zapusteny-se-signalizacni-doutnavkou-25a-ip55-bila-bila-znackovy-5770\/#breadcrumb"},"inLanguage":"cs","potentialAction":[{"@type":"ReadAction","target":["https:\/\/www.domtechnikpro.com\/index.php\/produkt\/abb-3536n-c03252-11-spinac-stiskaci-pressto-zapusteny-se-signalizacni-doutnavkou-25a-ip55-bila-bila-znackovy-5770\/"]}]},{"@type":"ImageObject","inLanguage":"cs","@id":"https:\/\/www.domtechnikpro.com\/index.php\/produkt\/abb-3536n-c03252-11-spinac-stiskaci-pressto-zapusteny-se-signalizacni-doutnavkou-25a-ip55-bila-bila-znackovy-5770\/#primaryimage","url":"https:\/\/www.domtechnikpro.com\/wp-content\/uploads\/2026\/SK0002403-CZ20260425-091623-0-1777079785-abb-3536n-c03252-11-spinac-stiskaci-pressto-zapusteny-se-si.webp","contentUrl":"https:\/\/www.domtechnikpro.com\/wp-content\/uploads\/2026\/SK0002403-CZ20260425-091623-0-1777079785-abb-3536n-c03252-11-spinac-stiskaci-pressto-zapusteny-se-si.webp","width":1000,"height":525},{"@type":"BreadcrumbList","@id":"https:\/\/www.domtechnikpro.com\/index.php\/produkt\/abb-3536n-c03252-11-spinac-stiskaci-pressto-zapusteny-se-signalizacni-doutnavkou-25a-ip55-bila-bila-znackovy-5770\/#breadcrumb","itemListElement":[{"@type":"ListItem","position":1,"name":"Home","item":"https:\/\/www.domtechnikpro.com\/"},{"@type":"ListItem","position":2,"name":"Products","item":"https:\/\/www.domtechnikpro.com\/index.php\/products\/"},{"@type":"ListItem","position":3,"name":"ABB 3536N-C03252 11 Sp\u00edna\u010d stiskac\u00ed PRESSTO, zapu\u0161t\u011bn\u00fd, se signaliza\u010dn\u00ed doutnavkou, 25A, IP55 b\u00edl\u00e1\/b\u00edl\u00e1 Zna\u010dkov\u00fd"}]},{"@type":"WebSite","@id":"https:\/\/www.domtechnikpro.com\/#website","url":"https:\/\/www.domtechnikpro.com\/","name":"","description":"","potentialAction":[{"@type":"SearchAction","target":{"@type":"EntryPoint","urlTemplate":"https:\/\/www.domtechnikpro.com\/?s={search_term_string}"},"query-input":{"@type":"PropertyValueSpecification","valueRequired":true,"valueName":"search_term_string"}}],"inLanguage":"cs"}]}},"_links":{"self":[{"href":"https:\/\/www.domtechnikpro.com\/index.php\/wp-json\/wp\/v2\/product\/5770","targetHints":{"allow":["GET"]}}],"collection":[{"href":"https:\/\/www.domtechnikpro.com\/index.php\/wp-json\/wp\/v2\/product"}],"about":[{"href":"https:\/\/www.domtechnikpro.com\/index.php\/wp-json\/wp\/v2\/types\/product"}],"replies":[{"embeddable":true,"href":"https:\/\/www.domtechnikpro.com\/index.php\/wp-json\/wp\/v2\/comments?post=5770"}],"wp:featuredmedia":[{"embeddable":true,"href":"https:\/\/www.domtechnikpro.com\/index.php\/wp-json\/wp\/v2\/media\/5870"}],"wp:attachment":[{"href":"https:\/\/www.domtechnikpro.com\/index.php\/wp-json\/wp\/v2\/media?parent=5770"}],"wp:term":[{"taxonomy":"product_brand","embeddable":true,"href":"https:\/\/www.domtechnikpro.com\/index.php\/wp-json\/wp\/v2\/product_brand?post=5770"},{"taxonomy":"product_cat","embeddable":true,"href":"https:\/\/www.domtechnikpro.com\/index.php\/wp-json\/wp\/v2\/product_cat?post=5770"},{"taxonomy":"product_tag","embeddable":true,"href":"https:\/\/www.domtechnikpro.com\/index.php\/wp-json\/wp\/v2\/product_tag?post=5770"}],"curies":[{"name":"wp","href":"https:\/\/api.w.org\/{rel}","templated":true}]}}