{"id":5755,"date":"2026-04-26T08:52:06","date_gmt":"2026-04-26T08:52:06","guid":{"rendered":""},"modified":"2026-04-26T08:52:06","modified_gmt":"2026-04-26T08:52:06","slug":"abb-3558-80750-garant-ovladac-zapinaci-ip66-seda-c-1-0-vhodne-na-drevo-bez-podlozky-nejlepsi-cena-5755","status":"publish","type":"product","link":"https:\/\/www.domtechnikpro.com\/index.php\/produkt\/abb-3558-80750-garant-ovladac-zapinaci-ip66-seda-c-1-0-vhodne-na-drevo-bez-podlozky-nejlepsi-cena-5755\/","title":{"rendered":"ABB 3558-80750 Garant ovl\u00e1da\u010d zap\u00ednac\u00ed IP66, \u0161ed\u00e1 \u010d.1\/0 vhodn\u00e9 na d\u0159evo bez podlo\u017eky Nejlep\u0161\u00ed Cena"},"content":{"rendered":"<div id=\"e9023427\" class=\"pages\">\n<div id=\"PDDescription\" class=\"UserContentView userContent v1a v1 bs-view dcon dc150 PDDescription\" >\n<h2><span style=\"color: #008080;\">ABB 3558-80750 Garant ovl\u00e1da\u010d zap\u00ednac\u00ed IP66, \u0161ed\u00e1 \u010d.1\/0 vhodn\u00e9 na d\u0159evo bez podlo\u017eky<\/span><\/h2>\n<p>Garant\u00a0ovlada\u010d zap\u00ednac\u00ed\u00a0IP66 s \u010dir\u00fdm pr\u016fzorem, \u0161ed\u00e1.Vhodn\u00fd k pou\u017eit\u00ed na d\u0159evo bez pou\u017eit\u00ed podlo\u017eky.<\/p>\n<p><span style=\"color: #008080;\"><\/span><\/p>\n<p>\u00a0<\/p>\n<h2><span style=\"color: #008080;\">Parametry<\/span><\/h2>\n<p>\u00a0<\/p>\n<table class=\"params\" style=\"border: 1px solid #e8e8e8; width: 729px; color: #000000; text-transform: none; letter-spacing: 1.5px; font-family: 'Source Sans Pro'; font-size: medium; font-style: normal; font-weight: 400; word-spacing: 0px; white-space: normal; border-collapse: collapse; orphans: 2; widows: 2; background-color: #f0f0f0; font-variant-ligatures: normal; font-variant-caps: normal; -webkit-text-stroke-width: 0px; text-decoration-thickness: initial; text-decoration-style: initial; text-decoration-color: initial;\">\n<tbody>\n<tr>\n<th style=\"text-align: left;\">Mont\u00e1\u017e<\/th>\n<td>Z\u00e1kladn\u00ed prvek s kompletn\u00edm krytem<\/td>\n<\/tr>\n<tr style=\"background-color: #ffffff;\">\n<th style=\"text-align: left;\">Proveden\u00ed<\/th>\n<td>Samostatn\u00e9 tla\u010d\u00edtko<\/td>\n<\/tr>\n<tr>\n<th style=\"text-align: left;\">Druh ovl\u00e1d\u00e1n\u00ed<\/th>\n<td>Kol\u00e9bka<\/td>\n<\/tr>\n<tr style=\"background-color: #ffffff;\">\n<th style=\"text-align: left;\">Kontakty<\/th>\n<td>1 pracovn\u00ed kontakt<\/td>\n<\/tr>\n<tr>\n<th style=\"text-align: left;\">Po\u010det p\u00f3l\u016f<\/th>\n<td>1\u00a0<\/td>\n<\/tr>\n<tr style=\"background-color: #ffffff;\">\n<th style=\"text-align: left;\">Kontakt zp\u011btn\u00e9ho hl\u00e1\u0161en\u00ed<\/th>\n<td>Ne<\/td>\n<\/tr>\n<tr>\n<th style=\"text-align: left;\">Po\u010det ovl\u00e1dac\u00edch kol\u00e9bek<\/th>\n<td>1\u00a0<\/td>\n<\/tr>\n<tr style=\"background-color: #ffffff;\">\n<th style=\"text-align: left;\">Po\u010det modul\u016f (modul.syst\u00e9m)<\/th>\n<td>0\u00a0<\/td>\n<\/tr>\n<tr>\n<th style=\"text-align: left;\">S osv\u011btlen\u00edm<\/th>\n<td>Ne<\/td>\n<\/tr>\n<tr style=\"background-color: #ffffff;\">\n<th style=\"text-align: left;\">Zp\u016fsob mont\u00e1\u017ee<\/th>\n<td>Instalace na om\u00edtku<\/td>\n<\/tr>\n<tr>\n<th style=\"text-align: left;\">Druh upevn\u011bn\u00ed<\/th>\n<td>\u0160roubovac\u00ed upevn\u011bn\u00ed<\/td>\n<\/tr>\n<tr style=\"background-color: #ffffff;\">\n<th style=\"text-align: left;\">Materi\u00e1l<\/th>\n<td>Kov<\/td>\n<\/tr>\n<tr>\n<th style=\"text-align: left;\">Kvalita materi\u00e1lu<\/th>\n<td>Hlin\u00edk<\/td>\n<\/tr>\n<tr style=\"background-color: #ffffff;\">\n<th style=\"text-align: left;\">Bezhalogenov\u00e9<\/th>\n<td>Ne<\/td>\n<\/tr>\n<tr>\n<th style=\"text-align: left;\">Povrchov\u00e1 ochrana<\/th>\n<td>Lakovan\u00e9<\/td>\n<\/tr>\n<tr style=\"background-color: #ffffff;\">\n<th style=\"text-align: left;\">Typ povrchu<\/th>\n<td>Leskl\u00fd<\/td>\n<\/tr>\n<tr>\n<th style=\"text-align: left;\">Antibakteri\u00e1ln\u00ed \u00faprava<\/th>\n<td>Ne<\/td>\n<\/tr>\n<tr style=\"background-color: #ffffff;\">\n<th style=\"text-align: left;\">Barva<\/th>\n<td>\u0160ed\u00e1<\/td>\n<\/tr>\n<tr>\n<th style=\"text-align: left;\">Transparentn\u00ed<\/th>\n<td>Ne<\/td>\n<\/tr>\n<tr style=\"background-color: #ffffff;\">\n<th style=\"text-align: left;\">Textov\u00e9 pole\/popisovac\u00ed plocha<\/th>\n<td>Ne<\/td>\n<\/tr>\n<tr>\n<th style=\"text-align: left;\">Potisk<\/th>\n<td>Bez<\/td>\n<\/tr>\n<tr style=\"background-color: #ffffff;\">\n<th style=\"text-align: left;\">Se signaliza\u010dn\u00ed \u017e\u00e1rovkou<\/th>\n<td>Ne<\/td>\n<\/tr>\n<tr>\n<th style=\"text-align: left;\">Vhodn\u00e9 pro kryt\u00ed (IP)<\/th>\n<td>IP66<\/td>\n<\/tr>\n<tr style=\"background-color: #ffffff;\">\n<th style=\"text-align: left;\">Jmenovit\u00e9 nap\u011bt\u00ed<\/th>\n<td>250\u00a0V<\/td>\n<\/tr>\n<tr>\n<th style=\"text-align: left;\">Jmenovit\u00fd proud<\/th>\n<td>10\u00a0A<\/td>\n<\/tr>\n<tr style=\"background-color: #ffffff;\">\n<th style=\"text-align: left;\">\u0160\u00ed\u0159ka p\u0159\u00edstroje<\/th>\n<td>84\u00a0mm<\/td>\n<\/tr>\n<tr>\n<th style=\"text-align: left;\">V\u00fd\u0161ka p\u0159\u00edstroje<\/th>\n<td>84\u00a0mm<\/td>\n<\/tr>\n<tr style=\"background-color: #ffffff;\">\n<th style=\"text-align: left;\">Hloubka p\u0159\u00edstroje<\/th>\n<td>51,5\u00a0mm<\/td>\n<\/tr>\n<tr>\n<th style=\"text-align: left;\">Min. depth of built-in installation box<\/th>\n<td>19\u00a0mm<\/td>\n<\/tr>\n<tr style=\"background-color: #ffffff;\">\n<th style=\"text-align: left;\">Hmotnost<\/th>\n<td>0,313192 kg<\/td>\n<\/tr>\n<\/tbody>\n<\/table>\n<p><span style=\"color: #008080;\">\u00a0<\/span><\/p>\n<div id=\"PDTable3\" class=\"ProductDetailTableView v3a v3 bs-view dcon dc175 PDTable3\" >\n<table>\n<thead><\/thead>\n<tbody>\n<tr class=\"attribute attr_bsshop_maker\">\n<td class=\"caption\">V\u00fdrobce<\/td>\n<td class=\"value\">ABB<\/td>\n<\/tr>\n<tr class=\"attribute attr_Barva\">\n<td class=\"caption\">Barva<\/td>\n<td class=\"value\">\u0161ed\u00e1<\/td>\n<\/tr>\n<\/tbody>\n<\/table><\/div>\n<\/div>\n<\/div>\n<div id=\"e9023428\" class=\"tabs\">\n","protected":false},"excerpt":{"rendered":"<p>ABB 3558-80750 Garant ovl\u00e1da\u010d zap\u00ednac\u00ed IP66, \u0161ed\u00e1 \u010d.1\/0 vhodn\u00e9 na d\u0159evo bez podlo\u017eky Garant\u00a0ovlada\u010d zap\u00ednac\u00ed\u00a0IP66 s \u010dir\u00fdm pr\u016fzorem, \u0161ed\u00e1.Vhodn\u00fd k pou\u017eit\u00ed na d\u0159evo bez pou\u017eit\u00ed podlo\u017eky. \u00a0 Parametry \u00a0 Mont\u00e1\u017e Z\u00e1kladn\u00ed prvek s kompletn\u00edm krytem Proveden\u00ed Samostatn\u00e9 tla\u010d\u00edtko Druh ovl\u00e1d\u00e1n\u00ed Kol\u00e9bka Kontakty 1 pracovn\u00ed kontakt Po\u010det p\u00f3l\u016f 1\u00a0 Kontakt zp\u011btn\u00e9ho hl\u00e1\u0161en\u00ed Ne Po\u010det ovl\u00e1dac\u00edch kol\u00e9bek [&hellip;]<\/p>\n","protected":false},"featured_media":5855,"comment_status":"open","ping_status":"open","template":"","meta":[],"product_brand":[],"product_cat":[43],"product_tag":[],"class_list":{"0":"post-5755","1":"product","2":"type-product","3":"status-publish","4":"has-post-thumbnail","6":"product_cat-vyp-237-nace-a-z-225-suvky","8":"first","9":"instock","10":"sale","11":"shipping-taxable","12":"purchasable","13":"product-type-simple"},"yoast_head":"<!-- This site is optimized with the Yoast SEO plugin v26.8 - https:\/\/yoast.com\/product\/yoast-seo-wordpress\/ -->\n<title>ABB 3558-80750 Garant ovl\u00e1da\u010d zap\u00ednac\u00ed IP66, \u0161ed\u00e1 \u010d.1\/0 vhodn\u00e9 na d\u0159evo bez podlo\u017eky Nejlep\u0161\u00ed Cena -<\/title>\n<meta name=\"robots\" content=\"index, follow, max-snippet:-1, max-image-preview:large, max-video-preview:-1\" \/>\n<link rel=\"canonical\" href=\"https:\/\/www.domtechnikpro.com\/index.php\/produkt\/abb-3558-80750-garant-ovladac-zapinaci-ip66-seda-c-1-0-vhodne-na-drevo-bez-podlozky-nejlepsi-cena-5755\/\" \/>\n<meta property=\"og:locale\" content=\"cs_CZ\" \/>\n<meta property=\"og:type\" content=\"article\" \/>\n<meta property=\"og:title\" content=\"ABB 3558-80750 Garant ovl\u00e1da\u010d zap\u00ednac\u00ed IP66, \u0161ed\u00e1 \u010d.1\/0 vhodn\u00e9 na d\u0159evo bez podlo\u017eky Nejlep\u0161\u00ed Cena -\" \/>\n<meta property=\"og:description\" content=\"ABB 3558-80750 Garant ovl\u00e1da\u010d zap\u00ednac\u00ed IP66, \u0161ed\u00e1 \u010d.1\/0 vhodn\u00e9 na d\u0159evo bez podlo\u017eky Garant\u00a0ovlada\u010d zap\u00ednac\u00ed\u00a0IP66 s \u010dir\u00fdm pr\u016fzorem, \u0161ed\u00e1.Vhodn\u00fd k pou\u017eit\u00ed na d\u0159evo bez pou\u017eit\u00ed podlo\u017eky. \u00a0 Parametry \u00a0 Mont\u00e1\u017e Z\u00e1kladn\u00ed prvek s kompletn\u00edm krytem Proveden\u00ed Samostatn\u00e9 tla\u010d\u00edtko Druh ovl\u00e1d\u00e1n\u00ed Kol\u00e9bka Kontakty 1 pracovn\u00ed kontakt Po\u010det p\u00f3l\u016f 1\u00a0 Kontakt zp\u011btn\u00e9ho hl\u00e1\u0161en\u00ed Ne Po\u010det ovl\u00e1dac\u00edch kol\u00e9bek [&hellip;]\" \/>\n<meta property=\"og:url\" content=\"https:\/\/www.domtechnikpro.com\/index.php\/produkt\/abb-3558-80750-garant-ovladac-zapinaci-ip66-seda-c-1-0-vhodne-na-drevo-bez-podlozky-nejlepsi-cena-5755\/\" \/>\n<meta property=\"og:image\" content=\"https:\/\/www.domtechnikpro.com\/wp-content\/uploads\/2026\/SK0002388-CZ20260425-091623-0-1777079785-abb-3558-80750-garant-ovladac-zapinaci-ip66-seda-c-1-0-vhod.webp\" \/>\n\t<meta property=\"og:image:width\" content=\"1000\" \/>\n\t<meta property=\"og:image:height\" content=\"525\" \/>\n\t<meta property=\"og:image:type\" content=\"image\/webp\" \/>\n<meta name=\"twitter:card\" content=\"summary_large_image\" \/>\n<meta name=\"twitter:label1\" content=\"Odhadovan\u00e1 doba \u010dten\u00ed\" \/>\n\t<meta name=\"twitter:data1\" content=\"1 minuta\" \/>\n<script type=\"application\/ld+json\" class=\"yoast-schema-graph\">{\"@context\":\"https:\/\/schema.org\",\"@graph\":[{\"@type\":\"WebPage\",\"@id\":\"https:\/\/www.domtechnikpro.com\/index.php\/produkt\/abb-3558-80750-garant-ovladac-zapinaci-ip66-seda-c-1-0-vhodne-na-drevo-bez-podlozky-nejlepsi-cena-5755\/\",\"url\":\"https:\/\/www.domtechnikpro.com\/index.php\/produkt\/abb-3558-80750-garant-ovladac-zapinaci-ip66-seda-c-1-0-vhodne-na-drevo-bez-podlozky-nejlepsi-cena-5755\/\",\"name\":\"ABB 3558-80750 Garant ovl\u00e1da\u010d zap\u00ednac\u00ed IP66, \u0161ed\u00e1 \u010d.1\/0 vhodn\u00e9 na d\u0159evo bez podlo\u017eky Nejlep\u0161\u00ed Cena -\",\"isPartOf\":{\"@id\":\"https:\/\/www.domtechnikpro.com\/#website\"},\"primaryImageOfPage\":{\"@id\":\"https:\/\/www.domtechnikpro.com\/index.php\/produkt\/abb-3558-80750-garant-ovladac-zapinaci-ip66-seda-c-1-0-vhodne-na-drevo-bez-podlozky-nejlepsi-cena-5755\/#primaryimage\"},\"image\":{\"@id\":\"https:\/\/www.domtechnikpro.com\/index.php\/produkt\/abb-3558-80750-garant-ovladac-zapinaci-ip66-seda-c-1-0-vhodne-na-drevo-bez-podlozky-nejlepsi-cena-5755\/#primaryimage\"},\"thumbnailUrl\":\"https:\/\/www.domtechnikpro.com\/wp-content\/uploads\/2026\/SK0002388-CZ20260425-091623-0-1777079785-abb-3558-80750-garant-ovladac-zapinaci-ip66-seda-c-1-0-vhod.webp\",\"datePublished\":\"2026-04-26T08:52:06+00:00\",\"breadcrumb\":{\"@id\":\"https:\/\/www.domtechnikpro.com\/index.php\/produkt\/abb-3558-80750-garant-ovladac-zapinaci-ip66-seda-c-1-0-vhodne-na-drevo-bez-podlozky-nejlepsi-cena-5755\/#breadcrumb\"},\"inLanguage\":\"cs\",\"potentialAction\":[{\"@type\":\"ReadAction\",\"target\":[\"https:\/\/www.domtechnikpro.com\/index.php\/produkt\/abb-3558-80750-garant-ovladac-zapinaci-ip66-seda-c-1-0-vhodne-na-drevo-bez-podlozky-nejlepsi-cena-5755\/\"]}]},{\"@type\":\"ImageObject\",\"inLanguage\":\"cs\",\"@id\":\"https:\/\/www.domtechnikpro.com\/index.php\/produkt\/abb-3558-80750-garant-ovladac-zapinaci-ip66-seda-c-1-0-vhodne-na-drevo-bez-podlozky-nejlepsi-cena-5755\/#primaryimage\",\"url\":\"https:\/\/www.domtechnikpro.com\/wp-content\/uploads\/2026\/SK0002388-CZ20260425-091623-0-1777079785-abb-3558-80750-garant-ovladac-zapinaci-ip66-seda-c-1-0-vhod.webp\",\"contentUrl\":\"https:\/\/www.domtechnikpro.com\/wp-content\/uploads\/2026\/SK0002388-CZ20260425-091623-0-1777079785-abb-3558-80750-garant-ovladac-zapinaci-ip66-seda-c-1-0-vhod.webp\",\"width\":1000,\"height\":525},{\"@type\":\"BreadcrumbList\",\"@id\":\"https:\/\/www.domtechnikpro.com\/index.php\/produkt\/abb-3558-80750-garant-ovladac-zapinaci-ip66-seda-c-1-0-vhodne-na-drevo-bez-podlozky-nejlepsi-cena-5755\/#breadcrumb\",\"itemListElement\":[{\"@type\":\"ListItem\",\"position\":1,\"name\":\"Home\",\"item\":\"https:\/\/www.domtechnikpro.com\/\"},{\"@type\":\"ListItem\",\"position\":2,\"name\":\"Products\",\"item\":\"https:\/\/www.domtechnikpro.com\/index.php\/products\/\"},{\"@type\":\"ListItem\",\"position\":3,\"name\":\"ABB 3558-80750 Garant ovl\u00e1da\u010d zap\u00ednac\u00ed IP66, \u0161ed\u00e1 \u010d.1\/0 vhodn\u00e9 na d\u0159evo bez podlo\u017eky Nejlep\u0161\u00ed Cena\"}]},{\"@type\":\"WebSite\",\"@id\":\"https:\/\/www.domtechnikpro.com\/#website\",\"url\":\"https:\/\/www.domtechnikpro.com\/\",\"name\":\"\",\"description\":\"\",\"potentialAction\":[{\"@type\":\"SearchAction\",\"target\":{\"@type\":\"EntryPoint\",\"urlTemplate\":\"https:\/\/www.domtechnikpro.com\/?s={search_term_string}\"},\"query-input\":{\"@type\":\"PropertyValueSpecification\",\"valueRequired\":true,\"valueName\":\"search_term_string\"}}],\"inLanguage\":\"cs\"}]}<\/script>\n<!-- \/ Yoast SEO plugin. -->","yoast_head_json":{"title":"ABB 3558-80750 Garant ovl\u00e1da\u010d zap\u00ednac\u00ed IP66, \u0161ed\u00e1 \u010d.1\/0 vhodn\u00e9 na d\u0159evo bez podlo\u017eky Nejlep\u0161\u00ed Cena -","robots":{"index":"index","follow":"follow","max-snippet":"max-snippet:-1","max-image-preview":"max-image-preview:large","max-video-preview":"max-video-preview:-1"},"canonical":"https:\/\/www.domtechnikpro.com\/index.php\/produkt\/abb-3558-80750-garant-ovladac-zapinaci-ip66-seda-c-1-0-vhodne-na-drevo-bez-podlozky-nejlepsi-cena-5755\/","og_locale":"cs_CZ","og_type":"article","og_title":"ABB 3558-80750 Garant ovl\u00e1da\u010d zap\u00ednac\u00ed IP66, \u0161ed\u00e1 \u010d.1\/0 vhodn\u00e9 na d\u0159evo bez podlo\u017eky Nejlep\u0161\u00ed Cena -","og_description":"ABB 3558-80750 Garant ovl\u00e1da\u010d zap\u00ednac\u00ed IP66, \u0161ed\u00e1 \u010d.1\/0 vhodn\u00e9 na d\u0159evo bez podlo\u017eky Garant\u00a0ovlada\u010d zap\u00ednac\u00ed\u00a0IP66 s \u010dir\u00fdm pr\u016fzorem, \u0161ed\u00e1.Vhodn\u00fd k pou\u017eit\u00ed na d\u0159evo bez pou\u017eit\u00ed podlo\u017eky. \u00a0 Parametry \u00a0 Mont\u00e1\u017e Z\u00e1kladn\u00ed prvek s kompletn\u00edm krytem Proveden\u00ed Samostatn\u00e9 tla\u010d\u00edtko Druh ovl\u00e1d\u00e1n\u00ed Kol\u00e9bka Kontakty 1 pracovn\u00ed kontakt Po\u010det p\u00f3l\u016f 1\u00a0 Kontakt zp\u011btn\u00e9ho hl\u00e1\u0161en\u00ed Ne Po\u010det ovl\u00e1dac\u00edch kol\u00e9bek [&hellip;]","og_url":"https:\/\/www.domtechnikpro.com\/index.php\/produkt\/abb-3558-80750-garant-ovladac-zapinaci-ip66-seda-c-1-0-vhodne-na-drevo-bez-podlozky-nejlepsi-cena-5755\/","og_image":[{"width":1000,"height":525,"url":"https:\/\/www.domtechnikpro.com\/wp-content\/uploads\/2026\/SK0002388-CZ20260425-091623-0-1777079785-abb-3558-80750-garant-ovladac-zapinaci-ip66-seda-c-1-0-vhod.webp","type":"image\/webp"}],"twitter_card":"summary_large_image","twitter_misc":{"Odhadovan\u00e1 doba \u010dten\u00ed":"1 minuta"},"schema":{"@context":"https:\/\/schema.org","@graph":[{"@type":"WebPage","@id":"https:\/\/www.domtechnikpro.com\/index.php\/produkt\/abb-3558-80750-garant-ovladac-zapinaci-ip66-seda-c-1-0-vhodne-na-drevo-bez-podlozky-nejlepsi-cena-5755\/","url":"https:\/\/www.domtechnikpro.com\/index.php\/produkt\/abb-3558-80750-garant-ovladac-zapinaci-ip66-seda-c-1-0-vhodne-na-drevo-bez-podlozky-nejlepsi-cena-5755\/","name":"ABB 3558-80750 Garant ovl\u00e1da\u010d zap\u00ednac\u00ed IP66, \u0161ed\u00e1 \u010d.1\/0 vhodn\u00e9 na d\u0159evo bez podlo\u017eky Nejlep\u0161\u00ed Cena -","isPartOf":{"@id":"https:\/\/www.domtechnikpro.com\/#website"},"primaryImageOfPage":{"@id":"https:\/\/www.domtechnikpro.com\/index.php\/produkt\/abb-3558-80750-garant-ovladac-zapinaci-ip66-seda-c-1-0-vhodne-na-drevo-bez-podlozky-nejlepsi-cena-5755\/#primaryimage"},"image":{"@id":"https:\/\/www.domtechnikpro.com\/index.php\/produkt\/abb-3558-80750-garant-ovladac-zapinaci-ip66-seda-c-1-0-vhodne-na-drevo-bez-podlozky-nejlepsi-cena-5755\/#primaryimage"},"thumbnailUrl":"https:\/\/www.domtechnikpro.com\/wp-content\/uploads\/2026\/SK0002388-CZ20260425-091623-0-1777079785-abb-3558-80750-garant-ovladac-zapinaci-ip66-seda-c-1-0-vhod.webp","datePublished":"2026-04-26T08:52:06+00:00","breadcrumb":{"@id":"https:\/\/www.domtechnikpro.com\/index.php\/produkt\/abb-3558-80750-garant-ovladac-zapinaci-ip66-seda-c-1-0-vhodne-na-drevo-bez-podlozky-nejlepsi-cena-5755\/#breadcrumb"},"inLanguage":"cs","potentialAction":[{"@type":"ReadAction","target":["https:\/\/www.domtechnikpro.com\/index.php\/produkt\/abb-3558-80750-garant-ovladac-zapinaci-ip66-seda-c-1-0-vhodne-na-drevo-bez-podlozky-nejlepsi-cena-5755\/"]}]},{"@type":"ImageObject","inLanguage":"cs","@id":"https:\/\/www.domtechnikpro.com\/index.php\/produkt\/abb-3558-80750-garant-ovladac-zapinaci-ip66-seda-c-1-0-vhodne-na-drevo-bez-podlozky-nejlepsi-cena-5755\/#primaryimage","url":"https:\/\/www.domtechnikpro.com\/wp-content\/uploads\/2026\/SK0002388-CZ20260425-091623-0-1777079785-abb-3558-80750-garant-ovladac-zapinaci-ip66-seda-c-1-0-vhod.webp","contentUrl":"https:\/\/www.domtechnikpro.com\/wp-content\/uploads\/2026\/SK0002388-CZ20260425-091623-0-1777079785-abb-3558-80750-garant-ovladac-zapinaci-ip66-seda-c-1-0-vhod.webp","width":1000,"height":525},{"@type":"BreadcrumbList","@id":"https:\/\/www.domtechnikpro.com\/index.php\/produkt\/abb-3558-80750-garant-ovladac-zapinaci-ip66-seda-c-1-0-vhodne-na-drevo-bez-podlozky-nejlepsi-cena-5755\/#breadcrumb","itemListElement":[{"@type":"ListItem","position":1,"name":"Home","item":"https:\/\/www.domtechnikpro.com\/"},{"@type":"ListItem","position":2,"name":"Products","item":"https:\/\/www.domtechnikpro.com\/index.php\/products\/"},{"@type":"ListItem","position":3,"name":"ABB 3558-80750 Garant ovl\u00e1da\u010d zap\u00ednac\u00ed IP66, \u0161ed\u00e1 \u010d.1\/0 vhodn\u00e9 na d\u0159evo bez podlo\u017eky Nejlep\u0161\u00ed Cena"}]},{"@type":"WebSite","@id":"https:\/\/www.domtechnikpro.com\/#website","url":"https:\/\/www.domtechnikpro.com\/","name":"","description":"","potentialAction":[{"@type":"SearchAction","target":{"@type":"EntryPoint","urlTemplate":"https:\/\/www.domtechnikpro.com\/?s={search_term_string}"},"query-input":{"@type":"PropertyValueSpecification","valueRequired":true,"valueName":"search_term_string"}}],"inLanguage":"cs"}]}},"_links":{"self":[{"href":"https:\/\/www.domtechnikpro.com\/index.php\/wp-json\/wp\/v2\/product\/5755","targetHints":{"allow":["GET"]}}],"collection":[{"href":"https:\/\/www.domtechnikpro.com\/index.php\/wp-json\/wp\/v2\/product"}],"about":[{"href":"https:\/\/www.domtechnikpro.com\/index.php\/wp-json\/wp\/v2\/types\/product"}],"replies":[{"embeddable":true,"href":"https:\/\/www.domtechnikpro.com\/index.php\/wp-json\/wp\/v2\/comments?post=5755"}],"wp:featuredmedia":[{"embeddable":true,"href":"https:\/\/www.domtechnikpro.com\/index.php\/wp-json\/wp\/v2\/media\/5855"}],"wp:attachment":[{"href":"https:\/\/www.domtechnikpro.com\/index.php\/wp-json\/wp\/v2\/media?parent=5755"}],"wp:term":[{"taxonomy":"product_brand","embeddable":true,"href":"https:\/\/www.domtechnikpro.com\/index.php\/wp-json\/wp\/v2\/product_brand?post=5755"},{"taxonomy":"product_cat","embeddable":true,"href":"https:\/\/www.domtechnikpro.com\/index.php\/wp-json\/wp\/v2\/product_cat?post=5755"},{"taxonomy":"product_tag","embeddable":true,"href":"https:\/\/www.domtechnikpro.com\/index.php\/wp-json\/wp\/v2\/product_tag?post=5755"}],"curies":[{"name":"wp","href":"https:\/\/api.w.org\/{rel}","templated":true}]}}