{"id":57129,"date":"2026-04-26T09:02:10","date_gmt":"2026-04-26T09:02:10","guid":{"rendered":""},"modified":"2026-04-26T09:02:10","modified_gmt":"2026-04-26T09:02:10","slug":"znackovy-nimco-unix-st-283-rka-pro-sprchov-eacute-kouty-s-dr-382-aacute-kem-silikon-scaron-ed-aacute-57129","status":"publish","type":"product","link":"https:\/\/www.domtechnikpro.com\/produkt\/znackovy-nimco-unix-st-283-rka-pro-sprchov-eacute-kouty-s-dr-382-aacute-kem-silikon-scaron-ed-aacute-57129\/","title":{"rendered":"Zna\u010dkov\u00fd NIMCO | UNIX | st&#283;rka pro sprchov&eacute; kouty s dr&#382;&aacute;kem | silikon | &scaron;ed&aacute;"},"content":{"rendered":"<p><!-- More info -->\t\t\t\t\t<\/p>\n<section id=\"idTab1\" class=\"page-product-box tab-pane active\" role=\"tabpanel\" aria-labelledby=\"idTab1\">\t\t\t\t\t\t<!-- full description -->\t\t\t\t\t\t<\/p>\n<div class=\"rte\">Koupelnov\u00e1 st\u011brka do sprchy s dr\u017e\u00e1kem<\/p>\n<p>Koupelnov\u00e1 st\u011brka z\u00e1v\u011bsn\u00e1 do sprchy \u0161ed\u00e1 je skv\u011bl\u00fdm dopl\u0148kem do koupelny. Z\u00e1v\u011bsn\u00e1 sprchov\u00e1 st\u011brka je ur\u010dena k zav\u011b\u0161en\u00ed do sprchov\u00e9ho koutu. Tlou\u0161\u0165ka skla max 10 mm. St\u011brka je vyrobena z kovu. Cel\u00fd jej\u00ed povrch je obalen matn\u00fdm silikonem. V\u00fdhodou silikonov\u00e9 st\u011brky je jej\u00ed pru\u017enost. P\u0159i neo\u010dek\u00e1van\u00e9m p\u00e1du neponi\u010d\u00ed sprchovou vani\u010dku nebo vanu. Sou\u010d\u00e1st\u00ed st\u011brky je silikonov\u00fd h\u00e1k pro zav\u011b\u0161en\u00ed.<\/p><\/div>\n<\/section>\n<p>\t\t\t\t\t<!--end  More info -->\t\t\t\t\t\t\t\t\t\t\t\t\t\t\t\t\t\t\t\t\t\t\t\t\t\t\t\t\t\t\t<\/div>\n<\/p><\/div>\n<p><!--QTR Accessories --><\/p>\n","protected":false},"excerpt":{"rendered":"<p>Koupelnov\u00e1 st\u011brka do sprchy s dr\u017e\u00e1kem Koupelnov\u00e1 st\u011brka z\u00e1v\u011bsn\u00e1 do sprchy \u0161ed\u00e1 je skv\u011bl\u00fdm dopl\u0148kem do koupelny. Z\u00e1v\u011bsn\u00e1 sprchov\u00e1 st\u011brka je ur\u010dena k zav\u011b\u0161en\u00ed do sprchov\u00e9ho koutu. Tlou\u0161\u0165ka skla max 10 mm. St\u011brka je vyrobena z kovu. Cel\u00fd jej\u00ed povrch je obalen matn\u00fdm silikonem. V\u00fdhodou silikonov\u00e9 st\u011brky je jej\u00ed pru\u017enost. P\u0159i neo\u010dek\u00e1van\u00e9m p\u00e1du neponi\u010d\u00ed sprchovou [&hellip;]<\/p>\n","protected":false},"featured_media":57229,"comment_status":"open","ping_status":"open","template":"","meta":[],"product_brand":[],"product_cat":[172],"product_tag":[],"class_list":{"0":"post-57129","1":"product","2":"type-product","3":"status-publish","4":"has-post-thumbnail","6":"product_cat-sanit-aacute-rn-iacute-vybaven-iacute","8":"first","9":"instock","10":"sale","11":"shipping-taxable","12":"purchasable","13":"product-type-simple"},"yoast_head":"<!-- This site is optimized with the Yoast SEO plugin v26.8 - https:\/\/yoast.com\/product\/yoast-seo-wordpress\/ -->\n<title>Zna\u010dkov\u00fd NIMCO | UNIX | st&#283;rka pro sprchov&eacute; kouty s dr&#382;&aacute;kem | silikon | &scaron;ed&aacute; - Pr\u016fmyslov\u00e9 vybaven\u00ed a p\u0159\u00edslu\u0161enstv\u00ed<\/title>\n<meta name=\"robots\" content=\"index, follow, max-snippet:-1, max-image-preview:large, max-video-preview:-1\" \/>\n<link rel=\"canonical\" href=\"https:\/\/www.domtechnikpro.com\/index.php\/produkt\/znackovy-nimco-unix-st-283-rka-pro-sprchov-eacute-kouty-s-dr-382-aacute-kem-silikon-scaron-ed-aacute-57129\/\" \/>\n<meta property=\"og:locale\" content=\"cs_CZ\" \/>\n<meta property=\"og:type\" content=\"article\" \/>\n<meta property=\"og:title\" content=\"Zna\u010dkov\u00fd NIMCO | UNIX | st&#283;rka pro sprchov&eacute; kouty s dr&#382;&aacute;kem | silikon | &scaron;ed&aacute; - Pr\u016fmyslov\u00e9 vybaven\u00ed a p\u0159\u00edslu\u0161enstv\u00ed\" \/>\n<meta property=\"og:description\" content=\"Koupelnov\u00e1 st\u011brka do sprchy s dr\u017e\u00e1kem Koupelnov\u00e1 st\u011brka z\u00e1v\u011bsn\u00e1 do sprchy \u0161ed\u00e1 je skv\u011bl\u00fdm dopl\u0148kem do koupelny. Z\u00e1v\u011bsn\u00e1 sprchov\u00e1 st\u011brka je ur\u010dena k zav\u011b\u0161en\u00ed do sprchov\u00e9ho koutu. Tlou\u0161\u0165ka skla max 10 mm. St\u011brka je vyrobena z kovu. Cel\u00fd jej\u00ed povrch je obalen matn\u00fdm silikonem. V\u00fdhodou silikonov\u00e9 st\u011brky je jej\u00ed pru\u017enost. P\u0159i neo\u010dek\u00e1van\u00e9m p\u00e1du neponi\u010d\u00ed sprchovou [&hellip;]\" \/>\n<meta property=\"og:url\" content=\"https:\/\/www.domtechnikpro.com\/index.php\/produkt\/znackovy-nimco-unix-st-283-rka-pro-sprchov-eacute-kouty-s-dr-382-aacute-kem-silikon-scaron-ed-aacute-57129\/\" \/>\n<meta property=\"og:site_name\" content=\"Pr\u016fmyslov\u00e9 vybaven\u00ed a p\u0159\u00edslu\u0161enstv\u00ed\" \/>\n<meta property=\"og:image\" content=\"https:\/\/www.domtechnikpro.com\/wp-content\/uploads\/2026\/SK0002665-CZ20260425-093107-0-1777080667-60535-large_default.webp\" \/>\n\t<meta property=\"og:image:width\" content=\"470\" \/>\n\t<meta property=\"og:image:height\" content=\"470\" \/>\n\t<meta property=\"og:image:type\" content=\"image\/webp\" \/>\n<meta name=\"twitter:card\" content=\"summary_large_image\" \/>\n<script type=\"application\/ld+json\" class=\"yoast-schema-graph\">{\"@context\":\"https:\/\/schema.org\",\"@graph\":[{\"@type\":\"WebPage\",\"@id\":\"https:\/\/www.domtechnikpro.com\/index.php\/produkt\/znackovy-nimco-unix-st-283-rka-pro-sprchov-eacute-kouty-s-dr-382-aacute-kem-silikon-scaron-ed-aacute-57129\/\",\"url\":\"https:\/\/www.domtechnikpro.com\/index.php\/produkt\/znackovy-nimco-unix-st-283-rka-pro-sprchov-eacute-kouty-s-dr-382-aacute-kem-silikon-scaron-ed-aacute-57129\/\",\"name\":\"Zna\u010dkov\u00fd NIMCO | UNIX | st&#283;rka pro sprchov&eacute; kouty s dr&#382;&aacute;kem | silikon | &scaron;ed&aacute; - Pr\u016fmyslov\u00e9 vybaven\u00ed a p\u0159\u00edslu\u0161enstv\u00ed\",\"isPartOf\":{\"@id\":\"https:\/\/www.domtechnikpro.com\/#website\"},\"primaryImageOfPage\":{\"@id\":\"https:\/\/www.domtechnikpro.com\/index.php\/produkt\/znackovy-nimco-unix-st-283-rka-pro-sprchov-eacute-kouty-s-dr-382-aacute-kem-silikon-scaron-ed-aacute-57129\/#primaryimage\"},\"image\":{\"@id\":\"https:\/\/www.domtechnikpro.com\/index.php\/produkt\/znackovy-nimco-unix-st-283-rka-pro-sprchov-eacute-kouty-s-dr-382-aacute-kem-silikon-scaron-ed-aacute-57129\/#primaryimage\"},\"thumbnailUrl\":\"https:\/\/www.domtechnikpro.com\/wp-content\/uploads\/2026\/SK0002665-CZ20260425-093107-0-1777080667-60535-large_default.webp\",\"datePublished\":\"2026-04-26T09:02:10+00:00\",\"breadcrumb\":{\"@id\":\"https:\/\/www.domtechnikpro.com\/index.php\/produkt\/znackovy-nimco-unix-st-283-rka-pro-sprchov-eacute-kouty-s-dr-382-aacute-kem-silikon-scaron-ed-aacute-57129\/#breadcrumb\"},\"inLanguage\":\"cs\",\"potentialAction\":[{\"@type\":\"ReadAction\",\"target\":[\"https:\/\/www.domtechnikpro.com\/index.php\/produkt\/znackovy-nimco-unix-st-283-rka-pro-sprchov-eacute-kouty-s-dr-382-aacute-kem-silikon-scaron-ed-aacute-57129\/\"]}]},{\"@type\":\"ImageObject\",\"inLanguage\":\"cs\",\"@id\":\"https:\/\/www.domtechnikpro.com\/index.php\/produkt\/znackovy-nimco-unix-st-283-rka-pro-sprchov-eacute-kouty-s-dr-382-aacute-kem-silikon-scaron-ed-aacute-57129\/#primaryimage\",\"url\":\"https:\/\/www.domtechnikpro.com\/wp-content\/uploads\/2026\/SK0002665-CZ20260425-093107-0-1777080667-60535-large_default.webp\",\"contentUrl\":\"https:\/\/www.domtechnikpro.com\/wp-content\/uploads\/2026\/SK0002665-CZ20260425-093107-0-1777080667-60535-large_default.webp\",\"width\":470,\"height\":470},{\"@type\":\"BreadcrumbList\",\"@id\":\"https:\/\/www.domtechnikpro.com\/index.php\/produkt\/znackovy-nimco-unix-st-283-rka-pro-sprchov-eacute-kouty-s-dr-382-aacute-kem-silikon-scaron-ed-aacute-57129\/#breadcrumb\",\"itemListElement\":[{\"@type\":\"ListItem\",\"position\":1,\"name\":\"Home\",\"item\":\"https:\/\/www.domtechnikpro.com\/\"},{\"@type\":\"ListItem\",\"position\":2,\"name\":\"Products\",\"item\":\"https:\/\/www.domtechnikpro.com\/products\/\"},{\"@type\":\"ListItem\",\"position\":3,\"name\":\"Zna\u010dkov\u00fd NIMCO | UNIX | st&#283;rka pro sprchov&eacute; kouty s dr&#382;&aacute;kem | silikon | &scaron;ed&aacute;\"}]},{\"@type\":\"WebSite\",\"@id\":\"https:\/\/www.domtechnikpro.com\/#website\",\"url\":\"https:\/\/www.domtechnikpro.com\/\",\"name\":\"Pr\u016fmyslov\u00e9 vybaven\u00ed a p\u0159\u00edslu\u0161enstv\u00ed\",\"description\":\"Pr\u016fmyslov\u00e9 vybaven\u00ed a p\u0159\u00edslu\u0161enstv\u00ed\",\"publisher\":{\"@id\":\"https:\/\/www.domtechnikpro.com\/#organization\"},\"potentialAction\":[{\"@type\":\"SearchAction\",\"target\":{\"@type\":\"EntryPoint\",\"urlTemplate\":\"https:\/\/www.domtechnikpro.com\/?s={search_term_string}\"},\"query-input\":{\"@type\":\"PropertyValueSpecification\",\"valueRequired\":true,\"valueName\":\"search_term_string\"}}],\"inLanguage\":\"cs\"},{\"@type\":\"Organization\",\"@id\":\"https:\/\/www.domtechnikpro.com\/#organization\",\"name\":\"Pr\u016fmyslov\u00e9 vybaven\u00ed a p\u0159\u00edslu\u0161enstv\u00ed\",\"url\":\"https:\/\/www.domtechnikpro.com\/\",\"logo\":{\"@type\":\"ImageObject\",\"inLanguage\":\"cs\",\"@id\":\"https:\/\/www.domtechnikpro.com\/#\/schema\/logo\/image\/\",\"url\":\"https:\/\/www.domtechnikpro.com\/wp-content\/uploads\/2026\/04\/domtechnikpro_logo_full.svg\",\"contentUrl\":\"https:\/\/www.domtechnikpro.com\/wp-content\/uploads\/2026\/04\/domtechnikpro_logo_full.svg\",\"width\":920,\"height\":180,\"caption\":\"Pr\u016fmyslov\u00e9 vybaven\u00ed a p\u0159\u00edslu\u0161enstv\u00ed\"},\"image\":{\"@id\":\"https:\/\/www.domtechnikpro.com\/#\/schema\/logo\/image\/\"}}]}<\/script>\n<!-- \/ Yoast SEO plugin. -->","yoast_head_json":{"title":"Zna\u010dkov\u00fd NIMCO | UNIX | st&#283;rka pro sprchov&eacute; kouty s dr&#382;&aacute;kem | silikon | &scaron;ed&aacute; - Pr\u016fmyslov\u00e9 vybaven\u00ed a p\u0159\u00edslu\u0161enstv\u00ed","robots":{"index":"index","follow":"follow","max-snippet":"max-snippet:-1","max-image-preview":"max-image-preview:large","max-video-preview":"max-video-preview:-1"},"canonical":"https:\/\/www.domtechnikpro.com\/index.php\/produkt\/znackovy-nimco-unix-st-283-rka-pro-sprchov-eacute-kouty-s-dr-382-aacute-kem-silikon-scaron-ed-aacute-57129\/","og_locale":"cs_CZ","og_type":"article","og_title":"Zna\u010dkov\u00fd NIMCO | UNIX | st&#283;rka pro sprchov&eacute; kouty s dr&#382;&aacute;kem | silikon | &scaron;ed&aacute; - Pr\u016fmyslov\u00e9 vybaven\u00ed a p\u0159\u00edslu\u0161enstv\u00ed","og_description":"Koupelnov\u00e1 st\u011brka do sprchy s dr\u017e\u00e1kem Koupelnov\u00e1 st\u011brka z\u00e1v\u011bsn\u00e1 do sprchy \u0161ed\u00e1 je skv\u011bl\u00fdm dopl\u0148kem do koupelny. Z\u00e1v\u011bsn\u00e1 sprchov\u00e1 st\u011brka je ur\u010dena k zav\u011b\u0161en\u00ed do sprchov\u00e9ho koutu. Tlou\u0161\u0165ka skla max 10 mm. St\u011brka je vyrobena z kovu. Cel\u00fd jej\u00ed povrch je obalen matn\u00fdm silikonem. V\u00fdhodou silikonov\u00e9 st\u011brky je jej\u00ed pru\u017enost. P\u0159i neo\u010dek\u00e1van\u00e9m p\u00e1du neponi\u010d\u00ed sprchovou [&hellip;]","og_url":"https:\/\/www.domtechnikpro.com\/index.php\/produkt\/znackovy-nimco-unix-st-283-rka-pro-sprchov-eacute-kouty-s-dr-382-aacute-kem-silikon-scaron-ed-aacute-57129\/","og_site_name":"Pr\u016fmyslov\u00e9 vybaven\u00ed a p\u0159\u00edslu\u0161enstv\u00ed","og_image":[{"width":470,"height":470,"url":"https:\/\/www.domtechnikpro.com\/wp-content\/uploads\/2026\/SK0002665-CZ20260425-093107-0-1777080667-60535-large_default.webp","type":"image\/webp"}],"twitter_card":"summary_large_image","schema":{"@context":"https:\/\/schema.org","@graph":[{"@type":"WebPage","@id":"https:\/\/www.domtechnikpro.com\/index.php\/produkt\/znackovy-nimco-unix-st-283-rka-pro-sprchov-eacute-kouty-s-dr-382-aacute-kem-silikon-scaron-ed-aacute-57129\/","url":"https:\/\/www.domtechnikpro.com\/index.php\/produkt\/znackovy-nimco-unix-st-283-rka-pro-sprchov-eacute-kouty-s-dr-382-aacute-kem-silikon-scaron-ed-aacute-57129\/","name":"Zna\u010dkov\u00fd NIMCO | UNIX | st&#283;rka pro sprchov&eacute; kouty s dr&#382;&aacute;kem | silikon | &scaron;ed&aacute; - Pr\u016fmyslov\u00e9 vybaven\u00ed a p\u0159\u00edslu\u0161enstv\u00ed","isPartOf":{"@id":"https:\/\/www.domtechnikpro.com\/#website"},"primaryImageOfPage":{"@id":"https:\/\/www.domtechnikpro.com\/index.php\/produkt\/znackovy-nimco-unix-st-283-rka-pro-sprchov-eacute-kouty-s-dr-382-aacute-kem-silikon-scaron-ed-aacute-57129\/#primaryimage"},"image":{"@id":"https:\/\/www.domtechnikpro.com\/index.php\/produkt\/znackovy-nimco-unix-st-283-rka-pro-sprchov-eacute-kouty-s-dr-382-aacute-kem-silikon-scaron-ed-aacute-57129\/#primaryimage"},"thumbnailUrl":"https:\/\/www.domtechnikpro.com\/wp-content\/uploads\/2026\/SK0002665-CZ20260425-093107-0-1777080667-60535-large_default.webp","datePublished":"2026-04-26T09:02:10+00:00","breadcrumb":{"@id":"https:\/\/www.domtechnikpro.com\/index.php\/produkt\/znackovy-nimco-unix-st-283-rka-pro-sprchov-eacute-kouty-s-dr-382-aacute-kem-silikon-scaron-ed-aacute-57129\/#breadcrumb"},"inLanguage":"cs","potentialAction":[{"@type":"ReadAction","target":["https:\/\/www.domtechnikpro.com\/index.php\/produkt\/znackovy-nimco-unix-st-283-rka-pro-sprchov-eacute-kouty-s-dr-382-aacute-kem-silikon-scaron-ed-aacute-57129\/"]}]},{"@type":"ImageObject","inLanguage":"cs","@id":"https:\/\/www.domtechnikpro.com\/index.php\/produkt\/znackovy-nimco-unix-st-283-rka-pro-sprchov-eacute-kouty-s-dr-382-aacute-kem-silikon-scaron-ed-aacute-57129\/#primaryimage","url":"https:\/\/www.domtechnikpro.com\/wp-content\/uploads\/2026\/SK0002665-CZ20260425-093107-0-1777080667-60535-large_default.webp","contentUrl":"https:\/\/www.domtechnikpro.com\/wp-content\/uploads\/2026\/SK0002665-CZ20260425-093107-0-1777080667-60535-large_default.webp","width":470,"height":470},{"@type":"BreadcrumbList","@id":"https:\/\/www.domtechnikpro.com\/index.php\/produkt\/znackovy-nimco-unix-st-283-rka-pro-sprchov-eacute-kouty-s-dr-382-aacute-kem-silikon-scaron-ed-aacute-57129\/#breadcrumb","itemListElement":[{"@type":"ListItem","position":1,"name":"Home","item":"https:\/\/www.domtechnikpro.com\/"},{"@type":"ListItem","position":2,"name":"Products","item":"https:\/\/www.domtechnikpro.com\/products\/"},{"@type":"ListItem","position":3,"name":"Zna\u010dkov\u00fd NIMCO | UNIX | st&#283;rka pro sprchov&eacute; kouty s dr&#382;&aacute;kem | silikon | &scaron;ed&aacute;"}]},{"@type":"WebSite","@id":"https:\/\/www.domtechnikpro.com\/#website","url":"https:\/\/www.domtechnikpro.com\/","name":"Pr\u016fmyslov\u00e9 vybaven\u00ed a p\u0159\u00edslu\u0161enstv\u00ed","description":"Pr\u016fmyslov\u00e9 vybaven\u00ed a p\u0159\u00edslu\u0161enstv\u00ed","publisher":{"@id":"https:\/\/www.domtechnikpro.com\/#organization"},"potentialAction":[{"@type":"SearchAction","target":{"@type":"EntryPoint","urlTemplate":"https:\/\/www.domtechnikpro.com\/?s={search_term_string}"},"query-input":{"@type":"PropertyValueSpecification","valueRequired":true,"valueName":"search_term_string"}}],"inLanguage":"cs"},{"@type":"Organization","@id":"https:\/\/www.domtechnikpro.com\/#organization","name":"Pr\u016fmyslov\u00e9 vybaven\u00ed a p\u0159\u00edslu\u0161enstv\u00ed","url":"https:\/\/www.domtechnikpro.com\/","logo":{"@type":"ImageObject","inLanguage":"cs","@id":"https:\/\/www.domtechnikpro.com\/#\/schema\/logo\/image\/","url":"https:\/\/www.domtechnikpro.com\/wp-content\/uploads\/2026\/04\/domtechnikpro_logo_full.svg","contentUrl":"https:\/\/www.domtechnikpro.com\/wp-content\/uploads\/2026\/04\/domtechnikpro_logo_full.svg","width":920,"height":180,"caption":"Pr\u016fmyslov\u00e9 vybaven\u00ed a p\u0159\u00edslu\u0161enstv\u00ed"},"image":{"@id":"https:\/\/www.domtechnikpro.com\/#\/schema\/logo\/image\/"}}]}},"_links":{"self":[{"href":"https:\/\/www.domtechnikpro.com\/wp-json\/wp\/v2\/product\/57129","targetHints":{"allow":["GET"]}}],"collection":[{"href":"https:\/\/www.domtechnikpro.com\/wp-json\/wp\/v2\/product"}],"about":[{"href":"https:\/\/www.domtechnikpro.com\/wp-json\/wp\/v2\/types\/product"}],"replies":[{"embeddable":true,"href":"https:\/\/www.domtechnikpro.com\/wp-json\/wp\/v2\/comments?post=57129"}],"wp:featuredmedia":[{"embeddable":true,"href":"https:\/\/www.domtechnikpro.com\/wp-json\/wp\/v2\/media\/57229"}],"wp:attachment":[{"href":"https:\/\/www.domtechnikpro.com\/wp-json\/wp\/v2\/media?parent=57129"}],"wp:term":[{"taxonomy":"product_brand","embeddable":true,"href":"https:\/\/www.domtechnikpro.com\/wp-json\/wp\/v2\/product_brand?post=57129"},{"taxonomy":"product_cat","embeddable":true,"href":"https:\/\/www.domtechnikpro.com\/wp-json\/wp\/v2\/product_cat?post=57129"},{"taxonomy":"product_tag","embeddable":true,"href":"https:\/\/www.domtechnikpro.com\/wp-json\/wp\/v2\/product_tag?post=57129"}],"curies":[{"name":"wp","href":"https:\/\/api.w.org\/{rel}","templated":true}]}}