{"id":57124,"date":"2026-04-26T09:02:10","date_gmt":"2026-04-26T09:02:10","guid":{"rendered":""},"modified":"2026-04-26T09:02:10","modified_gmt":"2026-04-26T09:02:10","slug":"objednat-nyni-kaufmann-345-eza-269-ka-top-line-robust-1250-d-eacute-lka-125cm-88x88-57124","status":"publish","type":"product","link":"https:\/\/www.domtechnikpro.com\/index.php\/produkt\/objednat-nyni-kaufmann-345-eza-269-ka-top-line-robust-1250-d-eacute-lka-125cm-88x88-57124\/","title":{"rendered":"Objednat Nyn\u00ed KAUFMANN | &#345;eza&#269;ka TOP LINE robust 1250 | d&eacute;lka 125cm \/ 88&#215;88"},"content":{"rendered":"<p><!-- More info -->\t\t\t\t\t<\/p>\n<section id=\"idTab1\" class=\"page-product-box tab-pane active\" role=\"tabpanel\" aria-labelledby=\"idTab1\">\t\t\t\t\t\t<!-- full description -->\t\t\t\t\t\t<\/p>\n<div class=\"rte\">Profesion\u00e1ln\u00ed lo\u017eiskov\u00e1 \u0159eza\u010dka KAUFMANN TopLine vhodn\u00e1 pro obklady, dla\u017eby a mozaiky z kameniny, porcel\u00e1nu a skla.<\/p>\n<p>Technick\u00e9 parametry:<br \/>D\u00e9lka p\u0159\u00edm\u00e9ho \u0159ezu: 1250 mm<br \/>Diagon\u00e1ln\u00ed \u0159ez \u2013 max. rozm\u011br dla\u017eby: 880 x 880 mm<br \/>Max. tlou\u0161\u0165ka materi\u00e1lu: 16 mm<br \/>L\u00e1mac\u00ed s\u00edla: 1000 kg<br \/>Odpru\u017eene stoly: ANO<br \/>Pr\u016fm\u011br kole\u010dka: 22 mm<br \/>Hmotnost \u0159eza\u010dky: 23 kg<\/p>\n<p>V\u00fdhody \u0159eza\u010dek na dla\u017ebu KAUFMANN TopLine STANDARD<br \/>\u2013 Vynikaj\u00edc\u00ed polstrovan\u00fd stoln\u00ed syst\u00e9m.<br \/>\u2013 \u0158ezn\u00e1 hlava ulo\u017een\u00e1 na lo\u017eisk\u00e1ch, kter\u00e1 zaji\u0161\u0165uj\u00ed naprosto p\u0159esn\u00fd pohyb p\u0159i \u0159ez\u00e1n\u00ed.<br \/>\u2013 B\u011b\u017eec je vybaven syst\u00e9mem aretace p\u0159i p\u0159esunu \u0159eza\u010dky.<br \/>\u2013 Pracovn\u00ed st\u016fl m\u00e1 pogumovan\u00fd povrch pro stabiln\u00ed polohu dla\u017edic.<br \/>\u2013 Kryt rozbru\u0161ova\u010dky je opat\u0159en plastovou ochrannou rukojet\u00ed, kter\u00e1 chr\u00e1n\u00ed dla\u017ebu p\u0159ed po\u0161kr\u00e1b\u00e1n\u00edm p\u0159i rozbru\u0161ov\u00e1n\u00ed.<br \/>\u2013 Standardn\u00ed prav\u00edtko umo\u017e\u0148uje \u0159ez\u00e1n\u00ed pod \u00fahlem 45\u00b0 a 90\u00b0 a je tvarov\u00e1no tak, aby umo\u017e\u0148ovalo l\u00e1m\u00e1n\u00ed tenk\u00fdch prou\u017ek\u016f.<br \/>\u2013 \u0158eza\u010dka je vybavena \u0159ezn\u00fdm kole\u010dkem PROFI o pr\u016fm\u011bru 22 mm, kter\u00fd je sou\u010d\u00e1st\u00ed ceny.<\/p>\n<p>Doporu\u010den\u00ed:<\/p>\n<p>\u2013 \u010cerven\u00e9 ochrann\u00e9 rukojeti se doporu\u010duje pou\u017e\u00edvat pouze p\u0159i \u0159ez\u00e1n\u00ed citliv\u00fdch glazovan\u00fdch dla\u017edic,<br \/>\u2013 nikdy nepou\u017e\u00edvejte k \u010di\u0161t\u011bn\u00ed \u0159eza\u010dky olej. Olej se sm\u00eds\u00ed s prachem a zp\u016fsob\u00ed zad\u0159en\u00ed lo\u017eisek.<\/div>\n<\/section>\n<p>\t\t\t\t\t<!--end  More info -->\t\t\t\t\t\t\t\t\t\t\t\t\t\t\t\t\t\t\t\t\t\t\t\t\t\t\t\t\t\t\t<\/div>\n<\/p><\/div>\n<p><!--QTR Accessories --><\/p>\n","protected":false},"excerpt":{"rendered":"<p>Profesion\u00e1ln\u00ed lo\u017eiskov\u00e1 \u0159eza\u010dka KAUFMANN TopLine vhodn\u00e1 pro obklady, dla\u017eby a mozaiky z kameniny, porcel\u00e1nu a skla. Technick\u00e9 parametry:D\u00e9lka p\u0159\u00edm\u00e9ho \u0159ezu: 1250 mmDiagon\u00e1ln\u00ed \u0159ez \u2013 max. rozm\u011br dla\u017eby: 880 x 880 mmMax. tlou\u0161\u0165ka materi\u00e1lu: 16 mmL\u00e1mac\u00ed s\u00edla: 1000 kgOdpru\u017eene stoly: ANOPr\u016fm\u011br kole\u010dka: 22 mmHmotnost \u0159eza\u010dky: 23 kg V\u00fdhody \u0159eza\u010dek na dla\u017ebu KAUFMANN TopLine STANDARD\u2013 Vynikaj\u00edc\u00ed polstrovan\u00fd [&hellip;]<\/p>\n","protected":false},"featured_media":57224,"comment_status":"open","ping_status":"open","template":"","meta":[],"product_brand":[],"product_cat":[183],"product_tag":[],"class_list":{"0":"post-57124","1":"product","2":"type-product","3":"status-publish","4":"has-post-thumbnail","6":"product_cat-n-aacute-rad-iacute","8":"first","9":"instock","10":"sale","11":"shipping-taxable","12":"purchasable","13":"product-type-simple"},"yoast_head":"<!-- This site is optimized with the Yoast SEO plugin v26.8 - https:\/\/yoast.com\/product\/yoast-seo-wordpress\/ -->\n<title>Objednat Nyn\u00ed KAUFMANN | &#345;eza&#269;ka TOP LINE robust 1250 | d&eacute;lka 125cm \/ 88x88 -<\/title>\n<meta name=\"robots\" content=\"index, follow, max-snippet:-1, max-image-preview:large, max-video-preview:-1\" \/>\n<link rel=\"canonical\" href=\"https:\/\/www.domtechnikpro.com\/index.php\/produkt\/objednat-nyni-kaufmann-345-eza-269-ka-top-line-robust-1250-d-eacute-lka-125cm-88x88-57124\/\" \/>\n<meta property=\"og:locale\" content=\"cs_CZ\" \/>\n<meta property=\"og:type\" content=\"article\" \/>\n<meta property=\"og:title\" content=\"Objednat Nyn\u00ed KAUFMANN | &#345;eza&#269;ka TOP LINE robust 1250 | d&eacute;lka 125cm \/ 88x88 -\" \/>\n<meta property=\"og:description\" content=\"Profesion\u00e1ln\u00ed lo\u017eiskov\u00e1 \u0159eza\u010dka KAUFMANN TopLine vhodn\u00e1 pro obklady, dla\u017eby a mozaiky z kameniny, porcel\u00e1nu a skla. Technick\u00e9 parametry:D\u00e9lka p\u0159\u00edm\u00e9ho \u0159ezu: 1250 mmDiagon\u00e1ln\u00ed \u0159ez \u2013 max. rozm\u011br dla\u017eby: 880 x 880 mmMax. tlou\u0161\u0165ka materi\u00e1lu: 16 mmL\u00e1mac\u00ed s\u00edla: 1000 kgOdpru\u017eene stoly: ANOPr\u016fm\u011br kole\u010dka: 22 mmHmotnost \u0159eza\u010dky: 23 kg V\u00fdhody \u0159eza\u010dek na dla\u017ebu KAUFMANN TopLine STANDARD\u2013 Vynikaj\u00edc\u00ed polstrovan\u00fd [&hellip;]\" \/>\n<meta property=\"og:url\" content=\"https:\/\/www.domtechnikpro.com\/index.php\/produkt\/objednat-nyni-kaufmann-345-eza-269-ka-top-line-robust-1250-d-eacute-lka-125cm-88x88-57124\/\" \/>\n<meta property=\"og:image\" content=\"https:\/\/www.domtechnikpro.com\/wp-content\/uploads\/2026\/SK0002655-CZ20260425-093107-0-1777080667-60198-large_default.webp\" \/>\n\t<meta property=\"og:image:width\" content=\"470\" \/>\n\t<meta property=\"og:image:height\" content=\"470\" \/>\n\t<meta property=\"og:image:type\" content=\"image\/webp\" \/>\n<meta name=\"twitter:card\" content=\"summary_large_image\" \/>\n<meta name=\"twitter:label1\" content=\"Odhadovan\u00e1 doba \u010dten\u00ed\" \/>\n\t<meta name=\"twitter:data1\" content=\"1 minuta\" \/>\n<script type=\"application\/ld+json\" class=\"yoast-schema-graph\">{\"@context\":\"https:\/\/schema.org\",\"@graph\":[{\"@type\":\"WebPage\",\"@id\":\"https:\/\/www.domtechnikpro.com\/index.php\/produkt\/objednat-nyni-kaufmann-345-eza-269-ka-top-line-robust-1250-d-eacute-lka-125cm-88x88-57124\/\",\"url\":\"https:\/\/www.domtechnikpro.com\/index.php\/produkt\/objednat-nyni-kaufmann-345-eza-269-ka-top-line-robust-1250-d-eacute-lka-125cm-88x88-57124\/\",\"name\":\"Objednat Nyn\u00ed KAUFMANN | &#345;eza&#269;ka TOP LINE robust 1250 | d&eacute;lka 125cm \/ 88x88 -\",\"isPartOf\":{\"@id\":\"https:\/\/www.domtechnikpro.com\/#website\"},\"primaryImageOfPage\":{\"@id\":\"https:\/\/www.domtechnikpro.com\/index.php\/produkt\/objednat-nyni-kaufmann-345-eza-269-ka-top-line-robust-1250-d-eacute-lka-125cm-88x88-57124\/#primaryimage\"},\"image\":{\"@id\":\"https:\/\/www.domtechnikpro.com\/index.php\/produkt\/objednat-nyni-kaufmann-345-eza-269-ka-top-line-robust-1250-d-eacute-lka-125cm-88x88-57124\/#primaryimage\"},\"thumbnailUrl\":\"https:\/\/www.domtechnikpro.com\/wp-content\/uploads\/2026\/SK0002655-CZ20260425-093107-0-1777080667-60198-large_default.webp\",\"datePublished\":\"2026-04-26T09:02:10+00:00\",\"breadcrumb\":{\"@id\":\"https:\/\/www.domtechnikpro.com\/index.php\/produkt\/objednat-nyni-kaufmann-345-eza-269-ka-top-line-robust-1250-d-eacute-lka-125cm-88x88-57124\/#breadcrumb\"},\"inLanguage\":\"cs\",\"potentialAction\":[{\"@type\":\"ReadAction\",\"target\":[\"https:\/\/www.domtechnikpro.com\/index.php\/produkt\/objednat-nyni-kaufmann-345-eza-269-ka-top-line-robust-1250-d-eacute-lka-125cm-88x88-57124\/\"]}]},{\"@type\":\"ImageObject\",\"inLanguage\":\"cs\",\"@id\":\"https:\/\/www.domtechnikpro.com\/index.php\/produkt\/objednat-nyni-kaufmann-345-eza-269-ka-top-line-robust-1250-d-eacute-lka-125cm-88x88-57124\/#primaryimage\",\"url\":\"https:\/\/www.domtechnikpro.com\/wp-content\/uploads\/2026\/SK0002655-CZ20260425-093107-0-1777080667-60198-large_default.webp\",\"contentUrl\":\"https:\/\/www.domtechnikpro.com\/wp-content\/uploads\/2026\/SK0002655-CZ20260425-093107-0-1777080667-60198-large_default.webp\",\"width\":470,\"height\":470},{\"@type\":\"BreadcrumbList\",\"@id\":\"https:\/\/www.domtechnikpro.com\/index.php\/produkt\/objednat-nyni-kaufmann-345-eza-269-ka-top-line-robust-1250-d-eacute-lka-125cm-88x88-57124\/#breadcrumb\",\"itemListElement\":[{\"@type\":\"ListItem\",\"position\":1,\"name\":\"Home\",\"item\":\"https:\/\/www.domtechnikpro.com\/\"},{\"@type\":\"ListItem\",\"position\":2,\"name\":\"Products\",\"item\":\"https:\/\/www.domtechnikpro.com\/index.php\/products\/\"},{\"@type\":\"ListItem\",\"position\":3,\"name\":\"Objednat Nyn\u00ed KAUFMANN | &#345;eza&#269;ka TOP LINE robust 1250 | d&eacute;lka 125cm \/ 88&#215;88\"}]},{\"@type\":\"WebSite\",\"@id\":\"https:\/\/www.domtechnikpro.com\/#website\",\"url\":\"https:\/\/www.domtechnikpro.com\/\",\"name\":\"\",\"description\":\"\",\"potentialAction\":[{\"@type\":\"SearchAction\",\"target\":{\"@type\":\"EntryPoint\",\"urlTemplate\":\"https:\/\/www.domtechnikpro.com\/?s={search_term_string}\"},\"query-input\":{\"@type\":\"PropertyValueSpecification\",\"valueRequired\":true,\"valueName\":\"search_term_string\"}}],\"inLanguage\":\"cs\"}]}<\/script>\n<!-- \/ Yoast SEO plugin. -->","yoast_head_json":{"title":"Objednat Nyn\u00ed KAUFMANN | &#345;eza&#269;ka TOP LINE robust 1250 | d&eacute;lka 125cm \/ 88x88 -","robots":{"index":"index","follow":"follow","max-snippet":"max-snippet:-1","max-image-preview":"max-image-preview:large","max-video-preview":"max-video-preview:-1"},"canonical":"https:\/\/www.domtechnikpro.com\/index.php\/produkt\/objednat-nyni-kaufmann-345-eza-269-ka-top-line-robust-1250-d-eacute-lka-125cm-88x88-57124\/","og_locale":"cs_CZ","og_type":"article","og_title":"Objednat Nyn\u00ed KAUFMANN | &#345;eza&#269;ka TOP LINE robust 1250 | d&eacute;lka 125cm \/ 88x88 -","og_description":"Profesion\u00e1ln\u00ed lo\u017eiskov\u00e1 \u0159eza\u010dka KAUFMANN TopLine vhodn\u00e1 pro obklady, dla\u017eby a mozaiky z kameniny, porcel\u00e1nu a skla. Technick\u00e9 parametry:D\u00e9lka p\u0159\u00edm\u00e9ho \u0159ezu: 1250 mmDiagon\u00e1ln\u00ed \u0159ez \u2013 max. rozm\u011br dla\u017eby: 880 x 880 mmMax. tlou\u0161\u0165ka materi\u00e1lu: 16 mmL\u00e1mac\u00ed s\u00edla: 1000 kgOdpru\u017eene stoly: ANOPr\u016fm\u011br kole\u010dka: 22 mmHmotnost \u0159eza\u010dky: 23 kg V\u00fdhody \u0159eza\u010dek na dla\u017ebu KAUFMANN TopLine STANDARD\u2013 Vynikaj\u00edc\u00ed polstrovan\u00fd [&hellip;]","og_url":"https:\/\/www.domtechnikpro.com\/index.php\/produkt\/objednat-nyni-kaufmann-345-eza-269-ka-top-line-robust-1250-d-eacute-lka-125cm-88x88-57124\/","og_image":[{"width":470,"height":470,"url":"https:\/\/www.domtechnikpro.com\/wp-content\/uploads\/2026\/SK0002655-CZ20260425-093107-0-1777080667-60198-large_default.webp","type":"image\/webp"}],"twitter_card":"summary_large_image","twitter_misc":{"Odhadovan\u00e1 doba \u010dten\u00ed":"1 minuta"},"schema":{"@context":"https:\/\/schema.org","@graph":[{"@type":"WebPage","@id":"https:\/\/www.domtechnikpro.com\/index.php\/produkt\/objednat-nyni-kaufmann-345-eza-269-ka-top-line-robust-1250-d-eacute-lka-125cm-88x88-57124\/","url":"https:\/\/www.domtechnikpro.com\/index.php\/produkt\/objednat-nyni-kaufmann-345-eza-269-ka-top-line-robust-1250-d-eacute-lka-125cm-88x88-57124\/","name":"Objednat Nyn\u00ed KAUFMANN | &#345;eza&#269;ka TOP LINE robust 1250 | d&eacute;lka 125cm \/ 88x88 -","isPartOf":{"@id":"https:\/\/www.domtechnikpro.com\/#website"},"primaryImageOfPage":{"@id":"https:\/\/www.domtechnikpro.com\/index.php\/produkt\/objednat-nyni-kaufmann-345-eza-269-ka-top-line-robust-1250-d-eacute-lka-125cm-88x88-57124\/#primaryimage"},"image":{"@id":"https:\/\/www.domtechnikpro.com\/index.php\/produkt\/objednat-nyni-kaufmann-345-eza-269-ka-top-line-robust-1250-d-eacute-lka-125cm-88x88-57124\/#primaryimage"},"thumbnailUrl":"https:\/\/www.domtechnikpro.com\/wp-content\/uploads\/2026\/SK0002655-CZ20260425-093107-0-1777080667-60198-large_default.webp","datePublished":"2026-04-26T09:02:10+00:00","breadcrumb":{"@id":"https:\/\/www.domtechnikpro.com\/index.php\/produkt\/objednat-nyni-kaufmann-345-eza-269-ka-top-line-robust-1250-d-eacute-lka-125cm-88x88-57124\/#breadcrumb"},"inLanguage":"cs","potentialAction":[{"@type":"ReadAction","target":["https:\/\/www.domtechnikpro.com\/index.php\/produkt\/objednat-nyni-kaufmann-345-eza-269-ka-top-line-robust-1250-d-eacute-lka-125cm-88x88-57124\/"]}]},{"@type":"ImageObject","inLanguage":"cs","@id":"https:\/\/www.domtechnikpro.com\/index.php\/produkt\/objednat-nyni-kaufmann-345-eza-269-ka-top-line-robust-1250-d-eacute-lka-125cm-88x88-57124\/#primaryimage","url":"https:\/\/www.domtechnikpro.com\/wp-content\/uploads\/2026\/SK0002655-CZ20260425-093107-0-1777080667-60198-large_default.webp","contentUrl":"https:\/\/www.domtechnikpro.com\/wp-content\/uploads\/2026\/SK0002655-CZ20260425-093107-0-1777080667-60198-large_default.webp","width":470,"height":470},{"@type":"BreadcrumbList","@id":"https:\/\/www.domtechnikpro.com\/index.php\/produkt\/objednat-nyni-kaufmann-345-eza-269-ka-top-line-robust-1250-d-eacute-lka-125cm-88x88-57124\/#breadcrumb","itemListElement":[{"@type":"ListItem","position":1,"name":"Home","item":"https:\/\/www.domtechnikpro.com\/"},{"@type":"ListItem","position":2,"name":"Products","item":"https:\/\/www.domtechnikpro.com\/index.php\/products\/"},{"@type":"ListItem","position":3,"name":"Objednat Nyn\u00ed KAUFMANN | &#345;eza&#269;ka TOP LINE robust 1250 | d&eacute;lka 125cm \/ 88&#215;88"}]},{"@type":"WebSite","@id":"https:\/\/www.domtechnikpro.com\/#website","url":"https:\/\/www.domtechnikpro.com\/","name":"","description":"","potentialAction":[{"@type":"SearchAction","target":{"@type":"EntryPoint","urlTemplate":"https:\/\/www.domtechnikpro.com\/?s={search_term_string}"},"query-input":{"@type":"PropertyValueSpecification","valueRequired":true,"valueName":"search_term_string"}}],"inLanguage":"cs"}]}},"_links":{"self":[{"href":"https:\/\/www.domtechnikpro.com\/index.php\/wp-json\/wp\/v2\/product\/57124","targetHints":{"allow":["GET"]}}],"collection":[{"href":"https:\/\/www.domtechnikpro.com\/index.php\/wp-json\/wp\/v2\/product"}],"about":[{"href":"https:\/\/www.domtechnikpro.com\/index.php\/wp-json\/wp\/v2\/types\/product"}],"replies":[{"embeddable":true,"href":"https:\/\/www.domtechnikpro.com\/index.php\/wp-json\/wp\/v2\/comments?post=57124"}],"wp:featuredmedia":[{"embeddable":true,"href":"https:\/\/www.domtechnikpro.com\/index.php\/wp-json\/wp\/v2\/media\/57224"}],"wp:attachment":[{"href":"https:\/\/www.domtechnikpro.com\/index.php\/wp-json\/wp\/v2\/media?parent=57124"}],"wp:term":[{"taxonomy":"product_brand","embeddable":true,"href":"https:\/\/www.domtechnikpro.com\/index.php\/wp-json\/wp\/v2\/product_brand?post=57124"},{"taxonomy":"product_cat","embeddable":true,"href":"https:\/\/www.domtechnikpro.com\/index.php\/wp-json\/wp\/v2\/product_cat?post=57124"},{"taxonomy":"product_tag","embeddable":true,"href":"https:\/\/www.domtechnikpro.com\/index.php\/wp-json\/wp\/v2\/product_tag?post=57124"}],"curies":[{"name":"wp","href":"https:\/\/api.w.org\/{rel}","templated":true}]}}