{"id":57119,"date":"2026-04-26T09:02:10","date_gmt":"2026-04-26T09:02:10","guid":{"rendered":""},"modified":"2026-04-26T09:02:10","modified_gmt":"2026-04-26T09:02:10","slug":"23816-v-aacute-zac-iacute-p-aacute-sky-250x3-6mm-50ks-269-ern-aacute-znackovy-57119","status":"publish","type":"product","link":"https:\/\/www.domtechnikpro.com\/index.php\/produkt\/23816-v-aacute-zac-iacute-p-aacute-sky-250x3-6mm-50ks-269-ern-aacute-znackovy-57119\/","title":{"rendered":"23816 | v&aacute;zac&iacute; p&aacute;sky | 250&#215;3,6mm | 50ks | &#269;ern&aacute; Zna\u010dkov\u00fd"},"content":{"rendered":"<p><!-- More info -->\t\t\t\t\t<\/p>\n<section id=\"idTab1\" class=\"page-product-box tab-pane active\" role=\"tabpanel\" aria-labelledby=\"idTab1\">\t\t\t\t\t\t<!-- full description -->\t\t\t\t\t\t<\/p>\n<div class=\"rte\">Stahovac\u00ed p\u00e1sky \u010dern\u00e9.<\/p>\n<p>p\u00e1ska nylonov\u00e1 v\u00e1zac\u00ed &#8211; stahovac\u00ed<br \/>p\u00e1sky spl\u0148uj\u00ed normu EN 50146 (Kabelov\u00e9 v\u00e1zac\u00ed spony pro elektrick\u00e9 instalace)<br \/>minim\u00e1ln\u00ed pracovn\u00ed teplota 0\u00b0C, teplotn\u00ed rozsah -40 a\u017e 85 \u00b0C, UV stabiln\u00ed<br \/>pevnost v tahu 18 kg, pr\u016fm\u011br sta\u017een\u00ed od 5 a\u017e do 65 mm<\/div>\n<\/section>\n<p>\t\t\t\t\t<!--end  More info -->\t\t\t\t\t\t\t\t\t\t\t\t\t\t\t\t\t\t\t\t\t\t\t\t\t\t\t\t\t\t\t<\/div>\n<\/p><\/div>\n<p><!--QTR Accessories --><\/p>\n","protected":false},"excerpt":{"rendered":"<p>Stahovac\u00ed p\u00e1sky \u010dern\u00e9. p\u00e1ska nylonov\u00e1 v\u00e1zac\u00ed &#8211; stahovac\u00edp\u00e1sky spl\u0148uj\u00ed normu EN 50146 (Kabelov\u00e9 v\u00e1zac\u00ed spony pro elektrick\u00e9 instalace)minim\u00e1ln\u00ed pracovn\u00ed teplota 0\u00b0C, teplotn\u00ed rozsah -40 a\u017e 85 \u00b0C, UV stabiln\u00edpevnost v tahu 18 kg, pr\u016fm\u011br sta\u017een\u00ed od 5 a\u017e do 65 mm<\/p>\n","protected":false},"featured_media":57219,"comment_status":"open","ping_status":"open","template":"","meta":[],"product_brand":[],"product_cat":[183],"product_tag":[],"class_list":{"0":"post-57119","1":"product","2":"type-product","3":"status-publish","4":"has-post-thumbnail","6":"product_cat-n-aacute-rad-iacute","8":"first","9":"instock","10":"sale","11":"shipping-taxable","12":"purchasable","13":"product-type-simple"},"yoast_head":"<!-- This site is optimized with the Yoast SEO plugin v26.8 - https:\/\/yoast.com\/product\/yoast-seo-wordpress\/ -->\n<title>23816 | v&aacute;zac&iacute; p&aacute;sky | 250x3,6mm | 50ks | &#269;ern&aacute; Zna\u010dkov\u00fd -<\/title>\n<meta name=\"robots\" content=\"index, follow, max-snippet:-1, max-image-preview:large, max-video-preview:-1\" \/>\n<link rel=\"canonical\" href=\"https:\/\/www.domtechnikpro.com\/index.php\/produkt\/23816-v-aacute-zac-iacute-p-aacute-sky-250x3-6mm-50ks-269-ern-aacute-znackovy-57119\/\" \/>\n<meta property=\"og:locale\" content=\"cs_CZ\" \/>\n<meta property=\"og:type\" content=\"article\" \/>\n<meta property=\"og:title\" content=\"23816 | v&aacute;zac&iacute; p&aacute;sky | 250x3,6mm | 50ks | &#269;ern&aacute; Zna\u010dkov\u00fd -\" \/>\n<meta property=\"og:description\" content=\"Stahovac\u00ed p\u00e1sky \u010dern\u00e9. p\u00e1ska nylonov\u00e1 v\u00e1zac\u00ed &#8211; stahovac\u00edp\u00e1sky spl\u0148uj\u00ed normu EN 50146 (Kabelov\u00e9 v\u00e1zac\u00ed spony pro elektrick\u00e9 instalace)minim\u00e1ln\u00ed pracovn\u00ed teplota 0\u00b0C, teplotn\u00ed rozsah -40 a\u017e 85 \u00b0C, UV stabiln\u00edpevnost v tahu 18 kg, pr\u016fm\u011br sta\u017een\u00ed od 5 a\u017e do 65 mm\" \/>\n<meta property=\"og:url\" content=\"https:\/\/www.domtechnikpro.com\/index.php\/produkt\/23816-v-aacute-zac-iacute-p-aacute-sky-250x3-6mm-50ks-269-ern-aacute-znackovy-57119\/\" \/>\n<meta property=\"og:image\" content=\"https:\/\/www.domtechnikpro.com\/wp-content\/uploads\/2026\/SK0002645-CZ20260425-093107-0-1777080667-60188-large_default.webp\" \/>\n\t<meta property=\"og:image:width\" content=\"470\" \/>\n\t<meta property=\"og:image:height\" content=\"470\" \/>\n\t<meta property=\"og:image:type\" content=\"image\/webp\" \/>\n<meta name=\"twitter:card\" content=\"summary_large_image\" \/>\n<script type=\"application\/ld+json\" class=\"yoast-schema-graph\">{\"@context\":\"https:\/\/schema.org\",\"@graph\":[{\"@type\":\"WebPage\",\"@id\":\"https:\/\/www.domtechnikpro.com\/index.php\/produkt\/23816-v-aacute-zac-iacute-p-aacute-sky-250x3-6mm-50ks-269-ern-aacute-znackovy-57119\/\",\"url\":\"https:\/\/www.domtechnikpro.com\/index.php\/produkt\/23816-v-aacute-zac-iacute-p-aacute-sky-250x3-6mm-50ks-269-ern-aacute-znackovy-57119\/\",\"name\":\"23816 | v&aacute;zac&iacute; p&aacute;sky | 250x3,6mm | 50ks | &#269;ern&aacute; Zna\u010dkov\u00fd -\",\"isPartOf\":{\"@id\":\"https:\/\/www.domtechnikpro.com\/#website\"},\"primaryImageOfPage\":{\"@id\":\"https:\/\/www.domtechnikpro.com\/index.php\/produkt\/23816-v-aacute-zac-iacute-p-aacute-sky-250x3-6mm-50ks-269-ern-aacute-znackovy-57119\/#primaryimage\"},\"image\":{\"@id\":\"https:\/\/www.domtechnikpro.com\/index.php\/produkt\/23816-v-aacute-zac-iacute-p-aacute-sky-250x3-6mm-50ks-269-ern-aacute-znackovy-57119\/#primaryimage\"},\"thumbnailUrl\":\"https:\/\/www.domtechnikpro.com\/wp-content\/uploads\/2026\/SK0002645-CZ20260425-093107-0-1777080667-60188-large_default.webp\",\"datePublished\":\"2026-04-26T09:02:10+00:00\",\"breadcrumb\":{\"@id\":\"https:\/\/www.domtechnikpro.com\/index.php\/produkt\/23816-v-aacute-zac-iacute-p-aacute-sky-250x3-6mm-50ks-269-ern-aacute-znackovy-57119\/#breadcrumb\"},\"inLanguage\":\"cs\",\"potentialAction\":[{\"@type\":\"ReadAction\",\"target\":[\"https:\/\/www.domtechnikpro.com\/index.php\/produkt\/23816-v-aacute-zac-iacute-p-aacute-sky-250x3-6mm-50ks-269-ern-aacute-znackovy-57119\/\"]}]},{\"@type\":\"ImageObject\",\"inLanguage\":\"cs\",\"@id\":\"https:\/\/www.domtechnikpro.com\/index.php\/produkt\/23816-v-aacute-zac-iacute-p-aacute-sky-250x3-6mm-50ks-269-ern-aacute-znackovy-57119\/#primaryimage\",\"url\":\"https:\/\/www.domtechnikpro.com\/wp-content\/uploads\/2026\/SK0002645-CZ20260425-093107-0-1777080667-60188-large_default.webp\",\"contentUrl\":\"https:\/\/www.domtechnikpro.com\/wp-content\/uploads\/2026\/SK0002645-CZ20260425-093107-0-1777080667-60188-large_default.webp\",\"width\":470,\"height\":470},{\"@type\":\"BreadcrumbList\",\"@id\":\"https:\/\/www.domtechnikpro.com\/index.php\/produkt\/23816-v-aacute-zac-iacute-p-aacute-sky-250x3-6mm-50ks-269-ern-aacute-znackovy-57119\/#breadcrumb\",\"itemListElement\":[{\"@type\":\"ListItem\",\"position\":1,\"name\":\"Home\",\"item\":\"https:\/\/www.domtechnikpro.com\/\"},{\"@type\":\"ListItem\",\"position\":2,\"name\":\"Products\",\"item\":\"https:\/\/www.domtechnikpro.com\/index.php\/products\/\"},{\"@type\":\"ListItem\",\"position\":3,\"name\":\"23816 | v&aacute;zac&iacute; p&aacute;sky | 250&#215;3,6mm | 50ks | &#269;ern&aacute; Zna\u010dkov\u00fd\"}]},{\"@type\":\"WebSite\",\"@id\":\"https:\/\/www.domtechnikpro.com\/#website\",\"url\":\"https:\/\/www.domtechnikpro.com\/\",\"name\":\"\",\"description\":\"\",\"potentialAction\":[{\"@type\":\"SearchAction\",\"target\":{\"@type\":\"EntryPoint\",\"urlTemplate\":\"https:\/\/www.domtechnikpro.com\/?s={search_term_string}\"},\"query-input\":{\"@type\":\"PropertyValueSpecification\",\"valueRequired\":true,\"valueName\":\"search_term_string\"}}],\"inLanguage\":\"cs\"}]}<\/script>\n<!-- \/ Yoast SEO plugin. -->","yoast_head_json":{"title":"23816 | v&aacute;zac&iacute; p&aacute;sky | 250x3,6mm | 50ks | &#269;ern&aacute; Zna\u010dkov\u00fd -","robots":{"index":"index","follow":"follow","max-snippet":"max-snippet:-1","max-image-preview":"max-image-preview:large","max-video-preview":"max-video-preview:-1"},"canonical":"https:\/\/www.domtechnikpro.com\/index.php\/produkt\/23816-v-aacute-zac-iacute-p-aacute-sky-250x3-6mm-50ks-269-ern-aacute-znackovy-57119\/","og_locale":"cs_CZ","og_type":"article","og_title":"23816 | v&aacute;zac&iacute; p&aacute;sky | 250x3,6mm | 50ks | &#269;ern&aacute; Zna\u010dkov\u00fd -","og_description":"Stahovac\u00ed p\u00e1sky \u010dern\u00e9. p\u00e1ska nylonov\u00e1 v\u00e1zac\u00ed &#8211; stahovac\u00edp\u00e1sky spl\u0148uj\u00ed normu EN 50146 (Kabelov\u00e9 v\u00e1zac\u00ed spony pro elektrick\u00e9 instalace)minim\u00e1ln\u00ed pracovn\u00ed teplota 0\u00b0C, teplotn\u00ed rozsah -40 a\u017e 85 \u00b0C, UV stabiln\u00edpevnost v tahu 18 kg, pr\u016fm\u011br sta\u017een\u00ed od 5 a\u017e do 65 mm","og_url":"https:\/\/www.domtechnikpro.com\/index.php\/produkt\/23816-v-aacute-zac-iacute-p-aacute-sky-250x3-6mm-50ks-269-ern-aacute-znackovy-57119\/","og_image":[{"width":470,"height":470,"url":"https:\/\/www.domtechnikpro.com\/wp-content\/uploads\/2026\/SK0002645-CZ20260425-093107-0-1777080667-60188-large_default.webp","type":"image\/webp"}],"twitter_card":"summary_large_image","schema":{"@context":"https:\/\/schema.org","@graph":[{"@type":"WebPage","@id":"https:\/\/www.domtechnikpro.com\/index.php\/produkt\/23816-v-aacute-zac-iacute-p-aacute-sky-250x3-6mm-50ks-269-ern-aacute-znackovy-57119\/","url":"https:\/\/www.domtechnikpro.com\/index.php\/produkt\/23816-v-aacute-zac-iacute-p-aacute-sky-250x3-6mm-50ks-269-ern-aacute-znackovy-57119\/","name":"23816 | v&aacute;zac&iacute; p&aacute;sky | 250x3,6mm | 50ks | &#269;ern&aacute; Zna\u010dkov\u00fd -","isPartOf":{"@id":"https:\/\/www.domtechnikpro.com\/#website"},"primaryImageOfPage":{"@id":"https:\/\/www.domtechnikpro.com\/index.php\/produkt\/23816-v-aacute-zac-iacute-p-aacute-sky-250x3-6mm-50ks-269-ern-aacute-znackovy-57119\/#primaryimage"},"image":{"@id":"https:\/\/www.domtechnikpro.com\/index.php\/produkt\/23816-v-aacute-zac-iacute-p-aacute-sky-250x3-6mm-50ks-269-ern-aacute-znackovy-57119\/#primaryimage"},"thumbnailUrl":"https:\/\/www.domtechnikpro.com\/wp-content\/uploads\/2026\/SK0002645-CZ20260425-093107-0-1777080667-60188-large_default.webp","datePublished":"2026-04-26T09:02:10+00:00","breadcrumb":{"@id":"https:\/\/www.domtechnikpro.com\/index.php\/produkt\/23816-v-aacute-zac-iacute-p-aacute-sky-250x3-6mm-50ks-269-ern-aacute-znackovy-57119\/#breadcrumb"},"inLanguage":"cs","potentialAction":[{"@type":"ReadAction","target":["https:\/\/www.domtechnikpro.com\/index.php\/produkt\/23816-v-aacute-zac-iacute-p-aacute-sky-250x3-6mm-50ks-269-ern-aacute-znackovy-57119\/"]}]},{"@type":"ImageObject","inLanguage":"cs","@id":"https:\/\/www.domtechnikpro.com\/index.php\/produkt\/23816-v-aacute-zac-iacute-p-aacute-sky-250x3-6mm-50ks-269-ern-aacute-znackovy-57119\/#primaryimage","url":"https:\/\/www.domtechnikpro.com\/wp-content\/uploads\/2026\/SK0002645-CZ20260425-093107-0-1777080667-60188-large_default.webp","contentUrl":"https:\/\/www.domtechnikpro.com\/wp-content\/uploads\/2026\/SK0002645-CZ20260425-093107-0-1777080667-60188-large_default.webp","width":470,"height":470},{"@type":"BreadcrumbList","@id":"https:\/\/www.domtechnikpro.com\/index.php\/produkt\/23816-v-aacute-zac-iacute-p-aacute-sky-250x3-6mm-50ks-269-ern-aacute-znackovy-57119\/#breadcrumb","itemListElement":[{"@type":"ListItem","position":1,"name":"Home","item":"https:\/\/www.domtechnikpro.com\/"},{"@type":"ListItem","position":2,"name":"Products","item":"https:\/\/www.domtechnikpro.com\/index.php\/products\/"},{"@type":"ListItem","position":3,"name":"23816 | v&aacute;zac&iacute; p&aacute;sky | 250&#215;3,6mm | 50ks | &#269;ern&aacute; Zna\u010dkov\u00fd"}]},{"@type":"WebSite","@id":"https:\/\/www.domtechnikpro.com\/#website","url":"https:\/\/www.domtechnikpro.com\/","name":"","description":"","potentialAction":[{"@type":"SearchAction","target":{"@type":"EntryPoint","urlTemplate":"https:\/\/www.domtechnikpro.com\/?s={search_term_string}"},"query-input":{"@type":"PropertyValueSpecification","valueRequired":true,"valueName":"search_term_string"}}],"inLanguage":"cs"}]}},"_links":{"self":[{"href":"https:\/\/www.domtechnikpro.com\/index.php\/wp-json\/wp\/v2\/product\/57119","targetHints":{"allow":["GET"]}}],"collection":[{"href":"https:\/\/www.domtechnikpro.com\/index.php\/wp-json\/wp\/v2\/product"}],"about":[{"href":"https:\/\/www.domtechnikpro.com\/index.php\/wp-json\/wp\/v2\/types\/product"}],"replies":[{"embeddable":true,"href":"https:\/\/www.domtechnikpro.com\/index.php\/wp-json\/wp\/v2\/comments?post=57119"}],"wp:featuredmedia":[{"embeddable":true,"href":"https:\/\/www.domtechnikpro.com\/index.php\/wp-json\/wp\/v2\/media\/57219"}],"wp:attachment":[{"href":"https:\/\/www.domtechnikpro.com\/index.php\/wp-json\/wp\/v2\/media?parent=57119"}],"wp:term":[{"taxonomy":"product_brand","embeddable":true,"href":"https:\/\/www.domtechnikpro.com\/index.php\/wp-json\/wp\/v2\/product_brand?post=57119"},{"taxonomy":"product_cat","embeddable":true,"href":"https:\/\/www.domtechnikpro.com\/index.php\/wp-json\/wp\/v2\/product_cat?post=57119"},{"taxonomy":"product_tag","embeddable":true,"href":"https:\/\/www.domtechnikpro.com\/index.php\/wp-json\/wp\/v2\/product_tag?post=57119"}],"curies":[{"name":"wp","href":"https:\/\/api.w.org\/{rel}","templated":true}]}}