{"id":56981,"date":"2026-04-26T09:02:07","date_gmt":"2026-04-26T09:02:07","guid":{"rendered":""},"modified":"2026-04-26T09:02:07","modified_gmt":"2026-04-26T09:02:07","slug":"sapho-zig-otopn-eacute-t-283-leso-500x1096mm-antracit-cenovy-hit-56981","status":"publish","type":"product","link":"https:\/\/www.domtechnikpro.com\/index.php\/produkt\/sapho-zig-otopn-eacute-t-283-leso-500x1096mm-antracit-cenovy-hit-56981\/","title":{"rendered":"SAPHO | ZIG |  otopn&eacute; t&#283;leso 500x1096mm | antracit Cenov\u00fd Hit"},"content":{"rendered":"<p><!-- More info -->\t\t\t\t\t<\/p>\n<section id=\"idTab1\" class=\"page-product-box tab-pane active\" role=\"tabpanel\" aria-labelledby=\"idTab1\">\t\t\t\t\t\t<!-- full description -->\t\t\t\t\t\t<\/p>\n<div class=\"rte\">S\u00e9rie\t   \tZIG<br \/>Rozm\u011br\t   \t500&#215;1096 mm<br \/>\u0160\u00ed\u0159ka\t   \t500 mm<br \/>V\u00fd\u0161ka\t   \t1096 mm<br \/>Objem\t   \t5.21 l<br \/>Barva\t   \tAntracit <br \/>Materi\u00e1l\t   \tOcel<br \/>Tvar\t   \tDesignov\u00e9<br \/>Doporu\u010den\u00e1 el. topn\u00e1 ty\u010d\t400 W<br \/>Mo\u017enost vyt\u00e1p\u011bn\u00ed\t   \tElektrick\u00e9 vyt\u00e1p\u011bn\u00ed, Kombinovan\u00e9 vyt\u00e1p\u011bn\u00ed, \u00dast\u0159edn\u00ed vyt\u00e1p\u011bn\u00ed<br \/>Rozte\u010d p\u0159ipojen\u00ed\t   \t470 mm<br \/>V\u00fdkon\t   \t                  406 W<br \/>Teplotn\u00ed sp\u00e1d\t   \t75\/65\/20 \u00b0C<\/div>\n<\/section>\n<p>\t\t\t\t\t<!--end  More info -->\t\t\t\t\t\t\t\t\t\t\t\t\t\t\t\t\t\t\t\t\t\t\t\t\t\t\t\t\t\t\t<\/div>\n<\/p><\/div>\n<p><!--QTR Accessories --><\/p>\n","protected":false},"excerpt":{"rendered":"<p>S\u00e9rie ZIGRozm\u011br 500&#215;1096 mm\u0160\u00ed\u0159ka 500 mmV\u00fd\u0161ka 1096 mmObjem 5.21 lBarva Antracit Materi\u00e1l OcelTvar Designov\u00e9Doporu\u010den\u00e1 el. topn\u00e1 ty\u010d 400 WMo\u017enost vyt\u00e1p\u011bn\u00ed Elektrick\u00e9 vyt\u00e1p\u011bn\u00ed, Kombinovan\u00e9 vyt\u00e1p\u011bn\u00ed, \u00dast\u0159edn\u00ed vyt\u00e1p\u011bn\u00edRozte\u010d p\u0159ipojen\u00ed 470 mmV\u00fdkon 406 WTeplotn\u00ed sp\u00e1d 75\/65\/20 \u00b0C<\/p>\n","protected":false},"featured_media":57081,"comment_status":"open","ping_status":"open","template":"","meta":[],"product_brand":[],"product_cat":[172],"product_tag":[],"class_list":{"0":"post-56981","1":"product","2":"type-product","3":"status-publish","4":"has-post-thumbnail","6":"product_cat-sanit-aacute-rn-iacute-vybaven-iacute","8":"first","9":"instock","10":"sale","11":"shipping-taxable","12":"purchasable","13":"product-type-simple"},"yoast_head":"<!-- This site is optimized with the Yoast SEO plugin v26.8 - https:\/\/yoast.com\/product\/yoast-seo-wordpress\/ -->\n<title>SAPHO | ZIG | otopn&eacute; t&#283;leso 500x1096mm | antracit Cenov\u00fd Hit -<\/title>\n<meta name=\"robots\" content=\"index, follow, max-snippet:-1, max-image-preview:large, max-video-preview:-1\" \/>\n<link rel=\"canonical\" href=\"https:\/\/www.domtechnikpro.com\/index.php\/produkt\/sapho-zig-otopn-eacute-t-283-leso-500x1096mm-antracit-cenovy-hit-56981\/\" \/>\n<meta property=\"og:locale\" content=\"cs_CZ\" \/>\n<meta property=\"og:type\" content=\"article\" \/>\n<meta property=\"og:title\" content=\"SAPHO | ZIG | otopn&eacute; t&#283;leso 500x1096mm | antracit Cenov\u00fd Hit -\" \/>\n<meta property=\"og:description\" content=\"S\u00e9rie ZIGRozm\u011br 500&#215;1096 mm\u0160\u00ed\u0159ka 500 mmV\u00fd\u0161ka 1096 mmObjem 5.21 lBarva Antracit Materi\u00e1l OcelTvar Designov\u00e9Doporu\u010den\u00e1 el. topn\u00e1 ty\u010d 400 WMo\u017enost vyt\u00e1p\u011bn\u00ed Elektrick\u00e9 vyt\u00e1p\u011bn\u00ed, Kombinovan\u00e9 vyt\u00e1p\u011bn\u00ed, \u00dast\u0159edn\u00ed vyt\u00e1p\u011bn\u00edRozte\u010d p\u0159ipojen\u00ed 470 mmV\u00fdkon 406 WTeplotn\u00ed sp\u00e1d 75\/65\/20 \u00b0C\" \/>\n<meta property=\"og:url\" content=\"https:\/\/www.domtechnikpro.com\/index.php\/produkt\/sapho-zig-otopn-eacute-t-283-leso-500x1096mm-antracit-cenovy-hit-56981\/\" \/>\n<meta property=\"og:image\" content=\"https:\/\/www.domtechnikpro.com\/wp-content\/uploads\/2026\/SK0002580-CZ20260425-093107-0-1777080667-60072-large_default.webp\" \/>\n\t<meta property=\"og:image:width\" content=\"470\" \/>\n\t<meta property=\"og:image:height\" content=\"470\" \/>\n\t<meta property=\"og:image:type\" content=\"image\/webp\" \/>\n<meta name=\"twitter:card\" content=\"summary_large_image\" \/>\n<script type=\"application\/ld+json\" class=\"yoast-schema-graph\">{\"@context\":\"https:\/\/schema.org\",\"@graph\":[{\"@type\":\"WebPage\",\"@id\":\"https:\/\/www.domtechnikpro.com\/index.php\/produkt\/sapho-zig-otopn-eacute-t-283-leso-500x1096mm-antracit-cenovy-hit-56981\/\",\"url\":\"https:\/\/www.domtechnikpro.com\/index.php\/produkt\/sapho-zig-otopn-eacute-t-283-leso-500x1096mm-antracit-cenovy-hit-56981\/\",\"name\":\"SAPHO | ZIG | otopn&eacute; t&#283;leso 500x1096mm | antracit Cenov\u00fd Hit -\",\"isPartOf\":{\"@id\":\"https:\/\/www.domtechnikpro.com\/#website\"},\"primaryImageOfPage\":{\"@id\":\"https:\/\/www.domtechnikpro.com\/index.php\/produkt\/sapho-zig-otopn-eacute-t-283-leso-500x1096mm-antracit-cenovy-hit-56981\/#primaryimage\"},\"image\":{\"@id\":\"https:\/\/www.domtechnikpro.com\/index.php\/produkt\/sapho-zig-otopn-eacute-t-283-leso-500x1096mm-antracit-cenovy-hit-56981\/#primaryimage\"},\"thumbnailUrl\":\"https:\/\/www.domtechnikpro.com\/wp-content\/uploads\/2026\/SK0002580-CZ20260425-093107-0-1777080667-60072-large_default.webp\",\"datePublished\":\"2026-04-26T09:02:07+00:00\",\"breadcrumb\":{\"@id\":\"https:\/\/www.domtechnikpro.com\/index.php\/produkt\/sapho-zig-otopn-eacute-t-283-leso-500x1096mm-antracit-cenovy-hit-56981\/#breadcrumb\"},\"inLanguage\":\"cs\",\"potentialAction\":[{\"@type\":\"ReadAction\",\"target\":[\"https:\/\/www.domtechnikpro.com\/index.php\/produkt\/sapho-zig-otopn-eacute-t-283-leso-500x1096mm-antracit-cenovy-hit-56981\/\"]}]},{\"@type\":\"ImageObject\",\"inLanguage\":\"cs\",\"@id\":\"https:\/\/www.domtechnikpro.com\/index.php\/produkt\/sapho-zig-otopn-eacute-t-283-leso-500x1096mm-antracit-cenovy-hit-56981\/#primaryimage\",\"url\":\"https:\/\/www.domtechnikpro.com\/wp-content\/uploads\/2026\/SK0002580-CZ20260425-093107-0-1777080667-60072-large_default.webp\",\"contentUrl\":\"https:\/\/www.domtechnikpro.com\/wp-content\/uploads\/2026\/SK0002580-CZ20260425-093107-0-1777080667-60072-large_default.webp\",\"width\":470,\"height\":470},{\"@type\":\"BreadcrumbList\",\"@id\":\"https:\/\/www.domtechnikpro.com\/index.php\/produkt\/sapho-zig-otopn-eacute-t-283-leso-500x1096mm-antracit-cenovy-hit-56981\/#breadcrumb\",\"itemListElement\":[{\"@type\":\"ListItem\",\"position\":1,\"name\":\"Home\",\"item\":\"https:\/\/www.domtechnikpro.com\/\"},{\"@type\":\"ListItem\",\"position\":2,\"name\":\"Products\",\"item\":\"https:\/\/www.domtechnikpro.com\/index.php\/products\/\"},{\"@type\":\"ListItem\",\"position\":3,\"name\":\"SAPHO | ZIG | otopn&eacute; t&#283;leso 500x1096mm | antracit Cenov\u00fd Hit\"}]},{\"@type\":\"WebSite\",\"@id\":\"https:\/\/www.domtechnikpro.com\/#website\",\"url\":\"https:\/\/www.domtechnikpro.com\/\",\"name\":\"\",\"description\":\"\",\"potentialAction\":[{\"@type\":\"SearchAction\",\"target\":{\"@type\":\"EntryPoint\",\"urlTemplate\":\"https:\/\/www.domtechnikpro.com\/?s={search_term_string}\"},\"query-input\":{\"@type\":\"PropertyValueSpecification\",\"valueRequired\":true,\"valueName\":\"search_term_string\"}}],\"inLanguage\":\"cs\"}]}<\/script>\n<!-- \/ Yoast SEO plugin. -->","yoast_head_json":{"title":"SAPHO | ZIG | otopn&eacute; t&#283;leso 500x1096mm | antracit Cenov\u00fd Hit -","robots":{"index":"index","follow":"follow","max-snippet":"max-snippet:-1","max-image-preview":"max-image-preview:large","max-video-preview":"max-video-preview:-1"},"canonical":"https:\/\/www.domtechnikpro.com\/index.php\/produkt\/sapho-zig-otopn-eacute-t-283-leso-500x1096mm-antracit-cenovy-hit-56981\/","og_locale":"cs_CZ","og_type":"article","og_title":"SAPHO | ZIG | otopn&eacute; t&#283;leso 500x1096mm | antracit Cenov\u00fd Hit -","og_description":"S\u00e9rie ZIGRozm\u011br 500&#215;1096 mm\u0160\u00ed\u0159ka 500 mmV\u00fd\u0161ka 1096 mmObjem 5.21 lBarva Antracit Materi\u00e1l OcelTvar Designov\u00e9Doporu\u010den\u00e1 el. topn\u00e1 ty\u010d 400 WMo\u017enost vyt\u00e1p\u011bn\u00ed Elektrick\u00e9 vyt\u00e1p\u011bn\u00ed, Kombinovan\u00e9 vyt\u00e1p\u011bn\u00ed, \u00dast\u0159edn\u00ed vyt\u00e1p\u011bn\u00edRozte\u010d p\u0159ipojen\u00ed 470 mmV\u00fdkon 406 WTeplotn\u00ed sp\u00e1d 75\/65\/20 \u00b0C","og_url":"https:\/\/www.domtechnikpro.com\/index.php\/produkt\/sapho-zig-otopn-eacute-t-283-leso-500x1096mm-antracit-cenovy-hit-56981\/","og_image":[{"width":470,"height":470,"url":"https:\/\/www.domtechnikpro.com\/wp-content\/uploads\/2026\/SK0002580-CZ20260425-093107-0-1777080667-60072-large_default.webp","type":"image\/webp"}],"twitter_card":"summary_large_image","schema":{"@context":"https:\/\/schema.org","@graph":[{"@type":"WebPage","@id":"https:\/\/www.domtechnikpro.com\/index.php\/produkt\/sapho-zig-otopn-eacute-t-283-leso-500x1096mm-antracit-cenovy-hit-56981\/","url":"https:\/\/www.domtechnikpro.com\/index.php\/produkt\/sapho-zig-otopn-eacute-t-283-leso-500x1096mm-antracit-cenovy-hit-56981\/","name":"SAPHO | ZIG | otopn&eacute; t&#283;leso 500x1096mm | antracit Cenov\u00fd Hit -","isPartOf":{"@id":"https:\/\/www.domtechnikpro.com\/#website"},"primaryImageOfPage":{"@id":"https:\/\/www.domtechnikpro.com\/index.php\/produkt\/sapho-zig-otopn-eacute-t-283-leso-500x1096mm-antracit-cenovy-hit-56981\/#primaryimage"},"image":{"@id":"https:\/\/www.domtechnikpro.com\/index.php\/produkt\/sapho-zig-otopn-eacute-t-283-leso-500x1096mm-antracit-cenovy-hit-56981\/#primaryimage"},"thumbnailUrl":"https:\/\/www.domtechnikpro.com\/wp-content\/uploads\/2026\/SK0002580-CZ20260425-093107-0-1777080667-60072-large_default.webp","datePublished":"2026-04-26T09:02:07+00:00","breadcrumb":{"@id":"https:\/\/www.domtechnikpro.com\/index.php\/produkt\/sapho-zig-otopn-eacute-t-283-leso-500x1096mm-antracit-cenovy-hit-56981\/#breadcrumb"},"inLanguage":"cs","potentialAction":[{"@type":"ReadAction","target":["https:\/\/www.domtechnikpro.com\/index.php\/produkt\/sapho-zig-otopn-eacute-t-283-leso-500x1096mm-antracit-cenovy-hit-56981\/"]}]},{"@type":"ImageObject","inLanguage":"cs","@id":"https:\/\/www.domtechnikpro.com\/index.php\/produkt\/sapho-zig-otopn-eacute-t-283-leso-500x1096mm-antracit-cenovy-hit-56981\/#primaryimage","url":"https:\/\/www.domtechnikpro.com\/wp-content\/uploads\/2026\/SK0002580-CZ20260425-093107-0-1777080667-60072-large_default.webp","contentUrl":"https:\/\/www.domtechnikpro.com\/wp-content\/uploads\/2026\/SK0002580-CZ20260425-093107-0-1777080667-60072-large_default.webp","width":470,"height":470},{"@type":"BreadcrumbList","@id":"https:\/\/www.domtechnikpro.com\/index.php\/produkt\/sapho-zig-otopn-eacute-t-283-leso-500x1096mm-antracit-cenovy-hit-56981\/#breadcrumb","itemListElement":[{"@type":"ListItem","position":1,"name":"Home","item":"https:\/\/www.domtechnikpro.com\/"},{"@type":"ListItem","position":2,"name":"Products","item":"https:\/\/www.domtechnikpro.com\/index.php\/products\/"},{"@type":"ListItem","position":3,"name":"SAPHO | ZIG | otopn&eacute; t&#283;leso 500x1096mm | antracit Cenov\u00fd Hit"}]},{"@type":"WebSite","@id":"https:\/\/www.domtechnikpro.com\/#website","url":"https:\/\/www.domtechnikpro.com\/","name":"","description":"","potentialAction":[{"@type":"SearchAction","target":{"@type":"EntryPoint","urlTemplate":"https:\/\/www.domtechnikpro.com\/?s={search_term_string}"},"query-input":{"@type":"PropertyValueSpecification","valueRequired":true,"valueName":"search_term_string"}}],"inLanguage":"cs"}]}},"_links":{"self":[{"href":"https:\/\/www.domtechnikpro.com\/index.php\/wp-json\/wp\/v2\/product\/56981","targetHints":{"allow":["GET"]}}],"collection":[{"href":"https:\/\/www.domtechnikpro.com\/index.php\/wp-json\/wp\/v2\/product"}],"about":[{"href":"https:\/\/www.domtechnikpro.com\/index.php\/wp-json\/wp\/v2\/types\/product"}],"replies":[{"embeddable":true,"href":"https:\/\/www.domtechnikpro.com\/index.php\/wp-json\/wp\/v2\/comments?post=56981"}],"wp:featuredmedia":[{"embeddable":true,"href":"https:\/\/www.domtechnikpro.com\/index.php\/wp-json\/wp\/v2\/media\/57081"}],"wp:attachment":[{"href":"https:\/\/www.domtechnikpro.com\/index.php\/wp-json\/wp\/v2\/media?parent=56981"}],"wp:term":[{"taxonomy":"product_brand","embeddable":true,"href":"https:\/\/www.domtechnikpro.com\/index.php\/wp-json\/wp\/v2\/product_brand?post=56981"},{"taxonomy":"product_cat","embeddable":true,"href":"https:\/\/www.domtechnikpro.com\/index.php\/wp-json\/wp\/v2\/product_cat?post=56981"},{"taxonomy":"product_tag","embeddable":true,"href":"https:\/\/www.domtechnikpro.com\/index.php\/wp-json\/wp\/v2\/product_tag?post=56981"}],"curies":[{"name":"wp","href":"https:\/\/api.w.org\/{rel}","templated":true}]}}