{"id":56980,"date":"2026-04-26T09:02:07","date_gmt":"2026-04-26T09:02:07","guid":{"rendered":""},"modified":"2026-04-26T09:02:07","modified_gmt":"2026-04-26T09:02:07","slug":"nizka-cena-sapho-pilon-otopn-yacute-382-eb-345-iacute-k-st-345-edov-eacute-p-345-ipojen-iacute-270x1800-v-269-4-h-aacute-269-k-367-chrom-56980","status":"publish","type":"product","link":"https:\/\/www.domtechnikpro.com\/produkt\/nizka-cena-sapho-pilon-otopn-yacute-382-eb-345-iacute-k-st-345-edov-eacute-p-345-ipojen-iacute-270x1800-v-269-4-h-aacute-269-k-367-chrom-56980\/","title":{"rendered":"N\u00edzk\u00e1 Cena SAPHO | PILON | otopn&yacute; &#382;eb&#345;&iacute;k | st&#345;edov&eacute; p&#345;ipojen&iacute; | 270&#215;1800 | v&#269;.4 h&aacute;&#269;k&#367; | chrom"},"content":{"rendered":"<p><!-- More info -->\t\t\t\t\t<\/p>\n<section id=\"idTab1\" class=\"page-product-box tab-pane active\" role=\"tabpanel\" aria-labelledby=\"idTab1\">\t\t\t\t\t\t<!-- full description -->\t\t\t\t\t\t<\/p>\n<div class=\"rte\">S\u00e9rie\t   \tPILON<br \/>Rozm\u011br\t   \t270&#215;1800 mm<br \/>\u0160\u00ed\u0159ka\t   \t270 mm<br \/>V\u00fd\u0161ka\t   \t1800 mm<br \/>Objem\t   \t10.3 l<br \/>Barva\t   \tChrom<br \/>Materi\u00e1l\t   \tOcel<br \/>Mo\u017enost vyt\u00e1p\u011bn\u00ed\t   \t\u00dast\u0159edn\u00ed vyt\u00e1p\u011bn\u00ed<br \/>Rozte\u010d p\u0159ipojen\u00ed 50 mm\tSymetrick\u00e9 (na st\u0159ed)<br \/>Rozte\u010d p\u0159ipojen\u00ed\t   \t50 mm<br \/>V\u00fdkon\t   \t                  464 W<br \/>Teplotn\u00ed sp\u00e1d\t   \t75\/65\/20 \u00b0C<br \/>V\u00fdbava\t   \t                   V\u010detn\u011b 4 dr\u017e\u00e1k\u016f na ru\u010dn\u00edky<\/div>\n<\/section>\n<p>\t\t\t\t\t<!--end  More info -->\t\t\t\t\t\t\t\t\t\t\t\t\t\t\t\t\t\t\t\t\t\t\t\t\t\t\t\t\t\t\t<\/div>\n<\/p><\/div>\n<p><!--QTR Accessories --><\/p>\n","protected":false},"excerpt":{"rendered":"<p>S\u00e9rie PILONRozm\u011br 270&#215;1800 mm\u0160\u00ed\u0159ka 270 mmV\u00fd\u0161ka 1800 mmObjem 10.3 lBarva ChromMateri\u00e1l OcelMo\u017enost vyt\u00e1p\u011bn\u00ed \u00dast\u0159edn\u00ed vyt\u00e1p\u011bn\u00edRozte\u010d p\u0159ipojen\u00ed 50 mm Symetrick\u00e9 (na st\u0159ed)Rozte\u010d p\u0159ipojen\u00ed 50 mmV\u00fdkon 464 WTeplotn\u00ed sp\u00e1d 75\/65\/20 \u00b0CV\u00fdbava V\u010detn\u011b 4 dr\u017e\u00e1k\u016f na ru\u010dn\u00edky<\/p>\n","protected":false},"featured_media":57080,"comment_status":"open","ping_status":"open","template":"","meta":[],"product_brand":[],"product_cat":[172],"product_tag":[],"class_list":{"0":"post-56980","1":"product","2":"type-product","3":"status-publish","4":"has-post-thumbnail","6":"product_cat-sanit-aacute-rn-iacute-vybaven-iacute","8":"first","9":"instock","10":"sale","11":"shipping-taxable","12":"purchasable","13":"product-type-simple"},"yoast_head":"<!-- This site is optimized with the Yoast SEO plugin v26.8 - https:\/\/yoast.com\/product\/yoast-seo-wordpress\/ -->\n<title>N\u00edzk\u00e1 Cena SAPHO | PILON | otopn&yacute; &#382;eb&#345;&iacute;k | st&#345;edov&eacute; p&#345;ipojen&iacute; | 270x1800 | v&#269;.4 h&aacute;&#269;k&#367; | chrom -<\/title>\n<meta name=\"robots\" content=\"index, follow, max-snippet:-1, max-image-preview:large, max-video-preview:-1\" \/>\n<link rel=\"canonical\" href=\"https:\/\/www.domtechnikpro.com\/index.php\/produkt\/nizka-cena-sapho-pilon-otopn-yacute-382-eb-345-iacute-k-st-345-edov-eacute-p-345-ipojen-iacute-270x1800-v-269-4-h-aacute-269-k-367-chrom-56980\/\" \/>\n<meta property=\"og:locale\" content=\"cs_CZ\" \/>\n<meta property=\"og:type\" content=\"article\" \/>\n<meta property=\"og:title\" content=\"N\u00edzk\u00e1 Cena SAPHO | PILON | otopn&yacute; &#382;eb&#345;&iacute;k | st&#345;edov&eacute; p&#345;ipojen&iacute; | 270x1800 | v&#269;.4 h&aacute;&#269;k&#367; | chrom -\" \/>\n<meta property=\"og:description\" content=\"S\u00e9rie PILONRozm\u011br 270&#215;1800 mm\u0160\u00ed\u0159ka 270 mmV\u00fd\u0161ka 1800 mmObjem 10.3 lBarva ChromMateri\u00e1l OcelMo\u017enost vyt\u00e1p\u011bn\u00ed \u00dast\u0159edn\u00ed vyt\u00e1p\u011bn\u00edRozte\u010d p\u0159ipojen\u00ed 50 mm Symetrick\u00e9 (na st\u0159ed)Rozte\u010d p\u0159ipojen\u00ed 50 mmV\u00fdkon 464 WTeplotn\u00ed sp\u00e1d 75\/65\/20 \u00b0CV\u00fdbava V\u010detn\u011b 4 dr\u017e\u00e1k\u016f na ru\u010dn\u00edky\" \/>\n<meta property=\"og:url\" content=\"https:\/\/www.domtechnikpro.com\/index.php\/produkt\/nizka-cena-sapho-pilon-otopn-yacute-382-eb-345-iacute-k-st-345-edov-eacute-p-345-ipojen-iacute-270x1800-v-269-4-h-aacute-269-k-367-chrom-56980\/\" \/>\n<meta property=\"og:image\" content=\"https:\/\/www.domtechnikpro.com\/wp-content\/uploads\/2026\/SK0002578-CZ20260425-093107-0-1777080667-59881-large_default.webp\" \/>\n\t<meta property=\"og:image:width\" content=\"470\" \/>\n\t<meta property=\"og:image:height\" content=\"470\" \/>\n\t<meta property=\"og:image:type\" content=\"image\/webp\" \/>\n<meta name=\"twitter:card\" content=\"summary_large_image\" \/>\n<script type=\"application\/ld+json\" class=\"yoast-schema-graph\">{\"@context\":\"https:\/\/schema.org\",\"@graph\":[{\"@type\":\"WebPage\",\"@id\":\"https:\/\/www.domtechnikpro.com\/index.php\/produkt\/nizka-cena-sapho-pilon-otopn-yacute-382-eb-345-iacute-k-st-345-edov-eacute-p-345-ipojen-iacute-270x1800-v-269-4-h-aacute-269-k-367-chrom-56980\/\",\"url\":\"https:\/\/www.domtechnikpro.com\/index.php\/produkt\/nizka-cena-sapho-pilon-otopn-yacute-382-eb-345-iacute-k-st-345-edov-eacute-p-345-ipojen-iacute-270x1800-v-269-4-h-aacute-269-k-367-chrom-56980\/\",\"name\":\"N\u00edzk\u00e1 Cena SAPHO | PILON | otopn&yacute; &#382;eb&#345;&iacute;k | st&#345;edov&eacute; p&#345;ipojen&iacute; | 270x1800 | v&#269;.4 h&aacute;&#269;k&#367; | chrom -\",\"isPartOf\":{\"@id\":\"https:\/\/www.domtechnikpro.com\/#website\"},\"primaryImageOfPage\":{\"@id\":\"https:\/\/www.domtechnikpro.com\/index.php\/produkt\/nizka-cena-sapho-pilon-otopn-yacute-382-eb-345-iacute-k-st-345-edov-eacute-p-345-ipojen-iacute-270x1800-v-269-4-h-aacute-269-k-367-chrom-56980\/#primaryimage\"},\"image\":{\"@id\":\"https:\/\/www.domtechnikpro.com\/index.php\/produkt\/nizka-cena-sapho-pilon-otopn-yacute-382-eb-345-iacute-k-st-345-edov-eacute-p-345-ipojen-iacute-270x1800-v-269-4-h-aacute-269-k-367-chrom-56980\/#primaryimage\"},\"thumbnailUrl\":\"https:\/\/www.domtechnikpro.com\/wp-content\/uploads\/2026\/SK0002578-CZ20260425-093107-0-1777080667-59881-large_default.webp\",\"datePublished\":\"2026-04-26T09:02:07+00:00\",\"breadcrumb\":{\"@id\":\"https:\/\/www.domtechnikpro.com\/index.php\/produkt\/nizka-cena-sapho-pilon-otopn-yacute-382-eb-345-iacute-k-st-345-edov-eacute-p-345-ipojen-iacute-270x1800-v-269-4-h-aacute-269-k-367-chrom-56980\/#breadcrumb\"},\"inLanguage\":\"cs\",\"potentialAction\":[{\"@type\":\"ReadAction\",\"target\":[\"https:\/\/www.domtechnikpro.com\/index.php\/produkt\/nizka-cena-sapho-pilon-otopn-yacute-382-eb-345-iacute-k-st-345-edov-eacute-p-345-ipojen-iacute-270x1800-v-269-4-h-aacute-269-k-367-chrom-56980\/\"]}]},{\"@type\":\"ImageObject\",\"inLanguage\":\"cs\",\"@id\":\"https:\/\/www.domtechnikpro.com\/index.php\/produkt\/nizka-cena-sapho-pilon-otopn-yacute-382-eb-345-iacute-k-st-345-edov-eacute-p-345-ipojen-iacute-270x1800-v-269-4-h-aacute-269-k-367-chrom-56980\/#primaryimage\",\"url\":\"https:\/\/www.domtechnikpro.com\/wp-content\/uploads\/2026\/SK0002578-CZ20260425-093107-0-1777080667-59881-large_default.webp\",\"contentUrl\":\"https:\/\/www.domtechnikpro.com\/wp-content\/uploads\/2026\/SK0002578-CZ20260425-093107-0-1777080667-59881-large_default.webp\",\"width\":470,\"height\":470},{\"@type\":\"BreadcrumbList\",\"@id\":\"https:\/\/www.domtechnikpro.com\/index.php\/produkt\/nizka-cena-sapho-pilon-otopn-yacute-382-eb-345-iacute-k-st-345-edov-eacute-p-345-ipojen-iacute-270x1800-v-269-4-h-aacute-269-k-367-chrom-56980\/#breadcrumb\",\"itemListElement\":[{\"@type\":\"ListItem\",\"position\":1,\"name\":\"Home\",\"item\":\"https:\/\/www.domtechnikpro.com\/\"},{\"@type\":\"ListItem\",\"position\":2,\"name\":\"Products\",\"item\":\"https:\/\/www.domtechnikpro.com\/products\/\"},{\"@type\":\"ListItem\",\"position\":3,\"name\":\"N\u00edzk\u00e1 Cena SAPHO | PILON | otopn&yacute; &#382;eb&#345;&iacute;k | st&#345;edov&eacute; p&#345;ipojen&iacute; | 270&#215;1800 | v&#269;.4 h&aacute;&#269;k&#367; | chrom\"}]},{\"@type\":\"WebSite\",\"@id\":\"https:\/\/www.domtechnikpro.com\/#website\",\"url\":\"https:\/\/www.domtechnikpro.com\/\",\"name\":\"\",\"description\":\"\",\"potentialAction\":[{\"@type\":\"SearchAction\",\"target\":{\"@type\":\"EntryPoint\",\"urlTemplate\":\"https:\/\/www.domtechnikpro.com\/?s={search_term_string}\"},\"query-input\":{\"@type\":\"PropertyValueSpecification\",\"valueRequired\":true,\"valueName\":\"search_term_string\"}}],\"inLanguage\":\"cs\"}]}<\/script>\n<!-- \/ Yoast SEO plugin. -->","yoast_head_json":{"title":"N\u00edzk\u00e1 Cena SAPHO | PILON | otopn&yacute; &#382;eb&#345;&iacute;k | st&#345;edov&eacute; p&#345;ipojen&iacute; | 270x1800 | v&#269;.4 h&aacute;&#269;k&#367; | chrom -","robots":{"index":"index","follow":"follow","max-snippet":"max-snippet:-1","max-image-preview":"max-image-preview:large","max-video-preview":"max-video-preview:-1"},"canonical":"https:\/\/www.domtechnikpro.com\/index.php\/produkt\/nizka-cena-sapho-pilon-otopn-yacute-382-eb-345-iacute-k-st-345-edov-eacute-p-345-ipojen-iacute-270x1800-v-269-4-h-aacute-269-k-367-chrom-56980\/","og_locale":"cs_CZ","og_type":"article","og_title":"N\u00edzk\u00e1 Cena SAPHO | PILON | otopn&yacute; &#382;eb&#345;&iacute;k | st&#345;edov&eacute; p&#345;ipojen&iacute; | 270x1800 | v&#269;.4 h&aacute;&#269;k&#367; | chrom -","og_description":"S\u00e9rie PILONRozm\u011br 270&#215;1800 mm\u0160\u00ed\u0159ka 270 mmV\u00fd\u0161ka 1800 mmObjem 10.3 lBarva ChromMateri\u00e1l OcelMo\u017enost vyt\u00e1p\u011bn\u00ed \u00dast\u0159edn\u00ed vyt\u00e1p\u011bn\u00edRozte\u010d p\u0159ipojen\u00ed 50 mm Symetrick\u00e9 (na st\u0159ed)Rozte\u010d p\u0159ipojen\u00ed 50 mmV\u00fdkon 464 WTeplotn\u00ed sp\u00e1d 75\/65\/20 \u00b0CV\u00fdbava V\u010detn\u011b 4 dr\u017e\u00e1k\u016f na ru\u010dn\u00edky","og_url":"https:\/\/www.domtechnikpro.com\/index.php\/produkt\/nizka-cena-sapho-pilon-otopn-yacute-382-eb-345-iacute-k-st-345-edov-eacute-p-345-ipojen-iacute-270x1800-v-269-4-h-aacute-269-k-367-chrom-56980\/","og_image":[{"width":470,"height":470,"url":"https:\/\/www.domtechnikpro.com\/wp-content\/uploads\/2026\/SK0002578-CZ20260425-093107-0-1777080667-59881-large_default.webp","type":"image\/webp"}],"twitter_card":"summary_large_image","schema":{"@context":"https:\/\/schema.org","@graph":[{"@type":"WebPage","@id":"https:\/\/www.domtechnikpro.com\/index.php\/produkt\/nizka-cena-sapho-pilon-otopn-yacute-382-eb-345-iacute-k-st-345-edov-eacute-p-345-ipojen-iacute-270x1800-v-269-4-h-aacute-269-k-367-chrom-56980\/","url":"https:\/\/www.domtechnikpro.com\/index.php\/produkt\/nizka-cena-sapho-pilon-otopn-yacute-382-eb-345-iacute-k-st-345-edov-eacute-p-345-ipojen-iacute-270x1800-v-269-4-h-aacute-269-k-367-chrom-56980\/","name":"N\u00edzk\u00e1 Cena SAPHO | PILON | otopn&yacute; &#382;eb&#345;&iacute;k | st&#345;edov&eacute; p&#345;ipojen&iacute; | 270x1800 | v&#269;.4 h&aacute;&#269;k&#367; | chrom -","isPartOf":{"@id":"https:\/\/www.domtechnikpro.com\/#website"},"primaryImageOfPage":{"@id":"https:\/\/www.domtechnikpro.com\/index.php\/produkt\/nizka-cena-sapho-pilon-otopn-yacute-382-eb-345-iacute-k-st-345-edov-eacute-p-345-ipojen-iacute-270x1800-v-269-4-h-aacute-269-k-367-chrom-56980\/#primaryimage"},"image":{"@id":"https:\/\/www.domtechnikpro.com\/index.php\/produkt\/nizka-cena-sapho-pilon-otopn-yacute-382-eb-345-iacute-k-st-345-edov-eacute-p-345-ipojen-iacute-270x1800-v-269-4-h-aacute-269-k-367-chrom-56980\/#primaryimage"},"thumbnailUrl":"https:\/\/www.domtechnikpro.com\/wp-content\/uploads\/2026\/SK0002578-CZ20260425-093107-0-1777080667-59881-large_default.webp","datePublished":"2026-04-26T09:02:07+00:00","breadcrumb":{"@id":"https:\/\/www.domtechnikpro.com\/index.php\/produkt\/nizka-cena-sapho-pilon-otopn-yacute-382-eb-345-iacute-k-st-345-edov-eacute-p-345-ipojen-iacute-270x1800-v-269-4-h-aacute-269-k-367-chrom-56980\/#breadcrumb"},"inLanguage":"cs","potentialAction":[{"@type":"ReadAction","target":["https:\/\/www.domtechnikpro.com\/index.php\/produkt\/nizka-cena-sapho-pilon-otopn-yacute-382-eb-345-iacute-k-st-345-edov-eacute-p-345-ipojen-iacute-270x1800-v-269-4-h-aacute-269-k-367-chrom-56980\/"]}]},{"@type":"ImageObject","inLanguage":"cs","@id":"https:\/\/www.domtechnikpro.com\/index.php\/produkt\/nizka-cena-sapho-pilon-otopn-yacute-382-eb-345-iacute-k-st-345-edov-eacute-p-345-ipojen-iacute-270x1800-v-269-4-h-aacute-269-k-367-chrom-56980\/#primaryimage","url":"https:\/\/www.domtechnikpro.com\/wp-content\/uploads\/2026\/SK0002578-CZ20260425-093107-0-1777080667-59881-large_default.webp","contentUrl":"https:\/\/www.domtechnikpro.com\/wp-content\/uploads\/2026\/SK0002578-CZ20260425-093107-0-1777080667-59881-large_default.webp","width":470,"height":470},{"@type":"BreadcrumbList","@id":"https:\/\/www.domtechnikpro.com\/index.php\/produkt\/nizka-cena-sapho-pilon-otopn-yacute-382-eb-345-iacute-k-st-345-edov-eacute-p-345-ipojen-iacute-270x1800-v-269-4-h-aacute-269-k-367-chrom-56980\/#breadcrumb","itemListElement":[{"@type":"ListItem","position":1,"name":"Home","item":"https:\/\/www.domtechnikpro.com\/"},{"@type":"ListItem","position":2,"name":"Products","item":"https:\/\/www.domtechnikpro.com\/products\/"},{"@type":"ListItem","position":3,"name":"N\u00edzk\u00e1 Cena SAPHO | PILON | otopn&yacute; &#382;eb&#345;&iacute;k | st&#345;edov&eacute; p&#345;ipojen&iacute; | 270&#215;1800 | v&#269;.4 h&aacute;&#269;k&#367; | chrom"}]},{"@type":"WebSite","@id":"https:\/\/www.domtechnikpro.com\/#website","url":"https:\/\/www.domtechnikpro.com\/","name":"","description":"","potentialAction":[{"@type":"SearchAction","target":{"@type":"EntryPoint","urlTemplate":"https:\/\/www.domtechnikpro.com\/?s={search_term_string}"},"query-input":{"@type":"PropertyValueSpecification","valueRequired":true,"valueName":"search_term_string"}}],"inLanguage":"cs"}]}},"_links":{"self":[{"href":"https:\/\/www.domtechnikpro.com\/wp-json\/wp\/v2\/product\/56980","targetHints":{"allow":["GET"]}}],"collection":[{"href":"https:\/\/www.domtechnikpro.com\/wp-json\/wp\/v2\/product"}],"about":[{"href":"https:\/\/www.domtechnikpro.com\/wp-json\/wp\/v2\/types\/product"}],"replies":[{"embeddable":true,"href":"https:\/\/www.domtechnikpro.com\/wp-json\/wp\/v2\/comments?post=56980"}],"wp:featuredmedia":[{"embeddable":true,"href":"https:\/\/www.domtechnikpro.com\/wp-json\/wp\/v2\/media\/57080"}],"wp:attachment":[{"href":"https:\/\/www.domtechnikpro.com\/wp-json\/wp\/v2\/media?parent=56980"}],"wp:term":[{"taxonomy":"product_brand","embeddable":true,"href":"https:\/\/www.domtechnikpro.com\/wp-json\/wp\/v2\/product_brand?post=56980"},{"taxonomy":"product_cat","embeddable":true,"href":"https:\/\/www.domtechnikpro.com\/wp-json\/wp\/v2\/product_cat?post=56980"},{"taxonomy":"product_tag","embeddable":true,"href":"https:\/\/www.domtechnikpro.com\/wp-json\/wp\/v2\/product_tag?post=56980"}],"curies":[{"name":"wp","href":"https:\/\/api.w.org\/{rel}","templated":true}]}}