{"id":56976,"date":"2026-04-26T09:02:07","date_gmt":"2026-04-26T09:02:07","guid":{"rendered":""},"modified":"2026-04-26T09:02:07","modified_gmt":"2026-04-26T09:02:07","slug":"sapho-silvana-otopn-yacute-382-eb-345-iacute-k-500x1236-metalick-aacute-st-345-iacute-brn-aacute-zlevneny-56976","status":"publish","type":"product","link":"https:\/\/www.domtechnikpro.com\/produkt\/sapho-silvana-otopn-yacute-382-eb-345-iacute-k-500x1236-metalick-aacute-st-345-iacute-brn-aacute-zlevneny-56976\/","title":{"rendered":"SAPHO | SILVANA | otopn&yacute; &#382;eb&#345;&iacute;k | 500&#215;1236 | metalick&aacute; st&#345;&iacute;brn&aacute; Zlevn\u011bn\u00fd"},"content":{"rendered":"<p><!-- More info -->\t\t\t\t\t<\/p>\n<section id=\"idTab1\" class=\"page-product-box tab-pane active\" role=\"tabpanel\" aria-labelledby=\"idTab1\">\t\t\t\t\t\t<!-- full description -->\t\t\t\t\t\t<\/p>\n<div class=\"rte\">S\u00e9rie\t   \tSILVANA<br \/>Rozm\u011br\t   \t500&#215;1236 mm<br \/>\u0160\u00ed\u0159ka\t   \t500 mm<br \/>V\u00fd\u0161ka\t   \t1236 mm<br \/>Objem\t   \t4.8 l<br \/>Barva\t   \tSt\u0159\u00edbrn\u00e1 <br \/>Materi\u00e1l\t   \tOcel<br \/>Tvar\t   \tTvar E<br \/>Instalace\t   \tOto\u010dn\u00e9 o 180\u00b0<br \/>Doporu\u010den\u00e1 el. topn\u00e1 ty\u010d\t500 W<br \/>Mo\u017enost vyt\u00e1p\u011bn\u00ed\t   \tElektrick\u00e9 vyt\u00e1p\u011bn\u00ed, Kombinovan\u00e9 vyt\u00e1p\u011bn\u00ed, \u00dast\u0159edn\u00ed vyt\u00e1p\u011bn\u00ed<br \/>Rozte\u010d p\u0159ipojen\u00ed 50 mm\tNesymetrick\u00e9 (na bok)<br \/>Rozte\u010d p\u0159ipojen\u00ed\t   \t50 mm<br \/>V\u00fdkon\t   \t                   561 W<br \/>Teplotn\u00ed sp\u00e1d\t   \t75\/65\/20 \u00b0C<\/div>\n<\/section>\n<p>\t\t\t\t\t<!--end  More info -->\t\t\t\t\t\t\t\t\t\t\t\t\t\t\t\t\t\t\t\t\t\t\t\t\t\t\t\t\t\t\t<\/div>\n<\/p><\/div>\n<p><!--QTR Accessories --><\/p>\n","protected":false},"excerpt":{"rendered":"<p>S\u00e9rie SILVANARozm\u011br 500&#215;1236 mm\u0160\u00ed\u0159ka 500 mmV\u00fd\u0161ka 1236 mmObjem 4.8 lBarva St\u0159\u00edbrn\u00e1 Materi\u00e1l OcelTvar Tvar EInstalace Oto\u010dn\u00e9 o 180\u00b0Doporu\u010den\u00e1 el. topn\u00e1 ty\u010d 500 WMo\u017enost vyt\u00e1p\u011bn\u00ed Elektrick\u00e9 vyt\u00e1p\u011bn\u00ed, Kombinovan\u00e9 vyt\u00e1p\u011bn\u00ed, \u00dast\u0159edn\u00ed vyt\u00e1p\u011bn\u00edRozte\u010d p\u0159ipojen\u00ed 50 mm Nesymetrick\u00e9 (na bok)Rozte\u010d p\u0159ipojen\u00ed 50 mmV\u00fdkon 561 WTeplotn\u00ed sp\u00e1d 75\/65\/20 \u00b0C<\/p>\n","protected":false},"featured_media":57076,"comment_status":"open","ping_status":"open","template":"","meta":[],"product_brand":[],"product_cat":[172],"product_tag":[],"class_list":{"0":"post-56976","1":"product","2":"type-product","3":"status-publish","4":"has-post-thumbnail","6":"product_cat-sanit-aacute-rn-iacute-vybaven-iacute","8":"first","9":"instock","10":"sale","11":"shipping-taxable","12":"purchasable","13":"product-type-simple"},"yoast_head":"<!-- This site is optimized with the Yoast SEO plugin v26.8 - https:\/\/yoast.com\/product\/yoast-seo-wordpress\/ -->\n<title>SAPHO | SILVANA | otopn&yacute; &#382;eb&#345;&iacute;k | 500x1236 | metalick&aacute; st&#345;&iacute;brn&aacute; Zlevn\u011bn\u00fd - Pr\u016fmyslov\u00e9 vybaven\u00ed a p\u0159\u00edslu\u0161enstv\u00ed<\/title>\n<meta name=\"robots\" content=\"index, follow, max-snippet:-1, max-image-preview:large, max-video-preview:-1\" \/>\n<link rel=\"canonical\" href=\"https:\/\/www.domtechnikpro.com\/index.php\/produkt\/sapho-silvana-otopn-yacute-382-eb-345-iacute-k-500x1236-metalick-aacute-st-345-iacute-brn-aacute-zlevneny-56976\/\" \/>\n<meta property=\"og:locale\" content=\"cs_CZ\" \/>\n<meta property=\"og:type\" content=\"article\" \/>\n<meta property=\"og:title\" content=\"SAPHO | SILVANA | otopn&yacute; &#382;eb&#345;&iacute;k | 500x1236 | metalick&aacute; st&#345;&iacute;brn&aacute; Zlevn\u011bn\u00fd - Pr\u016fmyslov\u00e9 vybaven\u00ed a p\u0159\u00edslu\u0161enstv\u00ed\" \/>\n<meta property=\"og:description\" content=\"S\u00e9rie SILVANARozm\u011br 500&#215;1236 mm\u0160\u00ed\u0159ka 500 mmV\u00fd\u0161ka 1236 mmObjem 4.8 lBarva St\u0159\u00edbrn\u00e1 Materi\u00e1l OcelTvar Tvar EInstalace Oto\u010dn\u00e9 o 180\u00b0Doporu\u010den\u00e1 el. topn\u00e1 ty\u010d 500 WMo\u017enost vyt\u00e1p\u011bn\u00ed Elektrick\u00e9 vyt\u00e1p\u011bn\u00ed, Kombinovan\u00e9 vyt\u00e1p\u011bn\u00ed, \u00dast\u0159edn\u00ed vyt\u00e1p\u011bn\u00edRozte\u010d p\u0159ipojen\u00ed 50 mm Nesymetrick\u00e9 (na bok)Rozte\u010d p\u0159ipojen\u00ed 50 mmV\u00fdkon 561 WTeplotn\u00ed sp\u00e1d 75\/65\/20 \u00b0C\" \/>\n<meta property=\"og:url\" content=\"https:\/\/www.domtechnikpro.com\/index.php\/produkt\/sapho-silvana-otopn-yacute-382-eb-345-iacute-k-500x1236-metalick-aacute-st-345-iacute-brn-aacute-zlevneny-56976\/\" \/>\n<meta property=\"og:site_name\" content=\"Pr\u016fmyslov\u00e9 vybaven\u00ed a p\u0159\u00edslu\u0161enstv\u00ed\" \/>\n<meta property=\"og:image\" content=\"https:\/\/www.domtechnikpro.com\/wp-content\/uploads\/2026\/SK0002573-CZ20260425-093107-0-1777080667-59933-large_default.webp\" \/>\n\t<meta property=\"og:image:width\" content=\"470\" \/>\n\t<meta property=\"og:image:height\" content=\"470\" \/>\n\t<meta property=\"og:image:type\" content=\"image\/webp\" \/>\n<meta name=\"twitter:card\" content=\"summary_large_image\" \/>\n<script type=\"application\/ld+json\" class=\"yoast-schema-graph\">{\"@context\":\"https:\/\/schema.org\",\"@graph\":[{\"@type\":\"WebPage\",\"@id\":\"https:\/\/www.domtechnikpro.com\/index.php\/produkt\/sapho-silvana-otopn-yacute-382-eb-345-iacute-k-500x1236-metalick-aacute-st-345-iacute-brn-aacute-zlevneny-56976\/\",\"url\":\"https:\/\/www.domtechnikpro.com\/index.php\/produkt\/sapho-silvana-otopn-yacute-382-eb-345-iacute-k-500x1236-metalick-aacute-st-345-iacute-brn-aacute-zlevneny-56976\/\",\"name\":\"SAPHO | SILVANA | otopn&yacute; &#382;eb&#345;&iacute;k | 500x1236 | metalick&aacute; st&#345;&iacute;brn&aacute; Zlevn\u011bn\u00fd - Pr\u016fmyslov\u00e9 vybaven\u00ed a p\u0159\u00edslu\u0161enstv\u00ed\",\"isPartOf\":{\"@id\":\"https:\/\/www.domtechnikpro.com\/#website\"},\"primaryImageOfPage\":{\"@id\":\"https:\/\/www.domtechnikpro.com\/index.php\/produkt\/sapho-silvana-otopn-yacute-382-eb-345-iacute-k-500x1236-metalick-aacute-st-345-iacute-brn-aacute-zlevneny-56976\/#primaryimage\"},\"image\":{\"@id\":\"https:\/\/www.domtechnikpro.com\/index.php\/produkt\/sapho-silvana-otopn-yacute-382-eb-345-iacute-k-500x1236-metalick-aacute-st-345-iacute-brn-aacute-zlevneny-56976\/#primaryimage\"},\"thumbnailUrl\":\"https:\/\/www.domtechnikpro.com\/wp-content\/uploads\/2026\/SK0002573-CZ20260425-093107-0-1777080667-59933-large_default.webp\",\"datePublished\":\"2026-04-26T09:02:07+00:00\",\"breadcrumb\":{\"@id\":\"https:\/\/www.domtechnikpro.com\/index.php\/produkt\/sapho-silvana-otopn-yacute-382-eb-345-iacute-k-500x1236-metalick-aacute-st-345-iacute-brn-aacute-zlevneny-56976\/#breadcrumb\"},\"inLanguage\":\"cs\",\"potentialAction\":[{\"@type\":\"ReadAction\",\"target\":[\"https:\/\/www.domtechnikpro.com\/index.php\/produkt\/sapho-silvana-otopn-yacute-382-eb-345-iacute-k-500x1236-metalick-aacute-st-345-iacute-brn-aacute-zlevneny-56976\/\"]}]},{\"@type\":\"ImageObject\",\"inLanguage\":\"cs\",\"@id\":\"https:\/\/www.domtechnikpro.com\/index.php\/produkt\/sapho-silvana-otopn-yacute-382-eb-345-iacute-k-500x1236-metalick-aacute-st-345-iacute-brn-aacute-zlevneny-56976\/#primaryimage\",\"url\":\"https:\/\/www.domtechnikpro.com\/wp-content\/uploads\/2026\/SK0002573-CZ20260425-093107-0-1777080667-59933-large_default.webp\",\"contentUrl\":\"https:\/\/www.domtechnikpro.com\/wp-content\/uploads\/2026\/SK0002573-CZ20260425-093107-0-1777080667-59933-large_default.webp\",\"width\":470,\"height\":470},{\"@type\":\"BreadcrumbList\",\"@id\":\"https:\/\/www.domtechnikpro.com\/index.php\/produkt\/sapho-silvana-otopn-yacute-382-eb-345-iacute-k-500x1236-metalick-aacute-st-345-iacute-brn-aacute-zlevneny-56976\/#breadcrumb\",\"itemListElement\":[{\"@type\":\"ListItem\",\"position\":1,\"name\":\"Home\",\"item\":\"https:\/\/www.domtechnikpro.com\/\"},{\"@type\":\"ListItem\",\"position\":2,\"name\":\"Products\",\"item\":\"https:\/\/www.domtechnikpro.com\/products\/\"},{\"@type\":\"ListItem\",\"position\":3,\"name\":\"SAPHO | SILVANA | otopn&yacute; &#382;eb&#345;&iacute;k | 500&#215;1236 | metalick&aacute; st&#345;&iacute;brn&aacute; Zlevn\u011bn\u00fd\"}]},{\"@type\":\"WebSite\",\"@id\":\"https:\/\/www.domtechnikpro.com\/#website\",\"url\":\"https:\/\/www.domtechnikpro.com\/\",\"name\":\"Pr\u016fmyslov\u00e9 vybaven\u00ed a p\u0159\u00edslu\u0161enstv\u00ed\",\"description\":\"Pr\u016fmyslov\u00e9 vybaven\u00ed a p\u0159\u00edslu\u0161enstv\u00ed\",\"publisher\":{\"@id\":\"https:\/\/www.domtechnikpro.com\/#organization\"},\"potentialAction\":[{\"@type\":\"SearchAction\",\"target\":{\"@type\":\"EntryPoint\",\"urlTemplate\":\"https:\/\/www.domtechnikpro.com\/?s={search_term_string}\"},\"query-input\":{\"@type\":\"PropertyValueSpecification\",\"valueRequired\":true,\"valueName\":\"search_term_string\"}}],\"inLanguage\":\"cs\"},{\"@type\":\"Organization\",\"@id\":\"https:\/\/www.domtechnikpro.com\/#organization\",\"name\":\"Pr\u016fmyslov\u00e9 vybaven\u00ed a p\u0159\u00edslu\u0161enstv\u00ed\",\"url\":\"https:\/\/www.domtechnikpro.com\/\",\"logo\":{\"@type\":\"ImageObject\",\"inLanguage\":\"cs\",\"@id\":\"https:\/\/www.domtechnikpro.com\/#\/schema\/logo\/image\/\",\"url\":\"https:\/\/www.domtechnikpro.com\/wp-content\/uploads\/2026\/04\/domtechnikpro_logo_full.svg\",\"contentUrl\":\"https:\/\/www.domtechnikpro.com\/wp-content\/uploads\/2026\/04\/domtechnikpro_logo_full.svg\",\"width\":920,\"height\":180,\"caption\":\"Pr\u016fmyslov\u00e9 vybaven\u00ed a p\u0159\u00edslu\u0161enstv\u00ed\"},\"image\":{\"@id\":\"https:\/\/www.domtechnikpro.com\/#\/schema\/logo\/image\/\"}}]}<\/script>\n<!-- \/ Yoast SEO plugin. -->","yoast_head_json":{"title":"SAPHO | SILVANA | otopn&yacute; &#382;eb&#345;&iacute;k | 500x1236 | metalick&aacute; st&#345;&iacute;brn&aacute; Zlevn\u011bn\u00fd - Pr\u016fmyslov\u00e9 vybaven\u00ed a p\u0159\u00edslu\u0161enstv\u00ed","robots":{"index":"index","follow":"follow","max-snippet":"max-snippet:-1","max-image-preview":"max-image-preview:large","max-video-preview":"max-video-preview:-1"},"canonical":"https:\/\/www.domtechnikpro.com\/index.php\/produkt\/sapho-silvana-otopn-yacute-382-eb-345-iacute-k-500x1236-metalick-aacute-st-345-iacute-brn-aacute-zlevneny-56976\/","og_locale":"cs_CZ","og_type":"article","og_title":"SAPHO | SILVANA | otopn&yacute; &#382;eb&#345;&iacute;k | 500x1236 | metalick&aacute; st&#345;&iacute;brn&aacute; Zlevn\u011bn\u00fd - Pr\u016fmyslov\u00e9 vybaven\u00ed a p\u0159\u00edslu\u0161enstv\u00ed","og_description":"S\u00e9rie SILVANARozm\u011br 500&#215;1236 mm\u0160\u00ed\u0159ka 500 mmV\u00fd\u0161ka 1236 mmObjem 4.8 lBarva St\u0159\u00edbrn\u00e1 Materi\u00e1l OcelTvar Tvar EInstalace Oto\u010dn\u00e9 o 180\u00b0Doporu\u010den\u00e1 el. topn\u00e1 ty\u010d 500 WMo\u017enost vyt\u00e1p\u011bn\u00ed Elektrick\u00e9 vyt\u00e1p\u011bn\u00ed, Kombinovan\u00e9 vyt\u00e1p\u011bn\u00ed, \u00dast\u0159edn\u00ed vyt\u00e1p\u011bn\u00edRozte\u010d p\u0159ipojen\u00ed 50 mm Nesymetrick\u00e9 (na bok)Rozte\u010d p\u0159ipojen\u00ed 50 mmV\u00fdkon 561 WTeplotn\u00ed sp\u00e1d 75\/65\/20 \u00b0C","og_url":"https:\/\/www.domtechnikpro.com\/index.php\/produkt\/sapho-silvana-otopn-yacute-382-eb-345-iacute-k-500x1236-metalick-aacute-st-345-iacute-brn-aacute-zlevneny-56976\/","og_site_name":"Pr\u016fmyslov\u00e9 vybaven\u00ed a p\u0159\u00edslu\u0161enstv\u00ed","og_image":[{"width":470,"height":470,"url":"https:\/\/www.domtechnikpro.com\/wp-content\/uploads\/2026\/SK0002573-CZ20260425-093107-0-1777080667-59933-large_default.webp","type":"image\/webp"}],"twitter_card":"summary_large_image","schema":{"@context":"https:\/\/schema.org","@graph":[{"@type":"WebPage","@id":"https:\/\/www.domtechnikpro.com\/index.php\/produkt\/sapho-silvana-otopn-yacute-382-eb-345-iacute-k-500x1236-metalick-aacute-st-345-iacute-brn-aacute-zlevneny-56976\/","url":"https:\/\/www.domtechnikpro.com\/index.php\/produkt\/sapho-silvana-otopn-yacute-382-eb-345-iacute-k-500x1236-metalick-aacute-st-345-iacute-brn-aacute-zlevneny-56976\/","name":"SAPHO | SILVANA | otopn&yacute; &#382;eb&#345;&iacute;k | 500x1236 | metalick&aacute; st&#345;&iacute;brn&aacute; Zlevn\u011bn\u00fd - Pr\u016fmyslov\u00e9 vybaven\u00ed a p\u0159\u00edslu\u0161enstv\u00ed","isPartOf":{"@id":"https:\/\/www.domtechnikpro.com\/#website"},"primaryImageOfPage":{"@id":"https:\/\/www.domtechnikpro.com\/index.php\/produkt\/sapho-silvana-otopn-yacute-382-eb-345-iacute-k-500x1236-metalick-aacute-st-345-iacute-brn-aacute-zlevneny-56976\/#primaryimage"},"image":{"@id":"https:\/\/www.domtechnikpro.com\/index.php\/produkt\/sapho-silvana-otopn-yacute-382-eb-345-iacute-k-500x1236-metalick-aacute-st-345-iacute-brn-aacute-zlevneny-56976\/#primaryimage"},"thumbnailUrl":"https:\/\/www.domtechnikpro.com\/wp-content\/uploads\/2026\/SK0002573-CZ20260425-093107-0-1777080667-59933-large_default.webp","datePublished":"2026-04-26T09:02:07+00:00","breadcrumb":{"@id":"https:\/\/www.domtechnikpro.com\/index.php\/produkt\/sapho-silvana-otopn-yacute-382-eb-345-iacute-k-500x1236-metalick-aacute-st-345-iacute-brn-aacute-zlevneny-56976\/#breadcrumb"},"inLanguage":"cs","potentialAction":[{"@type":"ReadAction","target":["https:\/\/www.domtechnikpro.com\/index.php\/produkt\/sapho-silvana-otopn-yacute-382-eb-345-iacute-k-500x1236-metalick-aacute-st-345-iacute-brn-aacute-zlevneny-56976\/"]}]},{"@type":"ImageObject","inLanguage":"cs","@id":"https:\/\/www.domtechnikpro.com\/index.php\/produkt\/sapho-silvana-otopn-yacute-382-eb-345-iacute-k-500x1236-metalick-aacute-st-345-iacute-brn-aacute-zlevneny-56976\/#primaryimage","url":"https:\/\/www.domtechnikpro.com\/wp-content\/uploads\/2026\/SK0002573-CZ20260425-093107-0-1777080667-59933-large_default.webp","contentUrl":"https:\/\/www.domtechnikpro.com\/wp-content\/uploads\/2026\/SK0002573-CZ20260425-093107-0-1777080667-59933-large_default.webp","width":470,"height":470},{"@type":"BreadcrumbList","@id":"https:\/\/www.domtechnikpro.com\/index.php\/produkt\/sapho-silvana-otopn-yacute-382-eb-345-iacute-k-500x1236-metalick-aacute-st-345-iacute-brn-aacute-zlevneny-56976\/#breadcrumb","itemListElement":[{"@type":"ListItem","position":1,"name":"Home","item":"https:\/\/www.domtechnikpro.com\/"},{"@type":"ListItem","position":2,"name":"Products","item":"https:\/\/www.domtechnikpro.com\/products\/"},{"@type":"ListItem","position":3,"name":"SAPHO | SILVANA | otopn&yacute; &#382;eb&#345;&iacute;k | 500&#215;1236 | metalick&aacute; st&#345;&iacute;brn&aacute; Zlevn\u011bn\u00fd"}]},{"@type":"WebSite","@id":"https:\/\/www.domtechnikpro.com\/#website","url":"https:\/\/www.domtechnikpro.com\/","name":"Pr\u016fmyslov\u00e9 vybaven\u00ed a p\u0159\u00edslu\u0161enstv\u00ed","description":"Pr\u016fmyslov\u00e9 vybaven\u00ed a p\u0159\u00edslu\u0161enstv\u00ed","publisher":{"@id":"https:\/\/www.domtechnikpro.com\/#organization"},"potentialAction":[{"@type":"SearchAction","target":{"@type":"EntryPoint","urlTemplate":"https:\/\/www.domtechnikpro.com\/?s={search_term_string}"},"query-input":{"@type":"PropertyValueSpecification","valueRequired":true,"valueName":"search_term_string"}}],"inLanguage":"cs"},{"@type":"Organization","@id":"https:\/\/www.domtechnikpro.com\/#organization","name":"Pr\u016fmyslov\u00e9 vybaven\u00ed a p\u0159\u00edslu\u0161enstv\u00ed","url":"https:\/\/www.domtechnikpro.com\/","logo":{"@type":"ImageObject","inLanguage":"cs","@id":"https:\/\/www.domtechnikpro.com\/#\/schema\/logo\/image\/","url":"https:\/\/www.domtechnikpro.com\/wp-content\/uploads\/2026\/04\/domtechnikpro_logo_full.svg","contentUrl":"https:\/\/www.domtechnikpro.com\/wp-content\/uploads\/2026\/04\/domtechnikpro_logo_full.svg","width":920,"height":180,"caption":"Pr\u016fmyslov\u00e9 vybaven\u00ed a p\u0159\u00edslu\u0161enstv\u00ed"},"image":{"@id":"https:\/\/www.domtechnikpro.com\/#\/schema\/logo\/image\/"}}]}},"_links":{"self":[{"href":"https:\/\/www.domtechnikpro.com\/wp-json\/wp\/v2\/product\/56976","targetHints":{"allow":["GET"]}}],"collection":[{"href":"https:\/\/www.domtechnikpro.com\/wp-json\/wp\/v2\/product"}],"about":[{"href":"https:\/\/www.domtechnikpro.com\/wp-json\/wp\/v2\/types\/product"}],"replies":[{"embeddable":true,"href":"https:\/\/www.domtechnikpro.com\/wp-json\/wp\/v2\/comments?post=56976"}],"wp:featuredmedia":[{"embeddable":true,"href":"https:\/\/www.domtechnikpro.com\/wp-json\/wp\/v2\/media\/57076"}],"wp:attachment":[{"href":"https:\/\/www.domtechnikpro.com\/wp-json\/wp\/v2\/media?parent=56976"}],"wp:term":[{"taxonomy":"product_brand","embeddable":true,"href":"https:\/\/www.domtechnikpro.com\/wp-json\/wp\/v2\/product_brand?post=56976"},{"taxonomy":"product_cat","embeddable":true,"href":"https:\/\/www.domtechnikpro.com\/wp-json\/wp\/v2\/product_cat?post=56976"},{"taxonomy":"product_tag","embeddable":true,"href":"https:\/\/www.domtechnikpro.com\/wp-json\/wp\/v2\/product_tag?post=56976"}],"curies":[{"name":"wp","href":"https:\/\/api.w.org\/{rel}","templated":true}]}}