{"id":56975,"date":"2026-04-26T09:02:07","date_gmt":"2026-04-26T09:02:07","guid":{"rendered":""},"modified":"2026-04-26T09:02:07","modified_gmt":"2026-04-26T09:02:07","slug":"mereo-bino-sk-345-iacute-328-ka-vysok-aacute-z-aacute-v-283-sn-aacute-163cm-prav-aacute-2-z-aacute-suvky-dv-iacute-345-ka-b-iacute-l-aacute-dub-akce-56975","status":"publish","type":"product","link":"https:\/\/www.domtechnikpro.com\/produkt\/mereo-bino-sk-345-iacute-328-ka-vysok-aacute-z-aacute-v-283-sn-aacute-163cm-prav-aacute-2-z-aacute-suvky-dv-iacute-345-ka-b-iacute-l-aacute-dub-akce-56975\/","title":{"rendered":"MEREO | BINO | sk&#345;&iacute;&#328;ka vysok&aacute; | z&aacute;v&#283;sn&aacute; | 163cm | PRAV&Aacute; | 2 z&aacute;suvky+dv&iacute;&#345;ka | b&iacute;l&aacute;\/dub Akce"},"content":{"rendered":"<p><!-- More info -->\t\t\t\t\t<\/p>\n<section id=\"idTab1\" class=\"page-product-box tab-pane active\" role=\"tabpanel\" aria-labelledby=\"idTab1\">\t\t\t\t\t\t<!-- full description -->\t\t\t\t\t\t<\/p>\n<div class=\"rte\">Bino, koupelnov\u00e1 sk\u0159\u00ed\u0148ka vysok\u00e1, 325x1630x330 mm, z\u00e1v\u011bsn\u00e1, prav\u00e9 otev\u00edr\u00e1n\u00ed, b\u00edla\/dub.<\/p>\n<p>Jednoduchost, efektivnost, elegance. To jsou hlavn\u00ed spole\u010dn\u00e9 jmenovatele koupelnov\u00e9ho n\u00e1bytku Bino, kter\u00fd ozdob\u00ed ka\u017edou koupelnu. D\u00edky kombinaci inovac\u00ed a spolehliv\u00e9ho p\u0159\u00edstupu, pak vznik\u00e1 kvalitn\u00ed a z\u00e1rove\u0148 velmi modern\u00ed n\u00e1bytek. Barevn\u00e9 kombinace b\u00edl\u00fd lesk, b\u00edl\u00fd lesk+dub Arlington zaji\u0161\u0165uj\u00ed, \u017ee bude n\u00e1bytek ladit do ka\u017ed\u00e9ho typu koupelny. U\u017eivatelsky velmi praktick\u00e9 jsou pak dv\u011b plnov\u00fdsuvn\u00e9 z\u00e1suvky se samozav\u00edrac\u00edmi pojezdy a tlumen\u00edm Strong. Sk\u0159\u00ed\u0148ka se dod\u00e1v\u00e1 ve slo\u017een\u00e9m stavu.<br \/>Technick\u00e9 parametry<br \/>S\u00e9rie:Bino<br \/>\u0160\u00ed\u0159ka:325  mm<br \/>Hloubka:330  mm<br \/>D\u00e9lka (V\u00fd\u0161ka):1630  mm<br \/>Barva:B\u00edl\u00e1\/dub<\/div>\n<\/section>\n<p>\t\t\t\t\t<!--end  More info -->\t\t\t\t\t\t\t\t\t\t\t\t\t\t\t\t\t\t\t\t\t\t\t\t\t\t\t\t\t\t\t<\/div>\n<\/p><\/div>\n<p><!--QTR Accessories --><\/p>\n","protected":false},"excerpt":{"rendered":"<p>Bino, koupelnov\u00e1 sk\u0159\u00ed\u0148ka vysok\u00e1, 325x1630x330 mm, z\u00e1v\u011bsn\u00e1, prav\u00e9 otev\u00edr\u00e1n\u00ed, b\u00edla\/dub. Jednoduchost, efektivnost, elegance. To jsou hlavn\u00ed spole\u010dn\u00e9 jmenovatele koupelnov\u00e9ho n\u00e1bytku Bino, kter\u00fd ozdob\u00ed ka\u017edou koupelnu. D\u00edky kombinaci inovac\u00ed a spolehliv\u00e9ho p\u0159\u00edstupu, pak vznik\u00e1 kvalitn\u00ed a z\u00e1rove\u0148 velmi modern\u00ed n\u00e1bytek. Barevn\u00e9 kombinace b\u00edl\u00fd lesk, b\u00edl\u00fd lesk+dub Arlington zaji\u0161\u0165uj\u00ed, \u017ee bude n\u00e1bytek ladit do ka\u017ed\u00e9ho typu koupelny. [&hellip;]<\/p>\n","protected":false},"featured_media":57075,"comment_status":"open","ping_status":"open","template":"","meta":[],"product_brand":[],"product_cat":[172],"product_tag":[],"class_list":{"0":"post-56975","1":"product","2":"type-product","3":"status-publish","4":"has-post-thumbnail","6":"product_cat-sanit-aacute-rn-iacute-vybaven-iacute","8":"first","9":"instock","10":"sale","11":"shipping-taxable","12":"purchasable","13":"product-type-simple"},"yoast_head":"<!-- This site is optimized with the Yoast SEO plugin v26.8 - https:\/\/yoast.com\/product\/yoast-seo-wordpress\/ -->\n<title>MEREO | BINO | sk&#345;&iacute;&#328;ka vysok&aacute; | z&aacute;v&#283;sn&aacute; | 163cm | PRAV&Aacute; | 2 z&aacute;suvky+dv&iacute;&#345;ka | b&iacute;l&aacute;\/dub Akce - Pr\u016fmyslov\u00e9 vybaven\u00ed a p\u0159\u00edslu\u0161enstv\u00ed<\/title>\n<meta name=\"robots\" content=\"index, follow, max-snippet:-1, max-image-preview:large, max-video-preview:-1\" \/>\n<link rel=\"canonical\" href=\"https:\/\/www.domtechnikpro.com\/index.php\/produkt\/mereo-bino-sk-345-iacute-328-ka-vysok-aacute-z-aacute-v-283-sn-aacute-163cm-prav-aacute-2-z-aacute-suvky-dv-iacute-345-ka-b-iacute-l-aacute-dub-akce-56975\/\" \/>\n<meta property=\"og:locale\" content=\"cs_CZ\" \/>\n<meta property=\"og:type\" content=\"article\" \/>\n<meta property=\"og:title\" content=\"MEREO | BINO | sk&#345;&iacute;&#328;ka vysok&aacute; | z&aacute;v&#283;sn&aacute; | 163cm | PRAV&Aacute; | 2 z&aacute;suvky+dv&iacute;&#345;ka | b&iacute;l&aacute;\/dub Akce - Pr\u016fmyslov\u00e9 vybaven\u00ed a p\u0159\u00edslu\u0161enstv\u00ed\" \/>\n<meta property=\"og:description\" content=\"Bino, koupelnov\u00e1 sk\u0159\u00ed\u0148ka vysok\u00e1, 325x1630x330 mm, z\u00e1v\u011bsn\u00e1, prav\u00e9 otev\u00edr\u00e1n\u00ed, b\u00edla\/dub. Jednoduchost, efektivnost, elegance. To jsou hlavn\u00ed spole\u010dn\u00e9 jmenovatele koupelnov\u00e9ho n\u00e1bytku Bino, kter\u00fd ozdob\u00ed ka\u017edou koupelnu. D\u00edky kombinaci inovac\u00ed a spolehliv\u00e9ho p\u0159\u00edstupu, pak vznik\u00e1 kvalitn\u00ed a z\u00e1rove\u0148 velmi modern\u00ed n\u00e1bytek. Barevn\u00e9 kombinace b\u00edl\u00fd lesk, b\u00edl\u00fd lesk+dub Arlington zaji\u0161\u0165uj\u00ed, \u017ee bude n\u00e1bytek ladit do ka\u017ed\u00e9ho typu koupelny. [&hellip;]\" \/>\n<meta property=\"og:url\" content=\"https:\/\/www.domtechnikpro.com\/index.php\/produkt\/mereo-bino-sk-345-iacute-328-ka-vysok-aacute-z-aacute-v-283-sn-aacute-163cm-prav-aacute-2-z-aacute-suvky-dv-iacute-345-ka-b-iacute-l-aacute-dub-akce-56975\/\" \/>\n<meta property=\"og:site_name\" content=\"Pr\u016fmyslov\u00e9 vybaven\u00ed a p\u0159\u00edslu\u0161enstv\u00ed\" \/>\n<meta property=\"og:image\" content=\"https:\/\/www.domtechnikpro.com\/wp-content\/uploads\/2026\/SK0002572-CZ20260425-093107-0-1777080667-59757-large_default.webp\" \/>\n\t<meta property=\"og:image:width\" content=\"470\" \/>\n\t<meta property=\"og:image:height\" content=\"470\" \/>\n\t<meta property=\"og:image:type\" content=\"image\/webp\" \/>\n<meta name=\"twitter:card\" content=\"summary_large_image\" \/>\n<meta name=\"twitter:label1\" content=\"Odhadovan\u00e1 doba \u010dten\u00ed\" \/>\n\t<meta name=\"twitter:data1\" content=\"1 minuta\" \/>\n<script type=\"application\/ld+json\" class=\"yoast-schema-graph\">{\"@context\":\"https:\/\/schema.org\",\"@graph\":[{\"@type\":\"WebPage\",\"@id\":\"https:\/\/www.domtechnikpro.com\/index.php\/produkt\/mereo-bino-sk-345-iacute-328-ka-vysok-aacute-z-aacute-v-283-sn-aacute-163cm-prav-aacute-2-z-aacute-suvky-dv-iacute-345-ka-b-iacute-l-aacute-dub-akce-56975\/\",\"url\":\"https:\/\/www.domtechnikpro.com\/index.php\/produkt\/mereo-bino-sk-345-iacute-328-ka-vysok-aacute-z-aacute-v-283-sn-aacute-163cm-prav-aacute-2-z-aacute-suvky-dv-iacute-345-ka-b-iacute-l-aacute-dub-akce-56975\/\",\"name\":\"MEREO | BINO | sk&#345;&iacute;&#328;ka vysok&aacute; | z&aacute;v&#283;sn&aacute; | 163cm | PRAV&Aacute; | 2 z&aacute;suvky+dv&iacute;&#345;ka | b&iacute;l&aacute;\/dub Akce - Pr\u016fmyslov\u00e9 vybaven\u00ed a p\u0159\u00edslu\u0161enstv\u00ed\",\"isPartOf\":{\"@id\":\"https:\/\/www.domtechnikpro.com\/#website\"},\"primaryImageOfPage\":{\"@id\":\"https:\/\/www.domtechnikpro.com\/index.php\/produkt\/mereo-bino-sk-345-iacute-328-ka-vysok-aacute-z-aacute-v-283-sn-aacute-163cm-prav-aacute-2-z-aacute-suvky-dv-iacute-345-ka-b-iacute-l-aacute-dub-akce-56975\/#primaryimage\"},\"image\":{\"@id\":\"https:\/\/www.domtechnikpro.com\/index.php\/produkt\/mereo-bino-sk-345-iacute-328-ka-vysok-aacute-z-aacute-v-283-sn-aacute-163cm-prav-aacute-2-z-aacute-suvky-dv-iacute-345-ka-b-iacute-l-aacute-dub-akce-56975\/#primaryimage\"},\"thumbnailUrl\":\"https:\/\/www.domtechnikpro.com\/wp-content\/uploads\/2026\/SK0002572-CZ20260425-093107-0-1777080667-59757-large_default.webp\",\"datePublished\":\"2026-04-26T09:02:07+00:00\",\"breadcrumb\":{\"@id\":\"https:\/\/www.domtechnikpro.com\/index.php\/produkt\/mereo-bino-sk-345-iacute-328-ka-vysok-aacute-z-aacute-v-283-sn-aacute-163cm-prav-aacute-2-z-aacute-suvky-dv-iacute-345-ka-b-iacute-l-aacute-dub-akce-56975\/#breadcrumb\"},\"inLanguage\":\"cs\",\"potentialAction\":[{\"@type\":\"ReadAction\",\"target\":[\"https:\/\/www.domtechnikpro.com\/index.php\/produkt\/mereo-bino-sk-345-iacute-328-ka-vysok-aacute-z-aacute-v-283-sn-aacute-163cm-prav-aacute-2-z-aacute-suvky-dv-iacute-345-ka-b-iacute-l-aacute-dub-akce-56975\/\"]}]},{\"@type\":\"ImageObject\",\"inLanguage\":\"cs\",\"@id\":\"https:\/\/www.domtechnikpro.com\/index.php\/produkt\/mereo-bino-sk-345-iacute-328-ka-vysok-aacute-z-aacute-v-283-sn-aacute-163cm-prav-aacute-2-z-aacute-suvky-dv-iacute-345-ka-b-iacute-l-aacute-dub-akce-56975\/#primaryimage\",\"url\":\"https:\/\/www.domtechnikpro.com\/wp-content\/uploads\/2026\/SK0002572-CZ20260425-093107-0-1777080667-59757-large_default.webp\",\"contentUrl\":\"https:\/\/www.domtechnikpro.com\/wp-content\/uploads\/2026\/SK0002572-CZ20260425-093107-0-1777080667-59757-large_default.webp\",\"width\":470,\"height\":470},{\"@type\":\"BreadcrumbList\",\"@id\":\"https:\/\/www.domtechnikpro.com\/index.php\/produkt\/mereo-bino-sk-345-iacute-328-ka-vysok-aacute-z-aacute-v-283-sn-aacute-163cm-prav-aacute-2-z-aacute-suvky-dv-iacute-345-ka-b-iacute-l-aacute-dub-akce-56975\/#breadcrumb\",\"itemListElement\":[{\"@type\":\"ListItem\",\"position\":1,\"name\":\"Home\",\"item\":\"https:\/\/www.domtechnikpro.com\/\"},{\"@type\":\"ListItem\",\"position\":2,\"name\":\"Products\",\"item\":\"https:\/\/www.domtechnikpro.com\/products\/\"},{\"@type\":\"ListItem\",\"position\":3,\"name\":\"MEREO | BINO | sk&#345;&iacute;&#328;ka vysok&aacute; | z&aacute;v&#283;sn&aacute; | 163cm | PRAV&Aacute; | 2 z&aacute;suvky+dv&iacute;&#345;ka | b&iacute;l&aacute;\/dub Akce\"}]},{\"@type\":\"WebSite\",\"@id\":\"https:\/\/www.domtechnikpro.com\/#website\",\"url\":\"https:\/\/www.domtechnikpro.com\/\",\"name\":\"Pr\u016fmyslov\u00e9 vybaven\u00ed a p\u0159\u00edslu\u0161enstv\u00ed\",\"description\":\"Pr\u016fmyslov\u00e9 vybaven\u00ed a p\u0159\u00edslu\u0161enstv\u00ed\",\"publisher\":{\"@id\":\"https:\/\/www.domtechnikpro.com\/#organization\"},\"potentialAction\":[{\"@type\":\"SearchAction\",\"target\":{\"@type\":\"EntryPoint\",\"urlTemplate\":\"https:\/\/www.domtechnikpro.com\/?s={search_term_string}\"},\"query-input\":{\"@type\":\"PropertyValueSpecification\",\"valueRequired\":true,\"valueName\":\"search_term_string\"}}],\"inLanguage\":\"cs\"},{\"@type\":\"Organization\",\"@id\":\"https:\/\/www.domtechnikpro.com\/#organization\",\"name\":\"Pr\u016fmyslov\u00e9 vybaven\u00ed a p\u0159\u00edslu\u0161enstv\u00ed\",\"url\":\"https:\/\/www.domtechnikpro.com\/\",\"logo\":{\"@type\":\"ImageObject\",\"inLanguage\":\"cs\",\"@id\":\"https:\/\/www.domtechnikpro.com\/#\/schema\/logo\/image\/\",\"url\":\"https:\/\/www.domtechnikpro.com\/wp-content\/uploads\/2026\/04\/domtechnikpro_logo_full.svg\",\"contentUrl\":\"https:\/\/www.domtechnikpro.com\/wp-content\/uploads\/2026\/04\/domtechnikpro_logo_full.svg\",\"width\":920,\"height\":180,\"caption\":\"Pr\u016fmyslov\u00e9 vybaven\u00ed a p\u0159\u00edslu\u0161enstv\u00ed\"},\"image\":{\"@id\":\"https:\/\/www.domtechnikpro.com\/#\/schema\/logo\/image\/\"}}]}<\/script>\n<!-- \/ Yoast SEO plugin. -->","yoast_head_json":{"title":"MEREO | BINO | sk&#345;&iacute;&#328;ka vysok&aacute; | z&aacute;v&#283;sn&aacute; | 163cm | PRAV&Aacute; | 2 z&aacute;suvky+dv&iacute;&#345;ka | b&iacute;l&aacute;\/dub Akce - Pr\u016fmyslov\u00e9 vybaven\u00ed a p\u0159\u00edslu\u0161enstv\u00ed","robots":{"index":"index","follow":"follow","max-snippet":"max-snippet:-1","max-image-preview":"max-image-preview:large","max-video-preview":"max-video-preview:-1"},"canonical":"https:\/\/www.domtechnikpro.com\/index.php\/produkt\/mereo-bino-sk-345-iacute-328-ka-vysok-aacute-z-aacute-v-283-sn-aacute-163cm-prav-aacute-2-z-aacute-suvky-dv-iacute-345-ka-b-iacute-l-aacute-dub-akce-56975\/","og_locale":"cs_CZ","og_type":"article","og_title":"MEREO | BINO | sk&#345;&iacute;&#328;ka vysok&aacute; | z&aacute;v&#283;sn&aacute; | 163cm | PRAV&Aacute; | 2 z&aacute;suvky+dv&iacute;&#345;ka | b&iacute;l&aacute;\/dub Akce - Pr\u016fmyslov\u00e9 vybaven\u00ed a p\u0159\u00edslu\u0161enstv\u00ed","og_description":"Bino, koupelnov\u00e1 sk\u0159\u00ed\u0148ka vysok\u00e1, 325x1630x330 mm, z\u00e1v\u011bsn\u00e1, prav\u00e9 otev\u00edr\u00e1n\u00ed, b\u00edla\/dub. Jednoduchost, efektivnost, elegance. To jsou hlavn\u00ed spole\u010dn\u00e9 jmenovatele koupelnov\u00e9ho n\u00e1bytku Bino, kter\u00fd ozdob\u00ed ka\u017edou koupelnu. D\u00edky kombinaci inovac\u00ed a spolehliv\u00e9ho p\u0159\u00edstupu, pak vznik\u00e1 kvalitn\u00ed a z\u00e1rove\u0148 velmi modern\u00ed n\u00e1bytek. Barevn\u00e9 kombinace b\u00edl\u00fd lesk, b\u00edl\u00fd lesk+dub Arlington zaji\u0161\u0165uj\u00ed, \u017ee bude n\u00e1bytek ladit do ka\u017ed\u00e9ho typu koupelny. [&hellip;]","og_url":"https:\/\/www.domtechnikpro.com\/index.php\/produkt\/mereo-bino-sk-345-iacute-328-ka-vysok-aacute-z-aacute-v-283-sn-aacute-163cm-prav-aacute-2-z-aacute-suvky-dv-iacute-345-ka-b-iacute-l-aacute-dub-akce-56975\/","og_site_name":"Pr\u016fmyslov\u00e9 vybaven\u00ed a p\u0159\u00edslu\u0161enstv\u00ed","og_image":[{"width":470,"height":470,"url":"https:\/\/www.domtechnikpro.com\/wp-content\/uploads\/2026\/SK0002572-CZ20260425-093107-0-1777080667-59757-large_default.webp","type":"image\/webp"}],"twitter_card":"summary_large_image","twitter_misc":{"Odhadovan\u00e1 doba \u010dten\u00ed":"1 minuta"},"schema":{"@context":"https:\/\/schema.org","@graph":[{"@type":"WebPage","@id":"https:\/\/www.domtechnikpro.com\/index.php\/produkt\/mereo-bino-sk-345-iacute-328-ka-vysok-aacute-z-aacute-v-283-sn-aacute-163cm-prav-aacute-2-z-aacute-suvky-dv-iacute-345-ka-b-iacute-l-aacute-dub-akce-56975\/","url":"https:\/\/www.domtechnikpro.com\/index.php\/produkt\/mereo-bino-sk-345-iacute-328-ka-vysok-aacute-z-aacute-v-283-sn-aacute-163cm-prav-aacute-2-z-aacute-suvky-dv-iacute-345-ka-b-iacute-l-aacute-dub-akce-56975\/","name":"MEREO | BINO | sk&#345;&iacute;&#328;ka vysok&aacute; | z&aacute;v&#283;sn&aacute; | 163cm | PRAV&Aacute; | 2 z&aacute;suvky+dv&iacute;&#345;ka | b&iacute;l&aacute;\/dub Akce - Pr\u016fmyslov\u00e9 vybaven\u00ed a p\u0159\u00edslu\u0161enstv\u00ed","isPartOf":{"@id":"https:\/\/www.domtechnikpro.com\/#website"},"primaryImageOfPage":{"@id":"https:\/\/www.domtechnikpro.com\/index.php\/produkt\/mereo-bino-sk-345-iacute-328-ka-vysok-aacute-z-aacute-v-283-sn-aacute-163cm-prav-aacute-2-z-aacute-suvky-dv-iacute-345-ka-b-iacute-l-aacute-dub-akce-56975\/#primaryimage"},"image":{"@id":"https:\/\/www.domtechnikpro.com\/index.php\/produkt\/mereo-bino-sk-345-iacute-328-ka-vysok-aacute-z-aacute-v-283-sn-aacute-163cm-prav-aacute-2-z-aacute-suvky-dv-iacute-345-ka-b-iacute-l-aacute-dub-akce-56975\/#primaryimage"},"thumbnailUrl":"https:\/\/www.domtechnikpro.com\/wp-content\/uploads\/2026\/SK0002572-CZ20260425-093107-0-1777080667-59757-large_default.webp","datePublished":"2026-04-26T09:02:07+00:00","breadcrumb":{"@id":"https:\/\/www.domtechnikpro.com\/index.php\/produkt\/mereo-bino-sk-345-iacute-328-ka-vysok-aacute-z-aacute-v-283-sn-aacute-163cm-prav-aacute-2-z-aacute-suvky-dv-iacute-345-ka-b-iacute-l-aacute-dub-akce-56975\/#breadcrumb"},"inLanguage":"cs","potentialAction":[{"@type":"ReadAction","target":["https:\/\/www.domtechnikpro.com\/index.php\/produkt\/mereo-bino-sk-345-iacute-328-ka-vysok-aacute-z-aacute-v-283-sn-aacute-163cm-prav-aacute-2-z-aacute-suvky-dv-iacute-345-ka-b-iacute-l-aacute-dub-akce-56975\/"]}]},{"@type":"ImageObject","inLanguage":"cs","@id":"https:\/\/www.domtechnikpro.com\/index.php\/produkt\/mereo-bino-sk-345-iacute-328-ka-vysok-aacute-z-aacute-v-283-sn-aacute-163cm-prav-aacute-2-z-aacute-suvky-dv-iacute-345-ka-b-iacute-l-aacute-dub-akce-56975\/#primaryimage","url":"https:\/\/www.domtechnikpro.com\/wp-content\/uploads\/2026\/SK0002572-CZ20260425-093107-0-1777080667-59757-large_default.webp","contentUrl":"https:\/\/www.domtechnikpro.com\/wp-content\/uploads\/2026\/SK0002572-CZ20260425-093107-0-1777080667-59757-large_default.webp","width":470,"height":470},{"@type":"BreadcrumbList","@id":"https:\/\/www.domtechnikpro.com\/index.php\/produkt\/mereo-bino-sk-345-iacute-328-ka-vysok-aacute-z-aacute-v-283-sn-aacute-163cm-prav-aacute-2-z-aacute-suvky-dv-iacute-345-ka-b-iacute-l-aacute-dub-akce-56975\/#breadcrumb","itemListElement":[{"@type":"ListItem","position":1,"name":"Home","item":"https:\/\/www.domtechnikpro.com\/"},{"@type":"ListItem","position":2,"name":"Products","item":"https:\/\/www.domtechnikpro.com\/products\/"},{"@type":"ListItem","position":3,"name":"MEREO | BINO | sk&#345;&iacute;&#328;ka vysok&aacute; | z&aacute;v&#283;sn&aacute; | 163cm | PRAV&Aacute; | 2 z&aacute;suvky+dv&iacute;&#345;ka | b&iacute;l&aacute;\/dub Akce"}]},{"@type":"WebSite","@id":"https:\/\/www.domtechnikpro.com\/#website","url":"https:\/\/www.domtechnikpro.com\/","name":"Pr\u016fmyslov\u00e9 vybaven\u00ed a p\u0159\u00edslu\u0161enstv\u00ed","description":"Pr\u016fmyslov\u00e9 vybaven\u00ed a p\u0159\u00edslu\u0161enstv\u00ed","publisher":{"@id":"https:\/\/www.domtechnikpro.com\/#organization"},"potentialAction":[{"@type":"SearchAction","target":{"@type":"EntryPoint","urlTemplate":"https:\/\/www.domtechnikpro.com\/?s={search_term_string}"},"query-input":{"@type":"PropertyValueSpecification","valueRequired":true,"valueName":"search_term_string"}}],"inLanguage":"cs"},{"@type":"Organization","@id":"https:\/\/www.domtechnikpro.com\/#organization","name":"Pr\u016fmyslov\u00e9 vybaven\u00ed a p\u0159\u00edslu\u0161enstv\u00ed","url":"https:\/\/www.domtechnikpro.com\/","logo":{"@type":"ImageObject","inLanguage":"cs","@id":"https:\/\/www.domtechnikpro.com\/#\/schema\/logo\/image\/","url":"https:\/\/www.domtechnikpro.com\/wp-content\/uploads\/2026\/04\/domtechnikpro_logo_full.svg","contentUrl":"https:\/\/www.domtechnikpro.com\/wp-content\/uploads\/2026\/04\/domtechnikpro_logo_full.svg","width":920,"height":180,"caption":"Pr\u016fmyslov\u00e9 vybaven\u00ed a p\u0159\u00edslu\u0161enstv\u00ed"},"image":{"@id":"https:\/\/www.domtechnikpro.com\/#\/schema\/logo\/image\/"}}]}},"_links":{"self":[{"href":"https:\/\/www.domtechnikpro.com\/wp-json\/wp\/v2\/product\/56975","targetHints":{"allow":["GET"]}}],"collection":[{"href":"https:\/\/www.domtechnikpro.com\/wp-json\/wp\/v2\/product"}],"about":[{"href":"https:\/\/www.domtechnikpro.com\/wp-json\/wp\/v2\/types\/product"}],"replies":[{"embeddable":true,"href":"https:\/\/www.domtechnikpro.com\/wp-json\/wp\/v2\/comments?post=56975"}],"wp:featuredmedia":[{"embeddable":true,"href":"https:\/\/www.domtechnikpro.com\/wp-json\/wp\/v2\/media\/57075"}],"wp:attachment":[{"href":"https:\/\/www.domtechnikpro.com\/wp-json\/wp\/v2\/media?parent=56975"}],"wp:term":[{"taxonomy":"product_brand","embeddable":true,"href":"https:\/\/www.domtechnikpro.com\/wp-json\/wp\/v2\/product_brand?post=56975"},{"taxonomy":"product_cat","embeddable":true,"href":"https:\/\/www.domtechnikpro.com\/wp-json\/wp\/v2\/product_cat?post=56975"},{"taxonomy":"product_tag","embeddable":true,"href":"https:\/\/www.domtechnikpro.com\/wp-json\/wp\/v2\/product_tag?post=56975"}],"curies":[{"name":"wp","href":"https:\/\/api.w.org\/{rel}","templated":true}]}}