{"id":56967,"date":"2026-04-26T09:02:07","date_gmt":"2026-04-26T09:02:07","guid":{"rendered":""},"modified":"2026-04-26T09:02:07","modified_gmt":"2026-04-26T09:02:07","slug":"hit-sezony-mereo-novea-sprchov-yacute-kout-obd-eacute-l-110x90x200-cm-prav-yacute-chrom-alu-sklo-269-i-56967","status":"publish","type":"product","link":"https:\/\/www.domtechnikpro.com\/produkt\/hit-sezony-mereo-novea-sprchov-yacute-kout-obd-eacute-l-110x90x200-cm-prav-yacute-chrom-alu-sklo-269-i-56967\/","title":{"rendered":"Hit Sez\u00f3ny MEREO | NOVEA |  sprchov&yacute; kout |  obd&eacute;l. |  110x90x200 cm |  prav&yacute; |  chrom ALU |  sklo &#269;i"},"content":{"rendered":"<p><!-- More info -->\t\t\t\t\t<\/p>\n<section id=\"idTab1\" class=\"page-product-box tab-pane active\" role=\"tabpanel\" aria-labelledby=\"idTab1\">\t\t\t\t\t\t<!-- full description -->\t\t\t\t\t\t<\/p>\n<div class=\"rte\">Sprchov\u00fd kout, Novea, obd\u00e9ln\u00edk, 110&#215;90 cm, chrom ALU, sklo \u010cir\u00e9, dve\u0159e prav\u00e9 a pevn\u00fd d\u00edl.<\/p>\n<p>S\u00e9rie:Novea<br \/>\u0160\u00ed\u0159ka:1100  mm<br \/>Hloubka:900  mm<br \/>D\u00e9lka (V\u00fd\u0161ka):2000  mm<br \/>Typ:Obd\u00e9ln\u00edk<br \/>Proveden\u00ed:Prav\u00e9<br \/>Panty:Hranat\u00e9<br \/>Barva:Chrom<br \/>Materi\u00e1l:Hlin\u00edkov\u00e9 profily<br \/>Sklo:\u010cir\u00e9<br \/>Sklo (pevn\u00e9\/dve\u0159e):6 mm<br \/>Vstupn\u00ed otvor:600<br \/>Ochrann\u00e1 vrstva skla:EASY CLEAN<br \/>Stavitelnost na st\u0159ed profilu:1062-1082 x 862-882<\/div>\n<\/section>\n<p>\t\t\t\t\t<!--end  More info -->\t\t\t\t\t\t\t\t\t\t\t\t\t\t\t\t\t\t\t\t\t<!--Download -->\t\t\t\t\t<\/p>\n<section id=\"idTab4\" class=\"page-product-box tab-pane\" role=\"tabpanel\" aria-labelledby=\"idTab4\">\n<div class=\"row\">\n<div class=\"col-lg-4\">\n<h4>Novea_prave_dvere_pevne_sklo.pdf<\/h4>\n<p class=\"text-muted\">Soubor<\/p>\n<p>\t\t\t\t\t\t\t\t\t\t\t\t\t\t\t\t\t\t\t<i class=\"fa fa-download\"><\/i>\t\t\t\t\t\t\t\t\t\tKe sta\u017een&iacute; (2.12M)\t\t\t\t\t\t\t\t\t\t\t\t\t\t\t\t\t\t<\/p>\n<hr \/><\/div>\n<\/p><\/div>\n<\/section>\n<p>\t\t\t\t\t<!--end Download -->\t\t\t\t\t\t\t\t\t\t\t\t\t\t\t\t\t\t\t<\/div>\n<\/p><\/div>\n<p><!--QTR Accessories --><\/p>\n","protected":false},"excerpt":{"rendered":"<p>Sprchov\u00fd kout, Novea, obd\u00e9ln\u00edk, 110&#215;90 cm, chrom ALU, sklo \u010cir\u00e9, dve\u0159e prav\u00e9 a pevn\u00fd d\u00edl. S\u00e9rie:Novea\u0160\u00ed\u0159ka:1100 mmHloubka:900 mmD\u00e9lka (V\u00fd\u0161ka):2000 mmTyp:Obd\u00e9ln\u00edkProveden\u00ed:Prav\u00e9Panty:Hranat\u00e9Barva:ChromMateri\u00e1l:Hlin\u00edkov\u00e9 profilySklo:\u010cir\u00e9Sklo (pevn\u00e9\/dve\u0159e):6 mmVstupn\u00ed otvor:600Ochrann\u00e1 vrstva skla:EASY CLEANStavitelnost na st\u0159ed profilu:1062-1082 x 862-882 Novea_prave_dvere_pevne_sklo.pdf Soubor Ke sta\u017een&iacute; (2.12M)<\/p>\n","protected":false},"featured_media":57067,"comment_status":"open","ping_status":"open","template":"","meta":[],"product_brand":[],"product_cat":[172],"product_tag":[],"class_list":{"0":"post-56967","1":"product","2":"type-product","3":"status-publish","4":"has-post-thumbnail","6":"product_cat-sanit-aacute-rn-iacute-vybaven-iacute","8":"first","9":"instock","10":"sale","11":"shipping-taxable","12":"purchasable","13":"product-type-simple"},"yoast_head":"<!-- This site is optimized with the Yoast SEO plugin v26.8 - https:\/\/yoast.com\/product\/yoast-seo-wordpress\/ -->\n<title>Hit Sez\u00f3ny MEREO | NOVEA | sprchov&yacute; kout | obd&eacute;l. | 110x90x200 cm | prav&yacute; | chrom ALU | sklo &#269;i -<\/title>\n<meta name=\"robots\" content=\"index, follow, max-snippet:-1, max-image-preview:large, max-video-preview:-1\" \/>\n<link rel=\"canonical\" href=\"https:\/\/www.domtechnikpro.com\/index.php\/produkt\/hit-sezony-mereo-novea-sprchov-yacute-kout-obd-eacute-l-110x90x200-cm-prav-yacute-chrom-alu-sklo-269-i-56967\/\" \/>\n<meta property=\"og:locale\" content=\"cs_CZ\" \/>\n<meta property=\"og:type\" content=\"article\" \/>\n<meta property=\"og:title\" content=\"Hit Sez\u00f3ny MEREO | NOVEA | sprchov&yacute; kout | obd&eacute;l. | 110x90x200 cm | prav&yacute; | chrom ALU | sklo &#269;i -\" \/>\n<meta property=\"og:description\" content=\"Sprchov\u00fd kout, Novea, obd\u00e9ln\u00edk, 110&#215;90 cm, chrom ALU, sklo \u010cir\u00e9, dve\u0159e prav\u00e9 a pevn\u00fd d\u00edl. S\u00e9rie:Novea\u0160\u00ed\u0159ka:1100 mmHloubka:900 mmD\u00e9lka (V\u00fd\u0161ka):2000 mmTyp:Obd\u00e9ln\u00edkProveden\u00ed:Prav\u00e9Panty:Hranat\u00e9Barva:ChromMateri\u00e1l:Hlin\u00edkov\u00e9 profilySklo:\u010cir\u00e9Sklo (pevn\u00e9\/dve\u0159e):6 mmVstupn\u00ed otvor:600Ochrann\u00e1 vrstva skla:EASY CLEANStavitelnost na st\u0159ed profilu:1062-1082 x 862-882 Novea_prave_dvere_pevne_sklo.pdf Soubor Ke sta\u017een&iacute; (2.12M)\" \/>\n<meta property=\"og:url\" content=\"https:\/\/www.domtechnikpro.com\/index.php\/produkt\/hit-sezony-mereo-novea-sprchov-yacute-kout-obd-eacute-l-110x90x200-cm-prav-yacute-chrom-alu-sklo-269-i-56967\/\" \/>\n<meta property=\"og:image\" content=\"https:\/\/www.domtechnikpro.com\/wp-content\/uploads\/2026\/SK0002560-CZ20260425-093107-0-1777080667-59484-large_default.webp\" \/>\n\t<meta property=\"og:image:width\" content=\"470\" \/>\n\t<meta property=\"og:image:height\" content=\"470\" \/>\n\t<meta property=\"og:image:type\" content=\"image\/webp\" \/>\n<meta name=\"twitter:card\" content=\"summary_large_image\" \/>\n<script type=\"application\/ld+json\" class=\"yoast-schema-graph\">{\"@context\":\"https:\/\/schema.org\",\"@graph\":[{\"@type\":\"WebPage\",\"@id\":\"https:\/\/www.domtechnikpro.com\/index.php\/produkt\/hit-sezony-mereo-novea-sprchov-yacute-kout-obd-eacute-l-110x90x200-cm-prav-yacute-chrom-alu-sklo-269-i-56967\/\",\"url\":\"https:\/\/www.domtechnikpro.com\/index.php\/produkt\/hit-sezony-mereo-novea-sprchov-yacute-kout-obd-eacute-l-110x90x200-cm-prav-yacute-chrom-alu-sklo-269-i-56967\/\",\"name\":\"Hit Sez\u00f3ny MEREO | NOVEA | sprchov&yacute; kout | obd&eacute;l. | 110x90x200 cm | prav&yacute; | chrom ALU | sklo &#269;i -\",\"isPartOf\":{\"@id\":\"https:\/\/www.domtechnikpro.com\/#website\"},\"primaryImageOfPage\":{\"@id\":\"https:\/\/www.domtechnikpro.com\/index.php\/produkt\/hit-sezony-mereo-novea-sprchov-yacute-kout-obd-eacute-l-110x90x200-cm-prav-yacute-chrom-alu-sklo-269-i-56967\/#primaryimage\"},\"image\":{\"@id\":\"https:\/\/www.domtechnikpro.com\/index.php\/produkt\/hit-sezony-mereo-novea-sprchov-yacute-kout-obd-eacute-l-110x90x200-cm-prav-yacute-chrom-alu-sklo-269-i-56967\/#primaryimage\"},\"thumbnailUrl\":\"https:\/\/www.domtechnikpro.com\/wp-content\/uploads\/2026\/SK0002560-CZ20260425-093107-0-1777080667-59484-large_default.webp\",\"datePublished\":\"2026-04-26T09:02:07+00:00\",\"breadcrumb\":{\"@id\":\"https:\/\/www.domtechnikpro.com\/index.php\/produkt\/hit-sezony-mereo-novea-sprchov-yacute-kout-obd-eacute-l-110x90x200-cm-prav-yacute-chrom-alu-sklo-269-i-56967\/#breadcrumb\"},\"inLanguage\":\"cs\",\"potentialAction\":[{\"@type\":\"ReadAction\",\"target\":[\"https:\/\/www.domtechnikpro.com\/index.php\/produkt\/hit-sezony-mereo-novea-sprchov-yacute-kout-obd-eacute-l-110x90x200-cm-prav-yacute-chrom-alu-sklo-269-i-56967\/\"]}]},{\"@type\":\"ImageObject\",\"inLanguage\":\"cs\",\"@id\":\"https:\/\/www.domtechnikpro.com\/index.php\/produkt\/hit-sezony-mereo-novea-sprchov-yacute-kout-obd-eacute-l-110x90x200-cm-prav-yacute-chrom-alu-sklo-269-i-56967\/#primaryimage\",\"url\":\"https:\/\/www.domtechnikpro.com\/wp-content\/uploads\/2026\/SK0002560-CZ20260425-093107-0-1777080667-59484-large_default.webp\",\"contentUrl\":\"https:\/\/www.domtechnikpro.com\/wp-content\/uploads\/2026\/SK0002560-CZ20260425-093107-0-1777080667-59484-large_default.webp\",\"width\":470,\"height\":470},{\"@type\":\"BreadcrumbList\",\"@id\":\"https:\/\/www.domtechnikpro.com\/index.php\/produkt\/hit-sezony-mereo-novea-sprchov-yacute-kout-obd-eacute-l-110x90x200-cm-prav-yacute-chrom-alu-sklo-269-i-56967\/#breadcrumb\",\"itemListElement\":[{\"@type\":\"ListItem\",\"position\":1,\"name\":\"Home\",\"item\":\"https:\/\/www.domtechnikpro.com\/\"},{\"@type\":\"ListItem\",\"position\":2,\"name\":\"Products\",\"item\":\"https:\/\/www.domtechnikpro.com\/products\/\"},{\"@type\":\"ListItem\",\"position\":3,\"name\":\"Hit Sez\u00f3ny MEREO | NOVEA | sprchov&yacute; kout | obd&eacute;l. | 110x90x200 cm | prav&yacute; | chrom ALU | sklo &#269;i\"}]},{\"@type\":\"WebSite\",\"@id\":\"https:\/\/www.domtechnikpro.com\/#website\",\"url\":\"https:\/\/www.domtechnikpro.com\/\",\"name\":\"\",\"description\":\"\",\"potentialAction\":[{\"@type\":\"SearchAction\",\"target\":{\"@type\":\"EntryPoint\",\"urlTemplate\":\"https:\/\/www.domtechnikpro.com\/?s={search_term_string}\"},\"query-input\":{\"@type\":\"PropertyValueSpecification\",\"valueRequired\":true,\"valueName\":\"search_term_string\"}}],\"inLanguage\":\"cs\"}]}<\/script>\n<!-- \/ Yoast SEO plugin. -->","yoast_head_json":{"title":"Hit Sez\u00f3ny MEREO | NOVEA | sprchov&yacute; kout | obd&eacute;l. | 110x90x200 cm | prav&yacute; | chrom ALU | sklo &#269;i -","robots":{"index":"index","follow":"follow","max-snippet":"max-snippet:-1","max-image-preview":"max-image-preview:large","max-video-preview":"max-video-preview:-1"},"canonical":"https:\/\/www.domtechnikpro.com\/index.php\/produkt\/hit-sezony-mereo-novea-sprchov-yacute-kout-obd-eacute-l-110x90x200-cm-prav-yacute-chrom-alu-sklo-269-i-56967\/","og_locale":"cs_CZ","og_type":"article","og_title":"Hit Sez\u00f3ny MEREO | NOVEA | sprchov&yacute; kout | obd&eacute;l. | 110x90x200 cm | prav&yacute; | chrom ALU | sklo &#269;i -","og_description":"Sprchov\u00fd kout, Novea, obd\u00e9ln\u00edk, 110&#215;90 cm, chrom ALU, sklo \u010cir\u00e9, dve\u0159e prav\u00e9 a pevn\u00fd d\u00edl. S\u00e9rie:Novea\u0160\u00ed\u0159ka:1100 mmHloubka:900 mmD\u00e9lka (V\u00fd\u0161ka):2000 mmTyp:Obd\u00e9ln\u00edkProveden\u00ed:Prav\u00e9Panty:Hranat\u00e9Barva:ChromMateri\u00e1l:Hlin\u00edkov\u00e9 profilySklo:\u010cir\u00e9Sklo (pevn\u00e9\/dve\u0159e):6 mmVstupn\u00ed otvor:600Ochrann\u00e1 vrstva skla:EASY CLEANStavitelnost na st\u0159ed profilu:1062-1082 x 862-882 Novea_prave_dvere_pevne_sklo.pdf Soubor Ke sta\u017een&iacute; (2.12M)","og_url":"https:\/\/www.domtechnikpro.com\/index.php\/produkt\/hit-sezony-mereo-novea-sprchov-yacute-kout-obd-eacute-l-110x90x200-cm-prav-yacute-chrom-alu-sklo-269-i-56967\/","og_image":[{"width":470,"height":470,"url":"https:\/\/www.domtechnikpro.com\/wp-content\/uploads\/2026\/SK0002560-CZ20260425-093107-0-1777080667-59484-large_default.webp","type":"image\/webp"}],"twitter_card":"summary_large_image","schema":{"@context":"https:\/\/schema.org","@graph":[{"@type":"WebPage","@id":"https:\/\/www.domtechnikpro.com\/index.php\/produkt\/hit-sezony-mereo-novea-sprchov-yacute-kout-obd-eacute-l-110x90x200-cm-prav-yacute-chrom-alu-sklo-269-i-56967\/","url":"https:\/\/www.domtechnikpro.com\/index.php\/produkt\/hit-sezony-mereo-novea-sprchov-yacute-kout-obd-eacute-l-110x90x200-cm-prav-yacute-chrom-alu-sklo-269-i-56967\/","name":"Hit Sez\u00f3ny MEREO | NOVEA | sprchov&yacute; kout | obd&eacute;l. | 110x90x200 cm | prav&yacute; | chrom ALU | sklo &#269;i -","isPartOf":{"@id":"https:\/\/www.domtechnikpro.com\/#website"},"primaryImageOfPage":{"@id":"https:\/\/www.domtechnikpro.com\/index.php\/produkt\/hit-sezony-mereo-novea-sprchov-yacute-kout-obd-eacute-l-110x90x200-cm-prav-yacute-chrom-alu-sklo-269-i-56967\/#primaryimage"},"image":{"@id":"https:\/\/www.domtechnikpro.com\/index.php\/produkt\/hit-sezony-mereo-novea-sprchov-yacute-kout-obd-eacute-l-110x90x200-cm-prav-yacute-chrom-alu-sklo-269-i-56967\/#primaryimage"},"thumbnailUrl":"https:\/\/www.domtechnikpro.com\/wp-content\/uploads\/2026\/SK0002560-CZ20260425-093107-0-1777080667-59484-large_default.webp","datePublished":"2026-04-26T09:02:07+00:00","breadcrumb":{"@id":"https:\/\/www.domtechnikpro.com\/index.php\/produkt\/hit-sezony-mereo-novea-sprchov-yacute-kout-obd-eacute-l-110x90x200-cm-prav-yacute-chrom-alu-sklo-269-i-56967\/#breadcrumb"},"inLanguage":"cs","potentialAction":[{"@type":"ReadAction","target":["https:\/\/www.domtechnikpro.com\/index.php\/produkt\/hit-sezony-mereo-novea-sprchov-yacute-kout-obd-eacute-l-110x90x200-cm-prav-yacute-chrom-alu-sklo-269-i-56967\/"]}]},{"@type":"ImageObject","inLanguage":"cs","@id":"https:\/\/www.domtechnikpro.com\/index.php\/produkt\/hit-sezony-mereo-novea-sprchov-yacute-kout-obd-eacute-l-110x90x200-cm-prav-yacute-chrom-alu-sklo-269-i-56967\/#primaryimage","url":"https:\/\/www.domtechnikpro.com\/wp-content\/uploads\/2026\/SK0002560-CZ20260425-093107-0-1777080667-59484-large_default.webp","contentUrl":"https:\/\/www.domtechnikpro.com\/wp-content\/uploads\/2026\/SK0002560-CZ20260425-093107-0-1777080667-59484-large_default.webp","width":470,"height":470},{"@type":"BreadcrumbList","@id":"https:\/\/www.domtechnikpro.com\/index.php\/produkt\/hit-sezony-mereo-novea-sprchov-yacute-kout-obd-eacute-l-110x90x200-cm-prav-yacute-chrom-alu-sklo-269-i-56967\/#breadcrumb","itemListElement":[{"@type":"ListItem","position":1,"name":"Home","item":"https:\/\/www.domtechnikpro.com\/"},{"@type":"ListItem","position":2,"name":"Products","item":"https:\/\/www.domtechnikpro.com\/products\/"},{"@type":"ListItem","position":3,"name":"Hit Sez\u00f3ny MEREO | NOVEA | sprchov&yacute; kout | obd&eacute;l. | 110x90x200 cm | prav&yacute; | chrom ALU | sklo &#269;i"}]},{"@type":"WebSite","@id":"https:\/\/www.domtechnikpro.com\/#website","url":"https:\/\/www.domtechnikpro.com\/","name":"","description":"","potentialAction":[{"@type":"SearchAction","target":{"@type":"EntryPoint","urlTemplate":"https:\/\/www.domtechnikpro.com\/?s={search_term_string}"},"query-input":{"@type":"PropertyValueSpecification","valueRequired":true,"valueName":"search_term_string"}}],"inLanguage":"cs"}]}},"_links":{"self":[{"href":"https:\/\/www.domtechnikpro.com\/wp-json\/wp\/v2\/product\/56967","targetHints":{"allow":["GET"]}}],"collection":[{"href":"https:\/\/www.domtechnikpro.com\/wp-json\/wp\/v2\/product"}],"about":[{"href":"https:\/\/www.domtechnikpro.com\/wp-json\/wp\/v2\/types\/product"}],"replies":[{"embeddable":true,"href":"https:\/\/www.domtechnikpro.com\/wp-json\/wp\/v2\/comments?post=56967"}],"wp:featuredmedia":[{"embeddable":true,"href":"https:\/\/www.domtechnikpro.com\/wp-json\/wp\/v2\/media\/57067"}],"wp:attachment":[{"href":"https:\/\/www.domtechnikpro.com\/wp-json\/wp\/v2\/media?parent=56967"}],"wp:term":[{"taxonomy":"product_brand","embeddable":true,"href":"https:\/\/www.domtechnikpro.com\/wp-json\/wp\/v2\/product_brand?post=56967"},{"taxonomy":"product_cat","embeddable":true,"href":"https:\/\/www.domtechnikpro.com\/wp-json\/wp\/v2\/product_cat?post=56967"},{"taxonomy":"product_tag","embeddable":true,"href":"https:\/\/www.domtechnikpro.com\/wp-json\/wp\/v2\/product_tag?post=56967"}],"curies":[{"name":"wp","href":"https:\/\/api.w.org\/{rel}","templated":true}]}}