{"id":56966,"date":"2026-04-26T09:02:07","date_gmt":"2026-04-26T09:02:07","guid":{"rendered":""},"modified":"2026-04-26T09:02:07","modified_gmt":"2026-04-26T09:02:07","slug":"mereo-sprchov-aacute-vani-269-ka-obd-eacute-ln-iacute-k-110x90x3-cm-lit-yacute-mramor-b-iacute-l-aacute-bez-no-382-i-269-ek-nakupujte-hned-56966","status":"publish","type":"product","link":"https:\/\/www.domtechnikpro.com\/index.php\/produkt\/mereo-sprchov-aacute-vani-269-ka-obd-eacute-ln-iacute-k-110x90x3-cm-lit-yacute-mramor-b-iacute-l-aacute-bez-no-382-i-269-ek-nakupujte-hned-56966\/","title":{"rendered":"MEREO | Sprchov&aacute; vani&#269;ka |  obd&eacute;ln&iacute;k |  110x90x3 cm |  lit&yacute; mramor |  b&iacute;l&aacute; |  bez no&#382;i&#269;ek Nakupujte Hned"},"content":{"rendered":"<p><!-- More info -->\t\t\t\t\t<\/p>\n<section id=\"idTab1\" class=\"page-product-box tab-pane active\" role=\"tabpanel\" aria-labelledby=\"idTab1\">\t\t\t\t\t\t<!-- full description -->\t\t\t\t\t\t<\/p>\n<div class=\"rte\">Obd\u00e9ln\u00edkov\u00e1 sprchov\u00e1 vani\u010dka s dlouhou \u017eivotnost\u00ed, lit\u00fd mramor, bez no\u017ei\u010dek, gelcoat.<\/p>\n<p>Sprchov\u00e9 vani\u010dky jsou podstatnou sou\u010d\u00e1st\u00ed sprchov\u00fdch kout\u016f a sv\u00fdm designem a kvalitou zpracov\u00e1n\u00ed mohou v\u00fdrazn\u011b ovlivnit celkov\u00fd dojem ze sprchov\u00e9ho koutu.<br \/>Sprchov\u00e9 vani\u010dky z lit\u00e9ho mramoru jsou opat\u0159eny ochrannou vrstvou Gelcoat, kter\u00e1 zaji\u0161\u0165uje st\u00e1lobarevnost a odolnost proti n\u00e1razu.<\/p>\n<p>Tyto sprchov\u00e9 vani\u010dky, p\u0159edstavuj\u00ed nad\u010dasov\u00e9 a elegantn\u00ed \u0159e\u0161en\u00ed:<br \/>&#8211; snadn\u00e1 \u00fadr\u017eba<br \/>&#8211; vysok\u00e1 odolnost<br \/>&#8211; nad\u010dasov\u00fd materi\u00e1l<br \/>&#8211; otvor pro sifon o 90 mm<\/p>\n<p>Varianta mont\u00e1\u017ee lit\u00fdch vani\u010dek (no\u017ei\u010dky a panel nejsou sou\u010d\u00e1st\u00ed balen\u00ed):<br \/>&#8211; no\u017ei\u010dk\u00e1ch s panelem<br \/>&#8211; na no\u017ei\u010dk\u00e1ch obezd\u011bn\u00e1<br \/>&#8211; usazen\u00e1 na dla\u017ebu<br \/>&#8211; podezd\u011bn\u00e1<\/p>\n<p>Nosnost vani\u010dek bez no\u017ei\u010de 200 kg<br \/>Nosnost vani\u010dek s no\u017ei\u010dkami 150 kg<br \/>Technick\u00e9 parametry<br \/>S\u00e9rie:Lit\u00fd mramor<br \/>\u0160\u00ed\u0159ka:1100  mm<br \/>Hloubka:900  mm<br \/>D\u00e9lka (V\u00fd\u0161ka):30  mm<br \/>Typ:Obd\u00e9ln\u00edk<br \/>Barva:B\u00edl\u00e1<br \/>Materi\u00e1l:Lit\u00fd mramor<\/div>\n<\/section>\n<p>\t\t\t\t\t<!--end  More info -->\t\t\t\t\t\t\t\t\t\t\t\t\t\t\t\t\t\t\t\t\t<!--Download -->\t\t\t\t\t<\/p>\n<section id=\"idTab4\" class=\"page-product-box tab-pane\" role=\"tabpanel\" aria-labelledby=\"idTab4\">\n<div class=\"row\">\n<div class=\"col-lg-4\">\n<h4>Lit<\/h4>\n<p class=\"text-muted\">Soubor<\/p>\n<p>\t\t\t\t\t\t\t\t\t\t\t\t\t\t\t\t\t\t\t<i class=\"fa fa-download\"><\/i>\t\t\t\t\t\t\t\t\t\tKe sta\u017een&iacute; (2.84M)\t\t\t\t\t\t\t\t\t\t\t\t\t\t\t\t\t\t<\/p>\n<hr \/><\/div>\n<\/p><\/div>\n<\/section>\n<p>\t\t\t\t\t<!--end Download -->\t\t\t\t\t\t\t\t\t\t\t\t\t\t\t\t\t\t\t<\/div>\n<\/p><\/div>\n<p><!--QTR Accessories --><\/p>\n","protected":false},"excerpt":{"rendered":"<p>Obd\u00e9ln\u00edkov\u00e1 sprchov\u00e1 vani\u010dka s dlouhou \u017eivotnost\u00ed, lit\u00fd mramor, bez no\u017ei\u010dek, gelcoat. Sprchov\u00e9 vani\u010dky jsou podstatnou sou\u010d\u00e1st\u00ed sprchov\u00fdch kout\u016f a sv\u00fdm designem a kvalitou zpracov\u00e1n\u00ed mohou v\u00fdrazn\u011b ovlivnit celkov\u00fd dojem ze sprchov\u00e9ho koutu.Sprchov\u00e9 vani\u010dky z lit\u00e9ho mramoru jsou opat\u0159eny ochrannou vrstvou Gelcoat, kter\u00e1 zaji\u0161\u0165uje st\u00e1lobarevnost a odolnost proti n\u00e1razu. Tyto sprchov\u00e9 vani\u010dky, p\u0159edstavuj\u00ed nad\u010dasov\u00e9 a elegantn\u00ed [&hellip;]<\/p>\n","protected":false},"featured_media":57066,"comment_status":"open","ping_status":"open","template":"","meta":[],"product_brand":[],"product_cat":[172],"product_tag":[],"class_list":{"0":"post-56966","1":"product","2":"type-product","3":"status-publish","4":"has-post-thumbnail","6":"product_cat-sanit-aacute-rn-iacute-vybaven-iacute","8":"first","9":"instock","10":"sale","11":"shipping-taxable","12":"purchasable","13":"product-type-simple"},"yoast_head":"<!-- This site is optimized with the Yoast SEO plugin v26.8 - https:\/\/yoast.com\/product\/yoast-seo-wordpress\/ -->\n<title>MEREO | Sprchov&aacute; vani&#269;ka | obd&eacute;ln&iacute;k | 110x90x3 cm | lit&yacute; mramor | b&iacute;l&aacute; | bez no&#382;i&#269;ek Nakupujte Hned -<\/title>\n<meta name=\"robots\" content=\"index, follow, max-snippet:-1, max-image-preview:large, max-video-preview:-1\" \/>\n<link rel=\"canonical\" href=\"https:\/\/www.domtechnikpro.com\/index.php\/produkt\/mereo-sprchov-aacute-vani-269-ka-obd-eacute-ln-iacute-k-110x90x3-cm-lit-yacute-mramor-b-iacute-l-aacute-bez-no-382-i-269-ek-nakupujte-hned-56966\/\" \/>\n<meta property=\"og:locale\" content=\"cs_CZ\" \/>\n<meta property=\"og:type\" content=\"article\" \/>\n<meta property=\"og:title\" content=\"MEREO | Sprchov&aacute; vani&#269;ka | obd&eacute;ln&iacute;k | 110x90x3 cm | lit&yacute; mramor | b&iacute;l&aacute; | bez no&#382;i&#269;ek Nakupujte Hned -\" \/>\n<meta property=\"og:description\" content=\"Obd\u00e9ln\u00edkov\u00e1 sprchov\u00e1 vani\u010dka s dlouhou \u017eivotnost\u00ed, lit\u00fd mramor, bez no\u017ei\u010dek, gelcoat. Sprchov\u00e9 vani\u010dky jsou podstatnou sou\u010d\u00e1st\u00ed sprchov\u00fdch kout\u016f a sv\u00fdm designem a kvalitou zpracov\u00e1n\u00ed mohou v\u00fdrazn\u011b ovlivnit celkov\u00fd dojem ze sprchov\u00e9ho koutu.Sprchov\u00e9 vani\u010dky z lit\u00e9ho mramoru jsou opat\u0159eny ochrannou vrstvou Gelcoat, kter\u00e1 zaji\u0161\u0165uje st\u00e1lobarevnost a odolnost proti n\u00e1razu. Tyto sprchov\u00e9 vani\u010dky, p\u0159edstavuj\u00ed nad\u010dasov\u00e9 a elegantn\u00ed [&hellip;]\" \/>\n<meta property=\"og:url\" content=\"https:\/\/www.domtechnikpro.com\/index.php\/produkt\/mereo-sprchov-aacute-vani-269-ka-obd-eacute-ln-iacute-k-110x90x3-cm-lit-yacute-mramor-b-iacute-l-aacute-bez-no-382-i-269-ek-nakupujte-hned-56966\/\" \/>\n<meta property=\"og:image\" content=\"https:\/\/www.domtechnikpro.com\/wp-content\/uploads\/2026\/SK0002559-CZ20260425-093107-0-1777080667-59481-large_default.webp\" \/>\n\t<meta property=\"og:image:width\" content=\"470\" \/>\n\t<meta property=\"og:image:height\" content=\"470\" \/>\n\t<meta property=\"og:image:type\" content=\"image\/webp\" \/>\n<meta name=\"twitter:card\" content=\"summary_large_image\" \/>\n<meta name=\"twitter:label1\" content=\"Odhadovan\u00e1 doba \u010dten\u00ed\" \/>\n\t<meta name=\"twitter:data1\" content=\"1 minuta\" \/>\n<script type=\"application\/ld+json\" class=\"yoast-schema-graph\">{\"@context\":\"https:\/\/schema.org\",\"@graph\":[{\"@type\":\"WebPage\",\"@id\":\"https:\/\/www.domtechnikpro.com\/index.php\/produkt\/mereo-sprchov-aacute-vani-269-ka-obd-eacute-ln-iacute-k-110x90x3-cm-lit-yacute-mramor-b-iacute-l-aacute-bez-no-382-i-269-ek-nakupujte-hned-56966\/\",\"url\":\"https:\/\/www.domtechnikpro.com\/index.php\/produkt\/mereo-sprchov-aacute-vani-269-ka-obd-eacute-ln-iacute-k-110x90x3-cm-lit-yacute-mramor-b-iacute-l-aacute-bez-no-382-i-269-ek-nakupujte-hned-56966\/\",\"name\":\"MEREO | Sprchov&aacute; vani&#269;ka | obd&eacute;ln&iacute;k | 110x90x3 cm | lit&yacute; mramor | b&iacute;l&aacute; | bez no&#382;i&#269;ek Nakupujte Hned -\",\"isPartOf\":{\"@id\":\"https:\/\/www.domtechnikpro.com\/#website\"},\"primaryImageOfPage\":{\"@id\":\"https:\/\/www.domtechnikpro.com\/index.php\/produkt\/mereo-sprchov-aacute-vani-269-ka-obd-eacute-ln-iacute-k-110x90x3-cm-lit-yacute-mramor-b-iacute-l-aacute-bez-no-382-i-269-ek-nakupujte-hned-56966\/#primaryimage\"},\"image\":{\"@id\":\"https:\/\/www.domtechnikpro.com\/index.php\/produkt\/mereo-sprchov-aacute-vani-269-ka-obd-eacute-ln-iacute-k-110x90x3-cm-lit-yacute-mramor-b-iacute-l-aacute-bez-no-382-i-269-ek-nakupujte-hned-56966\/#primaryimage\"},\"thumbnailUrl\":\"https:\/\/www.domtechnikpro.com\/wp-content\/uploads\/2026\/SK0002559-CZ20260425-093107-0-1777080667-59481-large_default.webp\",\"datePublished\":\"2026-04-26T09:02:07+00:00\",\"breadcrumb\":{\"@id\":\"https:\/\/www.domtechnikpro.com\/index.php\/produkt\/mereo-sprchov-aacute-vani-269-ka-obd-eacute-ln-iacute-k-110x90x3-cm-lit-yacute-mramor-b-iacute-l-aacute-bez-no-382-i-269-ek-nakupujte-hned-56966\/#breadcrumb\"},\"inLanguage\":\"cs\",\"potentialAction\":[{\"@type\":\"ReadAction\",\"target\":[\"https:\/\/www.domtechnikpro.com\/index.php\/produkt\/mereo-sprchov-aacute-vani-269-ka-obd-eacute-ln-iacute-k-110x90x3-cm-lit-yacute-mramor-b-iacute-l-aacute-bez-no-382-i-269-ek-nakupujte-hned-56966\/\"]}]},{\"@type\":\"ImageObject\",\"inLanguage\":\"cs\",\"@id\":\"https:\/\/www.domtechnikpro.com\/index.php\/produkt\/mereo-sprchov-aacute-vani-269-ka-obd-eacute-ln-iacute-k-110x90x3-cm-lit-yacute-mramor-b-iacute-l-aacute-bez-no-382-i-269-ek-nakupujte-hned-56966\/#primaryimage\",\"url\":\"https:\/\/www.domtechnikpro.com\/wp-content\/uploads\/2026\/SK0002559-CZ20260425-093107-0-1777080667-59481-large_default.webp\",\"contentUrl\":\"https:\/\/www.domtechnikpro.com\/wp-content\/uploads\/2026\/SK0002559-CZ20260425-093107-0-1777080667-59481-large_default.webp\",\"width\":470,\"height\":470},{\"@type\":\"BreadcrumbList\",\"@id\":\"https:\/\/www.domtechnikpro.com\/index.php\/produkt\/mereo-sprchov-aacute-vani-269-ka-obd-eacute-ln-iacute-k-110x90x3-cm-lit-yacute-mramor-b-iacute-l-aacute-bez-no-382-i-269-ek-nakupujte-hned-56966\/#breadcrumb\",\"itemListElement\":[{\"@type\":\"ListItem\",\"position\":1,\"name\":\"Home\",\"item\":\"https:\/\/www.domtechnikpro.com\/\"},{\"@type\":\"ListItem\",\"position\":2,\"name\":\"Products\",\"item\":\"https:\/\/www.domtechnikpro.com\/index.php\/products\/\"},{\"@type\":\"ListItem\",\"position\":3,\"name\":\"MEREO | Sprchov&aacute; vani&#269;ka | obd&eacute;ln&iacute;k | 110x90x3 cm | lit&yacute; mramor | b&iacute;l&aacute; | bez no&#382;i&#269;ek Nakupujte Hned\"}]},{\"@type\":\"WebSite\",\"@id\":\"https:\/\/www.domtechnikpro.com\/#website\",\"url\":\"https:\/\/www.domtechnikpro.com\/\",\"name\":\"\",\"description\":\"\",\"potentialAction\":[{\"@type\":\"SearchAction\",\"target\":{\"@type\":\"EntryPoint\",\"urlTemplate\":\"https:\/\/www.domtechnikpro.com\/?s={search_term_string}\"},\"query-input\":{\"@type\":\"PropertyValueSpecification\",\"valueRequired\":true,\"valueName\":\"search_term_string\"}}],\"inLanguage\":\"cs\"}]}<\/script>\n<!-- \/ Yoast SEO plugin. -->","yoast_head_json":{"title":"MEREO | Sprchov&aacute; vani&#269;ka | obd&eacute;ln&iacute;k | 110x90x3 cm | lit&yacute; mramor | b&iacute;l&aacute; | bez no&#382;i&#269;ek Nakupujte Hned -","robots":{"index":"index","follow":"follow","max-snippet":"max-snippet:-1","max-image-preview":"max-image-preview:large","max-video-preview":"max-video-preview:-1"},"canonical":"https:\/\/www.domtechnikpro.com\/index.php\/produkt\/mereo-sprchov-aacute-vani-269-ka-obd-eacute-ln-iacute-k-110x90x3-cm-lit-yacute-mramor-b-iacute-l-aacute-bez-no-382-i-269-ek-nakupujte-hned-56966\/","og_locale":"cs_CZ","og_type":"article","og_title":"MEREO | Sprchov&aacute; vani&#269;ka | obd&eacute;ln&iacute;k | 110x90x3 cm | lit&yacute; mramor | b&iacute;l&aacute; | bez no&#382;i&#269;ek Nakupujte Hned -","og_description":"Obd\u00e9ln\u00edkov\u00e1 sprchov\u00e1 vani\u010dka s dlouhou \u017eivotnost\u00ed, lit\u00fd mramor, bez no\u017ei\u010dek, gelcoat. Sprchov\u00e9 vani\u010dky jsou podstatnou sou\u010d\u00e1st\u00ed sprchov\u00fdch kout\u016f a sv\u00fdm designem a kvalitou zpracov\u00e1n\u00ed mohou v\u00fdrazn\u011b ovlivnit celkov\u00fd dojem ze sprchov\u00e9ho koutu.Sprchov\u00e9 vani\u010dky z lit\u00e9ho mramoru jsou opat\u0159eny ochrannou vrstvou Gelcoat, kter\u00e1 zaji\u0161\u0165uje st\u00e1lobarevnost a odolnost proti n\u00e1razu. Tyto sprchov\u00e9 vani\u010dky, p\u0159edstavuj\u00ed nad\u010dasov\u00e9 a elegantn\u00ed [&hellip;]","og_url":"https:\/\/www.domtechnikpro.com\/index.php\/produkt\/mereo-sprchov-aacute-vani-269-ka-obd-eacute-ln-iacute-k-110x90x3-cm-lit-yacute-mramor-b-iacute-l-aacute-bez-no-382-i-269-ek-nakupujte-hned-56966\/","og_image":[{"width":470,"height":470,"url":"https:\/\/www.domtechnikpro.com\/wp-content\/uploads\/2026\/SK0002559-CZ20260425-093107-0-1777080667-59481-large_default.webp","type":"image\/webp"}],"twitter_card":"summary_large_image","twitter_misc":{"Odhadovan\u00e1 doba \u010dten\u00ed":"1 minuta"},"schema":{"@context":"https:\/\/schema.org","@graph":[{"@type":"WebPage","@id":"https:\/\/www.domtechnikpro.com\/index.php\/produkt\/mereo-sprchov-aacute-vani-269-ka-obd-eacute-ln-iacute-k-110x90x3-cm-lit-yacute-mramor-b-iacute-l-aacute-bez-no-382-i-269-ek-nakupujte-hned-56966\/","url":"https:\/\/www.domtechnikpro.com\/index.php\/produkt\/mereo-sprchov-aacute-vani-269-ka-obd-eacute-ln-iacute-k-110x90x3-cm-lit-yacute-mramor-b-iacute-l-aacute-bez-no-382-i-269-ek-nakupujte-hned-56966\/","name":"MEREO | Sprchov&aacute; vani&#269;ka | obd&eacute;ln&iacute;k | 110x90x3 cm | lit&yacute; mramor | b&iacute;l&aacute; | bez no&#382;i&#269;ek Nakupujte Hned -","isPartOf":{"@id":"https:\/\/www.domtechnikpro.com\/#website"},"primaryImageOfPage":{"@id":"https:\/\/www.domtechnikpro.com\/index.php\/produkt\/mereo-sprchov-aacute-vani-269-ka-obd-eacute-ln-iacute-k-110x90x3-cm-lit-yacute-mramor-b-iacute-l-aacute-bez-no-382-i-269-ek-nakupujte-hned-56966\/#primaryimage"},"image":{"@id":"https:\/\/www.domtechnikpro.com\/index.php\/produkt\/mereo-sprchov-aacute-vani-269-ka-obd-eacute-ln-iacute-k-110x90x3-cm-lit-yacute-mramor-b-iacute-l-aacute-bez-no-382-i-269-ek-nakupujte-hned-56966\/#primaryimage"},"thumbnailUrl":"https:\/\/www.domtechnikpro.com\/wp-content\/uploads\/2026\/SK0002559-CZ20260425-093107-0-1777080667-59481-large_default.webp","datePublished":"2026-04-26T09:02:07+00:00","breadcrumb":{"@id":"https:\/\/www.domtechnikpro.com\/index.php\/produkt\/mereo-sprchov-aacute-vani-269-ka-obd-eacute-ln-iacute-k-110x90x3-cm-lit-yacute-mramor-b-iacute-l-aacute-bez-no-382-i-269-ek-nakupujte-hned-56966\/#breadcrumb"},"inLanguage":"cs","potentialAction":[{"@type":"ReadAction","target":["https:\/\/www.domtechnikpro.com\/index.php\/produkt\/mereo-sprchov-aacute-vani-269-ka-obd-eacute-ln-iacute-k-110x90x3-cm-lit-yacute-mramor-b-iacute-l-aacute-bez-no-382-i-269-ek-nakupujte-hned-56966\/"]}]},{"@type":"ImageObject","inLanguage":"cs","@id":"https:\/\/www.domtechnikpro.com\/index.php\/produkt\/mereo-sprchov-aacute-vani-269-ka-obd-eacute-ln-iacute-k-110x90x3-cm-lit-yacute-mramor-b-iacute-l-aacute-bez-no-382-i-269-ek-nakupujte-hned-56966\/#primaryimage","url":"https:\/\/www.domtechnikpro.com\/wp-content\/uploads\/2026\/SK0002559-CZ20260425-093107-0-1777080667-59481-large_default.webp","contentUrl":"https:\/\/www.domtechnikpro.com\/wp-content\/uploads\/2026\/SK0002559-CZ20260425-093107-0-1777080667-59481-large_default.webp","width":470,"height":470},{"@type":"BreadcrumbList","@id":"https:\/\/www.domtechnikpro.com\/index.php\/produkt\/mereo-sprchov-aacute-vani-269-ka-obd-eacute-ln-iacute-k-110x90x3-cm-lit-yacute-mramor-b-iacute-l-aacute-bez-no-382-i-269-ek-nakupujte-hned-56966\/#breadcrumb","itemListElement":[{"@type":"ListItem","position":1,"name":"Home","item":"https:\/\/www.domtechnikpro.com\/"},{"@type":"ListItem","position":2,"name":"Products","item":"https:\/\/www.domtechnikpro.com\/index.php\/products\/"},{"@type":"ListItem","position":3,"name":"MEREO | Sprchov&aacute; vani&#269;ka | obd&eacute;ln&iacute;k | 110x90x3 cm | lit&yacute; mramor | b&iacute;l&aacute; | bez no&#382;i&#269;ek Nakupujte Hned"}]},{"@type":"WebSite","@id":"https:\/\/www.domtechnikpro.com\/#website","url":"https:\/\/www.domtechnikpro.com\/","name":"","description":"","potentialAction":[{"@type":"SearchAction","target":{"@type":"EntryPoint","urlTemplate":"https:\/\/www.domtechnikpro.com\/?s={search_term_string}"},"query-input":{"@type":"PropertyValueSpecification","valueRequired":true,"valueName":"search_term_string"}}],"inLanguage":"cs"}]}},"_links":{"self":[{"href":"https:\/\/www.domtechnikpro.com\/index.php\/wp-json\/wp\/v2\/product\/56966","targetHints":{"allow":["GET"]}}],"collection":[{"href":"https:\/\/www.domtechnikpro.com\/index.php\/wp-json\/wp\/v2\/product"}],"about":[{"href":"https:\/\/www.domtechnikpro.com\/index.php\/wp-json\/wp\/v2\/types\/product"}],"replies":[{"embeddable":true,"href":"https:\/\/www.domtechnikpro.com\/index.php\/wp-json\/wp\/v2\/comments?post=56966"}],"wp:featuredmedia":[{"embeddable":true,"href":"https:\/\/www.domtechnikpro.com\/index.php\/wp-json\/wp\/v2\/media\/57066"}],"wp:attachment":[{"href":"https:\/\/www.domtechnikpro.com\/index.php\/wp-json\/wp\/v2\/media?parent=56966"}],"wp:term":[{"taxonomy":"product_brand","embeddable":true,"href":"https:\/\/www.domtechnikpro.com\/index.php\/wp-json\/wp\/v2\/product_brand?post=56966"},{"taxonomy":"product_cat","embeddable":true,"href":"https:\/\/www.domtechnikpro.com\/index.php\/wp-json\/wp\/v2\/product_cat?post=56966"},{"taxonomy":"product_tag","embeddable":true,"href":"https:\/\/www.domtechnikpro.com\/index.php\/wp-json\/wp\/v2\/product_tag?post=56966"}],"curies":[{"name":"wp","href":"https:\/\/api.w.org\/{rel}","templated":true}]}}