{"id":56929,"date":"2026-04-26T09:02:07","date_gmt":"2026-04-26T09:02:07","guid":{"rendered":""},"modified":"2026-04-26T09:02:07","modified_gmt":"2026-04-26T09:02:07","slug":"mereo-mailo-koupelnov-aacute-sk-345-iacute-328-ka-s-umyvadlem-z-lit-eacute-ho-mramoru-810x750x476-mm-spod-hit-sezony-56929","status":"publish","type":"product","link":"https:\/\/www.domtechnikpro.com\/index.php\/produkt\/mereo-mailo-koupelnov-aacute-sk-345-iacute-328-ka-s-umyvadlem-z-lit-eacute-ho-mramoru-810x750x476-mm-spod-hit-sezony-56929\/","title":{"rendered":"MEREO | MAILO |  koupelnov&aacute; sk&#345;&iacute;&#328;ka s umyvadlem z lit&eacute;ho mramoru |  810x750x476 mm |  spod Hit Sez\u00f3ny"},"content":{"rendered":"<p><!-- More info -->\t\t\t\t\t<\/p>\n<section id=\"idTab1\" class=\"page-product-box tab-pane active\" role=\"tabpanel\" aria-labelledby=\"idTab1\">\t\t\t\t\t\t<!-- full description -->\t\t\t\t\t\t<\/p>\n<div class=\"rte\">Mailo, koupelnov\u00e1 sk\u0159\u00ed\u0148ka s umyvadlem z lit\u00e9ho mramoru, 810x750x476 mm, spodn\u00ed, dub Riviera, 2 z\u00e1suvky<\/p>\n<p>S\u00e9rie koupelnov\u00e9ho n\u00e1bytku Mailo umo\u017e\u0148uje kombinovat sk\u0159\u00ed\u0148ky do mnoha r\u016fzn\u00fdch variant. Vytvo\u0159it tak lze jak slo\u017eit\u00e9 kombinace do velk\u00fdch koupelen, tak minimalistick\u00e9 \u0159e\u0161en\u00ed v modern\u00edm designu. \u0160upl\u00edky jsou vybaveny designov\u00fdmi chromovan\u00fdmi \u00fachytkami a zna\u010dkov\u00fdmi pojezdy Strong s pomal\u00fdm dov\u00edr\u00e1n\u00edm. Na v\u00fdb\u011br je ze t\u0159\u00ed barevn\u00fdch kombinac\u00ed, b\u00edl\u00e1 lesk, dub Riviera a antracit. Sk\u0159\u00ed\u0148ky maj\u00ed laserov\u00e9 opracov\u00e1n\u00ed hran a jsou dod\u00e1v\u00e1ny smontovan\u00e9 a v\u0161echny jsou ur\u010den\u00e9 k zav\u011b\u0161en\u00ed.<\/p>\n<p>Umyvadlo z lit\u00e9ho mramoru je o\u0161et\u0159eno povrchovou \u00fapravou Evermite. Jedn\u00e1 se o polymerov\u00fd z\u00e1klad je\u017e \u010din\u00ed umyvadlo odoln\u011bj\u0161\u00ed, vytv\u00e1\u0159\u00ed ochranou bari\u00e9ru. Ta minimalizuje riziko po\u0161kozen\u00ed zp\u016fsoben\u00e9 pou\u017e\u00edv\u00e1n\u00edm. D\u00edky \u00faprav\u011b Evermite je povrch o 40% odoln\u011bj\u0161\u00ed v\u016f\u010di od\u011bru. Povrch z\u016fst\u00e1v\u00e1 leskl\u00fd jako v den n\u00e1kupu. Hladk\u00fd povrch a n\u00edzk\u00e1 propustnost zabra\u0148uje usazov\u00e1n\u00ed vodn\u00edho kamene a m\u00fddlov\u00fdch zbytk\u016f. Povrch v\u017edy vy\u010dist\u00edte od stop k\u00e1vy a \u010daje, neza\u017eloutne. Povrch je odoln\u00fd i v\u016f\u010di siln\u00fdm chemik\u00e1li\u00edm. Umyvadlo je ur\u010deno pro n\u00e1bytek, nelze instalovat samostatn\u011b na ze\u010f. Z\u00e1pustn\u00e1 umyvadla podpo\u0159\u00ed modern\u00ed a elegantn\u00ed vzhled ka\u017ed\u00e9 koupelny a dolad\u00ed tak celkov\u00fd design interi\u00e9ru. Umyvadla lze osadit do desky i ve v\u00edce kusech vedle sebe.<\/p>\n<p>Technick\u00e9 parametry<br \/>S\u00e9rie:Mailo<br \/>\u0160\u00ed\u0159ka:810  mm<br \/>Hloubka:476  mm<br \/>D\u00e9lka (V\u00fd\u0161ka):750  mm<br \/>750  mm<br \/>Barva:Dub Riviera<\/div>\n<\/section>\n<p>\t\t\t\t\t<!--end  More info -->\t\t\t\t\t\t\t\t\t\t\t\t\t\t\t\t\t\t\t\t\t<!--Download -->\t\t\t\t\t<\/p>\n<section id=\"idTab4\" class=\"page-product-box tab-pane\" role=\"tabpanel\" aria-labelledby=\"idTab4\">\n<div class=\"row\">\n<div class=\"col-lg-4\">\n<h4>Mont<\/h4>\n<p class=\"text-muted\">Soubor<\/p>\n<p>\t\t\t\t\t\t\t\t\t\t\t\t\t\t\t\t\t\t\t<i class=\"fa fa-download\"><\/i>\t\t\t\t\t\t\t\t\t\tKe sta\u017een&iacute; (5.7M)\t\t\t\t\t\t\t\t\t\t\t\t\t\t\t\t\t\t<\/p>\n<hr \/><\/div>\n<\/p><\/div>\n<\/section>\n<p>\t\t\t\t\t<!--end Download -->\t\t\t\t\t\t\t\t\t\t\t\t\t\t\t\t\t\t\t<\/div>\n<\/p><\/div>\n<p><!--QTR Accessories --><\/p>\n","protected":false},"excerpt":{"rendered":"<p>Mailo, koupelnov\u00e1 sk\u0159\u00ed\u0148ka s umyvadlem z lit\u00e9ho mramoru, 810x750x476 mm, spodn\u00ed, dub Riviera, 2 z\u00e1suvky S\u00e9rie koupelnov\u00e9ho n\u00e1bytku Mailo umo\u017e\u0148uje kombinovat sk\u0159\u00ed\u0148ky do mnoha r\u016fzn\u00fdch variant. Vytvo\u0159it tak lze jak slo\u017eit\u00e9 kombinace do velk\u00fdch koupelen, tak minimalistick\u00e9 \u0159e\u0161en\u00ed v modern\u00edm designu. \u0160upl\u00edky jsou vybaveny designov\u00fdmi chromovan\u00fdmi \u00fachytkami a zna\u010dkov\u00fdmi pojezdy Strong s pomal\u00fdm dov\u00edr\u00e1n\u00edm. Na [&hellip;]<\/p>\n","protected":false},"featured_media":57029,"comment_status":"open","ping_status":"open","template":"","meta":[],"product_brand":[],"product_cat":[172],"product_tag":[],"class_list":{"0":"post-56929","1":"product","2":"type-product","3":"status-publish","4":"has-post-thumbnail","6":"product_cat-sanit-aacute-rn-iacute-vybaven-iacute","8":"first","9":"instock","10":"sale","11":"shipping-taxable","12":"purchasable","13":"product-type-simple"},"yoast_head":"<!-- This site is optimized with the Yoast SEO plugin v26.8 - https:\/\/yoast.com\/product\/yoast-seo-wordpress\/ -->\n<title>MEREO | MAILO | koupelnov&aacute; sk&#345;&iacute;&#328;ka s umyvadlem z lit&eacute;ho mramoru | 810x750x476 mm | spod Hit Sez\u00f3ny -<\/title>\n<meta name=\"robots\" content=\"index, follow, max-snippet:-1, max-image-preview:large, max-video-preview:-1\" \/>\n<link rel=\"canonical\" href=\"https:\/\/www.domtechnikpro.com\/index.php\/produkt\/mereo-mailo-koupelnov-aacute-sk-345-iacute-328-ka-s-umyvadlem-z-lit-eacute-ho-mramoru-810x750x476-mm-spod-hit-sezony-56929\/\" \/>\n<meta property=\"og:locale\" content=\"cs_CZ\" \/>\n<meta property=\"og:type\" content=\"article\" \/>\n<meta property=\"og:title\" content=\"MEREO | MAILO | koupelnov&aacute; sk&#345;&iacute;&#328;ka s umyvadlem z lit&eacute;ho mramoru | 810x750x476 mm | spod Hit Sez\u00f3ny -\" \/>\n<meta property=\"og:description\" content=\"Mailo, koupelnov\u00e1 sk\u0159\u00ed\u0148ka s umyvadlem z lit\u00e9ho mramoru, 810x750x476 mm, spodn\u00ed, dub Riviera, 2 z\u00e1suvky S\u00e9rie koupelnov\u00e9ho n\u00e1bytku Mailo umo\u017e\u0148uje kombinovat sk\u0159\u00ed\u0148ky do mnoha r\u016fzn\u00fdch variant. Vytvo\u0159it tak lze jak slo\u017eit\u00e9 kombinace do velk\u00fdch koupelen, tak minimalistick\u00e9 \u0159e\u0161en\u00ed v modern\u00edm designu. \u0160upl\u00edky jsou vybaveny designov\u00fdmi chromovan\u00fdmi \u00fachytkami a zna\u010dkov\u00fdmi pojezdy Strong s pomal\u00fdm dov\u00edr\u00e1n\u00edm. Na [&hellip;]\" \/>\n<meta property=\"og:url\" content=\"https:\/\/www.domtechnikpro.com\/index.php\/produkt\/mereo-mailo-koupelnov-aacute-sk-345-iacute-328-ka-s-umyvadlem-z-lit-eacute-ho-mramoru-810x750x476-mm-spod-hit-sezony-56929\/\" \/>\n<meta property=\"og:image\" content=\"https:\/\/www.domtechnikpro.com\/wp-content\/uploads\/2026\/SK0002497-CZ20260425-093107-0-1777080667-57795-large_default.webp\" \/>\n\t<meta property=\"og:image:width\" content=\"470\" \/>\n\t<meta property=\"og:image:height\" content=\"470\" \/>\n\t<meta property=\"og:image:type\" content=\"image\/webp\" \/>\n<meta name=\"twitter:card\" content=\"summary_large_image\" \/>\n<meta name=\"twitter:label1\" content=\"Odhadovan\u00e1 doba \u010dten\u00ed\" \/>\n\t<meta name=\"twitter:data1\" content=\"1 minuta\" \/>\n<script type=\"application\/ld+json\" class=\"yoast-schema-graph\">{\"@context\":\"https:\/\/schema.org\",\"@graph\":[{\"@type\":\"WebPage\",\"@id\":\"https:\/\/www.domtechnikpro.com\/index.php\/produkt\/mereo-mailo-koupelnov-aacute-sk-345-iacute-328-ka-s-umyvadlem-z-lit-eacute-ho-mramoru-810x750x476-mm-spod-hit-sezony-56929\/\",\"url\":\"https:\/\/www.domtechnikpro.com\/index.php\/produkt\/mereo-mailo-koupelnov-aacute-sk-345-iacute-328-ka-s-umyvadlem-z-lit-eacute-ho-mramoru-810x750x476-mm-spod-hit-sezony-56929\/\",\"name\":\"MEREO | MAILO | koupelnov&aacute; sk&#345;&iacute;&#328;ka s umyvadlem z lit&eacute;ho mramoru | 810x750x476 mm | spod Hit Sez\u00f3ny -\",\"isPartOf\":{\"@id\":\"https:\/\/www.domtechnikpro.com\/#website\"},\"primaryImageOfPage\":{\"@id\":\"https:\/\/www.domtechnikpro.com\/index.php\/produkt\/mereo-mailo-koupelnov-aacute-sk-345-iacute-328-ka-s-umyvadlem-z-lit-eacute-ho-mramoru-810x750x476-mm-spod-hit-sezony-56929\/#primaryimage\"},\"image\":{\"@id\":\"https:\/\/www.domtechnikpro.com\/index.php\/produkt\/mereo-mailo-koupelnov-aacute-sk-345-iacute-328-ka-s-umyvadlem-z-lit-eacute-ho-mramoru-810x750x476-mm-spod-hit-sezony-56929\/#primaryimage\"},\"thumbnailUrl\":\"https:\/\/www.domtechnikpro.com\/wp-content\/uploads\/2026\/SK0002497-CZ20260425-093107-0-1777080667-57795-large_default.webp\",\"datePublished\":\"2026-04-26T09:02:07+00:00\",\"breadcrumb\":{\"@id\":\"https:\/\/www.domtechnikpro.com\/index.php\/produkt\/mereo-mailo-koupelnov-aacute-sk-345-iacute-328-ka-s-umyvadlem-z-lit-eacute-ho-mramoru-810x750x476-mm-spod-hit-sezony-56929\/#breadcrumb\"},\"inLanguage\":\"cs\",\"potentialAction\":[{\"@type\":\"ReadAction\",\"target\":[\"https:\/\/www.domtechnikpro.com\/index.php\/produkt\/mereo-mailo-koupelnov-aacute-sk-345-iacute-328-ka-s-umyvadlem-z-lit-eacute-ho-mramoru-810x750x476-mm-spod-hit-sezony-56929\/\"]}]},{\"@type\":\"ImageObject\",\"inLanguage\":\"cs\",\"@id\":\"https:\/\/www.domtechnikpro.com\/index.php\/produkt\/mereo-mailo-koupelnov-aacute-sk-345-iacute-328-ka-s-umyvadlem-z-lit-eacute-ho-mramoru-810x750x476-mm-spod-hit-sezony-56929\/#primaryimage\",\"url\":\"https:\/\/www.domtechnikpro.com\/wp-content\/uploads\/2026\/SK0002497-CZ20260425-093107-0-1777080667-57795-large_default.webp\",\"contentUrl\":\"https:\/\/www.domtechnikpro.com\/wp-content\/uploads\/2026\/SK0002497-CZ20260425-093107-0-1777080667-57795-large_default.webp\",\"width\":470,\"height\":470},{\"@type\":\"BreadcrumbList\",\"@id\":\"https:\/\/www.domtechnikpro.com\/index.php\/produkt\/mereo-mailo-koupelnov-aacute-sk-345-iacute-328-ka-s-umyvadlem-z-lit-eacute-ho-mramoru-810x750x476-mm-spod-hit-sezony-56929\/#breadcrumb\",\"itemListElement\":[{\"@type\":\"ListItem\",\"position\":1,\"name\":\"Home\",\"item\":\"https:\/\/www.domtechnikpro.com\/\"},{\"@type\":\"ListItem\",\"position\":2,\"name\":\"Products\",\"item\":\"https:\/\/www.domtechnikpro.com\/index.php\/products\/\"},{\"@type\":\"ListItem\",\"position\":3,\"name\":\"MEREO | MAILO | koupelnov&aacute; sk&#345;&iacute;&#328;ka s umyvadlem z lit&eacute;ho mramoru | 810x750x476 mm | spod Hit Sez\u00f3ny\"}]},{\"@type\":\"WebSite\",\"@id\":\"https:\/\/www.domtechnikpro.com\/#website\",\"url\":\"https:\/\/www.domtechnikpro.com\/\",\"name\":\"\",\"description\":\"\",\"potentialAction\":[{\"@type\":\"SearchAction\",\"target\":{\"@type\":\"EntryPoint\",\"urlTemplate\":\"https:\/\/www.domtechnikpro.com\/?s={search_term_string}\"},\"query-input\":{\"@type\":\"PropertyValueSpecification\",\"valueRequired\":true,\"valueName\":\"search_term_string\"}}],\"inLanguage\":\"cs\"}]}<\/script>\n<!-- \/ Yoast SEO plugin. -->","yoast_head_json":{"title":"MEREO | MAILO | koupelnov&aacute; sk&#345;&iacute;&#328;ka s umyvadlem z lit&eacute;ho mramoru | 810x750x476 mm | spod Hit Sez\u00f3ny -","robots":{"index":"index","follow":"follow","max-snippet":"max-snippet:-1","max-image-preview":"max-image-preview:large","max-video-preview":"max-video-preview:-1"},"canonical":"https:\/\/www.domtechnikpro.com\/index.php\/produkt\/mereo-mailo-koupelnov-aacute-sk-345-iacute-328-ka-s-umyvadlem-z-lit-eacute-ho-mramoru-810x750x476-mm-spod-hit-sezony-56929\/","og_locale":"cs_CZ","og_type":"article","og_title":"MEREO | MAILO | koupelnov&aacute; sk&#345;&iacute;&#328;ka s umyvadlem z lit&eacute;ho mramoru | 810x750x476 mm | spod Hit Sez\u00f3ny -","og_description":"Mailo, koupelnov\u00e1 sk\u0159\u00ed\u0148ka s umyvadlem z lit\u00e9ho mramoru, 810x750x476 mm, spodn\u00ed, dub Riviera, 2 z\u00e1suvky S\u00e9rie koupelnov\u00e9ho n\u00e1bytku Mailo umo\u017e\u0148uje kombinovat sk\u0159\u00ed\u0148ky do mnoha r\u016fzn\u00fdch variant. Vytvo\u0159it tak lze jak slo\u017eit\u00e9 kombinace do velk\u00fdch koupelen, tak minimalistick\u00e9 \u0159e\u0161en\u00ed v modern\u00edm designu. \u0160upl\u00edky jsou vybaveny designov\u00fdmi chromovan\u00fdmi \u00fachytkami a zna\u010dkov\u00fdmi pojezdy Strong s pomal\u00fdm dov\u00edr\u00e1n\u00edm. Na [&hellip;]","og_url":"https:\/\/www.domtechnikpro.com\/index.php\/produkt\/mereo-mailo-koupelnov-aacute-sk-345-iacute-328-ka-s-umyvadlem-z-lit-eacute-ho-mramoru-810x750x476-mm-spod-hit-sezony-56929\/","og_image":[{"width":470,"height":470,"url":"https:\/\/www.domtechnikpro.com\/wp-content\/uploads\/2026\/SK0002497-CZ20260425-093107-0-1777080667-57795-large_default.webp","type":"image\/webp"}],"twitter_card":"summary_large_image","twitter_misc":{"Odhadovan\u00e1 doba \u010dten\u00ed":"1 minuta"},"schema":{"@context":"https:\/\/schema.org","@graph":[{"@type":"WebPage","@id":"https:\/\/www.domtechnikpro.com\/index.php\/produkt\/mereo-mailo-koupelnov-aacute-sk-345-iacute-328-ka-s-umyvadlem-z-lit-eacute-ho-mramoru-810x750x476-mm-spod-hit-sezony-56929\/","url":"https:\/\/www.domtechnikpro.com\/index.php\/produkt\/mereo-mailo-koupelnov-aacute-sk-345-iacute-328-ka-s-umyvadlem-z-lit-eacute-ho-mramoru-810x750x476-mm-spod-hit-sezony-56929\/","name":"MEREO | MAILO | koupelnov&aacute; sk&#345;&iacute;&#328;ka s umyvadlem z lit&eacute;ho mramoru | 810x750x476 mm | spod Hit Sez\u00f3ny -","isPartOf":{"@id":"https:\/\/www.domtechnikpro.com\/#website"},"primaryImageOfPage":{"@id":"https:\/\/www.domtechnikpro.com\/index.php\/produkt\/mereo-mailo-koupelnov-aacute-sk-345-iacute-328-ka-s-umyvadlem-z-lit-eacute-ho-mramoru-810x750x476-mm-spod-hit-sezony-56929\/#primaryimage"},"image":{"@id":"https:\/\/www.domtechnikpro.com\/index.php\/produkt\/mereo-mailo-koupelnov-aacute-sk-345-iacute-328-ka-s-umyvadlem-z-lit-eacute-ho-mramoru-810x750x476-mm-spod-hit-sezony-56929\/#primaryimage"},"thumbnailUrl":"https:\/\/www.domtechnikpro.com\/wp-content\/uploads\/2026\/SK0002497-CZ20260425-093107-0-1777080667-57795-large_default.webp","datePublished":"2026-04-26T09:02:07+00:00","breadcrumb":{"@id":"https:\/\/www.domtechnikpro.com\/index.php\/produkt\/mereo-mailo-koupelnov-aacute-sk-345-iacute-328-ka-s-umyvadlem-z-lit-eacute-ho-mramoru-810x750x476-mm-spod-hit-sezony-56929\/#breadcrumb"},"inLanguage":"cs","potentialAction":[{"@type":"ReadAction","target":["https:\/\/www.domtechnikpro.com\/index.php\/produkt\/mereo-mailo-koupelnov-aacute-sk-345-iacute-328-ka-s-umyvadlem-z-lit-eacute-ho-mramoru-810x750x476-mm-spod-hit-sezony-56929\/"]}]},{"@type":"ImageObject","inLanguage":"cs","@id":"https:\/\/www.domtechnikpro.com\/index.php\/produkt\/mereo-mailo-koupelnov-aacute-sk-345-iacute-328-ka-s-umyvadlem-z-lit-eacute-ho-mramoru-810x750x476-mm-spod-hit-sezony-56929\/#primaryimage","url":"https:\/\/www.domtechnikpro.com\/wp-content\/uploads\/2026\/SK0002497-CZ20260425-093107-0-1777080667-57795-large_default.webp","contentUrl":"https:\/\/www.domtechnikpro.com\/wp-content\/uploads\/2026\/SK0002497-CZ20260425-093107-0-1777080667-57795-large_default.webp","width":470,"height":470},{"@type":"BreadcrumbList","@id":"https:\/\/www.domtechnikpro.com\/index.php\/produkt\/mereo-mailo-koupelnov-aacute-sk-345-iacute-328-ka-s-umyvadlem-z-lit-eacute-ho-mramoru-810x750x476-mm-spod-hit-sezony-56929\/#breadcrumb","itemListElement":[{"@type":"ListItem","position":1,"name":"Home","item":"https:\/\/www.domtechnikpro.com\/"},{"@type":"ListItem","position":2,"name":"Products","item":"https:\/\/www.domtechnikpro.com\/index.php\/products\/"},{"@type":"ListItem","position":3,"name":"MEREO | MAILO | koupelnov&aacute; sk&#345;&iacute;&#328;ka s umyvadlem z lit&eacute;ho mramoru | 810x750x476 mm | spod Hit Sez\u00f3ny"}]},{"@type":"WebSite","@id":"https:\/\/www.domtechnikpro.com\/#website","url":"https:\/\/www.domtechnikpro.com\/","name":"","description":"","potentialAction":[{"@type":"SearchAction","target":{"@type":"EntryPoint","urlTemplate":"https:\/\/www.domtechnikpro.com\/?s={search_term_string}"},"query-input":{"@type":"PropertyValueSpecification","valueRequired":true,"valueName":"search_term_string"}}],"inLanguage":"cs"}]}},"_links":{"self":[{"href":"https:\/\/www.domtechnikpro.com\/index.php\/wp-json\/wp\/v2\/product\/56929","targetHints":{"allow":["GET"]}}],"collection":[{"href":"https:\/\/www.domtechnikpro.com\/index.php\/wp-json\/wp\/v2\/product"}],"about":[{"href":"https:\/\/www.domtechnikpro.com\/index.php\/wp-json\/wp\/v2\/types\/product"}],"replies":[{"embeddable":true,"href":"https:\/\/www.domtechnikpro.com\/index.php\/wp-json\/wp\/v2\/comments?post=56929"}],"wp:featuredmedia":[{"embeddable":true,"href":"https:\/\/www.domtechnikpro.com\/index.php\/wp-json\/wp\/v2\/media\/57029"}],"wp:attachment":[{"href":"https:\/\/www.domtechnikpro.com\/index.php\/wp-json\/wp\/v2\/media?parent=56929"}],"wp:term":[{"taxonomy":"product_brand","embeddable":true,"href":"https:\/\/www.domtechnikpro.com\/index.php\/wp-json\/wp\/v2\/product_brand?post=56929"},{"taxonomy":"product_cat","embeddable":true,"href":"https:\/\/www.domtechnikpro.com\/index.php\/wp-json\/wp\/v2\/product_cat?post=56929"},{"taxonomy":"product_tag","embeddable":true,"href":"https:\/\/www.domtechnikpro.com\/index.php\/wp-json\/wp\/v2\/product_tag?post=56929"}],"curies":[{"name":"wp","href":"https:\/\/api.w.org\/{rel}","templated":true}]}}