{"id":56924,"date":"2026-04-26T09:02:07","date_gmt":"2026-04-26T09:02:07","guid":{"rendered":""},"modified":"2026-04-26T09:02:07","modified_gmt":"2026-04-26T09:02:07","slug":"mereo-wc-kombi-vario-kapotovan-yacute-rimless-v-269-etn-283-sed-aacute-tka-akcni-cena-56924","status":"publish","type":"product","link":"https:\/\/www.domtechnikpro.com\/produkt\/mereo-wc-kombi-vario-kapotovan-yacute-rimless-v-269-etn-283-sed-aacute-tka-akcni-cena-56924\/","title":{"rendered":"MEREO | WC kombi | vario | kapotovan&yacute; | rimless | v&#269;etn&#283; sed&aacute;tka Ak\u010dn\u00ed Cena"},"content":{"rendered":"<p><!-- More info -->\t\t\t\t\t<\/p>\n<section id=\"idTab1\" class=\"page-product-box tab-pane active\" role=\"tabpanel\" aria-labelledby=\"idTab1\">\t\t\t\t\t\t<!-- full description -->\t\t\t\t\t\t<\/p>\n<div class=\"rte\">WC kombi s oplachem rimless<\/p>\n<p>Technick\u00e9 parametry:<br \/>\u0160\u00ed\u0159ka:380  mm<br \/>Hloubka:605  mm<br \/>D\u00e9lka (V\u00fd\u0161ka):410  mm<br \/>Typ:WC kombi<br \/>Barva:B\u00edl\u00e1<br \/>Materi\u00e1l:Keramika<\/div>\n<\/section>\n<p>\t\t\t\t\t<!--end  More info -->\t\t\t\t\t\t\t\t\t\t\t\t\t\t\t\t\t\t\t\t\t<!--Download -->\t\t\t\t\t<\/p>\n<section id=\"idTab4\" class=\"page-product-box tab-pane\" role=\"tabpanel\" aria-labelledby=\"idTab4\">\n<div class=\"row\">\n<div class=\"col-lg-4\">\n<h4>VSD91_navod_CZ_SK.pdf<\/h4>\n<p class=\"text-muted\">Soubor<\/p>\n<p>\t\t\t\t\t\t\t\t\t\t\t\t\t\t\t\t\t\t\t<i class=\"fa fa-download\"><\/i>\t\t\t\t\t\t\t\t\t\tKe sta\u017een&iacute; (7.83M)\t\t\t\t\t\t\t\t\t\t\t\t\t\t\t\t\t\t<\/p>\n<hr \/><\/div>\n<\/p><\/div>\n<\/section>\n<p>\t\t\t\t\t<!--end Download -->\t\t\t\t\t\t\t\t\t\t\t\t\t\t\t\t\t\t\t<\/div>\n<\/p><\/div>\n<p><!--QTR Accessories --><\/p>\n","protected":false},"excerpt":{"rendered":"<p>WC kombi s oplachem rimless Technick\u00e9 parametry:\u0160\u00ed\u0159ka:380 mmHloubka:605 mmD\u00e9lka (V\u00fd\u0161ka):410 mmTyp:WC kombiBarva:B\u00edl\u00e1Materi\u00e1l:Keramika VSD91_navod_CZ_SK.pdf Soubor Ke sta\u017een&iacute; (7.83M)<\/p>\n","protected":false},"featured_media":57024,"comment_status":"open","ping_status":"open","template":"","meta":[],"product_brand":[],"product_cat":[172],"product_tag":[],"class_list":{"0":"post-56924","1":"product","2":"type-product","3":"status-publish","4":"has-post-thumbnail","6":"product_cat-sanit-aacute-rn-iacute-vybaven-iacute","8":"first","9":"instock","10":"sale","11":"shipping-taxable","12":"purchasable","13":"product-type-simple"},"yoast_head":"<!-- This site is optimized with the Yoast SEO plugin v26.8 - https:\/\/yoast.com\/product\/yoast-seo-wordpress\/ -->\n<title>MEREO | WC kombi | vario | kapotovan&yacute; | rimless | v&#269;etn&#283; sed&aacute;tka Ak\u010dn\u00ed Cena - Pr\u016fmyslov\u00e9 vybaven\u00ed a p\u0159\u00edslu\u0161enstv\u00ed<\/title>\n<meta name=\"robots\" content=\"index, follow, max-snippet:-1, max-image-preview:large, max-video-preview:-1\" \/>\n<link rel=\"canonical\" href=\"https:\/\/www.domtechnikpro.com\/index.php\/produkt\/mereo-wc-kombi-vario-kapotovan-yacute-rimless-v-269-etn-283-sed-aacute-tka-akcni-cena-56924\/\" \/>\n<meta property=\"og:locale\" content=\"cs_CZ\" \/>\n<meta property=\"og:type\" content=\"article\" \/>\n<meta property=\"og:title\" content=\"MEREO | WC kombi | vario | kapotovan&yacute; | rimless | v&#269;etn&#283; sed&aacute;tka Ak\u010dn\u00ed Cena - Pr\u016fmyslov\u00e9 vybaven\u00ed a p\u0159\u00edslu\u0161enstv\u00ed\" \/>\n<meta property=\"og:description\" content=\"WC kombi s oplachem rimless Technick\u00e9 parametry:\u0160\u00ed\u0159ka:380 mmHloubka:605 mmD\u00e9lka (V\u00fd\u0161ka):410 mmTyp:WC kombiBarva:B\u00edl\u00e1Materi\u00e1l:Keramika VSD91_navod_CZ_SK.pdf Soubor Ke sta\u017een&iacute; (7.83M)\" \/>\n<meta property=\"og:url\" content=\"https:\/\/www.domtechnikpro.com\/index.php\/produkt\/mereo-wc-kombi-vario-kapotovan-yacute-rimless-v-269-etn-283-sed-aacute-tka-akcni-cena-56924\/\" \/>\n<meta property=\"og:site_name\" content=\"Pr\u016fmyslov\u00e9 vybaven\u00ed a p\u0159\u00edslu\u0161enstv\u00ed\" \/>\n<meta property=\"og:image\" content=\"https:\/\/www.domtechnikpro.com\/wp-content\/uploads\/2026\/SK0002489-CZ20260425-093107-0-1777080667-57671-large_default.webp\" \/>\n\t<meta property=\"og:image:width\" content=\"470\" \/>\n\t<meta property=\"og:image:height\" content=\"470\" \/>\n\t<meta property=\"og:image:type\" content=\"image\/webp\" \/>\n<meta name=\"twitter:card\" content=\"summary_large_image\" \/>\n<script type=\"application\/ld+json\" class=\"yoast-schema-graph\">{\"@context\":\"https:\/\/schema.org\",\"@graph\":[{\"@type\":\"WebPage\",\"@id\":\"https:\/\/www.domtechnikpro.com\/index.php\/produkt\/mereo-wc-kombi-vario-kapotovan-yacute-rimless-v-269-etn-283-sed-aacute-tka-akcni-cena-56924\/\",\"url\":\"https:\/\/www.domtechnikpro.com\/index.php\/produkt\/mereo-wc-kombi-vario-kapotovan-yacute-rimless-v-269-etn-283-sed-aacute-tka-akcni-cena-56924\/\",\"name\":\"MEREO | WC kombi | vario | kapotovan&yacute; | rimless | v&#269;etn&#283; sed&aacute;tka Ak\u010dn\u00ed Cena - Pr\u016fmyslov\u00e9 vybaven\u00ed a p\u0159\u00edslu\u0161enstv\u00ed\",\"isPartOf\":{\"@id\":\"https:\/\/www.domtechnikpro.com\/#website\"},\"primaryImageOfPage\":{\"@id\":\"https:\/\/www.domtechnikpro.com\/index.php\/produkt\/mereo-wc-kombi-vario-kapotovan-yacute-rimless-v-269-etn-283-sed-aacute-tka-akcni-cena-56924\/#primaryimage\"},\"image\":{\"@id\":\"https:\/\/www.domtechnikpro.com\/index.php\/produkt\/mereo-wc-kombi-vario-kapotovan-yacute-rimless-v-269-etn-283-sed-aacute-tka-akcni-cena-56924\/#primaryimage\"},\"thumbnailUrl\":\"https:\/\/www.domtechnikpro.com\/wp-content\/uploads\/2026\/SK0002489-CZ20260425-093107-0-1777080667-57671-large_default.webp\",\"datePublished\":\"2026-04-26T09:02:07+00:00\",\"breadcrumb\":{\"@id\":\"https:\/\/www.domtechnikpro.com\/index.php\/produkt\/mereo-wc-kombi-vario-kapotovan-yacute-rimless-v-269-etn-283-sed-aacute-tka-akcni-cena-56924\/#breadcrumb\"},\"inLanguage\":\"cs\",\"potentialAction\":[{\"@type\":\"ReadAction\",\"target\":[\"https:\/\/www.domtechnikpro.com\/index.php\/produkt\/mereo-wc-kombi-vario-kapotovan-yacute-rimless-v-269-etn-283-sed-aacute-tka-akcni-cena-56924\/\"]}]},{\"@type\":\"ImageObject\",\"inLanguage\":\"cs\",\"@id\":\"https:\/\/www.domtechnikpro.com\/index.php\/produkt\/mereo-wc-kombi-vario-kapotovan-yacute-rimless-v-269-etn-283-sed-aacute-tka-akcni-cena-56924\/#primaryimage\",\"url\":\"https:\/\/www.domtechnikpro.com\/wp-content\/uploads\/2026\/SK0002489-CZ20260425-093107-0-1777080667-57671-large_default.webp\",\"contentUrl\":\"https:\/\/www.domtechnikpro.com\/wp-content\/uploads\/2026\/SK0002489-CZ20260425-093107-0-1777080667-57671-large_default.webp\",\"width\":470,\"height\":470},{\"@type\":\"BreadcrumbList\",\"@id\":\"https:\/\/www.domtechnikpro.com\/index.php\/produkt\/mereo-wc-kombi-vario-kapotovan-yacute-rimless-v-269-etn-283-sed-aacute-tka-akcni-cena-56924\/#breadcrumb\",\"itemListElement\":[{\"@type\":\"ListItem\",\"position\":1,\"name\":\"Home\",\"item\":\"https:\/\/www.domtechnikpro.com\/\"},{\"@type\":\"ListItem\",\"position\":2,\"name\":\"Products\",\"item\":\"https:\/\/www.domtechnikpro.com\/products\/\"},{\"@type\":\"ListItem\",\"position\":3,\"name\":\"MEREO | WC kombi | vario | kapotovan&yacute; | rimless | v&#269;etn&#283; sed&aacute;tka Ak\u010dn\u00ed Cena\"}]},{\"@type\":\"WebSite\",\"@id\":\"https:\/\/www.domtechnikpro.com\/#website\",\"url\":\"https:\/\/www.domtechnikpro.com\/\",\"name\":\"Pr\u016fmyslov\u00e9 vybaven\u00ed a p\u0159\u00edslu\u0161enstv\u00ed\",\"description\":\"Pr\u016fmyslov\u00e9 vybaven\u00ed a p\u0159\u00edslu\u0161enstv\u00ed\",\"publisher\":{\"@id\":\"https:\/\/www.domtechnikpro.com\/#organization\"},\"potentialAction\":[{\"@type\":\"SearchAction\",\"target\":{\"@type\":\"EntryPoint\",\"urlTemplate\":\"https:\/\/www.domtechnikpro.com\/?s={search_term_string}\"},\"query-input\":{\"@type\":\"PropertyValueSpecification\",\"valueRequired\":true,\"valueName\":\"search_term_string\"}}],\"inLanguage\":\"cs\"},{\"@type\":\"Organization\",\"@id\":\"https:\/\/www.domtechnikpro.com\/#organization\",\"name\":\"Pr\u016fmyslov\u00e9 vybaven\u00ed a p\u0159\u00edslu\u0161enstv\u00ed\",\"url\":\"https:\/\/www.domtechnikpro.com\/\",\"logo\":{\"@type\":\"ImageObject\",\"inLanguage\":\"cs\",\"@id\":\"https:\/\/www.domtechnikpro.com\/#\/schema\/logo\/image\/\",\"url\":\"https:\/\/www.domtechnikpro.com\/wp-content\/uploads\/2026\/04\/domtechnikpro_logo_full.svg\",\"contentUrl\":\"https:\/\/www.domtechnikpro.com\/wp-content\/uploads\/2026\/04\/domtechnikpro_logo_full.svg\",\"width\":920,\"height\":180,\"caption\":\"Pr\u016fmyslov\u00e9 vybaven\u00ed a p\u0159\u00edslu\u0161enstv\u00ed\"},\"image\":{\"@id\":\"https:\/\/www.domtechnikpro.com\/#\/schema\/logo\/image\/\"}}]}<\/script>\n<!-- \/ Yoast SEO plugin. -->","yoast_head_json":{"title":"MEREO | WC kombi | vario | kapotovan&yacute; | rimless | v&#269;etn&#283; sed&aacute;tka Ak\u010dn\u00ed Cena - Pr\u016fmyslov\u00e9 vybaven\u00ed a p\u0159\u00edslu\u0161enstv\u00ed","robots":{"index":"index","follow":"follow","max-snippet":"max-snippet:-1","max-image-preview":"max-image-preview:large","max-video-preview":"max-video-preview:-1"},"canonical":"https:\/\/www.domtechnikpro.com\/index.php\/produkt\/mereo-wc-kombi-vario-kapotovan-yacute-rimless-v-269-etn-283-sed-aacute-tka-akcni-cena-56924\/","og_locale":"cs_CZ","og_type":"article","og_title":"MEREO | WC kombi | vario | kapotovan&yacute; | rimless | v&#269;etn&#283; sed&aacute;tka Ak\u010dn\u00ed Cena - Pr\u016fmyslov\u00e9 vybaven\u00ed a p\u0159\u00edslu\u0161enstv\u00ed","og_description":"WC kombi s oplachem rimless Technick\u00e9 parametry:\u0160\u00ed\u0159ka:380 mmHloubka:605 mmD\u00e9lka (V\u00fd\u0161ka):410 mmTyp:WC kombiBarva:B\u00edl\u00e1Materi\u00e1l:Keramika VSD91_navod_CZ_SK.pdf Soubor Ke sta\u017een&iacute; (7.83M)","og_url":"https:\/\/www.domtechnikpro.com\/index.php\/produkt\/mereo-wc-kombi-vario-kapotovan-yacute-rimless-v-269-etn-283-sed-aacute-tka-akcni-cena-56924\/","og_site_name":"Pr\u016fmyslov\u00e9 vybaven\u00ed a p\u0159\u00edslu\u0161enstv\u00ed","og_image":[{"width":470,"height":470,"url":"https:\/\/www.domtechnikpro.com\/wp-content\/uploads\/2026\/SK0002489-CZ20260425-093107-0-1777080667-57671-large_default.webp","type":"image\/webp"}],"twitter_card":"summary_large_image","schema":{"@context":"https:\/\/schema.org","@graph":[{"@type":"WebPage","@id":"https:\/\/www.domtechnikpro.com\/index.php\/produkt\/mereo-wc-kombi-vario-kapotovan-yacute-rimless-v-269-etn-283-sed-aacute-tka-akcni-cena-56924\/","url":"https:\/\/www.domtechnikpro.com\/index.php\/produkt\/mereo-wc-kombi-vario-kapotovan-yacute-rimless-v-269-etn-283-sed-aacute-tka-akcni-cena-56924\/","name":"MEREO | WC kombi | vario | kapotovan&yacute; | rimless | v&#269;etn&#283; sed&aacute;tka Ak\u010dn\u00ed Cena - Pr\u016fmyslov\u00e9 vybaven\u00ed a p\u0159\u00edslu\u0161enstv\u00ed","isPartOf":{"@id":"https:\/\/www.domtechnikpro.com\/#website"},"primaryImageOfPage":{"@id":"https:\/\/www.domtechnikpro.com\/index.php\/produkt\/mereo-wc-kombi-vario-kapotovan-yacute-rimless-v-269-etn-283-sed-aacute-tka-akcni-cena-56924\/#primaryimage"},"image":{"@id":"https:\/\/www.domtechnikpro.com\/index.php\/produkt\/mereo-wc-kombi-vario-kapotovan-yacute-rimless-v-269-etn-283-sed-aacute-tka-akcni-cena-56924\/#primaryimage"},"thumbnailUrl":"https:\/\/www.domtechnikpro.com\/wp-content\/uploads\/2026\/SK0002489-CZ20260425-093107-0-1777080667-57671-large_default.webp","datePublished":"2026-04-26T09:02:07+00:00","breadcrumb":{"@id":"https:\/\/www.domtechnikpro.com\/index.php\/produkt\/mereo-wc-kombi-vario-kapotovan-yacute-rimless-v-269-etn-283-sed-aacute-tka-akcni-cena-56924\/#breadcrumb"},"inLanguage":"cs","potentialAction":[{"@type":"ReadAction","target":["https:\/\/www.domtechnikpro.com\/index.php\/produkt\/mereo-wc-kombi-vario-kapotovan-yacute-rimless-v-269-etn-283-sed-aacute-tka-akcni-cena-56924\/"]}]},{"@type":"ImageObject","inLanguage":"cs","@id":"https:\/\/www.domtechnikpro.com\/index.php\/produkt\/mereo-wc-kombi-vario-kapotovan-yacute-rimless-v-269-etn-283-sed-aacute-tka-akcni-cena-56924\/#primaryimage","url":"https:\/\/www.domtechnikpro.com\/wp-content\/uploads\/2026\/SK0002489-CZ20260425-093107-0-1777080667-57671-large_default.webp","contentUrl":"https:\/\/www.domtechnikpro.com\/wp-content\/uploads\/2026\/SK0002489-CZ20260425-093107-0-1777080667-57671-large_default.webp","width":470,"height":470},{"@type":"BreadcrumbList","@id":"https:\/\/www.domtechnikpro.com\/index.php\/produkt\/mereo-wc-kombi-vario-kapotovan-yacute-rimless-v-269-etn-283-sed-aacute-tka-akcni-cena-56924\/#breadcrumb","itemListElement":[{"@type":"ListItem","position":1,"name":"Home","item":"https:\/\/www.domtechnikpro.com\/"},{"@type":"ListItem","position":2,"name":"Products","item":"https:\/\/www.domtechnikpro.com\/products\/"},{"@type":"ListItem","position":3,"name":"MEREO | WC kombi | vario | kapotovan&yacute; | rimless | v&#269;etn&#283; sed&aacute;tka Ak\u010dn\u00ed Cena"}]},{"@type":"WebSite","@id":"https:\/\/www.domtechnikpro.com\/#website","url":"https:\/\/www.domtechnikpro.com\/","name":"Pr\u016fmyslov\u00e9 vybaven\u00ed a p\u0159\u00edslu\u0161enstv\u00ed","description":"Pr\u016fmyslov\u00e9 vybaven\u00ed a p\u0159\u00edslu\u0161enstv\u00ed","publisher":{"@id":"https:\/\/www.domtechnikpro.com\/#organization"},"potentialAction":[{"@type":"SearchAction","target":{"@type":"EntryPoint","urlTemplate":"https:\/\/www.domtechnikpro.com\/?s={search_term_string}"},"query-input":{"@type":"PropertyValueSpecification","valueRequired":true,"valueName":"search_term_string"}}],"inLanguage":"cs"},{"@type":"Organization","@id":"https:\/\/www.domtechnikpro.com\/#organization","name":"Pr\u016fmyslov\u00e9 vybaven\u00ed a p\u0159\u00edslu\u0161enstv\u00ed","url":"https:\/\/www.domtechnikpro.com\/","logo":{"@type":"ImageObject","inLanguage":"cs","@id":"https:\/\/www.domtechnikpro.com\/#\/schema\/logo\/image\/","url":"https:\/\/www.domtechnikpro.com\/wp-content\/uploads\/2026\/04\/domtechnikpro_logo_full.svg","contentUrl":"https:\/\/www.domtechnikpro.com\/wp-content\/uploads\/2026\/04\/domtechnikpro_logo_full.svg","width":920,"height":180,"caption":"Pr\u016fmyslov\u00e9 vybaven\u00ed a p\u0159\u00edslu\u0161enstv\u00ed"},"image":{"@id":"https:\/\/www.domtechnikpro.com\/#\/schema\/logo\/image\/"}}]}},"_links":{"self":[{"href":"https:\/\/www.domtechnikpro.com\/wp-json\/wp\/v2\/product\/56924","targetHints":{"allow":["GET"]}}],"collection":[{"href":"https:\/\/www.domtechnikpro.com\/wp-json\/wp\/v2\/product"}],"about":[{"href":"https:\/\/www.domtechnikpro.com\/wp-json\/wp\/v2\/types\/product"}],"replies":[{"embeddable":true,"href":"https:\/\/www.domtechnikpro.com\/wp-json\/wp\/v2\/comments?post=56924"}],"wp:featuredmedia":[{"embeddable":true,"href":"https:\/\/www.domtechnikpro.com\/wp-json\/wp\/v2\/media\/57024"}],"wp:attachment":[{"href":"https:\/\/www.domtechnikpro.com\/wp-json\/wp\/v2\/media?parent=56924"}],"wp:term":[{"taxonomy":"product_brand","embeddable":true,"href":"https:\/\/www.domtechnikpro.com\/wp-json\/wp\/v2\/product_brand?post=56924"},{"taxonomy":"product_cat","embeddable":true,"href":"https:\/\/www.domtechnikpro.com\/wp-json\/wp\/v2\/product_cat?post=56924"},{"taxonomy":"product_tag","embeddable":true,"href":"https:\/\/www.domtechnikpro.com\/wp-json\/wp\/v2\/product_tag?post=56924"}],"curies":[{"name":"wp","href":"https:\/\/api.w.org\/{rel}","templated":true}]}}