{"id":56338,"date":"2026-04-26T09:02:00","date_gmt":"2026-04-26T09:02:00","guid":{"rendered":""},"modified":"2026-04-26T09:02:00","modified_gmt":"2026-04-26T09:02:00","slug":"znackovy-profin-rvi-roh-vnit-345-n-iacute-b-iacute-l-aacute-1167-h-8mm-56338","status":"publish","type":"product","link":"https:\/\/www.domtechnikpro.com\/index.php\/produkt\/znackovy-profin-rvi-roh-vnit-345-n-iacute-b-iacute-l-aacute-1167-h-8mm-56338\/","title":{"rendered":"Zna\u010dkov\u00fd PROFIN | RVI | roh vnit&#345;n&iacute; | b&iacute;l&aacute;=1167 | H=8mm"},"content":{"rendered":"<p><!-- More info -->\t\t\t\t\t<\/p>\n<section id=\"idTab1\" class=\"page-product-box tab-pane active\" role=\"tabpanel\" aria-labelledby=\"idTab1\">\t\t\t\t\t\t<!-- full description -->\t\t\t\t\t\t<\/p>\n<div class=\"rte\">Roh vnit\u0159n\u00ed obloukov\u00fd PVC<\/p>\n<p>Pou\u017e\u00edv\u00e1 se k vytvo\u0159en\u00ed vnit\u0159n\u00edho rohu p\u0159i spojen\u00ed dvou li\u0161t.<\/p>\n<p>Barevn\u00e9 proveden\u00ed: <br \/>terakota 2104<br \/>b\u00edl\u00e1 1187<br \/>bahama 0204<br \/>\u0161ed\u00e1 4431<br \/>jasm\u00edn 7499<br \/>karamel 0354<br \/>sv\u011btle hn\u011bd\u00e1 8603<br \/>hn\u011bd\u00e1 9281<\/div>\n<\/section>\n<p>\t\t\t\t\t<!--end  More info -->\t\t\t\t\t\t\t\t\t\t\t\t\t<!-- Data sheet -->\t\t\t\t\t<\/p>\n<section id=\"idTab2\" class=\"page-product-box tab-pane\" role=\"tabpanel\" aria-labelledby=\"idTab2\">\n<table class=\"table-data-sheet\">\n<tr class=\"odd\">\n<td>MATERI\u00c1L<\/td>\n<td>PLAST <\/td>\n<\/tr>\n<tr class=\"even\">\n<td>BARVA PVC<\/td>\n<td>b\u00edl\u00e1 | 1167 <\/td>\n<\/tr>\n<\/table>\n<\/section>\n<p>\t\t\t\t\t<!--end Data sheet -->\t\t\t\t\t\t\t\t\t\t\t\t\t\t\t\t\t\t\t\t\t\t\t\t\t\t\t<\/div>\n<\/p><\/div>\n<p><!--QTR Accessories --><\/p>\n","protected":false},"excerpt":{"rendered":"<p>Roh vnit\u0159n\u00ed obloukov\u00fd PVC Pou\u017e\u00edv\u00e1 se k vytvo\u0159en\u00ed vnit\u0159n\u00edho rohu p\u0159i spojen\u00ed dvou li\u0161t. Barevn\u00e9 proveden\u00ed: terakota 2104b\u00edl\u00e1 1187bahama 0204\u0161ed\u00e1 4431jasm\u00edn 7499karamel 0354sv\u011btle hn\u011bd\u00e1 8603hn\u011bd\u00e1 9281 MATERI\u00c1L PLAST BARVA PVC b\u00edl\u00e1 | 1167<\/p>\n","protected":false},"featured_media":56438,"comment_status":"open","ping_status":"open","template":"","meta":[],"product_brand":[],"product_cat":[179,178],"product_tag":[],"class_list":{"0":"post-56338","1":"product","2":"type-product","3":"status-publish","4":"has-post-thumbnail","6":"product_cat-li-scaron-ty","7":"product_cat-profily","9":"first","10":"instock","11":"sale","12":"shipping-taxable","13":"purchasable","14":"product-type-simple"},"yoast_head":"<!-- This site is optimized with the Yoast SEO plugin v26.8 - https:\/\/yoast.com\/product\/yoast-seo-wordpress\/ -->\n<title>Zna\u010dkov\u00fd PROFIN | RVI | roh vnit&#345;n&iacute; | b&iacute;l&aacute;=1167 | H=8mm -<\/title>\n<meta name=\"robots\" content=\"index, follow, max-snippet:-1, max-image-preview:large, max-video-preview:-1\" \/>\n<link rel=\"canonical\" href=\"https:\/\/www.domtechnikpro.com\/index.php\/produkt\/znackovy-profin-rvi-roh-vnit-345-n-iacute-b-iacute-l-aacute-1167-h-8mm-56338\/\" \/>\n<meta property=\"og:locale\" content=\"cs_CZ\" \/>\n<meta property=\"og:type\" content=\"article\" \/>\n<meta property=\"og:title\" content=\"Zna\u010dkov\u00fd PROFIN | RVI | roh vnit&#345;n&iacute; | b&iacute;l&aacute;=1167 | H=8mm -\" \/>\n<meta property=\"og:description\" content=\"Roh vnit\u0159n\u00ed obloukov\u00fd PVC Pou\u017e\u00edv\u00e1 se k vytvo\u0159en\u00ed vnit\u0159n\u00edho rohu p\u0159i spojen\u00ed dvou li\u0161t. Barevn\u00e9 proveden\u00ed: terakota 2104b\u00edl\u00e1 1187bahama 0204\u0161ed\u00e1 4431jasm\u00edn 7499karamel 0354sv\u011btle hn\u011bd\u00e1 8603hn\u011bd\u00e1 9281 MATERI\u00c1L PLAST BARVA PVC b\u00edl\u00e1 | 1167\" \/>\n<meta property=\"og:url\" content=\"https:\/\/www.domtechnikpro.com\/index.php\/produkt\/znackovy-profin-rvi-roh-vnit-345-n-iacute-b-iacute-l-aacute-1167-h-8mm-56338\/\" \/>\n<meta property=\"og:image\" content=\"https:\/\/www.domtechnikpro.com\/wp-content\/uploads\/2026\/SK0001966-CZ20260425-093107-0-1777080667-55338-large_default.webp\" \/>\n\t<meta property=\"og:image:width\" content=\"470\" \/>\n\t<meta property=\"og:image:height\" content=\"470\" \/>\n\t<meta property=\"og:image:type\" content=\"image\/webp\" \/>\n<meta name=\"twitter:card\" content=\"summary_large_image\" \/>\n<script type=\"application\/ld+json\" class=\"yoast-schema-graph\">{\"@context\":\"https:\/\/schema.org\",\"@graph\":[{\"@type\":\"WebPage\",\"@id\":\"https:\/\/www.domtechnikpro.com\/index.php\/produkt\/znackovy-profin-rvi-roh-vnit-345-n-iacute-b-iacute-l-aacute-1167-h-8mm-56338\/\",\"url\":\"https:\/\/www.domtechnikpro.com\/index.php\/produkt\/znackovy-profin-rvi-roh-vnit-345-n-iacute-b-iacute-l-aacute-1167-h-8mm-56338\/\",\"name\":\"Zna\u010dkov\u00fd PROFIN | RVI | roh vnit&#345;n&iacute; | b&iacute;l&aacute;=1167 | H=8mm -\",\"isPartOf\":{\"@id\":\"https:\/\/www.domtechnikpro.com\/#website\"},\"primaryImageOfPage\":{\"@id\":\"https:\/\/www.domtechnikpro.com\/index.php\/produkt\/znackovy-profin-rvi-roh-vnit-345-n-iacute-b-iacute-l-aacute-1167-h-8mm-56338\/#primaryimage\"},\"image\":{\"@id\":\"https:\/\/www.domtechnikpro.com\/index.php\/produkt\/znackovy-profin-rvi-roh-vnit-345-n-iacute-b-iacute-l-aacute-1167-h-8mm-56338\/#primaryimage\"},\"thumbnailUrl\":\"https:\/\/www.domtechnikpro.com\/wp-content\/uploads\/2026\/SK0001966-CZ20260425-093107-0-1777080667-55338-large_default.webp\",\"datePublished\":\"2026-04-26T09:02:00+00:00\",\"breadcrumb\":{\"@id\":\"https:\/\/www.domtechnikpro.com\/index.php\/produkt\/znackovy-profin-rvi-roh-vnit-345-n-iacute-b-iacute-l-aacute-1167-h-8mm-56338\/#breadcrumb\"},\"inLanguage\":\"cs\",\"potentialAction\":[{\"@type\":\"ReadAction\",\"target\":[\"https:\/\/www.domtechnikpro.com\/index.php\/produkt\/znackovy-profin-rvi-roh-vnit-345-n-iacute-b-iacute-l-aacute-1167-h-8mm-56338\/\"]}]},{\"@type\":\"ImageObject\",\"inLanguage\":\"cs\",\"@id\":\"https:\/\/www.domtechnikpro.com\/index.php\/produkt\/znackovy-profin-rvi-roh-vnit-345-n-iacute-b-iacute-l-aacute-1167-h-8mm-56338\/#primaryimage\",\"url\":\"https:\/\/www.domtechnikpro.com\/wp-content\/uploads\/2026\/SK0001966-CZ20260425-093107-0-1777080667-55338-large_default.webp\",\"contentUrl\":\"https:\/\/www.domtechnikpro.com\/wp-content\/uploads\/2026\/SK0001966-CZ20260425-093107-0-1777080667-55338-large_default.webp\",\"width\":470,\"height\":470},{\"@type\":\"BreadcrumbList\",\"@id\":\"https:\/\/www.domtechnikpro.com\/index.php\/produkt\/znackovy-profin-rvi-roh-vnit-345-n-iacute-b-iacute-l-aacute-1167-h-8mm-56338\/#breadcrumb\",\"itemListElement\":[{\"@type\":\"ListItem\",\"position\":1,\"name\":\"Home\",\"item\":\"https:\/\/www.domtechnikpro.com\/\"},{\"@type\":\"ListItem\",\"position\":2,\"name\":\"Products\",\"item\":\"https:\/\/www.domtechnikpro.com\/index.php\/products\/\"},{\"@type\":\"ListItem\",\"position\":3,\"name\":\"Zna\u010dkov\u00fd PROFIN | RVI | roh vnit&#345;n&iacute; | b&iacute;l&aacute;=1167 | H=8mm\"}]},{\"@type\":\"WebSite\",\"@id\":\"https:\/\/www.domtechnikpro.com\/#website\",\"url\":\"https:\/\/www.domtechnikpro.com\/\",\"name\":\"\",\"description\":\"\",\"potentialAction\":[{\"@type\":\"SearchAction\",\"target\":{\"@type\":\"EntryPoint\",\"urlTemplate\":\"https:\/\/www.domtechnikpro.com\/?s={search_term_string}\"},\"query-input\":{\"@type\":\"PropertyValueSpecification\",\"valueRequired\":true,\"valueName\":\"search_term_string\"}}],\"inLanguage\":\"cs\"}]}<\/script>\n<!-- \/ Yoast SEO plugin. -->","yoast_head_json":{"title":"Zna\u010dkov\u00fd PROFIN | RVI | roh vnit&#345;n&iacute; | b&iacute;l&aacute;=1167 | H=8mm -","robots":{"index":"index","follow":"follow","max-snippet":"max-snippet:-1","max-image-preview":"max-image-preview:large","max-video-preview":"max-video-preview:-1"},"canonical":"https:\/\/www.domtechnikpro.com\/index.php\/produkt\/znackovy-profin-rvi-roh-vnit-345-n-iacute-b-iacute-l-aacute-1167-h-8mm-56338\/","og_locale":"cs_CZ","og_type":"article","og_title":"Zna\u010dkov\u00fd PROFIN | RVI | roh vnit&#345;n&iacute; | b&iacute;l&aacute;=1167 | H=8mm -","og_description":"Roh vnit\u0159n\u00ed obloukov\u00fd PVC Pou\u017e\u00edv\u00e1 se k vytvo\u0159en\u00ed vnit\u0159n\u00edho rohu p\u0159i spojen\u00ed dvou li\u0161t. Barevn\u00e9 proveden\u00ed: terakota 2104b\u00edl\u00e1 1187bahama 0204\u0161ed\u00e1 4431jasm\u00edn 7499karamel 0354sv\u011btle hn\u011bd\u00e1 8603hn\u011bd\u00e1 9281 MATERI\u00c1L PLAST BARVA PVC b\u00edl\u00e1 | 1167","og_url":"https:\/\/www.domtechnikpro.com\/index.php\/produkt\/znackovy-profin-rvi-roh-vnit-345-n-iacute-b-iacute-l-aacute-1167-h-8mm-56338\/","og_image":[{"width":470,"height":470,"url":"https:\/\/www.domtechnikpro.com\/wp-content\/uploads\/2026\/SK0001966-CZ20260425-093107-0-1777080667-55338-large_default.webp","type":"image\/webp"}],"twitter_card":"summary_large_image","schema":{"@context":"https:\/\/schema.org","@graph":[{"@type":"WebPage","@id":"https:\/\/www.domtechnikpro.com\/index.php\/produkt\/znackovy-profin-rvi-roh-vnit-345-n-iacute-b-iacute-l-aacute-1167-h-8mm-56338\/","url":"https:\/\/www.domtechnikpro.com\/index.php\/produkt\/znackovy-profin-rvi-roh-vnit-345-n-iacute-b-iacute-l-aacute-1167-h-8mm-56338\/","name":"Zna\u010dkov\u00fd PROFIN | RVI | roh vnit&#345;n&iacute; | b&iacute;l&aacute;=1167 | H=8mm -","isPartOf":{"@id":"https:\/\/www.domtechnikpro.com\/#website"},"primaryImageOfPage":{"@id":"https:\/\/www.domtechnikpro.com\/index.php\/produkt\/znackovy-profin-rvi-roh-vnit-345-n-iacute-b-iacute-l-aacute-1167-h-8mm-56338\/#primaryimage"},"image":{"@id":"https:\/\/www.domtechnikpro.com\/index.php\/produkt\/znackovy-profin-rvi-roh-vnit-345-n-iacute-b-iacute-l-aacute-1167-h-8mm-56338\/#primaryimage"},"thumbnailUrl":"https:\/\/www.domtechnikpro.com\/wp-content\/uploads\/2026\/SK0001966-CZ20260425-093107-0-1777080667-55338-large_default.webp","datePublished":"2026-04-26T09:02:00+00:00","breadcrumb":{"@id":"https:\/\/www.domtechnikpro.com\/index.php\/produkt\/znackovy-profin-rvi-roh-vnit-345-n-iacute-b-iacute-l-aacute-1167-h-8mm-56338\/#breadcrumb"},"inLanguage":"cs","potentialAction":[{"@type":"ReadAction","target":["https:\/\/www.domtechnikpro.com\/index.php\/produkt\/znackovy-profin-rvi-roh-vnit-345-n-iacute-b-iacute-l-aacute-1167-h-8mm-56338\/"]}]},{"@type":"ImageObject","inLanguage":"cs","@id":"https:\/\/www.domtechnikpro.com\/index.php\/produkt\/znackovy-profin-rvi-roh-vnit-345-n-iacute-b-iacute-l-aacute-1167-h-8mm-56338\/#primaryimage","url":"https:\/\/www.domtechnikpro.com\/wp-content\/uploads\/2026\/SK0001966-CZ20260425-093107-0-1777080667-55338-large_default.webp","contentUrl":"https:\/\/www.domtechnikpro.com\/wp-content\/uploads\/2026\/SK0001966-CZ20260425-093107-0-1777080667-55338-large_default.webp","width":470,"height":470},{"@type":"BreadcrumbList","@id":"https:\/\/www.domtechnikpro.com\/index.php\/produkt\/znackovy-profin-rvi-roh-vnit-345-n-iacute-b-iacute-l-aacute-1167-h-8mm-56338\/#breadcrumb","itemListElement":[{"@type":"ListItem","position":1,"name":"Home","item":"https:\/\/www.domtechnikpro.com\/"},{"@type":"ListItem","position":2,"name":"Products","item":"https:\/\/www.domtechnikpro.com\/index.php\/products\/"},{"@type":"ListItem","position":3,"name":"Zna\u010dkov\u00fd PROFIN | RVI | roh vnit&#345;n&iacute; | b&iacute;l&aacute;=1167 | H=8mm"}]},{"@type":"WebSite","@id":"https:\/\/www.domtechnikpro.com\/#website","url":"https:\/\/www.domtechnikpro.com\/","name":"","description":"","potentialAction":[{"@type":"SearchAction","target":{"@type":"EntryPoint","urlTemplate":"https:\/\/www.domtechnikpro.com\/?s={search_term_string}"},"query-input":{"@type":"PropertyValueSpecification","valueRequired":true,"valueName":"search_term_string"}}],"inLanguage":"cs"}]}},"_links":{"self":[{"href":"https:\/\/www.domtechnikpro.com\/index.php\/wp-json\/wp\/v2\/product\/56338","targetHints":{"allow":["GET"]}}],"collection":[{"href":"https:\/\/www.domtechnikpro.com\/index.php\/wp-json\/wp\/v2\/product"}],"about":[{"href":"https:\/\/www.domtechnikpro.com\/index.php\/wp-json\/wp\/v2\/types\/product"}],"replies":[{"embeddable":true,"href":"https:\/\/www.domtechnikpro.com\/index.php\/wp-json\/wp\/v2\/comments?post=56338"}],"wp:featuredmedia":[{"embeddable":true,"href":"https:\/\/www.domtechnikpro.com\/index.php\/wp-json\/wp\/v2\/media\/56438"}],"wp:attachment":[{"href":"https:\/\/www.domtechnikpro.com\/index.php\/wp-json\/wp\/v2\/media?parent=56338"}],"wp:term":[{"taxonomy":"product_brand","embeddable":true,"href":"https:\/\/www.domtechnikpro.com\/index.php\/wp-json\/wp\/v2\/product_brand?post=56338"},{"taxonomy":"product_cat","embeddable":true,"href":"https:\/\/www.domtechnikpro.com\/index.php\/wp-json\/wp\/v2\/product_cat?post=56338"},{"taxonomy":"product_tag","embeddable":true,"href":"https:\/\/www.domtechnikpro.com\/index.php\/wp-json\/wp\/v2\/product_tag?post=56338"}],"curies":[{"name":"wp","href":"https:\/\/api.w.org\/{rel}","templated":true}]}}