{"id":55745,"date":"2026-04-26T09:01:53","date_gmt":"2026-04-26T09:01:53","guid":{"rendered":""},"modified":"2026-04-26T09:01:53","modified_gmt":"2026-04-26T09:01:53","slug":"mereo-no-382-i-269-ky-pro-vani-269-ky-z-lit-eacute-ho-mramoru-8-ks-4-4-pro-cv77m-akcni-nabidka-55745","status":"publish","type":"product","link":"https:\/\/www.domtechnikpro.com\/index.php\/produkt\/mereo-no-382-i-269-ky-pro-vani-269-ky-z-lit-eacute-ho-mramoru-8-ks-4-4-pro-cv77m-akcni-nabidka-55745\/","title":{"rendered":"MEREO | No&#382;i&#269;ky pro vani&#269;ky z lit&eacute;ho mramoru &#8211; 8 ks\/4+4\/ (pro CV77M) Ak\u010dn\u00ed Nab\u00eddka"},"content":{"rendered":"<p><!-- More info -->\t\t\t\t\t<\/p>\n<section id=\"idTab1\" class=\"page-product-box tab-pane active\" role=\"tabpanel\" aria-labelledby=\"idTab1\">\t\t\t\t\t\t<!-- full description -->\t\t\t\t\t\t<\/p>\n<div class=\"rte\">V\u00fd\u0161kov\u011b staviteln\u00e9 no\u017ei\u010dky pro vani\u010dky z lit\u00e9ho mramoru, stavitelnost od 91 do 115 mm.<\/p>\n<\/div>\n<\/section>\n<p>\t\t\t\t\t<!--end  More info -->\t\t\t\t\t\t\t\t\t\t\t\t\t\t\t\t\t\t\t\t\t<!--Download -->\t\t\t\t\t<\/p>\n<section id=\"idTab4\" class=\"page-product-box tab-pane\" role=\"tabpanel\" aria-labelledby=\"idTab4\">\n<div class=\"row\">\n<div class=\"col-lg-4\">\n<h4>Lit<\/h4>\n<p class=\"text-muted\">Soubor<\/p>\n<p>\t\t\t\t\t\t\t\t\t\t\t\t\t\t\t\t\t\t\t<i class=\"fa fa-download\"><\/i>\t\t\t\t\t\t\t\t\t\tKe sta\u017een&iacute; (2.84M)\t\t\t\t\t\t\t\t\t\t\t\t\t\t\t\t\t\t<\/p>\n<hr \/><\/div>\n<\/p><\/div>\n<\/section>\n<p>\t\t\t\t\t<!--end Download -->\t\t\t\t\t\t\t\t\t\t\t\t\t\t\t\t\t\t\t<\/div>\n<\/p><\/div>\n<p><!--QTR Accessories --><\/p>\n","protected":false},"excerpt":{"rendered":"<p>V\u00fd\u0161kov\u011b staviteln\u00e9 no\u017ei\u010dky pro vani\u010dky z lit\u00e9ho mramoru, stavitelnost od 91 do 115 mm. Lit Soubor Ke sta\u017een&iacute; (2.84M)<\/p>\n","protected":false},"featured_media":55845,"comment_status":"open","ping_status":"open","template":"","meta":[],"product_brand":[],"product_cat":[172],"product_tag":[],"class_list":{"0":"post-55745","1":"product","2":"type-product","3":"status-publish","4":"has-post-thumbnail","6":"product_cat-sanit-aacute-rn-iacute-vybaven-iacute","8":"first","9":"instock","10":"sale","11":"shipping-taxable","12":"purchasable","13":"product-type-simple"},"yoast_head":"<!-- This site is optimized with the Yoast SEO plugin v26.8 - https:\/\/yoast.com\/product\/yoast-seo-wordpress\/ -->\n<title>MEREO | No&#382;i&#269;ky pro vani&#269;ky z lit&eacute;ho mramoru - 8 ks\/4+4\/ (pro CV77M) Ak\u010dn\u00ed Nab\u00eddka -<\/title>\n<meta name=\"robots\" content=\"index, follow, max-snippet:-1, max-image-preview:large, max-video-preview:-1\" \/>\n<link rel=\"canonical\" href=\"https:\/\/www.domtechnikpro.com\/index.php\/produkt\/mereo-no-382-i-269-ky-pro-vani-269-ky-z-lit-eacute-ho-mramoru-8-ks-4-4-pro-cv77m-akcni-nabidka-55745\/\" \/>\n<meta property=\"og:locale\" content=\"cs_CZ\" \/>\n<meta property=\"og:type\" content=\"article\" \/>\n<meta property=\"og:title\" content=\"MEREO | No&#382;i&#269;ky pro vani&#269;ky z lit&eacute;ho mramoru - 8 ks\/4+4\/ (pro CV77M) Ak\u010dn\u00ed Nab\u00eddka -\" \/>\n<meta property=\"og:description\" content=\"V\u00fd\u0161kov\u011b staviteln\u00e9 no\u017ei\u010dky pro vani\u010dky z lit\u00e9ho mramoru, stavitelnost od 91 do 115 mm. Lit Soubor Ke sta\u017een&iacute; (2.84M)\" \/>\n<meta property=\"og:url\" content=\"https:\/\/www.domtechnikpro.com\/index.php\/produkt\/mereo-no-382-i-269-ky-pro-vani-269-ky-z-lit-eacute-ho-mramoru-8-ks-4-4-pro-cv77m-akcni-nabidka-55745\/\" \/>\n<meta property=\"og:image\" content=\"https:\/\/www.domtechnikpro.com\/wp-content\/uploads\/2026\/SK0001419-CZ20260425-093107-0-1777080667-59488-large_default.webp\" \/>\n\t<meta property=\"og:image:width\" content=\"470\" \/>\n\t<meta property=\"og:image:height\" content=\"470\" \/>\n\t<meta property=\"og:image:type\" content=\"image\/webp\" \/>\n<meta name=\"twitter:card\" content=\"summary_large_image\" \/>\n<script type=\"application\/ld+json\" class=\"yoast-schema-graph\">{\"@context\":\"https:\/\/schema.org\",\"@graph\":[{\"@type\":\"WebPage\",\"@id\":\"https:\/\/www.domtechnikpro.com\/index.php\/produkt\/mereo-no-382-i-269-ky-pro-vani-269-ky-z-lit-eacute-ho-mramoru-8-ks-4-4-pro-cv77m-akcni-nabidka-55745\/\",\"url\":\"https:\/\/www.domtechnikpro.com\/index.php\/produkt\/mereo-no-382-i-269-ky-pro-vani-269-ky-z-lit-eacute-ho-mramoru-8-ks-4-4-pro-cv77m-akcni-nabidka-55745\/\",\"name\":\"MEREO | No&#382;i&#269;ky pro vani&#269;ky z lit&eacute;ho mramoru - 8 ks\/4+4\/ (pro CV77M) Ak\u010dn\u00ed Nab\u00eddka -\",\"isPartOf\":{\"@id\":\"https:\/\/www.domtechnikpro.com\/#website\"},\"primaryImageOfPage\":{\"@id\":\"https:\/\/www.domtechnikpro.com\/index.php\/produkt\/mereo-no-382-i-269-ky-pro-vani-269-ky-z-lit-eacute-ho-mramoru-8-ks-4-4-pro-cv77m-akcni-nabidka-55745\/#primaryimage\"},\"image\":{\"@id\":\"https:\/\/www.domtechnikpro.com\/index.php\/produkt\/mereo-no-382-i-269-ky-pro-vani-269-ky-z-lit-eacute-ho-mramoru-8-ks-4-4-pro-cv77m-akcni-nabidka-55745\/#primaryimage\"},\"thumbnailUrl\":\"https:\/\/www.domtechnikpro.com\/wp-content\/uploads\/2026\/SK0001419-CZ20260425-093107-0-1777080667-59488-large_default.webp\",\"datePublished\":\"2026-04-26T09:01:53+00:00\",\"breadcrumb\":{\"@id\":\"https:\/\/www.domtechnikpro.com\/index.php\/produkt\/mereo-no-382-i-269-ky-pro-vani-269-ky-z-lit-eacute-ho-mramoru-8-ks-4-4-pro-cv77m-akcni-nabidka-55745\/#breadcrumb\"},\"inLanguage\":\"cs\",\"potentialAction\":[{\"@type\":\"ReadAction\",\"target\":[\"https:\/\/www.domtechnikpro.com\/index.php\/produkt\/mereo-no-382-i-269-ky-pro-vani-269-ky-z-lit-eacute-ho-mramoru-8-ks-4-4-pro-cv77m-akcni-nabidka-55745\/\"]}]},{\"@type\":\"ImageObject\",\"inLanguage\":\"cs\",\"@id\":\"https:\/\/www.domtechnikpro.com\/index.php\/produkt\/mereo-no-382-i-269-ky-pro-vani-269-ky-z-lit-eacute-ho-mramoru-8-ks-4-4-pro-cv77m-akcni-nabidka-55745\/#primaryimage\",\"url\":\"https:\/\/www.domtechnikpro.com\/wp-content\/uploads\/2026\/SK0001419-CZ20260425-093107-0-1777080667-59488-large_default.webp\",\"contentUrl\":\"https:\/\/www.domtechnikpro.com\/wp-content\/uploads\/2026\/SK0001419-CZ20260425-093107-0-1777080667-59488-large_default.webp\",\"width\":470,\"height\":470},{\"@type\":\"BreadcrumbList\",\"@id\":\"https:\/\/www.domtechnikpro.com\/index.php\/produkt\/mereo-no-382-i-269-ky-pro-vani-269-ky-z-lit-eacute-ho-mramoru-8-ks-4-4-pro-cv77m-akcni-nabidka-55745\/#breadcrumb\",\"itemListElement\":[{\"@type\":\"ListItem\",\"position\":1,\"name\":\"Home\",\"item\":\"https:\/\/www.domtechnikpro.com\/\"},{\"@type\":\"ListItem\",\"position\":2,\"name\":\"Products\",\"item\":\"https:\/\/www.domtechnikpro.com\/index.php\/products\/\"},{\"@type\":\"ListItem\",\"position\":3,\"name\":\"MEREO | No&#382;i&#269;ky pro vani&#269;ky z lit&eacute;ho mramoru &#8211; 8 ks\/4+4\/ (pro CV77M) Ak\u010dn\u00ed Nab\u00eddka\"}]},{\"@type\":\"WebSite\",\"@id\":\"https:\/\/www.domtechnikpro.com\/#website\",\"url\":\"https:\/\/www.domtechnikpro.com\/\",\"name\":\"\",\"description\":\"\",\"potentialAction\":[{\"@type\":\"SearchAction\",\"target\":{\"@type\":\"EntryPoint\",\"urlTemplate\":\"https:\/\/www.domtechnikpro.com\/?s={search_term_string}\"},\"query-input\":{\"@type\":\"PropertyValueSpecification\",\"valueRequired\":true,\"valueName\":\"search_term_string\"}}],\"inLanguage\":\"cs\"}]}<\/script>\n<!-- \/ Yoast SEO plugin. -->","yoast_head_json":{"title":"MEREO | No&#382;i&#269;ky pro vani&#269;ky z lit&eacute;ho mramoru - 8 ks\/4+4\/ (pro CV77M) Ak\u010dn\u00ed Nab\u00eddka -","robots":{"index":"index","follow":"follow","max-snippet":"max-snippet:-1","max-image-preview":"max-image-preview:large","max-video-preview":"max-video-preview:-1"},"canonical":"https:\/\/www.domtechnikpro.com\/index.php\/produkt\/mereo-no-382-i-269-ky-pro-vani-269-ky-z-lit-eacute-ho-mramoru-8-ks-4-4-pro-cv77m-akcni-nabidka-55745\/","og_locale":"cs_CZ","og_type":"article","og_title":"MEREO | No&#382;i&#269;ky pro vani&#269;ky z lit&eacute;ho mramoru - 8 ks\/4+4\/ (pro CV77M) Ak\u010dn\u00ed Nab\u00eddka -","og_description":"V\u00fd\u0161kov\u011b staviteln\u00e9 no\u017ei\u010dky pro vani\u010dky z lit\u00e9ho mramoru, stavitelnost od 91 do 115 mm. Lit Soubor Ke sta\u017een&iacute; (2.84M)","og_url":"https:\/\/www.domtechnikpro.com\/index.php\/produkt\/mereo-no-382-i-269-ky-pro-vani-269-ky-z-lit-eacute-ho-mramoru-8-ks-4-4-pro-cv77m-akcni-nabidka-55745\/","og_image":[{"width":470,"height":470,"url":"https:\/\/www.domtechnikpro.com\/wp-content\/uploads\/2026\/SK0001419-CZ20260425-093107-0-1777080667-59488-large_default.webp","type":"image\/webp"}],"twitter_card":"summary_large_image","schema":{"@context":"https:\/\/schema.org","@graph":[{"@type":"WebPage","@id":"https:\/\/www.domtechnikpro.com\/index.php\/produkt\/mereo-no-382-i-269-ky-pro-vani-269-ky-z-lit-eacute-ho-mramoru-8-ks-4-4-pro-cv77m-akcni-nabidka-55745\/","url":"https:\/\/www.domtechnikpro.com\/index.php\/produkt\/mereo-no-382-i-269-ky-pro-vani-269-ky-z-lit-eacute-ho-mramoru-8-ks-4-4-pro-cv77m-akcni-nabidka-55745\/","name":"MEREO | No&#382;i&#269;ky pro vani&#269;ky z lit&eacute;ho mramoru - 8 ks\/4+4\/ (pro CV77M) Ak\u010dn\u00ed Nab\u00eddka -","isPartOf":{"@id":"https:\/\/www.domtechnikpro.com\/#website"},"primaryImageOfPage":{"@id":"https:\/\/www.domtechnikpro.com\/index.php\/produkt\/mereo-no-382-i-269-ky-pro-vani-269-ky-z-lit-eacute-ho-mramoru-8-ks-4-4-pro-cv77m-akcni-nabidka-55745\/#primaryimage"},"image":{"@id":"https:\/\/www.domtechnikpro.com\/index.php\/produkt\/mereo-no-382-i-269-ky-pro-vani-269-ky-z-lit-eacute-ho-mramoru-8-ks-4-4-pro-cv77m-akcni-nabidka-55745\/#primaryimage"},"thumbnailUrl":"https:\/\/www.domtechnikpro.com\/wp-content\/uploads\/2026\/SK0001419-CZ20260425-093107-0-1777080667-59488-large_default.webp","datePublished":"2026-04-26T09:01:53+00:00","breadcrumb":{"@id":"https:\/\/www.domtechnikpro.com\/index.php\/produkt\/mereo-no-382-i-269-ky-pro-vani-269-ky-z-lit-eacute-ho-mramoru-8-ks-4-4-pro-cv77m-akcni-nabidka-55745\/#breadcrumb"},"inLanguage":"cs","potentialAction":[{"@type":"ReadAction","target":["https:\/\/www.domtechnikpro.com\/index.php\/produkt\/mereo-no-382-i-269-ky-pro-vani-269-ky-z-lit-eacute-ho-mramoru-8-ks-4-4-pro-cv77m-akcni-nabidka-55745\/"]}]},{"@type":"ImageObject","inLanguage":"cs","@id":"https:\/\/www.domtechnikpro.com\/index.php\/produkt\/mereo-no-382-i-269-ky-pro-vani-269-ky-z-lit-eacute-ho-mramoru-8-ks-4-4-pro-cv77m-akcni-nabidka-55745\/#primaryimage","url":"https:\/\/www.domtechnikpro.com\/wp-content\/uploads\/2026\/SK0001419-CZ20260425-093107-0-1777080667-59488-large_default.webp","contentUrl":"https:\/\/www.domtechnikpro.com\/wp-content\/uploads\/2026\/SK0001419-CZ20260425-093107-0-1777080667-59488-large_default.webp","width":470,"height":470},{"@type":"BreadcrumbList","@id":"https:\/\/www.domtechnikpro.com\/index.php\/produkt\/mereo-no-382-i-269-ky-pro-vani-269-ky-z-lit-eacute-ho-mramoru-8-ks-4-4-pro-cv77m-akcni-nabidka-55745\/#breadcrumb","itemListElement":[{"@type":"ListItem","position":1,"name":"Home","item":"https:\/\/www.domtechnikpro.com\/"},{"@type":"ListItem","position":2,"name":"Products","item":"https:\/\/www.domtechnikpro.com\/index.php\/products\/"},{"@type":"ListItem","position":3,"name":"MEREO | No&#382;i&#269;ky pro vani&#269;ky z lit&eacute;ho mramoru &#8211; 8 ks\/4+4\/ (pro CV77M) Ak\u010dn\u00ed Nab\u00eddka"}]},{"@type":"WebSite","@id":"https:\/\/www.domtechnikpro.com\/#website","url":"https:\/\/www.domtechnikpro.com\/","name":"","description":"","potentialAction":[{"@type":"SearchAction","target":{"@type":"EntryPoint","urlTemplate":"https:\/\/www.domtechnikpro.com\/?s={search_term_string}"},"query-input":{"@type":"PropertyValueSpecification","valueRequired":true,"valueName":"search_term_string"}}],"inLanguage":"cs"}]}},"_links":{"self":[{"href":"https:\/\/www.domtechnikpro.com\/index.php\/wp-json\/wp\/v2\/product\/55745","targetHints":{"allow":["GET"]}}],"collection":[{"href":"https:\/\/www.domtechnikpro.com\/index.php\/wp-json\/wp\/v2\/product"}],"about":[{"href":"https:\/\/www.domtechnikpro.com\/index.php\/wp-json\/wp\/v2\/types\/product"}],"replies":[{"embeddable":true,"href":"https:\/\/www.domtechnikpro.com\/index.php\/wp-json\/wp\/v2\/comments?post=55745"}],"wp:featuredmedia":[{"embeddable":true,"href":"https:\/\/www.domtechnikpro.com\/index.php\/wp-json\/wp\/v2\/media\/55845"}],"wp:attachment":[{"href":"https:\/\/www.domtechnikpro.com\/index.php\/wp-json\/wp\/v2\/media?parent=55745"}],"wp:term":[{"taxonomy":"product_brand","embeddable":true,"href":"https:\/\/www.domtechnikpro.com\/index.php\/wp-json\/wp\/v2\/product_brand?post=55745"},{"taxonomy":"product_cat","embeddable":true,"href":"https:\/\/www.domtechnikpro.com\/index.php\/wp-json\/wp\/v2\/product_cat?post=55745"},{"taxonomy":"product_tag","embeddable":true,"href":"https:\/\/www.domtechnikpro.com\/index.php\/wp-json\/wp\/v2\/product_tag?post=55745"}],"curies":[{"name":"wp","href":"https:\/\/api.w.org\/{rel}","templated":true}]}}