{"id":55733,"date":"2026-04-26T09:01:53","date_gmt":"2026-04-26T09:01:53","guid":{"rendered":""},"modified":"2026-04-26T09:01:53","modified_gmt":"2026-04-26T09:01:53","slug":"cenova-bomba-tritato-blanco-25x25-01s-r9-55733","status":"publish","type":"product","link":"https:\/\/www.domtechnikpro.com\/index.php\/produkt\/cenova-bomba-tritato-blanco-25x25-01s-r9-55733\/","title":{"rendered":"Cenov\u00e1 Bomba TRITATO blanco 25&#215;25 | 01S | R9"},"content":{"rendered":"<p><!-- More info -->\t\t\t\t\t<\/p>\n<section id=\"idTab1\" class=\"page-product-box tab-pane active\" role=\"tabpanel\" aria-labelledby=\"idTab1\">\t\t\t\t\t\t<!-- full description -->\t\t\t\t\t\t<\/p>\n<div class=\"rte\">Jemn\u00e1 matn\u00e1 dla\u017eba v mal\u00e9m form\u00e1tu. P\u0159i seskl\u00e1d\u00e1n\u00ed v\u00edce kus\u016f dla\u017edic k sob\u011b vznikaj\u00ed zaj\u00edmav\u00e9 celistv\u00e9 geometick\u00e9 tvary.<\/p>\n<p>Keramick\u00e9 obklady a dla\u017eby v RETRO stylu jsou velice m\u00f3dn\u00ed a designov\u00fd prvek. RETRO design si zakl\u00e1d\u00e1 na pestr\u00e9m zdoben\u00ed, geometrick\u00fdch tvarech a v kombinaci s klasick\u00fdmi obklady vdechnou va\u0161im realizac\u00edm unik\u00e1tn\u00ed vzhled.<\/p><\/div>\n<\/section>\n<p>\t\t\t\t\t<!--end  More info -->\t\t\t\t\t\t\t\t\t\t\t\t\t<!-- Data sheet -->\t\t\t\t\t<\/p>\n<section id=\"idTab2\" class=\"page-product-box tab-pane\" role=\"tabpanel\" aria-labelledby=\"idTab2\">\n<table class=\"table-data-sheet\">\n<tr class=\"odd\">\n<td>POVRCHOV\u00c1 \u00daPRAVA<\/td>\n<td>mat <\/td>\n<\/tr>\n<tr class=\"even\">\n<td>FORM\u00c1T | ROZM\u011aR<\/td>\n<td>MF = mal\u00fd form\u00e1t = M <\/td>\n<\/tr>\n<tr class=\"odd\">\n<td>ODOLNOST | ZAT\u00cd\u017dEN\u00cd<\/td>\n<td>PEI 4 <\/td>\n<\/tr>\n<tr class=\"even\">\n<td>PROTISKLUZNOST | HRUBOST<\/td>\n<td>R9 <\/td>\n<\/tr>\n<tr class=\"odd\">\n<td>TYP | POU\u017dIT\u00cd<\/td>\n<td>dla\u017eba &#8211; podlaha | st\u011bna <\/td>\n<\/tr>\n<tr class=\"even\">\n<td>REKTIFIKACE<\/td>\n<td>Ne <\/td>\n<\/tr>\n<tr class=\"odd\">\n<td>JAKOST<\/td>\n<td>01S <\/td>\n<\/tr>\n<tr class=\"even\">\n<td>VARIABILITA | ROZD\u00cdLNOST<\/td>\n<td>V3 <\/td>\n<\/tr>\n<tr class=\"odd\">\n<td>VZHLED | IMITACE<\/td>\n<td>jednobarva , k\u00e1men <\/td>\n<\/tr>\n<tr class=\"even\">\n<td>MRAZUVZDORNOST | EXTERI\u00c9R<\/td>\n<td>Ne <\/td>\n<\/tr>\n<tr class=\"odd\">\n<td>MOHS | TVRDOST<\/td>\n<td>6 <\/td>\n<\/tr>\n<\/table>\n<\/section>\n<p>\t\t\t\t\t<!--end Data sheet -->\t\t\t\t\t\t\t\t\t\t\t\t\t\t\t\t\t<!--Download -->\t\t\t\t\t<\/p>\n<section id=\"idTab4\" class=\"page-product-box tab-pane\" role=\"tabpanel\" aria-labelledby=\"idTab4\">\n<div class=\"row\">\n<div class=\"col-lg-4\">\n<h4>Keros-TRITATO_BLANCO.pdf<\/h4>\n<p class=\"text-muted\">Soubor<\/p>\n<p>\t\t\t\t\t\t\t\t\t\t\t\t\t\t\t\t\t\t\t<i class=\"fa fa-download\"><\/i>\t\t\t\t\t\t\t\t\t\tKe sta\u017een&iacute; (464.63k)\t\t\t\t\t\t\t\t\t\t\t\t\t\t\t\t\t\t<\/p>\n<hr \/><\/div>\n<div class=\"col-lg-4\">\n<h4>Keros-TRITATO-komplet.pdf<\/h4>\n<p class=\"text-muted\">Soubor (1)<\/p>\n<p>\t\t\t\t\t\t\t\t\t\t\t\t\t\t\t\t\t\t\t<i class=\"fa fa-download\"><\/i>\t\t\t\t\t\t\t\t\t\tKe sta\u017een&iacute; (1.6M)\t\t\t\t\t\t\t\t\t\t\t\t\t\t\t\t\t\t<\/p>\n<hr \/><\/div>\n<\/p><\/div>\n<\/section>\n<p>\t\t\t\t\t<!--end Download -->\t\t\t\t\t\t\t\t\t\t\t\t\t\t\t\t\t\t\t<\/div>\n<\/p><\/div>\n<p><!--QTR Accessories --><\/p>\n","protected":false},"excerpt":{"rendered":"<p>Jemn\u00e1 matn\u00e1 dla\u017eba v mal\u00e9m form\u00e1tu. P\u0159i seskl\u00e1d\u00e1n\u00ed v\u00edce kus\u016f dla\u017edic k sob\u011b vznikaj\u00ed zaj\u00edmav\u00e9 celistv\u00e9 geometick\u00e9 tvary. Keramick\u00e9 obklady a dla\u017eby v RETRO stylu jsou velice m\u00f3dn\u00ed a designov\u00fd prvek. RETRO design si zakl\u00e1d\u00e1 na pestr\u00e9m zdoben\u00ed, geometrick\u00fdch tvarech a v kombinaci s klasick\u00fdmi obklady vdechnou va\u0161im realizac\u00edm unik\u00e1tn\u00ed vzhled. POVRCHOV\u00c1 \u00daPRAVA mat FORM\u00c1T [&hellip;]<\/p>\n","protected":false},"featured_media":55833,"comment_status":"open","ping_status":"open","template":"","meta":[],"product_brand":[],"product_cat":[176,175],"product_tag":[],"class_list":{"0":"post-55733","1":"product","2":"type-product","3":"status-publish","4":"has-post-thumbnail","6":"product_cat-dlazby","7":"product_cat-obklady","9":"first","10":"instock","11":"sale","12":"shipping-taxable","13":"purchasable","14":"product-type-simple"},"yoast_head":"<!-- This site is optimized with the Yoast SEO plugin v26.8 - https:\/\/yoast.com\/product\/yoast-seo-wordpress\/ -->\n<title>Cenov\u00e1 Bomba TRITATO blanco 25x25 | 01S | R9 -<\/title>\n<meta name=\"robots\" content=\"index, follow, max-snippet:-1, max-image-preview:large, max-video-preview:-1\" \/>\n<link rel=\"canonical\" href=\"https:\/\/www.domtechnikpro.com\/index.php\/produkt\/cenova-bomba-tritato-blanco-25x25-01s-r9-55733\/\" \/>\n<meta property=\"og:locale\" content=\"cs_CZ\" \/>\n<meta property=\"og:type\" content=\"article\" \/>\n<meta property=\"og:title\" content=\"Cenov\u00e1 Bomba TRITATO blanco 25x25 | 01S | R9 -\" \/>\n<meta property=\"og:description\" content=\"Jemn\u00e1 matn\u00e1 dla\u017eba v mal\u00e9m form\u00e1tu. P\u0159i seskl\u00e1d\u00e1n\u00ed v\u00edce kus\u016f dla\u017edic k sob\u011b vznikaj\u00ed zaj\u00edmav\u00e9 celistv\u00e9 geometick\u00e9 tvary. Keramick\u00e9 obklady a dla\u017eby v RETRO stylu jsou velice m\u00f3dn\u00ed a designov\u00fd prvek. RETRO design si zakl\u00e1d\u00e1 na pestr\u00e9m zdoben\u00ed, geometrick\u00fdch tvarech a v kombinaci s klasick\u00fdmi obklady vdechnou va\u0161im realizac\u00edm unik\u00e1tn\u00ed vzhled. POVRCHOV\u00c1 \u00daPRAVA mat FORM\u00c1T [&hellip;]\" \/>\n<meta property=\"og:url\" content=\"https:\/\/www.domtechnikpro.com\/index.php\/produkt\/cenova-bomba-tritato-blanco-25x25-01s-r9-55733\/\" \/>\n<meta property=\"og:image\" content=\"https:\/\/www.domtechnikpro.com\/wp-content\/uploads\/2026\/SK0001404-CZ20260425-093107-0-1777080667-52434-large_default.webp\" \/>\n\t<meta property=\"og:image:width\" content=\"470\" \/>\n\t<meta property=\"og:image:height\" content=\"470\" \/>\n\t<meta property=\"og:image:type\" content=\"image\/webp\" \/>\n<meta name=\"twitter:card\" content=\"summary_large_image\" \/>\n<meta name=\"twitter:label1\" content=\"Odhadovan\u00e1 doba \u010dten\u00ed\" \/>\n\t<meta name=\"twitter:data1\" content=\"1 minuta\" \/>\n<script type=\"application\/ld+json\" class=\"yoast-schema-graph\">{\"@context\":\"https:\/\/schema.org\",\"@graph\":[{\"@type\":\"WebPage\",\"@id\":\"https:\/\/www.domtechnikpro.com\/index.php\/produkt\/cenova-bomba-tritato-blanco-25x25-01s-r9-55733\/\",\"url\":\"https:\/\/www.domtechnikpro.com\/index.php\/produkt\/cenova-bomba-tritato-blanco-25x25-01s-r9-55733\/\",\"name\":\"Cenov\u00e1 Bomba TRITATO blanco 25x25 | 01S | R9 -\",\"isPartOf\":{\"@id\":\"https:\/\/www.domtechnikpro.com\/#website\"},\"primaryImageOfPage\":{\"@id\":\"https:\/\/www.domtechnikpro.com\/index.php\/produkt\/cenova-bomba-tritato-blanco-25x25-01s-r9-55733\/#primaryimage\"},\"image\":{\"@id\":\"https:\/\/www.domtechnikpro.com\/index.php\/produkt\/cenova-bomba-tritato-blanco-25x25-01s-r9-55733\/#primaryimage\"},\"thumbnailUrl\":\"https:\/\/www.domtechnikpro.com\/wp-content\/uploads\/2026\/SK0001404-CZ20260425-093107-0-1777080667-52434-large_default.webp\",\"datePublished\":\"2026-04-26T09:01:53+00:00\",\"breadcrumb\":{\"@id\":\"https:\/\/www.domtechnikpro.com\/index.php\/produkt\/cenova-bomba-tritato-blanco-25x25-01s-r9-55733\/#breadcrumb\"},\"inLanguage\":\"cs\",\"potentialAction\":[{\"@type\":\"ReadAction\",\"target\":[\"https:\/\/www.domtechnikpro.com\/index.php\/produkt\/cenova-bomba-tritato-blanco-25x25-01s-r9-55733\/\"]}]},{\"@type\":\"ImageObject\",\"inLanguage\":\"cs\",\"@id\":\"https:\/\/www.domtechnikpro.com\/index.php\/produkt\/cenova-bomba-tritato-blanco-25x25-01s-r9-55733\/#primaryimage\",\"url\":\"https:\/\/www.domtechnikpro.com\/wp-content\/uploads\/2026\/SK0001404-CZ20260425-093107-0-1777080667-52434-large_default.webp\",\"contentUrl\":\"https:\/\/www.domtechnikpro.com\/wp-content\/uploads\/2026\/SK0001404-CZ20260425-093107-0-1777080667-52434-large_default.webp\",\"width\":470,\"height\":470},{\"@type\":\"BreadcrumbList\",\"@id\":\"https:\/\/www.domtechnikpro.com\/index.php\/produkt\/cenova-bomba-tritato-blanco-25x25-01s-r9-55733\/#breadcrumb\",\"itemListElement\":[{\"@type\":\"ListItem\",\"position\":1,\"name\":\"Home\",\"item\":\"https:\/\/www.domtechnikpro.com\/\"},{\"@type\":\"ListItem\",\"position\":2,\"name\":\"Products\",\"item\":\"https:\/\/www.domtechnikpro.com\/index.php\/products\/\"},{\"@type\":\"ListItem\",\"position\":3,\"name\":\"Cenov\u00e1 Bomba TRITATO blanco 25&#215;25 | 01S | R9\"}]},{\"@type\":\"WebSite\",\"@id\":\"https:\/\/www.domtechnikpro.com\/#website\",\"url\":\"https:\/\/www.domtechnikpro.com\/\",\"name\":\"\",\"description\":\"\",\"potentialAction\":[{\"@type\":\"SearchAction\",\"target\":{\"@type\":\"EntryPoint\",\"urlTemplate\":\"https:\/\/www.domtechnikpro.com\/?s={search_term_string}\"},\"query-input\":{\"@type\":\"PropertyValueSpecification\",\"valueRequired\":true,\"valueName\":\"search_term_string\"}}],\"inLanguage\":\"cs\"}]}<\/script>\n<!-- \/ Yoast SEO plugin. -->","yoast_head_json":{"title":"Cenov\u00e1 Bomba TRITATO blanco 25x25 | 01S | R9 -","robots":{"index":"index","follow":"follow","max-snippet":"max-snippet:-1","max-image-preview":"max-image-preview:large","max-video-preview":"max-video-preview:-1"},"canonical":"https:\/\/www.domtechnikpro.com\/index.php\/produkt\/cenova-bomba-tritato-blanco-25x25-01s-r9-55733\/","og_locale":"cs_CZ","og_type":"article","og_title":"Cenov\u00e1 Bomba TRITATO blanco 25x25 | 01S | R9 -","og_description":"Jemn\u00e1 matn\u00e1 dla\u017eba v mal\u00e9m form\u00e1tu. P\u0159i seskl\u00e1d\u00e1n\u00ed v\u00edce kus\u016f dla\u017edic k sob\u011b vznikaj\u00ed zaj\u00edmav\u00e9 celistv\u00e9 geometick\u00e9 tvary. Keramick\u00e9 obklady a dla\u017eby v RETRO stylu jsou velice m\u00f3dn\u00ed a designov\u00fd prvek. RETRO design si zakl\u00e1d\u00e1 na pestr\u00e9m zdoben\u00ed, geometrick\u00fdch tvarech a v kombinaci s klasick\u00fdmi obklady vdechnou va\u0161im realizac\u00edm unik\u00e1tn\u00ed vzhled. POVRCHOV\u00c1 \u00daPRAVA mat FORM\u00c1T [&hellip;]","og_url":"https:\/\/www.domtechnikpro.com\/index.php\/produkt\/cenova-bomba-tritato-blanco-25x25-01s-r9-55733\/","og_image":[{"width":470,"height":470,"url":"https:\/\/www.domtechnikpro.com\/wp-content\/uploads\/2026\/SK0001404-CZ20260425-093107-0-1777080667-52434-large_default.webp","type":"image\/webp"}],"twitter_card":"summary_large_image","twitter_misc":{"Odhadovan\u00e1 doba \u010dten\u00ed":"1 minuta"},"schema":{"@context":"https:\/\/schema.org","@graph":[{"@type":"WebPage","@id":"https:\/\/www.domtechnikpro.com\/index.php\/produkt\/cenova-bomba-tritato-blanco-25x25-01s-r9-55733\/","url":"https:\/\/www.domtechnikpro.com\/index.php\/produkt\/cenova-bomba-tritato-blanco-25x25-01s-r9-55733\/","name":"Cenov\u00e1 Bomba TRITATO blanco 25x25 | 01S | R9 -","isPartOf":{"@id":"https:\/\/www.domtechnikpro.com\/#website"},"primaryImageOfPage":{"@id":"https:\/\/www.domtechnikpro.com\/index.php\/produkt\/cenova-bomba-tritato-blanco-25x25-01s-r9-55733\/#primaryimage"},"image":{"@id":"https:\/\/www.domtechnikpro.com\/index.php\/produkt\/cenova-bomba-tritato-blanco-25x25-01s-r9-55733\/#primaryimage"},"thumbnailUrl":"https:\/\/www.domtechnikpro.com\/wp-content\/uploads\/2026\/SK0001404-CZ20260425-093107-0-1777080667-52434-large_default.webp","datePublished":"2026-04-26T09:01:53+00:00","breadcrumb":{"@id":"https:\/\/www.domtechnikpro.com\/index.php\/produkt\/cenova-bomba-tritato-blanco-25x25-01s-r9-55733\/#breadcrumb"},"inLanguage":"cs","potentialAction":[{"@type":"ReadAction","target":["https:\/\/www.domtechnikpro.com\/index.php\/produkt\/cenova-bomba-tritato-blanco-25x25-01s-r9-55733\/"]}]},{"@type":"ImageObject","inLanguage":"cs","@id":"https:\/\/www.domtechnikpro.com\/index.php\/produkt\/cenova-bomba-tritato-blanco-25x25-01s-r9-55733\/#primaryimage","url":"https:\/\/www.domtechnikpro.com\/wp-content\/uploads\/2026\/SK0001404-CZ20260425-093107-0-1777080667-52434-large_default.webp","contentUrl":"https:\/\/www.domtechnikpro.com\/wp-content\/uploads\/2026\/SK0001404-CZ20260425-093107-0-1777080667-52434-large_default.webp","width":470,"height":470},{"@type":"BreadcrumbList","@id":"https:\/\/www.domtechnikpro.com\/index.php\/produkt\/cenova-bomba-tritato-blanco-25x25-01s-r9-55733\/#breadcrumb","itemListElement":[{"@type":"ListItem","position":1,"name":"Home","item":"https:\/\/www.domtechnikpro.com\/"},{"@type":"ListItem","position":2,"name":"Products","item":"https:\/\/www.domtechnikpro.com\/index.php\/products\/"},{"@type":"ListItem","position":3,"name":"Cenov\u00e1 Bomba TRITATO blanco 25&#215;25 | 01S | R9"}]},{"@type":"WebSite","@id":"https:\/\/www.domtechnikpro.com\/#website","url":"https:\/\/www.domtechnikpro.com\/","name":"","description":"","potentialAction":[{"@type":"SearchAction","target":{"@type":"EntryPoint","urlTemplate":"https:\/\/www.domtechnikpro.com\/?s={search_term_string}"},"query-input":{"@type":"PropertyValueSpecification","valueRequired":true,"valueName":"search_term_string"}}],"inLanguage":"cs"}]}},"_links":{"self":[{"href":"https:\/\/www.domtechnikpro.com\/index.php\/wp-json\/wp\/v2\/product\/55733","targetHints":{"allow":["GET"]}}],"collection":[{"href":"https:\/\/www.domtechnikpro.com\/index.php\/wp-json\/wp\/v2\/product"}],"about":[{"href":"https:\/\/www.domtechnikpro.com\/index.php\/wp-json\/wp\/v2\/types\/product"}],"replies":[{"embeddable":true,"href":"https:\/\/www.domtechnikpro.com\/index.php\/wp-json\/wp\/v2\/comments?post=55733"}],"wp:featuredmedia":[{"embeddable":true,"href":"https:\/\/www.domtechnikpro.com\/index.php\/wp-json\/wp\/v2\/media\/55833"}],"wp:attachment":[{"href":"https:\/\/www.domtechnikpro.com\/index.php\/wp-json\/wp\/v2\/media?parent=55733"}],"wp:term":[{"taxonomy":"product_brand","embeddable":true,"href":"https:\/\/www.domtechnikpro.com\/index.php\/wp-json\/wp\/v2\/product_brand?post=55733"},{"taxonomy":"product_cat","embeddable":true,"href":"https:\/\/www.domtechnikpro.com\/index.php\/wp-json\/wp\/v2\/product_cat?post=55733"},{"taxonomy":"product_tag","embeddable":true,"href":"https:\/\/www.domtechnikpro.com\/index.php\/wp-json\/wp\/v2\/product_tag?post=55733"}],"curies":[{"name":"wp","href":"https:\/\/api.w.org\/{rel}","templated":true}]}}