{"id":55529,"date":"2026-04-26T09:01:51","date_gmt":"2026-04-26T09:01:51","guid":{"rendered":""},"modified":"2026-04-26T09:01:51","modified_gmt":"2026-04-26T09:01:51","slug":"zrcadlo-elizabeth-borovice-andersen-65x76-cm-zlevneny-55529","status":"publish","type":"product","link":"https:\/\/www.domtechnikpro.com\/index.php\/produkt\/zrcadlo-elizabeth-borovice-andersen-65x76-cm-zlevneny-55529\/","title":{"rendered":"Zrcadlo ELIZABETH &#8211; borovice andersen &#8211; 65&#215;76 cm Zlevn\u011bn\u00fd"},"content":{"rendered":"<div class=\"tabs__content-outer\" id=\"tab_description\" data-hash=\"description\" data-tabindex=\"-1\">\n<div class=\"tabs__content toggle_description\" id=\"content_description\">\n<div class=\"wysiwyg-content\">\n<div class=\"product__tab product__description full-width\">\n<div class=\"container\">\n<div >\n<h3>Zrcadlo ELIZABETH &#8211; borovice andersen &#8211; 65&#215;76 cm<\/h3>\n<p>Jednoduch\u00e9 zrcadlo s r\u00e1mem perfektn\u011b pasuje do n\u00e1bytkov\u00e9 sestavy ELIZABETH. Zrcadlo m\u00e1 kr\u00e1sn\u00fd r\u00e1m z lamino desky v dekoru borovice andersen a je 11 cm hlubok\u00e9.\u00a0<\/p>\n<p>\u00a0<strong>Parametry:\u00a0<\/strong><\/p>\n<ul>\n<li>materi\u00e1l: lamino korpus, sklo<\/li>\n<li>barva:\u00a0borovice andersen\u00a0<\/li>\n<li>rozm\u011bry [\u0160xHxV]: 65 x 11 x 76 cm\u00a0<\/li>\n<li>hmotnost: 6,5 kg\u00a0<\/li>\n<\/ul>\n<p><strong>Popis kolekce Elizabeth<\/strong><\/p>\n<p><span>Kolekce koupelnov\u00e9ho n\u00e1bytku Elizabeth je jedine\u010dn\u00e1 sv\u00fdm rustik\u00e1ln\u00edm tvarovan\u00fdm vzhledem v dekoru borovice andersen, kter\u00fd imituje lehce o\u0161oupan\u00e9 b\u00edl\u00e9 d\u0159evo. Komplexn\u00ed tvary a nad\u010dasov\u00fd design zaji\u0161\u0165uj\u00ed, \u017ee i po mnoha letech bude tato kolekce vypadat stejn\u011b dob\u0159e. <\/span><\/p>\n<\/div><\/div>\n<\/p><\/div>\n<\/p><\/div>\n<\/p><\/div>\n","protected":false},"excerpt":{"rendered":"<p>Zrcadlo ELIZABETH &#8211; borovice andersen &#8211; 65&#215;76 cm Jednoduch\u00e9 zrcadlo s r\u00e1mem perfektn\u011b pasuje do n\u00e1bytkov\u00e9 sestavy ELIZABETH. Zrcadlo m\u00e1 kr\u00e1sn\u00fd r\u00e1m z lamino desky v dekoru borovice andersen a je 11 cm hlubok\u00e9.\u00a0 \u00a0Parametry:\u00a0 materi\u00e1l: lamino korpus, sklo barva:\u00a0borovice andersen\u00a0 rozm\u011bry [\u0160xHxV]: 65 x 11 x 76 cm\u00a0 hmotnost: 6,5 kg\u00a0 Popis kolekce Elizabeth [&hellip;]<\/p>\n","protected":false},"featured_media":55629,"comment_status":"open","ping_status":"open","template":"","meta":[],"product_brand":[],"product_cat":[171],"product_tag":[],"class_list":{"0":"post-55529","1":"product","2":"type-product","3":"status-publish","4":"has-post-thumbnail","6":"product_cat-koupelna","8":"first","9":"instock","10":"sale","11":"shipping-taxable","12":"purchasable","13":"product-type-simple"},"yoast_head":"<!-- This site is optimized with the Yoast SEO plugin v26.8 - https:\/\/yoast.com\/product\/yoast-seo-wordpress\/ -->\n<title>Zrcadlo ELIZABETH - borovice andersen - 65x76 cm Zlevn\u011bn\u00fd -<\/title>\n<meta name=\"robots\" content=\"index, follow, max-snippet:-1, max-image-preview:large, max-video-preview:-1\" \/>\n<link rel=\"canonical\" href=\"https:\/\/www.domtechnikpro.com\/index.php\/produkt\/zrcadlo-elizabeth-borovice-andersen-65x76-cm-zlevneny-55529\/\" \/>\n<meta property=\"og:locale\" content=\"cs_CZ\" \/>\n<meta property=\"og:type\" content=\"article\" \/>\n<meta property=\"og:title\" content=\"Zrcadlo ELIZABETH - borovice andersen - 65x76 cm Zlevn\u011bn\u00fd -\" \/>\n<meta property=\"og:description\" content=\"Zrcadlo ELIZABETH &#8211; borovice andersen &#8211; 65&#215;76 cm Jednoduch\u00e9 zrcadlo s r\u00e1mem perfektn\u011b pasuje do n\u00e1bytkov\u00e9 sestavy ELIZABETH. Zrcadlo m\u00e1 kr\u00e1sn\u00fd r\u00e1m z lamino desky v dekoru borovice andersen a je 11 cm hlubok\u00e9.\u00a0 \u00a0Parametry:\u00a0 materi\u00e1l: lamino korpus, sklo barva:\u00a0borovice andersen\u00a0 rozm\u011bry [\u0160xHxV]: 65 x 11 x 76 cm\u00a0 hmotnost: 6,5 kg\u00a0 Popis kolekce Elizabeth [&hellip;]\" \/>\n<meta property=\"og:url\" content=\"https:\/\/www.domtechnikpro.com\/index.php\/produkt\/zrcadlo-elizabeth-borovice-andersen-65x76-cm-zlevneny-55529\/\" \/>\n<meta property=\"og:image\" content=\"https:\/\/www.domtechnikpro.com\/wp-content\/uploads\/2026\/SK0002609-CZ20260425-093041-0-1777080643-zrcadlo-elizabeth-borovice-andersen-65x76-cm.webp\" \/>\n\t<meta property=\"og:image:width\" content=\"1000\" \/>\n\t<meta property=\"og:image:height\" content=\"667\" \/>\n\t<meta property=\"og:image:type\" content=\"image\/webp\" \/>\n<meta name=\"twitter:card\" content=\"summary_large_image\" \/>\n<meta name=\"twitter:label1\" content=\"Odhadovan\u00e1 doba \u010dten\u00ed\" \/>\n\t<meta name=\"twitter:data1\" content=\"1 minuta\" \/>\n<script type=\"application\/ld+json\" class=\"yoast-schema-graph\">{\"@context\":\"https:\/\/schema.org\",\"@graph\":[{\"@type\":\"WebPage\",\"@id\":\"https:\/\/www.domtechnikpro.com\/index.php\/produkt\/zrcadlo-elizabeth-borovice-andersen-65x76-cm-zlevneny-55529\/\",\"url\":\"https:\/\/www.domtechnikpro.com\/index.php\/produkt\/zrcadlo-elizabeth-borovice-andersen-65x76-cm-zlevneny-55529\/\",\"name\":\"Zrcadlo ELIZABETH - borovice andersen - 65x76 cm Zlevn\u011bn\u00fd -\",\"isPartOf\":{\"@id\":\"https:\/\/www.domtechnikpro.com\/#website\"},\"primaryImageOfPage\":{\"@id\":\"https:\/\/www.domtechnikpro.com\/index.php\/produkt\/zrcadlo-elizabeth-borovice-andersen-65x76-cm-zlevneny-55529\/#primaryimage\"},\"image\":{\"@id\":\"https:\/\/www.domtechnikpro.com\/index.php\/produkt\/zrcadlo-elizabeth-borovice-andersen-65x76-cm-zlevneny-55529\/#primaryimage\"},\"thumbnailUrl\":\"https:\/\/www.domtechnikpro.com\/wp-content\/uploads\/2026\/SK0002609-CZ20260425-093041-0-1777080643-zrcadlo-elizabeth-borovice-andersen-65x76-cm.webp\",\"datePublished\":\"2026-04-26T09:01:51+00:00\",\"breadcrumb\":{\"@id\":\"https:\/\/www.domtechnikpro.com\/index.php\/produkt\/zrcadlo-elizabeth-borovice-andersen-65x76-cm-zlevneny-55529\/#breadcrumb\"},\"inLanguage\":\"cs\",\"potentialAction\":[{\"@type\":\"ReadAction\",\"target\":[\"https:\/\/www.domtechnikpro.com\/index.php\/produkt\/zrcadlo-elizabeth-borovice-andersen-65x76-cm-zlevneny-55529\/\"]}]},{\"@type\":\"ImageObject\",\"inLanguage\":\"cs\",\"@id\":\"https:\/\/www.domtechnikpro.com\/index.php\/produkt\/zrcadlo-elizabeth-borovice-andersen-65x76-cm-zlevneny-55529\/#primaryimage\",\"url\":\"https:\/\/www.domtechnikpro.com\/wp-content\/uploads\/2026\/SK0002609-CZ20260425-093041-0-1777080643-zrcadlo-elizabeth-borovice-andersen-65x76-cm.webp\",\"contentUrl\":\"https:\/\/www.domtechnikpro.com\/wp-content\/uploads\/2026\/SK0002609-CZ20260425-093041-0-1777080643-zrcadlo-elizabeth-borovice-andersen-65x76-cm.webp\",\"width\":1000,\"height\":667},{\"@type\":\"BreadcrumbList\",\"@id\":\"https:\/\/www.domtechnikpro.com\/index.php\/produkt\/zrcadlo-elizabeth-borovice-andersen-65x76-cm-zlevneny-55529\/#breadcrumb\",\"itemListElement\":[{\"@type\":\"ListItem\",\"position\":1,\"name\":\"Home\",\"item\":\"https:\/\/www.domtechnikpro.com\/\"},{\"@type\":\"ListItem\",\"position\":2,\"name\":\"Products\",\"item\":\"https:\/\/www.domtechnikpro.com\/index.php\/products\/\"},{\"@type\":\"ListItem\",\"position\":3,\"name\":\"Zrcadlo ELIZABETH &#8211; borovice andersen &#8211; 65&#215;76 cm Zlevn\u011bn\u00fd\"}]},{\"@type\":\"WebSite\",\"@id\":\"https:\/\/www.domtechnikpro.com\/#website\",\"url\":\"https:\/\/www.domtechnikpro.com\/\",\"name\":\"\",\"description\":\"\",\"potentialAction\":[{\"@type\":\"SearchAction\",\"target\":{\"@type\":\"EntryPoint\",\"urlTemplate\":\"https:\/\/www.domtechnikpro.com\/?s={search_term_string}\"},\"query-input\":{\"@type\":\"PropertyValueSpecification\",\"valueRequired\":true,\"valueName\":\"search_term_string\"}}],\"inLanguage\":\"cs\"}]}<\/script>\n<!-- \/ Yoast SEO plugin. -->","yoast_head_json":{"title":"Zrcadlo ELIZABETH - borovice andersen - 65x76 cm Zlevn\u011bn\u00fd -","robots":{"index":"index","follow":"follow","max-snippet":"max-snippet:-1","max-image-preview":"max-image-preview:large","max-video-preview":"max-video-preview:-1"},"canonical":"https:\/\/www.domtechnikpro.com\/index.php\/produkt\/zrcadlo-elizabeth-borovice-andersen-65x76-cm-zlevneny-55529\/","og_locale":"cs_CZ","og_type":"article","og_title":"Zrcadlo ELIZABETH - borovice andersen - 65x76 cm Zlevn\u011bn\u00fd -","og_description":"Zrcadlo ELIZABETH &#8211; borovice andersen &#8211; 65&#215;76 cm Jednoduch\u00e9 zrcadlo s r\u00e1mem perfektn\u011b pasuje do n\u00e1bytkov\u00e9 sestavy ELIZABETH. Zrcadlo m\u00e1 kr\u00e1sn\u00fd r\u00e1m z lamino desky v dekoru borovice andersen a je 11 cm hlubok\u00e9.\u00a0 \u00a0Parametry:\u00a0 materi\u00e1l: lamino korpus, sklo barva:\u00a0borovice andersen\u00a0 rozm\u011bry [\u0160xHxV]: 65 x 11 x 76 cm\u00a0 hmotnost: 6,5 kg\u00a0 Popis kolekce Elizabeth [&hellip;]","og_url":"https:\/\/www.domtechnikpro.com\/index.php\/produkt\/zrcadlo-elizabeth-borovice-andersen-65x76-cm-zlevneny-55529\/","og_image":[{"width":1000,"height":667,"url":"https:\/\/www.domtechnikpro.com\/wp-content\/uploads\/2026\/SK0002609-CZ20260425-093041-0-1777080643-zrcadlo-elizabeth-borovice-andersen-65x76-cm.webp","type":"image\/webp"}],"twitter_card":"summary_large_image","twitter_misc":{"Odhadovan\u00e1 doba \u010dten\u00ed":"1 minuta"},"schema":{"@context":"https:\/\/schema.org","@graph":[{"@type":"WebPage","@id":"https:\/\/www.domtechnikpro.com\/index.php\/produkt\/zrcadlo-elizabeth-borovice-andersen-65x76-cm-zlevneny-55529\/","url":"https:\/\/www.domtechnikpro.com\/index.php\/produkt\/zrcadlo-elizabeth-borovice-andersen-65x76-cm-zlevneny-55529\/","name":"Zrcadlo ELIZABETH - borovice andersen - 65x76 cm Zlevn\u011bn\u00fd -","isPartOf":{"@id":"https:\/\/www.domtechnikpro.com\/#website"},"primaryImageOfPage":{"@id":"https:\/\/www.domtechnikpro.com\/index.php\/produkt\/zrcadlo-elizabeth-borovice-andersen-65x76-cm-zlevneny-55529\/#primaryimage"},"image":{"@id":"https:\/\/www.domtechnikpro.com\/index.php\/produkt\/zrcadlo-elizabeth-borovice-andersen-65x76-cm-zlevneny-55529\/#primaryimage"},"thumbnailUrl":"https:\/\/www.domtechnikpro.com\/wp-content\/uploads\/2026\/SK0002609-CZ20260425-093041-0-1777080643-zrcadlo-elizabeth-borovice-andersen-65x76-cm.webp","datePublished":"2026-04-26T09:01:51+00:00","breadcrumb":{"@id":"https:\/\/www.domtechnikpro.com\/index.php\/produkt\/zrcadlo-elizabeth-borovice-andersen-65x76-cm-zlevneny-55529\/#breadcrumb"},"inLanguage":"cs","potentialAction":[{"@type":"ReadAction","target":["https:\/\/www.domtechnikpro.com\/index.php\/produkt\/zrcadlo-elizabeth-borovice-andersen-65x76-cm-zlevneny-55529\/"]}]},{"@type":"ImageObject","inLanguage":"cs","@id":"https:\/\/www.domtechnikpro.com\/index.php\/produkt\/zrcadlo-elizabeth-borovice-andersen-65x76-cm-zlevneny-55529\/#primaryimage","url":"https:\/\/www.domtechnikpro.com\/wp-content\/uploads\/2026\/SK0002609-CZ20260425-093041-0-1777080643-zrcadlo-elizabeth-borovice-andersen-65x76-cm.webp","contentUrl":"https:\/\/www.domtechnikpro.com\/wp-content\/uploads\/2026\/SK0002609-CZ20260425-093041-0-1777080643-zrcadlo-elizabeth-borovice-andersen-65x76-cm.webp","width":1000,"height":667},{"@type":"BreadcrumbList","@id":"https:\/\/www.domtechnikpro.com\/index.php\/produkt\/zrcadlo-elizabeth-borovice-andersen-65x76-cm-zlevneny-55529\/#breadcrumb","itemListElement":[{"@type":"ListItem","position":1,"name":"Home","item":"https:\/\/www.domtechnikpro.com\/"},{"@type":"ListItem","position":2,"name":"Products","item":"https:\/\/www.domtechnikpro.com\/index.php\/products\/"},{"@type":"ListItem","position":3,"name":"Zrcadlo ELIZABETH &#8211; borovice andersen &#8211; 65&#215;76 cm Zlevn\u011bn\u00fd"}]},{"@type":"WebSite","@id":"https:\/\/www.domtechnikpro.com\/#website","url":"https:\/\/www.domtechnikpro.com\/","name":"","description":"","potentialAction":[{"@type":"SearchAction","target":{"@type":"EntryPoint","urlTemplate":"https:\/\/www.domtechnikpro.com\/?s={search_term_string}"},"query-input":{"@type":"PropertyValueSpecification","valueRequired":true,"valueName":"search_term_string"}}],"inLanguage":"cs"}]}},"_links":{"self":[{"href":"https:\/\/www.domtechnikpro.com\/index.php\/wp-json\/wp\/v2\/product\/55529","targetHints":{"allow":["GET"]}}],"collection":[{"href":"https:\/\/www.domtechnikpro.com\/index.php\/wp-json\/wp\/v2\/product"}],"about":[{"href":"https:\/\/www.domtechnikpro.com\/index.php\/wp-json\/wp\/v2\/types\/product"}],"replies":[{"embeddable":true,"href":"https:\/\/www.domtechnikpro.com\/index.php\/wp-json\/wp\/v2\/comments?post=55529"}],"wp:featuredmedia":[{"embeddable":true,"href":"https:\/\/www.domtechnikpro.com\/index.php\/wp-json\/wp\/v2\/media\/55629"}],"wp:attachment":[{"href":"https:\/\/www.domtechnikpro.com\/index.php\/wp-json\/wp\/v2\/media?parent=55529"}],"wp:term":[{"taxonomy":"product_brand","embeddable":true,"href":"https:\/\/www.domtechnikpro.com\/index.php\/wp-json\/wp\/v2\/product_brand?post=55529"},{"taxonomy":"product_cat","embeddable":true,"href":"https:\/\/www.domtechnikpro.com\/index.php\/wp-json\/wp\/v2\/product_cat?post=55529"},{"taxonomy":"product_tag","embeddable":true,"href":"https:\/\/www.domtechnikpro.com\/index.php\/wp-json\/wp\/v2\/product_tag?post=55529"}],"curies":[{"name":"wp","href":"https:\/\/api.w.org\/{rel}","templated":true}]}}