{"id":54561,"date":"2026-04-26T09:01:39","date_gmt":"2026-04-26T09:01:39","guid":{"rendered":""},"modified":"2026-04-26T09:01:39","modified_gmt":"2026-04-26T09:01:39","slug":"znackovy-umyvadlova-baterie-mexen-lily-cerna-chromova-vysoka-73610-17-54561","status":"publish","type":"product","link":"https:\/\/www.domtechnikpro.com\/index.php\/produkt\/znackovy-umyvadlova-baterie-mexen-lily-cerna-chromova-vysoka-73610-17-54561\/","title":{"rendered":"Zna\u010dkov\u00fd Umyvadlov\u00e1 baterie MEXEN LILY &#8211; \u010dern\u00e1\/chromov\u00e1 &#8211; vysok\u00e1, 73610-17"},"content":{"rendered":"<div class=\"tabs__content-outer\" id=\"tab_description\" data-hash=\"description\" data-tabindex=\"-1\">\n<div class=\"tabs__content toggle_description\" id=\"content_description\">\n<div class=\"wysiwyg-content\">\n<div class=\"product__tab product__description full-width\">\n<div class=\"container\">\n<div >\n<h3>Umyvadlov\u00e1 baterie LILY &#8211; \u010dern\u00e1\/chromov\u00e1 &#8211; vysok\u00e1<\/h3>\n<p><span>Tato elegantn\u00ed umyvadlov\u00e1 baterie vynik\u00e1 sv\u00fdm modern\u00edm a minimalistick\u00fdm vzhledem. T\u011blo\u00a0vodovodn\u00ed baterie<strong>\u00a0<\/strong>je vyrobeno z\u00a0<strong>mosazi<\/strong>, kter\u00e9 je pokryto vrstvou\u00a0<strong>\u010dern\u00e9 matn\u00e9<\/strong>\u00a0barvy. Ovl\u00e1dac\u00ed hlavice je pot\u00e9 v chromov\u00e9m proveden\u00ed, co\u017e dohromady vytv\u00e1\u0159\u00ed zaj\u00edmav\u00fd kontrast, d\u00edky kter\u00e9mu bude baterie nejen funk\u010dn\u00ed, ale i skv\u011bl\u00fdm designov\u00fdm dopl\u0148kem.\u00a0<\/span><span>Baterie se hod\u00ed do ka\u017ed\u00e9\u00a0koupelny a lze ji bez probl\u00e9mu kombinovat s keramikou i sklem. Syst\u00e9m uvnit\u0159 baterie efektivn\u011b provzdu\u0161\u0148uje vodu, co\u017e p\u0159in\u00e1\u0161\u00ed ni\u017e\u0161\u00ed spot\u0159ebu. Dod\u00e1v\u00e1no v\u010detn\u011b mont\u00e1\u017en\u00edho p\u0159\u00edslu\u0161enstv\u00ed.\u00a0<\/span><\/p>\n<p><span><strong>Parametry:<\/strong><\/span><\/p>\n<ul>\n<li>V\u00fd\u0161ka: 28 cm\u00a0<\/li>\n<li>V\u00fd\u0161ka \u00fast\u00ed nad z\u00e1kladnou: 22 cm\u00a0<\/li>\n<li>Hlava: keramick\u00e1\u00a0<\/li>\n<li>P\u0159ipojen\u00ed: 3\/8&#8243;\u00a0<\/li>\n<li>typ mont\u00e1\u017ee: stoj\u00edc\u00ed na desku nebo umyvadlo\u00a0<\/li>\n<\/ul>\n<\/div><\/div>\n<\/p><\/div>\n<\/p><\/div>\n<\/p><\/div>\n","protected":false},"excerpt":{"rendered":"<p>Umyvadlov\u00e1 baterie LILY &#8211; \u010dern\u00e1\/chromov\u00e1 &#8211; vysok\u00e1 Tato elegantn\u00ed umyvadlov\u00e1 baterie vynik\u00e1 sv\u00fdm modern\u00edm a minimalistick\u00fdm vzhledem. T\u011blo\u00a0vodovodn\u00ed baterie\u00a0je vyrobeno z\u00a0mosazi, kter\u00e9 je pokryto vrstvou\u00a0\u010dern\u00e9 matn\u00e9\u00a0barvy. Ovl\u00e1dac\u00ed hlavice je pot\u00e9 v chromov\u00e9m proveden\u00ed, co\u017e dohromady vytv\u00e1\u0159\u00ed zaj\u00edmav\u00fd kontrast, d\u00edky kter\u00e9mu bude baterie nejen funk\u010dn\u00ed, ale i skv\u011bl\u00fdm designov\u00fdm dopl\u0148kem.\u00a0Baterie se hod\u00ed do ka\u017ed\u00e9\u00a0koupelny a lze [&hellip;]<\/p>\n","protected":false},"featured_media":54661,"comment_status":"open","ping_status":"open","template":"","meta":[],"product_brand":[],"product_cat":[171],"product_tag":[],"class_list":{"0":"post-54561","1":"product","2":"type-product","3":"status-publish","4":"has-post-thumbnail","6":"product_cat-koupelna","8":"first","9":"instock","10":"sale","11":"shipping-taxable","12":"purchasable","13":"product-type-simple"},"yoast_head":"<!-- This site is optimized with the Yoast SEO plugin v26.8 - https:\/\/yoast.com\/product\/yoast-seo-wordpress\/ -->\n<title>Zna\u010dkov\u00fd Umyvadlov\u00e1 baterie MEXEN LILY - \u010dern\u00e1\/chromov\u00e1 - vysok\u00e1, 73610-17 -<\/title>\n<meta name=\"robots\" content=\"index, follow, max-snippet:-1, max-image-preview:large, max-video-preview:-1\" \/>\n<link rel=\"canonical\" href=\"https:\/\/www.domtechnikpro.com\/index.php\/produkt\/znackovy-umyvadlova-baterie-mexen-lily-cerna-chromova-vysoka-73610-17-54561\/\" \/>\n<meta property=\"og:locale\" content=\"cs_CZ\" \/>\n<meta property=\"og:type\" content=\"article\" \/>\n<meta property=\"og:title\" content=\"Zna\u010dkov\u00fd Umyvadlov\u00e1 baterie MEXEN LILY - \u010dern\u00e1\/chromov\u00e1 - vysok\u00e1, 73610-17 -\" \/>\n<meta property=\"og:description\" content=\"Umyvadlov\u00e1 baterie LILY &#8211; \u010dern\u00e1\/chromov\u00e1 &#8211; vysok\u00e1 Tato elegantn\u00ed umyvadlov\u00e1 baterie vynik\u00e1 sv\u00fdm modern\u00edm a minimalistick\u00fdm vzhledem. T\u011blo\u00a0vodovodn\u00ed baterie\u00a0je vyrobeno z\u00a0mosazi, kter\u00e9 je pokryto vrstvou\u00a0\u010dern\u00e9 matn\u00e9\u00a0barvy. Ovl\u00e1dac\u00ed hlavice je pot\u00e9 v chromov\u00e9m proveden\u00ed, co\u017e dohromady vytv\u00e1\u0159\u00ed zaj\u00edmav\u00fd kontrast, d\u00edky kter\u00e9mu bude baterie nejen funk\u010dn\u00ed, ale i skv\u011bl\u00fdm designov\u00fdm dopl\u0148kem.\u00a0Baterie se hod\u00ed do ka\u017ed\u00e9\u00a0koupelny a lze [&hellip;]\" \/>\n<meta property=\"og:url\" content=\"https:\/\/www.domtechnikpro.com\/index.php\/produkt\/znackovy-umyvadlova-baterie-mexen-lily-cerna-chromova-vysoka-73610-17-54561\/\" \/>\n<meta property=\"og:image\" content=\"https:\/\/www.domtechnikpro.com\/wp-content\/uploads\/2026\/SK0002140-CZ20260425-093041-0-1777080643-umyvadlova-baterie-mexen-lily-cerna-chromova-vysoka.webp\" \/>\n\t<meta property=\"og:image:width\" content=\"800\" \/>\n\t<meta property=\"og:image:height\" content=\"800\" \/>\n\t<meta property=\"og:image:type\" content=\"image\/webp\" \/>\n<meta name=\"twitter:card\" content=\"summary_large_image\" \/>\n<meta name=\"twitter:label1\" content=\"Odhadovan\u00e1 doba \u010dten\u00ed\" \/>\n\t<meta name=\"twitter:data1\" content=\"1 minuta\" \/>\n<script type=\"application\/ld+json\" class=\"yoast-schema-graph\">{\"@context\":\"https:\/\/schema.org\",\"@graph\":[{\"@type\":\"WebPage\",\"@id\":\"https:\/\/www.domtechnikpro.com\/index.php\/produkt\/znackovy-umyvadlova-baterie-mexen-lily-cerna-chromova-vysoka-73610-17-54561\/\",\"url\":\"https:\/\/www.domtechnikpro.com\/index.php\/produkt\/znackovy-umyvadlova-baterie-mexen-lily-cerna-chromova-vysoka-73610-17-54561\/\",\"name\":\"Zna\u010dkov\u00fd Umyvadlov\u00e1 baterie MEXEN LILY - \u010dern\u00e1\/chromov\u00e1 - vysok\u00e1, 73610-17 -\",\"isPartOf\":{\"@id\":\"https:\/\/www.domtechnikpro.com\/#website\"},\"primaryImageOfPage\":{\"@id\":\"https:\/\/www.domtechnikpro.com\/index.php\/produkt\/znackovy-umyvadlova-baterie-mexen-lily-cerna-chromova-vysoka-73610-17-54561\/#primaryimage\"},\"image\":{\"@id\":\"https:\/\/www.domtechnikpro.com\/index.php\/produkt\/znackovy-umyvadlova-baterie-mexen-lily-cerna-chromova-vysoka-73610-17-54561\/#primaryimage\"},\"thumbnailUrl\":\"https:\/\/www.domtechnikpro.com\/wp-content\/uploads\/2026\/SK0002140-CZ20260425-093041-0-1777080643-umyvadlova-baterie-mexen-lily-cerna-chromova-vysoka.webp\",\"datePublished\":\"2026-04-26T09:01:39+00:00\",\"breadcrumb\":{\"@id\":\"https:\/\/www.domtechnikpro.com\/index.php\/produkt\/znackovy-umyvadlova-baterie-mexen-lily-cerna-chromova-vysoka-73610-17-54561\/#breadcrumb\"},\"inLanguage\":\"cs\",\"potentialAction\":[{\"@type\":\"ReadAction\",\"target\":[\"https:\/\/www.domtechnikpro.com\/index.php\/produkt\/znackovy-umyvadlova-baterie-mexen-lily-cerna-chromova-vysoka-73610-17-54561\/\"]}]},{\"@type\":\"ImageObject\",\"inLanguage\":\"cs\",\"@id\":\"https:\/\/www.domtechnikpro.com\/index.php\/produkt\/znackovy-umyvadlova-baterie-mexen-lily-cerna-chromova-vysoka-73610-17-54561\/#primaryimage\",\"url\":\"https:\/\/www.domtechnikpro.com\/wp-content\/uploads\/2026\/SK0002140-CZ20260425-093041-0-1777080643-umyvadlova-baterie-mexen-lily-cerna-chromova-vysoka.webp\",\"contentUrl\":\"https:\/\/www.domtechnikpro.com\/wp-content\/uploads\/2026\/SK0002140-CZ20260425-093041-0-1777080643-umyvadlova-baterie-mexen-lily-cerna-chromova-vysoka.webp\",\"width\":800,\"height\":800},{\"@type\":\"BreadcrumbList\",\"@id\":\"https:\/\/www.domtechnikpro.com\/index.php\/produkt\/znackovy-umyvadlova-baterie-mexen-lily-cerna-chromova-vysoka-73610-17-54561\/#breadcrumb\",\"itemListElement\":[{\"@type\":\"ListItem\",\"position\":1,\"name\":\"Home\",\"item\":\"https:\/\/www.domtechnikpro.com\/\"},{\"@type\":\"ListItem\",\"position\":2,\"name\":\"Products\",\"item\":\"https:\/\/www.domtechnikpro.com\/index.php\/products\/\"},{\"@type\":\"ListItem\",\"position\":3,\"name\":\"Zna\u010dkov\u00fd Umyvadlov\u00e1 baterie MEXEN LILY &#8211; \u010dern\u00e1\/chromov\u00e1 &#8211; vysok\u00e1, 73610-17\"}]},{\"@type\":\"WebSite\",\"@id\":\"https:\/\/www.domtechnikpro.com\/#website\",\"url\":\"https:\/\/www.domtechnikpro.com\/\",\"name\":\"\",\"description\":\"\",\"potentialAction\":[{\"@type\":\"SearchAction\",\"target\":{\"@type\":\"EntryPoint\",\"urlTemplate\":\"https:\/\/www.domtechnikpro.com\/?s={search_term_string}\"},\"query-input\":{\"@type\":\"PropertyValueSpecification\",\"valueRequired\":true,\"valueName\":\"search_term_string\"}}],\"inLanguage\":\"cs\"}]}<\/script>\n<!-- \/ Yoast SEO plugin. -->","yoast_head_json":{"title":"Zna\u010dkov\u00fd Umyvadlov\u00e1 baterie MEXEN LILY - \u010dern\u00e1\/chromov\u00e1 - vysok\u00e1, 73610-17 -","robots":{"index":"index","follow":"follow","max-snippet":"max-snippet:-1","max-image-preview":"max-image-preview:large","max-video-preview":"max-video-preview:-1"},"canonical":"https:\/\/www.domtechnikpro.com\/index.php\/produkt\/znackovy-umyvadlova-baterie-mexen-lily-cerna-chromova-vysoka-73610-17-54561\/","og_locale":"cs_CZ","og_type":"article","og_title":"Zna\u010dkov\u00fd Umyvadlov\u00e1 baterie MEXEN LILY - \u010dern\u00e1\/chromov\u00e1 - vysok\u00e1, 73610-17 -","og_description":"Umyvadlov\u00e1 baterie LILY &#8211; \u010dern\u00e1\/chromov\u00e1 &#8211; vysok\u00e1 Tato elegantn\u00ed umyvadlov\u00e1 baterie vynik\u00e1 sv\u00fdm modern\u00edm a minimalistick\u00fdm vzhledem. T\u011blo\u00a0vodovodn\u00ed baterie\u00a0je vyrobeno z\u00a0mosazi, kter\u00e9 je pokryto vrstvou\u00a0\u010dern\u00e9 matn\u00e9\u00a0barvy. Ovl\u00e1dac\u00ed hlavice je pot\u00e9 v chromov\u00e9m proveden\u00ed, co\u017e dohromady vytv\u00e1\u0159\u00ed zaj\u00edmav\u00fd kontrast, d\u00edky kter\u00e9mu bude baterie nejen funk\u010dn\u00ed, ale i skv\u011bl\u00fdm designov\u00fdm dopl\u0148kem.\u00a0Baterie se hod\u00ed do ka\u017ed\u00e9\u00a0koupelny a lze [&hellip;]","og_url":"https:\/\/www.domtechnikpro.com\/index.php\/produkt\/znackovy-umyvadlova-baterie-mexen-lily-cerna-chromova-vysoka-73610-17-54561\/","og_image":[{"width":800,"height":800,"url":"https:\/\/www.domtechnikpro.com\/wp-content\/uploads\/2026\/SK0002140-CZ20260425-093041-0-1777080643-umyvadlova-baterie-mexen-lily-cerna-chromova-vysoka.webp","type":"image\/webp"}],"twitter_card":"summary_large_image","twitter_misc":{"Odhadovan\u00e1 doba \u010dten\u00ed":"1 minuta"},"schema":{"@context":"https:\/\/schema.org","@graph":[{"@type":"WebPage","@id":"https:\/\/www.domtechnikpro.com\/index.php\/produkt\/znackovy-umyvadlova-baterie-mexen-lily-cerna-chromova-vysoka-73610-17-54561\/","url":"https:\/\/www.domtechnikpro.com\/index.php\/produkt\/znackovy-umyvadlova-baterie-mexen-lily-cerna-chromova-vysoka-73610-17-54561\/","name":"Zna\u010dkov\u00fd Umyvadlov\u00e1 baterie MEXEN LILY - \u010dern\u00e1\/chromov\u00e1 - vysok\u00e1, 73610-17 -","isPartOf":{"@id":"https:\/\/www.domtechnikpro.com\/#website"},"primaryImageOfPage":{"@id":"https:\/\/www.domtechnikpro.com\/index.php\/produkt\/znackovy-umyvadlova-baterie-mexen-lily-cerna-chromova-vysoka-73610-17-54561\/#primaryimage"},"image":{"@id":"https:\/\/www.domtechnikpro.com\/index.php\/produkt\/znackovy-umyvadlova-baterie-mexen-lily-cerna-chromova-vysoka-73610-17-54561\/#primaryimage"},"thumbnailUrl":"https:\/\/www.domtechnikpro.com\/wp-content\/uploads\/2026\/SK0002140-CZ20260425-093041-0-1777080643-umyvadlova-baterie-mexen-lily-cerna-chromova-vysoka.webp","datePublished":"2026-04-26T09:01:39+00:00","breadcrumb":{"@id":"https:\/\/www.domtechnikpro.com\/index.php\/produkt\/znackovy-umyvadlova-baterie-mexen-lily-cerna-chromova-vysoka-73610-17-54561\/#breadcrumb"},"inLanguage":"cs","potentialAction":[{"@type":"ReadAction","target":["https:\/\/www.domtechnikpro.com\/index.php\/produkt\/znackovy-umyvadlova-baterie-mexen-lily-cerna-chromova-vysoka-73610-17-54561\/"]}]},{"@type":"ImageObject","inLanguage":"cs","@id":"https:\/\/www.domtechnikpro.com\/index.php\/produkt\/znackovy-umyvadlova-baterie-mexen-lily-cerna-chromova-vysoka-73610-17-54561\/#primaryimage","url":"https:\/\/www.domtechnikpro.com\/wp-content\/uploads\/2026\/SK0002140-CZ20260425-093041-0-1777080643-umyvadlova-baterie-mexen-lily-cerna-chromova-vysoka.webp","contentUrl":"https:\/\/www.domtechnikpro.com\/wp-content\/uploads\/2026\/SK0002140-CZ20260425-093041-0-1777080643-umyvadlova-baterie-mexen-lily-cerna-chromova-vysoka.webp","width":800,"height":800},{"@type":"BreadcrumbList","@id":"https:\/\/www.domtechnikpro.com\/index.php\/produkt\/znackovy-umyvadlova-baterie-mexen-lily-cerna-chromova-vysoka-73610-17-54561\/#breadcrumb","itemListElement":[{"@type":"ListItem","position":1,"name":"Home","item":"https:\/\/www.domtechnikpro.com\/"},{"@type":"ListItem","position":2,"name":"Products","item":"https:\/\/www.domtechnikpro.com\/index.php\/products\/"},{"@type":"ListItem","position":3,"name":"Zna\u010dkov\u00fd Umyvadlov\u00e1 baterie MEXEN LILY &#8211; \u010dern\u00e1\/chromov\u00e1 &#8211; vysok\u00e1, 73610-17"}]},{"@type":"WebSite","@id":"https:\/\/www.domtechnikpro.com\/#website","url":"https:\/\/www.domtechnikpro.com\/","name":"","description":"","potentialAction":[{"@type":"SearchAction","target":{"@type":"EntryPoint","urlTemplate":"https:\/\/www.domtechnikpro.com\/?s={search_term_string}"},"query-input":{"@type":"PropertyValueSpecification","valueRequired":true,"valueName":"search_term_string"}}],"inLanguage":"cs"}]}},"_links":{"self":[{"href":"https:\/\/www.domtechnikpro.com\/index.php\/wp-json\/wp\/v2\/product\/54561","targetHints":{"allow":["GET"]}}],"collection":[{"href":"https:\/\/www.domtechnikpro.com\/index.php\/wp-json\/wp\/v2\/product"}],"about":[{"href":"https:\/\/www.domtechnikpro.com\/index.php\/wp-json\/wp\/v2\/types\/product"}],"replies":[{"embeddable":true,"href":"https:\/\/www.domtechnikpro.com\/index.php\/wp-json\/wp\/v2\/comments?post=54561"}],"wp:featuredmedia":[{"embeddable":true,"href":"https:\/\/www.domtechnikpro.com\/index.php\/wp-json\/wp\/v2\/media\/54661"}],"wp:attachment":[{"href":"https:\/\/www.domtechnikpro.com\/index.php\/wp-json\/wp\/v2\/media?parent=54561"}],"wp:term":[{"taxonomy":"product_brand","embeddable":true,"href":"https:\/\/www.domtechnikpro.com\/index.php\/wp-json\/wp\/v2\/product_brand?post=54561"},{"taxonomy":"product_cat","embeddable":true,"href":"https:\/\/www.domtechnikpro.com\/index.php\/wp-json\/wp\/v2\/product_cat?post=54561"},{"taxonomy":"product_tag","embeddable":true,"href":"https:\/\/www.domtechnikpro.com\/index.php\/wp-json\/wp\/v2\/product_tag?post=54561"}],"curies":[{"name":"wp","href":"https:\/\/api.w.org\/{rel}","templated":true}]}}