{"id":52986,"date":"2026-04-26T09:01:21","date_gmt":"2026-04-26T09:01:21","guid":{"rendered":""},"modified":"2026-04-26T09:01:21","modified_gmt":"2026-04-26T09:01:21","slug":"originalni-koupelnovy-vesak-na-rucniky-mexen-hook-s-5-hacky-cerny-matny-709265-70-52986","status":"publish","type":"product","link":"https:\/\/www.domtechnikpro.com\/index.php\/produkt\/originalni-koupelnovy-vesak-na-rucniky-mexen-hook-s-5-hacky-cerny-matny-709265-70-52986\/","title":{"rendered":"Origin\u00e1ln\u00ed Koupelnov\u00fd v\u011b\u0161\u00e1k na ru\u010dn\u00edky MEXEN HOOK s 5 h\u00e1\u010dky &#8211; \u010dern\u00fd matn\u00fd, 709265-70"},"content":{"rendered":"<div class=\"tabs__content-outer\" id=\"tab_description\" data-hash=\"description\" data-tabindex=\"-1\">\n<div class=\"tabs__content toggle_description\" id=\"content_description\">\n<div class=\"wysiwyg-content\">\n<div class=\"product__tab product__description full-width\">\n<div class=\"container\">\n<div >\n<h3>Koupelnov\u00fd v\u011b\u0161\u00e1k na ru\u010dn\u00edky HOOK s 5 h\u00e1\u010dky &#8211; \u010dern\u00fd matn\u00fd<\/h3>\n<p>Modern\u00ed a jednoduch\u00fd n\u00e1st\u011bnn\u00fd v\u011b\u0161\u00e1k na ru\u010dn\u00edky v hranat\u00e9m stylu s 5 h\u00e1\u010dky pro zav\u011b\u0161en\u00ed ru\u010dn\u00edk\u016f s poutkem.\u00a0<span>Dr\u017e\u00e1k d\u00edky modern\u00edmu designu dokonale lad\u00ed s jak\u00fdmkoli stylem koupelny.<\/span><\/p>\n<p><strong>Parametry:\u00a0<\/strong><\/p>\n<ul>\n<li><span>materi\u00e1l: kov\u00a0<\/span><\/li>\n<li>barva: \u010dern\u00e1 matn\u00e1\u00a0<\/li>\n<li>\u0161\u00ed\u0159ka: 350 mm\u00a0<\/li>\n<li>v\u00fd\u0161ka: 30 mm\u00a0<\/li>\n<li>hloubka: 43 mm\u00a0<\/li>\n<\/ul>\n<\/div><\/div>\n<\/p><\/div>\n<\/p><\/div>\n<\/p><\/div>\n","protected":false},"excerpt":{"rendered":"<p>Koupelnov\u00fd v\u011b\u0161\u00e1k na ru\u010dn\u00edky HOOK s 5 h\u00e1\u010dky &#8211; \u010dern\u00fd matn\u00fd Modern\u00ed a jednoduch\u00fd n\u00e1st\u011bnn\u00fd v\u011b\u0161\u00e1k na ru\u010dn\u00edky v hranat\u00e9m stylu s 5 h\u00e1\u010dky pro zav\u011b\u0161en\u00ed ru\u010dn\u00edk\u016f s poutkem.\u00a0Dr\u017e\u00e1k d\u00edky modern\u00edmu designu dokonale lad\u00ed s jak\u00fdmkoli stylem koupelny. Parametry:\u00a0 materi\u00e1l: kov\u00a0 barva: \u010dern\u00e1 matn\u00e1\u00a0 \u0161\u00ed\u0159ka: 350 mm\u00a0 v\u00fd\u0161ka: 30 mm\u00a0 hloubka: 43 mm\u00a0<\/p>\n","protected":false},"featured_media":53086,"comment_status":"open","ping_status":"open","template":"","meta":[],"product_brand":[],"product_cat":[171],"product_tag":[],"class_list":{"0":"post-52986","1":"product","2":"type-product","3":"status-publish","4":"has-post-thumbnail","6":"product_cat-koupelna","8":"first","9":"instock","10":"sale","11":"shipping-taxable","12":"purchasable","13":"product-type-simple"},"yoast_head":"<!-- This site is optimized with the Yoast SEO plugin v26.8 - https:\/\/yoast.com\/product\/yoast-seo-wordpress\/ -->\n<title>Origin\u00e1ln\u00ed Koupelnov\u00fd v\u011b\u0161\u00e1k na ru\u010dn\u00edky MEXEN HOOK s 5 h\u00e1\u010dky - \u010dern\u00fd matn\u00fd, 709265-70 -<\/title>\n<meta name=\"robots\" content=\"index, follow, max-snippet:-1, max-image-preview:large, max-video-preview:-1\" \/>\n<link rel=\"canonical\" href=\"https:\/\/www.domtechnikpro.com\/index.php\/produkt\/originalni-koupelnovy-vesak-na-rucniky-mexen-hook-s-5-hacky-cerny-matny-709265-70-52986\/\" \/>\n<meta property=\"og:locale\" content=\"cs_CZ\" \/>\n<meta property=\"og:type\" content=\"article\" \/>\n<meta property=\"og:title\" content=\"Origin\u00e1ln\u00ed Koupelnov\u00fd v\u011b\u0161\u00e1k na ru\u010dn\u00edky MEXEN HOOK s 5 h\u00e1\u010dky - \u010dern\u00fd matn\u00fd, 709265-70 -\" \/>\n<meta property=\"og:description\" content=\"Koupelnov\u00fd v\u011b\u0161\u00e1k na ru\u010dn\u00edky HOOK s 5 h\u00e1\u010dky &#8211; \u010dern\u00fd matn\u00fd Modern\u00ed a jednoduch\u00fd n\u00e1st\u011bnn\u00fd v\u011b\u0161\u00e1k na ru\u010dn\u00edky v hranat\u00e9m stylu s 5 h\u00e1\u010dky pro zav\u011b\u0161en\u00ed ru\u010dn\u00edk\u016f s poutkem.\u00a0Dr\u017e\u00e1k d\u00edky modern\u00edmu designu dokonale lad\u00ed s jak\u00fdmkoli stylem koupelny. Parametry:\u00a0 materi\u00e1l: kov\u00a0 barva: \u010dern\u00e1 matn\u00e1\u00a0 \u0161\u00ed\u0159ka: 350 mm\u00a0 v\u00fd\u0161ka: 30 mm\u00a0 hloubka: 43 mm\u00a0\" \/>\n<meta property=\"og:url\" content=\"https:\/\/www.domtechnikpro.com\/index.php\/produkt\/originalni-koupelnovy-vesak-na-rucniky-mexen-hook-s-5-hacky-cerny-matny-709265-70-52986\/\" \/>\n<meta property=\"og:image\" content=\"https:\/\/www.domtechnikpro.com\/wp-content\/uploads\/2026\/SK0001359-CZ20260425-093041-0-1777080643-koupelnovy-vesak-na-rucniky-mexen-hook-s-5-hacky-cerny-matn.webp\" \/>\n\t<meta property=\"og:image:width\" content=\"800\" \/>\n\t<meta property=\"og:image:height\" content=\"800\" \/>\n\t<meta property=\"og:image:type\" content=\"image\/webp\" \/>\n<meta name=\"twitter:card\" content=\"summary_large_image\" \/>\n<script type=\"application\/ld+json\" class=\"yoast-schema-graph\">{\"@context\":\"https:\/\/schema.org\",\"@graph\":[{\"@type\":\"WebPage\",\"@id\":\"https:\/\/www.domtechnikpro.com\/index.php\/produkt\/originalni-koupelnovy-vesak-na-rucniky-mexen-hook-s-5-hacky-cerny-matny-709265-70-52986\/\",\"url\":\"https:\/\/www.domtechnikpro.com\/index.php\/produkt\/originalni-koupelnovy-vesak-na-rucniky-mexen-hook-s-5-hacky-cerny-matny-709265-70-52986\/\",\"name\":\"Origin\u00e1ln\u00ed Koupelnov\u00fd v\u011b\u0161\u00e1k na ru\u010dn\u00edky MEXEN HOOK s 5 h\u00e1\u010dky - \u010dern\u00fd matn\u00fd, 709265-70 -\",\"isPartOf\":{\"@id\":\"https:\/\/www.domtechnikpro.com\/#website\"},\"primaryImageOfPage\":{\"@id\":\"https:\/\/www.domtechnikpro.com\/index.php\/produkt\/originalni-koupelnovy-vesak-na-rucniky-mexen-hook-s-5-hacky-cerny-matny-709265-70-52986\/#primaryimage\"},\"image\":{\"@id\":\"https:\/\/www.domtechnikpro.com\/index.php\/produkt\/originalni-koupelnovy-vesak-na-rucniky-mexen-hook-s-5-hacky-cerny-matny-709265-70-52986\/#primaryimage\"},\"thumbnailUrl\":\"https:\/\/www.domtechnikpro.com\/wp-content\/uploads\/2026\/SK0001359-CZ20260425-093041-0-1777080643-koupelnovy-vesak-na-rucniky-mexen-hook-s-5-hacky-cerny-matn.webp\",\"datePublished\":\"2026-04-26T09:01:21+00:00\",\"breadcrumb\":{\"@id\":\"https:\/\/www.domtechnikpro.com\/index.php\/produkt\/originalni-koupelnovy-vesak-na-rucniky-mexen-hook-s-5-hacky-cerny-matny-709265-70-52986\/#breadcrumb\"},\"inLanguage\":\"cs\",\"potentialAction\":[{\"@type\":\"ReadAction\",\"target\":[\"https:\/\/www.domtechnikpro.com\/index.php\/produkt\/originalni-koupelnovy-vesak-na-rucniky-mexen-hook-s-5-hacky-cerny-matny-709265-70-52986\/\"]}]},{\"@type\":\"ImageObject\",\"inLanguage\":\"cs\",\"@id\":\"https:\/\/www.domtechnikpro.com\/index.php\/produkt\/originalni-koupelnovy-vesak-na-rucniky-mexen-hook-s-5-hacky-cerny-matny-709265-70-52986\/#primaryimage\",\"url\":\"https:\/\/www.domtechnikpro.com\/wp-content\/uploads\/2026\/SK0001359-CZ20260425-093041-0-1777080643-koupelnovy-vesak-na-rucniky-mexen-hook-s-5-hacky-cerny-matn.webp\",\"contentUrl\":\"https:\/\/www.domtechnikpro.com\/wp-content\/uploads\/2026\/SK0001359-CZ20260425-093041-0-1777080643-koupelnovy-vesak-na-rucniky-mexen-hook-s-5-hacky-cerny-matn.webp\",\"width\":800,\"height\":800},{\"@type\":\"BreadcrumbList\",\"@id\":\"https:\/\/www.domtechnikpro.com\/index.php\/produkt\/originalni-koupelnovy-vesak-na-rucniky-mexen-hook-s-5-hacky-cerny-matny-709265-70-52986\/#breadcrumb\",\"itemListElement\":[{\"@type\":\"ListItem\",\"position\":1,\"name\":\"Home\",\"item\":\"https:\/\/www.domtechnikpro.com\/\"},{\"@type\":\"ListItem\",\"position\":2,\"name\":\"Products\",\"item\":\"https:\/\/www.domtechnikpro.com\/index.php\/products\/\"},{\"@type\":\"ListItem\",\"position\":3,\"name\":\"Origin\u00e1ln\u00ed Koupelnov\u00fd v\u011b\u0161\u00e1k na ru\u010dn\u00edky MEXEN HOOK s 5 h\u00e1\u010dky &#8211; \u010dern\u00fd matn\u00fd, 709265-70\"}]},{\"@type\":\"WebSite\",\"@id\":\"https:\/\/www.domtechnikpro.com\/#website\",\"url\":\"https:\/\/www.domtechnikpro.com\/\",\"name\":\"\",\"description\":\"\",\"potentialAction\":[{\"@type\":\"SearchAction\",\"target\":{\"@type\":\"EntryPoint\",\"urlTemplate\":\"https:\/\/www.domtechnikpro.com\/?s={search_term_string}\"},\"query-input\":{\"@type\":\"PropertyValueSpecification\",\"valueRequired\":true,\"valueName\":\"search_term_string\"}}],\"inLanguage\":\"cs\"}]}<\/script>\n<!-- \/ Yoast SEO plugin. -->","yoast_head_json":{"title":"Origin\u00e1ln\u00ed Koupelnov\u00fd v\u011b\u0161\u00e1k na ru\u010dn\u00edky MEXEN HOOK s 5 h\u00e1\u010dky - \u010dern\u00fd matn\u00fd, 709265-70 -","robots":{"index":"index","follow":"follow","max-snippet":"max-snippet:-1","max-image-preview":"max-image-preview:large","max-video-preview":"max-video-preview:-1"},"canonical":"https:\/\/www.domtechnikpro.com\/index.php\/produkt\/originalni-koupelnovy-vesak-na-rucniky-mexen-hook-s-5-hacky-cerny-matny-709265-70-52986\/","og_locale":"cs_CZ","og_type":"article","og_title":"Origin\u00e1ln\u00ed Koupelnov\u00fd v\u011b\u0161\u00e1k na ru\u010dn\u00edky MEXEN HOOK s 5 h\u00e1\u010dky - \u010dern\u00fd matn\u00fd, 709265-70 -","og_description":"Koupelnov\u00fd v\u011b\u0161\u00e1k na ru\u010dn\u00edky HOOK s 5 h\u00e1\u010dky &#8211; \u010dern\u00fd matn\u00fd Modern\u00ed a jednoduch\u00fd n\u00e1st\u011bnn\u00fd v\u011b\u0161\u00e1k na ru\u010dn\u00edky v hranat\u00e9m stylu s 5 h\u00e1\u010dky pro zav\u011b\u0161en\u00ed ru\u010dn\u00edk\u016f s poutkem.\u00a0Dr\u017e\u00e1k d\u00edky modern\u00edmu designu dokonale lad\u00ed s jak\u00fdmkoli stylem koupelny. Parametry:\u00a0 materi\u00e1l: kov\u00a0 barva: \u010dern\u00e1 matn\u00e1\u00a0 \u0161\u00ed\u0159ka: 350 mm\u00a0 v\u00fd\u0161ka: 30 mm\u00a0 hloubka: 43 mm\u00a0","og_url":"https:\/\/www.domtechnikpro.com\/index.php\/produkt\/originalni-koupelnovy-vesak-na-rucniky-mexen-hook-s-5-hacky-cerny-matny-709265-70-52986\/","og_image":[{"width":800,"height":800,"url":"https:\/\/www.domtechnikpro.com\/wp-content\/uploads\/2026\/SK0001359-CZ20260425-093041-0-1777080643-koupelnovy-vesak-na-rucniky-mexen-hook-s-5-hacky-cerny-matn.webp","type":"image\/webp"}],"twitter_card":"summary_large_image","schema":{"@context":"https:\/\/schema.org","@graph":[{"@type":"WebPage","@id":"https:\/\/www.domtechnikpro.com\/index.php\/produkt\/originalni-koupelnovy-vesak-na-rucniky-mexen-hook-s-5-hacky-cerny-matny-709265-70-52986\/","url":"https:\/\/www.domtechnikpro.com\/index.php\/produkt\/originalni-koupelnovy-vesak-na-rucniky-mexen-hook-s-5-hacky-cerny-matny-709265-70-52986\/","name":"Origin\u00e1ln\u00ed Koupelnov\u00fd v\u011b\u0161\u00e1k na ru\u010dn\u00edky MEXEN HOOK s 5 h\u00e1\u010dky - \u010dern\u00fd matn\u00fd, 709265-70 -","isPartOf":{"@id":"https:\/\/www.domtechnikpro.com\/#website"},"primaryImageOfPage":{"@id":"https:\/\/www.domtechnikpro.com\/index.php\/produkt\/originalni-koupelnovy-vesak-na-rucniky-mexen-hook-s-5-hacky-cerny-matny-709265-70-52986\/#primaryimage"},"image":{"@id":"https:\/\/www.domtechnikpro.com\/index.php\/produkt\/originalni-koupelnovy-vesak-na-rucniky-mexen-hook-s-5-hacky-cerny-matny-709265-70-52986\/#primaryimage"},"thumbnailUrl":"https:\/\/www.domtechnikpro.com\/wp-content\/uploads\/2026\/SK0001359-CZ20260425-093041-0-1777080643-koupelnovy-vesak-na-rucniky-mexen-hook-s-5-hacky-cerny-matn.webp","datePublished":"2026-04-26T09:01:21+00:00","breadcrumb":{"@id":"https:\/\/www.domtechnikpro.com\/index.php\/produkt\/originalni-koupelnovy-vesak-na-rucniky-mexen-hook-s-5-hacky-cerny-matny-709265-70-52986\/#breadcrumb"},"inLanguage":"cs","potentialAction":[{"@type":"ReadAction","target":["https:\/\/www.domtechnikpro.com\/index.php\/produkt\/originalni-koupelnovy-vesak-na-rucniky-mexen-hook-s-5-hacky-cerny-matny-709265-70-52986\/"]}]},{"@type":"ImageObject","inLanguage":"cs","@id":"https:\/\/www.domtechnikpro.com\/index.php\/produkt\/originalni-koupelnovy-vesak-na-rucniky-mexen-hook-s-5-hacky-cerny-matny-709265-70-52986\/#primaryimage","url":"https:\/\/www.domtechnikpro.com\/wp-content\/uploads\/2026\/SK0001359-CZ20260425-093041-0-1777080643-koupelnovy-vesak-na-rucniky-mexen-hook-s-5-hacky-cerny-matn.webp","contentUrl":"https:\/\/www.domtechnikpro.com\/wp-content\/uploads\/2026\/SK0001359-CZ20260425-093041-0-1777080643-koupelnovy-vesak-na-rucniky-mexen-hook-s-5-hacky-cerny-matn.webp","width":800,"height":800},{"@type":"BreadcrumbList","@id":"https:\/\/www.domtechnikpro.com\/index.php\/produkt\/originalni-koupelnovy-vesak-na-rucniky-mexen-hook-s-5-hacky-cerny-matny-709265-70-52986\/#breadcrumb","itemListElement":[{"@type":"ListItem","position":1,"name":"Home","item":"https:\/\/www.domtechnikpro.com\/"},{"@type":"ListItem","position":2,"name":"Products","item":"https:\/\/www.domtechnikpro.com\/index.php\/products\/"},{"@type":"ListItem","position":3,"name":"Origin\u00e1ln\u00ed Koupelnov\u00fd v\u011b\u0161\u00e1k na ru\u010dn\u00edky MEXEN HOOK s 5 h\u00e1\u010dky &#8211; \u010dern\u00fd matn\u00fd, 709265-70"}]},{"@type":"WebSite","@id":"https:\/\/www.domtechnikpro.com\/#website","url":"https:\/\/www.domtechnikpro.com\/","name":"","description":"","potentialAction":[{"@type":"SearchAction","target":{"@type":"EntryPoint","urlTemplate":"https:\/\/www.domtechnikpro.com\/?s={search_term_string}"},"query-input":{"@type":"PropertyValueSpecification","valueRequired":true,"valueName":"search_term_string"}}],"inLanguage":"cs"}]}},"_links":{"self":[{"href":"https:\/\/www.domtechnikpro.com\/index.php\/wp-json\/wp\/v2\/product\/52986","targetHints":{"allow":["GET"]}}],"collection":[{"href":"https:\/\/www.domtechnikpro.com\/index.php\/wp-json\/wp\/v2\/product"}],"about":[{"href":"https:\/\/www.domtechnikpro.com\/index.php\/wp-json\/wp\/v2\/types\/product"}],"replies":[{"embeddable":true,"href":"https:\/\/www.domtechnikpro.com\/index.php\/wp-json\/wp\/v2\/comments?post=52986"}],"wp:featuredmedia":[{"embeddable":true,"href":"https:\/\/www.domtechnikpro.com\/index.php\/wp-json\/wp\/v2\/media\/53086"}],"wp:attachment":[{"href":"https:\/\/www.domtechnikpro.com\/index.php\/wp-json\/wp\/v2\/media?parent=52986"}],"wp:term":[{"taxonomy":"product_brand","embeddable":true,"href":"https:\/\/www.domtechnikpro.com\/index.php\/wp-json\/wp\/v2\/product_brand?post=52986"},{"taxonomy":"product_cat","embeddable":true,"href":"https:\/\/www.domtechnikpro.com\/index.php\/wp-json\/wp\/v2\/product_cat?post=52986"},{"taxonomy":"product_tag","embeddable":true,"href":"https:\/\/www.domtechnikpro.com\/index.php\/wp-json\/wp\/v2\/product_tag?post=52986"}],"curies":[{"name":"wp","href":"https:\/\/api.w.org\/{rel}","templated":true}]}}