{"id":52985,"date":"2026-04-26T09:01:21","date_gmt":"2026-04-26T09:01:21","guid":{"rendered":""},"modified":"2026-04-26T09:01:21","modified_gmt":"2026-04-26T09:01:21","slug":"must-have-vanova-baterie-maxmax-mexen-alfa-s-pripojenim-na-sprchu-bila-chrom-745730-02-52985","status":"publish","type":"product","link":"https:\/\/www.domtechnikpro.com\/index.php\/produkt\/must-have-vanova-baterie-maxmax-mexen-alfa-s-pripojenim-na-sprchu-bila-chrom-745730-02-52985\/","title":{"rendered":"Must-Have Vanov\u00e1 baterie MAXMAX MEXEN ALFA s p\u0159ipojen\u00edm na sprchu &#8211; b\u00edl\u00e1\/chrom, 745730-02"},"content":{"rendered":"<div class=\"tabs__content-outer\" id=\"tab_description\" data-hash=\"description\" data-tabindex=\"-1\">\n<div class=\"tabs__content toggle_description\" id=\"content_description\">\n<div class=\"wysiwyg-content\">\n<div class=\"product__tab product__description full-width\">\n<div class=\"container\">\n<div >\n<h3>Vanov\u00e1 baterie MAXMAX ALFA s p\u0159ipojen\u00edm na sprchu &#8211; b\u00edl\u00e1\/chrom<\/h3>\n<p><span>Tato elegantn\u00ed vanov\u00e1 baterie vynik\u00e1 sv\u00fdm modern\u00edm a minimalistick\u00fdm vzhledem. T\u011blo\u00a0vodovodn\u00ed baterie<strong>\u00a0<\/strong>je vyrobeno z\u00a0<strong>mosazi<\/strong>, kter\u00e9 je pokryto \u010dty\u0159n\u00e1sobnou vrstvou <strong>b\u00edl\u00e9 barvy s\u00a0chromov\u00fdmi dopl\u0148ky<\/strong>. To vytv\u00e1\u0159\u00ed nad\u010dasov\u00fd celek, d\u00edky kter\u00e9mu bude baterie nejen funk\u010dn\u00ed, ale i skv\u011bl\u00fdm designov\u00fdm dopl\u0148kem.\u00a0<\/span><\/p>\n<p><span><strong>Parametry:<\/strong><\/span><\/p>\n<ul>\n<li>Hlava: keramick\u00e1\u00a0<\/li>\n<li>Materi\u00e1l: mosaz\u00a0<\/li>\n<li>Rozte\u010d p\u0159ipojen\u00ed: 15 cm\u00a0<\/li>\n<li>P\u0159ipojen\u00ed vody: 1\/2&#8243;\u00a0<\/li>\n<li>P\u0159ipojen\u00ed sprchov\u00e9 hadice: 1\/2&#8243;\u00a0<\/li>\n<\/ul>\n<\/div><\/div>\n<\/p><\/div>\n<\/p><\/div>\n<\/p><\/div>\n","protected":false},"excerpt":{"rendered":"<p>Vanov\u00e1 baterie MAXMAX ALFA s p\u0159ipojen\u00edm na sprchu &#8211; b\u00edl\u00e1\/chrom Tato elegantn\u00ed vanov\u00e1 baterie vynik\u00e1 sv\u00fdm modern\u00edm a minimalistick\u00fdm vzhledem. T\u011blo\u00a0vodovodn\u00ed baterie\u00a0je vyrobeno z\u00a0mosazi, kter\u00e9 je pokryto \u010dty\u0159n\u00e1sobnou vrstvou b\u00edl\u00e9 barvy s\u00a0chromov\u00fdmi dopl\u0148ky. To vytv\u00e1\u0159\u00ed nad\u010dasov\u00fd celek, d\u00edky kter\u00e9mu bude baterie nejen funk\u010dn\u00ed, ale i skv\u011bl\u00fdm designov\u00fdm dopl\u0148kem.\u00a0 Parametry: Hlava: keramick\u00e1\u00a0 Materi\u00e1l: mosaz\u00a0 Rozte\u010d p\u0159ipojen\u00ed: [&hellip;]<\/p>\n","protected":false},"featured_media":53085,"comment_status":"open","ping_status":"open","template":"","meta":[],"product_brand":[],"product_cat":[171],"product_tag":[],"class_list":{"0":"post-52985","1":"product","2":"type-product","3":"status-publish","4":"has-post-thumbnail","6":"product_cat-koupelna","8":"first","9":"instock","10":"sale","11":"shipping-taxable","12":"purchasable","13":"product-type-simple"},"yoast_head":"<!-- This site is optimized with the Yoast SEO plugin v26.8 - https:\/\/yoast.com\/product\/yoast-seo-wordpress\/ -->\n<title>Must-Have Vanov\u00e1 baterie MAXMAX MEXEN ALFA s p\u0159ipojen\u00edm na sprchu - b\u00edl\u00e1\/chrom, 745730-02 -<\/title>\n<meta name=\"robots\" content=\"index, follow, max-snippet:-1, max-image-preview:large, max-video-preview:-1\" \/>\n<link rel=\"canonical\" href=\"https:\/\/www.domtechnikpro.com\/index.php\/produkt\/must-have-vanova-baterie-maxmax-mexen-alfa-s-pripojenim-na-sprchu-bila-chrom-745730-02-52985\/\" \/>\n<meta property=\"og:locale\" content=\"cs_CZ\" \/>\n<meta property=\"og:type\" content=\"article\" \/>\n<meta property=\"og:title\" content=\"Must-Have Vanov\u00e1 baterie MAXMAX MEXEN ALFA s p\u0159ipojen\u00edm na sprchu - b\u00edl\u00e1\/chrom, 745730-02 -\" \/>\n<meta property=\"og:description\" content=\"Vanov\u00e1 baterie MAXMAX ALFA s p\u0159ipojen\u00edm na sprchu &#8211; b\u00edl\u00e1\/chrom Tato elegantn\u00ed vanov\u00e1 baterie vynik\u00e1 sv\u00fdm modern\u00edm a minimalistick\u00fdm vzhledem. T\u011blo\u00a0vodovodn\u00ed baterie\u00a0je vyrobeno z\u00a0mosazi, kter\u00e9 je pokryto \u010dty\u0159n\u00e1sobnou vrstvou b\u00edl\u00e9 barvy s\u00a0chromov\u00fdmi dopl\u0148ky. To vytv\u00e1\u0159\u00ed nad\u010dasov\u00fd celek, d\u00edky kter\u00e9mu bude baterie nejen funk\u010dn\u00ed, ale i skv\u011bl\u00fdm designov\u00fdm dopl\u0148kem.\u00a0 Parametry: Hlava: keramick\u00e1\u00a0 Materi\u00e1l: mosaz\u00a0 Rozte\u010d p\u0159ipojen\u00ed: [&hellip;]\" \/>\n<meta property=\"og:url\" content=\"https:\/\/www.domtechnikpro.com\/index.php\/produkt\/must-have-vanova-baterie-maxmax-mexen-alfa-s-pripojenim-na-sprchu-bila-chrom-745730-02-52985\/\" \/>\n<meta property=\"og:image\" content=\"https:\/\/www.domtechnikpro.com\/wp-content\/uploads\/2026\/SK0001358-CZ20260425-093041-0-1777080643-vanova-baterie-maxmax-mexen-alfa-s-pripojenim-na-sprchu-2.j.webp\" \/>\n\t<meta property=\"og:image:width\" content=\"1000\" \/>\n\t<meta property=\"og:image:height\" content=\"563\" \/>\n\t<meta property=\"og:image:type\" content=\"image\/webp\" \/>\n<meta name=\"twitter:card\" content=\"summary_large_image\" \/>\n<script type=\"application\/ld+json\" class=\"yoast-schema-graph\">{\"@context\":\"https:\/\/schema.org\",\"@graph\":[{\"@type\":\"WebPage\",\"@id\":\"https:\/\/www.domtechnikpro.com\/index.php\/produkt\/must-have-vanova-baterie-maxmax-mexen-alfa-s-pripojenim-na-sprchu-bila-chrom-745730-02-52985\/\",\"url\":\"https:\/\/www.domtechnikpro.com\/index.php\/produkt\/must-have-vanova-baterie-maxmax-mexen-alfa-s-pripojenim-na-sprchu-bila-chrom-745730-02-52985\/\",\"name\":\"Must-Have Vanov\u00e1 baterie MAXMAX MEXEN ALFA s p\u0159ipojen\u00edm na sprchu - b\u00edl\u00e1\/chrom, 745730-02 -\",\"isPartOf\":{\"@id\":\"https:\/\/www.domtechnikpro.com\/#website\"},\"primaryImageOfPage\":{\"@id\":\"https:\/\/www.domtechnikpro.com\/index.php\/produkt\/must-have-vanova-baterie-maxmax-mexen-alfa-s-pripojenim-na-sprchu-bila-chrom-745730-02-52985\/#primaryimage\"},\"image\":{\"@id\":\"https:\/\/www.domtechnikpro.com\/index.php\/produkt\/must-have-vanova-baterie-maxmax-mexen-alfa-s-pripojenim-na-sprchu-bila-chrom-745730-02-52985\/#primaryimage\"},\"thumbnailUrl\":\"https:\/\/www.domtechnikpro.com\/wp-content\/uploads\/2026\/SK0001358-CZ20260425-093041-0-1777080643-vanova-baterie-maxmax-mexen-alfa-s-pripojenim-na-sprchu-2.j.webp\",\"datePublished\":\"2026-04-26T09:01:21+00:00\",\"breadcrumb\":{\"@id\":\"https:\/\/www.domtechnikpro.com\/index.php\/produkt\/must-have-vanova-baterie-maxmax-mexen-alfa-s-pripojenim-na-sprchu-bila-chrom-745730-02-52985\/#breadcrumb\"},\"inLanguage\":\"cs\",\"potentialAction\":[{\"@type\":\"ReadAction\",\"target\":[\"https:\/\/www.domtechnikpro.com\/index.php\/produkt\/must-have-vanova-baterie-maxmax-mexen-alfa-s-pripojenim-na-sprchu-bila-chrom-745730-02-52985\/\"]}]},{\"@type\":\"ImageObject\",\"inLanguage\":\"cs\",\"@id\":\"https:\/\/www.domtechnikpro.com\/index.php\/produkt\/must-have-vanova-baterie-maxmax-mexen-alfa-s-pripojenim-na-sprchu-bila-chrom-745730-02-52985\/#primaryimage\",\"url\":\"https:\/\/www.domtechnikpro.com\/wp-content\/uploads\/2026\/SK0001358-CZ20260425-093041-0-1777080643-vanova-baterie-maxmax-mexen-alfa-s-pripojenim-na-sprchu-2.j.webp\",\"contentUrl\":\"https:\/\/www.domtechnikpro.com\/wp-content\/uploads\/2026\/SK0001358-CZ20260425-093041-0-1777080643-vanova-baterie-maxmax-mexen-alfa-s-pripojenim-na-sprchu-2.j.webp\",\"width\":1000,\"height\":563},{\"@type\":\"BreadcrumbList\",\"@id\":\"https:\/\/www.domtechnikpro.com\/index.php\/produkt\/must-have-vanova-baterie-maxmax-mexen-alfa-s-pripojenim-na-sprchu-bila-chrom-745730-02-52985\/#breadcrumb\",\"itemListElement\":[{\"@type\":\"ListItem\",\"position\":1,\"name\":\"Home\",\"item\":\"https:\/\/www.domtechnikpro.com\/\"},{\"@type\":\"ListItem\",\"position\":2,\"name\":\"Products\",\"item\":\"https:\/\/www.domtechnikpro.com\/index.php\/products\/\"},{\"@type\":\"ListItem\",\"position\":3,\"name\":\"Must-Have Vanov\u00e1 baterie MAXMAX MEXEN ALFA s p\u0159ipojen\u00edm na sprchu &#8211; b\u00edl\u00e1\/chrom, 745730-02\"}]},{\"@type\":\"WebSite\",\"@id\":\"https:\/\/www.domtechnikpro.com\/#website\",\"url\":\"https:\/\/www.domtechnikpro.com\/\",\"name\":\"\",\"description\":\"\",\"potentialAction\":[{\"@type\":\"SearchAction\",\"target\":{\"@type\":\"EntryPoint\",\"urlTemplate\":\"https:\/\/www.domtechnikpro.com\/?s={search_term_string}\"},\"query-input\":{\"@type\":\"PropertyValueSpecification\",\"valueRequired\":true,\"valueName\":\"search_term_string\"}}],\"inLanguage\":\"cs\"}]}<\/script>\n<!-- \/ Yoast SEO plugin. -->","yoast_head_json":{"title":"Must-Have Vanov\u00e1 baterie MAXMAX MEXEN ALFA s p\u0159ipojen\u00edm na sprchu - b\u00edl\u00e1\/chrom, 745730-02 -","robots":{"index":"index","follow":"follow","max-snippet":"max-snippet:-1","max-image-preview":"max-image-preview:large","max-video-preview":"max-video-preview:-1"},"canonical":"https:\/\/www.domtechnikpro.com\/index.php\/produkt\/must-have-vanova-baterie-maxmax-mexen-alfa-s-pripojenim-na-sprchu-bila-chrom-745730-02-52985\/","og_locale":"cs_CZ","og_type":"article","og_title":"Must-Have Vanov\u00e1 baterie MAXMAX MEXEN ALFA s p\u0159ipojen\u00edm na sprchu - b\u00edl\u00e1\/chrom, 745730-02 -","og_description":"Vanov\u00e1 baterie MAXMAX ALFA s p\u0159ipojen\u00edm na sprchu &#8211; b\u00edl\u00e1\/chrom Tato elegantn\u00ed vanov\u00e1 baterie vynik\u00e1 sv\u00fdm modern\u00edm a minimalistick\u00fdm vzhledem. T\u011blo\u00a0vodovodn\u00ed baterie\u00a0je vyrobeno z\u00a0mosazi, kter\u00e9 je pokryto \u010dty\u0159n\u00e1sobnou vrstvou b\u00edl\u00e9 barvy s\u00a0chromov\u00fdmi dopl\u0148ky. To vytv\u00e1\u0159\u00ed nad\u010dasov\u00fd celek, d\u00edky kter\u00e9mu bude baterie nejen funk\u010dn\u00ed, ale i skv\u011bl\u00fdm designov\u00fdm dopl\u0148kem.\u00a0 Parametry: Hlava: keramick\u00e1\u00a0 Materi\u00e1l: mosaz\u00a0 Rozte\u010d p\u0159ipojen\u00ed: [&hellip;]","og_url":"https:\/\/www.domtechnikpro.com\/index.php\/produkt\/must-have-vanova-baterie-maxmax-mexen-alfa-s-pripojenim-na-sprchu-bila-chrom-745730-02-52985\/","og_image":[{"width":1000,"height":563,"url":"https:\/\/www.domtechnikpro.com\/wp-content\/uploads\/2026\/SK0001358-CZ20260425-093041-0-1777080643-vanova-baterie-maxmax-mexen-alfa-s-pripojenim-na-sprchu-2.j.webp","type":"image\/webp"}],"twitter_card":"summary_large_image","schema":{"@context":"https:\/\/schema.org","@graph":[{"@type":"WebPage","@id":"https:\/\/www.domtechnikpro.com\/index.php\/produkt\/must-have-vanova-baterie-maxmax-mexen-alfa-s-pripojenim-na-sprchu-bila-chrom-745730-02-52985\/","url":"https:\/\/www.domtechnikpro.com\/index.php\/produkt\/must-have-vanova-baterie-maxmax-mexen-alfa-s-pripojenim-na-sprchu-bila-chrom-745730-02-52985\/","name":"Must-Have Vanov\u00e1 baterie MAXMAX MEXEN ALFA s p\u0159ipojen\u00edm na sprchu - b\u00edl\u00e1\/chrom, 745730-02 -","isPartOf":{"@id":"https:\/\/www.domtechnikpro.com\/#website"},"primaryImageOfPage":{"@id":"https:\/\/www.domtechnikpro.com\/index.php\/produkt\/must-have-vanova-baterie-maxmax-mexen-alfa-s-pripojenim-na-sprchu-bila-chrom-745730-02-52985\/#primaryimage"},"image":{"@id":"https:\/\/www.domtechnikpro.com\/index.php\/produkt\/must-have-vanova-baterie-maxmax-mexen-alfa-s-pripojenim-na-sprchu-bila-chrom-745730-02-52985\/#primaryimage"},"thumbnailUrl":"https:\/\/www.domtechnikpro.com\/wp-content\/uploads\/2026\/SK0001358-CZ20260425-093041-0-1777080643-vanova-baterie-maxmax-mexen-alfa-s-pripojenim-na-sprchu-2.j.webp","datePublished":"2026-04-26T09:01:21+00:00","breadcrumb":{"@id":"https:\/\/www.domtechnikpro.com\/index.php\/produkt\/must-have-vanova-baterie-maxmax-mexen-alfa-s-pripojenim-na-sprchu-bila-chrom-745730-02-52985\/#breadcrumb"},"inLanguage":"cs","potentialAction":[{"@type":"ReadAction","target":["https:\/\/www.domtechnikpro.com\/index.php\/produkt\/must-have-vanova-baterie-maxmax-mexen-alfa-s-pripojenim-na-sprchu-bila-chrom-745730-02-52985\/"]}]},{"@type":"ImageObject","inLanguage":"cs","@id":"https:\/\/www.domtechnikpro.com\/index.php\/produkt\/must-have-vanova-baterie-maxmax-mexen-alfa-s-pripojenim-na-sprchu-bila-chrom-745730-02-52985\/#primaryimage","url":"https:\/\/www.domtechnikpro.com\/wp-content\/uploads\/2026\/SK0001358-CZ20260425-093041-0-1777080643-vanova-baterie-maxmax-mexen-alfa-s-pripojenim-na-sprchu-2.j.webp","contentUrl":"https:\/\/www.domtechnikpro.com\/wp-content\/uploads\/2026\/SK0001358-CZ20260425-093041-0-1777080643-vanova-baterie-maxmax-mexen-alfa-s-pripojenim-na-sprchu-2.j.webp","width":1000,"height":563},{"@type":"BreadcrumbList","@id":"https:\/\/www.domtechnikpro.com\/index.php\/produkt\/must-have-vanova-baterie-maxmax-mexen-alfa-s-pripojenim-na-sprchu-bila-chrom-745730-02-52985\/#breadcrumb","itemListElement":[{"@type":"ListItem","position":1,"name":"Home","item":"https:\/\/www.domtechnikpro.com\/"},{"@type":"ListItem","position":2,"name":"Products","item":"https:\/\/www.domtechnikpro.com\/index.php\/products\/"},{"@type":"ListItem","position":3,"name":"Must-Have Vanov\u00e1 baterie MAXMAX MEXEN ALFA s p\u0159ipojen\u00edm na sprchu &#8211; b\u00edl\u00e1\/chrom, 745730-02"}]},{"@type":"WebSite","@id":"https:\/\/www.domtechnikpro.com\/#website","url":"https:\/\/www.domtechnikpro.com\/","name":"","description":"","potentialAction":[{"@type":"SearchAction","target":{"@type":"EntryPoint","urlTemplate":"https:\/\/www.domtechnikpro.com\/?s={search_term_string}"},"query-input":{"@type":"PropertyValueSpecification","valueRequired":true,"valueName":"search_term_string"}}],"inLanguage":"cs"}]}},"_links":{"self":[{"href":"https:\/\/www.domtechnikpro.com\/index.php\/wp-json\/wp\/v2\/product\/52985","targetHints":{"allow":["GET"]}}],"collection":[{"href":"https:\/\/www.domtechnikpro.com\/index.php\/wp-json\/wp\/v2\/product"}],"about":[{"href":"https:\/\/www.domtechnikpro.com\/index.php\/wp-json\/wp\/v2\/types\/product"}],"replies":[{"embeddable":true,"href":"https:\/\/www.domtechnikpro.com\/index.php\/wp-json\/wp\/v2\/comments?post=52985"}],"wp:featuredmedia":[{"embeddable":true,"href":"https:\/\/www.domtechnikpro.com\/index.php\/wp-json\/wp\/v2\/media\/53085"}],"wp:attachment":[{"href":"https:\/\/www.domtechnikpro.com\/index.php\/wp-json\/wp\/v2\/media?parent=52985"}],"wp:term":[{"taxonomy":"product_brand","embeddable":true,"href":"https:\/\/www.domtechnikpro.com\/index.php\/wp-json\/wp\/v2\/product_brand?post=52985"},{"taxonomy":"product_cat","embeddable":true,"href":"https:\/\/www.domtechnikpro.com\/index.php\/wp-json\/wp\/v2\/product_cat?post=52985"},{"taxonomy":"product_tag","embeddable":true,"href":"https:\/\/www.domtechnikpro.com\/index.php\/wp-json\/wp\/v2\/product_tag?post=52985"}],"curies":[{"name":"wp","href":"https:\/\/api.w.org\/{rel}","templated":true}]}}