{"id":52981,"date":"2026-04-26T09:01:21","date_gmt":"2026-04-26T09:01:21","guid":{"rendered":""},"modified":"2026-04-26T09:01:21","modified_gmt":"2026-04-26T09:01:21","slug":"rucni-sprchova-hlavice-mexen-r-40-2-funkce-240x105-mm-bila-79540-20-posledni-sance-52981","status":"publish","type":"product","link":"https:\/\/www.domtechnikpro.com\/index.php\/produkt\/rucni-sprchova-hlavice-mexen-r-40-2-funkce-240x105-mm-bila-79540-20-posledni-sance-52981\/","title":{"rendered":"Ru\u010dn\u00ed sprchov\u00e1 hlavice MEXEN R-40 &#8211; 2 funkce &#8211; 240&#215;105 mm &#8211; b\u00edl\u00e1, 79540-20 Posledn\u00ed \u0160ance"},"content":{"rendered":"<div class=\"tabs__content-outer\" id=\"tab_description\" data-hash=\"description\" data-tabindex=\"-1\">\n<div class=\"tabs__content toggle_description\" id=\"content_description\">\n<div class=\"wysiwyg-content\">\n<div class=\"product__tab product__description full-width\">\n<div class=\"container\">\n<div >\n<h3>Ru\u010dn\u00ed sprchov\u00e1 hlavice R-40 &#8211; 2 funkce &#8211; 240&#215;105 mm &#8211; b\u00edl\u00e1<\/h3>\n<p>Elegantn\u00ed a funk\u010dn\u00ed sprchov\u00e1 ru\u010dn\u00ed hlavice s modern\u00edmi tvary. Minimalistick\u00fd oto\u010dn\u00fd p\u0159ep\u00edna\u010d p\u0159ep\u00edn\u00e1 mezi dv\u011bma funkcemi &#8211; siln\u00fd mas\u00e1\u017en\u00ed proud ve st\u0159edov\u00e9m kruhu a jemn\u011bj\u0161\u00ed proud po vn\u011bj\u0161\u00edm obvodov\u00e9m kruhu. Hlavice je vyroben\u00e1 z kvalitn\u00edho a odoln\u00e9ho plastu pokryt\u00e9ho vrstvou b\u00edl\u00e9 barvy. T\u00edm je zaji\u0161t\u011bna mal\u00e1 hmotnost hlavice, ale tak\u00e9 jej\u00ed dlouh\u00e1 \u017eivotnost.\u00a0<\/p>\n<p><span><strong>Parametry:<\/strong><\/span><\/p>\n<ul>\n<li>Materi\u00e1l: plast\u00a0<\/li>\n<li>Barva: b\u00edl\u00e1\u00a0<\/li>\n<li>Pr\u016fm\u011br hlavice: 105 mm\u00a0<\/li>\n<li>V\u00fd\u0161ka: 240 mm<\/li>\n<li>P\u0159ipojen\u00ed: 1\/2&#8243;\u00a0<\/li>\n<\/ul>\n<\/div><\/div>\n<\/p><\/div>\n<\/p><\/div>\n<\/p><\/div>\n","protected":false},"excerpt":{"rendered":"<p>Ru\u010dn\u00ed sprchov\u00e1 hlavice R-40 &#8211; 2 funkce &#8211; 240&#215;105 mm &#8211; b\u00edl\u00e1 Elegantn\u00ed a funk\u010dn\u00ed sprchov\u00e1 ru\u010dn\u00ed hlavice s modern\u00edmi tvary. Minimalistick\u00fd oto\u010dn\u00fd p\u0159ep\u00edna\u010d p\u0159ep\u00edn\u00e1 mezi dv\u011bma funkcemi &#8211; siln\u00fd mas\u00e1\u017en\u00ed proud ve st\u0159edov\u00e9m kruhu a jemn\u011bj\u0161\u00ed proud po vn\u011bj\u0161\u00edm obvodov\u00e9m kruhu. Hlavice je vyroben\u00e1 z kvalitn\u00edho a odoln\u00e9ho plastu pokryt\u00e9ho vrstvou b\u00edl\u00e9 barvy. T\u00edm [&hellip;]<\/p>\n","protected":false},"featured_media":53081,"comment_status":"open","ping_status":"open","template":"","meta":[],"product_brand":[],"product_cat":[171],"product_tag":[],"class_list":{"0":"post-52981","1":"product","2":"type-product","3":"status-publish","4":"has-post-thumbnail","6":"product_cat-koupelna","8":"first","9":"instock","10":"sale","11":"shipping-taxable","12":"purchasable","13":"product-type-simple"},"yoast_head":"<!-- This site is optimized with the Yoast SEO plugin v26.8 - https:\/\/yoast.com\/product\/yoast-seo-wordpress\/ -->\n<title>Ru\u010dn\u00ed sprchov\u00e1 hlavice MEXEN R-40 - 2 funkce - 240x105 mm - b\u00edl\u00e1, 79540-20 Posledn\u00ed \u0160ance -<\/title>\n<meta name=\"robots\" content=\"index, follow, max-snippet:-1, max-image-preview:large, max-video-preview:-1\" \/>\n<link rel=\"canonical\" href=\"https:\/\/www.domtechnikpro.com\/index.php\/produkt\/rucni-sprchova-hlavice-mexen-r-40-2-funkce-240x105-mm-bila-79540-20-posledni-sance-52981\/\" \/>\n<meta property=\"og:locale\" content=\"cs_CZ\" \/>\n<meta property=\"og:type\" content=\"article\" \/>\n<meta property=\"og:title\" content=\"Ru\u010dn\u00ed sprchov\u00e1 hlavice MEXEN R-40 - 2 funkce - 240x105 mm - b\u00edl\u00e1, 79540-20 Posledn\u00ed \u0160ance -\" \/>\n<meta property=\"og:description\" content=\"Ru\u010dn\u00ed sprchov\u00e1 hlavice R-40 &#8211; 2 funkce &#8211; 240&#215;105 mm &#8211; b\u00edl\u00e1 Elegantn\u00ed a funk\u010dn\u00ed sprchov\u00e1 ru\u010dn\u00ed hlavice s modern\u00edmi tvary. Minimalistick\u00fd oto\u010dn\u00fd p\u0159ep\u00edna\u010d p\u0159ep\u00edn\u00e1 mezi dv\u011bma funkcemi &#8211; siln\u00fd mas\u00e1\u017en\u00ed proud ve st\u0159edov\u00e9m kruhu a jemn\u011bj\u0161\u00ed proud po vn\u011bj\u0161\u00edm obvodov\u00e9m kruhu. Hlavice je vyroben\u00e1 z kvalitn\u00edho a odoln\u00e9ho plastu pokryt\u00e9ho vrstvou b\u00edl\u00e9 barvy. T\u00edm [&hellip;]\" \/>\n<meta property=\"og:url\" content=\"https:\/\/www.domtechnikpro.com\/index.php\/produkt\/rucni-sprchova-hlavice-mexen-r-40-2-funkce-240x105-mm-bila-79540-20-posledni-sance-52981\/\" \/>\n<meta property=\"og:image\" content=\"https:\/\/www.domtechnikpro.com\/wp-content\/uploads\/2026\/SK0001354-CZ20260425-093041-0-1777080643-rucni-sprchova-hlavice-mexen-r-40-2-funkce-240x105-mm-bila..webp\" \/>\n\t<meta property=\"og:image:width\" content=\"555\" \/>\n\t<meta property=\"og:image:height\" content=\"800\" \/>\n\t<meta property=\"og:image:type\" content=\"image\/webp\" \/>\n<meta name=\"twitter:card\" content=\"summary_large_image\" \/>\n<meta name=\"twitter:label1\" content=\"Odhadovan\u00e1 doba \u010dten\u00ed\" \/>\n\t<meta name=\"twitter:data1\" content=\"1 minuta\" \/>\n<script type=\"application\/ld+json\" class=\"yoast-schema-graph\">{\"@context\":\"https:\/\/schema.org\",\"@graph\":[{\"@type\":\"WebPage\",\"@id\":\"https:\/\/www.domtechnikpro.com\/index.php\/produkt\/rucni-sprchova-hlavice-mexen-r-40-2-funkce-240x105-mm-bila-79540-20-posledni-sance-52981\/\",\"url\":\"https:\/\/www.domtechnikpro.com\/index.php\/produkt\/rucni-sprchova-hlavice-mexen-r-40-2-funkce-240x105-mm-bila-79540-20-posledni-sance-52981\/\",\"name\":\"Ru\u010dn\u00ed sprchov\u00e1 hlavice MEXEN R-40 - 2 funkce - 240x105 mm - b\u00edl\u00e1, 79540-20 Posledn\u00ed \u0160ance -\",\"isPartOf\":{\"@id\":\"https:\/\/www.domtechnikpro.com\/#website\"},\"primaryImageOfPage\":{\"@id\":\"https:\/\/www.domtechnikpro.com\/index.php\/produkt\/rucni-sprchova-hlavice-mexen-r-40-2-funkce-240x105-mm-bila-79540-20-posledni-sance-52981\/#primaryimage\"},\"image\":{\"@id\":\"https:\/\/www.domtechnikpro.com\/index.php\/produkt\/rucni-sprchova-hlavice-mexen-r-40-2-funkce-240x105-mm-bila-79540-20-posledni-sance-52981\/#primaryimage\"},\"thumbnailUrl\":\"https:\/\/www.domtechnikpro.com\/wp-content\/uploads\/2026\/SK0001354-CZ20260425-093041-0-1777080643-rucni-sprchova-hlavice-mexen-r-40-2-funkce-240x105-mm-bila..webp\",\"datePublished\":\"2026-04-26T09:01:21+00:00\",\"breadcrumb\":{\"@id\":\"https:\/\/www.domtechnikpro.com\/index.php\/produkt\/rucni-sprchova-hlavice-mexen-r-40-2-funkce-240x105-mm-bila-79540-20-posledni-sance-52981\/#breadcrumb\"},\"inLanguage\":\"cs\",\"potentialAction\":[{\"@type\":\"ReadAction\",\"target\":[\"https:\/\/www.domtechnikpro.com\/index.php\/produkt\/rucni-sprchova-hlavice-mexen-r-40-2-funkce-240x105-mm-bila-79540-20-posledni-sance-52981\/\"]}]},{\"@type\":\"ImageObject\",\"inLanguage\":\"cs\",\"@id\":\"https:\/\/www.domtechnikpro.com\/index.php\/produkt\/rucni-sprchova-hlavice-mexen-r-40-2-funkce-240x105-mm-bila-79540-20-posledni-sance-52981\/#primaryimage\",\"url\":\"https:\/\/www.domtechnikpro.com\/wp-content\/uploads\/2026\/SK0001354-CZ20260425-093041-0-1777080643-rucni-sprchova-hlavice-mexen-r-40-2-funkce-240x105-mm-bila..webp\",\"contentUrl\":\"https:\/\/www.domtechnikpro.com\/wp-content\/uploads\/2026\/SK0001354-CZ20260425-093041-0-1777080643-rucni-sprchova-hlavice-mexen-r-40-2-funkce-240x105-mm-bila..webp\",\"width\":555,\"height\":800},{\"@type\":\"BreadcrumbList\",\"@id\":\"https:\/\/www.domtechnikpro.com\/index.php\/produkt\/rucni-sprchova-hlavice-mexen-r-40-2-funkce-240x105-mm-bila-79540-20-posledni-sance-52981\/#breadcrumb\",\"itemListElement\":[{\"@type\":\"ListItem\",\"position\":1,\"name\":\"Home\",\"item\":\"https:\/\/www.domtechnikpro.com\/\"},{\"@type\":\"ListItem\",\"position\":2,\"name\":\"Products\",\"item\":\"https:\/\/www.domtechnikpro.com\/index.php\/products\/\"},{\"@type\":\"ListItem\",\"position\":3,\"name\":\"Ru\u010dn\u00ed sprchov\u00e1 hlavice MEXEN R-40 &#8211; 2 funkce &#8211; 240&#215;105 mm &#8211; b\u00edl\u00e1, 79540-20 Posledn\u00ed \u0160ance\"}]},{\"@type\":\"WebSite\",\"@id\":\"https:\/\/www.domtechnikpro.com\/#website\",\"url\":\"https:\/\/www.domtechnikpro.com\/\",\"name\":\"\",\"description\":\"\",\"potentialAction\":[{\"@type\":\"SearchAction\",\"target\":{\"@type\":\"EntryPoint\",\"urlTemplate\":\"https:\/\/www.domtechnikpro.com\/?s={search_term_string}\"},\"query-input\":{\"@type\":\"PropertyValueSpecification\",\"valueRequired\":true,\"valueName\":\"search_term_string\"}}],\"inLanguage\":\"cs\"}]}<\/script>\n<!-- \/ Yoast SEO plugin. -->","yoast_head_json":{"title":"Ru\u010dn\u00ed sprchov\u00e1 hlavice MEXEN R-40 - 2 funkce - 240x105 mm - b\u00edl\u00e1, 79540-20 Posledn\u00ed \u0160ance -","robots":{"index":"index","follow":"follow","max-snippet":"max-snippet:-1","max-image-preview":"max-image-preview:large","max-video-preview":"max-video-preview:-1"},"canonical":"https:\/\/www.domtechnikpro.com\/index.php\/produkt\/rucni-sprchova-hlavice-mexen-r-40-2-funkce-240x105-mm-bila-79540-20-posledni-sance-52981\/","og_locale":"cs_CZ","og_type":"article","og_title":"Ru\u010dn\u00ed sprchov\u00e1 hlavice MEXEN R-40 - 2 funkce - 240x105 mm - b\u00edl\u00e1, 79540-20 Posledn\u00ed \u0160ance -","og_description":"Ru\u010dn\u00ed sprchov\u00e1 hlavice R-40 &#8211; 2 funkce &#8211; 240&#215;105 mm &#8211; b\u00edl\u00e1 Elegantn\u00ed a funk\u010dn\u00ed sprchov\u00e1 ru\u010dn\u00ed hlavice s modern\u00edmi tvary. Minimalistick\u00fd oto\u010dn\u00fd p\u0159ep\u00edna\u010d p\u0159ep\u00edn\u00e1 mezi dv\u011bma funkcemi &#8211; siln\u00fd mas\u00e1\u017en\u00ed proud ve st\u0159edov\u00e9m kruhu a jemn\u011bj\u0161\u00ed proud po vn\u011bj\u0161\u00edm obvodov\u00e9m kruhu. Hlavice je vyroben\u00e1 z kvalitn\u00edho a odoln\u00e9ho plastu pokryt\u00e9ho vrstvou b\u00edl\u00e9 barvy. T\u00edm [&hellip;]","og_url":"https:\/\/www.domtechnikpro.com\/index.php\/produkt\/rucni-sprchova-hlavice-mexen-r-40-2-funkce-240x105-mm-bila-79540-20-posledni-sance-52981\/","og_image":[{"width":555,"height":800,"url":"https:\/\/www.domtechnikpro.com\/wp-content\/uploads\/2026\/SK0001354-CZ20260425-093041-0-1777080643-rucni-sprchova-hlavice-mexen-r-40-2-funkce-240x105-mm-bila..webp","type":"image\/webp"}],"twitter_card":"summary_large_image","twitter_misc":{"Odhadovan\u00e1 doba \u010dten\u00ed":"1 minuta"},"schema":{"@context":"https:\/\/schema.org","@graph":[{"@type":"WebPage","@id":"https:\/\/www.domtechnikpro.com\/index.php\/produkt\/rucni-sprchova-hlavice-mexen-r-40-2-funkce-240x105-mm-bila-79540-20-posledni-sance-52981\/","url":"https:\/\/www.domtechnikpro.com\/index.php\/produkt\/rucni-sprchova-hlavice-mexen-r-40-2-funkce-240x105-mm-bila-79540-20-posledni-sance-52981\/","name":"Ru\u010dn\u00ed sprchov\u00e1 hlavice MEXEN R-40 - 2 funkce - 240x105 mm - b\u00edl\u00e1, 79540-20 Posledn\u00ed \u0160ance -","isPartOf":{"@id":"https:\/\/www.domtechnikpro.com\/#website"},"primaryImageOfPage":{"@id":"https:\/\/www.domtechnikpro.com\/index.php\/produkt\/rucni-sprchova-hlavice-mexen-r-40-2-funkce-240x105-mm-bila-79540-20-posledni-sance-52981\/#primaryimage"},"image":{"@id":"https:\/\/www.domtechnikpro.com\/index.php\/produkt\/rucni-sprchova-hlavice-mexen-r-40-2-funkce-240x105-mm-bila-79540-20-posledni-sance-52981\/#primaryimage"},"thumbnailUrl":"https:\/\/www.domtechnikpro.com\/wp-content\/uploads\/2026\/SK0001354-CZ20260425-093041-0-1777080643-rucni-sprchova-hlavice-mexen-r-40-2-funkce-240x105-mm-bila..webp","datePublished":"2026-04-26T09:01:21+00:00","breadcrumb":{"@id":"https:\/\/www.domtechnikpro.com\/index.php\/produkt\/rucni-sprchova-hlavice-mexen-r-40-2-funkce-240x105-mm-bila-79540-20-posledni-sance-52981\/#breadcrumb"},"inLanguage":"cs","potentialAction":[{"@type":"ReadAction","target":["https:\/\/www.domtechnikpro.com\/index.php\/produkt\/rucni-sprchova-hlavice-mexen-r-40-2-funkce-240x105-mm-bila-79540-20-posledni-sance-52981\/"]}]},{"@type":"ImageObject","inLanguage":"cs","@id":"https:\/\/www.domtechnikpro.com\/index.php\/produkt\/rucni-sprchova-hlavice-mexen-r-40-2-funkce-240x105-mm-bila-79540-20-posledni-sance-52981\/#primaryimage","url":"https:\/\/www.domtechnikpro.com\/wp-content\/uploads\/2026\/SK0001354-CZ20260425-093041-0-1777080643-rucni-sprchova-hlavice-mexen-r-40-2-funkce-240x105-mm-bila..webp","contentUrl":"https:\/\/www.domtechnikpro.com\/wp-content\/uploads\/2026\/SK0001354-CZ20260425-093041-0-1777080643-rucni-sprchova-hlavice-mexen-r-40-2-funkce-240x105-mm-bila..webp","width":555,"height":800},{"@type":"BreadcrumbList","@id":"https:\/\/www.domtechnikpro.com\/index.php\/produkt\/rucni-sprchova-hlavice-mexen-r-40-2-funkce-240x105-mm-bila-79540-20-posledni-sance-52981\/#breadcrumb","itemListElement":[{"@type":"ListItem","position":1,"name":"Home","item":"https:\/\/www.domtechnikpro.com\/"},{"@type":"ListItem","position":2,"name":"Products","item":"https:\/\/www.domtechnikpro.com\/index.php\/products\/"},{"@type":"ListItem","position":3,"name":"Ru\u010dn\u00ed sprchov\u00e1 hlavice MEXEN R-40 &#8211; 2 funkce &#8211; 240&#215;105 mm &#8211; b\u00edl\u00e1, 79540-20 Posledn\u00ed \u0160ance"}]},{"@type":"WebSite","@id":"https:\/\/www.domtechnikpro.com\/#website","url":"https:\/\/www.domtechnikpro.com\/","name":"","description":"","potentialAction":[{"@type":"SearchAction","target":{"@type":"EntryPoint","urlTemplate":"https:\/\/www.domtechnikpro.com\/?s={search_term_string}"},"query-input":{"@type":"PropertyValueSpecification","valueRequired":true,"valueName":"search_term_string"}}],"inLanguage":"cs"}]}},"_links":{"self":[{"href":"https:\/\/www.domtechnikpro.com\/index.php\/wp-json\/wp\/v2\/product\/52981","targetHints":{"allow":["GET"]}}],"collection":[{"href":"https:\/\/www.domtechnikpro.com\/index.php\/wp-json\/wp\/v2\/product"}],"about":[{"href":"https:\/\/www.domtechnikpro.com\/index.php\/wp-json\/wp\/v2\/types\/product"}],"replies":[{"embeddable":true,"href":"https:\/\/www.domtechnikpro.com\/index.php\/wp-json\/wp\/v2\/comments?post=52981"}],"wp:featuredmedia":[{"embeddable":true,"href":"https:\/\/www.domtechnikpro.com\/index.php\/wp-json\/wp\/v2\/media\/53081"}],"wp:attachment":[{"href":"https:\/\/www.domtechnikpro.com\/index.php\/wp-json\/wp\/v2\/media?parent=52981"}],"wp:term":[{"taxonomy":"product_brand","embeddable":true,"href":"https:\/\/www.domtechnikpro.com\/index.php\/wp-json\/wp\/v2\/product_brand?post=52981"},{"taxonomy":"product_cat","embeddable":true,"href":"https:\/\/www.domtechnikpro.com\/index.php\/wp-json\/wp\/v2\/product_cat?post=52981"},{"taxonomy":"product_tag","embeddable":true,"href":"https:\/\/www.domtechnikpro.com\/index.php\/wp-json\/wp\/v2\/product_tag?post=52981"}],"curies":[{"name":"wp","href":"https:\/\/api.w.org\/{rel}","templated":true}]}}