{"id":52978,"date":"2026-04-26T09:01:21","date_gmt":"2026-04-26T09:01:21","guid":{"rendered":""},"modified":"2026-04-26T09:01:21","modified_gmt":"2026-04-26T09:01:21","slug":"super-cena-kuchynska-baterie-mexen-savita-s-vysuvnou-sprchou-seda-672601-61-52978","status":"publish","type":"product","link":"https:\/\/www.domtechnikpro.com\/index.php\/produkt\/super-cena-kuchynska-baterie-mexen-savita-s-vysuvnou-sprchou-seda-672601-61-52978\/","title":{"rendered":"Super Cena Kuchy\u0148sk\u00e1 baterie MEXEN SAVITA s v\u00fdsuvnou sprchou &#8211; \u0161ed\u00e1, 672601-61"},"content":{"rendered":"<div class=\"tabs__content-outer\" id=\"tab_description\" data-hash=\"description\" data-tabindex=\"-1\">\n<div class=\"tabs__content toggle_description\" id=\"content_description\">\n<div class=\"wysiwyg-content\">\n<div class=\"product__tab product__description full-width\">\n<div class=\"container\">\n<div >\n<h3>Kuchy\u0148sk\u00e1 baterie SAVITA s v\u00fdsuvnou sprchou &#8211; \u0161ed\u00e1<\/h3>\n<p><span>T\u011blo modern\u00ed vodovodn\u00ed baterie\u00a0je vyrobeno z <strong>mosazi<\/strong>, kter\u00e9 je pokryto <strong>vrstvou \u0161ed\u00e9 matn\u00e9 barvy.<\/strong>\u00a0<\/span><span>Tato technika chr\u00e1n\u00ed baterii p\u0159ed po\u0161kr\u00e1b\u00e1n\u00edm a koroz\u00ed.\u00a0Baterie se hod\u00ed do ka\u017ed\u00e9 kuchyn\u011b a lze ji bez probl\u00e9mu usadit do otvoru v desce i d\u0159ezu.\u00a0<\/span><\/p>\n<p>Praktick\u00fdm pomocn\u00edkem se stane <strong>v\u00fdsuvn\u00e1 koncov\u00e1 hlavice s hadic\u00ed<\/strong>, d\u00edky kter\u00e9 m\u016f\u017eete snadno opl\u00e1chnout nap\u0159\u00edklad zeleninu nebo d\u0159ez p\u0159i myt\u00ed. V t\u011ble koncovky je integrov\u00e1n i p\u0159ep\u00edna\u010d, kter\u00fdm si vol\u00edte mezi sprchou nebo proudem vody.<\/p>\n<p><span>Syst\u00e9m uvnit\u0159 baterie efektivn\u011b provzdu\u0161\u0148uje vodu, co\u017e p\u0159in\u00e1\u0161\u00ed ni\u017e\u0161\u00ed spot\u0159ebu. Dod\u00e1v\u00e1no v\u010detn\u011b hadi\u010dek, t\u011bsn\u011bn\u00ed a mont\u00e1\u017en\u00edho p\u0159\u00edslu\u0161enstv\u00ed.\u00a0<\/span><\/p>\n<p><strong>Parametry:\u00a0<\/strong><\/p>\n<ul>\n<li>typ um\u00edst\u011bn\u00ed: stoj\u00e1nkov\u00e1\u00a0<\/li>\n<li>materi\u00e1l: mosaz\u00a0<\/li>\n<li>typ hlavy: keramick\u00e1\u00a0<\/li>\n<li>povrchov\u00e1 \u00faprava: \u0161ed\u00e1 matn\u00e1 + chromov\u00e9 dopl\u0148ky<\/li>\n<li>p\u0159ipojen\u00ed: 3\/8&#8243;\u00a0<\/li>\n<li>v\u00fd\u0161ka: 40 cm\u00a0<\/li>\n<\/ul>\n<\/div><\/div>\n<\/p><\/div>\n<\/p><\/div>\n<\/p><\/div>\n","protected":false},"excerpt":{"rendered":"<p>Kuchy\u0148sk\u00e1 baterie SAVITA s v\u00fdsuvnou sprchou &#8211; \u0161ed\u00e1 T\u011blo modern\u00ed vodovodn\u00ed baterie\u00a0je vyrobeno z mosazi, kter\u00e9 je pokryto vrstvou \u0161ed\u00e9 matn\u00e9 barvy.\u00a0Tato technika chr\u00e1n\u00ed baterii p\u0159ed po\u0161kr\u00e1b\u00e1n\u00edm a koroz\u00ed.\u00a0Baterie se hod\u00ed do ka\u017ed\u00e9 kuchyn\u011b a lze ji bez probl\u00e9mu usadit do otvoru v desce i d\u0159ezu.\u00a0 Praktick\u00fdm pomocn\u00edkem se stane v\u00fdsuvn\u00e1 koncov\u00e1 hlavice s hadic\u00ed, [&hellip;]<\/p>\n","protected":false},"featured_media":53078,"comment_status":"open","ping_status":"open","template":"","meta":[],"product_brand":[],"product_cat":[171],"product_tag":[],"class_list":{"0":"post-52978","1":"product","2":"type-product","3":"status-publish","4":"has-post-thumbnail","6":"product_cat-koupelna","8":"first","9":"instock","10":"sale","11":"shipping-taxable","12":"purchasable","13":"product-type-simple"},"yoast_head":"<!-- This site is optimized with the Yoast SEO plugin v26.8 - https:\/\/yoast.com\/product\/yoast-seo-wordpress\/ -->\n<title>Super Cena Kuchy\u0148sk\u00e1 baterie MEXEN SAVITA s v\u00fdsuvnou sprchou - \u0161ed\u00e1, 672601-61 -<\/title>\n<meta name=\"robots\" content=\"index, follow, max-snippet:-1, max-image-preview:large, max-video-preview:-1\" \/>\n<link rel=\"canonical\" href=\"https:\/\/www.domtechnikpro.com\/index.php\/produkt\/super-cena-kuchynska-baterie-mexen-savita-s-vysuvnou-sprchou-seda-672601-61-52978\/\" \/>\n<meta property=\"og:locale\" content=\"cs_CZ\" \/>\n<meta property=\"og:type\" content=\"article\" \/>\n<meta property=\"og:title\" content=\"Super Cena Kuchy\u0148sk\u00e1 baterie MEXEN SAVITA s v\u00fdsuvnou sprchou - \u0161ed\u00e1, 672601-61 -\" \/>\n<meta property=\"og:description\" content=\"Kuchy\u0148sk\u00e1 baterie SAVITA s v\u00fdsuvnou sprchou &#8211; \u0161ed\u00e1 T\u011blo modern\u00ed vodovodn\u00ed baterie\u00a0je vyrobeno z mosazi, kter\u00e9 je pokryto vrstvou \u0161ed\u00e9 matn\u00e9 barvy.\u00a0Tato technika chr\u00e1n\u00ed baterii p\u0159ed po\u0161kr\u00e1b\u00e1n\u00edm a koroz\u00ed.\u00a0Baterie se hod\u00ed do ka\u017ed\u00e9 kuchyn\u011b a lze ji bez probl\u00e9mu usadit do otvoru v desce i d\u0159ezu.\u00a0 Praktick\u00fdm pomocn\u00edkem se stane v\u00fdsuvn\u00e1 koncov\u00e1 hlavice s hadic\u00ed, [&hellip;]\" \/>\n<meta property=\"og:url\" content=\"https:\/\/www.domtechnikpro.com\/index.php\/produkt\/super-cena-kuchynska-baterie-mexen-savita-s-vysuvnou-sprchou-seda-672601-61-52978\/\" \/>\n<meta property=\"og:image\" content=\"https:\/\/www.domtechnikpro.com\/wp-content\/uploads\/2026\/SK0001351-CZ20260425-093041-0-1777080643-kuchynska-baterie-mexen-savita-s-vysuvnou-sprchou-seda.webp\" \/>\n\t<meta property=\"og:image:width\" content=\"546\" \/>\n\t<meta property=\"og:image:height\" content=\"800\" \/>\n\t<meta property=\"og:image:type\" content=\"image\/webp\" \/>\n<meta name=\"twitter:card\" content=\"summary_large_image\" \/>\n<meta name=\"twitter:label1\" content=\"Odhadovan\u00e1 doba \u010dten\u00ed\" \/>\n\t<meta name=\"twitter:data1\" content=\"1 minuta\" \/>\n<script type=\"application\/ld+json\" class=\"yoast-schema-graph\">{\"@context\":\"https:\/\/schema.org\",\"@graph\":[{\"@type\":\"WebPage\",\"@id\":\"https:\/\/www.domtechnikpro.com\/index.php\/produkt\/super-cena-kuchynska-baterie-mexen-savita-s-vysuvnou-sprchou-seda-672601-61-52978\/\",\"url\":\"https:\/\/www.domtechnikpro.com\/index.php\/produkt\/super-cena-kuchynska-baterie-mexen-savita-s-vysuvnou-sprchou-seda-672601-61-52978\/\",\"name\":\"Super Cena Kuchy\u0148sk\u00e1 baterie MEXEN SAVITA s v\u00fdsuvnou sprchou - \u0161ed\u00e1, 672601-61 -\",\"isPartOf\":{\"@id\":\"https:\/\/www.domtechnikpro.com\/#website\"},\"primaryImageOfPage\":{\"@id\":\"https:\/\/www.domtechnikpro.com\/index.php\/produkt\/super-cena-kuchynska-baterie-mexen-savita-s-vysuvnou-sprchou-seda-672601-61-52978\/#primaryimage\"},\"image\":{\"@id\":\"https:\/\/www.domtechnikpro.com\/index.php\/produkt\/super-cena-kuchynska-baterie-mexen-savita-s-vysuvnou-sprchou-seda-672601-61-52978\/#primaryimage\"},\"thumbnailUrl\":\"https:\/\/www.domtechnikpro.com\/wp-content\/uploads\/2026\/SK0001351-CZ20260425-093041-0-1777080643-kuchynska-baterie-mexen-savita-s-vysuvnou-sprchou-seda.webp\",\"datePublished\":\"2026-04-26T09:01:21+00:00\",\"breadcrumb\":{\"@id\":\"https:\/\/www.domtechnikpro.com\/index.php\/produkt\/super-cena-kuchynska-baterie-mexen-savita-s-vysuvnou-sprchou-seda-672601-61-52978\/#breadcrumb\"},\"inLanguage\":\"cs\",\"potentialAction\":[{\"@type\":\"ReadAction\",\"target\":[\"https:\/\/www.domtechnikpro.com\/index.php\/produkt\/super-cena-kuchynska-baterie-mexen-savita-s-vysuvnou-sprchou-seda-672601-61-52978\/\"]}]},{\"@type\":\"ImageObject\",\"inLanguage\":\"cs\",\"@id\":\"https:\/\/www.domtechnikpro.com\/index.php\/produkt\/super-cena-kuchynska-baterie-mexen-savita-s-vysuvnou-sprchou-seda-672601-61-52978\/#primaryimage\",\"url\":\"https:\/\/www.domtechnikpro.com\/wp-content\/uploads\/2026\/SK0001351-CZ20260425-093041-0-1777080643-kuchynska-baterie-mexen-savita-s-vysuvnou-sprchou-seda.webp\",\"contentUrl\":\"https:\/\/www.domtechnikpro.com\/wp-content\/uploads\/2026\/SK0001351-CZ20260425-093041-0-1777080643-kuchynska-baterie-mexen-savita-s-vysuvnou-sprchou-seda.webp\",\"width\":546,\"height\":800},{\"@type\":\"BreadcrumbList\",\"@id\":\"https:\/\/www.domtechnikpro.com\/index.php\/produkt\/super-cena-kuchynska-baterie-mexen-savita-s-vysuvnou-sprchou-seda-672601-61-52978\/#breadcrumb\",\"itemListElement\":[{\"@type\":\"ListItem\",\"position\":1,\"name\":\"Home\",\"item\":\"https:\/\/www.domtechnikpro.com\/\"},{\"@type\":\"ListItem\",\"position\":2,\"name\":\"Products\",\"item\":\"https:\/\/www.domtechnikpro.com\/index.php\/products\/\"},{\"@type\":\"ListItem\",\"position\":3,\"name\":\"Super Cena Kuchy\u0148sk\u00e1 baterie MEXEN SAVITA s v\u00fdsuvnou sprchou &#8211; \u0161ed\u00e1, 672601-61\"}]},{\"@type\":\"WebSite\",\"@id\":\"https:\/\/www.domtechnikpro.com\/#website\",\"url\":\"https:\/\/www.domtechnikpro.com\/\",\"name\":\"\",\"description\":\"\",\"potentialAction\":[{\"@type\":\"SearchAction\",\"target\":{\"@type\":\"EntryPoint\",\"urlTemplate\":\"https:\/\/www.domtechnikpro.com\/?s={search_term_string}\"},\"query-input\":{\"@type\":\"PropertyValueSpecification\",\"valueRequired\":true,\"valueName\":\"search_term_string\"}}],\"inLanguage\":\"cs\"}]}<\/script>\n<!-- \/ Yoast SEO plugin. -->","yoast_head_json":{"title":"Super Cena Kuchy\u0148sk\u00e1 baterie MEXEN SAVITA s v\u00fdsuvnou sprchou - \u0161ed\u00e1, 672601-61 -","robots":{"index":"index","follow":"follow","max-snippet":"max-snippet:-1","max-image-preview":"max-image-preview:large","max-video-preview":"max-video-preview:-1"},"canonical":"https:\/\/www.domtechnikpro.com\/index.php\/produkt\/super-cena-kuchynska-baterie-mexen-savita-s-vysuvnou-sprchou-seda-672601-61-52978\/","og_locale":"cs_CZ","og_type":"article","og_title":"Super Cena Kuchy\u0148sk\u00e1 baterie MEXEN SAVITA s v\u00fdsuvnou sprchou - \u0161ed\u00e1, 672601-61 -","og_description":"Kuchy\u0148sk\u00e1 baterie SAVITA s v\u00fdsuvnou sprchou &#8211; \u0161ed\u00e1 T\u011blo modern\u00ed vodovodn\u00ed baterie\u00a0je vyrobeno z mosazi, kter\u00e9 je pokryto vrstvou \u0161ed\u00e9 matn\u00e9 barvy.\u00a0Tato technika chr\u00e1n\u00ed baterii p\u0159ed po\u0161kr\u00e1b\u00e1n\u00edm a koroz\u00ed.\u00a0Baterie se hod\u00ed do ka\u017ed\u00e9 kuchyn\u011b a lze ji bez probl\u00e9mu usadit do otvoru v desce i d\u0159ezu.\u00a0 Praktick\u00fdm pomocn\u00edkem se stane v\u00fdsuvn\u00e1 koncov\u00e1 hlavice s hadic\u00ed, [&hellip;]","og_url":"https:\/\/www.domtechnikpro.com\/index.php\/produkt\/super-cena-kuchynska-baterie-mexen-savita-s-vysuvnou-sprchou-seda-672601-61-52978\/","og_image":[{"width":546,"height":800,"url":"https:\/\/www.domtechnikpro.com\/wp-content\/uploads\/2026\/SK0001351-CZ20260425-093041-0-1777080643-kuchynska-baterie-mexen-savita-s-vysuvnou-sprchou-seda.webp","type":"image\/webp"}],"twitter_card":"summary_large_image","twitter_misc":{"Odhadovan\u00e1 doba \u010dten\u00ed":"1 minuta"},"schema":{"@context":"https:\/\/schema.org","@graph":[{"@type":"WebPage","@id":"https:\/\/www.domtechnikpro.com\/index.php\/produkt\/super-cena-kuchynska-baterie-mexen-savita-s-vysuvnou-sprchou-seda-672601-61-52978\/","url":"https:\/\/www.domtechnikpro.com\/index.php\/produkt\/super-cena-kuchynska-baterie-mexen-savita-s-vysuvnou-sprchou-seda-672601-61-52978\/","name":"Super Cena Kuchy\u0148sk\u00e1 baterie MEXEN SAVITA s v\u00fdsuvnou sprchou - \u0161ed\u00e1, 672601-61 -","isPartOf":{"@id":"https:\/\/www.domtechnikpro.com\/#website"},"primaryImageOfPage":{"@id":"https:\/\/www.domtechnikpro.com\/index.php\/produkt\/super-cena-kuchynska-baterie-mexen-savita-s-vysuvnou-sprchou-seda-672601-61-52978\/#primaryimage"},"image":{"@id":"https:\/\/www.domtechnikpro.com\/index.php\/produkt\/super-cena-kuchynska-baterie-mexen-savita-s-vysuvnou-sprchou-seda-672601-61-52978\/#primaryimage"},"thumbnailUrl":"https:\/\/www.domtechnikpro.com\/wp-content\/uploads\/2026\/SK0001351-CZ20260425-093041-0-1777080643-kuchynska-baterie-mexen-savita-s-vysuvnou-sprchou-seda.webp","datePublished":"2026-04-26T09:01:21+00:00","breadcrumb":{"@id":"https:\/\/www.domtechnikpro.com\/index.php\/produkt\/super-cena-kuchynska-baterie-mexen-savita-s-vysuvnou-sprchou-seda-672601-61-52978\/#breadcrumb"},"inLanguage":"cs","potentialAction":[{"@type":"ReadAction","target":["https:\/\/www.domtechnikpro.com\/index.php\/produkt\/super-cena-kuchynska-baterie-mexen-savita-s-vysuvnou-sprchou-seda-672601-61-52978\/"]}]},{"@type":"ImageObject","inLanguage":"cs","@id":"https:\/\/www.domtechnikpro.com\/index.php\/produkt\/super-cena-kuchynska-baterie-mexen-savita-s-vysuvnou-sprchou-seda-672601-61-52978\/#primaryimage","url":"https:\/\/www.domtechnikpro.com\/wp-content\/uploads\/2026\/SK0001351-CZ20260425-093041-0-1777080643-kuchynska-baterie-mexen-savita-s-vysuvnou-sprchou-seda.webp","contentUrl":"https:\/\/www.domtechnikpro.com\/wp-content\/uploads\/2026\/SK0001351-CZ20260425-093041-0-1777080643-kuchynska-baterie-mexen-savita-s-vysuvnou-sprchou-seda.webp","width":546,"height":800},{"@type":"BreadcrumbList","@id":"https:\/\/www.domtechnikpro.com\/index.php\/produkt\/super-cena-kuchynska-baterie-mexen-savita-s-vysuvnou-sprchou-seda-672601-61-52978\/#breadcrumb","itemListElement":[{"@type":"ListItem","position":1,"name":"Home","item":"https:\/\/www.domtechnikpro.com\/"},{"@type":"ListItem","position":2,"name":"Products","item":"https:\/\/www.domtechnikpro.com\/index.php\/products\/"},{"@type":"ListItem","position":3,"name":"Super Cena Kuchy\u0148sk\u00e1 baterie MEXEN SAVITA s v\u00fdsuvnou sprchou &#8211; \u0161ed\u00e1, 672601-61"}]},{"@type":"WebSite","@id":"https:\/\/www.domtechnikpro.com\/#website","url":"https:\/\/www.domtechnikpro.com\/","name":"","description":"","potentialAction":[{"@type":"SearchAction","target":{"@type":"EntryPoint","urlTemplate":"https:\/\/www.domtechnikpro.com\/?s={search_term_string}"},"query-input":{"@type":"PropertyValueSpecification","valueRequired":true,"valueName":"search_term_string"}}],"inLanguage":"cs"}]}},"_links":{"self":[{"href":"https:\/\/www.domtechnikpro.com\/index.php\/wp-json\/wp\/v2\/product\/52978","targetHints":{"allow":["GET"]}}],"collection":[{"href":"https:\/\/www.domtechnikpro.com\/index.php\/wp-json\/wp\/v2\/product"}],"about":[{"href":"https:\/\/www.domtechnikpro.com\/index.php\/wp-json\/wp\/v2\/types\/product"}],"replies":[{"embeddable":true,"href":"https:\/\/www.domtechnikpro.com\/index.php\/wp-json\/wp\/v2\/comments?post=52978"}],"wp:featuredmedia":[{"embeddable":true,"href":"https:\/\/www.domtechnikpro.com\/index.php\/wp-json\/wp\/v2\/media\/53078"}],"wp:attachment":[{"href":"https:\/\/www.domtechnikpro.com\/index.php\/wp-json\/wp\/v2\/media?parent=52978"}],"wp:term":[{"taxonomy":"product_brand","embeddable":true,"href":"https:\/\/www.domtechnikpro.com\/index.php\/wp-json\/wp\/v2\/product_brand?post=52978"},{"taxonomy":"product_cat","embeddable":true,"href":"https:\/\/www.domtechnikpro.com\/index.php\/wp-json\/wp\/v2\/product_cat?post=52978"},{"taxonomy":"product_tag","embeddable":true,"href":"https:\/\/www.domtechnikpro.com\/index.php\/wp-json\/wp\/v2\/product_tag?post=52978"}],"curies":[{"name":"wp","href":"https:\/\/api.w.org\/{rel}","templated":true}]}}