{"id":52975,"date":"2026-04-26T09:01:21","date_gmt":"2026-04-26T09:01:21","guid":{"rendered":""},"modified":"2026-04-26T09:01:21","modified_gmt":"2026-04-26T09:01:21","slug":"zavesny-dvojity-kulaty-drzak-kartacku-mexen-vane-kov-sklo-chromovy-7020952-00-omezena-nabidka-52975","status":"publish","type":"product","link":"https:\/\/www.domtechnikpro.com\/index.php\/produkt\/zavesny-dvojity-kulaty-drzak-kartacku-mexen-vane-kov-sklo-chromovy-7020952-00-omezena-nabidka-52975\/","title":{"rendered":"Z\u00e1v\u011bsn\u00fd dvojit\u00fd kulat\u00fd dr\u017e\u00e1k kart\u00e1\u010dk\u016f MEXEN VANE &#8211; kov\/sklo &#8211; chromov\u00fd, 7020952-00 Omezen\u00e1 Nab\u00eddka"},"content":{"rendered":"<div class=\"tabs__content-outer\" id=\"tab_description\" data-hash=\"description\" data-tabindex=\"-1\">\n<div class=\"tabs__content toggle_description\" id=\"content_description\">\n<div class=\"wysiwyg-content\">\n<div class=\"product__tab product__description full-width\">\n<div class=\"container\">\n<div >\n<h3>Z\u00e1v\u011bsn\u00fd dvojit\u00fd kulat\u00fd dr\u017e\u00e1k kart\u00e1\u010dk\u016f VANE &#8211; kov\/sklo &#8211; chromov\u00fd<\/h3>\n<p>Jednoduch\u00fd modern\u00ed dr\u017e\u00e1k v chromov\u00e9m proveden\u00ed snadno zav\u011bs\u00edte pobl\u00ed\u017e umyvadla. Do skleni\u010dky m\u016f\u017eete odkl\u00e1dat kart\u00e1\u010dky na zuby nebo ji pou\u017e\u00edt jako n\u00e1dobu na vodu p\u0159i vyplachov\u00e1n\u00ed \u00fast. D\u00edky sv\u00e9mu nad\u010dasov\u00e9mu vzhledu a t\u011bla vyroben\u00e9ho z kovu bude dlouho slou\u017eit.<\/p>\n<p><strong>Parametry:\u00a0<\/strong><\/p>\n<ul>\n<li>materi\u00e1l: kov, sklo\u00a0<\/li>\n<li>barva: chromov\u00e1, ml\u00e9\u010dn\u00e9 sklo<\/li>\n<li>\u0161\u00ed\u0159ka: 205 mm\u00a0<\/li>\n<li>v\u00fd\u0161ka: 95 mm\u00a0<\/li>\n<li>hloubka: 90 mm\u00a0<\/li>\n<\/ul>\n<\/div><\/div>\n<\/p><\/div>\n<\/p><\/div>\n<\/p><\/div>\n","protected":false},"excerpt":{"rendered":"<p>Z\u00e1v\u011bsn\u00fd dvojit\u00fd kulat\u00fd dr\u017e\u00e1k kart\u00e1\u010dk\u016f VANE &#8211; kov\/sklo &#8211; chromov\u00fd Jednoduch\u00fd modern\u00ed dr\u017e\u00e1k v chromov\u00e9m proveden\u00ed snadno zav\u011bs\u00edte pobl\u00ed\u017e umyvadla. Do skleni\u010dky m\u016f\u017eete odkl\u00e1dat kart\u00e1\u010dky na zuby nebo ji pou\u017e\u00edt jako n\u00e1dobu na vodu p\u0159i vyplachov\u00e1n\u00ed \u00fast. D\u00edky sv\u00e9mu nad\u010dasov\u00e9mu vzhledu a t\u011bla vyroben\u00e9ho z kovu bude dlouho slou\u017eit. Parametry:\u00a0 materi\u00e1l: kov, sklo\u00a0 barva: chromov\u00e1, [&hellip;]<\/p>\n","protected":false},"featured_media":53075,"comment_status":"open","ping_status":"open","template":"","meta":[],"product_brand":[],"product_cat":[171],"product_tag":[],"class_list":{"0":"post-52975","1":"product","2":"type-product","3":"status-publish","4":"has-post-thumbnail","6":"product_cat-koupelna","8":"first","9":"instock","10":"sale","11":"shipping-taxable","12":"purchasable","13":"product-type-simple"},"yoast_head":"<!-- This site is optimized with the Yoast SEO plugin v26.8 - https:\/\/yoast.com\/product\/yoast-seo-wordpress\/ -->\n<title>Z\u00e1v\u011bsn\u00fd dvojit\u00fd kulat\u00fd dr\u017e\u00e1k kart\u00e1\u010dk\u016f MEXEN VANE - kov\/sklo - chromov\u00fd, 7020952-00 Omezen\u00e1 Nab\u00eddka -<\/title>\n<meta name=\"robots\" content=\"index, follow, max-snippet:-1, max-image-preview:large, max-video-preview:-1\" \/>\n<link rel=\"canonical\" href=\"https:\/\/www.domtechnikpro.com\/index.php\/produkt\/zavesny-dvojity-kulaty-drzak-kartacku-mexen-vane-kov-sklo-chromovy-7020952-00-omezena-nabidka-52975\/\" \/>\n<meta property=\"og:locale\" content=\"cs_CZ\" \/>\n<meta property=\"og:type\" content=\"article\" \/>\n<meta property=\"og:title\" content=\"Z\u00e1v\u011bsn\u00fd dvojit\u00fd kulat\u00fd dr\u017e\u00e1k kart\u00e1\u010dk\u016f MEXEN VANE - kov\/sklo - chromov\u00fd, 7020952-00 Omezen\u00e1 Nab\u00eddka -\" \/>\n<meta property=\"og:description\" content=\"Z\u00e1v\u011bsn\u00fd dvojit\u00fd kulat\u00fd dr\u017e\u00e1k kart\u00e1\u010dk\u016f VANE &#8211; kov\/sklo &#8211; chromov\u00fd Jednoduch\u00fd modern\u00ed dr\u017e\u00e1k v chromov\u00e9m proveden\u00ed snadno zav\u011bs\u00edte pobl\u00ed\u017e umyvadla. Do skleni\u010dky m\u016f\u017eete odkl\u00e1dat kart\u00e1\u010dky na zuby nebo ji pou\u017e\u00edt jako n\u00e1dobu na vodu p\u0159i vyplachov\u00e1n\u00ed \u00fast. D\u00edky sv\u00e9mu nad\u010dasov\u00e9mu vzhledu a t\u011bla vyroben\u00e9ho z kovu bude dlouho slou\u017eit. Parametry:\u00a0 materi\u00e1l: kov, sklo\u00a0 barva: chromov\u00e1, [&hellip;]\" \/>\n<meta property=\"og:url\" content=\"https:\/\/www.domtechnikpro.com\/index.php\/produkt\/zavesny-dvojity-kulaty-drzak-kartacku-mexen-vane-kov-sklo-chromovy-7020952-00-omezena-nabidka-52975\/\" \/>\n<meta property=\"og:image\" content=\"https:\/\/www.domtechnikpro.com\/wp-content\/uploads\/2026\/SK0001348-CZ20260425-093041-0-1777080643-zavesny-dvojity-kulaty-drzak-kartacku-mexen-vane-kov-sklo-c.webp\" \/>\n\t<meta property=\"og:image:width\" content=\"800\" \/>\n\t<meta property=\"og:image:height\" content=\"800\" \/>\n\t<meta property=\"og:image:type\" content=\"image\/webp\" \/>\n<meta name=\"twitter:card\" content=\"summary_large_image\" \/>\n<script type=\"application\/ld+json\" class=\"yoast-schema-graph\">{\"@context\":\"https:\/\/schema.org\",\"@graph\":[{\"@type\":\"WebPage\",\"@id\":\"https:\/\/www.domtechnikpro.com\/index.php\/produkt\/zavesny-dvojity-kulaty-drzak-kartacku-mexen-vane-kov-sklo-chromovy-7020952-00-omezena-nabidka-52975\/\",\"url\":\"https:\/\/www.domtechnikpro.com\/index.php\/produkt\/zavesny-dvojity-kulaty-drzak-kartacku-mexen-vane-kov-sklo-chromovy-7020952-00-omezena-nabidka-52975\/\",\"name\":\"Z\u00e1v\u011bsn\u00fd dvojit\u00fd kulat\u00fd dr\u017e\u00e1k kart\u00e1\u010dk\u016f MEXEN VANE - kov\/sklo - chromov\u00fd, 7020952-00 Omezen\u00e1 Nab\u00eddka -\",\"isPartOf\":{\"@id\":\"https:\/\/www.domtechnikpro.com\/#website\"},\"primaryImageOfPage\":{\"@id\":\"https:\/\/www.domtechnikpro.com\/index.php\/produkt\/zavesny-dvojity-kulaty-drzak-kartacku-mexen-vane-kov-sklo-chromovy-7020952-00-omezena-nabidka-52975\/#primaryimage\"},\"image\":{\"@id\":\"https:\/\/www.domtechnikpro.com\/index.php\/produkt\/zavesny-dvojity-kulaty-drzak-kartacku-mexen-vane-kov-sklo-chromovy-7020952-00-omezena-nabidka-52975\/#primaryimage\"},\"thumbnailUrl\":\"https:\/\/www.domtechnikpro.com\/wp-content\/uploads\/2026\/SK0001348-CZ20260425-093041-0-1777080643-zavesny-dvojity-kulaty-drzak-kartacku-mexen-vane-kov-sklo-c.webp\",\"datePublished\":\"2026-04-26T09:01:21+00:00\",\"breadcrumb\":{\"@id\":\"https:\/\/www.domtechnikpro.com\/index.php\/produkt\/zavesny-dvojity-kulaty-drzak-kartacku-mexen-vane-kov-sklo-chromovy-7020952-00-omezena-nabidka-52975\/#breadcrumb\"},\"inLanguage\":\"cs\",\"potentialAction\":[{\"@type\":\"ReadAction\",\"target\":[\"https:\/\/www.domtechnikpro.com\/index.php\/produkt\/zavesny-dvojity-kulaty-drzak-kartacku-mexen-vane-kov-sklo-chromovy-7020952-00-omezena-nabidka-52975\/\"]}]},{\"@type\":\"ImageObject\",\"inLanguage\":\"cs\",\"@id\":\"https:\/\/www.domtechnikpro.com\/index.php\/produkt\/zavesny-dvojity-kulaty-drzak-kartacku-mexen-vane-kov-sklo-chromovy-7020952-00-omezena-nabidka-52975\/#primaryimage\",\"url\":\"https:\/\/www.domtechnikpro.com\/wp-content\/uploads\/2026\/SK0001348-CZ20260425-093041-0-1777080643-zavesny-dvojity-kulaty-drzak-kartacku-mexen-vane-kov-sklo-c.webp\",\"contentUrl\":\"https:\/\/www.domtechnikpro.com\/wp-content\/uploads\/2026\/SK0001348-CZ20260425-093041-0-1777080643-zavesny-dvojity-kulaty-drzak-kartacku-mexen-vane-kov-sklo-c.webp\",\"width\":800,\"height\":800},{\"@type\":\"BreadcrumbList\",\"@id\":\"https:\/\/www.domtechnikpro.com\/index.php\/produkt\/zavesny-dvojity-kulaty-drzak-kartacku-mexen-vane-kov-sklo-chromovy-7020952-00-omezena-nabidka-52975\/#breadcrumb\",\"itemListElement\":[{\"@type\":\"ListItem\",\"position\":1,\"name\":\"Home\",\"item\":\"https:\/\/www.domtechnikpro.com\/\"},{\"@type\":\"ListItem\",\"position\":2,\"name\":\"Products\",\"item\":\"https:\/\/www.domtechnikpro.com\/index.php\/products\/\"},{\"@type\":\"ListItem\",\"position\":3,\"name\":\"Z\u00e1v\u011bsn\u00fd dvojit\u00fd kulat\u00fd dr\u017e\u00e1k kart\u00e1\u010dk\u016f MEXEN VANE &#8211; kov\/sklo &#8211; chromov\u00fd, 7020952-00 Omezen\u00e1 Nab\u00eddka\"}]},{\"@type\":\"WebSite\",\"@id\":\"https:\/\/www.domtechnikpro.com\/#website\",\"url\":\"https:\/\/www.domtechnikpro.com\/\",\"name\":\"\",\"description\":\"\",\"potentialAction\":[{\"@type\":\"SearchAction\",\"target\":{\"@type\":\"EntryPoint\",\"urlTemplate\":\"https:\/\/www.domtechnikpro.com\/?s={search_term_string}\"},\"query-input\":{\"@type\":\"PropertyValueSpecification\",\"valueRequired\":true,\"valueName\":\"search_term_string\"}}],\"inLanguage\":\"cs\"}]}<\/script>\n<!-- \/ Yoast SEO plugin. -->","yoast_head_json":{"title":"Z\u00e1v\u011bsn\u00fd dvojit\u00fd kulat\u00fd dr\u017e\u00e1k kart\u00e1\u010dk\u016f MEXEN VANE - kov\/sklo - chromov\u00fd, 7020952-00 Omezen\u00e1 Nab\u00eddka -","robots":{"index":"index","follow":"follow","max-snippet":"max-snippet:-1","max-image-preview":"max-image-preview:large","max-video-preview":"max-video-preview:-1"},"canonical":"https:\/\/www.domtechnikpro.com\/index.php\/produkt\/zavesny-dvojity-kulaty-drzak-kartacku-mexen-vane-kov-sklo-chromovy-7020952-00-omezena-nabidka-52975\/","og_locale":"cs_CZ","og_type":"article","og_title":"Z\u00e1v\u011bsn\u00fd dvojit\u00fd kulat\u00fd dr\u017e\u00e1k kart\u00e1\u010dk\u016f MEXEN VANE - kov\/sklo - chromov\u00fd, 7020952-00 Omezen\u00e1 Nab\u00eddka -","og_description":"Z\u00e1v\u011bsn\u00fd dvojit\u00fd kulat\u00fd dr\u017e\u00e1k kart\u00e1\u010dk\u016f VANE &#8211; kov\/sklo &#8211; chromov\u00fd Jednoduch\u00fd modern\u00ed dr\u017e\u00e1k v chromov\u00e9m proveden\u00ed snadno zav\u011bs\u00edte pobl\u00ed\u017e umyvadla. Do skleni\u010dky m\u016f\u017eete odkl\u00e1dat kart\u00e1\u010dky na zuby nebo ji pou\u017e\u00edt jako n\u00e1dobu na vodu p\u0159i vyplachov\u00e1n\u00ed \u00fast. D\u00edky sv\u00e9mu nad\u010dasov\u00e9mu vzhledu a t\u011bla vyroben\u00e9ho z kovu bude dlouho slou\u017eit. Parametry:\u00a0 materi\u00e1l: kov, sklo\u00a0 barva: chromov\u00e1, [&hellip;]","og_url":"https:\/\/www.domtechnikpro.com\/index.php\/produkt\/zavesny-dvojity-kulaty-drzak-kartacku-mexen-vane-kov-sklo-chromovy-7020952-00-omezena-nabidka-52975\/","og_image":[{"width":800,"height":800,"url":"https:\/\/www.domtechnikpro.com\/wp-content\/uploads\/2026\/SK0001348-CZ20260425-093041-0-1777080643-zavesny-dvojity-kulaty-drzak-kartacku-mexen-vane-kov-sklo-c.webp","type":"image\/webp"}],"twitter_card":"summary_large_image","schema":{"@context":"https:\/\/schema.org","@graph":[{"@type":"WebPage","@id":"https:\/\/www.domtechnikpro.com\/index.php\/produkt\/zavesny-dvojity-kulaty-drzak-kartacku-mexen-vane-kov-sklo-chromovy-7020952-00-omezena-nabidka-52975\/","url":"https:\/\/www.domtechnikpro.com\/index.php\/produkt\/zavesny-dvojity-kulaty-drzak-kartacku-mexen-vane-kov-sklo-chromovy-7020952-00-omezena-nabidka-52975\/","name":"Z\u00e1v\u011bsn\u00fd dvojit\u00fd kulat\u00fd dr\u017e\u00e1k kart\u00e1\u010dk\u016f MEXEN VANE - kov\/sklo - chromov\u00fd, 7020952-00 Omezen\u00e1 Nab\u00eddka -","isPartOf":{"@id":"https:\/\/www.domtechnikpro.com\/#website"},"primaryImageOfPage":{"@id":"https:\/\/www.domtechnikpro.com\/index.php\/produkt\/zavesny-dvojity-kulaty-drzak-kartacku-mexen-vane-kov-sklo-chromovy-7020952-00-omezena-nabidka-52975\/#primaryimage"},"image":{"@id":"https:\/\/www.domtechnikpro.com\/index.php\/produkt\/zavesny-dvojity-kulaty-drzak-kartacku-mexen-vane-kov-sklo-chromovy-7020952-00-omezena-nabidka-52975\/#primaryimage"},"thumbnailUrl":"https:\/\/www.domtechnikpro.com\/wp-content\/uploads\/2026\/SK0001348-CZ20260425-093041-0-1777080643-zavesny-dvojity-kulaty-drzak-kartacku-mexen-vane-kov-sklo-c.webp","datePublished":"2026-04-26T09:01:21+00:00","breadcrumb":{"@id":"https:\/\/www.domtechnikpro.com\/index.php\/produkt\/zavesny-dvojity-kulaty-drzak-kartacku-mexen-vane-kov-sklo-chromovy-7020952-00-omezena-nabidka-52975\/#breadcrumb"},"inLanguage":"cs","potentialAction":[{"@type":"ReadAction","target":["https:\/\/www.domtechnikpro.com\/index.php\/produkt\/zavesny-dvojity-kulaty-drzak-kartacku-mexen-vane-kov-sklo-chromovy-7020952-00-omezena-nabidka-52975\/"]}]},{"@type":"ImageObject","inLanguage":"cs","@id":"https:\/\/www.domtechnikpro.com\/index.php\/produkt\/zavesny-dvojity-kulaty-drzak-kartacku-mexen-vane-kov-sklo-chromovy-7020952-00-omezena-nabidka-52975\/#primaryimage","url":"https:\/\/www.domtechnikpro.com\/wp-content\/uploads\/2026\/SK0001348-CZ20260425-093041-0-1777080643-zavesny-dvojity-kulaty-drzak-kartacku-mexen-vane-kov-sklo-c.webp","contentUrl":"https:\/\/www.domtechnikpro.com\/wp-content\/uploads\/2026\/SK0001348-CZ20260425-093041-0-1777080643-zavesny-dvojity-kulaty-drzak-kartacku-mexen-vane-kov-sklo-c.webp","width":800,"height":800},{"@type":"BreadcrumbList","@id":"https:\/\/www.domtechnikpro.com\/index.php\/produkt\/zavesny-dvojity-kulaty-drzak-kartacku-mexen-vane-kov-sklo-chromovy-7020952-00-omezena-nabidka-52975\/#breadcrumb","itemListElement":[{"@type":"ListItem","position":1,"name":"Home","item":"https:\/\/www.domtechnikpro.com\/"},{"@type":"ListItem","position":2,"name":"Products","item":"https:\/\/www.domtechnikpro.com\/index.php\/products\/"},{"@type":"ListItem","position":3,"name":"Z\u00e1v\u011bsn\u00fd dvojit\u00fd kulat\u00fd dr\u017e\u00e1k kart\u00e1\u010dk\u016f MEXEN VANE &#8211; kov\/sklo &#8211; chromov\u00fd, 7020952-00 Omezen\u00e1 Nab\u00eddka"}]},{"@type":"WebSite","@id":"https:\/\/www.domtechnikpro.com\/#website","url":"https:\/\/www.domtechnikpro.com\/","name":"","description":"","potentialAction":[{"@type":"SearchAction","target":{"@type":"EntryPoint","urlTemplate":"https:\/\/www.domtechnikpro.com\/?s={search_term_string}"},"query-input":{"@type":"PropertyValueSpecification","valueRequired":true,"valueName":"search_term_string"}}],"inLanguage":"cs"}]}},"_links":{"self":[{"href":"https:\/\/www.domtechnikpro.com\/index.php\/wp-json\/wp\/v2\/product\/52975","targetHints":{"allow":["GET"]}}],"collection":[{"href":"https:\/\/www.domtechnikpro.com\/index.php\/wp-json\/wp\/v2\/product"}],"about":[{"href":"https:\/\/www.domtechnikpro.com\/index.php\/wp-json\/wp\/v2\/types\/product"}],"replies":[{"embeddable":true,"href":"https:\/\/www.domtechnikpro.com\/index.php\/wp-json\/wp\/v2\/comments?post=52975"}],"wp:featuredmedia":[{"embeddable":true,"href":"https:\/\/www.domtechnikpro.com\/index.php\/wp-json\/wp\/v2\/media\/53075"}],"wp:attachment":[{"href":"https:\/\/www.domtechnikpro.com\/index.php\/wp-json\/wp\/v2\/media?parent=52975"}],"wp:term":[{"taxonomy":"product_brand","embeddable":true,"href":"https:\/\/www.domtechnikpro.com\/index.php\/wp-json\/wp\/v2\/product_brand?post=52975"},{"taxonomy":"product_cat","embeddable":true,"href":"https:\/\/www.domtechnikpro.com\/index.php\/wp-json\/wp\/v2\/product_cat?post=52975"},{"taxonomy":"product_tag","embeddable":true,"href":"https:\/\/www.domtechnikpro.com\/index.php\/wp-json\/wp\/v2\/product_tag?post=52975"}],"curies":[{"name":"wp","href":"https:\/\/api.w.org\/{rel}","templated":true}]}}