{"id":52969,"date":"2026-04-26T09:01:21","date_gmt":"2026-04-26T09:01:21","guid":{"rendered":""},"modified":"2026-04-26T09:01:21","modified_gmt":"2026-04-26T09:01:21","slug":"super-cena-zavesny-hranaty-davkovac-mydla-mexen-s-pumpickou-nerezova-ocel-chromovy-70628-00-52969","status":"publish","type":"product","link":"https:\/\/www.domtechnikpro.com\/index.php\/produkt\/super-cena-zavesny-hranaty-davkovac-mydla-mexen-s-pumpickou-nerezova-ocel-chromovy-70628-00-52969\/","title":{"rendered":"Super Cena Z\u00e1v\u011bsn\u00fd hranat\u00fd d\u00e1vkova\u010d m\u00fddla MEXEN s pumpi\u010dkou &#8211; nerezov\u00e1 ocel &#8211; chromov\u00fd, 70628-00"},"content":{"rendered":"<div class=\"tabs__content-outer\" id=\"tab_description\" data-hash=\"description\" data-tabindex=\"-1\">\n<div class=\"tabs__content toggle_description\" id=\"content_description\">\n<div class=\"wysiwyg-content\">\n<div class=\"product__tab product__description full-width\">\n<div class=\"container\">\n<div >\n<h3>Z\u00e1v\u011bsn\u00fd hranat\u00fd d\u00e1vkova\u010d m\u00fddla s pumpi\u010dkou &#8211; nerezov\u00e1 ocel &#8211; chromov\u00fd<\/h3>\n<p>Jednoduch\u00fd modern\u00ed d\u00e1vkova\u010d m\u00fddla s dr\u017e\u00e1kem v chromov\u00e9m proveden\u00ed snadno zav\u011bs\u00edte pobl\u00ed\u017e umyvadla. D\u00edky sv\u00e9mu nad\u010dasov\u00e9mu vzhledu a t\u011bla vyroben\u00e9ho z kovu bude dlouho slou\u017eit.<\/p>\n<p><strong>Parametry:\u00a0<\/strong><\/p>\n<ul>\n<li>materi\u00e1l: nerezov\u00e1 ocel\u00a0<\/li>\n<li>barva: chromov\u00e1\u00a0<\/li>\n<li>v\u00fd\u0161ka: 189 mm\u00a0<\/li>\n<li>kapacita: 180 ml\u00a0<\/li>\n<\/ul>\n<\/div><\/div>\n<\/p><\/div>\n<\/p><\/div>\n<\/p><\/div>\n","protected":false},"excerpt":{"rendered":"<p>Z\u00e1v\u011bsn\u00fd hranat\u00fd d\u00e1vkova\u010d m\u00fddla s pumpi\u010dkou &#8211; nerezov\u00e1 ocel &#8211; chromov\u00fd Jednoduch\u00fd modern\u00ed d\u00e1vkova\u010d m\u00fddla s dr\u017e\u00e1kem v chromov\u00e9m proveden\u00ed snadno zav\u011bs\u00edte pobl\u00ed\u017e umyvadla. D\u00edky sv\u00e9mu nad\u010dasov\u00e9mu vzhledu a t\u011bla vyroben\u00e9ho z kovu bude dlouho slou\u017eit. Parametry:\u00a0 materi\u00e1l: nerezov\u00e1 ocel\u00a0 barva: chromov\u00e1\u00a0 v\u00fd\u0161ka: 189 mm\u00a0 kapacita: 180 ml\u00a0<\/p>\n","protected":false},"featured_media":53069,"comment_status":"open","ping_status":"open","template":"","meta":[],"product_brand":[],"product_cat":[171],"product_tag":[],"class_list":{"0":"post-52969","1":"product","2":"type-product","3":"status-publish","4":"has-post-thumbnail","6":"product_cat-koupelna","8":"first","9":"instock","10":"sale","11":"shipping-taxable","12":"purchasable","13":"product-type-simple"},"yoast_head":"<!-- This site is optimized with the Yoast SEO plugin v26.8 - https:\/\/yoast.com\/product\/yoast-seo-wordpress\/ -->\n<title>Super Cena Z\u00e1v\u011bsn\u00fd hranat\u00fd d\u00e1vkova\u010d m\u00fddla MEXEN s pumpi\u010dkou - nerezov\u00e1 ocel - chromov\u00fd, 70628-00 -<\/title>\n<meta name=\"robots\" content=\"index, follow, max-snippet:-1, max-image-preview:large, max-video-preview:-1\" \/>\n<link rel=\"canonical\" href=\"https:\/\/www.domtechnikpro.com\/index.php\/produkt\/super-cena-zavesny-hranaty-davkovac-mydla-mexen-s-pumpickou-nerezova-ocel-chromovy-70628-00-52969\/\" \/>\n<meta property=\"og:locale\" content=\"cs_CZ\" \/>\n<meta property=\"og:type\" content=\"article\" \/>\n<meta property=\"og:title\" content=\"Super Cena Z\u00e1v\u011bsn\u00fd hranat\u00fd d\u00e1vkova\u010d m\u00fddla MEXEN s pumpi\u010dkou - nerezov\u00e1 ocel - chromov\u00fd, 70628-00 -\" \/>\n<meta property=\"og:description\" content=\"Z\u00e1v\u011bsn\u00fd hranat\u00fd d\u00e1vkova\u010d m\u00fddla s pumpi\u010dkou &#8211; nerezov\u00e1 ocel &#8211; chromov\u00fd Jednoduch\u00fd modern\u00ed d\u00e1vkova\u010d m\u00fddla s dr\u017e\u00e1kem v chromov\u00e9m proveden\u00ed snadno zav\u011bs\u00edte pobl\u00ed\u017e umyvadla. D\u00edky sv\u00e9mu nad\u010dasov\u00e9mu vzhledu a t\u011bla vyroben\u00e9ho z kovu bude dlouho slou\u017eit. Parametry:\u00a0 materi\u00e1l: nerezov\u00e1 ocel\u00a0 barva: chromov\u00e1\u00a0 v\u00fd\u0161ka: 189 mm\u00a0 kapacita: 180 ml\u00a0\" \/>\n<meta property=\"og:url\" content=\"https:\/\/www.domtechnikpro.com\/index.php\/produkt\/super-cena-zavesny-hranaty-davkovac-mydla-mexen-s-pumpickou-nerezova-ocel-chromovy-70628-00-52969\/\" \/>\n<meta property=\"og:image\" content=\"https:\/\/www.domtechnikpro.com\/wp-content\/uploads\/2026\/SK0001342-CZ20260425-093041-0-1777080643-zavesny-hranaty-davkovac-mydla-mexen-s-pumpickou-nerezova-o.webp\" \/>\n\t<meta property=\"og:image:width\" content=\"800\" \/>\n\t<meta property=\"og:image:height\" content=\"800\" \/>\n\t<meta property=\"og:image:type\" content=\"image\/webp\" \/>\n<meta name=\"twitter:card\" content=\"summary_large_image\" \/>\n<script type=\"application\/ld+json\" class=\"yoast-schema-graph\">{\"@context\":\"https:\/\/schema.org\",\"@graph\":[{\"@type\":\"WebPage\",\"@id\":\"https:\/\/www.domtechnikpro.com\/index.php\/produkt\/super-cena-zavesny-hranaty-davkovac-mydla-mexen-s-pumpickou-nerezova-ocel-chromovy-70628-00-52969\/\",\"url\":\"https:\/\/www.domtechnikpro.com\/index.php\/produkt\/super-cena-zavesny-hranaty-davkovac-mydla-mexen-s-pumpickou-nerezova-ocel-chromovy-70628-00-52969\/\",\"name\":\"Super Cena Z\u00e1v\u011bsn\u00fd hranat\u00fd d\u00e1vkova\u010d m\u00fddla MEXEN s pumpi\u010dkou - nerezov\u00e1 ocel - chromov\u00fd, 70628-00 -\",\"isPartOf\":{\"@id\":\"https:\/\/www.domtechnikpro.com\/#website\"},\"primaryImageOfPage\":{\"@id\":\"https:\/\/www.domtechnikpro.com\/index.php\/produkt\/super-cena-zavesny-hranaty-davkovac-mydla-mexen-s-pumpickou-nerezova-ocel-chromovy-70628-00-52969\/#primaryimage\"},\"image\":{\"@id\":\"https:\/\/www.domtechnikpro.com\/index.php\/produkt\/super-cena-zavesny-hranaty-davkovac-mydla-mexen-s-pumpickou-nerezova-ocel-chromovy-70628-00-52969\/#primaryimage\"},\"thumbnailUrl\":\"https:\/\/www.domtechnikpro.com\/wp-content\/uploads\/2026\/SK0001342-CZ20260425-093041-0-1777080643-zavesny-hranaty-davkovac-mydla-mexen-s-pumpickou-nerezova-o.webp\",\"datePublished\":\"2026-04-26T09:01:21+00:00\",\"breadcrumb\":{\"@id\":\"https:\/\/www.domtechnikpro.com\/index.php\/produkt\/super-cena-zavesny-hranaty-davkovac-mydla-mexen-s-pumpickou-nerezova-ocel-chromovy-70628-00-52969\/#breadcrumb\"},\"inLanguage\":\"cs\",\"potentialAction\":[{\"@type\":\"ReadAction\",\"target\":[\"https:\/\/www.domtechnikpro.com\/index.php\/produkt\/super-cena-zavesny-hranaty-davkovac-mydla-mexen-s-pumpickou-nerezova-ocel-chromovy-70628-00-52969\/\"]}]},{\"@type\":\"ImageObject\",\"inLanguage\":\"cs\",\"@id\":\"https:\/\/www.domtechnikpro.com\/index.php\/produkt\/super-cena-zavesny-hranaty-davkovac-mydla-mexen-s-pumpickou-nerezova-ocel-chromovy-70628-00-52969\/#primaryimage\",\"url\":\"https:\/\/www.domtechnikpro.com\/wp-content\/uploads\/2026\/SK0001342-CZ20260425-093041-0-1777080643-zavesny-hranaty-davkovac-mydla-mexen-s-pumpickou-nerezova-o.webp\",\"contentUrl\":\"https:\/\/www.domtechnikpro.com\/wp-content\/uploads\/2026\/SK0001342-CZ20260425-093041-0-1777080643-zavesny-hranaty-davkovac-mydla-mexen-s-pumpickou-nerezova-o.webp\",\"width\":800,\"height\":800},{\"@type\":\"BreadcrumbList\",\"@id\":\"https:\/\/www.domtechnikpro.com\/index.php\/produkt\/super-cena-zavesny-hranaty-davkovac-mydla-mexen-s-pumpickou-nerezova-ocel-chromovy-70628-00-52969\/#breadcrumb\",\"itemListElement\":[{\"@type\":\"ListItem\",\"position\":1,\"name\":\"Home\",\"item\":\"https:\/\/www.domtechnikpro.com\/\"},{\"@type\":\"ListItem\",\"position\":2,\"name\":\"Products\",\"item\":\"https:\/\/www.domtechnikpro.com\/index.php\/products\/\"},{\"@type\":\"ListItem\",\"position\":3,\"name\":\"Super Cena Z\u00e1v\u011bsn\u00fd hranat\u00fd d\u00e1vkova\u010d m\u00fddla MEXEN s pumpi\u010dkou &#8211; nerezov\u00e1 ocel &#8211; chromov\u00fd, 70628-00\"}]},{\"@type\":\"WebSite\",\"@id\":\"https:\/\/www.domtechnikpro.com\/#website\",\"url\":\"https:\/\/www.domtechnikpro.com\/\",\"name\":\"\",\"description\":\"\",\"potentialAction\":[{\"@type\":\"SearchAction\",\"target\":{\"@type\":\"EntryPoint\",\"urlTemplate\":\"https:\/\/www.domtechnikpro.com\/?s={search_term_string}\"},\"query-input\":{\"@type\":\"PropertyValueSpecification\",\"valueRequired\":true,\"valueName\":\"search_term_string\"}}],\"inLanguage\":\"cs\"}]}<\/script>\n<!-- \/ Yoast SEO plugin. -->","yoast_head_json":{"title":"Super Cena Z\u00e1v\u011bsn\u00fd hranat\u00fd d\u00e1vkova\u010d m\u00fddla MEXEN s pumpi\u010dkou - nerezov\u00e1 ocel - chromov\u00fd, 70628-00 -","robots":{"index":"index","follow":"follow","max-snippet":"max-snippet:-1","max-image-preview":"max-image-preview:large","max-video-preview":"max-video-preview:-1"},"canonical":"https:\/\/www.domtechnikpro.com\/index.php\/produkt\/super-cena-zavesny-hranaty-davkovac-mydla-mexen-s-pumpickou-nerezova-ocel-chromovy-70628-00-52969\/","og_locale":"cs_CZ","og_type":"article","og_title":"Super Cena Z\u00e1v\u011bsn\u00fd hranat\u00fd d\u00e1vkova\u010d m\u00fddla MEXEN s pumpi\u010dkou - nerezov\u00e1 ocel - chromov\u00fd, 70628-00 -","og_description":"Z\u00e1v\u011bsn\u00fd hranat\u00fd d\u00e1vkova\u010d m\u00fddla s pumpi\u010dkou &#8211; nerezov\u00e1 ocel &#8211; chromov\u00fd Jednoduch\u00fd modern\u00ed d\u00e1vkova\u010d m\u00fddla s dr\u017e\u00e1kem v chromov\u00e9m proveden\u00ed snadno zav\u011bs\u00edte pobl\u00ed\u017e umyvadla. D\u00edky sv\u00e9mu nad\u010dasov\u00e9mu vzhledu a t\u011bla vyroben\u00e9ho z kovu bude dlouho slou\u017eit. Parametry:\u00a0 materi\u00e1l: nerezov\u00e1 ocel\u00a0 barva: chromov\u00e1\u00a0 v\u00fd\u0161ka: 189 mm\u00a0 kapacita: 180 ml\u00a0","og_url":"https:\/\/www.domtechnikpro.com\/index.php\/produkt\/super-cena-zavesny-hranaty-davkovac-mydla-mexen-s-pumpickou-nerezova-ocel-chromovy-70628-00-52969\/","og_image":[{"width":800,"height":800,"url":"https:\/\/www.domtechnikpro.com\/wp-content\/uploads\/2026\/SK0001342-CZ20260425-093041-0-1777080643-zavesny-hranaty-davkovac-mydla-mexen-s-pumpickou-nerezova-o.webp","type":"image\/webp"}],"twitter_card":"summary_large_image","schema":{"@context":"https:\/\/schema.org","@graph":[{"@type":"WebPage","@id":"https:\/\/www.domtechnikpro.com\/index.php\/produkt\/super-cena-zavesny-hranaty-davkovac-mydla-mexen-s-pumpickou-nerezova-ocel-chromovy-70628-00-52969\/","url":"https:\/\/www.domtechnikpro.com\/index.php\/produkt\/super-cena-zavesny-hranaty-davkovac-mydla-mexen-s-pumpickou-nerezova-ocel-chromovy-70628-00-52969\/","name":"Super Cena Z\u00e1v\u011bsn\u00fd hranat\u00fd d\u00e1vkova\u010d m\u00fddla MEXEN s pumpi\u010dkou - nerezov\u00e1 ocel - chromov\u00fd, 70628-00 -","isPartOf":{"@id":"https:\/\/www.domtechnikpro.com\/#website"},"primaryImageOfPage":{"@id":"https:\/\/www.domtechnikpro.com\/index.php\/produkt\/super-cena-zavesny-hranaty-davkovac-mydla-mexen-s-pumpickou-nerezova-ocel-chromovy-70628-00-52969\/#primaryimage"},"image":{"@id":"https:\/\/www.domtechnikpro.com\/index.php\/produkt\/super-cena-zavesny-hranaty-davkovac-mydla-mexen-s-pumpickou-nerezova-ocel-chromovy-70628-00-52969\/#primaryimage"},"thumbnailUrl":"https:\/\/www.domtechnikpro.com\/wp-content\/uploads\/2026\/SK0001342-CZ20260425-093041-0-1777080643-zavesny-hranaty-davkovac-mydla-mexen-s-pumpickou-nerezova-o.webp","datePublished":"2026-04-26T09:01:21+00:00","breadcrumb":{"@id":"https:\/\/www.domtechnikpro.com\/index.php\/produkt\/super-cena-zavesny-hranaty-davkovac-mydla-mexen-s-pumpickou-nerezova-ocel-chromovy-70628-00-52969\/#breadcrumb"},"inLanguage":"cs","potentialAction":[{"@type":"ReadAction","target":["https:\/\/www.domtechnikpro.com\/index.php\/produkt\/super-cena-zavesny-hranaty-davkovac-mydla-mexen-s-pumpickou-nerezova-ocel-chromovy-70628-00-52969\/"]}]},{"@type":"ImageObject","inLanguage":"cs","@id":"https:\/\/www.domtechnikpro.com\/index.php\/produkt\/super-cena-zavesny-hranaty-davkovac-mydla-mexen-s-pumpickou-nerezova-ocel-chromovy-70628-00-52969\/#primaryimage","url":"https:\/\/www.domtechnikpro.com\/wp-content\/uploads\/2026\/SK0001342-CZ20260425-093041-0-1777080643-zavesny-hranaty-davkovac-mydla-mexen-s-pumpickou-nerezova-o.webp","contentUrl":"https:\/\/www.domtechnikpro.com\/wp-content\/uploads\/2026\/SK0001342-CZ20260425-093041-0-1777080643-zavesny-hranaty-davkovac-mydla-mexen-s-pumpickou-nerezova-o.webp","width":800,"height":800},{"@type":"BreadcrumbList","@id":"https:\/\/www.domtechnikpro.com\/index.php\/produkt\/super-cena-zavesny-hranaty-davkovac-mydla-mexen-s-pumpickou-nerezova-ocel-chromovy-70628-00-52969\/#breadcrumb","itemListElement":[{"@type":"ListItem","position":1,"name":"Home","item":"https:\/\/www.domtechnikpro.com\/"},{"@type":"ListItem","position":2,"name":"Products","item":"https:\/\/www.domtechnikpro.com\/index.php\/products\/"},{"@type":"ListItem","position":3,"name":"Super Cena Z\u00e1v\u011bsn\u00fd hranat\u00fd d\u00e1vkova\u010d m\u00fddla MEXEN s pumpi\u010dkou &#8211; nerezov\u00e1 ocel &#8211; chromov\u00fd, 70628-00"}]},{"@type":"WebSite","@id":"https:\/\/www.domtechnikpro.com\/#website","url":"https:\/\/www.domtechnikpro.com\/","name":"","description":"","potentialAction":[{"@type":"SearchAction","target":{"@type":"EntryPoint","urlTemplate":"https:\/\/www.domtechnikpro.com\/?s={search_term_string}"},"query-input":{"@type":"PropertyValueSpecification","valueRequired":true,"valueName":"search_term_string"}}],"inLanguage":"cs"}]}},"_links":{"self":[{"href":"https:\/\/www.domtechnikpro.com\/index.php\/wp-json\/wp\/v2\/product\/52969","targetHints":{"allow":["GET"]}}],"collection":[{"href":"https:\/\/www.domtechnikpro.com\/index.php\/wp-json\/wp\/v2\/product"}],"about":[{"href":"https:\/\/www.domtechnikpro.com\/index.php\/wp-json\/wp\/v2\/types\/product"}],"replies":[{"embeddable":true,"href":"https:\/\/www.domtechnikpro.com\/index.php\/wp-json\/wp\/v2\/comments?post=52969"}],"wp:featuredmedia":[{"embeddable":true,"href":"https:\/\/www.domtechnikpro.com\/index.php\/wp-json\/wp\/v2\/media\/53069"}],"wp:attachment":[{"href":"https:\/\/www.domtechnikpro.com\/index.php\/wp-json\/wp\/v2\/media?parent=52969"}],"wp:term":[{"taxonomy":"product_brand","embeddable":true,"href":"https:\/\/www.domtechnikpro.com\/index.php\/wp-json\/wp\/v2\/product_brand?post=52969"},{"taxonomy":"product_cat","embeddable":true,"href":"https:\/\/www.domtechnikpro.com\/index.php\/wp-json\/wp\/v2\/product_cat?post=52969"},{"taxonomy":"product_tag","embeddable":true,"href":"https:\/\/www.domtechnikpro.com\/index.php\/wp-json\/wp\/v2\/product_tag?post=52969"}],"curies":[{"name":"wp","href":"https:\/\/api.w.org\/{rel}","templated":true}]}}