{"id":52740,"date":"2026-04-26T09:01:19","date_gmt":"2026-04-26T09:01:19","guid":{"rendered":""},"modified":"2026-04-26T09:01:19","modified_gmt":"2026-04-26T09:01:19","slug":"znackovy-ronal-jednokridle-dvere-s-pevnou-stenou-v-rovine-d22t13-s-160-cm-span-class-product-appendix-doprava-zdarma-pri-platbe-prevodem-sleva-span-52740","status":"publish","type":"product","link":"https:\/\/www.domtechnikpro.com\/index.php\/produkt\/znackovy-ronal-jednokridle-dvere-s-pevnou-stenou-v-rovine-d22t13-s-160-cm-span-class-product-appendix-doprava-zdarma-pri-platbe-prevodem-sleva-span-52740\/","title":{"rendered":"Zna\u010dkov\u00fd Ronal, jednok\u0159\u00eddl\u00e9 dve\u0159e s pevnou st\u011bnou v rovin\u011b D22T13 \u0161. 160 cm <span class=\"product-appendix\"> + doprava zdarma + p\u0159i platb\u011b p\u0159evodem sleva<\/span>"},"content":{"rendered":"<div class=\"basic-description\">\n<p><span style=\"font-family: 'times new roman', times; font-size: 12pt;\"><strong>Jednok\u0159\u00eddl\u00e9 dve\u0159e s pevnou st\u011bnou v rovin\u011b D22T13.&nbsp;<\/strong><\/span><\/p>\n<p><span style=\"font-family: 'times new roman', times; font-size: 12pt;\"><strong><\/strong><\/span><\/p>\n<p style=\"text-align: justify;\"><span style=\"font-family: 'times new roman', times; font-size: 12pt;\">Sklo dve\u0159\u00ed m\u00e1 <strong>antiplakovou \u00fapravu Aquaperle<\/strong>, kter\u00e1 sni\u017euje usazov\u00e1n\u00ed ne\u010distot a vodn\u00edho kamene na skle. Vodn\u00ed kapky st\u00e9kaj\u00ed d\u00edky t\u00e9to \u00faprav\u011b ze skla dol\u016f a neusazuj\u00ed se na n\u011bm. Na skle m\u016f\u017ee z\u016fstat jen n\u011bkolik mal\u00fdch kapek.&nbsp;<\/span><\/p>\n<p><strong><span>Jednok\u0159\u00eddl\u00e9 dve\u0159e D22T13 lze za p\u0159\u00edplatek objednat se sklem 22=Durlux, 87=Screen nebo 88=b\u00edl\u00e9 linky (v p\u0159\u00edpad\u011b z\u00e1jmu n\u00e1s nev\u00e1hejte kontaktovat pro nab\u00eddku na e-mail:&nbsp;obchod@krasne-koupelny.cz).&nbsp;&nbsp;<\/span><\/strong><\/p>\n<p><span style=\"font-family: 'times new roman', times; font-size: 12pt;\"><strong><span>Sprchov\u00e9 dve\u0159e lze instalovat do niky, nebo kombinovat s bo\u010dn\u00ed st\u011bnou D22F1.&nbsp;<\/span><\/strong><\/span><\/p>\n<p><span style=\"font-family: 'times new roman', times; font-size: 12pt;\"><strong>Technick\u00e9 parametry:<\/strong><\/span><\/p>\n<p><span style=\"font-family: 'times new roman', times; font-size: 12pt;\">\u0160\u00ed\u0159ka: 1600 mm<\/span><\/p>\n<p><span style=\"font-family: 'times new roman', times; font-size: 12pt;\">\u0160\u00ed\u0159ka vstupu: 830 mm, \u0161\u00ed\u0159ka dve\u0159\u00ed: 1000 mm, \u0161\u00ed\u0159ka pevn\u00e9ho d\u00edlu: 600 mm<\/span><\/p>\n<p><span style=\"font-family: 'times new roman', times; font-size: 12pt;\">V\u00fd\u0161ka: 2000 mm&nbsp;<\/span><\/p>\n<p><span style=\"font-family: 'times new roman', times; font-size: 12pt;\">Barva: 50 aluchrom<\/span><\/p>\n<p><span style=\"font-family: 'times new roman', times; font-size: 12pt;\">Sklo: 07 \u010dir\u00e9<\/span><\/p>\n<p><span style=\"color: #ff0000;\"><strong>V p\u0159\u00edpad\u011b mont\u00e1\u017ee na dla\u017ebu je nutno vz\u00edt v \u00favahu rozd\u00edl mezi nomin\u00e1ln\u00ed a fyzickou \u0161\u00ed\u0159kou viz technick\u00e9 informace.<\/strong><\/span><\/p>\n<p><span style=\"color: #ff0000;\"><strong>Skute\u010dn\u00e1 \u0161\u00ed\u0159ka (na st\u0159ed skla) dve\u0159\u00ed s bo\u010dn\u00ed st\u011bnou je o 26 mm men\u0161\u00ed ne\u017e \u0161\u00ed\u0159ka v objednac\u00edm k\u00f3du (s toleranc\u00ed -10 a\u017e +20 mm)&nbsp;<\/strong><\/span><\/p>\n<p><span style=\"font-family: 'times new roman', times; font-size: 12pt;\"><\/span><\/p>\n<\/p><\/div>\n<\/p><\/div>\n<\/p><\/div>\n","protected":false},"excerpt":{"rendered":"<p>Jednok\u0159\u00eddl\u00e9 dve\u0159e s pevnou st\u011bnou v rovin\u011b D22T13.&nbsp; Sklo dve\u0159\u00ed m\u00e1 antiplakovou \u00fapravu Aquaperle, kter\u00e1 sni\u017euje usazov\u00e1n\u00ed ne\u010distot a vodn\u00edho kamene na skle. Vodn\u00ed kapky st\u00e9kaj\u00ed d\u00edky t\u00e9to \u00faprav\u011b ze skla dol\u016f a neusazuj\u00ed se na n\u011bm. Na skle m\u016f\u017ee z\u016fstat jen n\u011bkolik mal\u00fdch kapek.&nbsp; Jednok\u0159\u00eddl\u00e9 dve\u0159e D22T13 lze za p\u0159\u00edplatek objednat se sklem 22=Durlux, [&hellip;]<\/p>\n","protected":false},"featured_media":52840,"comment_status":"open","ping_status":"open","template":"","meta":[],"product_brand":[],"product_cat":[170],"product_tag":[],"class_list":{"0":"post-52740","1":"product","2":"type-product","3":"status-publish","4":"has-post-thumbnail","6":"product_cat-sprchove-kouty-vanicky-a-zlaby","8":"first","9":"instock","10":"sale","11":"shipping-taxable","12":"purchasable","13":"product-type-simple"},"yoast_head":"<!-- This site is optimized with the Yoast SEO plugin v26.8 - https:\/\/yoast.com\/product\/yoast-seo-wordpress\/ -->\n<title>Zna\u010dkov\u00fd Ronal, jednok\u0159\u00eddl\u00e9 dve\u0159e s pevnou st\u011bnou v rovin\u011b D22T13 \u0161. 160 cm  + doprava zdarma + p\u0159i platb\u011b p\u0159evodem sleva -<\/title>\n<meta name=\"robots\" content=\"index, follow, max-snippet:-1, max-image-preview:large, max-video-preview:-1\" \/>\n<link rel=\"canonical\" href=\"https:\/\/www.domtechnikpro.com\/index.php\/produkt\/znackovy-ronal-jednokridle-dvere-s-pevnou-stenou-v-rovine-d22t13-s-160-cm-span-class-product-appendix-doprava-zdarma-pri-platbe-prevodem-sleva-span-52740\/\" \/>\n<meta property=\"og:locale\" content=\"cs_CZ\" \/>\n<meta property=\"og:type\" content=\"article\" \/>\n<meta property=\"og:title\" content=\"Zna\u010dkov\u00fd Ronal, jednok\u0159\u00eddl\u00e9 dve\u0159e s pevnou st\u011bnou v rovin\u011b D22T13 \u0161. 160 cm  + doprava zdarma + p\u0159i platb\u011b p\u0159evodem sleva -\" \/>\n<meta property=\"og:description\" content=\"Jednok\u0159\u00eddl\u00e9 dve\u0159e s pevnou st\u011bnou v rovin\u011b D22T13.&nbsp; Sklo dve\u0159\u00ed m\u00e1 antiplakovou \u00fapravu Aquaperle, kter\u00e1 sni\u017euje usazov\u00e1n\u00ed ne\u010distot a vodn\u00edho kamene na skle. Vodn\u00ed kapky st\u00e9kaj\u00ed d\u00edky t\u00e9to \u00faprav\u011b ze skla dol\u016f a neusazuj\u00ed se na n\u011bm. Na skle m\u016f\u017ee z\u016fstat jen n\u011bkolik mal\u00fdch kapek.&nbsp; Jednok\u0159\u00eddl\u00e9 dve\u0159e D22T13 lze za p\u0159\u00edplatek objednat se sklem 22=Durlux, [&hellip;]\" \/>\n<meta property=\"og:url\" content=\"https:\/\/www.domtechnikpro.com\/index.php\/produkt\/znackovy-ronal-jednokridle-dvere-s-pevnou-stenou-v-rovine-d22t13-s-160-cm-span-class-product-appendix-doprava-zdarma-pri-platbe-prevodem-sleva-span-52740\/\" \/>\n<meta property=\"og:image\" content=\"https:\/\/www.domtechnikpro.com\/wp-content\/uploads\/2026\/SK0003305-CZ20260425-092934-0-1777080574-73357_divera-d22t13-sanswiss.webp\" \/>\n\t<meta property=\"og:image:width\" content=\"533\" \/>\n\t<meta property=\"og:image:height\" content=\"800\" \/>\n\t<meta property=\"og:image:type\" content=\"image\/webp\" \/>\n<meta name=\"twitter:card\" content=\"summary_large_image\" \/>\n<meta name=\"twitter:label1\" content=\"Odhadovan\u00e1 doba \u010dten\u00ed\" \/>\n\t<meta name=\"twitter:data1\" content=\"1 minuta\" \/>\n<script type=\"application\/ld+json\" class=\"yoast-schema-graph\">{\"@context\":\"https:\/\/schema.org\",\"@graph\":[{\"@type\":\"WebPage\",\"@id\":\"https:\/\/www.domtechnikpro.com\/index.php\/produkt\/znackovy-ronal-jednokridle-dvere-s-pevnou-stenou-v-rovine-d22t13-s-160-cm-span-class-product-appendix-doprava-zdarma-pri-platbe-prevodem-sleva-span-52740\/\",\"url\":\"https:\/\/www.domtechnikpro.com\/index.php\/produkt\/znackovy-ronal-jednokridle-dvere-s-pevnou-stenou-v-rovine-d22t13-s-160-cm-span-class-product-appendix-doprava-zdarma-pri-platbe-prevodem-sleva-span-52740\/\",\"name\":\"Zna\u010dkov\u00fd Ronal, jednok\u0159\u00eddl\u00e9 dve\u0159e s pevnou st\u011bnou v rovin\u011b D22T13 \u0161. 160 cm + doprava zdarma + p\u0159i platb\u011b p\u0159evodem sleva -\",\"isPartOf\":{\"@id\":\"https:\/\/www.domtechnikpro.com\/#website\"},\"primaryImageOfPage\":{\"@id\":\"https:\/\/www.domtechnikpro.com\/index.php\/produkt\/znackovy-ronal-jednokridle-dvere-s-pevnou-stenou-v-rovine-d22t13-s-160-cm-span-class-product-appendix-doprava-zdarma-pri-platbe-prevodem-sleva-span-52740\/#primaryimage\"},\"image\":{\"@id\":\"https:\/\/www.domtechnikpro.com\/index.php\/produkt\/znackovy-ronal-jednokridle-dvere-s-pevnou-stenou-v-rovine-d22t13-s-160-cm-span-class-product-appendix-doprava-zdarma-pri-platbe-prevodem-sleva-span-52740\/#primaryimage\"},\"thumbnailUrl\":\"https:\/\/www.domtechnikpro.com\/wp-content\/uploads\/2026\/SK0003305-CZ20260425-092934-0-1777080574-73357_divera-d22t13-sanswiss.webp\",\"datePublished\":\"2026-04-26T09:01:19+00:00\",\"breadcrumb\":{\"@id\":\"https:\/\/www.domtechnikpro.com\/index.php\/produkt\/znackovy-ronal-jednokridle-dvere-s-pevnou-stenou-v-rovine-d22t13-s-160-cm-span-class-product-appendix-doprava-zdarma-pri-platbe-prevodem-sleva-span-52740\/#breadcrumb\"},\"inLanguage\":\"cs\",\"potentialAction\":[{\"@type\":\"ReadAction\",\"target\":[\"https:\/\/www.domtechnikpro.com\/index.php\/produkt\/znackovy-ronal-jednokridle-dvere-s-pevnou-stenou-v-rovine-d22t13-s-160-cm-span-class-product-appendix-doprava-zdarma-pri-platbe-prevodem-sleva-span-52740\/\"]}]},{\"@type\":\"ImageObject\",\"inLanguage\":\"cs\",\"@id\":\"https:\/\/www.domtechnikpro.com\/index.php\/produkt\/znackovy-ronal-jednokridle-dvere-s-pevnou-stenou-v-rovine-d22t13-s-160-cm-span-class-product-appendix-doprava-zdarma-pri-platbe-prevodem-sleva-span-52740\/#primaryimage\",\"url\":\"https:\/\/www.domtechnikpro.com\/wp-content\/uploads\/2026\/SK0003305-CZ20260425-092934-0-1777080574-73357_divera-d22t13-sanswiss.webp\",\"contentUrl\":\"https:\/\/www.domtechnikpro.com\/wp-content\/uploads\/2026\/SK0003305-CZ20260425-092934-0-1777080574-73357_divera-d22t13-sanswiss.webp\",\"width\":533,\"height\":800},{\"@type\":\"BreadcrumbList\",\"@id\":\"https:\/\/www.domtechnikpro.com\/index.php\/produkt\/znackovy-ronal-jednokridle-dvere-s-pevnou-stenou-v-rovine-d22t13-s-160-cm-span-class-product-appendix-doprava-zdarma-pri-platbe-prevodem-sleva-span-52740\/#breadcrumb\",\"itemListElement\":[{\"@type\":\"ListItem\",\"position\":1,\"name\":\"Home\",\"item\":\"https:\/\/www.domtechnikpro.com\/\"},{\"@type\":\"ListItem\",\"position\":2,\"name\":\"Products\",\"item\":\"https:\/\/www.domtechnikpro.com\/index.php\/products\/\"},{\"@type\":\"ListItem\",\"position\":3,\"name\":\"Zna\u010dkov\u00fd Ronal, jednok\u0159\u00eddl\u00e9 dve\u0159e s pevnou st\u011bnou v rovin\u011b D22T13 \u0161. 160 cm + doprava zdarma + p\u0159i platb\u011b p\u0159evodem sleva\"}]},{\"@type\":\"WebSite\",\"@id\":\"https:\/\/www.domtechnikpro.com\/#website\",\"url\":\"https:\/\/www.domtechnikpro.com\/\",\"name\":\"\",\"description\":\"\",\"potentialAction\":[{\"@type\":\"SearchAction\",\"target\":{\"@type\":\"EntryPoint\",\"urlTemplate\":\"https:\/\/www.domtechnikpro.com\/?s={search_term_string}\"},\"query-input\":{\"@type\":\"PropertyValueSpecification\",\"valueRequired\":true,\"valueName\":\"search_term_string\"}}],\"inLanguage\":\"cs\"}]}<\/script>\n<!-- \/ Yoast SEO plugin. -->","yoast_head_json":{"title":"Zna\u010dkov\u00fd Ronal, jednok\u0159\u00eddl\u00e9 dve\u0159e s pevnou st\u011bnou v rovin\u011b D22T13 \u0161. 160 cm  + doprava zdarma + p\u0159i platb\u011b p\u0159evodem sleva -","robots":{"index":"index","follow":"follow","max-snippet":"max-snippet:-1","max-image-preview":"max-image-preview:large","max-video-preview":"max-video-preview:-1"},"canonical":"https:\/\/www.domtechnikpro.com\/index.php\/produkt\/znackovy-ronal-jednokridle-dvere-s-pevnou-stenou-v-rovine-d22t13-s-160-cm-span-class-product-appendix-doprava-zdarma-pri-platbe-prevodem-sleva-span-52740\/","og_locale":"cs_CZ","og_type":"article","og_title":"Zna\u010dkov\u00fd Ronal, jednok\u0159\u00eddl\u00e9 dve\u0159e s pevnou st\u011bnou v rovin\u011b D22T13 \u0161. 160 cm  + doprava zdarma + p\u0159i platb\u011b p\u0159evodem sleva -","og_description":"Jednok\u0159\u00eddl\u00e9 dve\u0159e s pevnou st\u011bnou v rovin\u011b D22T13.&nbsp; Sklo dve\u0159\u00ed m\u00e1 antiplakovou \u00fapravu Aquaperle, kter\u00e1 sni\u017euje usazov\u00e1n\u00ed ne\u010distot a vodn\u00edho kamene na skle. Vodn\u00ed kapky st\u00e9kaj\u00ed d\u00edky t\u00e9to \u00faprav\u011b ze skla dol\u016f a neusazuj\u00ed se na n\u011bm. Na skle m\u016f\u017ee z\u016fstat jen n\u011bkolik mal\u00fdch kapek.&nbsp; Jednok\u0159\u00eddl\u00e9 dve\u0159e D22T13 lze za p\u0159\u00edplatek objednat se sklem 22=Durlux, [&hellip;]","og_url":"https:\/\/www.domtechnikpro.com\/index.php\/produkt\/znackovy-ronal-jednokridle-dvere-s-pevnou-stenou-v-rovine-d22t13-s-160-cm-span-class-product-appendix-doprava-zdarma-pri-platbe-prevodem-sleva-span-52740\/","og_image":[{"width":533,"height":800,"url":"https:\/\/www.domtechnikpro.com\/wp-content\/uploads\/2026\/SK0003305-CZ20260425-092934-0-1777080574-73357_divera-d22t13-sanswiss.webp","type":"image\/webp"}],"twitter_card":"summary_large_image","twitter_misc":{"Odhadovan\u00e1 doba \u010dten\u00ed":"1 minuta"},"schema":{"@context":"https:\/\/schema.org","@graph":[{"@type":"WebPage","@id":"https:\/\/www.domtechnikpro.com\/index.php\/produkt\/znackovy-ronal-jednokridle-dvere-s-pevnou-stenou-v-rovine-d22t13-s-160-cm-span-class-product-appendix-doprava-zdarma-pri-platbe-prevodem-sleva-span-52740\/","url":"https:\/\/www.domtechnikpro.com\/index.php\/produkt\/znackovy-ronal-jednokridle-dvere-s-pevnou-stenou-v-rovine-d22t13-s-160-cm-span-class-product-appendix-doprava-zdarma-pri-platbe-prevodem-sleva-span-52740\/","name":"Zna\u010dkov\u00fd Ronal, jednok\u0159\u00eddl\u00e9 dve\u0159e s pevnou st\u011bnou v rovin\u011b D22T13 \u0161. 160 cm + doprava zdarma + p\u0159i platb\u011b p\u0159evodem sleva -","isPartOf":{"@id":"https:\/\/www.domtechnikpro.com\/#website"},"primaryImageOfPage":{"@id":"https:\/\/www.domtechnikpro.com\/index.php\/produkt\/znackovy-ronal-jednokridle-dvere-s-pevnou-stenou-v-rovine-d22t13-s-160-cm-span-class-product-appendix-doprava-zdarma-pri-platbe-prevodem-sleva-span-52740\/#primaryimage"},"image":{"@id":"https:\/\/www.domtechnikpro.com\/index.php\/produkt\/znackovy-ronal-jednokridle-dvere-s-pevnou-stenou-v-rovine-d22t13-s-160-cm-span-class-product-appendix-doprava-zdarma-pri-platbe-prevodem-sleva-span-52740\/#primaryimage"},"thumbnailUrl":"https:\/\/www.domtechnikpro.com\/wp-content\/uploads\/2026\/SK0003305-CZ20260425-092934-0-1777080574-73357_divera-d22t13-sanswiss.webp","datePublished":"2026-04-26T09:01:19+00:00","breadcrumb":{"@id":"https:\/\/www.domtechnikpro.com\/index.php\/produkt\/znackovy-ronal-jednokridle-dvere-s-pevnou-stenou-v-rovine-d22t13-s-160-cm-span-class-product-appendix-doprava-zdarma-pri-platbe-prevodem-sleva-span-52740\/#breadcrumb"},"inLanguage":"cs","potentialAction":[{"@type":"ReadAction","target":["https:\/\/www.domtechnikpro.com\/index.php\/produkt\/znackovy-ronal-jednokridle-dvere-s-pevnou-stenou-v-rovine-d22t13-s-160-cm-span-class-product-appendix-doprava-zdarma-pri-platbe-prevodem-sleva-span-52740\/"]}]},{"@type":"ImageObject","inLanguage":"cs","@id":"https:\/\/www.domtechnikpro.com\/index.php\/produkt\/znackovy-ronal-jednokridle-dvere-s-pevnou-stenou-v-rovine-d22t13-s-160-cm-span-class-product-appendix-doprava-zdarma-pri-platbe-prevodem-sleva-span-52740\/#primaryimage","url":"https:\/\/www.domtechnikpro.com\/wp-content\/uploads\/2026\/SK0003305-CZ20260425-092934-0-1777080574-73357_divera-d22t13-sanswiss.webp","contentUrl":"https:\/\/www.domtechnikpro.com\/wp-content\/uploads\/2026\/SK0003305-CZ20260425-092934-0-1777080574-73357_divera-d22t13-sanswiss.webp","width":533,"height":800},{"@type":"BreadcrumbList","@id":"https:\/\/www.domtechnikpro.com\/index.php\/produkt\/znackovy-ronal-jednokridle-dvere-s-pevnou-stenou-v-rovine-d22t13-s-160-cm-span-class-product-appendix-doprava-zdarma-pri-platbe-prevodem-sleva-span-52740\/#breadcrumb","itemListElement":[{"@type":"ListItem","position":1,"name":"Home","item":"https:\/\/www.domtechnikpro.com\/"},{"@type":"ListItem","position":2,"name":"Products","item":"https:\/\/www.domtechnikpro.com\/index.php\/products\/"},{"@type":"ListItem","position":3,"name":"Zna\u010dkov\u00fd Ronal, jednok\u0159\u00eddl\u00e9 dve\u0159e s pevnou st\u011bnou v rovin\u011b D22T13 \u0161. 160 cm + doprava zdarma + p\u0159i platb\u011b p\u0159evodem sleva"}]},{"@type":"WebSite","@id":"https:\/\/www.domtechnikpro.com\/#website","url":"https:\/\/www.domtechnikpro.com\/","name":"","description":"","potentialAction":[{"@type":"SearchAction","target":{"@type":"EntryPoint","urlTemplate":"https:\/\/www.domtechnikpro.com\/?s={search_term_string}"},"query-input":{"@type":"PropertyValueSpecification","valueRequired":true,"valueName":"search_term_string"}}],"inLanguage":"cs"}]}},"_links":{"self":[{"href":"https:\/\/www.domtechnikpro.com\/index.php\/wp-json\/wp\/v2\/product\/52740","targetHints":{"allow":["GET"]}}],"collection":[{"href":"https:\/\/www.domtechnikpro.com\/index.php\/wp-json\/wp\/v2\/product"}],"about":[{"href":"https:\/\/www.domtechnikpro.com\/index.php\/wp-json\/wp\/v2\/types\/product"}],"replies":[{"embeddable":true,"href":"https:\/\/www.domtechnikpro.com\/index.php\/wp-json\/wp\/v2\/comments?post=52740"}],"wp:featuredmedia":[{"embeddable":true,"href":"https:\/\/www.domtechnikpro.com\/index.php\/wp-json\/wp\/v2\/media\/52840"}],"wp:attachment":[{"href":"https:\/\/www.domtechnikpro.com\/index.php\/wp-json\/wp\/v2\/media?parent=52740"}],"wp:term":[{"taxonomy":"product_brand","embeddable":true,"href":"https:\/\/www.domtechnikpro.com\/index.php\/wp-json\/wp\/v2\/product_brand?post=52740"},{"taxonomy":"product_cat","embeddable":true,"href":"https:\/\/www.domtechnikpro.com\/index.php\/wp-json\/wp\/v2\/product_cat?post=52740"},{"taxonomy":"product_tag","embeddable":true,"href":"https:\/\/www.domtechnikpro.com\/index.php\/wp-json\/wp\/v2\/product_tag?post=52740"}],"curies":[{"name":"wp","href":"https:\/\/api.w.org\/{rel}","templated":true}]}}