{"id":51746,"date":"2026-04-26T09:01:07","date_gmt":"2026-04-26T09:01:07","guid":{"rendered":""},"modified":"2026-04-26T09:01:07","modified_gmt":"2026-04-26T09:01:07","slug":"znackovy-lussa-sprchova-vanicka-z-liteho-mramoru-se-zaklopem-ctvrtkruh-90x90x4cm-r550-71602-51746","status":"publish","type":"product","link":"https:\/\/www.domtechnikpro.com\/produkt\/znackovy-lussa-sprchova-vanicka-z-liteho-mramoru-se-zaklopem-ctvrtkruh-90x90x4cm-r550-71602-51746\/","title":{"rendered":"Zna\u010dkov\u00fd LUSSA sprchov\u00e1 vani\u010dka z lit\u00e9ho mramoru se z\u00e1klopem, \u010dtvrtkruh 90x90x4cm, R550, 71602"},"content":{"rendered":"<div class=\"basic-description\">\n<p><span style=\"font-family: 'times new roman', times; font-size: 12pt;\">D\u00edky pou\u017eit\u00ed z\u00e1klopu sifonu z&nbsp;lit\u00e9ho mramoru vynik\u00e1 vani\u010dka LUSSA \u010dist\u00fdmi liniemi a kompaktn\u00edm vzhledem.<br \/><\/span><\/p>\n<p><span style=\"font-family: 'times new roman', times; font-size: 12pt;\">Sprchov\u00e1 vani\u010dka, hladk\u00e9 dno<\/span><\/p>\n<ul>\n<li><span style=\"font-family: 'times new roman', times; font-size: 12pt;\"><strong>Nutno objednat samostatn\u011b speci\u00e1ln\u00ed sifon &#8211; viz p\u0159\u00edslu\u0161enstv\u00ed<\/strong><\/span><\/li>\n<li><span style=\"font-family: 'times new roman', times; font-size: 12pt;\">Dle typu instalace mo\u017eno dokoupit v\u00fd\u0161kov\u011b staviteln\u00e9 no\u017ei\u010dky<\/span><\/li>\n<\/ul>\n<p><span style=\"font-family: 'times new roman', times; font-size: 12pt;\"><strong>Na sprchovou vani\u010dku POLYSAN vyrobenou z&nbsp;lit\u00e9ho mramoru poskytujeme z\u00e1ruku 2 roky. Podm\u00ednkou z\u00e1ruky je spr\u00e1vn\u00e9 usazen\u00ed podle n\u00e1vodu.<br \/>V p\u0159\u00edpad\u011b obezd\u011bn\u00ed nebo pou\u017eit\u00ed obkladov\u00e9ho panelu mus\u00ed b\u00fdt vani\u010dka podep\u0159ena origin\u00e1ln\u00edmi no\u017ei\u010dkami POLYSAN dle typu vani\u010dky.<\/strong><\/span><\/p>\n<p><span style=\"font-family: 'times new roman', times; font-size: 12pt;\">\u010cist\u00e9 linie a kompaktn\u00ed vzhled sprchov\u00fdch vani\u010dek COVER je doc\u00edlen d\u00edky pou\u017eit\u00ed z\u00e1klopu sifonu z&nbsp;lit\u00e9ho mramoru. Pod designov\u00fdm krytem, kter\u00fd pohledov\u011b spojuje dno vani\u010dky s&nbsp;odtokovou \u010d\u00e1st\u00ed, je um\u00edst\u011bn standardn\u00ed n\u00edzk\u00fd sifon s&nbsp;nerezovou p\u0159\u00edrubou, kter\u00fd m\u00e1 maxim\u00e1ln\u00ed odtok a\u017e 52 l\/min. Pr\u016fm\u011br odpadu je 90 mm.<\/span><\/p>\n<p><span style=\"font-family: 'times new roman', times; font-size: 12pt;\">Lit\u00fd mramor MICADOR je nad\u010dasov\u00fd materi\u00e1l s&nbsp;dlouhou \u017eivotnost\u00ed a vysokou odolnost\u00ed. Sprchov\u00e9 vani\u010dky z&nbsp;tohoto materi\u00e1lu se vyzna\u010duj\u00ed dokonale hladk\u00fdm a rovn\u00fdm povrchem se snadnou \u00fadr\u017ebou. Jejich hlavn\u00ed p\u0159ednost je vysok\u00e1 pevnost a stabilita spole\u010dn\u011b s&nbsp;nulov\u00fdm pr\u016fhybem. Ostr\u00e9 vn\u011bj\u0161\u00ed hrany vani\u010dek spl\u0148uj\u00ed n\u00e1roky na vzhled modern\u00ed koupelny a z\u00e1rove\u0148 umo\u017e\u0148uj\u00ed bezesp\u00e1rov\u00e9 p\u0159isazen\u00ed ke st\u011bn\u011b.<br \/>Sprchov\u00e9 vani\u010dky lze nainstalovat bezbari\u00e9rov\u011b do podlahy nebo postavit na no\u017ei\u010dky a klasicky obezd\u00edt, pop\u0159\u00edpad\u011b osadit obkladov\u00fdm panelem. Pr\u016fm\u011br odpadu vani\u010dek je 90 mm. Standardn\u00ed barva vani\u010dek je b\u00edl\u00e1.<\/span><\/p>\n<p><span style=\"font-size: 12pt;\"><strong><span style=\"font-family: 'times new roman', times;\">Technick\u00e9 parametry:<\/span><\/strong><\/span><\/p>\n<p><span style=\"font-family: 'times new roman', times; font-size: 12pt;\">Barva: b\u00edl\u00e1<\/span><\/p>\n<p><span style=\"font-family: 'times new roman', times; font-size: 12pt;\">Materi\u00e1l: lit\u00fd mramor<\/span><\/p>\n<p><span style=\"font-family: 'times new roman', times; font-size: 12pt;\">Pr\u016fm\u011br odpadu: 90 mm<\/span><\/p>\n<p><span style=\"font-family: 'times new roman', times; font-size: 12pt;\">R\u00e1dius: R550<\/span><\/p>\n<p><span style=\"font-family: 'times new roman', times; font-size: 12pt;\">V\u00fd\u0161ka: 4 cm<\/span><\/p>\n<p><span style=\"font-family: 'times new roman', times; font-size: 12pt;\">Tvar: \u010dtvrtkruh<\/span><\/p>\n<p><span style=\"font-family: 'times new roman', times; font-size: 12pt;\">Hmotnost: 47 kg&nbsp;<\/span><\/p>\n<\/p><\/div>\n<\/p><\/div>\n<\/p><\/div>\n","protected":false},"excerpt":{"rendered":"<p>D\u00edky pou\u017eit\u00ed z\u00e1klopu sifonu z&nbsp;lit\u00e9ho mramoru vynik\u00e1 vani\u010dka LUSSA \u010dist\u00fdmi liniemi a kompaktn\u00edm vzhledem. Sprchov\u00e1 vani\u010dka, hladk\u00e9 dno Nutno objednat samostatn\u011b speci\u00e1ln\u00ed sifon &#8211; viz p\u0159\u00edslu\u0161enstv\u00ed Dle typu instalace mo\u017eno dokoupit v\u00fd\u0161kov\u011b staviteln\u00e9 no\u017ei\u010dky Na sprchovou vani\u010dku POLYSAN vyrobenou z&nbsp;lit\u00e9ho mramoru poskytujeme z\u00e1ruku 2 roky. Podm\u00ednkou z\u00e1ruky je spr\u00e1vn\u00e9 usazen\u00ed podle n\u00e1vodu.V p\u0159\u00edpad\u011b obezd\u011bn\u00ed nebo [&hellip;]<\/p>\n","protected":false},"featured_media":51846,"comment_status":"open","ping_status":"open","template":"","meta":[],"product_brand":[],"product_cat":[170],"product_tag":[],"class_list":{"0":"post-51746","1":"product","2":"type-product","3":"status-publish","4":"has-post-thumbnail","6":"product_cat-sprchove-kouty-vanicky-a-zlaby","8":"first","9":"instock","10":"sale","11":"shipping-taxable","12":"purchasable","13":"product-type-simple"},"yoast_head":"<!-- This site is optimized with the Yoast SEO plugin v26.8 - https:\/\/yoast.com\/product\/yoast-seo-wordpress\/ -->\n<title>Zna\u010dkov\u00fd LUSSA sprchov\u00e1 vani\u010dka z lit\u00e9ho mramoru se z\u00e1klopem, \u010dtvrtkruh 90x90x4cm, R550, 71602 - Pr\u016fmyslov\u00e9 vybaven\u00ed a p\u0159\u00edslu\u0161enstv\u00ed<\/title>\n<meta name=\"robots\" content=\"index, follow, max-snippet:-1, max-image-preview:large, max-video-preview:-1\" \/>\n<link rel=\"canonical\" href=\"https:\/\/www.domtechnikpro.com\/index.php\/produkt\/znackovy-lussa-sprchova-vanicka-z-liteho-mramoru-se-zaklopem-ctvrtkruh-90x90x4cm-r550-71602-51746\/\" \/>\n<meta property=\"og:locale\" content=\"cs_CZ\" \/>\n<meta property=\"og:type\" content=\"article\" \/>\n<meta property=\"og:title\" content=\"Zna\u010dkov\u00fd LUSSA sprchov\u00e1 vani\u010dka z lit\u00e9ho mramoru se z\u00e1klopem, \u010dtvrtkruh 90x90x4cm, R550, 71602 - Pr\u016fmyslov\u00e9 vybaven\u00ed a p\u0159\u00edslu\u0161enstv\u00ed\" \/>\n<meta property=\"og:description\" content=\"D\u00edky pou\u017eit\u00ed z\u00e1klopu sifonu z&nbsp;lit\u00e9ho mramoru vynik\u00e1 vani\u010dka LUSSA \u010dist\u00fdmi liniemi a kompaktn\u00edm vzhledem. Sprchov\u00e1 vani\u010dka, hladk\u00e9 dno Nutno objednat samostatn\u011b speci\u00e1ln\u00ed sifon &#8211; viz p\u0159\u00edslu\u0161enstv\u00ed Dle typu instalace mo\u017eno dokoupit v\u00fd\u0161kov\u011b staviteln\u00e9 no\u017ei\u010dky Na sprchovou vani\u010dku POLYSAN vyrobenou z&nbsp;lit\u00e9ho mramoru poskytujeme z\u00e1ruku 2 roky. Podm\u00ednkou z\u00e1ruky je spr\u00e1vn\u00e9 usazen\u00ed podle n\u00e1vodu.V p\u0159\u00edpad\u011b obezd\u011bn\u00ed nebo [&hellip;]\" \/>\n<meta property=\"og:url\" content=\"https:\/\/www.domtechnikpro.com\/index.php\/produkt\/znackovy-lussa-sprchova-vanicka-z-liteho-mramoru-se-zaklopem-ctvrtkruh-90x90x4cm-r550-71602-51746\/\" \/>\n<meta property=\"og:site_name\" content=\"Pr\u016fmyslov\u00e9 vybaven\u00ed a p\u0159\u00edslu\u0161enstv\u00ed\" \/>\n<meta property=\"og:image\" content=\"https:\/\/www.domtechnikpro.com\/wp-content\/uploads\/2026\/SK0002743-CZ20260425-092934-0-1777080574-70503_lussa-sprchova-vanicka-z-liteho-mramoru-se-zaklopem--.webp\" \/>\n\t<meta property=\"og:image:width\" content=\"533\" \/>\n\t<meta property=\"og:image:height\" content=\"800\" \/>\n\t<meta property=\"og:image:type\" content=\"image\/webp\" \/>\n<meta name=\"twitter:card\" content=\"summary_large_image\" \/>\n<meta name=\"twitter:label1\" content=\"Odhadovan\u00e1 doba \u010dten\u00ed\" \/>\n\t<meta name=\"twitter:data1\" content=\"2 minuty\" \/>\n<script type=\"application\/ld+json\" class=\"yoast-schema-graph\">{\"@context\":\"https:\/\/schema.org\",\"@graph\":[{\"@type\":\"WebPage\",\"@id\":\"https:\/\/www.domtechnikpro.com\/index.php\/produkt\/znackovy-lussa-sprchova-vanicka-z-liteho-mramoru-se-zaklopem-ctvrtkruh-90x90x4cm-r550-71602-51746\/\",\"url\":\"https:\/\/www.domtechnikpro.com\/index.php\/produkt\/znackovy-lussa-sprchova-vanicka-z-liteho-mramoru-se-zaklopem-ctvrtkruh-90x90x4cm-r550-71602-51746\/\",\"name\":\"Zna\u010dkov\u00fd LUSSA sprchov\u00e1 vani\u010dka z lit\u00e9ho mramoru se z\u00e1klopem, \u010dtvrtkruh 90x90x4cm, R550, 71602 - Pr\u016fmyslov\u00e9 vybaven\u00ed a p\u0159\u00edslu\u0161enstv\u00ed\",\"isPartOf\":{\"@id\":\"https:\/\/www.domtechnikpro.com\/#website\"},\"primaryImageOfPage\":{\"@id\":\"https:\/\/www.domtechnikpro.com\/index.php\/produkt\/znackovy-lussa-sprchova-vanicka-z-liteho-mramoru-se-zaklopem-ctvrtkruh-90x90x4cm-r550-71602-51746\/#primaryimage\"},\"image\":{\"@id\":\"https:\/\/www.domtechnikpro.com\/index.php\/produkt\/znackovy-lussa-sprchova-vanicka-z-liteho-mramoru-se-zaklopem-ctvrtkruh-90x90x4cm-r550-71602-51746\/#primaryimage\"},\"thumbnailUrl\":\"https:\/\/www.domtechnikpro.com\/wp-content\/uploads\/2026\/SK0002743-CZ20260425-092934-0-1777080574-70503_lussa-sprchova-vanicka-z-liteho-mramoru-se-zaklopem--.webp\",\"datePublished\":\"2026-04-26T09:01:07+00:00\",\"breadcrumb\":{\"@id\":\"https:\/\/www.domtechnikpro.com\/index.php\/produkt\/znackovy-lussa-sprchova-vanicka-z-liteho-mramoru-se-zaklopem-ctvrtkruh-90x90x4cm-r550-71602-51746\/#breadcrumb\"},\"inLanguage\":\"cs\",\"potentialAction\":[{\"@type\":\"ReadAction\",\"target\":[\"https:\/\/www.domtechnikpro.com\/index.php\/produkt\/znackovy-lussa-sprchova-vanicka-z-liteho-mramoru-se-zaklopem-ctvrtkruh-90x90x4cm-r550-71602-51746\/\"]}]},{\"@type\":\"ImageObject\",\"inLanguage\":\"cs\",\"@id\":\"https:\/\/www.domtechnikpro.com\/index.php\/produkt\/znackovy-lussa-sprchova-vanicka-z-liteho-mramoru-se-zaklopem-ctvrtkruh-90x90x4cm-r550-71602-51746\/#primaryimage\",\"url\":\"https:\/\/www.domtechnikpro.com\/wp-content\/uploads\/2026\/SK0002743-CZ20260425-092934-0-1777080574-70503_lussa-sprchova-vanicka-z-liteho-mramoru-se-zaklopem--.webp\",\"contentUrl\":\"https:\/\/www.domtechnikpro.com\/wp-content\/uploads\/2026\/SK0002743-CZ20260425-092934-0-1777080574-70503_lussa-sprchova-vanicka-z-liteho-mramoru-se-zaklopem--.webp\",\"width\":533,\"height\":800},{\"@type\":\"BreadcrumbList\",\"@id\":\"https:\/\/www.domtechnikpro.com\/index.php\/produkt\/znackovy-lussa-sprchova-vanicka-z-liteho-mramoru-se-zaklopem-ctvrtkruh-90x90x4cm-r550-71602-51746\/#breadcrumb\",\"itemListElement\":[{\"@type\":\"ListItem\",\"position\":1,\"name\":\"Home\",\"item\":\"https:\/\/www.domtechnikpro.com\/\"},{\"@type\":\"ListItem\",\"position\":2,\"name\":\"Products\",\"item\":\"https:\/\/www.domtechnikpro.com\/products\/\"},{\"@type\":\"ListItem\",\"position\":3,\"name\":\"Zna\u010dkov\u00fd LUSSA sprchov\u00e1 vani\u010dka z lit\u00e9ho mramoru se z\u00e1klopem, \u010dtvrtkruh 90x90x4cm, R550, 71602\"}]},{\"@type\":\"WebSite\",\"@id\":\"https:\/\/www.domtechnikpro.com\/#website\",\"url\":\"https:\/\/www.domtechnikpro.com\/\",\"name\":\"Pr\u016fmyslov\u00e9 vybaven\u00ed a p\u0159\u00edslu\u0161enstv\u00ed\",\"description\":\"Pr\u016fmyslov\u00e9 vybaven\u00ed a p\u0159\u00edslu\u0161enstv\u00ed\",\"publisher\":{\"@id\":\"https:\/\/www.domtechnikpro.com\/#organization\"},\"potentialAction\":[{\"@type\":\"SearchAction\",\"target\":{\"@type\":\"EntryPoint\",\"urlTemplate\":\"https:\/\/www.domtechnikpro.com\/?s={search_term_string}\"},\"query-input\":{\"@type\":\"PropertyValueSpecification\",\"valueRequired\":true,\"valueName\":\"search_term_string\"}}],\"inLanguage\":\"cs\"},{\"@type\":\"Organization\",\"@id\":\"https:\/\/www.domtechnikpro.com\/#organization\",\"name\":\"Pr\u016fmyslov\u00e9 vybaven\u00ed a p\u0159\u00edslu\u0161enstv\u00ed\",\"url\":\"https:\/\/www.domtechnikpro.com\/\",\"logo\":{\"@type\":\"ImageObject\",\"inLanguage\":\"cs\",\"@id\":\"https:\/\/www.domtechnikpro.com\/#\/schema\/logo\/image\/\",\"url\":\"https:\/\/www.domtechnikpro.com\/wp-content\/uploads\/2026\/04\/domtechnikpro_logo_full.svg\",\"contentUrl\":\"https:\/\/www.domtechnikpro.com\/wp-content\/uploads\/2026\/04\/domtechnikpro_logo_full.svg\",\"width\":920,\"height\":180,\"caption\":\"Pr\u016fmyslov\u00e9 vybaven\u00ed a p\u0159\u00edslu\u0161enstv\u00ed\"},\"image\":{\"@id\":\"https:\/\/www.domtechnikpro.com\/#\/schema\/logo\/image\/\"}}]}<\/script>\n<!-- \/ Yoast SEO plugin. -->","yoast_head_json":{"title":"Zna\u010dkov\u00fd LUSSA sprchov\u00e1 vani\u010dka z lit\u00e9ho mramoru se z\u00e1klopem, \u010dtvrtkruh 90x90x4cm, R550, 71602 - Pr\u016fmyslov\u00e9 vybaven\u00ed a p\u0159\u00edslu\u0161enstv\u00ed","robots":{"index":"index","follow":"follow","max-snippet":"max-snippet:-1","max-image-preview":"max-image-preview:large","max-video-preview":"max-video-preview:-1"},"canonical":"https:\/\/www.domtechnikpro.com\/index.php\/produkt\/znackovy-lussa-sprchova-vanicka-z-liteho-mramoru-se-zaklopem-ctvrtkruh-90x90x4cm-r550-71602-51746\/","og_locale":"cs_CZ","og_type":"article","og_title":"Zna\u010dkov\u00fd LUSSA sprchov\u00e1 vani\u010dka z lit\u00e9ho mramoru se z\u00e1klopem, \u010dtvrtkruh 90x90x4cm, R550, 71602 - Pr\u016fmyslov\u00e9 vybaven\u00ed a p\u0159\u00edslu\u0161enstv\u00ed","og_description":"D\u00edky pou\u017eit\u00ed z\u00e1klopu sifonu z&nbsp;lit\u00e9ho mramoru vynik\u00e1 vani\u010dka LUSSA \u010dist\u00fdmi liniemi a kompaktn\u00edm vzhledem. Sprchov\u00e1 vani\u010dka, hladk\u00e9 dno Nutno objednat samostatn\u011b speci\u00e1ln\u00ed sifon &#8211; viz p\u0159\u00edslu\u0161enstv\u00ed Dle typu instalace mo\u017eno dokoupit v\u00fd\u0161kov\u011b staviteln\u00e9 no\u017ei\u010dky Na sprchovou vani\u010dku POLYSAN vyrobenou z&nbsp;lit\u00e9ho mramoru poskytujeme z\u00e1ruku 2 roky. Podm\u00ednkou z\u00e1ruky je spr\u00e1vn\u00e9 usazen\u00ed podle n\u00e1vodu.V p\u0159\u00edpad\u011b obezd\u011bn\u00ed nebo [&hellip;]","og_url":"https:\/\/www.domtechnikpro.com\/index.php\/produkt\/znackovy-lussa-sprchova-vanicka-z-liteho-mramoru-se-zaklopem-ctvrtkruh-90x90x4cm-r550-71602-51746\/","og_site_name":"Pr\u016fmyslov\u00e9 vybaven\u00ed a p\u0159\u00edslu\u0161enstv\u00ed","og_image":[{"width":533,"height":800,"url":"https:\/\/www.domtechnikpro.com\/wp-content\/uploads\/2026\/SK0002743-CZ20260425-092934-0-1777080574-70503_lussa-sprchova-vanicka-z-liteho-mramoru-se-zaklopem--.webp","type":"image\/webp"}],"twitter_card":"summary_large_image","twitter_misc":{"Odhadovan\u00e1 doba \u010dten\u00ed":"2 minuty"},"schema":{"@context":"https:\/\/schema.org","@graph":[{"@type":"WebPage","@id":"https:\/\/www.domtechnikpro.com\/index.php\/produkt\/znackovy-lussa-sprchova-vanicka-z-liteho-mramoru-se-zaklopem-ctvrtkruh-90x90x4cm-r550-71602-51746\/","url":"https:\/\/www.domtechnikpro.com\/index.php\/produkt\/znackovy-lussa-sprchova-vanicka-z-liteho-mramoru-se-zaklopem-ctvrtkruh-90x90x4cm-r550-71602-51746\/","name":"Zna\u010dkov\u00fd LUSSA sprchov\u00e1 vani\u010dka z lit\u00e9ho mramoru se z\u00e1klopem, \u010dtvrtkruh 90x90x4cm, R550, 71602 - Pr\u016fmyslov\u00e9 vybaven\u00ed a p\u0159\u00edslu\u0161enstv\u00ed","isPartOf":{"@id":"https:\/\/www.domtechnikpro.com\/#website"},"primaryImageOfPage":{"@id":"https:\/\/www.domtechnikpro.com\/index.php\/produkt\/znackovy-lussa-sprchova-vanicka-z-liteho-mramoru-se-zaklopem-ctvrtkruh-90x90x4cm-r550-71602-51746\/#primaryimage"},"image":{"@id":"https:\/\/www.domtechnikpro.com\/index.php\/produkt\/znackovy-lussa-sprchova-vanicka-z-liteho-mramoru-se-zaklopem-ctvrtkruh-90x90x4cm-r550-71602-51746\/#primaryimage"},"thumbnailUrl":"https:\/\/www.domtechnikpro.com\/wp-content\/uploads\/2026\/SK0002743-CZ20260425-092934-0-1777080574-70503_lussa-sprchova-vanicka-z-liteho-mramoru-se-zaklopem--.webp","datePublished":"2026-04-26T09:01:07+00:00","breadcrumb":{"@id":"https:\/\/www.domtechnikpro.com\/index.php\/produkt\/znackovy-lussa-sprchova-vanicka-z-liteho-mramoru-se-zaklopem-ctvrtkruh-90x90x4cm-r550-71602-51746\/#breadcrumb"},"inLanguage":"cs","potentialAction":[{"@type":"ReadAction","target":["https:\/\/www.domtechnikpro.com\/index.php\/produkt\/znackovy-lussa-sprchova-vanicka-z-liteho-mramoru-se-zaklopem-ctvrtkruh-90x90x4cm-r550-71602-51746\/"]}]},{"@type":"ImageObject","inLanguage":"cs","@id":"https:\/\/www.domtechnikpro.com\/index.php\/produkt\/znackovy-lussa-sprchova-vanicka-z-liteho-mramoru-se-zaklopem-ctvrtkruh-90x90x4cm-r550-71602-51746\/#primaryimage","url":"https:\/\/www.domtechnikpro.com\/wp-content\/uploads\/2026\/SK0002743-CZ20260425-092934-0-1777080574-70503_lussa-sprchova-vanicka-z-liteho-mramoru-se-zaklopem--.webp","contentUrl":"https:\/\/www.domtechnikpro.com\/wp-content\/uploads\/2026\/SK0002743-CZ20260425-092934-0-1777080574-70503_lussa-sprchova-vanicka-z-liteho-mramoru-se-zaklopem--.webp","width":533,"height":800},{"@type":"BreadcrumbList","@id":"https:\/\/www.domtechnikpro.com\/index.php\/produkt\/znackovy-lussa-sprchova-vanicka-z-liteho-mramoru-se-zaklopem-ctvrtkruh-90x90x4cm-r550-71602-51746\/#breadcrumb","itemListElement":[{"@type":"ListItem","position":1,"name":"Home","item":"https:\/\/www.domtechnikpro.com\/"},{"@type":"ListItem","position":2,"name":"Products","item":"https:\/\/www.domtechnikpro.com\/products\/"},{"@type":"ListItem","position":3,"name":"Zna\u010dkov\u00fd LUSSA sprchov\u00e1 vani\u010dka z lit\u00e9ho mramoru se z\u00e1klopem, \u010dtvrtkruh 90x90x4cm, R550, 71602"}]},{"@type":"WebSite","@id":"https:\/\/www.domtechnikpro.com\/#website","url":"https:\/\/www.domtechnikpro.com\/","name":"Pr\u016fmyslov\u00e9 vybaven\u00ed a p\u0159\u00edslu\u0161enstv\u00ed","description":"Pr\u016fmyslov\u00e9 vybaven\u00ed a p\u0159\u00edslu\u0161enstv\u00ed","publisher":{"@id":"https:\/\/www.domtechnikpro.com\/#organization"},"potentialAction":[{"@type":"SearchAction","target":{"@type":"EntryPoint","urlTemplate":"https:\/\/www.domtechnikpro.com\/?s={search_term_string}"},"query-input":{"@type":"PropertyValueSpecification","valueRequired":true,"valueName":"search_term_string"}}],"inLanguage":"cs"},{"@type":"Organization","@id":"https:\/\/www.domtechnikpro.com\/#organization","name":"Pr\u016fmyslov\u00e9 vybaven\u00ed a p\u0159\u00edslu\u0161enstv\u00ed","url":"https:\/\/www.domtechnikpro.com\/","logo":{"@type":"ImageObject","inLanguage":"cs","@id":"https:\/\/www.domtechnikpro.com\/#\/schema\/logo\/image\/","url":"https:\/\/www.domtechnikpro.com\/wp-content\/uploads\/2026\/04\/domtechnikpro_logo_full.svg","contentUrl":"https:\/\/www.domtechnikpro.com\/wp-content\/uploads\/2026\/04\/domtechnikpro_logo_full.svg","width":920,"height":180,"caption":"Pr\u016fmyslov\u00e9 vybaven\u00ed a p\u0159\u00edslu\u0161enstv\u00ed"},"image":{"@id":"https:\/\/www.domtechnikpro.com\/#\/schema\/logo\/image\/"}}]}},"_links":{"self":[{"href":"https:\/\/www.domtechnikpro.com\/wp-json\/wp\/v2\/product\/51746","targetHints":{"allow":["GET"]}}],"collection":[{"href":"https:\/\/www.domtechnikpro.com\/wp-json\/wp\/v2\/product"}],"about":[{"href":"https:\/\/www.domtechnikpro.com\/wp-json\/wp\/v2\/types\/product"}],"replies":[{"embeddable":true,"href":"https:\/\/www.domtechnikpro.com\/wp-json\/wp\/v2\/comments?post=51746"}],"wp:featuredmedia":[{"embeddable":true,"href":"https:\/\/www.domtechnikpro.com\/wp-json\/wp\/v2\/media\/51846"}],"wp:attachment":[{"href":"https:\/\/www.domtechnikpro.com\/wp-json\/wp\/v2\/media?parent=51746"}],"wp:term":[{"taxonomy":"product_brand","embeddable":true,"href":"https:\/\/www.domtechnikpro.com\/wp-json\/wp\/v2\/product_brand?post=51746"},{"taxonomy":"product_cat","embeddable":true,"href":"https:\/\/www.domtechnikpro.com\/wp-json\/wp\/v2\/product_cat?post=51746"},{"taxonomy":"product_tag","embeddable":true,"href":"https:\/\/www.domtechnikpro.com\/wp-json\/wp\/v2\/product_tag?post=51746"}],"curies":[{"name":"wp","href":"https:\/\/api.w.org\/{rel}","templated":true}]}}