{"id":51103,"date":"2026-04-26T09:00:59","date_gmt":"2026-04-26T09:00:59","guid":{"rendered":""},"modified":"2026-04-26T09:00:59","modified_gmt":"2026-04-26T09:00:59","slug":"znackovy-polysan-vanova-souprava-bovden-delka-1000-mm-zatka-72mm-chrom-71854-51103","status":"publish","type":"product","link":"https:\/\/www.domtechnikpro.com\/index.php\/produkt\/znackovy-polysan-vanova-souprava-bovden-delka-1000-mm-zatka-72mm-chrom-71854-51103\/","title":{"rendered":"Zna\u010dkov\u00fd POLYSAN vanov\u00e1 souprava, bovden, d\u00e9lka 1000 mm, z\u00e1tka 72mm, chrom, 71854"},"content":{"rendered":"<div class=\"basic-description\">\n<p><span style=\"font-family: 'times new roman', times; font-size: 12pt;\">Vanov\u00e1 souprava<strong> bez napou\u0161t\u011bn\u00ed<\/strong>, ovl\u00e1d\u00e1n\u00ed z\u00e1tky pomoc\u00ed bovdenov\u00e9ho lanka.<\/span><\/p>\n<p><span style=\"font-family: 'times new roman', times; font-size: 12pt;\">Z\u00e1tka: \u00d8 72 mm<br \/><\/span><\/p>\n<p><span style=\"font-family: 'times new roman', times; font-size: 12pt;\">Barva: chrom<\/span><\/p>\n<p><span style=\"font-family: 'times new roman', times; font-size: 12pt;\">D\u00e9lka: 1000 mm<\/span><\/p>\n<p><span>Patentovan\u00fd syst\u00e9m otev\u00edr\u00e1n\u00ed a&nbsp;zav\u00edr\u00e1n\u00ed z\u00e1tky pomoc\u00ed ozubnice a&nbsp;pastorku: P\u0159i vypou\u0161t\u011bn\u00ed vody dr\u017e\u00ed z\u00e1tka v&nbsp;otev\u0159en\u00e9 poloze, i&nbsp;kdy\u017e je hladina vody vysok\u00e1. Z\u00e1rove\u0148 se mechanizmus nepo\u0161kod\u00ed, pokud na z\u00e1tku n\u00e1hodou \u0161l\u00e1pnete nohou.<\/span><\/p>\n<p><span style=\"font-family: 'times new roman', times; font-size: 12pt; color: #ff0000;\"><strong>K tomuto v\u00fdrobku doporu\u010dujeme p\u0159ikoupit sifon 71712 (viz. souvisej\u00edc\u00ed produkty).<\/strong><\/span><\/p>\n<\/p><\/div>\n<\/p><\/div>\n<\/p><\/div>\n","protected":false},"excerpt":{"rendered":"<p>Vanov\u00e1 souprava bez napou\u0161t\u011bn\u00ed, ovl\u00e1d\u00e1n\u00ed z\u00e1tky pomoc\u00ed bovdenov\u00e9ho lanka. Z\u00e1tka: \u00d8 72 mm Barva: chrom D\u00e9lka: 1000 mm Patentovan\u00fd syst\u00e9m otev\u00edr\u00e1n\u00ed a&nbsp;zav\u00edr\u00e1n\u00ed z\u00e1tky pomoc\u00ed ozubnice a&nbsp;pastorku: P\u0159i vypou\u0161t\u011bn\u00ed vody dr\u017e\u00ed z\u00e1tka v&nbsp;otev\u0159en\u00e9 poloze, i&nbsp;kdy\u017e je hladina vody vysok\u00e1. Z\u00e1rove\u0148 se mechanizmus nepo\u0161kod\u00ed, pokud na z\u00e1tku n\u00e1hodou \u0161l\u00e1pnete nohou. K tomuto v\u00fdrobku doporu\u010dujeme p\u0159ikoupit sifon 71712 [&hellip;]<\/p>\n","protected":false},"featured_media":51203,"comment_status":"open","ping_status":"open","template":"","meta":[],"product_brand":[],"product_cat":[144],"product_tag":[],"class_list":{"0":"post-51103","1":"product","2":"type-product","3":"status-publish","4":"has-post-thumbnail","6":"product_cat-vany","8":"first","9":"instock","10":"sale","11":"shipping-taxable","12":"purchasable","13":"product-type-simple"},"yoast_head":"<!-- This site is optimized with the Yoast SEO plugin v26.8 - https:\/\/yoast.com\/product\/yoast-seo-wordpress\/ -->\n<title>Zna\u010dkov\u00fd POLYSAN vanov\u00e1 souprava, bovden, d\u00e9lka 1000 mm, z\u00e1tka 72mm, chrom, 71854 -<\/title>\n<meta name=\"robots\" content=\"index, follow, max-snippet:-1, max-image-preview:large, max-video-preview:-1\" \/>\n<link rel=\"canonical\" href=\"https:\/\/www.domtechnikpro.com\/index.php\/produkt\/znackovy-polysan-vanova-souprava-bovden-delka-1000-mm-zatka-72mm-chrom-71854-51103\/\" \/>\n<meta property=\"og:locale\" content=\"cs_CZ\" \/>\n<meta property=\"og:type\" content=\"article\" \/>\n<meta property=\"og:title\" content=\"Zna\u010dkov\u00fd POLYSAN vanov\u00e1 souprava, bovden, d\u00e9lka 1000 mm, z\u00e1tka 72mm, chrom, 71854 -\" \/>\n<meta property=\"og:description\" content=\"Vanov\u00e1 souprava bez napou\u0161t\u011bn\u00ed, ovl\u00e1d\u00e1n\u00ed z\u00e1tky pomoc\u00ed bovdenov\u00e9ho lanka. Z\u00e1tka: \u00d8 72 mm Barva: chrom D\u00e9lka: 1000 mm Patentovan\u00fd syst\u00e9m otev\u00edr\u00e1n\u00ed a&nbsp;zav\u00edr\u00e1n\u00ed z\u00e1tky pomoc\u00ed ozubnice a&nbsp;pastorku: P\u0159i vypou\u0161t\u011bn\u00ed vody dr\u017e\u00ed z\u00e1tka v&nbsp;otev\u0159en\u00e9 poloze, i&nbsp;kdy\u017e je hladina vody vysok\u00e1. Z\u00e1rove\u0148 se mechanizmus nepo\u0161kod\u00ed, pokud na z\u00e1tku n\u00e1hodou \u0161l\u00e1pnete nohou. K tomuto v\u00fdrobku doporu\u010dujeme p\u0159ikoupit sifon 71712 [&hellip;]\" \/>\n<meta property=\"og:url\" content=\"https:\/\/www.domtechnikpro.com\/index.php\/produkt\/znackovy-polysan-vanova-souprava-bovden-delka-1000-mm-zatka-72mm-chrom-71854-51103\/\" \/>\n<meta property=\"og:image\" content=\"https:\/\/www.domtechnikpro.com\/wp-content\/uploads\/2026\/SK0002223-CZ20260425-092934-0-1777080574-67616-3_xyz2.webp\" \/>\n\t<meta property=\"og:image:width\" content=\"533\" \/>\n\t<meta property=\"og:image:height\" content=\"800\" \/>\n\t<meta property=\"og:image:type\" content=\"image\/webp\" \/>\n<meta name=\"twitter:card\" content=\"summary_large_image\" \/>\n<script type=\"application\/ld+json\" class=\"yoast-schema-graph\">{\"@context\":\"https:\/\/schema.org\",\"@graph\":[{\"@type\":\"WebPage\",\"@id\":\"https:\/\/www.domtechnikpro.com\/index.php\/produkt\/znackovy-polysan-vanova-souprava-bovden-delka-1000-mm-zatka-72mm-chrom-71854-51103\/\",\"url\":\"https:\/\/www.domtechnikpro.com\/index.php\/produkt\/znackovy-polysan-vanova-souprava-bovden-delka-1000-mm-zatka-72mm-chrom-71854-51103\/\",\"name\":\"Zna\u010dkov\u00fd POLYSAN vanov\u00e1 souprava, bovden, d\u00e9lka 1000 mm, z\u00e1tka 72mm, chrom, 71854 -\",\"isPartOf\":{\"@id\":\"https:\/\/www.domtechnikpro.com\/#website\"},\"primaryImageOfPage\":{\"@id\":\"https:\/\/www.domtechnikpro.com\/index.php\/produkt\/znackovy-polysan-vanova-souprava-bovden-delka-1000-mm-zatka-72mm-chrom-71854-51103\/#primaryimage\"},\"image\":{\"@id\":\"https:\/\/www.domtechnikpro.com\/index.php\/produkt\/znackovy-polysan-vanova-souprava-bovden-delka-1000-mm-zatka-72mm-chrom-71854-51103\/#primaryimage\"},\"thumbnailUrl\":\"https:\/\/www.domtechnikpro.com\/wp-content\/uploads\/2026\/SK0002223-CZ20260425-092934-0-1777080574-67616-3_xyz2.webp\",\"datePublished\":\"2026-04-26T09:00:59+00:00\",\"breadcrumb\":{\"@id\":\"https:\/\/www.domtechnikpro.com\/index.php\/produkt\/znackovy-polysan-vanova-souprava-bovden-delka-1000-mm-zatka-72mm-chrom-71854-51103\/#breadcrumb\"},\"inLanguage\":\"cs\",\"potentialAction\":[{\"@type\":\"ReadAction\",\"target\":[\"https:\/\/www.domtechnikpro.com\/index.php\/produkt\/znackovy-polysan-vanova-souprava-bovden-delka-1000-mm-zatka-72mm-chrom-71854-51103\/\"]}]},{\"@type\":\"ImageObject\",\"inLanguage\":\"cs\",\"@id\":\"https:\/\/www.domtechnikpro.com\/index.php\/produkt\/znackovy-polysan-vanova-souprava-bovden-delka-1000-mm-zatka-72mm-chrom-71854-51103\/#primaryimage\",\"url\":\"https:\/\/www.domtechnikpro.com\/wp-content\/uploads\/2026\/SK0002223-CZ20260425-092934-0-1777080574-67616-3_xyz2.webp\",\"contentUrl\":\"https:\/\/www.domtechnikpro.com\/wp-content\/uploads\/2026\/SK0002223-CZ20260425-092934-0-1777080574-67616-3_xyz2.webp\",\"width\":533,\"height\":800},{\"@type\":\"BreadcrumbList\",\"@id\":\"https:\/\/www.domtechnikpro.com\/index.php\/produkt\/znackovy-polysan-vanova-souprava-bovden-delka-1000-mm-zatka-72mm-chrom-71854-51103\/#breadcrumb\",\"itemListElement\":[{\"@type\":\"ListItem\",\"position\":1,\"name\":\"Home\",\"item\":\"https:\/\/www.domtechnikpro.com\/\"},{\"@type\":\"ListItem\",\"position\":2,\"name\":\"Products\",\"item\":\"https:\/\/www.domtechnikpro.com\/index.php\/products\/\"},{\"@type\":\"ListItem\",\"position\":3,\"name\":\"Zna\u010dkov\u00fd POLYSAN vanov\u00e1 souprava, bovden, d\u00e9lka 1000 mm, z\u00e1tka 72mm, chrom, 71854\"}]},{\"@type\":\"WebSite\",\"@id\":\"https:\/\/www.domtechnikpro.com\/#website\",\"url\":\"https:\/\/www.domtechnikpro.com\/\",\"name\":\"\",\"description\":\"\",\"potentialAction\":[{\"@type\":\"SearchAction\",\"target\":{\"@type\":\"EntryPoint\",\"urlTemplate\":\"https:\/\/www.domtechnikpro.com\/?s={search_term_string}\"},\"query-input\":{\"@type\":\"PropertyValueSpecification\",\"valueRequired\":true,\"valueName\":\"search_term_string\"}}],\"inLanguage\":\"cs\"}]}<\/script>\n<!-- \/ Yoast SEO plugin. -->","yoast_head_json":{"title":"Zna\u010dkov\u00fd POLYSAN vanov\u00e1 souprava, bovden, d\u00e9lka 1000 mm, z\u00e1tka 72mm, chrom, 71854 -","robots":{"index":"index","follow":"follow","max-snippet":"max-snippet:-1","max-image-preview":"max-image-preview:large","max-video-preview":"max-video-preview:-1"},"canonical":"https:\/\/www.domtechnikpro.com\/index.php\/produkt\/znackovy-polysan-vanova-souprava-bovden-delka-1000-mm-zatka-72mm-chrom-71854-51103\/","og_locale":"cs_CZ","og_type":"article","og_title":"Zna\u010dkov\u00fd POLYSAN vanov\u00e1 souprava, bovden, d\u00e9lka 1000 mm, z\u00e1tka 72mm, chrom, 71854 -","og_description":"Vanov\u00e1 souprava bez napou\u0161t\u011bn\u00ed, ovl\u00e1d\u00e1n\u00ed z\u00e1tky pomoc\u00ed bovdenov\u00e9ho lanka. Z\u00e1tka: \u00d8 72 mm Barva: chrom D\u00e9lka: 1000 mm Patentovan\u00fd syst\u00e9m otev\u00edr\u00e1n\u00ed a&nbsp;zav\u00edr\u00e1n\u00ed z\u00e1tky pomoc\u00ed ozubnice a&nbsp;pastorku: P\u0159i vypou\u0161t\u011bn\u00ed vody dr\u017e\u00ed z\u00e1tka v&nbsp;otev\u0159en\u00e9 poloze, i&nbsp;kdy\u017e je hladina vody vysok\u00e1. Z\u00e1rove\u0148 se mechanizmus nepo\u0161kod\u00ed, pokud na z\u00e1tku n\u00e1hodou \u0161l\u00e1pnete nohou. K tomuto v\u00fdrobku doporu\u010dujeme p\u0159ikoupit sifon 71712 [&hellip;]","og_url":"https:\/\/www.domtechnikpro.com\/index.php\/produkt\/znackovy-polysan-vanova-souprava-bovden-delka-1000-mm-zatka-72mm-chrom-71854-51103\/","og_image":[{"width":533,"height":800,"url":"https:\/\/www.domtechnikpro.com\/wp-content\/uploads\/2026\/SK0002223-CZ20260425-092934-0-1777080574-67616-3_xyz2.webp","type":"image\/webp"}],"twitter_card":"summary_large_image","schema":{"@context":"https:\/\/schema.org","@graph":[{"@type":"WebPage","@id":"https:\/\/www.domtechnikpro.com\/index.php\/produkt\/znackovy-polysan-vanova-souprava-bovden-delka-1000-mm-zatka-72mm-chrom-71854-51103\/","url":"https:\/\/www.domtechnikpro.com\/index.php\/produkt\/znackovy-polysan-vanova-souprava-bovden-delka-1000-mm-zatka-72mm-chrom-71854-51103\/","name":"Zna\u010dkov\u00fd POLYSAN vanov\u00e1 souprava, bovden, d\u00e9lka 1000 mm, z\u00e1tka 72mm, chrom, 71854 -","isPartOf":{"@id":"https:\/\/www.domtechnikpro.com\/#website"},"primaryImageOfPage":{"@id":"https:\/\/www.domtechnikpro.com\/index.php\/produkt\/znackovy-polysan-vanova-souprava-bovden-delka-1000-mm-zatka-72mm-chrom-71854-51103\/#primaryimage"},"image":{"@id":"https:\/\/www.domtechnikpro.com\/index.php\/produkt\/znackovy-polysan-vanova-souprava-bovden-delka-1000-mm-zatka-72mm-chrom-71854-51103\/#primaryimage"},"thumbnailUrl":"https:\/\/www.domtechnikpro.com\/wp-content\/uploads\/2026\/SK0002223-CZ20260425-092934-0-1777080574-67616-3_xyz2.webp","datePublished":"2026-04-26T09:00:59+00:00","breadcrumb":{"@id":"https:\/\/www.domtechnikpro.com\/index.php\/produkt\/znackovy-polysan-vanova-souprava-bovden-delka-1000-mm-zatka-72mm-chrom-71854-51103\/#breadcrumb"},"inLanguage":"cs","potentialAction":[{"@type":"ReadAction","target":["https:\/\/www.domtechnikpro.com\/index.php\/produkt\/znackovy-polysan-vanova-souprava-bovden-delka-1000-mm-zatka-72mm-chrom-71854-51103\/"]}]},{"@type":"ImageObject","inLanguage":"cs","@id":"https:\/\/www.domtechnikpro.com\/index.php\/produkt\/znackovy-polysan-vanova-souprava-bovden-delka-1000-mm-zatka-72mm-chrom-71854-51103\/#primaryimage","url":"https:\/\/www.domtechnikpro.com\/wp-content\/uploads\/2026\/SK0002223-CZ20260425-092934-0-1777080574-67616-3_xyz2.webp","contentUrl":"https:\/\/www.domtechnikpro.com\/wp-content\/uploads\/2026\/SK0002223-CZ20260425-092934-0-1777080574-67616-3_xyz2.webp","width":533,"height":800},{"@type":"BreadcrumbList","@id":"https:\/\/www.domtechnikpro.com\/index.php\/produkt\/znackovy-polysan-vanova-souprava-bovden-delka-1000-mm-zatka-72mm-chrom-71854-51103\/#breadcrumb","itemListElement":[{"@type":"ListItem","position":1,"name":"Home","item":"https:\/\/www.domtechnikpro.com\/"},{"@type":"ListItem","position":2,"name":"Products","item":"https:\/\/www.domtechnikpro.com\/index.php\/products\/"},{"@type":"ListItem","position":3,"name":"Zna\u010dkov\u00fd POLYSAN vanov\u00e1 souprava, bovden, d\u00e9lka 1000 mm, z\u00e1tka 72mm, chrom, 71854"}]},{"@type":"WebSite","@id":"https:\/\/www.domtechnikpro.com\/#website","url":"https:\/\/www.domtechnikpro.com\/","name":"","description":"","potentialAction":[{"@type":"SearchAction","target":{"@type":"EntryPoint","urlTemplate":"https:\/\/www.domtechnikpro.com\/?s={search_term_string}"},"query-input":{"@type":"PropertyValueSpecification","valueRequired":true,"valueName":"search_term_string"}}],"inLanguage":"cs"}]}},"_links":{"self":[{"href":"https:\/\/www.domtechnikpro.com\/index.php\/wp-json\/wp\/v2\/product\/51103","targetHints":{"allow":["GET"]}}],"collection":[{"href":"https:\/\/www.domtechnikpro.com\/index.php\/wp-json\/wp\/v2\/product"}],"about":[{"href":"https:\/\/www.domtechnikpro.com\/index.php\/wp-json\/wp\/v2\/types\/product"}],"replies":[{"embeddable":true,"href":"https:\/\/www.domtechnikpro.com\/index.php\/wp-json\/wp\/v2\/comments?post=51103"}],"wp:featuredmedia":[{"embeddable":true,"href":"https:\/\/www.domtechnikpro.com\/index.php\/wp-json\/wp\/v2\/media\/51203"}],"wp:attachment":[{"href":"https:\/\/www.domtechnikpro.com\/index.php\/wp-json\/wp\/v2\/media?parent=51103"}],"wp:term":[{"taxonomy":"product_brand","embeddable":true,"href":"https:\/\/www.domtechnikpro.com\/index.php\/wp-json\/wp\/v2\/product_brand?post=51103"},{"taxonomy":"product_cat","embeddable":true,"href":"https:\/\/www.domtechnikpro.com\/index.php\/wp-json\/wp\/v2\/product_cat?post=51103"},{"taxonomy":"product_tag","embeddable":true,"href":"https:\/\/www.domtechnikpro.com\/index.php\/wp-json\/wp\/v2\/product_tag?post=51103"}],"curies":[{"name":"wp","href":"https:\/\/api.w.org\/{rel}","templated":true}]}}