{"id":49777,"date":"2026-04-26T09:00:42","date_gmt":"2026-04-26T09:00:42","guid":{"rendered":""},"modified":"2026-04-26T09:00:42","modified_gmt":"2026-04-26T09:00:42","slug":"zoom-line-black-sprchove-dvere-1100mm-cire-sklo-zl1311b-span-class-product-appendix-doprava-zdarma-span-super-cena-49777","status":"publish","type":"product","link":"https:\/\/www.domtechnikpro.com\/index.php\/produkt\/zoom-line-black-sprchove-dvere-1100mm-cire-sklo-zl1311b-span-class-product-appendix-doprava-zdarma-span-super-cena-49777\/","title":{"rendered":"ZOOM LINE BLACK sprchov\u00e9 dve\u0159e 1100mm, \u010dir\u00e9 sklo, ZL1311B <span class=\"product-appendix\"> + doprava zdarma<\/span> Super Cena"},"content":{"rendered":"<div class=\"basic-description\">\n<p style=\"text-align: justify;\"><strong><span>Otev\u00edrac\u00ed jednok\u0159\u00eddl\u00e9 dve\u0159e s&nbsp;pevnou st\u011bnou s instalac\u00ed do niky<\/span><\/strong><\/p>\n<ul>\n<li><span style=\"font-size: 12pt;\"><span style=\"font-family: 'times new roman', times;\">Instala\u010dn\u00ed rozm\u011br do niky: 1085\u00b115&nbsp;mm<\/span><\/span><\/li>\n<li><span style=\"font-size: 12pt;\"><span style=\"font-family: 'times new roman', times;\">Instala\u010dn\u00ed rozm\u011br s&nbsp;bo\u010dn\u00ed st\u011bnou: 1080\u00b110 mm<\/span><\/span><\/li>\n<li><span style=\"font-size: 12pt;\"><span style=\"font-family: 'times new roman', times;\">Proveden\u00ed: variabiln\u00ed, lev\u00e9 i&nbsp;prav\u00e9 otev\u00edr\u00e1n\u00ed<\/span><\/span><\/li>\n<li><span style=\"font-size: 12pt;\"><span style=\"font-family: 'times new roman', times;\">Vstup: 570 mm<\/span><\/span><\/li>\n<\/ul>\n<p style=\"text-align: justify;\"><span style=\"font-size: 12pt;\"><span style=\"font-family: 'times new roman', times;\">Sprchov\u00e9 z\u00e1st\u011bny&nbsp;ZOOM BLACK&nbsp;okouzl\u00ed nejen sv\u00fdm proveden\u00edm v&nbsp;modern\u00ed \u010dern\u00e9, ale i&nbsp;propracovanost\u00ed do nejmen\u0161\u00edch detail\u016f. Sprchov\u00e9 dve\u0159e s&nbsp;hranat\u00fdmi oto\u010dn\u00fdmi profily se zvedac\u00edm mechanismem umo\u017e\u0148uj\u00ed snadn\u00e9 otev\u00edr\u00e1n\u00ed vn\u011b i&nbsp;dovnit\u0159 a zaru\u010duj\u00ed maxim\u00e1ln\u00ed \u0161\u00ed\u0159ku vstupu. V\u00fdjimku tvo\u0159\u00ed \u010dtvrtkruhov\u00e1 z\u00e1st\u011bna ZL2615B (90&#215;90 cm), kter\u00e1 se otv\u00edr\u00e1 pouze sm\u011brem ven.<\/span><\/span><\/p>\n<p><span style=\"font-size: 12pt;\"><strong><span style=\"font-family: 'times new roman', times;\">Charakteristika sprchov\u00fdch z\u00e1st\u011bn s\u00e9rie ZOOM LINE BLACK:<\/span><\/strong><\/span><\/p>\n<ul>\n<li><span style=\"font-size: 12pt;\"><span style=\"font-family: 'times new roman', times;\">\u010cir\u00e9 bezpe\u010dnostn\u00ed sklo o&nbsp;s\u00edle 6 mm<\/span><\/span><\/li>\n<li><span style=\"font-size: 12pt;\"><span style=\"font-family: 'times new roman', times;\">Povrchov\u00e1 \u00faprava Antidrop zabra\u0148uje usazov\u00e1n\u00ed vodn\u00edho kamene a usnad\u0148uje \u010di\u0161t\u011bn\u00ed<\/span><\/span><\/li>\n<li><span style=\"font-size: 12pt;\"><span style=\"font-family: 'times new roman', times;\">Hlin\u00edkov\u00e9 oto\u010dn\u00e9 profily v&nbsp;matn\u011b \u010dern\u00e9 povrchov\u00e9 \u00faprav\u011b, s&nbsp;integrovan\u00fdm zdvihov\u00fdm mechanismem<\/span><\/span><\/li>\n<li><span style=\"font-size: 12pt;\"><span style=\"font-family: 'times new roman', times;\">Matn\u011b \u010dern\u00e9 proveden\u00ed profil\u016f dod\u00e1v\u00e1 z\u00e1st\u011bn\u00e1m luxusn\u00ed vzhled<\/span><\/span><\/li>\n<li><span style=\"font-size: 12pt;\"><span style=\"font-family: 'times new roman', times;\">Magnetick\u00e9 t\u011bsn\u011bn\u00ed je skryto v&nbsp;profilech<\/span><\/span><\/li>\n<li><span style=\"font-size: 12pt;\"><span style=\"font-family: 'times new roman', times;\">V\u00fd\u0161ka 2000 mm<\/span><\/span><\/li>\n<li><span style=\"font-size: 12pt;\"><span style=\"font-family: 'times new roman', times;\">Snadn\u00e1 mont\u00e1\u017e, tolerance a\u017e 20 mm nastaven\u00edm skel v&nbsp;profilu<\/span><\/span><\/li>\n<li><span style=\"font-size: 12pt;\"><span style=\"font-family: 'times new roman', times;\">Dve\u0159e 800 a 900 mm jsou jednod\u00edln\u00e9 a umo\u017e\u0148uj\u00ed maxim\u00e1ln\u00ed \u0161\u00ed\u0159ku vstupu<\/span><\/span><\/li>\n<li><span style=\"font-size: 12pt;\"><span style=\"font-family: 'times new roman', times;\">Dve\u0159e 1000-1400 mm jsou d\u011bleny na \u010d\u00e1st pevnou a \u010d\u00e1st oto\u010dnou<\/span><\/span><\/li>\n<li><span style=\"font-size: 12pt;\"><strong><span style=\"font-family: 'times new roman', times;\">Dve\u0159e je mo\u017eno instalovat do niky nebo v&nbsp;kombinaci s&nbsp;bo\u010dn\u00ed st\u011bnou, umo\u017e\u0148uj\u00ed variabiln\u00ed instalaci s&nbsp;lev\u00fdm nebo prav\u00fdm otev\u00edr\u00e1n\u00edm<\/span><\/strong><\/span><\/li>\n<li><span style=\"font-size: 12pt;\"><span style=\"font-family: 'times new roman', times;\">Dve\u0159e&nbsp;se&nbsp;zdvihov\u00fdm mechanismem profilu<\/span><\/span><\/li>\n<li><span style=\"font-size: 12pt;\"><span style=\"font-family: 'times new roman', times;\">Vzp\u011bry jsou sou\u010d\u00e1st\u00ed balen\u00ed<\/span><\/span><\/li>\n<\/ul>\n<table border=\"0\">\n<tbody>\n<tr>\n<td><span style=\"font-size: 12pt;\"><span style=\"font-family: 'times new roman', times;\"><\/span><\/span><\/td>\n<td><span style=\"font-size: 12pt;\"><span style=\"font-family: 'times new roman', times;\"><\/span><\/span><\/td>\n<td><span style=\"font-size: 12pt;\"><span style=\"font-family: 'times new roman', times;\"><\/span><\/span><\/td>\n<td><span style=\"font-size: 12pt;\"><span style=\"font-family: 'times new roman', times;\"><\/span><\/span><\/td>\n<\/tr>\n<tr>\n<td><span style=\"font-size: 12pt;\"><span style=\"font-family: 'times new roman', times;\">Speci\u00e1ln\u011b navr\u017een\u00e9 madlo pro pohodln\u00e9 otev\u00edr\u00e1n\u00ed dve\u0159\u00ed.<\/span><\/span><\/td>\n<td><span style=\"font-size: 12pt;\"><span style=\"font-family: 'times new roman', times;\">Ploch\u00e9 magnetick\u00e9 t\u011bsn\u011bn\u00ed skryt\u00e9 v&nbsp;hlin\u00edkov\u00e9m profilu v&nbsp;modern\u00edm matn\u011b \u010dern\u00e9m proveden\u00ed.<\/span><\/span><\/td>\n<td><span style=\"font-size: 12pt;\"><span style=\"font-family: 'times new roman', times;\">St\u011bnov\u00e9 nerovnosti skryje hlin\u00edkov\u00fd profil v&nbsp;\u010dern\u00e9, do kter\u00e9ho lze zasounout sklo dle pot\u0159eby a\u017e 20 mm.<\/span><\/span><\/td>\n<td><span style=\"font-size: 12pt;\"><span style=\"font-family: 'times new roman', times;\">Oto\u010dn\u00fd profil se zvedac\u00ed funkc\u00ed pro pohodln\u00e9 otev\u00edr\u00e1n\u00ed.<\/span><\/span><br \/><span style=\"font-size: 12pt;\"><span style=\"font-family: 'times new roman', times;\">\u010cist\u00e1 linie &#8211; sklo prot\u00edn\u00e1 profil na obou stran\u00e1ch ve stejn\u00e9 \u00farovni.<\/span><\/span><br \/><span style=\"font-size: 12pt;\"><span style=\"font-family: 'times new roman', times;\">Stabilitu skel zaji\u0161\u0165uje elegantn\u00ed vzp\u011bra s&nbsp;nastaviteln\u00fdm \u00fahlem uchycen\u00ed na obou stran\u00e1ch.<\/span><\/span><\/td>\n<\/tr>\n<\/tbody>\n<\/table>\n<p><span style=\"color: #ff0000;\"><strong>Interi\u00e9rov\u00e1 fotografie je pouze ilustra\u010dn\u00ed &#8211; sprchov\u00fd panel nen\u00ed sou\u010d\u00e1st\u00ed.<\/strong>&nbsp;&nbsp;<\/span><\/p>\n<p>&nbsp;<\/p>\n<\/p><\/div>\n<\/p><\/div>\n<\/p><\/div>\n","protected":false},"excerpt":{"rendered":"<p>Otev\u00edrac\u00ed jednok\u0159\u00eddl\u00e9 dve\u0159e s&nbsp;pevnou st\u011bnou s instalac\u00ed do niky Instala\u010dn\u00ed rozm\u011br do niky: 1085\u00b115&nbsp;mm Instala\u010dn\u00ed rozm\u011br s&nbsp;bo\u010dn\u00ed st\u011bnou: 1080\u00b110 mm Proveden\u00ed: variabiln\u00ed, lev\u00e9 i&nbsp;prav\u00e9 otev\u00edr\u00e1n\u00ed Vstup: 570 mm Sprchov\u00e9 z\u00e1st\u011bny&nbsp;ZOOM BLACK&nbsp;okouzl\u00ed nejen sv\u00fdm proveden\u00edm v&nbsp;modern\u00ed \u010dern\u00e9, ale i&nbsp;propracovanost\u00ed do nejmen\u0161\u00edch detail\u016f. Sprchov\u00e9 dve\u0159e s&nbsp;hranat\u00fdmi oto\u010dn\u00fdmi profily se zvedac\u00edm mechanismem umo\u017e\u0148uj\u00ed snadn\u00e9 otev\u00edr\u00e1n\u00ed vn\u011b i&nbsp;dovnit\u0159 a [&hellip;]<\/p>\n","protected":false},"featured_media":49877,"comment_status":"open","ping_status":"open","template":"","meta":[],"product_brand":[],"product_cat":[170],"product_tag":[],"class_list":{"0":"post-49777","1":"product","2":"type-product","3":"status-publish","4":"has-post-thumbnail","6":"product_cat-sprchove-kouty-vanicky-a-zlaby","8":"first","9":"instock","10":"sale","11":"shipping-taxable","12":"purchasable","13":"product-type-simple"},"yoast_head":"<!-- This site is optimized with the Yoast SEO plugin v26.8 - https:\/\/yoast.com\/product\/yoast-seo-wordpress\/ -->\n<title>ZOOM LINE BLACK sprchov\u00e9 dve\u0159e 1100mm, \u010dir\u00e9 sklo, ZL1311B  + doprava zdarma Super Cena -<\/title>\n<meta name=\"robots\" content=\"index, follow, max-snippet:-1, max-image-preview:large, max-video-preview:-1\" \/>\n<link rel=\"canonical\" href=\"https:\/\/www.domtechnikpro.com\/index.php\/produkt\/zoom-line-black-sprchove-dvere-1100mm-cire-sklo-zl1311b-span-class-product-appendix-doprava-zdarma-span-super-cena-49777\/\" \/>\n<meta property=\"og:locale\" content=\"cs_CZ\" \/>\n<meta property=\"og:type\" content=\"article\" \/>\n<meta property=\"og:title\" content=\"ZOOM LINE BLACK sprchov\u00e9 dve\u0159e 1100mm, \u010dir\u00e9 sklo, ZL1311B  + doprava zdarma Super Cena -\" \/>\n<meta property=\"og:description\" content=\"Otev\u00edrac\u00ed jednok\u0159\u00eddl\u00e9 dve\u0159e s&nbsp;pevnou st\u011bnou s instalac\u00ed do niky Instala\u010dn\u00ed rozm\u011br do niky: 1085\u00b115&nbsp;mm Instala\u010dn\u00ed rozm\u011br s&nbsp;bo\u010dn\u00ed st\u011bnou: 1080\u00b110 mm Proveden\u00ed: variabiln\u00ed, lev\u00e9 i&nbsp;prav\u00e9 otev\u00edr\u00e1n\u00ed Vstup: 570 mm Sprchov\u00e9 z\u00e1st\u011bny&nbsp;ZOOM BLACK&nbsp;okouzl\u00ed nejen sv\u00fdm proveden\u00edm v&nbsp;modern\u00ed \u010dern\u00e9, ale i&nbsp;propracovanost\u00ed do nejmen\u0161\u00edch detail\u016f. Sprchov\u00e9 dve\u0159e s&nbsp;hranat\u00fdmi oto\u010dn\u00fdmi profily se zvedac\u00edm mechanismem umo\u017e\u0148uj\u00ed snadn\u00e9 otev\u00edr\u00e1n\u00ed vn\u011b i&nbsp;dovnit\u0159 a [&hellip;]\" \/>\n<meta property=\"og:url\" content=\"https:\/\/www.domtechnikpro.com\/index.php\/produkt\/zoom-line-black-sprchove-dvere-1100mm-cire-sklo-zl1311b-span-class-product-appendix-doprava-zdarma-span-super-cena-49777\/\" \/>\n<meta property=\"og:image\" content=\"https:\/\/www.domtechnikpro.com\/wp-content\/uploads\/2026\/SK0003132-CZ20260425-092706-0-1777080427-70113_zl1310b.webp\" \/>\n\t<meta property=\"og:image:width\" content=\"533\" \/>\n\t<meta property=\"og:image:height\" content=\"800\" \/>\n\t<meta property=\"og:image:type\" content=\"image\/webp\" \/>\n<meta name=\"twitter:card\" content=\"summary_large_image\" \/>\n<meta name=\"twitter:label1\" content=\"Odhadovan\u00e1 doba \u010dten\u00ed\" \/>\n\t<meta name=\"twitter:data1\" content=\"2 minuty\" \/>\n<script type=\"application\/ld+json\" class=\"yoast-schema-graph\">{\"@context\":\"https:\/\/schema.org\",\"@graph\":[{\"@type\":\"WebPage\",\"@id\":\"https:\/\/www.domtechnikpro.com\/index.php\/produkt\/zoom-line-black-sprchove-dvere-1100mm-cire-sklo-zl1311b-span-class-product-appendix-doprava-zdarma-span-super-cena-49777\/\",\"url\":\"https:\/\/www.domtechnikpro.com\/index.php\/produkt\/zoom-line-black-sprchove-dvere-1100mm-cire-sklo-zl1311b-span-class-product-appendix-doprava-zdarma-span-super-cena-49777\/\",\"name\":\"ZOOM LINE BLACK sprchov\u00e9 dve\u0159e 1100mm, \u010dir\u00e9 sklo, ZL1311B + doprava zdarma Super Cena -\",\"isPartOf\":{\"@id\":\"https:\/\/www.domtechnikpro.com\/#website\"},\"primaryImageOfPage\":{\"@id\":\"https:\/\/www.domtechnikpro.com\/index.php\/produkt\/zoom-line-black-sprchove-dvere-1100mm-cire-sklo-zl1311b-span-class-product-appendix-doprava-zdarma-span-super-cena-49777\/#primaryimage\"},\"image\":{\"@id\":\"https:\/\/www.domtechnikpro.com\/index.php\/produkt\/zoom-line-black-sprchove-dvere-1100mm-cire-sklo-zl1311b-span-class-product-appendix-doprava-zdarma-span-super-cena-49777\/#primaryimage\"},\"thumbnailUrl\":\"https:\/\/www.domtechnikpro.com\/wp-content\/uploads\/2026\/SK0003132-CZ20260425-092706-0-1777080427-70113_zl1310b.webp\",\"datePublished\":\"2026-04-26T09:00:42+00:00\",\"breadcrumb\":{\"@id\":\"https:\/\/www.domtechnikpro.com\/index.php\/produkt\/zoom-line-black-sprchove-dvere-1100mm-cire-sklo-zl1311b-span-class-product-appendix-doprava-zdarma-span-super-cena-49777\/#breadcrumb\"},\"inLanguage\":\"cs\",\"potentialAction\":[{\"@type\":\"ReadAction\",\"target\":[\"https:\/\/www.domtechnikpro.com\/index.php\/produkt\/zoom-line-black-sprchove-dvere-1100mm-cire-sklo-zl1311b-span-class-product-appendix-doprava-zdarma-span-super-cena-49777\/\"]}]},{\"@type\":\"ImageObject\",\"inLanguage\":\"cs\",\"@id\":\"https:\/\/www.domtechnikpro.com\/index.php\/produkt\/zoom-line-black-sprchove-dvere-1100mm-cire-sklo-zl1311b-span-class-product-appendix-doprava-zdarma-span-super-cena-49777\/#primaryimage\",\"url\":\"https:\/\/www.domtechnikpro.com\/wp-content\/uploads\/2026\/SK0003132-CZ20260425-092706-0-1777080427-70113_zl1310b.webp\",\"contentUrl\":\"https:\/\/www.domtechnikpro.com\/wp-content\/uploads\/2026\/SK0003132-CZ20260425-092706-0-1777080427-70113_zl1310b.webp\",\"width\":533,\"height\":800},{\"@type\":\"BreadcrumbList\",\"@id\":\"https:\/\/www.domtechnikpro.com\/index.php\/produkt\/zoom-line-black-sprchove-dvere-1100mm-cire-sklo-zl1311b-span-class-product-appendix-doprava-zdarma-span-super-cena-49777\/#breadcrumb\",\"itemListElement\":[{\"@type\":\"ListItem\",\"position\":1,\"name\":\"Home\",\"item\":\"https:\/\/www.domtechnikpro.com\/\"},{\"@type\":\"ListItem\",\"position\":2,\"name\":\"Products\",\"item\":\"https:\/\/www.domtechnikpro.com\/index.php\/products\/\"},{\"@type\":\"ListItem\",\"position\":3,\"name\":\"ZOOM LINE BLACK sprchov\u00e9 dve\u0159e 1100mm, \u010dir\u00e9 sklo, ZL1311B + doprava zdarma Super Cena\"}]},{\"@type\":\"WebSite\",\"@id\":\"https:\/\/www.domtechnikpro.com\/#website\",\"url\":\"https:\/\/www.domtechnikpro.com\/\",\"name\":\"\",\"description\":\"\",\"potentialAction\":[{\"@type\":\"SearchAction\",\"target\":{\"@type\":\"EntryPoint\",\"urlTemplate\":\"https:\/\/www.domtechnikpro.com\/?s={search_term_string}\"},\"query-input\":{\"@type\":\"PropertyValueSpecification\",\"valueRequired\":true,\"valueName\":\"search_term_string\"}}],\"inLanguage\":\"cs\"}]}<\/script>\n<!-- \/ Yoast SEO plugin. -->","yoast_head_json":{"title":"ZOOM LINE BLACK sprchov\u00e9 dve\u0159e 1100mm, \u010dir\u00e9 sklo, ZL1311B  + doprava zdarma Super Cena -","robots":{"index":"index","follow":"follow","max-snippet":"max-snippet:-1","max-image-preview":"max-image-preview:large","max-video-preview":"max-video-preview:-1"},"canonical":"https:\/\/www.domtechnikpro.com\/index.php\/produkt\/zoom-line-black-sprchove-dvere-1100mm-cire-sklo-zl1311b-span-class-product-appendix-doprava-zdarma-span-super-cena-49777\/","og_locale":"cs_CZ","og_type":"article","og_title":"ZOOM LINE BLACK sprchov\u00e9 dve\u0159e 1100mm, \u010dir\u00e9 sklo, ZL1311B  + doprava zdarma Super Cena -","og_description":"Otev\u00edrac\u00ed jednok\u0159\u00eddl\u00e9 dve\u0159e s&nbsp;pevnou st\u011bnou s instalac\u00ed do niky Instala\u010dn\u00ed rozm\u011br do niky: 1085\u00b115&nbsp;mm Instala\u010dn\u00ed rozm\u011br s&nbsp;bo\u010dn\u00ed st\u011bnou: 1080\u00b110 mm Proveden\u00ed: variabiln\u00ed, lev\u00e9 i&nbsp;prav\u00e9 otev\u00edr\u00e1n\u00ed Vstup: 570 mm Sprchov\u00e9 z\u00e1st\u011bny&nbsp;ZOOM BLACK&nbsp;okouzl\u00ed nejen sv\u00fdm proveden\u00edm v&nbsp;modern\u00ed \u010dern\u00e9, ale i&nbsp;propracovanost\u00ed do nejmen\u0161\u00edch detail\u016f. Sprchov\u00e9 dve\u0159e s&nbsp;hranat\u00fdmi oto\u010dn\u00fdmi profily se zvedac\u00edm mechanismem umo\u017e\u0148uj\u00ed snadn\u00e9 otev\u00edr\u00e1n\u00ed vn\u011b i&nbsp;dovnit\u0159 a [&hellip;]","og_url":"https:\/\/www.domtechnikpro.com\/index.php\/produkt\/zoom-line-black-sprchove-dvere-1100mm-cire-sklo-zl1311b-span-class-product-appendix-doprava-zdarma-span-super-cena-49777\/","og_image":[{"width":533,"height":800,"url":"https:\/\/www.domtechnikpro.com\/wp-content\/uploads\/2026\/SK0003132-CZ20260425-092706-0-1777080427-70113_zl1310b.webp","type":"image\/webp"}],"twitter_card":"summary_large_image","twitter_misc":{"Odhadovan\u00e1 doba \u010dten\u00ed":"2 minuty"},"schema":{"@context":"https:\/\/schema.org","@graph":[{"@type":"WebPage","@id":"https:\/\/www.domtechnikpro.com\/index.php\/produkt\/zoom-line-black-sprchove-dvere-1100mm-cire-sklo-zl1311b-span-class-product-appendix-doprava-zdarma-span-super-cena-49777\/","url":"https:\/\/www.domtechnikpro.com\/index.php\/produkt\/zoom-line-black-sprchove-dvere-1100mm-cire-sklo-zl1311b-span-class-product-appendix-doprava-zdarma-span-super-cena-49777\/","name":"ZOOM LINE BLACK sprchov\u00e9 dve\u0159e 1100mm, \u010dir\u00e9 sklo, ZL1311B + doprava zdarma Super Cena -","isPartOf":{"@id":"https:\/\/www.domtechnikpro.com\/#website"},"primaryImageOfPage":{"@id":"https:\/\/www.domtechnikpro.com\/index.php\/produkt\/zoom-line-black-sprchove-dvere-1100mm-cire-sklo-zl1311b-span-class-product-appendix-doprava-zdarma-span-super-cena-49777\/#primaryimage"},"image":{"@id":"https:\/\/www.domtechnikpro.com\/index.php\/produkt\/zoom-line-black-sprchove-dvere-1100mm-cire-sklo-zl1311b-span-class-product-appendix-doprava-zdarma-span-super-cena-49777\/#primaryimage"},"thumbnailUrl":"https:\/\/www.domtechnikpro.com\/wp-content\/uploads\/2026\/SK0003132-CZ20260425-092706-0-1777080427-70113_zl1310b.webp","datePublished":"2026-04-26T09:00:42+00:00","breadcrumb":{"@id":"https:\/\/www.domtechnikpro.com\/index.php\/produkt\/zoom-line-black-sprchove-dvere-1100mm-cire-sklo-zl1311b-span-class-product-appendix-doprava-zdarma-span-super-cena-49777\/#breadcrumb"},"inLanguage":"cs","potentialAction":[{"@type":"ReadAction","target":["https:\/\/www.domtechnikpro.com\/index.php\/produkt\/zoom-line-black-sprchove-dvere-1100mm-cire-sklo-zl1311b-span-class-product-appendix-doprava-zdarma-span-super-cena-49777\/"]}]},{"@type":"ImageObject","inLanguage":"cs","@id":"https:\/\/www.domtechnikpro.com\/index.php\/produkt\/zoom-line-black-sprchove-dvere-1100mm-cire-sklo-zl1311b-span-class-product-appendix-doprava-zdarma-span-super-cena-49777\/#primaryimage","url":"https:\/\/www.domtechnikpro.com\/wp-content\/uploads\/2026\/SK0003132-CZ20260425-092706-0-1777080427-70113_zl1310b.webp","contentUrl":"https:\/\/www.domtechnikpro.com\/wp-content\/uploads\/2026\/SK0003132-CZ20260425-092706-0-1777080427-70113_zl1310b.webp","width":533,"height":800},{"@type":"BreadcrumbList","@id":"https:\/\/www.domtechnikpro.com\/index.php\/produkt\/zoom-line-black-sprchove-dvere-1100mm-cire-sklo-zl1311b-span-class-product-appendix-doprava-zdarma-span-super-cena-49777\/#breadcrumb","itemListElement":[{"@type":"ListItem","position":1,"name":"Home","item":"https:\/\/www.domtechnikpro.com\/"},{"@type":"ListItem","position":2,"name":"Products","item":"https:\/\/www.domtechnikpro.com\/index.php\/products\/"},{"@type":"ListItem","position":3,"name":"ZOOM LINE BLACK sprchov\u00e9 dve\u0159e 1100mm, \u010dir\u00e9 sklo, ZL1311B + doprava zdarma Super Cena"}]},{"@type":"WebSite","@id":"https:\/\/www.domtechnikpro.com\/#website","url":"https:\/\/www.domtechnikpro.com\/","name":"","description":"","potentialAction":[{"@type":"SearchAction","target":{"@type":"EntryPoint","urlTemplate":"https:\/\/www.domtechnikpro.com\/?s={search_term_string}"},"query-input":{"@type":"PropertyValueSpecification","valueRequired":true,"valueName":"search_term_string"}}],"inLanguage":"cs"}]}},"_links":{"self":[{"href":"https:\/\/www.domtechnikpro.com\/index.php\/wp-json\/wp\/v2\/product\/49777","targetHints":{"allow":["GET"]}}],"collection":[{"href":"https:\/\/www.domtechnikpro.com\/index.php\/wp-json\/wp\/v2\/product"}],"about":[{"href":"https:\/\/www.domtechnikpro.com\/index.php\/wp-json\/wp\/v2\/types\/product"}],"replies":[{"embeddable":true,"href":"https:\/\/www.domtechnikpro.com\/index.php\/wp-json\/wp\/v2\/comments?post=49777"}],"wp:featuredmedia":[{"embeddable":true,"href":"https:\/\/www.domtechnikpro.com\/index.php\/wp-json\/wp\/v2\/media\/49877"}],"wp:attachment":[{"href":"https:\/\/www.domtechnikpro.com\/index.php\/wp-json\/wp\/v2\/media?parent=49777"}],"wp:term":[{"taxonomy":"product_brand","embeddable":true,"href":"https:\/\/www.domtechnikpro.com\/index.php\/wp-json\/wp\/v2\/product_brand?post=49777"},{"taxonomy":"product_cat","embeddable":true,"href":"https:\/\/www.domtechnikpro.com\/index.php\/wp-json\/wp\/v2\/product_cat?post=49777"},{"taxonomy":"product_tag","embeddable":true,"href":"https:\/\/www.domtechnikpro.com\/index.php\/wp-json\/wp\/v2\/product_tag?post=49777"}],"curies":[{"name":"wp","href":"https:\/\/api.w.org\/{rel}","templated":true}]}}