{"id":4966,"date":"2026-04-26T08:52:00","date_gmt":"2026-04-26T08:52:00","guid":{"rendered":""},"modified":"2026-04-26T08:52:00","modified_gmt":"2026-04-26T08:52:00","slug":"znackovy-schneider-harmony-zba-2-ce-hmatnik-4966","status":"publish","type":"product","link":"https:\/\/www.domtechnikpro.com\/index.php\/produkt\/znackovy-schneider-harmony-zba-2-ce-hmatnik-4966\/","title":{"rendered":"Zna\u010dkov\u00fd Schneider HARMONY ZBA-2 \u010cE hmatn\u00edk"},"content":{"rendered":"<div id=\"e8972140\" class=\"pages\">\n<div id=\"PDDescription\" class=\"UserContentView userContent v1a v1 bs-view dcon dc150 PDDescription\" >\n<p style=\"font: 14px\/20px Helvetica, Arial, sans-serif; margin: 0px 0px 10px; color: #333333; text-transform: none; text-indent: 0px; letter-spacing: normal; word-spacing: 0px; white-space: normal; box-sizing: border-box; widows: 1; background-color: #ffffff; -webkit-text-stroke-width: 0px;\"><strong style=\"font-weight: bold; box-sizing: border-box;\">ZBA2 &#8211; Hmatn\u00edk neozna\u010den\u00fd pro kruhov\u00e9 tla\u010d. \u00d822<\/strong><\/p>\n<ul style=\"font: 14px\/20px Helvetica, Arial, sans-serif; color: #333333; text-transform: none; text-indent: 0px; letter-spacing: normal; margin-top: 0px; margin-bottom: 10px; word-spacing: 0px; white-space: normal; box-sizing: border-box; widows: 1; background-color: #ffffff; -webkit-text-stroke-width: 0px;\">\n<li style=\"box-sizing: border-box;\">\n<div style=\"box-sizing: border-box;\">P\u0159\u00edslu\u0161enstv\u00ed \/ n\u00e1hradn\u00ed d\u00edly: hmatn\u00edk<\/div>\n<\/li>\n<li style=\"box-sizing: border-box;\">\n<div style=\"box-sizing: border-box;\">P\u0159\u00edslu\u0161enstv\u00ed \/ um\u00edst\u011bn\u00ed jednotliv\u00fdch \u010d\u00e1st\u00ed: hlava tla\u010d\u00edtka \u00a0<\/div>\n<\/li>\n<li style=\"box-sizing: border-box;\">\n<div style=\"box-sizing: border-box;\">Barva hmatn\u00edku\/ovl\u00e1da\u010de nebo \u010do\u010dky: \u010dern\u00e1 \u00a0<\/div>\n<\/li>\n<li style=\"box-sizing: border-box;\">\n<div style=\"box-sizing: border-box;\">Tvar hlavice: kruh \u00a0<\/div>\n<\/li>\n<li style=\"box-sizing: border-box;\">\n<div style=\"box-sizing: border-box;\">Kompatibiln\u00ed \u0159ada:<\/div>\n<ul style=\"margin-top: 0px; margin-bottom: 0px; box-sizing: border-box;\">\n<li style=\"box-sizing: border-box;\">\n<div style=\"box-sizing: border-box;\">Harmony XAL<\/div>\n<\/li>\n<li style=\"box-sizing: border-box;\">\n<div style=\"box-sizing: border-box;\">Harmony XB<\/div>\n<\/li>\n<li style=\"box-sizing: border-box;\">\n<div style=\"box-sizing: border-box;\">Harmony XB5 \u00a0<\/div>\n<\/li>\n<\/ul>\n<\/li>\n<li style=\"box-sizing: border-box;\">Proveden\u00ed ovlada\u010de: l\u00edcuj\u00edc\u00ed \u00a0\u00a0<\/li>\n<\/ul>\n<div id=\"PDTable3\" class=\"ProductDetailTableView v3a v3 bs-view dcon dc175 PDTable3\" >\n<table>\n<thead><\/thead>\n<tbody>\n<tr class=\"attribute attr_bsshop_maker\">\n<td class=\"caption\">V\u00fdrobce<\/td>\n<td class=\"value\">Schneider<\/td>\n<\/tr>\n<\/tbody>\n<\/table><\/div>\n<\/div>\n<\/div>\n<div id=\"e8972141\" class=\"tabs\">\n","protected":false},"excerpt":{"rendered":"<p>ZBA2 &#8211; Hmatn\u00edk neozna\u010den\u00fd pro kruhov\u00e9 tla\u010d. \u00d822 P\u0159\u00edslu\u0161enstv\u00ed \/ n\u00e1hradn\u00ed d\u00edly: hmatn\u00edk P\u0159\u00edslu\u0161enstv\u00ed \/ um\u00edst\u011bn\u00ed jednotliv\u00fdch \u010d\u00e1st\u00ed: hlava tla\u010d\u00edtka \u00a0 Barva hmatn\u00edku\/ovl\u00e1da\u010de nebo \u010do\u010dky: \u010dern\u00e1 \u00a0 Tvar hlavice: kruh \u00a0 Kompatibiln\u00ed \u0159ada: Harmony XAL Harmony XB Harmony XB5 \u00a0 Proveden\u00ed ovlada\u010de: l\u00edcuj\u00edc\u00ed \u00a0\u00a0 V\u00fdrobce Schneider<\/p>\n","protected":false},"featured_media":5066,"comment_status":"open","ping_status":"open","template":"","meta":[],"product_brand":[],"product_cat":[39],"product_tag":[],"class_list":{"0":"post-4966","1":"product","2":"type-product","3":"status-publish","4":"has-post-thumbnail","6":"product_cat-elektromateri-225-l","8":"first","9":"instock","10":"sale","11":"shipping-taxable","12":"purchasable","13":"product-type-simple"},"yoast_head":"<!-- This site is optimized with the Yoast SEO plugin v26.8 - https:\/\/yoast.com\/product\/yoast-seo-wordpress\/ -->\n<title>Zna\u010dkov\u00fd Schneider HARMONY ZBA-2 \u010cE hmatn\u00edk -<\/title>\n<meta name=\"robots\" content=\"index, follow, max-snippet:-1, max-image-preview:large, max-video-preview:-1\" \/>\n<link rel=\"canonical\" href=\"https:\/\/www.domtechnikpro.com\/index.php\/produkt\/znackovy-schneider-harmony-zba-2-ce-hmatnik-4966\/\" \/>\n<meta property=\"og:locale\" content=\"cs_CZ\" \/>\n<meta property=\"og:type\" content=\"article\" \/>\n<meta property=\"og:title\" content=\"Zna\u010dkov\u00fd Schneider HARMONY ZBA-2 \u010cE hmatn\u00edk -\" \/>\n<meta property=\"og:description\" content=\"ZBA2 &#8211; Hmatn\u00edk neozna\u010den\u00fd pro kruhov\u00e9 tla\u010d. \u00d822 P\u0159\u00edslu\u0161enstv\u00ed \/ n\u00e1hradn\u00ed d\u00edly: hmatn\u00edk P\u0159\u00edslu\u0161enstv\u00ed \/ um\u00edst\u011bn\u00ed jednotliv\u00fdch \u010d\u00e1st\u00ed: hlava tla\u010d\u00edtka \u00a0 Barva hmatn\u00edku\/ovl\u00e1da\u010de nebo \u010do\u010dky: \u010dern\u00e1 \u00a0 Tvar hlavice: kruh \u00a0 Kompatibiln\u00ed \u0159ada: Harmony XAL Harmony XB Harmony XB5 \u00a0 Proveden\u00ed ovlada\u010de: l\u00edcuj\u00edc\u00ed \u00a0\u00a0 V\u00fdrobce Schneider\" \/>\n<meta property=\"og:url\" content=\"https:\/\/www.domtechnikpro.com\/index.php\/produkt\/znackovy-schneider-harmony-zba-2-ce-hmatnik-4966\/\" \/>\n<meta property=\"og:image\" content=\"https:\/\/www.domtechnikpro.com\/wp-content\/uploads\/2026\/SK0001987-CZ20260425-091623-0-1777079785-schneider-harmony-zba-2-ce-hmatnik.webp\" \/>\n\t<meta property=\"og:image:width\" content=\"1000\" \/>\n\t<meta property=\"og:image:height\" content=\"525\" \/>\n\t<meta property=\"og:image:type\" content=\"image\/webp\" \/>\n<meta name=\"twitter:card\" content=\"summary_large_image\" \/>\n<script type=\"application\/ld+json\" class=\"yoast-schema-graph\">{\"@context\":\"https:\/\/schema.org\",\"@graph\":[{\"@type\":\"WebPage\",\"@id\":\"https:\/\/www.domtechnikpro.com\/index.php\/produkt\/znackovy-schneider-harmony-zba-2-ce-hmatnik-4966\/\",\"url\":\"https:\/\/www.domtechnikpro.com\/index.php\/produkt\/znackovy-schneider-harmony-zba-2-ce-hmatnik-4966\/\",\"name\":\"Zna\u010dkov\u00fd Schneider HARMONY ZBA-2 \u010cE hmatn\u00edk -\",\"isPartOf\":{\"@id\":\"https:\/\/www.domtechnikpro.com\/#website\"},\"primaryImageOfPage\":{\"@id\":\"https:\/\/www.domtechnikpro.com\/index.php\/produkt\/znackovy-schneider-harmony-zba-2-ce-hmatnik-4966\/#primaryimage\"},\"image\":{\"@id\":\"https:\/\/www.domtechnikpro.com\/index.php\/produkt\/znackovy-schneider-harmony-zba-2-ce-hmatnik-4966\/#primaryimage\"},\"thumbnailUrl\":\"https:\/\/www.domtechnikpro.com\/wp-content\/uploads\/2026\/SK0001987-CZ20260425-091623-0-1777079785-schneider-harmony-zba-2-ce-hmatnik.webp\",\"datePublished\":\"2026-04-26T08:52:00+00:00\",\"breadcrumb\":{\"@id\":\"https:\/\/www.domtechnikpro.com\/index.php\/produkt\/znackovy-schneider-harmony-zba-2-ce-hmatnik-4966\/#breadcrumb\"},\"inLanguage\":\"cs\",\"potentialAction\":[{\"@type\":\"ReadAction\",\"target\":[\"https:\/\/www.domtechnikpro.com\/index.php\/produkt\/znackovy-schneider-harmony-zba-2-ce-hmatnik-4966\/\"]}]},{\"@type\":\"ImageObject\",\"inLanguage\":\"cs\",\"@id\":\"https:\/\/www.domtechnikpro.com\/index.php\/produkt\/znackovy-schneider-harmony-zba-2-ce-hmatnik-4966\/#primaryimage\",\"url\":\"https:\/\/www.domtechnikpro.com\/wp-content\/uploads\/2026\/SK0001987-CZ20260425-091623-0-1777079785-schneider-harmony-zba-2-ce-hmatnik.webp\",\"contentUrl\":\"https:\/\/www.domtechnikpro.com\/wp-content\/uploads\/2026\/SK0001987-CZ20260425-091623-0-1777079785-schneider-harmony-zba-2-ce-hmatnik.webp\",\"width\":1000,\"height\":525},{\"@type\":\"BreadcrumbList\",\"@id\":\"https:\/\/www.domtechnikpro.com\/index.php\/produkt\/znackovy-schneider-harmony-zba-2-ce-hmatnik-4966\/#breadcrumb\",\"itemListElement\":[{\"@type\":\"ListItem\",\"position\":1,\"name\":\"Home\",\"item\":\"https:\/\/www.domtechnikpro.com\/\"},{\"@type\":\"ListItem\",\"position\":2,\"name\":\"Products\",\"item\":\"https:\/\/www.domtechnikpro.com\/index.php\/products\/\"},{\"@type\":\"ListItem\",\"position\":3,\"name\":\"Zna\u010dkov\u00fd Schneider HARMONY ZBA-2 \u010cE hmatn\u00edk\"}]},{\"@type\":\"WebSite\",\"@id\":\"https:\/\/www.domtechnikpro.com\/#website\",\"url\":\"https:\/\/www.domtechnikpro.com\/\",\"name\":\"\",\"description\":\"\",\"potentialAction\":[{\"@type\":\"SearchAction\",\"target\":{\"@type\":\"EntryPoint\",\"urlTemplate\":\"https:\/\/www.domtechnikpro.com\/?s={search_term_string}\"},\"query-input\":{\"@type\":\"PropertyValueSpecification\",\"valueRequired\":true,\"valueName\":\"search_term_string\"}}],\"inLanguage\":\"cs\"}]}<\/script>\n<!-- \/ Yoast SEO plugin. -->","yoast_head_json":{"title":"Zna\u010dkov\u00fd Schneider HARMONY ZBA-2 \u010cE hmatn\u00edk -","robots":{"index":"index","follow":"follow","max-snippet":"max-snippet:-1","max-image-preview":"max-image-preview:large","max-video-preview":"max-video-preview:-1"},"canonical":"https:\/\/www.domtechnikpro.com\/index.php\/produkt\/znackovy-schneider-harmony-zba-2-ce-hmatnik-4966\/","og_locale":"cs_CZ","og_type":"article","og_title":"Zna\u010dkov\u00fd Schneider HARMONY ZBA-2 \u010cE hmatn\u00edk -","og_description":"ZBA2 &#8211; Hmatn\u00edk neozna\u010den\u00fd pro kruhov\u00e9 tla\u010d. \u00d822 P\u0159\u00edslu\u0161enstv\u00ed \/ n\u00e1hradn\u00ed d\u00edly: hmatn\u00edk P\u0159\u00edslu\u0161enstv\u00ed \/ um\u00edst\u011bn\u00ed jednotliv\u00fdch \u010d\u00e1st\u00ed: hlava tla\u010d\u00edtka \u00a0 Barva hmatn\u00edku\/ovl\u00e1da\u010de nebo \u010do\u010dky: \u010dern\u00e1 \u00a0 Tvar hlavice: kruh \u00a0 Kompatibiln\u00ed \u0159ada: Harmony XAL Harmony XB Harmony XB5 \u00a0 Proveden\u00ed ovlada\u010de: l\u00edcuj\u00edc\u00ed \u00a0\u00a0 V\u00fdrobce Schneider","og_url":"https:\/\/www.domtechnikpro.com\/index.php\/produkt\/znackovy-schneider-harmony-zba-2-ce-hmatnik-4966\/","og_image":[{"width":1000,"height":525,"url":"https:\/\/www.domtechnikpro.com\/wp-content\/uploads\/2026\/SK0001987-CZ20260425-091623-0-1777079785-schneider-harmony-zba-2-ce-hmatnik.webp","type":"image\/webp"}],"twitter_card":"summary_large_image","schema":{"@context":"https:\/\/schema.org","@graph":[{"@type":"WebPage","@id":"https:\/\/www.domtechnikpro.com\/index.php\/produkt\/znackovy-schneider-harmony-zba-2-ce-hmatnik-4966\/","url":"https:\/\/www.domtechnikpro.com\/index.php\/produkt\/znackovy-schneider-harmony-zba-2-ce-hmatnik-4966\/","name":"Zna\u010dkov\u00fd Schneider HARMONY ZBA-2 \u010cE hmatn\u00edk -","isPartOf":{"@id":"https:\/\/www.domtechnikpro.com\/#website"},"primaryImageOfPage":{"@id":"https:\/\/www.domtechnikpro.com\/index.php\/produkt\/znackovy-schneider-harmony-zba-2-ce-hmatnik-4966\/#primaryimage"},"image":{"@id":"https:\/\/www.domtechnikpro.com\/index.php\/produkt\/znackovy-schneider-harmony-zba-2-ce-hmatnik-4966\/#primaryimage"},"thumbnailUrl":"https:\/\/www.domtechnikpro.com\/wp-content\/uploads\/2026\/SK0001987-CZ20260425-091623-0-1777079785-schneider-harmony-zba-2-ce-hmatnik.webp","datePublished":"2026-04-26T08:52:00+00:00","breadcrumb":{"@id":"https:\/\/www.domtechnikpro.com\/index.php\/produkt\/znackovy-schneider-harmony-zba-2-ce-hmatnik-4966\/#breadcrumb"},"inLanguage":"cs","potentialAction":[{"@type":"ReadAction","target":["https:\/\/www.domtechnikpro.com\/index.php\/produkt\/znackovy-schneider-harmony-zba-2-ce-hmatnik-4966\/"]}]},{"@type":"ImageObject","inLanguage":"cs","@id":"https:\/\/www.domtechnikpro.com\/index.php\/produkt\/znackovy-schneider-harmony-zba-2-ce-hmatnik-4966\/#primaryimage","url":"https:\/\/www.domtechnikpro.com\/wp-content\/uploads\/2026\/SK0001987-CZ20260425-091623-0-1777079785-schneider-harmony-zba-2-ce-hmatnik.webp","contentUrl":"https:\/\/www.domtechnikpro.com\/wp-content\/uploads\/2026\/SK0001987-CZ20260425-091623-0-1777079785-schneider-harmony-zba-2-ce-hmatnik.webp","width":1000,"height":525},{"@type":"BreadcrumbList","@id":"https:\/\/www.domtechnikpro.com\/index.php\/produkt\/znackovy-schneider-harmony-zba-2-ce-hmatnik-4966\/#breadcrumb","itemListElement":[{"@type":"ListItem","position":1,"name":"Home","item":"https:\/\/www.domtechnikpro.com\/"},{"@type":"ListItem","position":2,"name":"Products","item":"https:\/\/www.domtechnikpro.com\/index.php\/products\/"},{"@type":"ListItem","position":3,"name":"Zna\u010dkov\u00fd Schneider HARMONY ZBA-2 \u010cE hmatn\u00edk"}]},{"@type":"WebSite","@id":"https:\/\/www.domtechnikpro.com\/#website","url":"https:\/\/www.domtechnikpro.com\/","name":"","description":"","potentialAction":[{"@type":"SearchAction","target":{"@type":"EntryPoint","urlTemplate":"https:\/\/www.domtechnikpro.com\/?s={search_term_string}"},"query-input":{"@type":"PropertyValueSpecification","valueRequired":true,"valueName":"search_term_string"}}],"inLanguage":"cs"}]}},"_links":{"self":[{"href":"https:\/\/www.domtechnikpro.com\/index.php\/wp-json\/wp\/v2\/product\/4966","targetHints":{"allow":["GET"]}}],"collection":[{"href":"https:\/\/www.domtechnikpro.com\/index.php\/wp-json\/wp\/v2\/product"}],"about":[{"href":"https:\/\/www.domtechnikpro.com\/index.php\/wp-json\/wp\/v2\/types\/product"}],"replies":[{"embeddable":true,"href":"https:\/\/www.domtechnikpro.com\/index.php\/wp-json\/wp\/v2\/comments?post=4966"}],"wp:featuredmedia":[{"embeddable":true,"href":"https:\/\/www.domtechnikpro.com\/index.php\/wp-json\/wp\/v2\/media\/5066"}],"wp:attachment":[{"href":"https:\/\/www.domtechnikpro.com\/index.php\/wp-json\/wp\/v2\/media?parent=4966"}],"wp:term":[{"taxonomy":"product_brand","embeddable":true,"href":"https:\/\/www.domtechnikpro.com\/index.php\/wp-json\/wp\/v2\/product_brand?post=4966"},{"taxonomy":"product_cat","embeddable":true,"href":"https:\/\/www.domtechnikpro.com\/index.php\/wp-json\/wp\/v2\/product_cat?post=4966"},{"taxonomy":"product_tag","embeddable":true,"href":"https:\/\/www.domtechnikpro.com\/index.php\/wp-json\/wp\/v2\/product_tag?post=4966"}],"curies":[{"name":"wp","href":"https:\/\/api.w.org\/{rel}","templated":true}]}}